{"id":35159,"date":"2025-06-11T16:13:31","date_gmt":"2025-06-11T19:13:31","guid":{"rendered":"https:\/\/lojasosprofessoratividades.com.br\/?post_type=product&#038;p=35159"},"modified":"2026-05-08T15:41:05","modified_gmt":"2026-05-08T18:41:05","slug":"pack-junino-volume-2-atividades-para-turmas-do-3o-ao-5o-ano","status":"publish","type":"product","link":"https:\/\/lojasosprofessoratividades.com.br\/en\/product\/pack-junino-volume-2-atividades-para-turmas-do-3o-ao-5o-ano\/","title":{"rendered":"Pack Junino \u2013 Volume 2: Atividades para Turmas do 3\u00ba ao 5\u00ba Ano"},"content":{"rendered":"","protected":false},"excerpt":{"rendered":"<p data-start=\"156\" data-end=\"359\">Recheado de conte\u00fados pra deixar suas aulas ainda mais completas e no clima do arrai\u00e1!<\/p>\n<p data-start=\"361\" data-end=\"479\">Esse pack \u00e9 um <strong data-start=\"391\" data-end=\"435\">compilado especial de atividades do blog<\/strong>, reunido com carinho em <strong data-start=\"460\" data-end=\"506\">10 arquivos organizadinhos em um \u00fanico PDF<\/strong>, prontinho pra facilitar sua vida e encantar as turmas do <strong data-start=\"565\" data-end=\"581\">3\u00ba ao 5\u00ba ano<\/strong>!<\/p>\n<p data-start=\"481\" data-end=\"524\">Olha s\u00f3 o que vem nesse compilado especial:<\/p>\n<p data-start=\"526\" data-end=\"920\">\ud83d\udcd6 Atividades de interpreta\u00e7\u00e3o de texto<br data-start=\"565\" data-end=\"568\" \/>\ud83d\udc69\u200d\ud83c\udf73 Atividade interativa com g\u00eanero textual <em data-start=\"614\" data-end=\"623\">receita<\/em><br data-start=\"623\" data-end=\"626\" \/>\u2795 Matem\u00e1tica com carinha de S\u00e3o Jo\u00e3o<br data-start=\"662\" data-end=\"665\" \/>\ud83e\udd14 Situa\u00e7\u00f5es-problema contextualizadas<br data-start=\"703\" data-end=\"706\" \/>\ud83d\udd0e Pesquisa dirigida pra estimular a curiosidade<br data-start=\"754\" data-end=\"757\" \/>\ud83d\udcc5 Cartaz fofo pra divulgar a data e hor\u00e1rio da festa<br data-start=\"810\" data-end=\"813\" \/>\ud83c\udf89 Kit junino pra decorar e colorir o ambiente escolar<br data-start=\"867\" data-end=\"870\" \/>\u2705 E claro: <strong data-start=\"881\" data-end=\"901\">gabarito incluso<\/strong> pra agilizar tudo!<\/p>\n<p data-start=\"922\" data-end=\"996\">Tudo com aquele toque pedag\u00f3gico carinhoso e festivo que a gente adora!<\/p>\n<p data-start=\"998\" data-end=\"1077\"><strong data-start=\"1001\" data-end=\"1077\">Ideal pra quem quer unir conte\u00fado e divers\u00e3o no m\u00eas mais animado do ano!<\/strong><\/p>\n<p data-start=\"1079\" data-end=\"1171\">Leve o clima de S\u00e3o Jo\u00e3o direto pra sala com organiza\u00e7\u00e3o, criatividade e muita alegria.<\/p>\n<h3>N\u00e3o enviamos por e-mail, a entrega \u00e9 via link para download. \ud83d\udc47<\/h3>\n<p data-start=\"1079\" data-end=\"1171\"><img loading=\"lazy\" decoding=\"async\" class=\"alignnone wp-image-35160 size-full\" src=\"https:\/\/lojasosprofessoratividades.com.br\/wp-content\/uploads\/2025\/06\/Aviso-Loja-atual.jpg\" alt=\"\" width=\"446\" height=\"251\" srcset=\"https:\/\/lojasosprofessoratividades.com.br\/wp-content\/uploads\/2025\/06\/Aviso-Loja-atual.jpg 446w, https:\/\/lojasosprofessoratividades.com.br\/wp-content\/uploads\/2025\/06\/Aviso-Loja-atual-300x169.jpg 300w, https:\/\/lojasosprofessoratividades.com.br\/wp-content\/uploads\/2025\/06\/Aviso-Loja-atual-18x10.jpg 18w\" sizes=\"auto, (max-width: 446px) 100vw, 446px\" \/><\/p>","protected":false},"featured_media":35166,"comment_status":"open","ping_status":"closed","template":"","meta":[],"product_brand":[],"product_cat":[124,125,127,199,191,187,216,218,214,188,205,194,195,189,204],"product_tag":[274,253,248,1928,1840,1933,607,245,224,587,1932,250,1934,247,1326,1340,1935,564,606,343],"class_list":{"0":"post-35159","1":"product","2":"type-product","3":"status-publish","4":"has-post-thumbnail","6":"product_cat-3o-ano","7":"product_cat-4o-ano","8":"product_cat-5o-ano","9":"product_cat-atividades-interativas-5-anos","10":"product_cat-atividades-interativas-4-ano","11":"product_cat-atividades-interativas-3-ano","12":"product_cat-data-comemorativa-4-ano","13":"product_cat-data-comemorativa-5-ano","14":"product_cat-data-comemorativa-3-ano","15":"product_cat-matematica-3-ano","16":"product_cat-matematica-5-ano","17":"product_cat-matematica-4-ano","18":"product_cat-portugues-4-ano","19":"product_cat-portugues-3-ano","20":"product_cat-portugues-5-anos","21":"product_tag-3o-ano","22":"product_tag-4o-ano","23":"product_tag-5o-ano","24":"product_tag-atividades-imprimiveis","25":"product_tag-atividades-juninas","26":"product_tag-cartaz-junino","27":"product_tag-decoracao-escolar","28":"product_tag-ensino-fundamental","29":"product_tag-festa-junina","30":"product_tag-gabarito","31":"product_tag-genero-receita","32":"product_tag-interpretacao-de-texto","33":"product_tag-kit-junino","34":"product_tag-matematica","35":"product_tag-pdf-educativo","36":"product_tag-pesquisa-dirigida","37":"product_tag-professoras-criativas","38":"product_tag-recursos-pedagogicos","39":"product_tag-sala-de-aula","40":"product_tag-situacoes-problema","42":"first","43":"instock","44":"downloadable","45":"virtual","46":"sold-individually","47":"purchasable","48":"product-type-simple"},"yoast_head":"<!-- This site is optimized with the Yoast SEO plugin v27.6 - https:\/\/yoast.com\/product\/yoast-seo-wordpress\/ -->\n<title>Pack Junino \u2013 Volume 2: Atividades para Turmas do 3\u00ba ao 5\u00ba Ano - Loja SOS Professor Atividades<\/title>\n<meta name=\"description\" content=\"Pack Junino com 10 arquivos em PDF! Atividades de texto, receita, matem\u00e1tica, cartaz da festa, kit de decora\u00e7\u00e3o e gabaritos. Para turmas do 3\u00ba ao 5\u00ba ano.\" \/>\n<meta name=\"robots\" content=\"index, follow, max-snippet:-1, max-image-preview:large, max-video-preview:-1\" \/>\n<link rel=\"canonical\" href=\"https:\/\/lojasosprofessoratividades.com.br\/en\/product\/pack-junino-volume-2-atividades-para-turmas-do-3o-ao-5o-ano\/\" \/>\n<meta property=\"og:locale\" content=\"en_US\" \/>\n<meta property=\"og:type\" content=\"article\" \/>\n<meta property=\"og:title\" content=\"Pack Junino \u2013 Volume 2: Atividades para Turmas do 3\u00ba ao 5\u00ba Ano - Loja SOS Professor Atividades\" \/>\n<meta property=\"og:description\" content=\"Pack Junino com 10 arquivos em PDF! Atividades de texto, receita, matem\u00e1tica, cartaz da festa, kit de decora\u00e7\u00e3o e gabaritos. Para turmas do 3\u00ba ao 5\u00ba ano.\" \/>\n<meta property=\"og:url\" content=\"https:\/\/lojasosprofessoratividades.com.br\/en\/product\/pack-junino-volume-2-atividades-para-turmas-do-3o-ao-5o-ano\/\" \/>\n<meta property=\"og:site_name\" content=\"Loja SOS Professor Atividades\" \/>\n<meta property=\"article:publisher\" content=\"https:\/\/www.facebook.com\/sosprofessoratividades\" \/>\n<meta property=\"article:modified_time\" content=\"2026-05-08T18:41:05+00:00\" \/>\n<meta property=\"og:image\" content=\"https:\/\/lojasosprofessoratividades.com.br\/wp-content\/uploads\/2025\/06\/Pack-Junino-\u2013-Volume-2a-1.jpg\" \/>\n\t<meta property=\"og:image:width\" content=\"800\" \/>\n\t<meta property=\"og:image:height\" content=\"693\" \/>\n\t<meta property=\"og:image:type\" content=\"image\/jpeg\" \/>\n<meta name=\"twitter:card\" content=\"summary_large_image\" \/>\n<meta name=\"twitter:label1\" content=\"Est. reading time\" \/>\n\t<meta name=\"twitter:data1\" content=\"1 minute\" \/>\n<script type=\"application\/ld+json\" class=\"yoast-schema-graph\">{\"@context\":\"https:\\\/\\\/schema.org\",\"@graph\":[{\"@type\":\"WebPage\",\"@id\":\"https:\\\/\\\/lojasosprofessoratividades.com.br\\\/produto\\\/pack-junino-volume-2-atividades-para-turmas-do-3o-ao-5o-ano\\\/\",\"url\":\"https:\\\/\\\/lojasosprofessoratividades.com.br\\\/produto\\\/pack-junino-volume-2-atividades-para-turmas-do-3o-ao-5o-ano\\\/\",\"name\":\"Pack Junino \u2013 Volume 2: Atividades para Turmas do 3\u00ba ao 5\u00ba Ano - Loja SOS Professor Atividades\",\"isPartOf\":{\"@id\":\"https:\\\/\\\/lojasosprofessoratividades.com.br\\\/#website\"},\"primaryImageOfPage\":{\"@id\":\"https:\\\/\\\/lojasosprofessoratividades.com.br\\\/produto\\\/pack-junino-volume-2-atividades-para-turmas-do-3o-ao-5o-ano\\\/#primaryimage\"},\"image\":{\"@id\":\"https:\\\/\\\/lojasosprofessoratividades.com.br\\\/produto\\\/pack-junino-volume-2-atividades-para-turmas-do-3o-ao-5o-ano\\\/#primaryimage\"},\"thumbnailUrl\":\"https:\\\/\\\/lojasosprofessoratividades.com.br\\\/wp-content\\\/uploads\\\/2025\\\/06\\\/Pack-Junino-\u2013-Volume-2a-1.jpg\",\"datePublished\":\"2025-06-11T19:13:31+00:00\",\"dateModified\":\"2026-05-08T18:41:05+00:00\",\"description\":\"Pack Junino com 10 arquivos em PDF! Atividades de texto, receita, matem\u00e1tica, cartaz da festa, kit de decora\u00e7\u00e3o e gabaritos. Para turmas do 3\u00ba ao 5\u00ba ano.\",\"breadcrumb\":{\"@id\":\"https:\\\/\\\/lojasosprofessoratividades.com.br\\\/produto\\\/pack-junino-volume-2-atividades-para-turmas-do-3o-ao-5o-ano\\\/#breadcrumb\"},\"inLanguage\":\"en-US\",\"potentialAction\":[{\"@type\":\"ReadAction\",\"target\":[\"https:\\\/\\\/lojasosprofessoratividades.com.br\\\/produto\\\/pack-junino-volume-2-atividades-para-turmas-do-3o-ao-5o-ano\\\/\"]}]},{\"@type\":\"ImageObject\",\"inLanguage\":\"en-US\",\"@id\":\"https:\\\/\\\/lojasosprofessoratividades.com.br\\\/produto\\\/pack-junino-volume-2-atividades-para-turmas-do-3o-ao-5o-ano\\\/#primaryimage\",\"url\":\"https:\\\/\\\/lojasosprofessoratividades.com.br\\\/wp-content\\\/uploads\\\/2025\\\/06\\\/Pack-Junino-\u2013-Volume-2a-1.jpg\",\"contentUrl\":\"https:\\\/\\\/lojasosprofessoratividades.com.br\\\/wp-content\\\/uploads\\\/2025\\\/06\\\/Pack-Junino-\u2013-Volume-2a-1.jpg\",\"width\":800,\"height\":693,\"caption\":\"Pack Junino \u2013 Volume 2 Atividades para Turmas do 3\u00ba ao 5\u00ba Ano\"},{\"@type\":\"BreadcrumbList\",\"@id\":\"https:\\\/\\\/lojasosprofessoratividades.com.br\\\/produto\\\/pack-junino-volume-2-atividades-para-turmas-do-3o-ao-5o-ano\\\/#breadcrumb\",\"itemListElement\":[{\"@type\":\"ListItem\",\"position\":1,\"name\":\"In\u00edcio\",\"item\":\"https:\\\/\\\/lojasosprofessoratividades.com.br\\\/\"},{\"@type\":\"ListItem\",\"position\":2,\"name\":\"Loja\",\"item\":\"https:\\\/\\\/lojasosprofessoratividades.com.br\\\/loja\\\/\"},{\"@type\":\"ListItem\",\"position\":3,\"name\":\"Pack Junino \u2013 Volume 2: Atividades para Turmas do 3\u00ba ao 5\u00ba Ano\"}]},{\"@type\":\"WebSite\",\"@id\":\"https:\\\/\\\/lojasosprofessoratividades.com.br\\\/#website\",\"url\":\"https:\\\/\\\/lojasosprofessoratividades.com.br\\\/\",\"name\":\"Loja SOS Professor Atividades\",\"description\":\"Venda de material did\u00e1tico para o ensino fundamental\",\"publisher\":{\"@id\":\"https:\\\/\\\/lojasosprofessoratividades.com.br\\\/#organization\"},\"potentialAction\":[{\"@type\":\"SearchAction\",\"target\":{\"@type\":\"EntryPoint\",\"urlTemplate\":\"https:\\\/\\\/lojasosprofessoratividades.com.br\\\/?s={search_term_string}\"},\"query-input\":{\"@type\":\"PropertyValueSpecification\",\"valueRequired\":true,\"valueName\":\"search_term_string\"}}],\"inLanguage\":\"en-US\"},{\"@type\":\"Organization\",\"@id\":\"https:\\\/\\\/lojasosprofessoratividades.com.br\\\/#organization\",\"name\":\"Loja SOS Professor Atividades\",\"url\":\"https:\\\/\\\/lojasosprofessoratividades.com.br\\\/\",\"logo\":{\"@type\":\"ImageObject\",\"inLanguage\":\"en-US\",\"@id\":\"https:\\\/\\\/lojasosprofessoratividades.com.br\\\/#\\\/schema\\\/logo\\\/image\\\/\",\"url\":\"http:\\\/\\\/lojasosprofessoratividades.com.br\\\/wp-content\\\/uploads\\\/2022\\\/04\\\/Logo.png\",\"contentUrl\":\"http:\\\/\\\/lojasosprofessoratividades.com.br\\\/wp-content\\\/uploads\\\/2022\\\/04\\\/Logo.png\",\"width\":2000,\"height\":2000,\"caption\":\"Loja SOS Professor Atividades\"},\"image\":{\"@id\":\"https:\\\/\\\/lojasosprofessoratividades.com.br\\\/#\\\/schema\\\/logo\\\/image\\\/\"},\"sameAs\":[\"https:\\\/\\\/www.facebook.com\\\/sosprofessoratividades\",\"https:\\\/\\\/www.instagram.com\\\/sosprofessoratividades\\\/\"]}]}<\/script>\n<!-- \/ Yoast SEO plugin. -->","yoast_head_json":{"title":"Pack Junino \u2013 Volume 2: Atividades para Turmas do 3\u00ba ao 5\u00ba Ano - Loja SOS Professor Atividades","description":"Pack Junino com 10 arquivos em PDF! Atividades de texto, receita, matem\u00e1tica, cartaz da festa, kit de decora\u00e7\u00e3o e gabaritos. Para turmas do 3\u00ba ao 5\u00ba ano.","robots":{"index":"index","follow":"follow","max-snippet":"max-snippet:-1","max-image-preview":"max-image-preview:large","max-video-preview":"max-video-preview:-1"},"canonical":"https:\/\/lojasosprofessoratividades.com.br\/en\/product\/pack-junino-volume-2-atividades-para-turmas-do-3o-ao-5o-ano\/","og_locale":"en_US","og_type":"article","og_title":"Pack Junino \u2013 Volume 2: Atividades para Turmas do 3\u00ba ao 5\u00ba Ano - Loja SOS Professor Atividades","og_description":"Pack Junino com 10 arquivos em PDF! Atividades de texto, receita, matem\u00e1tica, cartaz da festa, kit de decora\u00e7\u00e3o e gabaritos. Para turmas do 3\u00ba ao 5\u00ba ano.","og_url":"https:\/\/lojasosprofessoratividades.com.br\/en\/product\/pack-junino-volume-2-atividades-para-turmas-do-3o-ao-5o-ano\/","og_site_name":"Loja SOS Professor Atividades","article_publisher":"https:\/\/www.facebook.com\/sosprofessoratividades","article_modified_time":"2026-05-08T18:41:05+00:00","og_image":[{"width":800,"height":693,"url":"https:\/\/lojasosprofessoratividades.com.br\/wp-content\/uploads\/2025\/06\/Pack-Junino-\u2013-Volume-2a-1.jpg","type":"image\/jpeg"}],"twitter_card":"summary_large_image","twitter_misc":{"Est. reading time":"1 minute"},"schema":{"@context":"https:\/\/schema.org","@graph":[{"@type":"WebPage","@id":"https:\/\/lojasosprofessoratividades.com.br\/produto\/pack-junino-volume-2-atividades-para-turmas-do-3o-ao-5o-ano\/","url":"https:\/\/lojasosprofessoratividades.com.br\/produto\/pack-junino-volume-2-atividades-para-turmas-do-3o-ao-5o-ano\/","name":"Pack Junino \u2013 Volume 2: Atividades para Turmas do 3\u00ba ao 5\u00ba Ano - Loja SOS Professor Atividades","isPartOf":{"@id":"https:\/\/lojasosprofessoratividades.com.br\/#website"},"primaryImageOfPage":{"@id":"https:\/\/lojasosprofessoratividades.com.br\/produto\/pack-junino-volume-2-atividades-para-turmas-do-3o-ao-5o-ano\/#primaryimage"},"image":{"@id":"https:\/\/lojasosprofessoratividades.com.br\/produto\/pack-junino-volume-2-atividades-para-turmas-do-3o-ao-5o-ano\/#primaryimage"},"thumbnailUrl":"https:\/\/lojasosprofessoratividades.com.br\/wp-content\/uploads\/2025\/06\/Pack-Junino-\u2013-Volume-2a-1.jpg","datePublished":"2025-06-11T19:13:31+00:00","dateModified":"2026-05-08T18:41:05+00:00","description":"Pack Junino com 10 arquivos em PDF! Atividades de texto, receita, matem\u00e1tica, cartaz da festa, kit de decora\u00e7\u00e3o e gabaritos. Para turmas do 3\u00ba ao 5\u00ba ano.","breadcrumb":{"@id":"https:\/\/lojasosprofessoratividades.com.br\/produto\/pack-junino-volume-2-atividades-para-turmas-do-3o-ao-5o-ano\/#breadcrumb"},"inLanguage":"en-US","potentialAction":[{"@type":"ReadAction","target":["https:\/\/lojasosprofessoratividades.com.br\/produto\/pack-junino-volume-2-atividades-para-turmas-do-3o-ao-5o-ano\/"]}]},{"@type":"ImageObject","inLanguage":"en-US","@id":"https:\/\/lojasosprofessoratividades.com.br\/produto\/pack-junino-volume-2-atividades-para-turmas-do-3o-ao-5o-ano\/#primaryimage","url":"https:\/\/lojasosprofessoratividades.com.br\/wp-content\/uploads\/2025\/06\/Pack-Junino-\u2013-Volume-2a-1.jpg","contentUrl":"https:\/\/lojasosprofessoratividades.com.br\/wp-content\/uploads\/2025\/06\/Pack-Junino-\u2013-Volume-2a-1.jpg","width":800,"height":693,"caption":"Pack Junino \u2013 Volume 2 Atividades para Turmas do 3\u00ba ao 5\u00ba Ano"},{"@type":"BreadcrumbList","@id":"https:\/\/lojasosprofessoratividades.com.br\/produto\/pack-junino-volume-2-atividades-para-turmas-do-3o-ao-5o-ano\/#breadcrumb","itemListElement":[{"@type":"ListItem","position":1,"name":"In\u00edcio","item":"https:\/\/lojasosprofessoratividades.com.br\/"},{"@type":"ListItem","position":2,"name":"Loja","item":"https:\/\/lojasosprofessoratividades.com.br\/loja\/"},{"@type":"ListItem","position":3,"name":"Pack Junino \u2013 Volume 2: Atividades para Turmas do 3\u00ba ao 5\u00ba Ano"}]},{"@type":"WebSite","@id":"https:\/\/lojasosprofessoratividades.com.br\/#website","url":"https:\/\/lojasosprofessoratividades.com.br\/","name":"Loja SOS Professor Atividades","description":"Venda de material did\u00e1tico para o ensino fundamental","publisher":{"@id":"https:\/\/lojasosprofessoratividades.com.br\/#organization"},"potentialAction":[{"@type":"SearchAction","target":{"@type":"EntryPoint","urlTemplate":"https:\/\/lojasosprofessoratividades.com.br\/?s={search_term_string}"},"query-input":{"@type":"PropertyValueSpecification","valueRequired":true,"valueName":"search_term_string"}}],"inLanguage":"en-US"},{"@type":"Organization","@id":"https:\/\/lojasosprofessoratividades.com.br\/#organization","name":"Loja SOS Professor Atividades","url":"https:\/\/lojasosprofessoratividades.com.br\/","logo":{"@type":"ImageObject","inLanguage":"en-US","@id":"https:\/\/lojasosprofessoratividades.com.br\/#\/schema\/logo\/image\/","url":"http:\/\/lojasosprofessoratividades.com.br\/wp-content\/uploads\/2022\/04\/Logo.png","contentUrl":"http:\/\/lojasosprofessoratividades.com.br\/wp-content\/uploads\/2022\/04\/Logo.png","width":2000,"height":2000,"caption":"Loja SOS Professor Atividades"},"image":{"@id":"https:\/\/lojasosprofessoratividades.com.br\/#\/schema\/logo\/image\/"},"sameAs":["https:\/\/www.facebook.com\/sosprofessoratividades","https:\/\/www.instagram.com\/sosprofessoratividades\/"]}]}},"_links":{"self":[{"href":"https:\/\/lojasosprofessoratividades.com.br\/en\/wp-json\/wp\/v2\/product\/35159","targetHints":{"allow":["GET"]}}],"collection":[{"href":"https:\/\/lojasosprofessoratividades.com.br\/en\/wp-json\/wp\/v2\/product"}],"about":[{"href":"https:\/\/lojasosprofessoratividades.com.br\/en\/wp-json\/wp\/v2\/types\/product"}],"replies":[{"embeddable":true,"href":"https:\/\/lojasosprofessoratividades.com.br\/en\/wp-json\/wp\/v2\/comments?post=35159"}],"wp:featuredmedia":[{"embeddable":true,"href":"https:\/\/lojasosprofessoratividades.com.br\/en\/wp-json\/wp\/v2\/media\/35166"}],"wp:attachment":[{"href":"https:\/\/lojasosprofessoratividades.com.br\/en\/wp-json\/wp\/v2\/media?parent=35159"}],"wp:term":[{"taxonomy":"product_brand","embeddable":true,"href":"https:\/\/lojasosprofessoratividades.com.br\/en\/wp-json\/wp\/v2\/product_brand?post=35159"},{"taxonomy":"product_cat","embeddable":true,"href":"https:\/\/lojasosprofessoratividades.com.br\/en\/wp-json\/wp\/v2\/product_cat?post=35159"},{"taxonomy":"product_tag","embeddable":true,"href":"https:\/\/lojasosprofessoratividades.com.br\/en\/wp-json\/wp\/v2\/product_tag?post=35159"}],"curies":[{"name":"wp","href":"https:\/\/api.w.org\/{rel}","templated":true}]}}