{"id":35185,"date":"2025-06-12T23:14:23","date_gmt":"2025-06-13T02:14:23","guid":{"rendered":"https:\/\/lojasosprofessoratividades.com.br\/?post_type=product&#038;p=35185"},"modified":"2026-05-08T15:41:31","modified_gmt":"2026-05-08T18:41:31","slug":"atividades-com-numeros-decimais-e-porcentagem-5o-ano","status":"publish","type":"product","link":"https:\/\/lojasosprofessoratividades.com.br\/en\/product\/atividades-com-numeros-decimais-e-porcentagem-5o-ano\/","title":{"rendered":"Atividades com N\u00fameros Decimais e Porcentagem \u2013 5\u00ba Ano"},"content":{"rendered":"","protected":false},"excerpt":{"rendered":"<p data-start=\"248\" data-end=\"385\">Material completo e pronto para imprimir! Ideal para revisar ou aprofundar os conte\u00fados de matem\u00e1tica do 5\u00ba ano do Ensino Fundamental.<\/p>\n<p data-start=\"387\" data-end=\"427\"><strong data-start=\"389\" data-end=\"427\">O que voc\u00ea encontra neste arquivo:<\/strong><\/p>\n<ul data-start=\"428\" data-end=\"844\">\n<li data-start=\"428\" data-end=\"497\">\n<p data-start=\"430\" data-end=\"497\"><strong>C\u00e1lculo mental<\/strong> com multiplica\u00e7\u00e3o e divis\u00e3o por 10, 100 e 1.000<\/p>\n<\/li>\n<li data-start=\"498\" data-end=\"559\">\n<p data-start=\"500\" data-end=\"559\">\u00a0<strong>C\u00e1lculo de porcentagens<\/strong> com situa\u00e7\u00f5es contextualizadas<\/p>\n<\/li>\n<li data-start=\"560\" data-end=\"613\">\n<p data-start=\"562\" data-end=\"613\">\u00a0<strong>Escrita por extenso<\/strong> de valores monet\u00e1rios (R$)<\/p>\n<\/li>\n<li data-start=\"614\" data-end=\"699\">\n<p data-start=\"616\" data-end=\"699\">\u00a0<strong>Opera\u00e7\u00f5es<\/strong> com n\u00fameros decimais (adi\u00e7\u00e3o, subtra\u00e7\u00e3o, multiplica\u00e7\u00e3o e divis\u00e3o)<\/p>\n<\/li>\n<li data-start=\"700\" data-end=\"759\">\n<p data-start=\"702\" data-end=\"759\">\u00a0<strong>Situa\u00e7\u00f5es-problema<\/strong> que estimulam o racioc\u00ednio l\u00f3gico<\/p>\n<\/li>\n<li data-start=\"760\" data-end=\"806\"><strong>Exemplos de cartazes<\/strong> para utilizar com a turma<\/li>\n<li data-start=\"760\" data-end=\"806\">\n<p data-start=\"762\" data-end=\"806\"><strong data-start=\"765\" data-end=\"796\">Plano de aula <\/strong>incluso<\/p>\n<\/li>\n<li data-start=\"807\" data-end=\"844\">\n<p data-start=\"809\" data-end=\"844\"><strong data-start=\"811\" data-end=\"823\">Gabarito<\/strong> para corre\u00e7\u00e3o r\u00e1pida<\/p>\n<\/li>\n<\/ul>\n<p data-start=\"846\" data-end=\"1009\">Ideal para uso em sala de aula, refor\u00e7o escolar ou atividades para casa.<\/p>\n<p data-start=\"846\" data-end=\"1009\">Did\u00e1tico, organizado e com ilustra\u00e7\u00f5es que tornam o aprendizado mais leve e envolvente!<\/p>\n<h3>N\u00e3o enviamos por e-mail, a entrega \u00e9 via link para download. \ud83d\udc47<\/h3>\n<p><img loading=\"lazy\" decoding=\"async\" class=\"alignnone wp-image-38009 size-full\" src=\"https:\/\/lojasosprofessoratividades.com.br\/wp-content\/uploads\/2026\/02\/Como-baixar-2.jpg\" alt=\"\" width=\"446\" height=\"251\" srcset=\"https:\/\/lojasosprofessoratividades.com.br\/wp-content\/uploads\/2026\/02\/Como-baixar-2.jpg 446w, https:\/\/lojasosprofessoratividades.com.br\/wp-content\/uploads\/2026\/02\/Como-baixar-2-300x169.jpg 300w, https:\/\/lojasosprofessoratividades.com.br\/wp-content\/uploads\/2026\/02\/Como-baixar-2-18x10.jpg 18w\" sizes=\"auto, (max-width: 446px) 100vw, 446px\" \/><\/p>","protected":false},"featured_media":35186,"comment_status":"open","ping_status":"closed","template":"","meta":[],"product_brand":[],"product_cat":[127,205],"product_tag":[1551,579,1928,950,1713,1364,1996,1994,1998,1995,249,1349,343,1997],"class_list":{"0":"post-35185","1":"product","2":"type-product","3":"status-publish","4":"has-post-thumbnail","6":"product_cat-5o-ano","7":"product_cat-matematica-5-ano","8":"product_tag-atividades-5o-ano","9":"product_tag-atividades-educativas","10":"product_tag-atividades-imprimiveis","11":"product_tag-educacao-fundamental","12":"product_tag-gabarito-incluso","13":"product_tag-matematica-5o-ano","14":"product_tag-multiplicacao-e-divisao-por-10-100-1000","15":"product_tag-numeros-decimais","16":"product_tag-operacoes-com-decimais","17":"product_tag-plano-de-aula-matematica","18":"product_tag-porcentagem","19":"product_tag-reforco-escolar","20":"product_tag-situacoes-problema","21":"product_tag-valores-monetarios-por-extenso","23":"first","24":"instock","25":"downloadable","26":"virtual","27":"sold-individually","28":"purchasable","29":"product-type-simple"},"yoast_head":"<!-- This site is optimized with the Yoast SEO plugin v27.6 - https:\/\/yoast.com\/product\/yoast-seo-wordpress\/ -->\n<title>Atividades com N\u00fameros Decimais e Porcentagem \u2013 5\u00ba Ano - Loja SOS Professor Atividades<\/title>\n<meta name=\"description\" content=\"Atividades de n\u00fameros decimais e porcentagem para 5\u00ba ano com plano de aula e gabarito. Ideal para imprimir e usar em sala de aula ou refor\u00e7o escolar.\" \/>\n<meta name=\"robots\" content=\"index, follow, max-snippet:-1, max-image-preview:large, max-video-preview:-1\" \/>\n<link rel=\"canonical\" href=\"https:\/\/lojasosprofessoratividades.com.br\/en\/product\/atividades-com-numeros-decimais-e-porcentagem-5o-ano\/\" \/>\n<meta property=\"og:locale\" content=\"en_US\" \/>\n<meta property=\"og:type\" content=\"article\" \/>\n<meta property=\"og:title\" content=\"Atividades com N\u00fameros Decimais e Porcentagem \u2013 5\u00ba Ano - Loja SOS Professor Atividades\" \/>\n<meta property=\"og:description\" content=\"Atividades de n\u00fameros decimais e porcentagem para 5\u00ba ano com plano de aula e gabarito. Ideal para imprimir e usar em sala de aula ou refor\u00e7o escolar.\" \/>\n<meta property=\"og:url\" content=\"https:\/\/lojasosprofessoratividades.com.br\/en\/product\/atividades-com-numeros-decimais-e-porcentagem-5o-ano\/\" \/>\n<meta property=\"og:site_name\" content=\"Loja SOS Professor Atividades\" \/>\n<meta property=\"article:publisher\" content=\"https:\/\/www.facebook.com\/sosprofessoratividades\" \/>\n<meta property=\"article:modified_time\" content=\"2026-05-08T18:41:31+00:00\" \/>\n<meta property=\"og:image\" content=\"https:\/\/lojasosprofessoratividades.com.br\/wp-content\/uploads\/2025\/06\/Atividades-com-Numeros-Decimais-e-Porcentagem-\u2013-5o-Ano-1.jpg\" \/>\n\t<meta property=\"og:image:width\" content=\"800\" \/>\n\t<meta property=\"og:image:height\" content=\"693\" \/>\n\t<meta property=\"og:image:type\" content=\"image\/jpeg\" \/>\n<meta name=\"twitter:card\" content=\"summary_large_image\" \/>\n<meta name=\"twitter:label1\" content=\"Est. reading time\" \/>\n\t<meta name=\"twitter:data1\" content=\"1 minute\" \/>\n<script type=\"application\/ld+json\" class=\"yoast-schema-graph\">{\"@context\":\"https:\\\/\\\/schema.org\",\"@graph\":[{\"@type\":\"WebPage\",\"@id\":\"https:\\\/\\\/lojasosprofessoratividades.com.br\\\/produto\\\/atividades-com-numeros-decimais-e-porcentagem-5o-ano\\\/\",\"url\":\"https:\\\/\\\/lojasosprofessoratividades.com.br\\\/produto\\\/atividades-com-numeros-decimais-e-porcentagem-5o-ano\\\/\",\"name\":\"Atividades com N\u00fameros Decimais e Porcentagem \u2013 5\u00ba Ano - Loja SOS Professor Atividades\",\"isPartOf\":{\"@id\":\"https:\\\/\\\/lojasosprofessoratividades.com.br\\\/#website\"},\"primaryImageOfPage\":{\"@id\":\"https:\\\/\\\/lojasosprofessoratividades.com.br\\\/produto\\\/atividades-com-numeros-decimais-e-porcentagem-5o-ano\\\/#primaryimage\"},\"image\":{\"@id\":\"https:\\\/\\\/lojasosprofessoratividades.com.br\\\/produto\\\/atividades-com-numeros-decimais-e-porcentagem-5o-ano\\\/#primaryimage\"},\"thumbnailUrl\":\"https:\\\/\\\/lojasosprofessoratividades.com.br\\\/wp-content\\\/uploads\\\/2025\\\/06\\\/Atividades-com-Numeros-Decimais-e-Porcentagem-\u2013-5o-Ano-1.jpg\",\"datePublished\":\"2025-06-13T02:14:23+00:00\",\"dateModified\":\"2026-05-08T18:41:31+00:00\",\"description\":\"Atividades de n\u00fameros decimais e porcentagem para 5\u00ba ano com plano de aula e gabarito. Ideal para imprimir e usar em sala de aula ou refor\u00e7o escolar.\",\"breadcrumb\":{\"@id\":\"https:\\\/\\\/lojasosprofessoratividades.com.br\\\/produto\\\/atividades-com-numeros-decimais-e-porcentagem-5o-ano\\\/#breadcrumb\"},\"inLanguage\":\"en-US\",\"potentialAction\":[{\"@type\":\"ReadAction\",\"target\":[\"https:\\\/\\\/lojasosprofessoratividades.com.br\\\/produto\\\/atividades-com-numeros-decimais-e-porcentagem-5o-ano\\\/\"]}]},{\"@type\":\"ImageObject\",\"inLanguage\":\"en-US\",\"@id\":\"https:\\\/\\\/lojasosprofessoratividades.com.br\\\/produto\\\/atividades-com-numeros-decimais-e-porcentagem-5o-ano\\\/#primaryimage\",\"url\":\"https:\\\/\\\/lojasosprofessoratividades.com.br\\\/wp-content\\\/uploads\\\/2025\\\/06\\\/Atividades-com-Numeros-Decimais-e-Porcentagem-\u2013-5o-Ano-1.jpg\",\"contentUrl\":\"https:\\\/\\\/lojasosprofessoratividades.com.br\\\/wp-content\\\/uploads\\\/2025\\\/06\\\/Atividades-com-Numeros-Decimais-e-Porcentagem-\u2013-5o-Ano-1.jpg\",\"width\":800,\"height\":693,\"caption\":\"Atividades com N\u00fameros Decimais e Porcentagem\"},{\"@type\":\"BreadcrumbList\",\"@id\":\"https:\\\/\\\/lojasosprofessoratividades.com.br\\\/produto\\\/atividades-com-numeros-decimais-e-porcentagem-5o-ano\\\/#breadcrumb\",\"itemListElement\":[{\"@type\":\"ListItem\",\"position\":1,\"name\":\"In\u00edcio\",\"item\":\"https:\\\/\\\/lojasosprofessoratividades.com.br\\\/\"},{\"@type\":\"ListItem\",\"position\":2,\"name\":\"Loja\",\"item\":\"https:\\\/\\\/lojasosprofessoratividades.com.br\\\/loja\\\/\"},{\"@type\":\"ListItem\",\"position\":3,\"name\":\"Atividades com N\u00fameros Decimais e Porcentagem \u2013 5\u00ba Ano\"}]},{\"@type\":\"WebSite\",\"@id\":\"https:\\\/\\\/lojasosprofessoratividades.com.br\\\/#website\",\"url\":\"https:\\\/\\\/lojasosprofessoratividades.com.br\\\/\",\"name\":\"Loja SOS Professor Atividades\",\"description\":\"Venda de material did\u00e1tico para o ensino fundamental\",\"publisher\":{\"@id\":\"https:\\\/\\\/lojasosprofessoratividades.com.br\\\/#organization\"},\"potentialAction\":[{\"@type\":\"SearchAction\",\"target\":{\"@type\":\"EntryPoint\",\"urlTemplate\":\"https:\\\/\\\/lojasosprofessoratividades.com.br\\\/?s={search_term_string}\"},\"query-input\":{\"@type\":\"PropertyValueSpecification\",\"valueRequired\":true,\"valueName\":\"search_term_string\"}}],\"inLanguage\":\"en-US\"},{\"@type\":\"Organization\",\"@id\":\"https:\\\/\\\/lojasosprofessoratividades.com.br\\\/#organization\",\"name\":\"Loja SOS Professor Atividades\",\"url\":\"https:\\\/\\\/lojasosprofessoratividades.com.br\\\/\",\"logo\":{\"@type\":\"ImageObject\",\"inLanguage\":\"en-US\",\"@id\":\"https:\\\/\\\/lojasosprofessoratividades.com.br\\\/#\\\/schema\\\/logo\\\/image\\\/\",\"url\":\"http:\\\/\\\/lojasosprofessoratividades.com.br\\\/wp-content\\\/uploads\\\/2022\\\/04\\\/Logo.png\",\"contentUrl\":\"http:\\\/\\\/lojasosprofessoratividades.com.br\\\/wp-content\\\/uploads\\\/2022\\\/04\\\/Logo.png\",\"width\":2000,\"height\":2000,\"caption\":\"Loja SOS Professor Atividades\"},\"image\":{\"@id\":\"https:\\\/\\\/lojasosprofessoratividades.com.br\\\/#\\\/schema\\\/logo\\\/image\\\/\"},\"sameAs\":[\"https:\\\/\\\/www.facebook.com\\\/sosprofessoratividades\",\"https:\\\/\\\/www.instagram.com\\\/sosprofessoratividades\\\/\"]}]}<\/script>\n<!-- \/ Yoast SEO plugin. -->","yoast_head_json":{"title":"Atividades com N\u00fameros Decimais e Porcentagem \u2013 5\u00ba Ano - Loja SOS Professor Atividades","description":"Atividades de n\u00fameros decimais e porcentagem para 5\u00ba ano com plano de aula e gabarito. Ideal para imprimir e usar em sala de aula ou refor\u00e7o escolar.","robots":{"index":"index","follow":"follow","max-snippet":"max-snippet:-1","max-image-preview":"max-image-preview:large","max-video-preview":"max-video-preview:-1"},"canonical":"https:\/\/lojasosprofessoratividades.com.br\/en\/product\/atividades-com-numeros-decimais-e-porcentagem-5o-ano\/","og_locale":"en_US","og_type":"article","og_title":"Atividades com N\u00fameros Decimais e Porcentagem \u2013 5\u00ba Ano - Loja SOS Professor Atividades","og_description":"Atividades de n\u00fameros decimais e porcentagem para 5\u00ba ano com plano de aula e gabarito. Ideal para imprimir e usar em sala de aula ou refor\u00e7o escolar.","og_url":"https:\/\/lojasosprofessoratividades.com.br\/en\/product\/atividades-com-numeros-decimais-e-porcentagem-5o-ano\/","og_site_name":"Loja SOS Professor Atividades","article_publisher":"https:\/\/www.facebook.com\/sosprofessoratividades","article_modified_time":"2026-05-08T18:41:31+00:00","og_image":[{"width":800,"height":693,"url":"https:\/\/lojasosprofessoratividades.com.br\/wp-content\/uploads\/2025\/06\/Atividades-com-Numeros-Decimais-e-Porcentagem-\u2013-5o-Ano-1.jpg","type":"image\/jpeg"}],"twitter_card":"summary_large_image","twitter_misc":{"Est. reading time":"1 minute"},"schema":{"@context":"https:\/\/schema.org","@graph":[{"@type":"WebPage","@id":"https:\/\/lojasosprofessoratividades.com.br\/produto\/atividades-com-numeros-decimais-e-porcentagem-5o-ano\/","url":"https:\/\/lojasosprofessoratividades.com.br\/produto\/atividades-com-numeros-decimais-e-porcentagem-5o-ano\/","name":"Atividades com N\u00fameros Decimais e Porcentagem \u2013 5\u00ba Ano - Loja SOS Professor Atividades","isPartOf":{"@id":"https:\/\/lojasosprofessoratividades.com.br\/#website"},"primaryImageOfPage":{"@id":"https:\/\/lojasosprofessoratividades.com.br\/produto\/atividades-com-numeros-decimais-e-porcentagem-5o-ano\/#primaryimage"},"image":{"@id":"https:\/\/lojasosprofessoratividades.com.br\/produto\/atividades-com-numeros-decimais-e-porcentagem-5o-ano\/#primaryimage"},"thumbnailUrl":"https:\/\/lojasosprofessoratividades.com.br\/wp-content\/uploads\/2025\/06\/Atividades-com-Numeros-Decimais-e-Porcentagem-\u2013-5o-Ano-1.jpg","datePublished":"2025-06-13T02:14:23+00:00","dateModified":"2026-05-08T18:41:31+00:00","description":"Atividades de n\u00fameros decimais e porcentagem para 5\u00ba ano com plano de aula e gabarito. Ideal para imprimir e usar em sala de aula ou refor\u00e7o escolar.","breadcrumb":{"@id":"https:\/\/lojasosprofessoratividades.com.br\/produto\/atividades-com-numeros-decimais-e-porcentagem-5o-ano\/#breadcrumb"},"inLanguage":"en-US","potentialAction":[{"@type":"ReadAction","target":["https:\/\/lojasosprofessoratividades.com.br\/produto\/atividades-com-numeros-decimais-e-porcentagem-5o-ano\/"]}]},{"@type":"ImageObject","inLanguage":"en-US","@id":"https:\/\/lojasosprofessoratividades.com.br\/produto\/atividades-com-numeros-decimais-e-porcentagem-5o-ano\/#primaryimage","url":"https:\/\/lojasosprofessoratividades.com.br\/wp-content\/uploads\/2025\/06\/Atividades-com-Numeros-Decimais-e-Porcentagem-\u2013-5o-Ano-1.jpg","contentUrl":"https:\/\/lojasosprofessoratividades.com.br\/wp-content\/uploads\/2025\/06\/Atividades-com-Numeros-Decimais-e-Porcentagem-\u2013-5o-Ano-1.jpg","width":800,"height":693,"caption":"Atividades com N\u00fameros Decimais e Porcentagem"},{"@type":"BreadcrumbList","@id":"https:\/\/lojasosprofessoratividades.com.br\/produto\/atividades-com-numeros-decimais-e-porcentagem-5o-ano\/#breadcrumb","itemListElement":[{"@type":"ListItem","position":1,"name":"In\u00edcio","item":"https:\/\/lojasosprofessoratividades.com.br\/"},{"@type":"ListItem","position":2,"name":"Loja","item":"https:\/\/lojasosprofessoratividades.com.br\/loja\/"},{"@type":"ListItem","position":3,"name":"Atividades com N\u00fameros Decimais e Porcentagem \u2013 5\u00ba Ano"}]},{"@type":"WebSite","@id":"https:\/\/lojasosprofessoratividades.com.br\/#website","url":"https:\/\/lojasosprofessoratividades.com.br\/","name":"Loja SOS Professor Atividades","description":"Venda de material did\u00e1tico para o ensino fundamental","publisher":{"@id":"https:\/\/lojasosprofessoratividades.com.br\/#organization"},"potentialAction":[{"@type":"SearchAction","target":{"@type":"EntryPoint","urlTemplate":"https:\/\/lojasosprofessoratividades.com.br\/?s={search_term_string}"},"query-input":{"@type":"PropertyValueSpecification","valueRequired":true,"valueName":"search_term_string"}}],"inLanguage":"en-US"},{"@type":"Organization","@id":"https:\/\/lojasosprofessoratividades.com.br\/#organization","name":"Loja SOS Professor Atividades","url":"https:\/\/lojasosprofessoratividades.com.br\/","logo":{"@type":"ImageObject","inLanguage":"en-US","@id":"https:\/\/lojasosprofessoratividades.com.br\/#\/schema\/logo\/image\/","url":"http:\/\/lojasosprofessoratividades.com.br\/wp-content\/uploads\/2022\/04\/Logo.png","contentUrl":"http:\/\/lojasosprofessoratividades.com.br\/wp-content\/uploads\/2022\/04\/Logo.png","width":2000,"height":2000,"caption":"Loja SOS Professor Atividades"},"image":{"@id":"https:\/\/lojasosprofessoratividades.com.br\/#\/schema\/logo\/image\/"},"sameAs":["https:\/\/www.facebook.com\/sosprofessoratividades","https:\/\/www.instagram.com\/sosprofessoratividades\/"]}]}},"_links":{"self":[{"href":"https:\/\/lojasosprofessoratividades.com.br\/en\/wp-json\/wp\/v2\/product\/35185","targetHints":{"allow":["GET"]}}],"collection":[{"href":"https:\/\/lojasosprofessoratividades.com.br\/en\/wp-json\/wp\/v2\/product"}],"about":[{"href":"https:\/\/lojasosprofessoratividades.com.br\/en\/wp-json\/wp\/v2\/types\/product"}],"replies":[{"embeddable":true,"href":"https:\/\/lojasosprofessoratividades.com.br\/en\/wp-json\/wp\/v2\/comments?post=35185"}],"wp:featuredmedia":[{"embeddable":true,"href":"https:\/\/lojasosprofessoratividades.com.br\/en\/wp-json\/wp\/v2\/media\/35186"}],"wp:attachment":[{"href":"https:\/\/lojasosprofessoratividades.com.br\/en\/wp-json\/wp\/v2\/media?parent=35185"}],"wp:term":[{"taxonomy":"product_brand","embeddable":true,"href":"https:\/\/lojasosprofessoratividades.com.br\/en\/wp-json\/wp\/v2\/product_brand?post=35185"},{"taxonomy":"product_cat","embeddable":true,"href":"https:\/\/lojasosprofessoratividades.com.br\/en\/wp-json\/wp\/v2\/product_cat?post=35185"},{"taxonomy":"product_tag","embeddable":true,"href":"https:\/\/lojasosprofessoratividades.com.br\/en\/wp-json\/wp\/v2\/product_tag?post=35185"}],"curies":[{"name":"wp","href":"https:\/\/api.w.org\/{rel}","templated":true}]}}