{"id":35200,"date":"2025-06-14T13:28:16","date_gmt":"2025-06-14T16:28:16","guid":{"rendered":"https:\/\/lojasosprofessoratividades.com.br\/?post_type=product&#038;p=35200"},"modified":"2026-05-08T15:41:46","modified_gmt":"2026-05-08T18:41:46","slug":"atividades-com-texto-adaptado-do-livro-severino-faz-chover","status":"publish","type":"product","link":"https:\/\/lojasosprofessoratividades.com.br\/en\/product\/atividades-com-texto-adaptado-do-livro-severino-faz-chover\/","title":{"rendered":"Atividades com texto adaptado do livro &#8220;Severino Faz Chover&#8221;"},"content":{"rendered":"<p>&nbsp;<\/p>\n<p>&nbsp;<\/p>","protected":false},"excerpt":{"rendered":"<p data-start=\"537\" data-end=\"568\"><span style=\"font-size: 16px;\">\u00a0<\/span><span style=\"font-size: 16px;\">Para o 5\u00ba ano, trabalha<\/span><span style=\"font-size: 16px;\">\u00a0<\/span><span style=\"font-size: 16px;\">leitura, interpreta\u00e7\u00e3o e gram\u00e1tica<\/span><span style=\"font-size: 16px;\"> de forma leve e contextualizada<\/span><span style=\"font-size: 16px;\">, inspirado no livro <\/span><span style=\"font-size: 16px;\">&#8220;Severino Faz Chover&#8221; de Ana Maria Machado<\/span><span style=\"font-size: 16px;\">.<\/span><\/p>\n<p><strong>N\u00e3o<\/strong> edit\u00e1vel.<\/p>\n<h3 data-start=\"537\" data-end=\"568\">O que cont\u00e9m o material:<\/h3>\n<p data-start=\"570\" data-end=\"644\">\u2705 Texto adaptado: <strong data-start=\"588\" data-end=\"644\">&#8220;Severino&#8221; \u2013 Adapta\u00e7\u00e3o da obra &#8220;Severino Faz Chover&#8221;<\/strong><\/p>\n<p data-start=\"646\" data-end=\"709\">\u2705 <strong data-start=\"648\" data-end=\"675\">Interpreta\u00e7\u00e3o de texto:<\/strong> perguntas objetivas e discursivas<\/p>\n<p data-start=\"711\" data-end=\"729\">\u2705 <strong data-start=\"713\" data-end=\"727\">Gram\u00e1tica:<\/strong><\/p>\n<ul data-start=\"730\" data-end=\"918\">\n<li data-start=\"730\" data-end=\"743\">\n<p data-start=\"732\" data-end=\"743\">Ant\u00f4nimos<\/p>\n<\/li>\n<li data-start=\"744\" data-end=\"757\">\n<p data-start=\"746\" data-end=\"757\">Sin\u00f4nimos<\/p>\n<\/li>\n<li data-start=\"758\" data-end=\"833\">\n<p data-start=\"760\" data-end=\"833\">Tipos de frases (afirmativas, negativas, interrogativas e exclamativas)<\/p>\n<\/li>\n<li data-start=\"834\" data-end=\"869\">\n<p data-start=\"836\" data-end=\"869\">Artigos definidos e indefinidos<\/p>\n<\/li>\n<li data-start=\"870\" data-end=\"918\">\n<p data-start=\"872\" data-end=\"918\">Substantivos (classifica\u00e7\u00e3o e identifica\u00e7\u00e3o)<\/p>\n<\/li>\n<\/ul>\n<p data-start=\"920\" data-end=\"989\">\u2705 <strong data-start=\"922\" data-end=\"937\">Ortografia:<\/strong> atividades com foco na escrita correta das palavras<\/p>\n<p data-start=\"991\" data-end=\"1028\">\u2705 <strong data-start=\"993\" data-end=\"1004\">Ditado:<\/strong> refor\u00e7ando a ortografia<\/p>\n<p data-start=\"1030\" data-end=\"1106\">\u2705 <strong data-start=\"1032\" data-end=\"1054\">Produ\u00e7\u00e3o de texto:<\/strong> com <strong data-start=\"1059\" data-end=\"1091\">roteiro de revis\u00e3o orientado<\/strong> para os alunos<\/p>\n<p data-start=\"1108\" data-end=\"1188\">\u2705 <strong data-start=\"1110\" data-end=\"1135\">Atividade de desenho:<\/strong> para estimular a criatividade e interpreta\u00e7\u00e3o visual<\/p>\n<p data-start=\"1190\" data-end=\"1330\">\u2705 <strong data-start=\"1192\" data-end=\"1220\">Plano de aula detalhado:<\/strong> com objetivo, conte\u00fados, metodologia, dura\u00e7\u00e3o e sugest\u00f5es de desenvolvimento (tempo estimado: <strong data-start=\"1315\" data-end=\"1329\">90 minutos<\/strong>)<\/p>\n<p data-start=\"1332\" data-end=\"1380\">\u2705 <strong data-start=\"1334\" data-end=\"1347\">Gabarito:<\/strong> respostas de todas as atividades<\/p>\n<h3>N\u00e3o enviamos por e-mail, a entrega \u00e9 via link para download. \ud83d\udc47<\/h3>\n<p data-start=\"1332\" data-end=\"1380\"><img loading=\"lazy\" decoding=\"async\" class=\"alignnone wp-image-35160 size-full\" src=\"https:\/\/lojasosprofessoratividades.com.br\/wp-content\/uploads\/2025\/06\/Aviso-Loja-atual.jpg\" alt=\"\" width=\"446\" height=\"251\" srcset=\"https:\/\/lojasosprofessoratividades.com.br\/wp-content\/uploads\/2025\/06\/Aviso-Loja-atual.jpg 446w, https:\/\/lojasosprofessoratividades.com.br\/wp-content\/uploads\/2025\/06\/Aviso-Loja-atual-300x169.jpg 300w, https:\/\/lojasosprofessoratividades.com.br\/wp-content\/uploads\/2025\/06\/Aviso-Loja-atual-18x10.jpg 18w\" sizes=\"auto, (max-width: 446px) 100vw, 446px\" \/><\/p>","protected":false},"featured_media":35202,"comment_status":"open","ping_status":"closed","template":"","meta":[],"product_brand":[],"product_cat":[127,204],"product_tag":[2001,2003,2005,2000,2007,2008,2002,251,1999,2006,1322,987,2004],"class_list":{"0":"post-35200","1":"product","2":"type-product","3":"status-publish","4":"has-post-thumbnail","6":"product_cat-5o-ano","7":"product_cat-portugues-5-anos","8":"product_tag-5o-ano-ensino-fundamental","9":"product_tag-ana-maria-machado","10":"product_tag-antonimos","11":"product_tag-atividades-de-interpretacao-de-texto","12":"product_tag-atividades-educativas-pdf","13":"product_tag-atividades-prontas-para-imprimir","14":"product_tag-plano-de-aula-portugues","15":"product_tag-producao-de-texto","16":"product_tag-severino-faz-chover","17":"product_tag-sinonimos","18":"product_tag-substantivos","19":"product_tag-texto-adaptado","20":"product_tag-tipos-de-frases","22":"first","23":"instock","24":"downloadable","25":"virtual","26":"sold-individually","27":"purchasable","28":"product-type-simple"},"yoast_head":"<!-- This site is optimized with the Yoast SEO plugin v27.6 - https:\/\/yoast.com\/product\/yoast-seo-wordpress\/ -->\n<title>Atividades com texto adaptado do livro &quot;Severino Faz Chover&quot; - Loja SOS Professor Atividades<\/title>\n<meta name=\"description\" content=\"Atividades sobre o texto &quot;Severino&quot; (adapta\u00e7\u00e3o do livro de Ana Maria Machado). Inclui leitura, interpreta\u00e7\u00e3o, gram\u00e1tica, produ\u00e7\u00e3o de texto e gabarito.\" \/>\n<meta name=\"robots\" content=\"index, follow, max-snippet:-1, max-image-preview:large, max-video-preview:-1\" \/>\n<link rel=\"canonical\" href=\"https:\/\/lojasosprofessoratividades.com.br\/en\/product\/atividades-com-texto-adaptado-do-livro-severino-faz-chover\/\" \/>\n<meta property=\"og:locale\" content=\"en_US\" \/>\n<meta property=\"og:type\" content=\"article\" \/>\n<meta property=\"og:title\" content=\"Atividades com texto adaptado do livro &quot;Severino Faz Chover&quot; - Loja SOS Professor Atividades\" \/>\n<meta property=\"og:description\" content=\"Atividades sobre o texto &quot;Severino&quot; (adapta\u00e7\u00e3o do livro de Ana Maria Machado). Inclui leitura, interpreta\u00e7\u00e3o, gram\u00e1tica, produ\u00e7\u00e3o de texto e gabarito.\" \/>\n<meta property=\"og:url\" content=\"https:\/\/lojasosprofessoratividades.com.br\/en\/product\/atividades-com-texto-adaptado-do-livro-severino-faz-chover\/\" \/>\n<meta property=\"og:site_name\" content=\"Loja SOS Professor Atividades\" \/>\n<meta property=\"article:publisher\" content=\"https:\/\/www.facebook.com\/sosprofessoratividades\" \/>\n<meta property=\"article:modified_time\" content=\"2026-05-08T18:41:46+00:00\" \/>\n<meta property=\"og:image\" content=\"https:\/\/lojasosprofessoratividades.com.br\/wp-content\/uploads\/2025\/06\/Severino-faz-chover-1.jpg\" \/>\n\t<meta property=\"og:image:width\" content=\"800\" \/>\n\t<meta property=\"og:image:height\" content=\"693\" \/>\n\t<meta property=\"og:image:type\" content=\"image\/jpeg\" \/>\n<meta name=\"twitter:card\" content=\"summary_large_image\" \/>\n<meta name=\"twitter:label1\" content=\"Est. reading time\" \/>\n\t<meta name=\"twitter:data1\" content=\"1 minute\" \/>\n<script type=\"application\/ld+json\" class=\"yoast-schema-graph\">{\"@context\":\"https:\\\/\\\/schema.org\",\"@graph\":[{\"@type\":\"WebPage\",\"@id\":\"https:\\\/\\\/lojasosprofessoratividades.com.br\\\/produto\\\/atividades-com-texto-adaptado-do-livro-severino-faz-chover\\\/\",\"url\":\"https:\\\/\\\/lojasosprofessoratividades.com.br\\\/produto\\\/atividades-com-texto-adaptado-do-livro-severino-faz-chover\\\/\",\"name\":\"Atividades com texto adaptado do livro \\\"Severino Faz Chover\\\" - Loja SOS Professor Atividades\",\"isPartOf\":{\"@id\":\"https:\\\/\\\/lojasosprofessoratividades.com.br\\\/#website\"},\"primaryImageOfPage\":{\"@id\":\"https:\\\/\\\/lojasosprofessoratividades.com.br\\\/produto\\\/atividades-com-texto-adaptado-do-livro-severino-faz-chover\\\/#primaryimage\"},\"image\":{\"@id\":\"https:\\\/\\\/lojasosprofessoratividades.com.br\\\/produto\\\/atividades-com-texto-adaptado-do-livro-severino-faz-chover\\\/#primaryimage\"},\"thumbnailUrl\":\"https:\\\/\\\/lojasosprofessoratividades.com.br\\\/wp-content\\\/uploads\\\/2025\\\/06\\\/Severino-faz-chover-1.jpg\",\"datePublished\":\"2025-06-14T16:28:16+00:00\",\"dateModified\":\"2026-05-08T18:41:46+00:00\",\"description\":\"Atividades sobre o texto \\\"Severino\\\" (adapta\u00e7\u00e3o do livro de Ana Maria Machado). Inclui leitura, interpreta\u00e7\u00e3o, gram\u00e1tica, produ\u00e7\u00e3o de texto e gabarito.\",\"breadcrumb\":{\"@id\":\"https:\\\/\\\/lojasosprofessoratividades.com.br\\\/produto\\\/atividades-com-texto-adaptado-do-livro-severino-faz-chover\\\/#breadcrumb\"},\"inLanguage\":\"en-US\",\"potentialAction\":[{\"@type\":\"ReadAction\",\"target\":[\"https:\\\/\\\/lojasosprofessoratividades.com.br\\\/produto\\\/atividades-com-texto-adaptado-do-livro-severino-faz-chover\\\/\"]}]},{\"@type\":\"ImageObject\",\"inLanguage\":\"en-US\",\"@id\":\"https:\\\/\\\/lojasosprofessoratividades.com.br\\\/produto\\\/atividades-com-texto-adaptado-do-livro-severino-faz-chover\\\/#primaryimage\",\"url\":\"https:\\\/\\\/lojasosprofessoratividades.com.br\\\/wp-content\\\/uploads\\\/2025\\\/06\\\/Severino-faz-chover-1.jpg\",\"contentUrl\":\"https:\\\/\\\/lojasosprofessoratividades.com.br\\\/wp-content\\\/uploads\\\/2025\\\/06\\\/Severino-faz-chover-1.jpg\",\"width\":800,\"height\":693},{\"@type\":\"BreadcrumbList\",\"@id\":\"https:\\\/\\\/lojasosprofessoratividades.com.br\\\/produto\\\/atividades-com-texto-adaptado-do-livro-severino-faz-chover\\\/#breadcrumb\",\"itemListElement\":[{\"@type\":\"ListItem\",\"position\":1,\"name\":\"In\u00edcio\",\"item\":\"https:\\\/\\\/lojasosprofessoratividades.com.br\\\/\"},{\"@type\":\"ListItem\",\"position\":2,\"name\":\"Loja\",\"item\":\"https:\\\/\\\/lojasosprofessoratividades.com.br\\\/loja\\\/\"},{\"@type\":\"ListItem\",\"position\":3,\"name\":\"Atividades com texto adaptado do livro &#8220;Severino Faz Chover&#8221;\"}]},{\"@type\":\"WebSite\",\"@id\":\"https:\\\/\\\/lojasosprofessoratividades.com.br\\\/#website\",\"url\":\"https:\\\/\\\/lojasosprofessoratividades.com.br\\\/\",\"name\":\"Loja SOS Professor Atividades\",\"description\":\"Venda de material did\u00e1tico para o ensino fundamental\",\"publisher\":{\"@id\":\"https:\\\/\\\/lojasosprofessoratividades.com.br\\\/#organization\"},\"potentialAction\":[{\"@type\":\"SearchAction\",\"target\":{\"@type\":\"EntryPoint\",\"urlTemplate\":\"https:\\\/\\\/lojasosprofessoratividades.com.br\\\/?s={search_term_string}\"},\"query-input\":{\"@type\":\"PropertyValueSpecification\",\"valueRequired\":true,\"valueName\":\"search_term_string\"}}],\"inLanguage\":\"en-US\"},{\"@type\":\"Organization\",\"@id\":\"https:\\\/\\\/lojasosprofessoratividades.com.br\\\/#organization\",\"name\":\"Loja SOS Professor Atividades\",\"url\":\"https:\\\/\\\/lojasosprofessoratividades.com.br\\\/\",\"logo\":{\"@type\":\"ImageObject\",\"inLanguage\":\"en-US\",\"@id\":\"https:\\\/\\\/lojasosprofessoratividades.com.br\\\/#\\\/schema\\\/logo\\\/image\\\/\",\"url\":\"http:\\\/\\\/lojasosprofessoratividades.com.br\\\/wp-content\\\/uploads\\\/2022\\\/04\\\/Logo.png\",\"contentUrl\":\"http:\\\/\\\/lojasosprofessoratividades.com.br\\\/wp-content\\\/uploads\\\/2022\\\/04\\\/Logo.png\",\"width\":2000,\"height\":2000,\"caption\":\"Loja SOS Professor Atividades\"},\"image\":{\"@id\":\"https:\\\/\\\/lojasosprofessoratividades.com.br\\\/#\\\/schema\\\/logo\\\/image\\\/\"},\"sameAs\":[\"https:\\\/\\\/www.facebook.com\\\/sosprofessoratividades\",\"https:\\\/\\\/www.instagram.com\\\/sosprofessoratividades\\\/\"]}]}<\/script>\n<!-- \/ Yoast SEO plugin. -->","yoast_head_json":{"title":"Atividades com texto adaptado do livro \"Severino Faz Chover\" - Loja SOS Professor Atividades","description":"Atividades sobre o texto \"Severino\" (adapta\u00e7\u00e3o do livro de Ana Maria Machado). Inclui leitura, interpreta\u00e7\u00e3o, gram\u00e1tica, produ\u00e7\u00e3o de texto e gabarito.","robots":{"index":"index","follow":"follow","max-snippet":"max-snippet:-1","max-image-preview":"max-image-preview:large","max-video-preview":"max-video-preview:-1"},"canonical":"https:\/\/lojasosprofessoratividades.com.br\/en\/product\/atividades-com-texto-adaptado-do-livro-severino-faz-chover\/","og_locale":"en_US","og_type":"article","og_title":"Atividades com texto adaptado do livro \"Severino Faz Chover\" - Loja SOS Professor Atividades","og_description":"Atividades sobre o texto \"Severino\" (adapta\u00e7\u00e3o do livro de Ana Maria Machado). Inclui leitura, interpreta\u00e7\u00e3o, gram\u00e1tica, produ\u00e7\u00e3o de texto e gabarito.","og_url":"https:\/\/lojasosprofessoratividades.com.br\/en\/product\/atividades-com-texto-adaptado-do-livro-severino-faz-chover\/","og_site_name":"Loja SOS Professor Atividades","article_publisher":"https:\/\/www.facebook.com\/sosprofessoratividades","article_modified_time":"2026-05-08T18:41:46+00:00","og_image":[{"width":800,"height":693,"url":"https:\/\/lojasosprofessoratividades.com.br\/wp-content\/uploads\/2025\/06\/Severino-faz-chover-1.jpg","type":"image\/jpeg"}],"twitter_card":"summary_large_image","twitter_misc":{"Est. reading time":"1 minute"},"schema":{"@context":"https:\/\/schema.org","@graph":[{"@type":"WebPage","@id":"https:\/\/lojasosprofessoratividades.com.br\/produto\/atividades-com-texto-adaptado-do-livro-severino-faz-chover\/","url":"https:\/\/lojasosprofessoratividades.com.br\/produto\/atividades-com-texto-adaptado-do-livro-severino-faz-chover\/","name":"Atividades com texto adaptado do livro \"Severino Faz Chover\" - Loja SOS Professor Atividades","isPartOf":{"@id":"https:\/\/lojasosprofessoratividades.com.br\/#website"},"primaryImageOfPage":{"@id":"https:\/\/lojasosprofessoratividades.com.br\/produto\/atividades-com-texto-adaptado-do-livro-severino-faz-chover\/#primaryimage"},"image":{"@id":"https:\/\/lojasosprofessoratividades.com.br\/produto\/atividades-com-texto-adaptado-do-livro-severino-faz-chover\/#primaryimage"},"thumbnailUrl":"https:\/\/lojasosprofessoratividades.com.br\/wp-content\/uploads\/2025\/06\/Severino-faz-chover-1.jpg","datePublished":"2025-06-14T16:28:16+00:00","dateModified":"2026-05-08T18:41:46+00:00","description":"Atividades sobre o texto \"Severino\" (adapta\u00e7\u00e3o do livro de Ana Maria Machado). Inclui leitura, interpreta\u00e7\u00e3o, gram\u00e1tica, produ\u00e7\u00e3o de texto e gabarito.","breadcrumb":{"@id":"https:\/\/lojasosprofessoratividades.com.br\/produto\/atividades-com-texto-adaptado-do-livro-severino-faz-chover\/#breadcrumb"},"inLanguage":"en-US","potentialAction":[{"@type":"ReadAction","target":["https:\/\/lojasosprofessoratividades.com.br\/produto\/atividades-com-texto-adaptado-do-livro-severino-faz-chover\/"]}]},{"@type":"ImageObject","inLanguage":"en-US","@id":"https:\/\/lojasosprofessoratividades.com.br\/produto\/atividades-com-texto-adaptado-do-livro-severino-faz-chover\/#primaryimage","url":"https:\/\/lojasosprofessoratividades.com.br\/wp-content\/uploads\/2025\/06\/Severino-faz-chover-1.jpg","contentUrl":"https:\/\/lojasosprofessoratividades.com.br\/wp-content\/uploads\/2025\/06\/Severino-faz-chover-1.jpg","width":800,"height":693},{"@type":"BreadcrumbList","@id":"https:\/\/lojasosprofessoratividades.com.br\/produto\/atividades-com-texto-adaptado-do-livro-severino-faz-chover\/#breadcrumb","itemListElement":[{"@type":"ListItem","position":1,"name":"In\u00edcio","item":"https:\/\/lojasosprofessoratividades.com.br\/"},{"@type":"ListItem","position":2,"name":"Loja","item":"https:\/\/lojasosprofessoratividades.com.br\/loja\/"},{"@type":"ListItem","position":3,"name":"Atividades com texto adaptado do livro &#8220;Severino Faz Chover&#8221;"}]},{"@type":"WebSite","@id":"https:\/\/lojasosprofessoratividades.com.br\/#website","url":"https:\/\/lojasosprofessoratividades.com.br\/","name":"Loja SOS Professor Atividades","description":"Venda de material did\u00e1tico para o ensino fundamental","publisher":{"@id":"https:\/\/lojasosprofessoratividades.com.br\/#organization"},"potentialAction":[{"@type":"SearchAction","target":{"@type":"EntryPoint","urlTemplate":"https:\/\/lojasosprofessoratividades.com.br\/?s={search_term_string}"},"query-input":{"@type":"PropertyValueSpecification","valueRequired":true,"valueName":"search_term_string"}}],"inLanguage":"en-US"},{"@type":"Organization","@id":"https:\/\/lojasosprofessoratividades.com.br\/#organization","name":"Loja SOS Professor Atividades","url":"https:\/\/lojasosprofessoratividades.com.br\/","logo":{"@type":"ImageObject","inLanguage":"en-US","@id":"https:\/\/lojasosprofessoratividades.com.br\/#\/schema\/logo\/image\/","url":"http:\/\/lojasosprofessoratividades.com.br\/wp-content\/uploads\/2022\/04\/Logo.png","contentUrl":"http:\/\/lojasosprofessoratividades.com.br\/wp-content\/uploads\/2022\/04\/Logo.png","width":2000,"height":2000,"caption":"Loja SOS Professor Atividades"},"image":{"@id":"https:\/\/lojasosprofessoratividades.com.br\/#\/schema\/logo\/image\/"},"sameAs":["https:\/\/www.facebook.com\/sosprofessoratividades","https:\/\/www.instagram.com\/sosprofessoratividades\/"]}]}},"_links":{"self":[{"href":"https:\/\/lojasosprofessoratividades.com.br\/en\/wp-json\/wp\/v2\/product\/35200","targetHints":{"allow":["GET"]}}],"collection":[{"href":"https:\/\/lojasosprofessoratividades.com.br\/en\/wp-json\/wp\/v2\/product"}],"about":[{"href":"https:\/\/lojasosprofessoratividades.com.br\/en\/wp-json\/wp\/v2\/types\/product"}],"replies":[{"embeddable":true,"href":"https:\/\/lojasosprofessoratividades.com.br\/en\/wp-json\/wp\/v2\/comments?post=35200"}],"wp:featuredmedia":[{"embeddable":true,"href":"https:\/\/lojasosprofessoratividades.com.br\/en\/wp-json\/wp\/v2\/media\/35202"}],"wp:attachment":[{"href":"https:\/\/lojasosprofessoratividades.com.br\/en\/wp-json\/wp\/v2\/media?parent=35200"}],"wp:term":[{"taxonomy":"product_brand","embeddable":true,"href":"https:\/\/lojasosprofessoratividades.com.br\/en\/wp-json\/wp\/v2\/product_brand?post=35200"},{"taxonomy":"product_cat","embeddable":true,"href":"https:\/\/lojasosprofessoratividades.com.br\/en\/wp-json\/wp\/v2\/product_cat?post=35200"},{"taxonomy":"product_tag","embeddable":true,"href":"https:\/\/lojasosprofessoratividades.com.br\/en\/wp-json\/wp\/v2\/product_tag?post=35200"}],"curies":[{"name":"wp","href":"https:\/\/api.w.org\/{rel}","templated":true}]}}