{"id":35271,"date":"2025-07-10T18:59:39","date_gmt":"2025-07-10T21:59:39","guid":{"rendered":"https:\/\/lojasosprofessoratividades.com.br\/?post_type=product&#038;p=35271"},"modified":"2026-05-08T15:35:08","modified_gmt":"2026-05-08T18:35:08","slug":"sequencia-didatica-sobre-a-lenda-do-bumba-meu-boi","status":"publish","type":"product","link":"https:\/\/lojasosprofessoratividades.com.br\/en\/product\/sequencia-didatica-sobre-a-lenda-do-bumba-meu-boi\/","title":{"rendered":"Sequ\u00eancia Did\u00e1tica sobre a Lenda do Bumba Meu Boi"},"content":{"rendered":"","protected":false},"excerpt":{"rendered":"<p data-start=\"296\" data-end=\"465\">Transforme sua sala de aula em um espa\u00e7o de cultura, leitura e aprendizagem divertida com esta sequ\u00eancia did\u00e1tica interdisciplinar inspirada na Lenda do Bumba Meu Boi!<\/p>\n<p data-start=\"467\" data-end=\"674\">Pensado especialmente para as turmas do <strong data-start=\"507\" data-end=\"522\">4\u00ba e 5\u00ba ano<\/strong>, o material oferece uma proposta envolvente, com atividades de <strong data-start=\"586\" data-end=\"643\">L\u00edngua Portuguesa, Matem\u00e1tica, Arte e Cultura Popular<\/strong>, integradas de forma criativa.<\/p>\n<p data-start=\"676\" data-end=\"1325\"><strong data-start=\"679\" data-end=\"714\">O que voc\u00ea encontra no arquivo:<\/strong><br data-start=\"714\" data-end=\"717\" \/>\u2705 Leitura da lenda e atividades de interpreta\u00e7\u00e3o de texto<br data-start=\"774\" data-end=\"777\" \/>\u2705 Gram\u00e1tica com revis\u00e3o de adjetivos no contexto da hist\u00f3ria<br data-start=\"837\" data-end=\"840\" \/>\u2705 Situa\u00e7\u00f5es-problema com as 4 opera\u00e7\u00f5es (contextualizadas na narrativa)<br data-start=\"911\" data-end=\"914\" \/>\u2705 Produ\u00e7\u00e3o de texto criativa com roteiro ilustrado<br data-start=\"964\" data-end=\"967\" \/>\u2705 Estudo do g\u00eanero textual <strong data-start=\"994\" data-end=\"1005\">receita<\/strong> \u2013 Como fazer l\u00edngua de boi<br data-start=\"1032\" data-end=\"1035\" \/>\u2705 Atividade matem\u00e1tica: <strong data-start=\"1059\" data-end=\"1084\">triplicando a receita<\/strong> (propor\u00e7\u00f5es e fra\u00e7\u00f5es)<br data-start=\"1107\" data-end=\"1110\" \/>\u2705 Quebra-cabe\u00e7a matem\u00e1tico\u00a0<br data-start=\"1160\" data-end=\"1163\" \/>\u2705 <strong data-start=\"1165\" data-end=\"1187\">Atividade de arte:<\/strong> Bumba Meu Boi feito com rolinho de papel higi\u00eanico (craft criativo e sustent\u00e1vel)<br data-start=\"1269\" data-end=\"1272\" \/>\u2705 Plano de aula completo com 5 encontros + gabarito<\/p>\n<p data-start=\"1327\" data-end=\"1468\">\u00a0A proposta de arte trabalha express\u00e3o criativa, coordena\u00e7\u00e3o motora e refor\u00e7a a identidade cultural da lenda de forma concreta e divertida!<\/p>\n<p data-start=\"1327\" data-end=\"1468\">Ideal para professores que buscam um recurso completo, interdisciplinar e cheio de significado!<\/p>\n<h3>N\u00e3o enviamos por e-mail, a entrega \u00e9 via link para download. \ud83d\udc47<\/h3>\n<p><img loading=\"lazy\" decoding=\"async\" class=\"alignnone wp-image-35160 size-full\" src=\"https:\/\/lojasosprofessoratividades.com.br\/wp-content\/uploads\/2025\/06\/Aviso-Loja-atual.jpg\" alt=\"\" width=\"446\" height=\"251\" srcset=\"https:\/\/lojasosprofessoratividades.com.br\/wp-content\/uploads\/2025\/06\/Aviso-Loja-atual.jpg 446w, https:\/\/lojasosprofessoratividades.com.br\/wp-content\/uploads\/2025\/06\/Aviso-Loja-atual-300x169.jpg 300w, https:\/\/lojasosprofessoratividades.com.br\/wp-content\/uploads\/2025\/06\/Aviso-Loja-atual-18x10.jpg 18w\" sizes=\"auto, (max-width: 446px) 100vw, 446px\" \/><\/p>","protected":false},"featured_media":35494,"comment_status":"open","ping_status":"closed","template":"","meta":[],"product_brand":[],"product_cat":[125,127,216,218,205,194,204,195],"product_tag":[253,248,2173,1580,2030,2034,546,1844,2027,2174,1031,544,250,2028,2031,2032,574,718,2029,2035,251,2033,342],"class_list":{"0":"post-35271","1":"product","2":"type-product","3":"status-publish","4":"has-post-thumbnail","6":"product_cat-4o-ano","7":"product_cat-5o-ano","8":"product_cat-data-comemorativa-4-ano","9":"product_cat-data-comemorativa-5-ano","10":"product_cat-matematica-5-ano","11":"product_cat-matematica-4-ano","12":"product_cat-portugues-5-anos","13":"product_cat-portugues-4-ano","14":"product_tag-4o-ano","15":"product_tag-5o-ano","16":"product_tag-arte","17":"product_tag-atividade-ensino-fundamental","18":"product_tag-atividades-bumba-meu-boi","19":"product_tag-atividades-com-fracoes","20":"product_tag-atividades-pedagogicas","21":"product_tag-aula-interdisciplinar","22":"product_tag-bumba-meu-boi","23":"product_tag-craft","24":"product_tag-cultura-popular-brasileira","25":"product_tag-folclore-brasileiro","26":"product_tag-interpretacao-de-texto","27":"product_tag-lenda-do-bumba-meu-boi","28":"product_tag-lenda-para-o-4o-ano","29":"product_tag-lenda-para-o-5o-ano","30":"product_tag-lendas-brasileiras","31":"product_tag-material-para-professores","32":"product_tag-plano-de-aula-bumba-meu-boi","33":"product_tag-problemas-matematicos","34":"product_tag-producao-de-texto","35":"product_tag-receita-tipica","36":"product_tag-sequencia-didatica","38":"first","39":"instock","40":"sale","41":"downloadable","42":"virtual","43":"sold-individually","44":"purchasable","45":"product-type-simple"},"yoast_head":"<!-- This site is optimized with the Yoast SEO plugin v27.6 - https:\/\/yoast.com\/product\/yoast-seo-wordpress\/ -->\n<title>Sequ\u00eancia Did\u00e1tica sobre a Lenda do Bumba Meu Boi - Loja SOS Professor Atividades<\/title>\n<meta name=\"description\" content=\"Sequ\u00eancia did\u00e1tica completa com leitura, produ\u00e7\u00e3o de texto, problemas matem\u00e1ticos e receita t\u00edpica, arte, baseada na lenda do Bumba Meu Boi.\" \/>\n<meta name=\"robots\" content=\"index, follow, max-snippet:-1, max-image-preview:large, max-video-preview:-1\" \/>\n<link rel=\"canonical\" href=\"https:\/\/lojasosprofessoratividades.com.br\/en\/product\/sequencia-didatica-sobre-a-lenda-do-bumba-meu-boi\/\" \/>\n<meta property=\"og:locale\" content=\"en_US\" \/>\n<meta property=\"og:type\" content=\"article\" \/>\n<meta property=\"og:title\" content=\"Sequ\u00eancia Did\u00e1tica sobre a Lenda do Bumba Meu Boi - Loja SOS Professor Atividades\" \/>\n<meta property=\"og:description\" content=\"Sequ\u00eancia did\u00e1tica completa com leitura, produ\u00e7\u00e3o de texto, problemas matem\u00e1ticos e receita t\u00edpica, arte, baseada na lenda do Bumba Meu Boi.\" \/>\n<meta property=\"og:url\" content=\"https:\/\/lojasosprofessoratividades.com.br\/en\/product\/sequencia-didatica-sobre-a-lenda-do-bumba-meu-boi\/\" \/>\n<meta property=\"og:site_name\" content=\"Loja SOS Professor Atividades\" \/>\n<meta property=\"article:publisher\" content=\"https:\/\/www.facebook.com\/sosprofessoratividades\" \/>\n<meta property=\"article:modified_time\" content=\"2026-05-08T18:35:08+00:00\" \/>\n<meta property=\"og:image\" content=\"https:\/\/lojasosprofessoratividades.com.br\/wp-content\/uploads\/2025\/07\/Sequencia-Didatica-sobre-a-Lenda-do-Bumba-Meu-Boi-1.jpg\" \/>\n\t<meta property=\"og:image:width\" content=\"800\" \/>\n\t<meta property=\"og:image:height\" content=\"693\" \/>\n\t<meta property=\"og:image:type\" content=\"image\/jpeg\" \/>\n<meta name=\"twitter:card\" content=\"summary_large_image\" \/>\n<meta name=\"twitter:label1\" content=\"Est. reading time\" \/>\n\t<meta name=\"twitter:data1\" content=\"1 minute\" \/>\n<script type=\"application\/ld+json\" class=\"yoast-schema-graph\">{\"@context\":\"https:\\\/\\\/schema.org\",\"@graph\":[{\"@type\":\"WebPage\",\"@id\":\"https:\\\/\\\/lojasosprofessoratividades.com.br\\\/produto\\\/sequencia-didatica-sobre-a-lenda-do-bumba-meu-boi\\\/\",\"url\":\"https:\\\/\\\/lojasosprofessoratividades.com.br\\\/produto\\\/sequencia-didatica-sobre-a-lenda-do-bumba-meu-boi\\\/\",\"name\":\"Sequ\u00eancia Did\u00e1tica sobre a Lenda do Bumba Meu Boi - Loja SOS Professor Atividades\",\"isPartOf\":{\"@id\":\"https:\\\/\\\/lojasosprofessoratividades.com.br\\\/#website\"},\"primaryImageOfPage\":{\"@id\":\"https:\\\/\\\/lojasosprofessoratividades.com.br\\\/produto\\\/sequencia-didatica-sobre-a-lenda-do-bumba-meu-boi\\\/#primaryimage\"},\"image\":{\"@id\":\"https:\\\/\\\/lojasosprofessoratividades.com.br\\\/produto\\\/sequencia-didatica-sobre-a-lenda-do-bumba-meu-boi\\\/#primaryimage\"},\"thumbnailUrl\":\"https:\\\/\\\/lojasosprofessoratividades.com.br\\\/wp-content\\\/uploads\\\/2025\\\/07\\\/Sequencia-Didatica-sobre-a-Lenda-do-Bumba-Meu-Boi-1.jpg\",\"datePublished\":\"2025-07-10T21:59:39+00:00\",\"dateModified\":\"2026-05-08T18:35:08+00:00\",\"description\":\"Sequ\u00eancia did\u00e1tica completa com leitura, produ\u00e7\u00e3o de texto, problemas matem\u00e1ticos e receita t\u00edpica, arte, baseada na lenda do Bumba Meu Boi.\",\"breadcrumb\":{\"@id\":\"https:\\\/\\\/lojasosprofessoratividades.com.br\\\/produto\\\/sequencia-didatica-sobre-a-lenda-do-bumba-meu-boi\\\/#breadcrumb\"},\"inLanguage\":\"en-US\",\"potentialAction\":[{\"@type\":\"ReadAction\",\"target\":[\"https:\\\/\\\/lojasosprofessoratividades.com.br\\\/produto\\\/sequencia-didatica-sobre-a-lenda-do-bumba-meu-boi\\\/\"]}]},{\"@type\":\"ImageObject\",\"inLanguage\":\"en-US\",\"@id\":\"https:\\\/\\\/lojasosprofessoratividades.com.br\\\/produto\\\/sequencia-didatica-sobre-a-lenda-do-bumba-meu-boi\\\/#primaryimage\",\"url\":\"https:\\\/\\\/lojasosprofessoratividades.com.br\\\/wp-content\\\/uploads\\\/2025\\\/07\\\/Sequencia-Didatica-sobre-a-Lenda-do-Bumba-Meu-Boi-1.jpg\",\"contentUrl\":\"https:\\\/\\\/lojasosprofessoratividades.com.br\\\/wp-content\\\/uploads\\\/2025\\\/07\\\/Sequencia-Didatica-sobre-a-Lenda-do-Bumba-Meu-Boi-1.jpg\",\"width\":800,\"height\":693,\"caption\":\"Sequ\u00eancia Did\u00e1tica sobre a Lenda do Bumba Meu Boi\"},{\"@type\":\"BreadcrumbList\",\"@id\":\"https:\\\/\\\/lojasosprofessoratividades.com.br\\\/produto\\\/sequencia-didatica-sobre-a-lenda-do-bumba-meu-boi\\\/#breadcrumb\",\"itemListElement\":[{\"@type\":\"ListItem\",\"position\":1,\"name\":\"In\u00edcio\",\"item\":\"https:\\\/\\\/lojasosprofessoratividades.com.br\\\/\"},{\"@type\":\"ListItem\",\"position\":2,\"name\":\"Loja\",\"item\":\"https:\\\/\\\/lojasosprofessoratividades.com.br\\\/loja\\\/\"},{\"@type\":\"ListItem\",\"position\":3,\"name\":\"Sequ\u00eancia Did\u00e1tica sobre a Lenda do Bumba Meu Boi\"}]},{\"@type\":\"WebSite\",\"@id\":\"https:\\\/\\\/lojasosprofessoratividades.com.br\\\/#website\",\"url\":\"https:\\\/\\\/lojasosprofessoratividades.com.br\\\/\",\"name\":\"Loja SOS Professor Atividades\",\"description\":\"Venda de material did\u00e1tico para o ensino fundamental\",\"publisher\":{\"@id\":\"https:\\\/\\\/lojasosprofessoratividades.com.br\\\/#organization\"},\"potentialAction\":[{\"@type\":\"SearchAction\",\"target\":{\"@type\":\"EntryPoint\",\"urlTemplate\":\"https:\\\/\\\/lojasosprofessoratividades.com.br\\\/?s={search_term_string}\"},\"query-input\":{\"@type\":\"PropertyValueSpecification\",\"valueRequired\":true,\"valueName\":\"search_term_string\"}}],\"inLanguage\":\"en-US\"},{\"@type\":\"Organization\",\"@id\":\"https:\\\/\\\/lojasosprofessoratividades.com.br\\\/#organization\",\"name\":\"Loja SOS Professor Atividades\",\"url\":\"https:\\\/\\\/lojasosprofessoratividades.com.br\\\/\",\"logo\":{\"@type\":\"ImageObject\",\"inLanguage\":\"en-US\",\"@id\":\"https:\\\/\\\/lojasosprofessoratividades.com.br\\\/#\\\/schema\\\/logo\\\/image\\\/\",\"url\":\"http:\\\/\\\/lojasosprofessoratividades.com.br\\\/wp-content\\\/uploads\\\/2022\\\/04\\\/Logo.png\",\"contentUrl\":\"http:\\\/\\\/lojasosprofessoratividades.com.br\\\/wp-content\\\/uploads\\\/2022\\\/04\\\/Logo.png\",\"width\":2000,\"height\":2000,\"caption\":\"Loja SOS Professor Atividades\"},\"image\":{\"@id\":\"https:\\\/\\\/lojasosprofessoratividades.com.br\\\/#\\\/schema\\\/logo\\\/image\\\/\"},\"sameAs\":[\"https:\\\/\\\/www.facebook.com\\\/sosprofessoratividades\",\"https:\\\/\\\/www.instagram.com\\\/sosprofessoratividades\\\/\"]}]}<\/script>\n<!-- \/ Yoast SEO plugin. -->","yoast_head_json":{"title":"Sequ\u00eancia Did\u00e1tica sobre a Lenda do Bumba Meu Boi - Loja SOS Professor Atividades","description":"Sequ\u00eancia did\u00e1tica completa com leitura, produ\u00e7\u00e3o de texto, problemas matem\u00e1ticos e receita t\u00edpica, arte, baseada na lenda do Bumba Meu Boi.","robots":{"index":"index","follow":"follow","max-snippet":"max-snippet:-1","max-image-preview":"max-image-preview:large","max-video-preview":"max-video-preview:-1"},"canonical":"https:\/\/lojasosprofessoratividades.com.br\/en\/product\/sequencia-didatica-sobre-a-lenda-do-bumba-meu-boi\/","og_locale":"en_US","og_type":"article","og_title":"Sequ\u00eancia Did\u00e1tica sobre a Lenda do Bumba Meu Boi - Loja SOS Professor Atividades","og_description":"Sequ\u00eancia did\u00e1tica completa com leitura, produ\u00e7\u00e3o de texto, problemas matem\u00e1ticos e receita t\u00edpica, arte, baseada na lenda do Bumba Meu Boi.","og_url":"https:\/\/lojasosprofessoratividades.com.br\/en\/product\/sequencia-didatica-sobre-a-lenda-do-bumba-meu-boi\/","og_site_name":"Loja SOS Professor Atividades","article_publisher":"https:\/\/www.facebook.com\/sosprofessoratividades","article_modified_time":"2026-05-08T18:35:08+00:00","og_image":[{"width":800,"height":693,"url":"https:\/\/lojasosprofessoratividades.com.br\/wp-content\/uploads\/2025\/07\/Sequencia-Didatica-sobre-a-Lenda-do-Bumba-Meu-Boi-1.jpg","type":"image\/jpeg"}],"twitter_card":"summary_large_image","twitter_misc":{"Est. reading time":"1 minute"},"schema":{"@context":"https:\/\/schema.org","@graph":[{"@type":"WebPage","@id":"https:\/\/lojasosprofessoratividades.com.br\/produto\/sequencia-didatica-sobre-a-lenda-do-bumba-meu-boi\/","url":"https:\/\/lojasosprofessoratividades.com.br\/produto\/sequencia-didatica-sobre-a-lenda-do-bumba-meu-boi\/","name":"Sequ\u00eancia Did\u00e1tica sobre a Lenda do Bumba Meu Boi - Loja SOS Professor Atividades","isPartOf":{"@id":"https:\/\/lojasosprofessoratividades.com.br\/#website"},"primaryImageOfPage":{"@id":"https:\/\/lojasosprofessoratividades.com.br\/produto\/sequencia-didatica-sobre-a-lenda-do-bumba-meu-boi\/#primaryimage"},"image":{"@id":"https:\/\/lojasosprofessoratividades.com.br\/produto\/sequencia-didatica-sobre-a-lenda-do-bumba-meu-boi\/#primaryimage"},"thumbnailUrl":"https:\/\/lojasosprofessoratividades.com.br\/wp-content\/uploads\/2025\/07\/Sequencia-Didatica-sobre-a-Lenda-do-Bumba-Meu-Boi-1.jpg","datePublished":"2025-07-10T21:59:39+00:00","dateModified":"2026-05-08T18:35:08+00:00","description":"Sequ\u00eancia did\u00e1tica completa com leitura, produ\u00e7\u00e3o de texto, problemas matem\u00e1ticos e receita t\u00edpica, arte, baseada na lenda do Bumba Meu Boi.","breadcrumb":{"@id":"https:\/\/lojasosprofessoratividades.com.br\/produto\/sequencia-didatica-sobre-a-lenda-do-bumba-meu-boi\/#breadcrumb"},"inLanguage":"en-US","potentialAction":[{"@type":"ReadAction","target":["https:\/\/lojasosprofessoratividades.com.br\/produto\/sequencia-didatica-sobre-a-lenda-do-bumba-meu-boi\/"]}]},{"@type":"ImageObject","inLanguage":"en-US","@id":"https:\/\/lojasosprofessoratividades.com.br\/produto\/sequencia-didatica-sobre-a-lenda-do-bumba-meu-boi\/#primaryimage","url":"https:\/\/lojasosprofessoratividades.com.br\/wp-content\/uploads\/2025\/07\/Sequencia-Didatica-sobre-a-Lenda-do-Bumba-Meu-Boi-1.jpg","contentUrl":"https:\/\/lojasosprofessoratividades.com.br\/wp-content\/uploads\/2025\/07\/Sequencia-Didatica-sobre-a-Lenda-do-Bumba-Meu-Boi-1.jpg","width":800,"height":693,"caption":"Sequ\u00eancia Did\u00e1tica sobre a Lenda do Bumba Meu Boi"},{"@type":"BreadcrumbList","@id":"https:\/\/lojasosprofessoratividades.com.br\/produto\/sequencia-didatica-sobre-a-lenda-do-bumba-meu-boi\/#breadcrumb","itemListElement":[{"@type":"ListItem","position":1,"name":"In\u00edcio","item":"https:\/\/lojasosprofessoratividades.com.br\/"},{"@type":"ListItem","position":2,"name":"Loja","item":"https:\/\/lojasosprofessoratividades.com.br\/loja\/"},{"@type":"ListItem","position":3,"name":"Sequ\u00eancia Did\u00e1tica sobre a Lenda do Bumba Meu Boi"}]},{"@type":"WebSite","@id":"https:\/\/lojasosprofessoratividades.com.br\/#website","url":"https:\/\/lojasosprofessoratividades.com.br\/","name":"Loja SOS Professor Atividades","description":"Venda de material did\u00e1tico para o ensino fundamental","publisher":{"@id":"https:\/\/lojasosprofessoratividades.com.br\/#organization"},"potentialAction":[{"@type":"SearchAction","target":{"@type":"EntryPoint","urlTemplate":"https:\/\/lojasosprofessoratividades.com.br\/?s={search_term_string}"},"query-input":{"@type":"PropertyValueSpecification","valueRequired":true,"valueName":"search_term_string"}}],"inLanguage":"en-US"},{"@type":"Organization","@id":"https:\/\/lojasosprofessoratividades.com.br\/#organization","name":"Loja SOS Professor Atividades","url":"https:\/\/lojasosprofessoratividades.com.br\/","logo":{"@type":"ImageObject","inLanguage":"en-US","@id":"https:\/\/lojasosprofessoratividades.com.br\/#\/schema\/logo\/image\/","url":"http:\/\/lojasosprofessoratividades.com.br\/wp-content\/uploads\/2022\/04\/Logo.png","contentUrl":"http:\/\/lojasosprofessoratividades.com.br\/wp-content\/uploads\/2022\/04\/Logo.png","width":2000,"height":2000,"caption":"Loja SOS Professor Atividades"},"image":{"@id":"https:\/\/lojasosprofessoratividades.com.br\/#\/schema\/logo\/image\/"},"sameAs":["https:\/\/www.facebook.com\/sosprofessoratividades","https:\/\/www.instagram.com\/sosprofessoratividades\/"]}]}},"_links":{"self":[{"href":"https:\/\/lojasosprofessoratividades.com.br\/en\/wp-json\/wp\/v2\/product\/35271","targetHints":{"allow":["GET"]}}],"collection":[{"href":"https:\/\/lojasosprofessoratividades.com.br\/en\/wp-json\/wp\/v2\/product"}],"about":[{"href":"https:\/\/lojasosprofessoratividades.com.br\/en\/wp-json\/wp\/v2\/types\/product"}],"replies":[{"embeddable":true,"href":"https:\/\/lojasosprofessoratividades.com.br\/en\/wp-json\/wp\/v2\/comments?post=35271"}],"wp:featuredmedia":[{"embeddable":true,"href":"https:\/\/lojasosprofessoratividades.com.br\/en\/wp-json\/wp\/v2\/media\/35494"}],"wp:attachment":[{"href":"https:\/\/lojasosprofessoratividades.com.br\/en\/wp-json\/wp\/v2\/media?parent=35271"}],"wp:term":[{"taxonomy":"product_brand","embeddable":true,"href":"https:\/\/lojasosprofessoratividades.com.br\/en\/wp-json\/wp\/v2\/product_brand?post=35271"},{"taxonomy":"product_cat","embeddable":true,"href":"https:\/\/lojasosprofessoratividades.com.br\/en\/wp-json\/wp\/v2\/product_cat?post=35271"},{"taxonomy":"product_tag","embeddable":true,"href":"https:\/\/lojasosprofessoratividades.com.br\/en\/wp-json\/wp\/v2\/product_tag?post=35271"}],"curies":[{"name":"wp","href":"https:\/\/api.w.org\/{rel}","templated":true}]}}