{"id":35283,"date":"2025-06-20T14:13:53","date_gmt":"2025-06-20T17:13:53","guid":{"rendered":"https:\/\/lojasosprofessoratividades.com.br\/?post_type=product&#038;p=35283"},"modified":"2026-05-08T15:42:25","modified_gmt":"2026-05-08T18:42:25","slug":"cartazes-missao-cumprida-ferias","status":"publish","type":"product","link":"https:\/\/lojasosprofessoratividades.com.br\/en\/product\/cartazes-missao-cumprida-ferias\/","title":{"rendered":"Cartazes &#8211; Miss\u00e3o cumprida, F\u00e9rias!"},"content":{"rendered":"","protected":false},"excerpt":{"rendered":"<p data-start=\"116\" data-end=\"235\">Celebre o fim do semestre com muito charme na sua sala!<\/p>\n<p data-start=\"237\" data-end=\"427\">Este material cont\u00e9m <strong data-start=\"258\" data-end=\"282\">2 cartazes tem\u00e1ticos<\/strong> super especiais:<br data-start=\"299\" data-end=\"302\" \/>\ud83d\udd8d\ufe0f 1 vers\u00e3o <strong data-start=\"315\" data-end=\"327\">colorida<\/strong> para decorar e encantar<br data-start=\"351\" data-end=\"354\" \/>\ud83d\udd8d\ufe0f 1 vers\u00e3o <strong data-start=\"367\" data-end=\"383\">para colorir<\/strong>, ideal para envolver os alunos na despedida<\/p>\n<p data-start=\"429\" data-end=\"653\">\ud83d\udccf <strong data-start=\"432\" data-end=\"452\">Tamanho gigante:<\/strong> aproximadamente <strong data-start=\"469\" data-end=\"499\">138 x 76 cm (20 folhas A4)<\/strong> \u2013 perfeito para murais, portas e pain\u00e9is!<br data-start=\"541\" data-end=\"544\" \/>\ud83d\udcc4 <strong data-start=\"547\" data-end=\"579\">Vers\u00e3o em folhas A4 inclu\u00edda<\/strong>, ideal para <strong data-start=\"592\" data-end=\"652\">amplia\u00e7\u00e3o pr\u00e1tica e f\u00e1cil.<\/strong><\/p>\n<p data-start=\"655\" data-end=\"757\">\ud83c\udf1f Ideal para fechar o semestre com alegria e refor\u00e7ar o sentimento de dever cumprido com os pequenos!<\/p>\n<p data-start=\"759\" data-end=\"880\">\ud83d\udc49 <strong data-start=\"762\" data-end=\"798\">Download imediato ap\u00f3s a compra.<\/strong><br data-start=\"798\" data-end=\"801\" \/>Crie mem\u00f3rias afetivas e transforme o fim das aulas em um momento inesquec\u00edvel!<\/p>\n<h3>N\u00e3o enviamos por e-mail, a entrega \u00e9 via link para download. \ud83d\udc47<\/h3>\n<p><img loading=\"lazy\" decoding=\"async\" class=\"alignnone wp-image-35160 size-full\" src=\"https:\/\/lojasosprofessoratividades.com.br\/wp-content\/uploads\/2025\/06\/Aviso-Loja-atual.jpg\" alt=\"\" width=\"446\" height=\"251\" srcset=\"https:\/\/lojasosprofessoratividades.com.br\/wp-content\/uploads\/2025\/06\/Aviso-Loja-atual.jpg 446w, https:\/\/lojasosprofessoratividades.com.br\/wp-content\/uploads\/2025\/06\/Aviso-Loja-atual-300x169.jpg 300w, https:\/\/lojasosprofessoratividades.com.br\/wp-content\/uploads\/2025\/06\/Aviso-Loja-atual-18x10.jpg 18w\" sizes=\"auto, (max-width: 446px) 100vw, 446px\" \/><\/p>","protected":false},"featured_media":35285,"comment_status":"open","ping_status":"closed","template":"","meta":[],"product_brand":[],"product_cat":[122,123,124,125,127,1857,216,218,210,214,212],"product_tag":[2039,2041,2037,2036,1737,1065,607,2038,1912,2040,2042,229],"class_list":{"0":"post-35283","1":"product","2":"type-product","3":"status-publish","4":"has-post-thumbnail","6":"product_cat-1o-ano","7":"product_cat-2o-ano","8":"product_cat-3o-ano","9":"product_cat-4o-ano","10":"product_cat-5o-ano","11":"product_cat-arte","12":"product_cat-data-comemorativa-4-ano","13":"product_cat-data-comemorativa-5-ano","14":"product_cat-data-comemorativa-1-ano","15":"product_cat-data-comemorativa-3-ano","16":"product_cat-data-comemorativa-2-ano","17":"product_tag-arquivo-digital-educativo","18":"product_tag-cartaz-colorido-infantil","19":"product_tag-cartaz-de-ferias","20":"product_tag-cartaz-missao-cumprida","21":"product_tag-cartaz-para-colorir","22":"product_tag-cartaz-para-imprimir","23":"product_tag-decoracao-escolar","24":"product_tag-fim-do-semestre","25":"product_tag-painel-para-escola","26":"product_tag-painel-pedagogico","27":"product_tag-recesso","28":"product_tag-recesso-escolar","30":"first","31":"instock","32":"downloadable","33":"virtual","34":"sold-individually","35":"purchasable","36":"product-type-simple"},"yoast_head":"<!-- This site is optimized with the Yoast SEO plugin v27.6 - https:\/\/yoast.com\/product\/yoast-seo-wordpress\/ -->\n<title>Cartazes - Miss\u00e3o cumprida, F\u00e9rias! - Loja SOS Professor Atividades<\/title>\n<meta name=\"description\" content=\"Cartaz digital \u201cMiss\u00e3o Cumprida, F\u00e9rias\u201d com vers\u00e3o colorida e para colorir. Ideal para murais escolares. Tamanho grande: 138x76 cm.\" \/>\n<meta name=\"robots\" content=\"index, follow, max-snippet:-1, max-image-preview:large, max-video-preview:-1\" \/>\n<link rel=\"canonical\" href=\"https:\/\/lojasosprofessoratividades.com.br\/en\/product\/cartazes-missao-cumprida-ferias\/\" \/>\n<meta property=\"og:locale\" content=\"en_US\" \/>\n<meta property=\"og:type\" content=\"article\" \/>\n<meta property=\"og:title\" content=\"Cartazes - Miss\u00e3o cumprida, F\u00e9rias! - Loja SOS Professor Atividades\" \/>\n<meta property=\"og:description\" content=\"Cartaz digital \u201cMiss\u00e3o Cumprida, F\u00e9rias\u201d com vers\u00e3o colorida e para colorir. Ideal para murais escolares. Tamanho grande: 138x76 cm.\" \/>\n<meta property=\"og:url\" content=\"https:\/\/lojasosprofessoratividades.com.br\/en\/product\/cartazes-missao-cumprida-ferias\/\" \/>\n<meta property=\"og:site_name\" content=\"Loja SOS Professor Atividades\" \/>\n<meta property=\"article:publisher\" content=\"https:\/\/www.facebook.com\/sosprofessoratividades\" \/>\n<meta property=\"article:modified_time\" content=\"2026-05-08T18:42:25+00:00\" \/>\n<meta property=\"og:image\" content=\"https:\/\/lojasosprofessoratividades.com.br\/wp-content\/uploads\/2025\/06\/Cartazes-Missao-cumprida-Ferias-1.jpg\" \/>\n\t<meta property=\"og:image:width\" content=\"800\" \/>\n\t<meta property=\"og:image:height\" content=\"693\" \/>\n\t<meta property=\"og:image:type\" content=\"image\/jpeg\" \/>\n<meta name=\"twitter:card\" content=\"summary_large_image\" \/>\n<meta name=\"twitter:label1\" content=\"Est. reading time\" \/>\n\t<meta name=\"twitter:data1\" content=\"1 minute\" \/>\n<script type=\"application\/ld+json\" class=\"yoast-schema-graph\">{\"@context\":\"https:\\\/\\\/schema.org\",\"@graph\":[{\"@type\":\"WebPage\",\"@id\":\"https:\\\/\\\/lojasosprofessoratividades.com.br\\\/produto\\\/cartazes-missao-cumprida-ferias\\\/\",\"url\":\"https:\\\/\\\/lojasosprofessoratividades.com.br\\\/produto\\\/cartazes-missao-cumprida-ferias\\\/\",\"name\":\"Cartazes - Miss\u00e3o cumprida, F\u00e9rias! - Loja SOS Professor Atividades\",\"isPartOf\":{\"@id\":\"https:\\\/\\\/lojasosprofessoratividades.com.br\\\/#website\"},\"primaryImageOfPage\":{\"@id\":\"https:\\\/\\\/lojasosprofessoratividades.com.br\\\/produto\\\/cartazes-missao-cumprida-ferias\\\/#primaryimage\"},\"image\":{\"@id\":\"https:\\\/\\\/lojasosprofessoratividades.com.br\\\/produto\\\/cartazes-missao-cumprida-ferias\\\/#primaryimage\"},\"thumbnailUrl\":\"https:\\\/\\\/lojasosprofessoratividades.com.br\\\/wp-content\\\/uploads\\\/2025\\\/06\\\/Cartazes-Missao-cumprida-Ferias-1.jpg\",\"datePublished\":\"2025-06-20T17:13:53+00:00\",\"dateModified\":\"2026-05-08T18:42:25+00:00\",\"description\":\"Cartaz digital \u201cMiss\u00e3o Cumprida, F\u00e9rias\u201d com vers\u00e3o colorida e para colorir. Ideal para murais escolares. Tamanho grande: 138x76 cm.\",\"breadcrumb\":{\"@id\":\"https:\\\/\\\/lojasosprofessoratividades.com.br\\\/produto\\\/cartazes-missao-cumprida-ferias\\\/#breadcrumb\"},\"inLanguage\":\"en-US\",\"potentialAction\":[{\"@type\":\"ReadAction\",\"target\":[\"https:\\\/\\\/lojasosprofessoratividades.com.br\\\/produto\\\/cartazes-missao-cumprida-ferias\\\/\"]}]},{\"@type\":\"ImageObject\",\"inLanguage\":\"en-US\",\"@id\":\"https:\\\/\\\/lojasosprofessoratividades.com.br\\\/produto\\\/cartazes-missao-cumprida-ferias\\\/#primaryimage\",\"url\":\"https:\\\/\\\/lojasosprofessoratividades.com.br\\\/wp-content\\\/uploads\\\/2025\\\/06\\\/Cartazes-Missao-cumprida-Ferias-1.jpg\",\"contentUrl\":\"https:\\\/\\\/lojasosprofessoratividades.com.br\\\/wp-content\\\/uploads\\\/2025\\\/06\\\/Cartazes-Missao-cumprida-Ferias-1.jpg\",\"width\":800,\"height\":693},{\"@type\":\"BreadcrumbList\",\"@id\":\"https:\\\/\\\/lojasosprofessoratividades.com.br\\\/produto\\\/cartazes-missao-cumprida-ferias\\\/#breadcrumb\",\"itemListElement\":[{\"@type\":\"ListItem\",\"position\":1,\"name\":\"In\u00edcio\",\"item\":\"https:\\\/\\\/lojasosprofessoratividades.com.br\\\/\"},{\"@type\":\"ListItem\",\"position\":2,\"name\":\"Loja\",\"item\":\"https:\\\/\\\/lojasosprofessoratividades.com.br\\\/loja\\\/\"},{\"@type\":\"ListItem\",\"position\":3,\"name\":\"Cartazes &#8211; Miss\u00e3o cumprida, F\u00e9rias!\"}]},{\"@type\":\"WebSite\",\"@id\":\"https:\\\/\\\/lojasosprofessoratividades.com.br\\\/#website\",\"url\":\"https:\\\/\\\/lojasosprofessoratividades.com.br\\\/\",\"name\":\"Loja SOS Professor Atividades\",\"description\":\"Venda de material did\u00e1tico para o ensino fundamental\",\"publisher\":{\"@id\":\"https:\\\/\\\/lojasosprofessoratividades.com.br\\\/#organization\"},\"potentialAction\":[{\"@type\":\"SearchAction\",\"target\":{\"@type\":\"EntryPoint\",\"urlTemplate\":\"https:\\\/\\\/lojasosprofessoratividades.com.br\\\/?s={search_term_string}\"},\"query-input\":{\"@type\":\"PropertyValueSpecification\",\"valueRequired\":true,\"valueName\":\"search_term_string\"}}],\"inLanguage\":\"en-US\"},{\"@type\":\"Organization\",\"@id\":\"https:\\\/\\\/lojasosprofessoratividades.com.br\\\/#organization\",\"name\":\"Loja SOS Professor Atividades\",\"url\":\"https:\\\/\\\/lojasosprofessoratividades.com.br\\\/\",\"logo\":{\"@type\":\"ImageObject\",\"inLanguage\":\"en-US\",\"@id\":\"https:\\\/\\\/lojasosprofessoratividades.com.br\\\/#\\\/schema\\\/logo\\\/image\\\/\",\"url\":\"http:\\\/\\\/lojasosprofessoratividades.com.br\\\/wp-content\\\/uploads\\\/2022\\\/04\\\/Logo.png\",\"contentUrl\":\"http:\\\/\\\/lojasosprofessoratividades.com.br\\\/wp-content\\\/uploads\\\/2022\\\/04\\\/Logo.png\",\"width\":2000,\"height\":2000,\"caption\":\"Loja SOS Professor Atividades\"},\"image\":{\"@id\":\"https:\\\/\\\/lojasosprofessoratividades.com.br\\\/#\\\/schema\\\/logo\\\/image\\\/\"},\"sameAs\":[\"https:\\\/\\\/www.facebook.com\\\/sosprofessoratividades\",\"https:\\\/\\\/www.instagram.com\\\/sosprofessoratividades\\\/\"]}]}<\/script>\n<!-- \/ Yoast SEO plugin. -->","yoast_head_json":{"title":"Cartazes - Miss\u00e3o cumprida, F\u00e9rias! - Loja SOS Professor Atividades","description":"Cartaz digital \u201cMiss\u00e3o Cumprida, F\u00e9rias\u201d com vers\u00e3o colorida e para colorir. Ideal para murais escolares. Tamanho grande: 138x76 cm.","robots":{"index":"index","follow":"follow","max-snippet":"max-snippet:-1","max-image-preview":"max-image-preview:large","max-video-preview":"max-video-preview:-1"},"canonical":"https:\/\/lojasosprofessoratividades.com.br\/en\/product\/cartazes-missao-cumprida-ferias\/","og_locale":"en_US","og_type":"article","og_title":"Cartazes - Miss\u00e3o cumprida, F\u00e9rias! - Loja SOS Professor Atividades","og_description":"Cartaz digital \u201cMiss\u00e3o Cumprida, F\u00e9rias\u201d com vers\u00e3o colorida e para colorir. Ideal para murais escolares. Tamanho grande: 138x76 cm.","og_url":"https:\/\/lojasosprofessoratividades.com.br\/en\/product\/cartazes-missao-cumprida-ferias\/","og_site_name":"Loja SOS Professor Atividades","article_publisher":"https:\/\/www.facebook.com\/sosprofessoratividades","article_modified_time":"2026-05-08T18:42:25+00:00","og_image":[{"width":800,"height":693,"url":"https:\/\/lojasosprofessoratividades.com.br\/wp-content\/uploads\/2025\/06\/Cartazes-Missao-cumprida-Ferias-1.jpg","type":"image\/jpeg"}],"twitter_card":"summary_large_image","twitter_misc":{"Est. reading time":"1 minute"},"schema":{"@context":"https:\/\/schema.org","@graph":[{"@type":"WebPage","@id":"https:\/\/lojasosprofessoratividades.com.br\/produto\/cartazes-missao-cumprida-ferias\/","url":"https:\/\/lojasosprofessoratividades.com.br\/produto\/cartazes-missao-cumprida-ferias\/","name":"Cartazes - Miss\u00e3o cumprida, F\u00e9rias! - Loja SOS Professor Atividades","isPartOf":{"@id":"https:\/\/lojasosprofessoratividades.com.br\/#website"},"primaryImageOfPage":{"@id":"https:\/\/lojasosprofessoratividades.com.br\/produto\/cartazes-missao-cumprida-ferias\/#primaryimage"},"image":{"@id":"https:\/\/lojasosprofessoratividades.com.br\/produto\/cartazes-missao-cumprida-ferias\/#primaryimage"},"thumbnailUrl":"https:\/\/lojasosprofessoratividades.com.br\/wp-content\/uploads\/2025\/06\/Cartazes-Missao-cumprida-Ferias-1.jpg","datePublished":"2025-06-20T17:13:53+00:00","dateModified":"2026-05-08T18:42:25+00:00","description":"Cartaz digital \u201cMiss\u00e3o Cumprida, F\u00e9rias\u201d com vers\u00e3o colorida e para colorir. Ideal para murais escolares. Tamanho grande: 138x76 cm.","breadcrumb":{"@id":"https:\/\/lojasosprofessoratividades.com.br\/produto\/cartazes-missao-cumprida-ferias\/#breadcrumb"},"inLanguage":"en-US","potentialAction":[{"@type":"ReadAction","target":["https:\/\/lojasosprofessoratividades.com.br\/produto\/cartazes-missao-cumprida-ferias\/"]}]},{"@type":"ImageObject","inLanguage":"en-US","@id":"https:\/\/lojasosprofessoratividades.com.br\/produto\/cartazes-missao-cumprida-ferias\/#primaryimage","url":"https:\/\/lojasosprofessoratividades.com.br\/wp-content\/uploads\/2025\/06\/Cartazes-Missao-cumprida-Ferias-1.jpg","contentUrl":"https:\/\/lojasosprofessoratividades.com.br\/wp-content\/uploads\/2025\/06\/Cartazes-Missao-cumprida-Ferias-1.jpg","width":800,"height":693},{"@type":"BreadcrumbList","@id":"https:\/\/lojasosprofessoratividades.com.br\/produto\/cartazes-missao-cumprida-ferias\/#breadcrumb","itemListElement":[{"@type":"ListItem","position":1,"name":"In\u00edcio","item":"https:\/\/lojasosprofessoratividades.com.br\/"},{"@type":"ListItem","position":2,"name":"Loja","item":"https:\/\/lojasosprofessoratividades.com.br\/loja\/"},{"@type":"ListItem","position":3,"name":"Cartazes &#8211; Miss\u00e3o cumprida, F\u00e9rias!"}]},{"@type":"WebSite","@id":"https:\/\/lojasosprofessoratividades.com.br\/#website","url":"https:\/\/lojasosprofessoratividades.com.br\/","name":"Loja SOS Professor Atividades","description":"Venda de material did\u00e1tico para o ensino fundamental","publisher":{"@id":"https:\/\/lojasosprofessoratividades.com.br\/#organization"},"potentialAction":[{"@type":"SearchAction","target":{"@type":"EntryPoint","urlTemplate":"https:\/\/lojasosprofessoratividades.com.br\/?s={search_term_string}"},"query-input":{"@type":"PropertyValueSpecification","valueRequired":true,"valueName":"search_term_string"}}],"inLanguage":"en-US"},{"@type":"Organization","@id":"https:\/\/lojasosprofessoratividades.com.br\/#organization","name":"Loja SOS Professor Atividades","url":"https:\/\/lojasosprofessoratividades.com.br\/","logo":{"@type":"ImageObject","inLanguage":"en-US","@id":"https:\/\/lojasosprofessoratividades.com.br\/#\/schema\/logo\/image\/","url":"http:\/\/lojasosprofessoratividades.com.br\/wp-content\/uploads\/2022\/04\/Logo.png","contentUrl":"http:\/\/lojasosprofessoratividades.com.br\/wp-content\/uploads\/2022\/04\/Logo.png","width":2000,"height":2000,"caption":"Loja SOS Professor Atividades"},"image":{"@id":"https:\/\/lojasosprofessoratividades.com.br\/#\/schema\/logo\/image\/"},"sameAs":["https:\/\/www.facebook.com\/sosprofessoratividades","https:\/\/www.instagram.com\/sosprofessoratividades\/"]}]}},"_links":{"self":[{"href":"https:\/\/lojasosprofessoratividades.com.br\/en\/wp-json\/wp\/v2\/product\/35283","targetHints":{"allow":["GET"]}}],"collection":[{"href":"https:\/\/lojasosprofessoratividades.com.br\/en\/wp-json\/wp\/v2\/product"}],"about":[{"href":"https:\/\/lojasosprofessoratividades.com.br\/en\/wp-json\/wp\/v2\/types\/product"}],"replies":[{"embeddable":true,"href":"https:\/\/lojasosprofessoratividades.com.br\/en\/wp-json\/wp\/v2\/comments?post=35283"}],"wp:featuredmedia":[{"embeddable":true,"href":"https:\/\/lojasosprofessoratividades.com.br\/en\/wp-json\/wp\/v2\/media\/35285"}],"wp:attachment":[{"href":"https:\/\/lojasosprofessoratividades.com.br\/en\/wp-json\/wp\/v2\/media?parent=35283"}],"wp:term":[{"taxonomy":"product_brand","embeddable":true,"href":"https:\/\/lojasosprofessoratividades.com.br\/en\/wp-json\/wp\/v2\/product_brand?post=35283"},{"taxonomy":"product_cat","embeddable":true,"href":"https:\/\/lojasosprofessoratividades.com.br\/en\/wp-json\/wp\/v2\/product_cat?post=35283"},{"taxonomy":"product_tag","embeddable":true,"href":"https:\/\/lojasosprofessoratividades.com.br\/en\/wp-json\/wp\/v2\/product_tag?post=35283"}],"curies":[{"name":"wp","href":"https:\/\/api.w.org\/{rel}","templated":true}]}}