{"id":35351,"date":"2025-07-02T11:25:14","date_gmt":"2025-07-02T14:25:14","guid":{"rendered":"https:\/\/lojasosprofessoratividades.com.br\/?post_type=product&#038;p=35351"},"modified":"2026-05-08T15:33:39","modified_gmt":"2026-05-08T18:33:39","slug":"painel-dia-dos-pais-ser-pai-e-plantar-amor-e-colher-gratidao","status":"publish","type":"product","link":"https:\/\/lojasosprofessoratividades.com.br\/en\/product\/painel-dia-dos-pais-ser-pai-e-plantar-amor-e-colher-gratidao\/","title":{"rendered":"Painel Dia dos Pais &#8211; Ser pai \u00e9 plantar amor e colher gratid\u00e3o"},"content":{"rendered":"","protected":false},"excerpt":{"rendered":"<p data-start=\"149\" data-end=\"357\">Comemore o Dia dos Pais com um painel encantador que vai emocionar toda a turma! Este arquivo completo traz tudo o que voc\u00ea precisa para montar uma linda homenagem e trabalhar valores afetivos em sala de aula.<\/p>\n<p data-start=\"359\" data-end=\"378\">\u2728 <strong data-start=\"361\" data-end=\"378\">O que cont\u00e9m?<\/strong><\/p>\n<ul data-start=\"379\" data-end=\"770\">\n<li data-start=\"379\" data-end=\"479\">\n<p data-start=\"381\" data-end=\"479\">Imagem central colorida e ampliada em <strong data-start=\"419\" data-end=\"435\">19 folhas A4<\/strong> (medida aproximada do painel montado <strong data-start=\"458\" data-end=\"477\">150 cm x 100 cm<\/strong>);<\/p>\n<\/li>\n<li data-start=\"480\" data-end=\"585\">\n<p data-start=\"482\" data-end=\"585\">Vers\u00e3o da <strong data-start=\"492\" data-end=\"532\">imagem central para pintura coletiva<\/strong>, promovendo intera\u00e7\u00e3o e colabora\u00e7\u00e3o entre os alunos;<\/p>\n<\/li>\n<li data-start=\"586\" data-end=\"654\">\n<p data-start=\"588\" data-end=\"654\">Frases e ilustra\u00e7\u00f5es no tamanho A4 para <strong data-start=\"628\" data-end=\"653\">amplia\u00e7\u00e3o e decora\u00e7\u00e3o<\/strong>;<\/p>\n<\/li>\n<li data-start=\"655\" data-end=\"708\">\n<p data-start=\"657\" data-end=\"708\"><strong data-start=\"657\" data-end=\"667\">Cart\u00e3o<\/strong> para os alunos presentearem com carinho;<\/p>\n<\/li>\n<li data-start=\"709\" data-end=\"770\">\n<p data-start=\"711\" data-end=\"770\"><strong data-start=\"711\" data-end=\"731\">Moldura especial<\/strong> para dar um toque final ao seu painel.<\/p>\n<\/li>\n<\/ul>\n<p data-start=\"772\" data-end=\"976\">\ud83d\udca1 Ideal para murais comemorativos, projetos pedag\u00f3gicos e atividades significativas com as crian\u00e7as.<\/p>\n<p data-start=\"772\" data-end=\"976\">Uma forma linda e criativa de mostrar que <strong data-start=\"916\" data-end=\"976\">ser pai \u00e9 espalhar amor e colher gratid\u00e3o todos os dias!<\/strong><\/p>\n<p data-start=\"978\" data-end=\"1023\">Perfeito para turmas do Ensino Fundamental 1!<\/p>\n<h3>N\u00e3o enviamos por e-mail, a entrega \u00e9 via link para download. \ud83d\udc47<\/h3>\n<p><img loading=\"lazy\" decoding=\"async\" class=\"alignnone wp-image-35160 size-full\" src=\"https:\/\/lojasosprofessoratividades.com.br\/wp-content\/uploads\/2025\/06\/Aviso-Loja-atual.jpg\" alt=\"\" width=\"446\" height=\"251\" srcset=\"https:\/\/lojasosprofessoratividades.com.br\/wp-content\/uploads\/2025\/06\/Aviso-Loja-atual.jpg 446w, https:\/\/lojasosprofessoratividades.com.br\/wp-content\/uploads\/2025\/06\/Aviso-Loja-atual-300x169.jpg 300w, https:\/\/lojasosprofessoratividades.com.br\/wp-content\/uploads\/2025\/06\/Aviso-Loja-atual-18x10.jpg 18w\" sizes=\"auto, (max-width: 446px) 100vw, 446px\" \/><\/p>","protected":false},"featured_media":35353,"comment_status":"open","ping_status":"closed","template":"","meta":[],"product_brand":[],"product_cat":[122,123,124,125,127,214,216,218,210,212,126,220],"product_tag":[569,546,607,2069,2067,2066,2065,566,729,2068],"class_list":{"0":"post-35351","1":"product","2":"type-product","3":"status-publish","4":"has-post-thumbnail","6":"product_cat-1o-ano","7":"product_cat-2o-ano","8":"product_cat-3o-ano","9":"product_cat-4o-ano","10":"product_cat-5o-ano","11":"product_cat-data-comemorativa-3-ano","12":"product_cat-data-comemorativa-4-ano","13":"product_cat-data-comemorativa-5-ano","14":"product_cat-data-comemorativa-1-ano","15":"product_cat-data-comemorativa-2-ano","16":"product_cat-educacao-infantil","17":"product_cat-o-eu-o-outro-o-nos","18":"product_tag-atividade-dia-dos-pais","19":"product_tag-atividades-pedagogicas","20":"product_tag-decoracao-escolar","21":"product_tag-escola-ensino-fundamental","22":"product_tag-homenagem-dia-dos-pais","23":"product_tag-imagem-para-ampliar","24":"product_tag-mural-dia-dos-pais","25":"product_tag-painel-dia-dos-pais","26":"product_tag-painel-para-imprimir","27":"product_tag-pintura-coletiva","29":"first","30":"instock","31":"downloadable","32":"virtual","33":"sold-individually","34":"purchasable","35":"product-type-simple"},"yoast_head":"<!-- This site is optimized with the Yoast SEO plugin v27.6 - https:\/\/yoast.com\/product\/yoast-seo-wordpress\/ -->\n<title>Painel Dia dos Pais - Ser pai \u00e9 plantar amor e colher gratid\u00e3o - Loja SOS Professor Atividades<\/title>\n<meta name=\"description\" content=\"Painel Dia dos Pais para imprimir: imagem ampliada, frases, cart\u00e3o, moldura e vers\u00e3o para pintura coletiva. Ideal para murais e atividades escolares.\" \/>\n<meta name=\"robots\" content=\"index, follow, max-snippet:-1, max-image-preview:large, max-video-preview:-1\" \/>\n<link rel=\"canonical\" href=\"https:\/\/lojasosprofessoratividades.com.br\/en\/product\/painel-dia-dos-pais-ser-pai-e-plantar-amor-e-colher-gratidao\/\" \/>\n<meta property=\"og:locale\" content=\"en_US\" \/>\n<meta property=\"og:type\" content=\"article\" \/>\n<meta property=\"og:title\" content=\"Painel Dia dos Pais - Ser pai \u00e9 plantar amor e colher gratid\u00e3o - Loja SOS Professor Atividades\" \/>\n<meta property=\"og:description\" content=\"Painel Dia dos Pais para imprimir: imagem ampliada, frases, cart\u00e3o, moldura e vers\u00e3o para pintura coletiva. Ideal para murais e atividades escolares.\" \/>\n<meta property=\"og:url\" content=\"https:\/\/lojasosprofessoratividades.com.br\/en\/product\/painel-dia-dos-pais-ser-pai-e-plantar-amor-e-colher-gratidao\/\" \/>\n<meta property=\"og:site_name\" content=\"Loja SOS Professor Atividades\" \/>\n<meta property=\"article:publisher\" content=\"https:\/\/www.facebook.com\/sosprofessoratividades\" \/>\n<meta property=\"article:modified_time\" content=\"2026-05-08T18:33:39+00:00\" \/>\n<meta property=\"og:image\" content=\"https:\/\/lojasosprofessoratividades.com.br\/wp-content\/uploads\/2025\/06\/Painel-Ser-Pai-e-Plantar-Amor-e-Colher-Gratidao-1-1.jpg\" \/>\n\t<meta property=\"og:image:width\" content=\"800\" \/>\n\t<meta property=\"og:image:height\" content=\"693\" \/>\n\t<meta property=\"og:image:type\" content=\"image\/jpeg\" \/>\n<meta name=\"twitter:card\" content=\"summary_large_image\" \/>\n<meta name=\"twitter:label1\" content=\"Est. reading time\" \/>\n\t<meta name=\"twitter:data1\" content=\"1 minute\" \/>\n<script type=\"application\/ld+json\" class=\"yoast-schema-graph\">{\"@context\":\"https:\\\/\\\/schema.org\",\"@graph\":[{\"@type\":\"WebPage\",\"@id\":\"https:\\\/\\\/lojasosprofessoratividades.com.br\\\/produto\\\/painel-dia-dos-pais-ser-pai-e-plantar-amor-e-colher-gratidao\\\/\",\"url\":\"https:\\\/\\\/lojasosprofessoratividades.com.br\\\/produto\\\/painel-dia-dos-pais-ser-pai-e-plantar-amor-e-colher-gratidao\\\/\",\"name\":\"Painel Dia dos Pais - Ser pai \u00e9 plantar amor e colher gratid\u00e3o - Loja SOS Professor Atividades\",\"isPartOf\":{\"@id\":\"https:\\\/\\\/lojasosprofessoratividades.com.br\\\/#website\"},\"primaryImageOfPage\":{\"@id\":\"https:\\\/\\\/lojasosprofessoratividades.com.br\\\/produto\\\/painel-dia-dos-pais-ser-pai-e-plantar-amor-e-colher-gratidao\\\/#primaryimage\"},\"image\":{\"@id\":\"https:\\\/\\\/lojasosprofessoratividades.com.br\\\/produto\\\/painel-dia-dos-pais-ser-pai-e-plantar-amor-e-colher-gratidao\\\/#primaryimage\"},\"thumbnailUrl\":\"https:\\\/\\\/lojasosprofessoratividades.com.br\\\/wp-content\\\/uploads\\\/2025\\\/06\\\/Painel-Ser-Pai-e-Plantar-Amor-e-Colher-Gratidao-1-1.jpg\",\"datePublished\":\"2025-07-02T14:25:14+00:00\",\"dateModified\":\"2026-05-08T18:33:39+00:00\",\"description\":\"Painel Dia dos Pais para imprimir: imagem ampliada, frases, cart\u00e3o, moldura e vers\u00e3o para pintura coletiva. Ideal para murais e atividades escolares.\",\"breadcrumb\":{\"@id\":\"https:\\\/\\\/lojasosprofessoratividades.com.br\\\/produto\\\/painel-dia-dos-pais-ser-pai-e-plantar-amor-e-colher-gratidao\\\/#breadcrumb\"},\"inLanguage\":\"en-US\",\"potentialAction\":[{\"@type\":\"ReadAction\",\"target\":[\"https:\\\/\\\/lojasosprofessoratividades.com.br\\\/produto\\\/painel-dia-dos-pais-ser-pai-e-plantar-amor-e-colher-gratidao\\\/\"]}]},{\"@type\":\"ImageObject\",\"inLanguage\":\"en-US\",\"@id\":\"https:\\\/\\\/lojasosprofessoratividades.com.br\\\/produto\\\/painel-dia-dos-pais-ser-pai-e-plantar-amor-e-colher-gratidao\\\/#primaryimage\",\"url\":\"https:\\\/\\\/lojasosprofessoratividades.com.br\\\/wp-content\\\/uploads\\\/2025\\\/06\\\/Painel-Ser-Pai-e-Plantar-Amor-e-Colher-Gratidao-1-1.jpg\",\"contentUrl\":\"https:\\\/\\\/lojasosprofessoratividades.com.br\\\/wp-content\\\/uploads\\\/2025\\\/06\\\/Painel-Ser-Pai-e-Plantar-Amor-e-Colher-Gratidao-1-1.jpg\",\"width\":800,\"height\":693,\"caption\":\"Painel Dia dos Pais - Ser pai \u00e9 plantar amor e colher gratid\u00e3o\"},{\"@type\":\"BreadcrumbList\",\"@id\":\"https:\\\/\\\/lojasosprofessoratividades.com.br\\\/produto\\\/painel-dia-dos-pais-ser-pai-e-plantar-amor-e-colher-gratidao\\\/#breadcrumb\",\"itemListElement\":[{\"@type\":\"ListItem\",\"position\":1,\"name\":\"In\u00edcio\",\"item\":\"https:\\\/\\\/lojasosprofessoratividades.com.br\\\/\"},{\"@type\":\"ListItem\",\"position\":2,\"name\":\"Loja\",\"item\":\"https:\\\/\\\/lojasosprofessoratividades.com.br\\\/loja\\\/\"},{\"@type\":\"ListItem\",\"position\":3,\"name\":\"Painel Dia dos Pais &#8211; Ser pai \u00e9 plantar amor e colher gratid\u00e3o\"}]},{\"@type\":\"WebSite\",\"@id\":\"https:\\\/\\\/lojasosprofessoratividades.com.br\\\/#website\",\"url\":\"https:\\\/\\\/lojasosprofessoratividades.com.br\\\/\",\"name\":\"Loja SOS Professor Atividades\",\"description\":\"Venda de material did\u00e1tico para o ensino fundamental\",\"publisher\":{\"@id\":\"https:\\\/\\\/lojasosprofessoratividades.com.br\\\/#organization\"},\"potentialAction\":[{\"@type\":\"SearchAction\",\"target\":{\"@type\":\"EntryPoint\",\"urlTemplate\":\"https:\\\/\\\/lojasosprofessoratividades.com.br\\\/?s={search_term_string}\"},\"query-input\":{\"@type\":\"PropertyValueSpecification\",\"valueRequired\":true,\"valueName\":\"search_term_string\"}}],\"inLanguage\":\"en-US\"},{\"@type\":\"Organization\",\"@id\":\"https:\\\/\\\/lojasosprofessoratividades.com.br\\\/#organization\",\"name\":\"Loja SOS Professor Atividades\",\"url\":\"https:\\\/\\\/lojasosprofessoratividades.com.br\\\/\",\"logo\":{\"@type\":\"ImageObject\",\"inLanguage\":\"en-US\",\"@id\":\"https:\\\/\\\/lojasosprofessoratividades.com.br\\\/#\\\/schema\\\/logo\\\/image\\\/\",\"url\":\"http:\\\/\\\/lojasosprofessoratividades.com.br\\\/wp-content\\\/uploads\\\/2022\\\/04\\\/Logo.png\",\"contentUrl\":\"http:\\\/\\\/lojasosprofessoratividades.com.br\\\/wp-content\\\/uploads\\\/2022\\\/04\\\/Logo.png\",\"width\":2000,\"height\":2000,\"caption\":\"Loja SOS Professor Atividades\"},\"image\":{\"@id\":\"https:\\\/\\\/lojasosprofessoratividades.com.br\\\/#\\\/schema\\\/logo\\\/image\\\/\"},\"sameAs\":[\"https:\\\/\\\/www.facebook.com\\\/sosprofessoratividades\",\"https:\\\/\\\/www.instagram.com\\\/sosprofessoratividades\\\/\"]}]}<\/script>\n<!-- \/ Yoast SEO plugin. -->","yoast_head_json":{"title":"Painel Dia dos Pais - Ser pai \u00e9 plantar amor e colher gratid\u00e3o - Loja SOS Professor Atividades","description":"Painel Dia dos Pais para imprimir: imagem ampliada, frases, cart\u00e3o, moldura e vers\u00e3o para pintura coletiva. Ideal para murais e atividades escolares.","robots":{"index":"index","follow":"follow","max-snippet":"max-snippet:-1","max-image-preview":"max-image-preview:large","max-video-preview":"max-video-preview:-1"},"canonical":"https:\/\/lojasosprofessoratividades.com.br\/en\/product\/painel-dia-dos-pais-ser-pai-e-plantar-amor-e-colher-gratidao\/","og_locale":"en_US","og_type":"article","og_title":"Painel Dia dos Pais - Ser pai \u00e9 plantar amor e colher gratid\u00e3o - Loja SOS Professor Atividades","og_description":"Painel Dia dos Pais para imprimir: imagem ampliada, frases, cart\u00e3o, moldura e vers\u00e3o para pintura coletiva. Ideal para murais e atividades escolares.","og_url":"https:\/\/lojasosprofessoratividades.com.br\/en\/product\/painel-dia-dos-pais-ser-pai-e-plantar-amor-e-colher-gratidao\/","og_site_name":"Loja SOS Professor Atividades","article_publisher":"https:\/\/www.facebook.com\/sosprofessoratividades","article_modified_time":"2026-05-08T18:33:39+00:00","og_image":[{"width":800,"height":693,"url":"https:\/\/lojasosprofessoratividades.com.br\/wp-content\/uploads\/2025\/06\/Painel-Ser-Pai-e-Plantar-Amor-e-Colher-Gratidao-1-1.jpg","type":"image\/jpeg"}],"twitter_card":"summary_large_image","twitter_misc":{"Est. reading time":"1 minute"},"schema":{"@context":"https:\/\/schema.org","@graph":[{"@type":"WebPage","@id":"https:\/\/lojasosprofessoratividades.com.br\/produto\/painel-dia-dos-pais-ser-pai-e-plantar-amor-e-colher-gratidao\/","url":"https:\/\/lojasosprofessoratividades.com.br\/produto\/painel-dia-dos-pais-ser-pai-e-plantar-amor-e-colher-gratidao\/","name":"Painel Dia dos Pais - Ser pai \u00e9 plantar amor e colher gratid\u00e3o - Loja SOS Professor Atividades","isPartOf":{"@id":"https:\/\/lojasosprofessoratividades.com.br\/#website"},"primaryImageOfPage":{"@id":"https:\/\/lojasosprofessoratividades.com.br\/produto\/painel-dia-dos-pais-ser-pai-e-plantar-amor-e-colher-gratidao\/#primaryimage"},"image":{"@id":"https:\/\/lojasosprofessoratividades.com.br\/produto\/painel-dia-dos-pais-ser-pai-e-plantar-amor-e-colher-gratidao\/#primaryimage"},"thumbnailUrl":"https:\/\/lojasosprofessoratividades.com.br\/wp-content\/uploads\/2025\/06\/Painel-Ser-Pai-e-Plantar-Amor-e-Colher-Gratidao-1-1.jpg","datePublished":"2025-07-02T14:25:14+00:00","dateModified":"2026-05-08T18:33:39+00:00","description":"Painel Dia dos Pais para imprimir: imagem ampliada, frases, cart\u00e3o, moldura e vers\u00e3o para pintura coletiva. Ideal para murais e atividades escolares.","breadcrumb":{"@id":"https:\/\/lojasosprofessoratividades.com.br\/produto\/painel-dia-dos-pais-ser-pai-e-plantar-amor-e-colher-gratidao\/#breadcrumb"},"inLanguage":"en-US","potentialAction":[{"@type":"ReadAction","target":["https:\/\/lojasosprofessoratividades.com.br\/produto\/painel-dia-dos-pais-ser-pai-e-plantar-amor-e-colher-gratidao\/"]}]},{"@type":"ImageObject","inLanguage":"en-US","@id":"https:\/\/lojasosprofessoratividades.com.br\/produto\/painel-dia-dos-pais-ser-pai-e-plantar-amor-e-colher-gratidao\/#primaryimage","url":"https:\/\/lojasosprofessoratividades.com.br\/wp-content\/uploads\/2025\/06\/Painel-Ser-Pai-e-Plantar-Amor-e-Colher-Gratidao-1-1.jpg","contentUrl":"https:\/\/lojasosprofessoratividades.com.br\/wp-content\/uploads\/2025\/06\/Painel-Ser-Pai-e-Plantar-Amor-e-Colher-Gratidao-1-1.jpg","width":800,"height":693,"caption":"Painel Dia dos Pais - Ser pai \u00e9 plantar amor e colher gratid\u00e3o"},{"@type":"BreadcrumbList","@id":"https:\/\/lojasosprofessoratividades.com.br\/produto\/painel-dia-dos-pais-ser-pai-e-plantar-amor-e-colher-gratidao\/#breadcrumb","itemListElement":[{"@type":"ListItem","position":1,"name":"In\u00edcio","item":"https:\/\/lojasosprofessoratividades.com.br\/"},{"@type":"ListItem","position":2,"name":"Loja","item":"https:\/\/lojasosprofessoratividades.com.br\/loja\/"},{"@type":"ListItem","position":3,"name":"Painel Dia dos Pais &#8211; Ser pai \u00e9 plantar amor e colher gratid\u00e3o"}]},{"@type":"WebSite","@id":"https:\/\/lojasosprofessoratividades.com.br\/#website","url":"https:\/\/lojasosprofessoratividades.com.br\/","name":"Loja SOS Professor Atividades","description":"Venda de material did\u00e1tico para o ensino fundamental","publisher":{"@id":"https:\/\/lojasosprofessoratividades.com.br\/#organization"},"potentialAction":[{"@type":"SearchAction","target":{"@type":"EntryPoint","urlTemplate":"https:\/\/lojasosprofessoratividades.com.br\/?s={search_term_string}"},"query-input":{"@type":"PropertyValueSpecification","valueRequired":true,"valueName":"search_term_string"}}],"inLanguage":"en-US"},{"@type":"Organization","@id":"https:\/\/lojasosprofessoratividades.com.br\/#organization","name":"Loja SOS Professor Atividades","url":"https:\/\/lojasosprofessoratividades.com.br\/","logo":{"@type":"ImageObject","inLanguage":"en-US","@id":"https:\/\/lojasosprofessoratividades.com.br\/#\/schema\/logo\/image\/","url":"http:\/\/lojasosprofessoratividades.com.br\/wp-content\/uploads\/2022\/04\/Logo.png","contentUrl":"http:\/\/lojasosprofessoratividades.com.br\/wp-content\/uploads\/2022\/04\/Logo.png","width":2000,"height":2000,"caption":"Loja SOS Professor Atividades"},"image":{"@id":"https:\/\/lojasosprofessoratividades.com.br\/#\/schema\/logo\/image\/"},"sameAs":["https:\/\/www.facebook.com\/sosprofessoratividades","https:\/\/www.instagram.com\/sosprofessoratividades\/"]}]}},"_links":{"self":[{"href":"https:\/\/lojasosprofessoratividades.com.br\/en\/wp-json\/wp\/v2\/product\/35351","targetHints":{"allow":["GET"]}}],"collection":[{"href":"https:\/\/lojasosprofessoratividades.com.br\/en\/wp-json\/wp\/v2\/product"}],"about":[{"href":"https:\/\/lojasosprofessoratividades.com.br\/en\/wp-json\/wp\/v2\/types\/product"}],"replies":[{"embeddable":true,"href":"https:\/\/lojasosprofessoratividades.com.br\/en\/wp-json\/wp\/v2\/comments?post=35351"}],"wp:featuredmedia":[{"embeddable":true,"href":"https:\/\/lojasosprofessoratividades.com.br\/en\/wp-json\/wp\/v2\/media\/35353"}],"wp:attachment":[{"href":"https:\/\/lojasosprofessoratividades.com.br\/en\/wp-json\/wp\/v2\/media?parent=35351"}],"wp:term":[{"taxonomy":"product_brand","embeddable":true,"href":"https:\/\/lojasosprofessoratividades.com.br\/en\/wp-json\/wp\/v2\/product_brand?post=35351"},{"taxonomy":"product_cat","embeddable":true,"href":"https:\/\/lojasosprofessoratividades.com.br\/en\/wp-json\/wp\/v2\/product_cat?post=35351"},{"taxonomy":"product_tag","embeddable":true,"href":"https:\/\/lojasosprofessoratividades.com.br\/en\/wp-json\/wp\/v2\/product_tag?post=35351"}],"curies":[{"name":"wp","href":"https:\/\/api.w.org\/{rel}","templated":true}]}}