{"id":35358,"date":"2025-06-26T22:57:20","date_gmt":"2025-06-27T01:57:20","guid":{"rendered":"https:\/\/lojasosprofessoratividades.com.br\/?post_type=product&#038;p=35358"},"modified":"2026-05-08T15:32:31","modified_gmt":"2026-05-08T18:32:31","slug":"adivinha-quanto-eu-te-amo-atividades-e-plano-de-aula","status":"publish","type":"product","link":"https:\/\/lojasosprofessoratividades.com.br\/en\/product\/adivinha-quanto-eu-te-amo-atividades-e-plano-de-aula\/","title":{"rendered":"Adivinha Quanto Eu Te Amo \u2013 Atividades e Plano de Aula"},"content":{"rendered":"","protected":false},"excerpt":{"rendered":"<p data-start=\"563\" data-end=\"690\"><strong data-start=\"563\" data-end=\"685\">Um material completo, afetivo para encantar sua turma com a leitura de \u201cAdivinha Quanto Eu Te Amo\u201d!<\/strong><\/p>\n<p data-start=\"692\" data-end=\"873\">Este arquivo foi pensado especialmente para alunos do <strong data-start=\"746\" data-end=\"784\">3\u00ba ao 5\u00ba ano do Ensino Fundamental<\/strong> e prop\u00f5e uma jornada liter\u00e1ria cheia de afeto, criatividade e desenvolvimento emocional.<\/p>\n<p data-start=\"875\" data-end=\"917\"><strong data-start=\"878\" data-end=\"917\">O que voc\u00ea encontra neste material:<\/strong><\/p>\n<p data-start=\"919\" data-end=\"1365\">\u2714 Resenha do livro em linguagem acess\u00edvel<br data-start=\"960\" data-end=\"963\" \/>\u2714 Atividade de interpreta\u00e7\u00e3o textual<br data-start=\"999\" data-end=\"1002\" \/>\u2714 Produ\u00e7\u00e3o de cart\u00e3o ou mural afetivo<br data-start=\"1039\" data-end=\"1042\" \/>\u2714 Reconto com desenhos em formato Flipbook<br data-start=\"1084\" data-end=\"1087\" \/>\u2714 Produ\u00e7\u00e3o de texto criativa: \u201cReconstru\u00e7\u00e3o do final\u201d<br data-start=\"1140\" data-end=\"1143\" \/>\u2714 Adapta\u00e7\u00e3o para teatro ou fantoches<br data-start=\"1179\" data-end=\"1182\" \/>\u2714 Gabarito das atividades<br data-start=\"1248\" data-end=\"1251\" \/>\u2714 Orienta\u00e7\u00f5es pedag\u00f3gicas para o professor<br data-start=\"1293\" data-end=\"1296\" \/>\u2714 <strong data-start=\"1298\" data-end=\"1324\">Plano de aula completo<\/strong> com objetivos, estrat\u00e9gias e avalia\u00e7\u00e3o<\/p>\n<p data-start=\"1367\" data-end=\"1512\">Ideal para projetos de leitura, atividades de volta \u00e0s aulas, semanas tem\u00e1ticas ou para trabalhar v\u00ednculos afetivos com leveza e profundidade.<\/p>\n<h3>N\u00e3o enviamos por e-mail, a entrega \u00e9 via link para download. \ud83d\udc47<\/h3>\n<p><img loading=\"lazy\" decoding=\"async\" class=\"alignnone wp-image-35160 size-full\" src=\"https:\/\/lojasosprofessoratividades.com.br\/wp-content\/uploads\/2025\/06\/Aviso-Loja-atual.jpg\" alt=\"\" width=\"446\" height=\"251\" srcset=\"https:\/\/lojasosprofessoratividades.com.br\/wp-content\/uploads\/2025\/06\/Aviso-Loja-atual.jpg 446w, https:\/\/lojasosprofessoratividades.com.br\/wp-content\/uploads\/2025\/06\/Aviso-Loja-atual-300x169.jpg 300w, https:\/\/lojasosprofessoratividades.com.br\/wp-content\/uploads\/2025\/06\/Aviso-Loja-atual-18x10.jpg 18w\" sizes=\"auto, (max-width: 446px) 100vw, 446px\" \/><\/p>","protected":false},"featured_media":35360,"comment_status":"open","ping_status":"closed","template":"","meta":[],"product_brand":[],"product_cat":[124,125,127,191,199,187,204,189,195],"product_tag":[2070,1598,1599,1551,2073,2074,2071,605,245,834,250,1393,1404,1545,398,251,2075,1407,2072],"class_list":{"0":"post-35358","1":"product","2":"type-product","3":"status-publish","4":"has-post-thumbnail","6":"product_cat-3o-ano","7":"product_cat-4o-ano","8":"product_cat-5o-ano","9":"product_cat-atividades-interativas-4-ano","10":"product_cat-atividades-interativas-5-anos","11":"product_cat-atividades-interativas-3-ano","12":"product_cat-portugues-5-anos","13":"product_cat-portugues-3-ano","14":"product_cat-portugues-4-ano","15":"product_tag-adivinha-quanto-eu-te-amo","16":"product_tag-atividades-3o-ano","17":"product_tag-atividades-4o-ano","18":"product_tag-atividades-5o-ano","19":"product_tag-atividades-afetivas","20":"product_tag-atividades-com-livro","21":"product_tag-atividades-literarias","22":"product_tag-educacao-emocional","23":"product_tag-ensino-fundamental","24":"product_tag-flipbook","25":"product_tag-interpretacao-de-texto","26":"product_tag-leitura-infantil","27":"product_tag-literatura-infantil","28":"product_tag-livro-infantil","29":"product_tag-plano-de-aula","30":"product_tag-producao-de-texto","31":"product_tag-projeto-de-leitura","32":"product_tag-reconto","33":"product_tag-teatro-infantil","35":"first","36":"instock","37":"downloadable","38":"virtual","39":"sold-individually","40":"purchasable","41":"product-type-simple"},"yoast_head":"<!-- This site is optimized with the Yoast SEO plugin v27.5 - https:\/\/yoast.com\/product\/yoast-seo-wordpress\/ -->\n<title>Adivinha Quanto Eu Te Amo \u2013 Atividades e Plano de Aula - Loja SOS Professor Atividades<\/title>\n<meta name=\"description\" content=\"Atividades completas do livro \u201cAdivinha quanto eu te amo\u201d para 3\u00ba ao 5\u00ba ano. Cont\u00e9m plano de aula, interpreta\u00e7\u00e3o, reconto e teatro.\" \/>\n<meta name=\"robots\" content=\"index, follow, max-snippet:-1, max-image-preview:large, max-video-preview:-1\" \/>\n<link rel=\"canonical\" href=\"https:\/\/lojasosprofessoratividades.com.br\/en\/product\/adivinha-quanto-eu-te-amo-atividades-e-plano-de-aula\/\" \/>\n<meta property=\"og:locale\" content=\"en_US\" \/>\n<meta property=\"og:type\" content=\"article\" \/>\n<meta property=\"og:title\" content=\"Adivinha Quanto Eu Te Amo \u2013 Atividades e Plano de Aula - Loja SOS Professor Atividades\" \/>\n<meta property=\"og:description\" content=\"Atividades completas do livro \u201cAdivinha quanto eu te amo\u201d para 3\u00ba ao 5\u00ba ano. Cont\u00e9m plano de aula, interpreta\u00e7\u00e3o, reconto e teatro.\" \/>\n<meta property=\"og:url\" content=\"https:\/\/lojasosprofessoratividades.com.br\/en\/product\/adivinha-quanto-eu-te-amo-atividades-e-plano-de-aula\/\" \/>\n<meta property=\"og:site_name\" content=\"Loja SOS Professor Atividades\" \/>\n<meta property=\"article:publisher\" content=\"https:\/\/www.facebook.com\/sosprofessoratividades\" \/>\n<meta property=\"article:modified_time\" content=\"2026-05-08T18:32:31+00:00\" \/>\n<meta property=\"og:image\" content=\"https:\/\/lojasosprofessoratividades.com.br\/wp-content\/uploads\/2025\/06\/Adivinha-quanto-eu-te-amo-1.jpg\" \/>\n\t<meta property=\"og:image:width\" content=\"800\" \/>\n\t<meta property=\"og:image:height\" content=\"693\" \/>\n\t<meta property=\"og:image:type\" content=\"image\/jpeg\" \/>\n<meta name=\"twitter:card\" content=\"summary_large_image\" \/>\n<meta name=\"twitter:label1\" content=\"Est. reading time\" \/>\n\t<meta name=\"twitter:data1\" content=\"1 minute\" \/>\n<script type=\"application\/ld+json\" class=\"yoast-schema-graph\">{\"@context\":\"https:\\\/\\\/schema.org\",\"@graph\":[{\"@type\":\"WebPage\",\"@id\":\"https:\\\/\\\/lojasosprofessoratividades.com.br\\\/produto\\\/adivinha-quanto-eu-te-amo-atividades-e-plano-de-aula\\\/\",\"url\":\"https:\\\/\\\/lojasosprofessoratividades.com.br\\\/produto\\\/adivinha-quanto-eu-te-amo-atividades-e-plano-de-aula\\\/\",\"name\":\"Adivinha Quanto Eu Te Amo \u2013 Atividades e Plano de Aula - Loja SOS Professor Atividades\",\"isPartOf\":{\"@id\":\"https:\\\/\\\/lojasosprofessoratividades.com.br\\\/#website\"},\"primaryImageOfPage\":{\"@id\":\"https:\\\/\\\/lojasosprofessoratividades.com.br\\\/produto\\\/adivinha-quanto-eu-te-amo-atividades-e-plano-de-aula\\\/#primaryimage\"},\"image\":{\"@id\":\"https:\\\/\\\/lojasosprofessoratividades.com.br\\\/produto\\\/adivinha-quanto-eu-te-amo-atividades-e-plano-de-aula\\\/#primaryimage\"},\"thumbnailUrl\":\"https:\\\/\\\/lojasosprofessoratividades.com.br\\\/wp-content\\\/uploads\\\/2025\\\/06\\\/Adivinha-quanto-eu-te-amo-1.jpg\",\"datePublished\":\"2025-06-27T01:57:20+00:00\",\"dateModified\":\"2026-05-08T18:32:31+00:00\",\"description\":\"Atividades completas do livro \u201cAdivinha quanto eu te amo\u201d para 3\u00ba ao 5\u00ba ano. Cont\u00e9m plano de aula, interpreta\u00e7\u00e3o, reconto e teatro.\",\"breadcrumb\":{\"@id\":\"https:\\\/\\\/lojasosprofessoratividades.com.br\\\/produto\\\/adivinha-quanto-eu-te-amo-atividades-e-plano-de-aula\\\/#breadcrumb\"},\"inLanguage\":\"en-US\",\"potentialAction\":[{\"@type\":\"ReadAction\",\"target\":[\"https:\\\/\\\/lojasosprofessoratividades.com.br\\\/produto\\\/adivinha-quanto-eu-te-amo-atividades-e-plano-de-aula\\\/\"]}]},{\"@type\":\"ImageObject\",\"inLanguage\":\"en-US\",\"@id\":\"https:\\\/\\\/lojasosprofessoratividades.com.br\\\/produto\\\/adivinha-quanto-eu-te-amo-atividades-e-plano-de-aula\\\/#primaryimage\",\"url\":\"https:\\\/\\\/lojasosprofessoratividades.com.br\\\/wp-content\\\/uploads\\\/2025\\\/06\\\/Adivinha-quanto-eu-te-amo-1.jpg\",\"contentUrl\":\"https:\\\/\\\/lojasosprofessoratividades.com.br\\\/wp-content\\\/uploads\\\/2025\\\/06\\\/Adivinha-quanto-eu-te-amo-1.jpg\",\"width\":800,\"height\":693,\"caption\":\"Adivinha Quanto Eu Te Amo \u2013 Atividades e Plano de Aula\"},{\"@type\":\"BreadcrumbList\",\"@id\":\"https:\\\/\\\/lojasosprofessoratividades.com.br\\\/produto\\\/adivinha-quanto-eu-te-amo-atividades-e-plano-de-aula\\\/#breadcrumb\",\"itemListElement\":[{\"@type\":\"ListItem\",\"position\":1,\"name\":\"In\u00edcio\",\"item\":\"https:\\\/\\\/lojasosprofessoratividades.com.br\\\/\"},{\"@type\":\"ListItem\",\"position\":2,\"name\":\"Loja\",\"item\":\"https:\\\/\\\/lojasosprofessoratividades.com.br\\\/loja\\\/\"},{\"@type\":\"ListItem\",\"position\":3,\"name\":\"Adivinha Quanto Eu Te Amo \u2013 Atividades e Plano de Aula\"}]},{\"@type\":\"WebSite\",\"@id\":\"https:\\\/\\\/lojasosprofessoratividades.com.br\\\/#website\",\"url\":\"https:\\\/\\\/lojasosprofessoratividades.com.br\\\/\",\"name\":\"Loja SOS Professor Atividades\",\"description\":\"Venda de material did\u00e1tico para o ensino fundamental\",\"publisher\":{\"@id\":\"https:\\\/\\\/lojasosprofessoratividades.com.br\\\/#organization\"},\"potentialAction\":[{\"@type\":\"SearchAction\",\"target\":{\"@type\":\"EntryPoint\",\"urlTemplate\":\"https:\\\/\\\/lojasosprofessoratividades.com.br\\\/?s={search_term_string}\"},\"query-input\":{\"@type\":\"PropertyValueSpecification\",\"valueRequired\":true,\"valueName\":\"search_term_string\"}}],\"inLanguage\":\"en-US\"},{\"@type\":\"Organization\",\"@id\":\"https:\\\/\\\/lojasosprofessoratividades.com.br\\\/#organization\",\"name\":\"Loja SOS Professor Atividades\",\"url\":\"https:\\\/\\\/lojasosprofessoratividades.com.br\\\/\",\"logo\":{\"@type\":\"ImageObject\",\"inLanguage\":\"en-US\",\"@id\":\"https:\\\/\\\/lojasosprofessoratividades.com.br\\\/#\\\/schema\\\/logo\\\/image\\\/\",\"url\":\"http:\\\/\\\/lojasosprofessoratividades.com.br\\\/wp-content\\\/uploads\\\/2022\\\/04\\\/Logo.png\",\"contentUrl\":\"http:\\\/\\\/lojasosprofessoratividades.com.br\\\/wp-content\\\/uploads\\\/2022\\\/04\\\/Logo.png\",\"width\":2000,\"height\":2000,\"caption\":\"Loja SOS Professor Atividades\"},\"image\":{\"@id\":\"https:\\\/\\\/lojasosprofessoratividades.com.br\\\/#\\\/schema\\\/logo\\\/image\\\/\"},\"sameAs\":[\"https:\\\/\\\/www.facebook.com\\\/sosprofessoratividades\",\"https:\\\/\\\/www.instagram.com\\\/sosprofessoratividades\\\/\"]}]}<\/script>\n<!-- \/ Yoast SEO plugin. -->","yoast_head_json":{"title":"Adivinha Quanto Eu Te Amo \u2013 Atividades e Plano de Aula - Loja SOS Professor Atividades","description":"Atividades completas do livro \u201cAdivinha quanto eu te amo\u201d para 3\u00ba ao 5\u00ba ano. Cont\u00e9m plano de aula, interpreta\u00e7\u00e3o, reconto e teatro.","robots":{"index":"index","follow":"follow","max-snippet":"max-snippet:-1","max-image-preview":"max-image-preview:large","max-video-preview":"max-video-preview:-1"},"canonical":"https:\/\/lojasosprofessoratividades.com.br\/en\/product\/adivinha-quanto-eu-te-amo-atividades-e-plano-de-aula\/","og_locale":"en_US","og_type":"article","og_title":"Adivinha Quanto Eu Te Amo \u2013 Atividades e Plano de Aula - Loja SOS Professor Atividades","og_description":"Atividades completas do livro \u201cAdivinha quanto eu te amo\u201d para 3\u00ba ao 5\u00ba ano. Cont\u00e9m plano de aula, interpreta\u00e7\u00e3o, reconto e teatro.","og_url":"https:\/\/lojasosprofessoratividades.com.br\/en\/product\/adivinha-quanto-eu-te-amo-atividades-e-plano-de-aula\/","og_site_name":"Loja SOS Professor Atividades","article_publisher":"https:\/\/www.facebook.com\/sosprofessoratividades","article_modified_time":"2026-05-08T18:32:31+00:00","og_image":[{"width":800,"height":693,"url":"https:\/\/lojasosprofessoratividades.com.br\/wp-content\/uploads\/2025\/06\/Adivinha-quanto-eu-te-amo-1.jpg","type":"image\/jpeg"}],"twitter_card":"summary_large_image","twitter_misc":{"Est. reading time":"1 minute"},"schema":{"@context":"https:\/\/schema.org","@graph":[{"@type":"WebPage","@id":"https:\/\/lojasosprofessoratividades.com.br\/produto\/adivinha-quanto-eu-te-amo-atividades-e-plano-de-aula\/","url":"https:\/\/lojasosprofessoratividades.com.br\/produto\/adivinha-quanto-eu-te-amo-atividades-e-plano-de-aula\/","name":"Adivinha Quanto Eu Te Amo \u2013 Atividades e Plano de Aula - Loja SOS Professor Atividades","isPartOf":{"@id":"https:\/\/lojasosprofessoratividades.com.br\/#website"},"primaryImageOfPage":{"@id":"https:\/\/lojasosprofessoratividades.com.br\/produto\/adivinha-quanto-eu-te-amo-atividades-e-plano-de-aula\/#primaryimage"},"image":{"@id":"https:\/\/lojasosprofessoratividades.com.br\/produto\/adivinha-quanto-eu-te-amo-atividades-e-plano-de-aula\/#primaryimage"},"thumbnailUrl":"https:\/\/lojasosprofessoratividades.com.br\/wp-content\/uploads\/2025\/06\/Adivinha-quanto-eu-te-amo-1.jpg","datePublished":"2025-06-27T01:57:20+00:00","dateModified":"2026-05-08T18:32:31+00:00","description":"Atividades completas do livro \u201cAdivinha quanto eu te amo\u201d para 3\u00ba ao 5\u00ba ano. Cont\u00e9m plano de aula, interpreta\u00e7\u00e3o, reconto e teatro.","breadcrumb":{"@id":"https:\/\/lojasosprofessoratividades.com.br\/produto\/adivinha-quanto-eu-te-amo-atividades-e-plano-de-aula\/#breadcrumb"},"inLanguage":"en-US","potentialAction":[{"@type":"ReadAction","target":["https:\/\/lojasosprofessoratividades.com.br\/produto\/adivinha-quanto-eu-te-amo-atividades-e-plano-de-aula\/"]}]},{"@type":"ImageObject","inLanguage":"en-US","@id":"https:\/\/lojasosprofessoratividades.com.br\/produto\/adivinha-quanto-eu-te-amo-atividades-e-plano-de-aula\/#primaryimage","url":"https:\/\/lojasosprofessoratividades.com.br\/wp-content\/uploads\/2025\/06\/Adivinha-quanto-eu-te-amo-1.jpg","contentUrl":"https:\/\/lojasosprofessoratividades.com.br\/wp-content\/uploads\/2025\/06\/Adivinha-quanto-eu-te-amo-1.jpg","width":800,"height":693,"caption":"Adivinha Quanto Eu Te Amo \u2013 Atividades e Plano de Aula"},{"@type":"BreadcrumbList","@id":"https:\/\/lojasosprofessoratividades.com.br\/produto\/adivinha-quanto-eu-te-amo-atividades-e-plano-de-aula\/#breadcrumb","itemListElement":[{"@type":"ListItem","position":1,"name":"In\u00edcio","item":"https:\/\/lojasosprofessoratividades.com.br\/"},{"@type":"ListItem","position":2,"name":"Loja","item":"https:\/\/lojasosprofessoratividades.com.br\/loja\/"},{"@type":"ListItem","position":3,"name":"Adivinha Quanto Eu Te Amo \u2013 Atividades e Plano de Aula"}]},{"@type":"WebSite","@id":"https:\/\/lojasosprofessoratividades.com.br\/#website","url":"https:\/\/lojasosprofessoratividades.com.br\/","name":"Loja SOS Professor Atividades","description":"Venda de material did\u00e1tico para o ensino fundamental","publisher":{"@id":"https:\/\/lojasosprofessoratividades.com.br\/#organization"},"potentialAction":[{"@type":"SearchAction","target":{"@type":"EntryPoint","urlTemplate":"https:\/\/lojasosprofessoratividades.com.br\/?s={search_term_string}"},"query-input":{"@type":"PropertyValueSpecification","valueRequired":true,"valueName":"search_term_string"}}],"inLanguage":"en-US"},{"@type":"Organization","@id":"https:\/\/lojasosprofessoratividades.com.br\/#organization","name":"Loja SOS Professor Atividades","url":"https:\/\/lojasosprofessoratividades.com.br\/","logo":{"@type":"ImageObject","inLanguage":"en-US","@id":"https:\/\/lojasosprofessoratividades.com.br\/#\/schema\/logo\/image\/","url":"http:\/\/lojasosprofessoratividades.com.br\/wp-content\/uploads\/2022\/04\/Logo.png","contentUrl":"http:\/\/lojasosprofessoratividades.com.br\/wp-content\/uploads\/2022\/04\/Logo.png","width":2000,"height":2000,"caption":"Loja SOS Professor Atividades"},"image":{"@id":"https:\/\/lojasosprofessoratividades.com.br\/#\/schema\/logo\/image\/"},"sameAs":["https:\/\/www.facebook.com\/sosprofessoratividades","https:\/\/www.instagram.com\/sosprofessoratividades\/"]}]}},"_links":{"self":[{"href":"https:\/\/lojasosprofessoratividades.com.br\/en\/wp-json\/wp\/v2\/product\/35358","targetHints":{"allow":["GET"]}}],"collection":[{"href":"https:\/\/lojasosprofessoratividades.com.br\/en\/wp-json\/wp\/v2\/product"}],"about":[{"href":"https:\/\/lojasosprofessoratividades.com.br\/en\/wp-json\/wp\/v2\/types\/product"}],"replies":[{"embeddable":true,"href":"https:\/\/lojasosprofessoratividades.com.br\/en\/wp-json\/wp\/v2\/comments?post=35358"}],"wp:featuredmedia":[{"embeddable":true,"href":"https:\/\/lojasosprofessoratividades.com.br\/en\/wp-json\/wp\/v2\/media\/35360"}],"wp:attachment":[{"href":"https:\/\/lojasosprofessoratividades.com.br\/en\/wp-json\/wp\/v2\/media?parent=35358"}],"wp:term":[{"taxonomy":"product_brand","embeddable":true,"href":"https:\/\/lojasosprofessoratividades.com.br\/en\/wp-json\/wp\/v2\/product_brand?post=35358"},{"taxonomy":"product_cat","embeddable":true,"href":"https:\/\/lojasosprofessoratividades.com.br\/en\/wp-json\/wp\/v2\/product_cat?post=35358"},{"taxonomy":"product_tag","embeddable":true,"href":"https:\/\/lojasosprofessoratividades.com.br\/en\/wp-json\/wp\/v2\/product_tag?post=35358"}],"curies":[{"name":"wp","href":"https:\/\/api.w.org\/{rel}","templated":true}]}}