{"id":35368,"date":"2025-06-28T10:18:16","date_gmt":"2025-06-28T13:18:16","guid":{"rendered":"https:\/\/lojasosprofessoratividades.com.br\/?post_type=product&#038;p=35368"},"modified":"2026-05-08T15:33:05","modified_gmt":"2026-05-08T18:33:05","slug":"porta-volta-as-aulas-ursinhos-aviadores","status":"publish","type":"product","link":"https:\/\/lojasosprofessoratividades.com.br\/en\/product\/porta-volta-as-aulas-ursinhos-aviadores\/","title":{"rendered":"Porta Volta \u00e0s Aulas \u2013 Ursinhos aviadores"},"content":{"rendered":"","protected":false},"excerpt":{"rendered":"<p data-start=\"129\" data-end=\"229\">Receba seus alunos com carinho e criatividade!<\/p>\n<p data-start=\"231\" data-end=\"447\">Este <strong data-start=\"236\" data-end=\"264\">painel de porta ampliado<\/strong> est\u00e1 <strong data-start=\"270\" data-end=\"294\">pronto para imprimir<\/strong> e transformar o retorno \u00e0s aulas em uma experi\u00eancia m\u00e1gica!<br data-start=\"354\" data-end=\"357\" \/>Com ursinhos no estilo Pixar 3D, o visual \u00e9 encantador, afetuoso e cheio de personalidade.<\/p>\n<p data-start=\"449\" data-end=\"630\">\u2728 Ideal para o retorno \u00e0s aulas<br data-start=\"475\" data-end=\"478\" \/>\u2728 Arquivo digital em alta resolu\u00e7\u00e3o<br data-start=\"513\" data-end=\"516\" \/>\u2728 F\u00e1cil de montar, com recortes grandes e bem definidos<br data-start=\"571\" data-end=\"574\" \/>\u2728 T\u00edtulo: <em data-start=\"584\" data-end=\"630\">&#8220;Bem-vindos \u00e0s novas aventuras do aprender!&#8221;<\/em><\/p>\n<p data-start=\"632\" data-end=\"734\">D\u00ea boas-vindas com afeto e incentive seus alunos a embarcar em novas descobertas desde o primeiro dia!<\/p>\n<h3>N\u00e3o enviamos por e-mail, a entrega \u00e9 via link para download. \ud83d\udc47<\/h3>\n<p><img loading=\"lazy\" decoding=\"async\" class=\"alignnone wp-image-35160 size-full\" src=\"https:\/\/lojasosprofessoratividades.com.br\/wp-content\/uploads\/2025\/06\/Aviso-Loja-atual.jpg\" alt=\"\" width=\"446\" height=\"251\" srcset=\"https:\/\/lojasosprofessoratividades.com.br\/wp-content\/uploads\/2025\/06\/Aviso-Loja-atual.jpg 446w, https:\/\/lojasosprofessoratividades.com.br\/wp-content\/uploads\/2025\/06\/Aviso-Loja-atual-300x169.jpg 300w, https:\/\/lojasosprofessoratividades.com.br\/wp-content\/uploads\/2025\/06\/Aviso-Loja-atual-18x10.jpg 18w\" sizes=\"auto, (max-width: 446px) 100vw, 446px\" \/><\/p>","protected":false},"featured_media":35374,"comment_status":"open","ping_status":"closed","template":"","meta":[],"product_brand":[],"product_cat":[123,124,125,127,210,126,220,213,215,209,217,211],"product_tag":[697,1013,607,246,245,1040,545,2078,1124,1020,2077,2079,2076,236,2080],"class_list":{"0":"post-35368","1":"product","2":"type-product","3":"status-publish","4":"has-post-thumbnail","6":"product_cat-2o-ano","7":"product_cat-3o-ano","8":"product_cat-4o-ano","9":"product_cat-5o-ano","10":"product_cat-data-comemorativa-1-ano","11":"product_cat-educacao-infantil","12":"product_cat-o-eu-o-outro-o-nos","13":"product_cat-recursos-didaticos-3-ano","14":"product_cat-recursos-didaticos-4-ano","15":"product_cat-recursos-didaticos-1-ano","16":"product_cat-recursos-didaticos-5-ano","17":"product_cat-recursos-didaticos-2-ano","18":"product_tag-arquivo-para-imprimir","19":"product_tag-boas-vindas","20":"product_tag-decoracao-escolar","21":"product_tag-educacao-infantil","22":"product_tag-ensino-fundamental","23":"product_tag-painel-de-porta","24":"product_tag-painel-educativo","25":"product_tag-porta-pedagogica","26":"product_tag-retorno-as-aulas","27":"product_tag-sala-de-aula-divertida","28":"product_tag-segundo-semestre","29":"product_tag-tema-aviao","30":"product_tag-ursinhos-aviadores","31":"product_tag-volta-as-aulas","32":"product_tag-volta-as-aulas-criativa","34":"first","35":"instock","36":"sale","37":"downloadable","38":"virtual","39":"sold-individually","40":"purchasable","41":"product-type-simple"},"yoast_head":"<!-- This site is optimized with the Yoast SEO plugin v27.6 - https:\/\/yoast.com\/product\/yoast-seo-wordpress\/ -->\n<title>Porta Volta \u00e0s Aulas \u2013 Ursinhos aviadores - Loja SOS Professor Atividades<\/title>\n<meta name=\"description\" content=\"Painel de porta ampliado e pronto para imprimir. Ursinhos aviadores para dar boas-vindas \u00e0s novas aventuras do aprender! Ideal para o retorno \u00e0s aulas.\" \/>\n<meta name=\"robots\" content=\"index, follow, max-snippet:-1, max-image-preview:large, max-video-preview:-1\" \/>\n<link rel=\"canonical\" href=\"https:\/\/lojasosprofessoratividades.com.br\/en\/product\/porta-volta-as-aulas-ursinhos-aviadores\/\" \/>\n<meta property=\"og:locale\" content=\"en_US\" \/>\n<meta property=\"og:type\" content=\"article\" \/>\n<meta property=\"og:title\" content=\"Porta Volta \u00e0s Aulas \u2013 Ursinhos aviadores - Loja SOS Professor Atividades\" \/>\n<meta property=\"og:description\" content=\"Painel de porta ampliado e pronto para imprimir. Ursinhos aviadores para dar boas-vindas \u00e0s novas aventuras do aprender! Ideal para o retorno \u00e0s aulas.\" \/>\n<meta property=\"og:url\" content=\"https:\/\/lojasosprofessoratividades.com.br\/en\/product\/porta-volta-as-aulas-ursinhos-aviadores\/\" \/>\n<meta property=\"og:site_name\" content=\"Loja SOS Professor Atividades\" \/>\n<meta property=\"article:publisher\" content=\"https:\/\/www.facebook.com\/sosprofessoratividades\" \/>\n<meta property=\"article:modified_time\" content=\"2026-05-08T18:33:05+00:00\" \/>\n<meta property=\"og:image\" content=\"https:\/\/lojasosprofessoratividades.com.br\/wp-content\/uploads\/2025\/06\/Porta-Volta-as-Aulas-\u2013-Ursinhos-aviadores-1.jpg\" \/>\n\t<meta property=\"og:image:width\" content=\"800\" \/>\n\t<meta property=\"og:image:height\" content=\"693\" \/>\n\t<meta property=\"og:image:type\" content=\"image\/jpeg\" \/>\n<meta name=\"twitter:card\" content=\"summary_large_image\" \/>\n<meta name=\"twitter:label1\" content=\"Est. reading time\" \/>\n\t<meta name=\"twitter:data1\" content=\"1 minute\" \/>\n<script type=\"application\/ld+json\" class=\"yoast-schema-graph\">{\"@context\":\"https:\\\/\\\/schema.org\",\"@graph\":[{\"@type\":\"WebPage\",\"@id\":\"https:\\\/\\\/lojasosprofessoratividades.com.br\\\/produto\\\/porta-volta-as-aulas-ursinhos-aviadores\\\/\",\"url\":\"https:\\\/\\\/lojasosprofessoratividades.com.br\\\/produto\\\/porta-volta-as-aulas-ursinhos-aviadores\\\/\",\"name\":\"Porta Volta \u00e0s Aulas \u2013 Ursinhos aviadores - Loja SOS Professor Atividades\",\"isPartOf\":{\"@id\":\"https:\\\/\\\/lojasosprofessoratividades.com.br\\\/#website\"},\"primaryImageOfPage\":{\"@id\":\"https:\\\/\\\/lojasosprofessoratividades.com.br\\\/produto\\\/porta-volta-as-aulas-ursinhos-aviadores\\\/#primaryimage\"},\"image\":{\"@id\":\"https:\\\/\\\/lojasosprofessoratividades.com.br\\\/produto\\\/porta-volta-as-aulas-ursinhos-aviadores\\\/#primaryimage\"},\"thumbnailUrl\":\"https:\\\/\\\/lojasosprofessoratividades.com.br\\\/wp-content\\\/uploads\\\/2025\\\/06\\\/Porta-Volta-as-Aulas-\u2013-Ursinhos-aviadores-1.jpg\",\"datePublished\":\"2025-06-28T13:18:16+00:00\",\"dateModified\":\"2026-05-08T18:33:05+00:00\",\"description\":\"Painel de porta ampliado e pronto para imprimir. Ursinhos aviadores para dar boas-vindas \u00e0s novas aventuras do aprender! Ideal para o retorno \u00e0s aulas.\",\"breadcrumb\":{\"@id\":\"https:\\\/\\\/lojasosprofessoratividades.com.br\\\/produto\\\/porta-volta-as-aulas-ursinhos-aviadores\\\/#breadcrumb\"},\"inLanguage\":\"en-US\",\"potentialAction\":[{\"@type\":\"ReadAction\",\"target\":[\"https:\\\/\\\/lojasosprofessoratividades.com.br\\\/produto\\\/porta-volta-as-aulas-ursinhos-aviadores\\\/\"]}]},{\"@type\":\"ImageObject\",\"inLanguage\":\"en-US\",\"@id\":\"https:\\\/\\\/lojasosprofessoratividades.com.br\\\/produto\\\/porta-volta-as-aulas-ursinhos-aviadores\\\/#primaryimage\",\"url\":\"https:\\\/\\\/lojasosprofessoratividades.com.br\\\/wp-content\\\/uploads\\\/2025\\\/06\\\/Porta-Volta-as-Aulas-\u2013-Ursinhos-aviadores-1.jpg\",\"contentUrl\":\"https:\\\/\\\/lojasosprofessoratividades.com.br\\\/wp-content\\\/uploads\\\/2025\\\/06\\\/Porta-Volta-as-Aulas-\u2013-Ursinhos-aviadores-1.jpg\",\"width\":800,\"height\":693,\"caption\":\"Porta Volta \u00e0s Aulas \u2013 Ursinhos aviadores\"},{\"@type\":\"BreadcrumbList\",\"@id\":\"https:\\\/\\\/lojasosprofessoratividades.com.br\\\/produto\\\/porta-volta-as-aulas-ursinhos-aviadores\\\/#breadcrumb\",\"itemListElement\":[{\"@type\":\"ListItem\",\"position\":1,\"name\":\"In\u00edcio\",\"item\":\"https:\\\/\\\/lojasosprofessoratividades.com.br\\\/\"},{\"@type\":\"ListItem\",\"position\":2,\"name\":\"Loja\",\"item\":\"https:\\\/\\\/lojasosprofessoratividades.com.br\\\/loja\\\/\"},{\"@type\":\"ListItem\",\"position\":3,\"name\":\"Porta Volta \u00e0s Aulas \u2013 Ursinhos aviadores\"}]},{\"@type\":\"WebSite\",\"@id\":\"https:\\\/\\\/lojasosprofessoratividades.com.br\\\/#website\",\"url\":\"https:\\\/\\\/lojasosprofessoratividades.com.br\\\/\",\"name\":\"Loja SOS Professor Atividades\",\"description\":\"Venda de material did\u00e1tico para o ensino fundamental\",\"publisher\":{\"@id\":\"https:\\\/\\\/lojasosprofessoratividades.com.br\\\/#organization\"},\"potentialAction\":[{\"@type\":\"SearchAction\",\"target\":{\"@type\":\"EntryPoint\",\"urlTemplate\":\"https:\\\/\\\/lojasosprofessoratividades.com.br\\\/?s={search_term_string}\"},\"query-input\":{\"@type\":\"PropertyValueSpecification\",\"valueRequired\":true,\"valueName\":\"search_term_string\"}}],\"inLanguage\":\"en-US\"},{\"@type\":\"Organization\",\"@id\":\"https:\\\/\\\/lojasosprofessoratividades.com.br\\\/#organization\",\"name\":\"Loja SOS Professor Atividades\",\"url\":\"https:\\\/\\\/lojasosprofessoratividades.com.br\\\/\",\"logo\":{\"@type\":\"ImageObject\",\"inLanguage\":\"en-US\",\"@id\":\"https:\\\/\\\/lojasosprofessoratividades.com.br\\\/#\\\/schema\\\/logo\\\/image\\\/\",\"url\":\"http:\\\/\\\/lojasosprofessoratividades.com.br\\\/wp-content\\\/uploads\\\/2022\\\/04\\\/Logo.png\",\"contentUrl\":\"http:\\\/\\\/lojasosprofessoratividades.com.br\\\/wp-content\\\/uploads\\\/2022\\\/04\\\/Logo.png\",\"width\":2000,\"height\":2000,\"caption\":\"Loja SOS Professor Atividades\"},\"image\":{\"@id\":\"https:\\\/\\\/lojasosprofessoratividades.com.br\\\/#\\\/schema\\\/logo\\\/image\\\/\"},\"sameAs\":[\"https:\\\/\\\/www.facebook.com\\\/sosprofessoratividades\",\"https:\\\/\\\/www.instagram.com\\\/sosprofessoratividades\\\/\"]}]}<\/script>\n<!-- \/ Yoast SEO plugin. -->","yoast_head_json":{"title":"Porta Volta \u00e0s Aulas \u2013 Ursinhos aviadores - Loja SOS Professor Atividades","description":"Painel de porta ampliado e pronto para imprimir. Ursinhos aviadores para dar boas-vindas \u00e0s novas aventuras do aprender! Ideal para o retorno \u00e0s aulas.","robots":{"index":"index","follow":"follow","max-snippet":"max-snippet:-1","max-image-preview":"max-image-preview:large","max-video-preview":"max-video-preview:-1"},"canonical":"https:\/\/lojasosprofessoratividades.com.br\/en\/product\/porta-volta-as-aulas-ursinhos-aviadores\/","og_locale":"en_US","og_type":"article","og_title":"Porta Volta \u00e0s Aulas \u2013 Ursinhos aviadores - Loja SOS Professor Atividades","og_description":"Painel de porta ampliado e pronto para imprimir. Ursinhos aviadores para dar boas-vindas \u00e0s novas aventuras do aprender! Ideal para o retorno \u00e0s aulas.","og_url":"https:\/\/lojasosprofessoratividades.com.br\/en\/product\/porta-volta-as-aulas-ursinhos-aviadores\/","og_site_name":"Loja SOS Professor Atividades","article_publisher":"https:\/\/www.facebook.com\/sosprofessoratividades","article_modified_time":"2026-05-08T18:33:05+00:00","og_image":[{"width":800,"height":693,"url":"https:\/\/lojasosprofessoratividades.com.br\/wp-content\/uploads\/2025\/06\/Porta-Volta-as-Aulas-\u2013-Ursinhos-aviadores-1.jpg","type":"image\/jpeg"}],"twitter_card":"summary_large_image","twitter_misc":{"Est. reading time":"1 minute"},"schema":{"@context":"https:\/\/schema.org","@graph":[{"@type":"WebPage","@id":"https:\/\/lojasosprofessoratividades.com.br\/produto\/porta-volta-as-aulas-ursinhos-aviadores\/","url":"https:\/\/lojasosprofessoratividades.com.br\/produto\/porta-volta-as-aulas-ursinhos-aviadores\/","name":"Porta Volta \u00e0s Aulas \u2013 Ursinhos aviadores - Loja SOS Professor Atividades","isPartOf":{"@id":"https:\/\/lojasosprofessoratividades.com.br\/#website"},"primaryImageOfPage":{"@id":"https:\/\/lojasosprofessoratividades.com.br\/produto\/porta-volta-as-aulas-ursinhos-aviadores\/#primaryimage"},"image":{"@id":"https:\/\/lojasosprofessoratividades.com.br\/produto\/porta-volta-as-aulas-ursinhos-aviadores\/#primaryimage"},"thumbnailUrl":"https:\/\/lojasosprofessoratividades.com.br\/wp-content\/uploads\/2025\/06\/Porta-Volta-as-Aulas-\u2013-Ursinhos-aviadores-1.jpg","datePublished":"2025-06-28T13:18:16+00:00","dateModified":"2026-05-08T18:33:05+00:00","description":"Painel de porta ampliado e pronto para imprimir. Ursinhos aviadores para dar boas-vindas \u00e0s novas aventuras do aprender! Ideal para o retorno \u00e0s aulas.","breadcrumb":{"@id":"https:\/\/lojasosprofessoratividades.com.br\/produto\/porta-volta-as-aulas-ursinhos-aviadores\/#breadcrumb"},"inLanguage":"en-US","potentialAction":[{"@type":"ReadAction","target":["https:\/\/lojasosprofessoratividades.com.br\/produto\/porta-volta-as-aulas-ursinhos-aviadores\/"]}]},{"@type":"ImageObject","inLanguage":"en-US","@id":"https:\/\/lojasosprofessoratividades.com.br\/produto\/porta-volta-as-aulas-ursinhos-aviadores\/#primaryimage","url":"https:\/\/lojasosprofessoratividades.com.br\/wp-content\/uploads\/2025\/06\/Porta-Volta-as-Aulas-\u2013-Ursinhos-aviadores-1.jpg","contentUrl":"https:\/\/lojasosprofessoratividades.com.br\/wp-content\/uploads\/2025\/06\/Porta-Volta-as-Aulas-\u2013-Ursinhos-aviadores-1.jpg","width":800,"height":693,"caption":"Porta Volta \u00e0s Aulas \u2013 Ursinhos aviadores"},{"@type":"BreadcrumbList","@id":"https:\/\/lojasosprofessoratividades.com.br\/produto\/porta-volta-as-aulas-ursinhos-aviadores\/#breadcrumb","itemListElement":[{"@type":"ListItem","position":1,"name":"In\u00edcio","item":"https:\/\/lojasosprofessoratividades.com.br\/"},{"@type":"ListItem","position":2,"name":"Loja","item":"https:\/\/lojasosprofessoratividades.com.br\/loja\/"},{"@type":"ListItem","position":3,"name":"Porta Volta \u00e0s Aulas \u2013 Ursinhos aviadores"}]},{"@type":"WebSite","@id":"https:\/\/lojasosprofessoratividades.com.br\/#website","url":"https:\/\/lojasosprofessoratividades.com.br\/","name":"Loja SOS Professor Atividades","description":"Venda de material did\u00e1tico para o ensino fundamental","publisher":{"@id":"https:\/\/lojasosprofessoratividades.com.br\/#organization"},"potentialAction":[{"@type":"SearchAction","target":{"@type":"EntryPoint","urlTemplate":"https:\/\/lojasosprofessoratividades.com.br\/?s={search_term_string}"},"query-input":{"@type":"PropertyValueSpecification","valueRequired":true,"valueName":"search_term_string"}}],"inLanguage":"en-US"},{"@type":"Organization","@id":"https:\/\/lojasosprofessoratividades.com.br\/#organization","name":"Loja SOS Professor Atividades","url":"https:\/\/lojasosprofessoratividades.com.br\/","logo":{"@type":"ImageObject","inLanguage":"en-US","@id":"https:\/\/lojasosprofessoratividades.com.br\/#\/schema\/logo\/image\/","url":"http:\/\/lojasosprofessoratividades.com.br\/wp-content\/uploads\/2022\/04\/Logo.png","contentUrl":"http:\/\/lojasosprofessoratividades.com.br\/wp-content\/uploads\/2022\/04\/Logo.png","width":2000,"height":2000,"caption":"Loja SOS Professor Atividades"},"image":{"@id":"https:\/\/lojasosprofessoratividades.com.br\/#\/schema\/logo\/image\/"},"sameAs":["https:\/\/www.facebook.com\/sosprofessoratividades","https:\/\/www.instagram.com\/sosprofessoratividades\/"]}]}},"_links":{"self":[{"href":"https:\/\/lojasosprofessoratividades.com.br\/en\/wp-json\/wp\/v2\/product\/35368","targetHints":{"allow":["GET"]}}],"collection":[{"href":"https:\/\/lojasosprofessoratividades.com.br\/en\/wp-json\/wp\/v2\/product"}],"about":[{"href":"https:\/\/lojasosprofessoratividades.com.br\/en\/wp-json\/wp\/v2\/types\/product"}],"replies":[{"embeddable":true,"href":"https:\/\/lojasosprofessoratividades.com.br\/en\/wp-json\/wp\/v2\/comments?post=35368"}],"wp:featuredmedia":[{"embeddable":true,"href":"https:\/\/lojasosprofessoratividades.com.br\/en\/wp-json\/wp\/v2\/media\/35374"}],"wp:attachment":[{"href":"https:\/\/lojasosprofessoratividades.com.br\/en\/wp-json\/wp\/v2\/media?parent=35368"}],"wp:term":[{"taxonomy":"product_brand","embeddable":true,"href":"https:\/\/lojasosprofessoratividades.com.br\/en\/wp-json\/wp\/v2\/product_brand?post=35368"},{"taxonomy":"product_cat","embeddable":true,"href":"https:\/\/lojasosprofessoratividades.com.br\/en\/wp-json\/wp\/v2\/product_cat?post=35368"},{"taxonomy":"product_tag","embeddable":true,"href":"https:\/\/lojasosprofessoratividades.com.br\/en\/wp-json\/wp\/v2\/product_tag?post=35368"}],"curies":[{"name":"wp","href":"https:\/\/api.w.org\/{rel}","templated":true}]}}