{"id":35394,"date":"2025-06-30T16:40:58","date_gmt":"2025-06-30T19:40:58","guid":{"rendered":"https:\/\/lojasosprofessoratividades.com.br\/?post_type=product&#038;p=35394"},"modified":"2026-05-08T15:33:29","modified_gmt":"2026-05-08T18:33:29","slug":"pack-folclorico-volume-1","status":"publish","type":"product","link":"https:\/\/lojasosprofessoratividades.com.br\/en\/product\/pack-folclorico-volume-1\/","title":{"rendered":"Pack Folcl\u00f3rico &#8211; Volume 1"},"content":{"rendered":"","protected":false},"excerpt":{"rendered":"<p data-start=\"115\" data-end=\"201\"><strong data-start=\"154\" data-end=\"201\">Atividades prontas para imprimir e aplicar!<\/strong><\/p>\n<p data-start=\"203\" data-end=\"410\">O <strong data-start=\"205\" data-end=\"235\">Pack Folcl\u00f3rico &#8211; Volume 1<\/strong> \u00e9 uma colet\u00e2nea exclusiva de <strong data-start=\"265\" data-end=\"290\">10 arquivos incr\u00edveis<\/strong> reunidos em um \u00fanico PDF, ideal para explorar o folclore brasileiro de forma <strong data-start=\"368\" data-end=\"409\">l\u00fadica, interdisciplinar e interativa<\/strong>.<\/p>\n<p data-start=\"412\" data-end=\"454\">\ud83d\udcda <strong data-start=\"415\" data-end=\"454\">O que voc\u00ea encontra neste material:<\/strong><\/p>\n<ul data-start=\"455\" data-end=\"870\">\n<li data-start=\"455\" data-end=\"495\">\n<p data-start=\"457\" data-end=\"495\">Personagens folcl\u00f3ricos para colorir<\/p>\n<\/li>\n<li data-start=\"496\" data-end=\"565\">\n<p data-start=\"498\" data-end=\"565\">Quebra-cabe\u00e7as divertidos com personagens e opera\u00e7\u00f5es matem\u00e1ticas<\/p>\n<\/li>\n<li data-start=\"566\" data-end=\"645\">\n<p data-start=\"568\" data-end=\"645\"><strong data-start=\"568\" data-end=\"593\">A lenda dos diamantes<\/strong> \u2013 em duas vers\u00f5es: leitura\/ interpreta\u00e7\u00e3o e atividade interativa<\/p>\n<\/li>\n<li data-start=\"646\" data-end=\"742\">\n<p data-start=\"648\" data-end=\"742\">Lendas cl\u00e1ssicas: <strong data-start=\"666\" data-end=\"677\">Caipora<\/strong>, <strong data-start=\"679\" data-end=\"709\">Mani &#8211; a lenda da mandioca<\/strong>, e <strong data-start=\"713\" data-end=\"740\">O papagaio e o tamandu\u00e1<\/strong><\/p>\n<\/li>\n<li data-start=\"743\" data-end=\"794\">\n<p data-start=\"745\" data-end=\"794\">Atividades de interpreta\u00e7\u00e3o e reconto de lendas<\/p>\n<\/li>\n<li data-start=\"795\" data-end=\"818\">\n<p data-start=\"797\" data-end=\"818\">Pesquisa folcl\u00f3rica<\/p>\n<\/li>\n<li data-start=\"819\" data-end=\"870\">\n<p data-start=\"821\" data-end=\"870\">Trava-l\u00edngua divertido para trabalhar oralidade<\/p>\n<\/li>\n<\/ul>\n<p data-start=\"872\" data-end=\"1036\">\u00a0Atividades <strong data-start=\"893\" data-end=\"910\">n\u00e3o <\/strong><strong data-start=\"893\" data-end=\"910\">edit\u00e1veis<\/strong>, prontas para imprimir e usar.<br data-start=\"941\" data-end=\"944\" \/>Material compilado com carinho a partir do site <strong data-start=\"1005\" data-end=\"1035\">SosProfessorAtividades.com<\/strong>.<\/p>\n<p data-start=\"1038\" data-end=\"1183\">Ideal para turmas do Fundamental I, especialmente no m\u00eas do Folclore (agosto), ou como material complementar de leitura e arte ao longo do ano.<\/p>\n<h3>N\u00e3o enviamos por e-mail, a entrega \u00e9 via link para download. \ud83d\udc47<\/h3>\n<p><img loading=\"lazy\" decoding=\"async\" class=\"alignnone wp-image-35160 size-full\" src=\"https:\/\/lojasosprofessoratividades.com.br\/wp-content\/uploads\/2025\/06\/Aviso-Loja-atual.jpg\" alt=\"\" width=\"446\" height=\"251\" srcset=\"https:\/\/lojasosprofessoratividades.com.br\/wp-content\/uploads\/2025\/06\/Aviso-Loja-atual.jpg 446w, https:\/\/lojasosprofessoratividades.com.br\/wp-content\/uploads\/2025\/06\/Aviso-Loja-atual-300x169.jpg 300w, https:\/\/lojasosprofessoratividades.com.br\/wp-content\/uploads\/2025\/06\/Aviso-Loja-atual-18x10.jpg 18w\" sizes=\"auto, (max-width: 446px) 100vw, 446px\" \/><\/p>","protected":false},"featured_media":35396,"comment_status":"open","ping_status":"closed","template":"","meta":[],"product_brand":[],"product_cat":[124,125,127,199,191,187,216,218,214,188,205,194,195,189,204,217],"product_tag":[1969,279,1171,2083,245,544,250,2081,2085,2084,2082,548,2087,2088,2086],"class_list":{"0":"post-35394","1":"product","2":"type-product","3":"status-publish","4":"has-post-thumbnail","6":"product_cat-3o-ano","7":"product_cat-4o-ano","8":"product_cat-5o-ano","9":"product_cat-atividades-interativas-5-anos","10":"product_cat-atividades-interativas-4-ano","11":"product_cat-atividades-interativas-3-ano","12":"product_cat-data-comemorativa-4-ano","13":"product_cat-data-comemorativa-5-ano","14":"product_cat-data-comemorativa-3-ano","15":"product_cat-matematica-3-ano","16":"product_cat-matematica-5-ano","17":"product_cat-matematica-4-ano","18":"product_cat-portugues-4-ano","19":"product_cat-portugues-3-ano","20":"product_cat-portugues-5-anos","21":"product_cat-recursos-didaticos-5-ano","22":"product_tag-atividades-folcloricas","23":"product_tag-atividades-interativas","24":"product_tag-atividades-para-imprimir","25":"product_tag-caipora","26":"product_tag-ensino-fundamental","27":"product_tag-folclore-brasileiro","28":"product_tag-interpretacao-de-texto","29":"product_tag-lendas-do-folclore","30":"product_tag-lendas-para-criancas","31":"product_tag-mani","32":"product_tag-pdf-folclore","33":"product_tag-personagens-folcloricos","34":"product_tag-quebra-cabeca-folclore","35":"product_tag-sosprofessoratividades","36":"product_tag-travalingua","38":"first","39":"instock","40":"downloadable","41":"virtual","42":"sold-individually","43":"purchasable","44":"product-type-simple"},"yoast_head":"<!-- This site is optimized with the Yoast SEO plugin v27.5 - https:\/\/yoast.com\/product\/yoast-seo-wordpress\/ -->\n<title>Pack Folcl\u00f3rico - Volume 1 - Loja SOS Professor Atividades<\/title>\n<meta name=\"description\" content=\"Pack Folcl\u00f3rico com 10 atividades prontas em PDF. Lendas, jogos, interpreta\u00e7\u00e3o e matem\u00e1tica sobre o folclore brasileiro. Ideal para o Fundamental I.\" \/>\n<meta name=\"robots\" content=\"index, follow, max-snippet:-1, max-image-preview:large, max-video-preview:-1\" \/>\n<link rel=\"canonical\" href=\"https:\/\/lojasosprofessoratividades.com.br\/en\/product\/pack-folclorico-volume-1\/\" \/>\n<meta property=\"og:locale\" content=\"en_US\" \/>\n<meta property=\"og:type\" content=\"article\" \/>\n<meta property=\"og:title\" content=\"Pack Folcl\u00f3rico - Volume 1 - Loja SOS Professor Atividades\" \/>\n<meta property=\"og:description\" content=\"Pack Folcl\u00f3rico com 10 atividades prontas em PDF. Lendas, jogos, interpreta\u00e7\u00e3o e matem\u00e1tica sobre o folclore brasileiro. Ideal para o Fundamental I.\" \/>\n<meta property=\"og:url\" content=\"https:\/\/lojasosprofessoratividades.com.br\/en\/product\/pack-folclorico-volume-1\/\" \/>\n<meta property=\"og:site_name\" content=\"Loja SOS Professor Atividades\" \/>\n<meta property=\"article:publisher\" content=\"https:\/\/www.facebook.com\/sosprofessoratividades\" \/>\n<meta property=\"article:modified_time\" content=\"2026-05-08T18:33:29+00:00\" \/>\n<meta property=\"og:image\" content=\"https:\/\/lojasosprofessoratividades.com.br\/wp-content\/uploads\/2025\/06\/Pack-Folclorico-Volume-1-1.jpg\" \/>\n\t<meta property=\"og:image:width\" content=\"800\" \/>\n\t<meta property=\"og:image:height\" content=\"693\" \/>\n\t<meta property=\"og:image:type\" content=\"image\/jpeg\" \/>\n<meta name=\"twitter:card\" content=\"summary_large_image\" \/>\n<meta name=\"twitter:label1\" content=\"Est. reading time\" \/>\n\t<meta name=\"twitter:data1\" content=\"1 minute\" \/>\n<script type=\"application\/ld+json\" class=\"yoast-schema-graph\">{\"@context\":\"https:\\\/\\\/schema.org\",\"@graph\":[{\"@type\":\"WebPage\",\"@id\":\"https:\\\/\\\/lojasosprofessoratividades.com.br\\\/produto\\\/pack-folclorico-volume-1\\\/\",\"url\":\"https:\\\/\\\/lojasosprofessoratividades.com.br\\\/produto\\\/pack-folclorico-volume-1\\\/\",\"name\":\"Pack Folcl\u00f3rico - Volume 1 - Loja SOS Professor Atividades\",\"isPartOf\":{\"@id\":\"https:\\\/\\\/lojasosprofessoratividades.com.br\\\/#website\"},\"primaryImageOfPage\":{\"@id\":\"https:\\\/\\\/lojasosprofessoratividades.com.br\\\/produto\\\/pack-folclorico-volume-1\\\/#primaryimage\"},\"image\":{\"@id\":\"https:\\\/\\\/lojasosprofessoratividades.com.br\\\/produto\\\/pack-folclorico-volume-1\\\/#primaryimage\"},\"thumbnailUrl\":\"https:\\\/\\\/lojasosprofessoratividades.com.br\\\/wp-content\\\/uploads\\\/2025\\\/06\\\/Pack-Folclorico-Volume-1-1.jpg\",\"datePublished\":\"2025-06-30T19:40:58+00:00\",\"dateModified\":\"2026-05-08T18:33:29+00:00\",\"description\":\"Pack Folcl\u00f3rico com 10 atividades prontas em PDF. Lendas, jogos, interpreta\u00e7\u00e3o e matem\u00e1tica sobre o folclore brasileiro. Ideal para o Fundamental I.\",\"breadcrumb\":{\"@id\":\"https:\\\/\\\/lojasosprofessoratividades.com.br\\\/produto\\\/pack-folclorico-volume-1\\\/#breadcrumb\"},\"inLanguage\":\"en-US\",\"potentialAction\":[{\"@type\":\"ReadAction\",\"target\":[\"https:\\\/\\\/lojasosprofessoratividades.com.br\\\/produto\\\/pack-folclorico-volume-1\\\/\"]}]},{\"@type\":\"ImageObject\",\"inLanguage\":\"en-US\",\"@id\":\"https:\\\/\\\/lojasosprofessoratividades.com.br\\\/produto\\\/pack-folclorico-volume-1\\\/#primaryimage\",\"url\":\"https:\\\/\\\/lojasosprofessoratividades.com.br\\\/wp-content\\\/uploads\\\/2025\\\/06\\\/Pack-Folclorico-Volume-1-1.jpg\",\"contentUrl\":\"https:\\\/\\\/lojasosprofessoratividades.com.br\\\/wp-content\\\/uploads\\\/2025\\\/06\\\/Pack-Folclorico-Volume-1-1.jpg\",\"width\":800,\"height\":693,\"caption\":\"Pack Folcl\u00f3rico - Volume 1\"},{\"@type\":\"BreadcrumbList\",\"@id\":\"https:\\\/\\\/lojasosprofessoratividades.com.br\\\/produto\\\/pack-folclorico-volume-1\\\/#breadcrumb\",\"itemListElement\":[{\"@type\":\"ListItem\",\"position\":1,\"name\":\"In\u00edcio\",\"item\":\"https:\\\/\\\/lojasosprofessoratividades.com.br\\\/\"},{\"@type\":\"ListItem\",\"position\":2,\"name\":\"Loja\",\"item\":\"https:\\\/\\\/lojasosprofessoratividades.com.br\\\/loja\\\/\"},{\"@type\":\"ListItem\",\"position\":3,\"name\":\"Pack Folcl\u00f3rico &#8211; Volume 1\"}]},{\"@type\":\"WebSite\",\"@id\":\"https:\\\/\\\/lojasosprofessoratividades.com.br\\\/#website\",\"url\":\"https:\\\/\\\/lojasosprofessoratividades.com.br\\\/\",\"name\":\"Loja SOS Professor Atividades\",\"description\":\"Venda de material did\u00e1tico para o ensino fundamental\",\"publisher\":{\"@id\":\"https:\\\/\\\/lojasosprofessoratividades.com.br\\\/#organization\"},\"potentialAction\":[{\"@type\":\"SearchAction\",\"target\":{\"@type\":\"EntryPoint\",\"urlTemplate\":\"https:\\\/\\\/lojasosprofessoratividades.com.br\\\/?s={search_term_string}\"},\"query-input\":{\"@type\":\"PropertyValueSpecification\",\"valueRequired\":true,\"valueName\":\"search_term_string\"}}],\"inLanguage\":\"en-US\"},{\"@type\":\"Organization\",\"@id\":\"https:\\\/\\\/lojasosprofessoratividades.com.br\\\/#organization\",\"name\":\"Loja SOS Professor Atividades\",\"url\":\"https:\\\/\\\/lojasosprofessoratividades.com.br\\\/\",\"logo\":{\"@type\":\"ImageObject\",\"inLanguage\":\"en-US\",\"@id\":\"https:\\\/\\\/lojasosprofessoratividades.com.br\\\/#\\\/schema\\\/logo\\\/image\\\/\",\"url\":\"http:\\\/\\\/lojasosprofessoratividades.com.br\\\/wp-content\\\/uploads\\\/2022\\\/04\\\/Logo.png\",\"contentUrl\":\"http:\\\/\\\/lojasosprofessoratividades.com.br\\\/wp-content\\\/uploads\\\/2022\\\/04\\\/Logo.png\",\"width\":2000,\"height\":2000,\"caption\":\"Loja SOS Professor Atividades\"},\"image\":{\"@id\":\"https:\\\/\\\/lojasosprofessoratividades.com.br\\\/#\\\/schema\\\/logo\\\/image\\\/\"},\"sameAs\":[\"https:\\\/\\\/www.facebook.com\\\/sosprofessoratividades\",\"https:\\\/\\\/www.instagram.com\\\/sosprofessoratividades\\\/\"]}]}<\/script>\n<!-- \/ Yoast SEO plugin. -->","yoast_head_json":{"title":"Pack Folcl\u00f3rico - Volume 1 - Loja SOS Professor Atividades","description":"Pack Folcl\u00f3rico com 10 atividades prontas em PDF. Lendas, jogos, interpreta\u00e7\u00e3o e matem\u00e1tica sobre o folclore brasileiro. Ideal para o Fundamental I.","robots":{"index":"index","follow":"follow","max-snippet":"max-snippet:-1","max-image-preview":"max-image-preview:large","max-video-preview":"max-video-preview:-1"},"canonical":"https:\/\/lojasosprofessoratividades.com.br\/en\/product\/pack-folclorico-volume-1\/","og_locale":"en_US","og_type":"article","og_title":"Pack Folcl\u00f3rico - Volume 1 - Loja SOS Professor Atividades","og_description":"Pack Folcl\u00f3rico com 10 atividades prontas em PDF. Lendas, jogos, interpreta\u00e7\u00e3o e matem\u00e1tica sobre o folclore brasileiro. Ideal para o Fundamental I.","og_url":"https:\/\/lojasosprofessoratividades.com.br\/en\/product\/pack-folclorico-volume-1\/","og_site_name":"Loja SOS Professor Atividades","article_publisher":"https:\/\/www.facebook.com\/sosprofessoratividades","article_modified_time":"2026-05-08T18:33:29+00:00","og_image":[{"width":800,"height":693,"url":"https:\/\/lojasosprofessoratividades.com.br\/wp-content\/uploads\/2025\/06\/Pack-Folclorico-Volume-1-1.jpg","type":"image\/jpeg"}],"twitter_card":"summary_large_image","twitter_misc":{"Est. reading time":"1 minute"},"schema":{"@context":"https:\/\/schema.org","@graph":[{"@type":"WebPage","@id":"https:\/\/lojasosprofessoratividades.com.br\/produto\/pack-folclorico-volume-1\/","url":"https:\/\/lojasosprofessoratividades.com.br\/produto\/pack-folclorico-volume-1\/","name":"Pack Folcl\u00f3rico - Volume 1 - Loja SOS Professor Atividades","isPartOf":{"@id":"https:\/\/lojasosprofessoratividades.com.br\/#website"},"primaryImageOfPage":{"@id":"https:\/\/lojasosprofessoratividades.com.br\/produto\/pack-folclorico-volume-1\/#primaryimage"},"image":{"@id":"https:\/\/lojasosprofessoratividades.com.br\/produto\/pack-folclorico-volume-1\/#primaryimage"},"thumbnailUrl":"https:\/\/lojasosprofessoratividades.com.br\/wp-content\/uploads\/2025\/06\/Pack-Folclorico-Volume-1-1.jpg","datePublished":"2025-06-30T19:40:58+00:00","dateModified":"2026-05-08T18:33:29+00:00","description":"Pack Folcl\u00f3rico com 10 atividades prontas em PDF. Lendas, jogos, interpreta\u00e7\u00e3o e matem\u00e1tica sobre o folclore brasileiro. Ideal para o Fundamental I.","breadcrumb":{"@id":"https:\/\/lojasosprofessoratividades.com.br\/produto\/pack-folclorico-volume-1\/#breadcrumb"},"inLanguage":"en-US","potentialAction":[{"@type":"ReadAction","target":["https:\/\/lojasosprofessoratividades.com.br\/produto\/pack-folclorico-volume-1\/"]}]},{"@type":"ImageObject","inLanguage":"en-US","@id":"https:\/\/lojasosprofessoratividades.com.br\/produto\/pack-folclorico-volume-1\/#primaryimage","url":"https:\/\/lojasosprofessoratividades.com.br\/wp-content\/uploads\/2025\/06\/Pack-Folclorico-Volume-1-1.jpg","contentUrl":"https:\/\/lojasosprofessoratividades.com.br\/wp-content\/uploads\/2025\/06\/Pack-Folclorico-Volume-1-1.jpg","width":800,"height":693,"caption":"Pack Folcl\u00f3rico - Volume 1"},{"@type":"BreadcrumbList","@id":"https:\/\/lojasosprofessoratividades.com.br\/produto\/pack-folclorico-volume-1\/#breadcrumb","itemListElement":[{"@type":"ListItem","position":1,"name":"In\u00edcio","item":"https:\/\/lojasosprofessoratividades.com.br\/"},{"@type":"ListItem","position":2,"name":"Loja","item":"https:\/\/lojasosprofessoratividades.com.br\/loja\/"},{"@type":"ListItem","position":3,"name":"Pack Folcl\u00f3rico &#8211; Volume 1"}]},{"@type":"WebSite","@id":"https:\/\/lojasosprofessoratividades.com.br\/#website","url":"https:\/\/lojasosprofessoratividades.com.br\/","name":"Loja SOS Professor Atividades","description":"Venda de material did\u00e1tico para o ensino fundamental","publisher":{"@id":"https:\/\/lojasosprofessoratividades.com.br\/#organization"},"potentialAction":[{"@type":"SearchAction","target":{"@type":"EntryPoint","urlTemplate":"https:\/\/lojasosprofessoratividades.com.br\/?s={search_term_string}"},"query-input":{"@type":"PropertyValueSpecification","valueRequired":true,"valueName":"search_term_string"}}],"inLanguage":"en-US"},{"@type":"Organization","@id":"https:\/\/lojasosprofessoratividades.com.br\/#organization","name":"Loja SOS Professor Atividades","url":"https:\/\/lojasosprofessoratividades.com.br\/","logo":{"@type":"ImageObject","inLanguage":"en-US","@id":"https:\/\/lojasosprofessoratividades.com.br\/#\/schema\/logo\/image\/","url":"http:\/\/lojasosprofessoratividades.com.br\/wp-content\/uploads\/2022\/04\/Logo.png","contentUrl":"http:\/\/lojasosprofessoratividades.com.br\/wp-content\/uploads\/2022\/04\/Logo.png","width":2000,"height":2000,"caption":"Loja SOS Professor Atividades"},"image":{"@id":"https:\/\/lojasosprofessoratividades.com.br\/#\/schema\/logo\/image\/"},"sameAs":["https:\/\/www.facebook.com\/sosprofessoratividades","https:\/\/www.instagram.com\/sosprofessoratividades\/"]}]}},"_links":{"self":[{"href":"https:\/\/lojasosprofessoratividades.com.br\/en\/wp-json\/wp\/v2\/product\/35394","targetHints":{"allow":["GET"]}}],"collection":[{"href":"https:\/\/lojasosprofessoratividades.com.br\/en\/wp-json\/wp\/v2\/product"}],"about":[{"href":"https:\/\/lojasosprofessoratividades.com.br\/en\/wp-json\/wp\/v2\/types\/product"}],"replies":[{"embeddable":true,"href":"https:\/\/lojasosprofessoratividades.com.br\/en\/wp-json\/wp\/v2\/comments?post=35394"}],"wp:featuredmedia":[{"embeddable":true,"href":"https:\/\/lojasosprofessoratividades.com.br\/en\/wp-json\/wp\/v2\/media\/35396"}],"wp:attachment":[{"href":"https:\/\/lojasosprofessoratividades.com.br\/en\/wp-json\/wp\/v2\/media?parent=35394"}],"wp:term":[{"taxonomy":"product_brand","embeddable":true,"href":"https:\/\/lojasosprofessoratividades.com.br\/en\/wp-json\/wp\/v2\/product_brand?post=35394"},{"taxonomy":"product_cat","embeddable":true,"href":"https:\/\/lojasosprofessoratividades.com.br\/en\/wp-json\/wp\/v2\/product_cat?post=35394"},{"taxonomy":"product_tag","embeddable":true,"href":"https:\/\/lojasosprofessoratividades.com.br\/en\/wp-json\/wp\/v2\/product_tag?post=35394"}],"curies":[{"name":"wp","href":"https:\/\/api.w.org\/{rel}","templated":true}]}}