{"id":35453,"date":"2025-07-14T12:33:35","date_gmt":"2025-07-14T15:33:35","guid":{"rendered":"https:\/\/lojasosprofessoratividades.com.br\/?post_type=product&#038;p=35453"},"modified":"2026-05-08T15:35:52","modified_gmt":"2026-05-08T18:35:52","slug":"folclore-sequencia-didatica-saci-mural-coletivo","status":"publish","type":"product","link":"https:\/\/lojasosprofessoratividades.com.br\/en\/product\/folclore-sequencia-didatica-saci-mural-coletivo\/","title":{"rendered":"Folclore &#8211; Sequ\u00eancia Did\u00e1tica Saci + Mural Coletivo"},"content":{"rendered":"","protected":false},"excerpt":{"rendered":"<p data-start=\"315\" data-end=\"572\">Ideal para turmas do <strong data-start=\"451\" data-end=\"466\">4\u00ba e 5\u00ba ano<\/strong>, o material explora o personagem <strong data-start=\"500\" data-end=\"515\">Saci-Perer\u00ea<\/strong> com propostas interdisciplinares, din\u00e2micas e criativas.<\/p>\n<p data-start=\"574\" data-end=\"617\"><strong>N\u00e3o<\/strong> edit\u00e1vel.<\/p>\n<p data-start=\"574\" data-end=\"617\"><strong data-start=\"577\" data-end=\"617\">O que voc\u00ea vai encontrar no arquivo:<\/strong><\/p>\n<p data-start=\"619\" data-end=\"1135\">\u2705 Leitura e interpreta\u00e7\u00e3o do texto \u201c<strong data-start=\"655\" data-end=\"683\">Saci e a Vassoura Voadora<\/strong>\u201d<br data-start=\"684\" data-end=\"687\" \/>\u2705 Atividade com <strong data-start=\"703\" data-end=\"738\">dicion\u00e1rio e forma\u00e7\u00e3o de frases<\/strong><br data-start=\"738\" data-end=\"741\" \/>\u2705 Texto sobre <strong data-start=\"755\" data-end=\"783\">brincadeiras folcl\u00f3ricas<\/strong> + situa\u00e7\u00f5es-problema com as 4 opera\u00e7\u00f5es, m\u00faltiplos e fra\u00e7\u00f5es<br data-start=\"859\" data-end=\"862\" \/>\u2705 <strong data-start=\"864\" data-end=\"890\">Ca\u00e7a-palavras tem\u00e1tico<\/strong><br data-start=\"890\" data-end=\"893\" \/>\u2705 <strong data-start=\"895\" data-end=\"927\">Labirinto dos m\u00faltiplos de 4<\/strong> \u2013 l\u00fadico e desafiador!<br data-start=\"950\" data-end=\"953\" \/>\u2705 <strong data-start=\"955\" data-end=\"998\">Atividade de Arte: Saci Box para montar<\/strong> (sugest\u00e3o de mural coletivo)<br data-start=\"1027\" data-end=\"1030\" \/>\u2705 <strong data-start=\"1032\" data-end=\"1077\">Plano de aula estruturado com 4 encontros<\/strong><br data-start=\"1077\" data-end=\"1080\" \/>\u2705 Arquivo pronto para imprimir com <strong data-start=\"1115\" data-end=\"1135\">gabarito incluso<\/strong><\/p>\n<h3>N\u00e3o enviamos por e-mail, a entrega \u00e9 via link para download. \ud83d\udc47<\/h3>\n<p><img loading=\"lazy\" decoding=\"async\" class=\"alignnone wp-image-35160 size-full\" src=\"https:\/\/lojasosprofessoratividades.com.br\/wp-content\/uploads\/2025\/06\/Aviso-Loja-atual.jpg\" alt=\"\" width=\"446\" height=\"251\" srcset=\"https:\/\/lojasosprofessoratividades.com.br\/wp-content\/uploads\/2025\/06\/Aviso-Loja-atual.jpg 446w, https:\/\/lojasosprofessoratividades.com.br\/wp-content\/uploads\/2025\/06\/Aviso-Loja-atual-300x169.jpg 300w, https:\/\/lojasosprofessoratividades.com.br\/wp-content\/uploads\/2025\/06\/Aviso-Loja-atual-18x10.jpg 18w\" sizes=\"auto, (max-width: 446px) 100vw, 446px\" \/><\/p>","protected":false},"featured_media":35456,"comment_status":"open","ping_status":"closed","template":"","meta":[],"product_brand":[],"product_cat":[125,127,1858,218,216,205,194,204,195,217,215],"product_tag":[253,248,2124,579,1956,1969,1171,551,950,493,244,250,1320,1810,2123,2121,2125,2119,2122,2120],"class_list":{"0":"post-35453","1":"product","2":"type-product","3":"status-publish","4":"has-post-thumbnail","6":"product_cat-4o-ano","7":"product_cat-5o-ano","8":"product_cat-arte-2","9":"product_cat-data-comemorativa-5-ano","10":"product_cat-data-comemorativa-4-ano","11":"product_cat-matematica-5-ano","12":"product_cat-matematica-4-ano","13":"product_cat-portugues-5-anos","14":"product_cat-portugues-4-ano","15":"product_cat-recursos-didaticos-5-ano","16":"product_cat-recursos-didaticos-4-ano","17":"product_tag-4o-ano","18":"product_tag-5o-ano","19":"product_tag-artes-folclore","20":"product_tag-atividades-educativas","21":"product_tag-atividades-folclore","22":"product_tag-atividades-folcloricas","23":"product_tag-atividades-para-imprimir","24":"product_tag-cultura-brasileira","25":"product_tag-educacao-fundamental","26":"product_tag-ensino-fundamental-1","27":"product_tag-folclore","28":"product_tag-interpretacao-de-texto","29":"product_tag-leitura-e-interpretacao","30":"product_tag-matematica-divertida","31":"product_tag-multiplos-de-4","32":"product_tag-plano-de-aula-folclore","33":"product_tag-projeto-folclore","34":"product_tag-saci","35":"product_tag-saci-box","36":"product_tag-sequencia-didatica-folclore","38":"first","39":"instock","40":"downloadable","41":"virtual","42":"sold-individually","43":"purchasable","44":"product-type-simple"},"yoast_head":"<!-- This site is optimized with the Yoast SEO plugin v27.6 - https:\/\/yoast.com\/product\/yoast-seo-wordpress\/ -->\n<title>Folclore - Sequ\u00eancia Did\u00e1tica Saci + Mural Coletivo - Loja SOS Professor Atividades<\/title>\n<meta name=\"description\" content=\"Sequ\u00eancia did\u00e1tica sobre o Saci com leitura, matem\u00e1tica, ca\u00e7a-palavras, arte e mural coletivo. Ideal para turmas do 4\u00ba e 5\u00ba ano. PDF pronto para imprimir!\" \/>\n<meta name=\"robots\" content=\"index, follow, max-snippet:-1, max-image-preview:large, max-video-preview:-1\" \/>\n<link rel=\"canonical\" href=\"https:\/\/lojasosprofessoratividades.com.br\/en\/product\/folclore-sequencia-didatica-saci-mural-coletivo\/\" \/>\n<meta property=\"og:locale\" content=\"en_US\" \/>\n<meta property=\"og:type\" content=\"article\" \/>\n<meta property=\"og:title\" content=\"Folclore - Sequ\u00eancia Did\u00e1tica Saci + Mural Coletivo - Loja SOS Professor Atividades\" \/>\n<meta property=\"og:description\" content=\"Sequ\u00eancia did\u00e1tica sobre o Saci com leitura, matem\u00e1tica, ca\u00e7a-palavras, arte e mural coletivo. Ideal para turmas do 4\u00ba e 5\u00ba ano. PDF pronto para imprimir!\" \/>\n<meta property=\"og:url\" content=\"https:\/\/lojasosprofessoratividades.com.br\/en\/product\/folclore-sequencia-didatica-saci-mural-coletivo\/\" \/>\n<meta property=\"og:site_name\" content=\"Loja SOS Professor Atividades\" \/>\n<meta property=\"article:publisher\" content=\"https:\/\/www.facebook.com\/sosprofessoratividades\" \/>\n<meta property=\"article:modified_time\" content=\"2026-05-08T18:35:52+00:00\" \/>\n<meta property=\"og:image\" content=\"https:\/\/lojasosprofessoratividades.com.br\/wp-content\/uploads\/2025\/07\/Saci-e-a-vassoura-voadora-1.jpg\" \/>\n\t<meta property=\"og:image:width\" content=\"800\" \/>\n\t<meta property=\"og:image:height\" content=\"693\" \/>\n\t<meta property=\"og:image:type\" content=\"image\/jpeg\" \/>\n<meta name=\"twitter:card\" content=\"summary_large_image\" \/>\n<meta name=\"twitter:label1\" content=\"Est. reading time\" \/>\n\t<meta name=\"twitter:data1\" content=\"1 minute\" \/>\n<script type=\"application\/ld+json\" class=\"yoast-schema-graph\">{\"@context\":\"https:\\\/\\\/schema.org\",\"@graph\":[{\"@type\":\"WebPage\",\"@id\":\"https:\\\/\\\/lojasosprofessoratividades.com.br\\\/produto\\\/folclore-sequencia-didatica-saci-mural-coletivo\\\/\",\"url\":\"https:\\\/\\\/lojasosprofessoratividades.com.br\\\/produto\\\/folclore-sequencia-didatica-saci-mural-coletivo\\\/\",\"name\":\"Folclore - Sequ\u00eancia Did\u00e1tica Saci + Mural Coletivo - Loja SOS Professor Atividades\",\"isPartOf\":{\"@id\":\"https:\\\/\\\/lojasosprofessoratividades.com.br\\\/#website\"},\"primaryImageOfPage\":{\"@id\":\"https:\\\/\\\/lojasosprofessoratividades.com.br\\\/produto\\\/folclore-sequencia-didatica-saci-mural-coletivo\\\/#primaryimage\"},\"image\":{\"@id\":\"https:\\\/\\\/lojasosprofessoratividades.com.br\\\/produto\\\/folclore-sequencia-didatica-saci-mural-coletivo\\\/#primaryimage\"},\"thumbnailUrl\":\"https:\\\/\\\/lojasosprofessoratividades.com.br\\\/wp-content\\\/uploads\\\/2025\\\/07\\\/Saci-e-a-vassoura-voadora-1.jpg\",\"datePublished\":\"2025-07-14T15:33:35+00:00\",\"dateModified\":\"2026-05-08T18:35:52+00:00\",\"description\":\"Sequ\u00eancia did\u00e1tica sobre o Saci com leitura, matem\u00e1tica, ca\u00e7a-palavras, arte e mural coletivo. Ideal para turmas do 4\u00ba e 5\u00ba ano. PDF pronto para imprimir!\",\"breadcrumb\":{\"@id\":\"https:\\\/\\\/lojasosprofessoratividades.com.br\\\/produto\\\/folclore-sequencia-didatica-saci-mural-coletivo\\\/#breadcrumb\"},\"inLanguage\":\"en-US\",\"potentialAction\":[{\"@type\":\"ReadAction\",\"target\":[\"https:\\\/\\\/lojasosprofessoratividades.com.br\\\/produto\\\/folclore-sequencia-didatica-saci-mural-coletivo\\\/\"]}]},{\"@type\":\"ImageObject\",\"inLanguage\":\"en-US\",\"@id\":\"https:\\\/\\\/lojasosprofessoratividades.com.br\\\/produto\\\/folclore-sequencia-didatica-saci-mural-coletivo\\\/#primaryimage\",\"url\":\"https:\\\/\\\/lojasosprofessoratividades.com.br\\\/wp-content\\\/uploads\\\/2025\\\/07\\\/Saci-e-a-vassoura-voadora-1.jpg\",\"contentUrl\":\"https:\\\/\\\/lojasosprofessoratividades.com.br\\\/wp-content\\\/uploads\\\/2025\\\/07\\\/Saci-e-a-vassoura-voadora-1.jpg\",\"width\":800,\"height\":693,\"caption\":\"Saci e a vassoura voadora\"},{\"@type\":\"BreadcrumbList\",\"@id\":\"https:\\\/\\\/lojasosprofessoratividades.com.br\\\/produto\\\/folclore-sequencia-didatica-saci-mural-coletivo\\\/#breadcrumb\",\"itemListElement\":[{\"@type\":\"ListItem\",\"position\":1,\"name\":\"In\u00edcio\",\"item\":\"https:\\\/\\\/lojasosprofessoratividades.com.br\\\/\"},{\"@type\":\"ListItem\",\"position\":2,\"name\":\"Loja\",\"item\":\"https:\\\/\\\/lojasosprofessoratividades.com.br\\\/loja\\\/\"},{\"@type\":\"ListItem\",\"position\":3,\"name\":\"Folclore &#8211; Sequ\u00eancia Did\u00e1tica Saci + Mural Coletivo\"}]},{\"@type\":\"WebSite\",\"@id\":\"https:\\\/\\\/lojasosprofessoratividades.com.br\\\/#website\",\"url\":\"https:\\\/\\\/lojasosprofessoratividades.com.br\\\/\",\"name\":\"Loja SOS Professor Atividades\",\"description\":\"Venda de material did\u00e1tico para o ensino fundamental\",\"publisher\":{\"@id\":\"https:\\\/\\\/lojasosprofessoratividades.com.br\\\/#organization\"},\"potentialAction\":[{\"@type\":\"SearchAction\",\"target\":{\"@type\":\"EntryPoint\",\"urlTemplate\":\"https:\\\/\\\/lojasosprofessoratividades.com.br\\\/?s={search_term_string}\"},\"query-input\":{\"@type\":\"PropertyValueSpecification\",\"valueRequired\":true,\"valueName\":\"search_term_string\"}}],\"inLanguage\":\"en-US\"},{\"@type\":\"Organization\",\"@id\":\"https:\\\/\\\/lojasosprofessoratividades.com.br\\\/#organization\",\"name\":\"Loja SOS Professor Atividades\",\"url\":\"https:\\\/\\\/lojasosprofessoratividades.com.br\\\/\",\"logo\":{\"@type\":\"ImageObject\",\"inLanguage\":\"en-US\",\"@id\":\"https:\\\/\\\/lojasosprofessoratividades.com.br\\\/#\\\/schema\\\/logo\\\/image\\\/\",\"url\":\"http:\\\/\\\/lojasosprofessoratividades.com.br\\\/wp-content\\\/uploads\\\/2022\\\/04\\\/Logo.png\",\"contentUrl\":\"http:\\\/\\\/lojasosprofessoratividades.com.br\\\/wp-content\\\/uploads\\\/2022\\\/04\\\/Logo.png\",\"width\":2000,\"height\":2000,\"caption\":\"Loja SOS Professor Atividades\"},\"image\":{\"@id\":\"https:\\\/\\\/lojasosprofessoratividades.com.br\\\/#\\\/schema\\\/logo\\\/image\\\/\"},\"sameAs\":[\"https:\\\/\\\/www.facebook.com\\\/sosprofessoratividades\",\"https:\\\/\\\/www.instagram.com\\\/sosprofessoratividades\\\/\"]}]}<\/script>\n<!-- \/ Yoast SEO plugin. -->","yoast_head_json":{"title":"Folclore - Sequ\u00eancia Did\u00e1tica Saci + Mural Coletivo - Loja SOS Professor Atividades","description":"Sequ\u00eancia did\u00e1tica sobre o Saci com leitura, matem\u00e1tica, ca\u00e7a-palavras, arte e mural coletivo. Ideal para turmas do 4\u00ba e 5\u00ba ano. PDF pronto para imprimir!","robots":{"index":"index","follow":"follow","max-snippet":"max-snippet:-1","max-image-preview":"max-image-preview:large","max-video-preview":"max-video-preview:-1"},"canonical":"https:\/\/lojasosprofessoratividades.com.br\/en\/product\/folclore-sequencia-didatica-saci-mural-coletivo\/","og_locale":"en_US","og_type":"article","og_title":"Folclore - Sequ\u00eancia Did\u00e1tica Saci + Mural Coletivo - Loja SOS Professor Atividades","og_description":"Sequ\u00eancia did\u00e1tica sobre o Saci com leitura, matem\u00e1tica, ca\u00e7a-palavras, arte e mural coletivo. Ideal para turmas do 4\u00ba e 5\u00ba ano. PDF pronto para imprimir!","og_url":"https:\/\/lojasosprofessoratividades.com.br\/en\/product\/folclore-sequencia-didatica-saci-mural-coletivo\/","og_site_name":"Loja SOS Professor Atividades","article_publisher":"https:\/\/www.facebook.com\/sosprofessoratividades","article_modified_time":"2026-05-08T18:35:52+00:00","og_image":[{"width":800,"height":693,"url":"https:\/\/lojasosprofessoratividades.com.br\/wp-content\/uploads\/2025\/07\/Saci-e-a-vassoura-voadora-1.jpg","type":"image\/jpeg"}],"twitter_card":"summary_large_image","twitter_misc":{"Est. reading time":"1 minute"},"schema":{"@context":"https:\/\/schema.org","@graph":[{"@type":"WebPage","@id":"https:\/\/lojasosprofessoratividades.com.br\/produto\/folclore-sequencia-didatica-saci-mural-coletivo\/","url":"https:\/\/lojasosprofessoratividades.com.br\/produto\/folclore-sequencia-didatica-saci-mural-coletivo\/","name":"Folclore - Sequ\u00eancia Did\u00e1tica Saci + Mural Coletivo - Loja SOS Professor Atividades","isPartOf":{"@id":"https:\/\/lojasosprofessoratividades.com.br\/#website"},"primaryImageOfPage":{"@id":"https:\/\/lojasosprofessoratividades.com.br\/produto\/folclore-sequencia-didatica-saci-mural-coletivo\/#primaryimage"},"image":{"@id":"https:\/\/lojasosprofessoratividades.com.br\/produto\/folclore-sequencia-didatica-saci-mural-coletivo\/#primaryimage"},"thumbnailUrl":"https:\/\/lojasosprofessoratividades.com.br\/wp-content\/uploads\/2025\/07\/Saci-e-a-vassoura-voadora-1.jpg","datePublished":"2025-07-14T15:33:35+00:00","dateModified":"2026-05-08T18:35:52+00:00","description":"Sequ\u00eancia did\u00e1tica sobre o Saci com leitura, matem\u00e1tica, ca\u00e7a-palavras, arte e mural coletivo. Ideal para turmas do 4\u00ba e 5\u00ba ano. PDF pronto para imprimir!","breadcrumb":{"@id":"https:\/\/lojasosprofessoratividades.com.br\/produto\/folclore-sequencia-didatica-saci-mural-coletivo\/#breadcrumb"},"inLanguage":"en-US","potentialAction":[{"@type":"ReadAction","target":["https:\/\/lojasosprofessoratividades.com.br\/produto\/folclore-sequencia-didatica-saci-mural-coletivo\/"]}]},{"@type":"ImageObject","inLanguage":"en-US","@id":"https:\/\/lojasosprofessoratividades.com.br\/produto\/folclore-sequencia-didatica-saci-mural-coletivo\/#primaryimage","url":"https:\/\/lojasosprofessoratividades.com.br\/wp-content\/uploads\/2025\/07\/Saci-e-a-vassoura-voadora-1.jpg","contentUrl":"https:\/\/lojasosprofessoratividades.com.br\/wp-content\/uploads\/2025\/07\/Saci-e-a-vassoura-voadora-1.jpg","width":800,"height":693,"caption":"Saci e a vassoura voadora"},{"@type":"BreadcrumbList","@id":"https:\/\/lojasosprofessoratividades.com.br\/produto\/folclore-sequencia-didatica-saci-mural-coletivo\/#breadcrumb","itemListElement":[{"@type":"ListItem","position":1,"name":"In\u00edcio","item":"https:\/\/lojasosprofessoratividades.com.br\/"},{"@type":"ListItem","position":2,"name":"Loja","item":"https:\/\/lojasosprofessoratividades.com.br\/loja\/"},{"@type":"ListItem","position":3,"name":"Folclore &#8211; Sequ\u00eancia Did\u00e1tica Saci + Mural Coletivo"}]},{"@type":"WebSite","@id":"https:\/\/lojasosprofessoratividades.com.br\/#website","url":"https:\/\/lojasosprofessoratividades.com.br\/","name":"Loja SOS Professor Atividades","description":"Venda de material did\u00e1tico para o ensino fundamental","publisher":{"@id":"https:\/\/lojasosprofessoratividades.com.br\/#organization"},"potentialAction":[{"@type":"SearchAction","target":{"@type":"EntryPoint","urlTemplate":"https:\/\/lojasosprofessoratividades.com.br\/?s={search_term_string}"},"query-input":{"@type":"PropertyValueSpecification","valueRequired":true,"valueName":"search_term_string"}}],"inLanguage":"en-US"},{"@type":"Organization","@id":"https:\/\/lojasosprofessoratividades.com.br\/#organization","name":"Loja SOS Professor Atividades","url":"https:\/\/lojasosprofessoratividades.com.br\/","logo":{"@type":"ImageObject","inLanguage":"en-US","@id":"https:\/\/lojasosprofessoratividades.com.br\/#\/schema\/logo\/image\/","url":"http:\/\/lojasosprofessoratividades.com.br\/wp-content\/uploads\/2022\/04\/Logo.png","contentUrl":"http:\/\/lojasosprofessoratividades.com.br\/wp-content\/uploads\/2022\/04\/Logo.png","width":2000,"height":2000,"caption":"Loja SOS Professor Atividades"},"image":{"@id":"https:\/\/lojasosprofessoratividades.com.br\/#\/schema\/logo\/image\/"},"sameAs":["https:\/\/www.facebook.com\/sosprofessoratividades","https:\/\/www.instagram.com\/sosprofessoratividades\/"]}]}},"_links":{"self":[{"href":"https:\/\/lojasosprofessoratividades.com.br\/en\/wp-json\/wp\/v2\/product\/35453","targetHints":{"allow":["GET"]}}],"collection":[{"href":"https:\/\/lojasosprofessoratividades.com.br\/en\/wp-json\/wp\/v2\/product"}],"about":[{"href":"https:\/\/lojasosprofessoratividades.com.br\/en\/wp-json\/wp\/v2\/types\/product"}],"replies":[{"embeddable":true,"href":"https:\/\/lojasosprofessoratividades.com.br\/en\/wp-json\/wp\/v2\/comments?post=35453"}],"wp:featuredmedia":[{"embeddable":true,"href":"https:\/\/lojasosprofessoratividades.com.br\/en\/wp-json\/wp\/v2\/media\/35456"}],"wp:attachment":[{"href":"https:\/\/lojasosprofessoratividades.com.br\/en\/wp-json\/wp\/v2\/media?parent=35453"}],"wp:term":[{"taxonomy":"product_brand","embeddable":true,"href":"https:\/\/lojasosprofessoratividades.com.br\/en\/wp-json\/wp\/v2\/product_brand?post=35453"},{"taxonomy":"product_cat","embeddable":true,"href":"https:\/\/lojasosprofessoratividades.com.br\/en\/wp-json\/wp\/v2\/product_cat?post=35453"},{"taxonomy":"product_tag","embeddable":true,"href":"https:\/\/lojasosprofessoratividades.com.br\/en\/wp-json\/wp\/v2\/product_tag?post=35453"}],"curies":[{"name":"wp","href":"https:\/\/api.w.org\/{rel}","templated":true}]}}