{"id":35459,"date":"2025-07-08T14:22:36","date_gmt":"2025-07-08T17:22:36","guid":{"rendered":"https:\/\/lojasosprofessoratividades.com.br\/?post_type=product&#038;p=35459"},"modified":"2026-05-08T15:34:22","modified_gmt":"2026-05-08T18:34:22","slug":"atividades-sobre-mitos-do-folclore-brasileiro-2","status":"publish","type":"product","link":"https:\/\/lojasosprofessoratividades.com.br\/en\/product\/atividades-sobre-mitos-do-folclore-brasileiro-2\/","title":{"rendered":"Atividades sobre mitos do folclore brasileiro"},"content":{"rendered":"","protected":false},"excerpt":{"rendered":"<p data-start=\"215\" data-end=\"347\">Viaje pelo universo m\u00e1gico do <strong data-start=\"244\" data-end=\"267\">folclore brasileiro<\/strong> com este material completo, pensado especialmente para turmas do 3\u00ba e 4\u00ba ano!<\/p>\n<p data-start=\"349\" data-end=\"783\">Este arquivo incr\u00edvel inclui:<br data-start=\"378\" data-end=\"381\" \/>\u2705 Texto <strong>Mitos do folclore brasileiro<\/strong><br data-start=\"448\" data-end=\"451\" \/>\u2705 Atividades de interpreta\u00e7\u00e3o e infer\u00eancia\u00a0<br data-start=\"514\" data-end=\"517\" \/>\u2705 Ca\u00e7a-palavras com vocabul\u00e1rio do folclore<br data-start=\"560\" data-end=\"563\" \/>\u2705 Produ\u00e7\u00e3o de texto criativa: <strong data-start=\"593\" data-end=\"618\">\u201cMinha pr\u00f3pria lenda\u201d<\/strong><br data-start=\"618\" data-end=\"621\" \/>\u2705 Zine com os personagens para colorir<br data-start=\"689\" data-end=\"692\" \/>\u2705 Plano de aula com sugest\u00f5es de uso em 2 aulas de 50 minutos<br data-start=\"753\" data-end=\"756\" \/>\u2705 Gabarito das atividades<\/p>\n<p data-start=\"349\" data-end=\"783\"><strong>N\u00e3o<\/strong> edit\u00e1vel.<\/p>\n<p data-start=\"785\" data-end=\"916\">Ideal para trabalhar <strong data-start=\"806\" data-end=\"880\">leitura, escrita, oralidade, criatividade e cultura popular brasileira<\/strong> de forma divertida e significativa!<\/p>\n<p data-start=\"785\" data-end=\"916\">\u00a0Perfeito para usar no m\u00eas do folclore ou em projetos interdisciplinares!<\/p>\n<h3>N\u00e3o enviamos por e-mail, a entrega \u00e9 via link para download. \ud83d\udc47<\/h3>\n<p data-start=\"785\" data-end=\"916\"><img loading=\"lazy\" decoding=\"async\" class=\"alignnone wp-image-35160 size-full\" src=\"https:\/\/lojasosprofessoratividades.com.br\/wp-content\/uploads\/2025\/06\/Aviso-Loja-atual.jpg\" alt=\"\" width=\"446\" height=\"251\" srcset=\"https:\/\/lojasosprofessoratividades.com.br\/wp-content\/uploads\/2025\/06\/Aviso-Loja-atual.jpg 446w, https:\/\/lojasosprofessoratividades.com.br\/wp-content\/uploads\/2025\/06\/Aviso-Loja-atual-300x169.jpg 300w, https:\/\/lojasosprofessoratividades.com.br\/wp-content\/uploads\/2025\/06\/Aviso-Loja-atual-18x10.jpg 18w\" sizes=\"auto, (max-width: 446px) 100vw, 446px\" \/><\/p>","protected":false},"featured_media":35460,"comment_status":"open","ping_status":"closed","template":"","meta":[],"product_brand":[],"product_cat":[124,125,214,216,189,195],"product_tag":[274,253,2129,579,1956,2127,551,578,245,544,1957,577,1320,2128,2126,2121,251,2119,905],"class_list":{"0":"post-35459","1":"product","2":"type-product","3":"status-publish","4":"has-post-thumbnail","6":"product_cat-3o-ano","7":"product_cat-4o-ano","8":"product_cat-data-comemorativa-3-ano","9":"product_cat-data-comemorativa-4-ano","10":"product_cat-portugues-3-ano","11":"product_cat-portugues-4-ano","12":"product_tag-3o-ano","13":"product_tag-4o-ano","14":"product_tag-atividades-agosto","15":"product_tag-atividades-educativas","16":"product_tag-atividades-folclore","17":"product_tag-cuca","18":"product_tag-cultura-brasileira","19":"product_tag-curupira","20":"product_tag-ensino-fundamental","21":"product_tag-folclore-brasileiro","22":"product_tag-folclore-para-imprimir","23":"product_tag-iara","24":"product_tag-leitura-e-interpretacao","25":"product_tag-material-pedagogico-folclore","26":"product_tag-mitos-do-folclore","27":"product_tag-plano-de-aula-folclore","28":"product_tag-producao-de-texto","29":"product_tag-saci","30":"product_tag-zine-para-colorir","32":"first","33":"instock","34":"downloadable","35":"virtual","36":"sold-individually","37":"purchasable","38":"product-type-simple"},"yoast_head":"<!-- This site is optimized with the Yoast SEO plugin v27.5 - https:\/\/yoast.com\/product\/yoast-seo-wordpress\/ -->\n<title>Atividades sobre mitos do folclore brasileiro - Loja SOS Professor Atividades<\/title>\n<meta name=\"description\" content=\"Atividades sobre mitos do folclore brasileiro para 3\u00ba e 4\u00ba ano. Cont\u00e9m texto, ca\u00e7a-palavras, produ\u00e7\u00e3o de texto, zine para colorir, gabarito e plano de aula.\" \/>\n<meta name=\"robots\" content=\"index, follow, max-snippet:-1, max-image-preview:large, max-video-preview:-1\" \/>\n<link rel=\"canonical\" href=\"https:\/\/lojasosprofessoratividades.com.br\/en\/product\/atividades-sobre-mitos-do-folclore-brasileiro-2\/\" \/>\n<meta property=\"og:locale\" content=\"en_US\" \/>\n<meta property=\"og:type\" content=\"article\" \/>\n<meta property=\"og:title\" content=\"Atividades sobre mitos do folclore brasileiro - Loja SOS Professor Atividades\" \/>\n<meta property=\"og:description\" content=\"Atividades sobre mitos do folclore brasileiro para 3\u00ba e 4\u00ba ano. Cont\u00e9m texto, ca\u00e7a-palavras, produ\u00e7\u00e3o de texto, zine para colorir, gabarito e plano de aula.\" \/>\n<meta property=\"og:url\" content=\"https:\/\/lojasosprofessoratividades.com.br\/en\/product\/atividades-sobre-mitos-do-folclore-brasileiro-2\/\" \/>\n<meta property=\"og:site_name\" content=\"Loja SOS Professor Atividades\" \/>\n<meta property=\"article:publisher\" content=\"https:\/\/www.facebook.com\/sosprofessoratividades\" \/>\n<meta property=\"article:modified_time\" content=\"2026-05-08T18:34:22+00:00\" \/>\n<meta property=\"og:image\" content=\"https:\/\/lojasosprofessoratividades.com.br\/wp-content\/uploads\/2025\/07\/Mitos-do-folclore-brasileiro-1.jpg\" \/>\n\t<meta property=\"og:image:width\" content=\"800\" \/>\n\t<meta property=\"og:image:height\" content=\"693\" \/>\n\t<meta property=\"og:image:type\" content=\"image\/jpeg\" \/>\n<meta name=\"twitter:card\" content=\"summary_large_image\" \/>\n<meta name=\"twitter:label1\" content=\"Est. reading time\" \/>\n\t<meta name=\"twitter:data1\" content=\"1 minute\" \/>\n<script type=\"application\/ld+json\" class=\"yoast-schema-graph\">{\"@context\":\"https:\\\/\\\/schema.org\",\"@graph\":[{\"@type\":\"WebPage\",\"@id\":\"https:\\\/\\\/lojasosprofessoratividades.com.br\\\/produto\\\/atividades-sobre-mitos-do-folclore-brasileiro-2\\\/\",\"url\":\"https:\\\/\\\/lojasosprofessoratividades.com.br\\\/produto\\\/atividades-sobre-mitos-do-folclore-brasileiro-2\\\/\",\"name\":\"Atividades sobre mitos do folclore brasileiro - Loja SOS Professor Atividades\",\"isPartOf\":{\"@id\":\"https:\\\/\\\/lojasosprofessoratividades.com.br\\\/#website\"},\"primaryImageOfPage\":{\"@id\":\"https:\\\/\\\/lojasosprofessoratividades.com.br\\\/produto\\\/atividades-sobre-mitos-do-folclore-brasileiro-2\\\/#primaryimage\"},\"image\":{\"@id\":\"https:\\\/\\\/lojasosprofessoratividades.com.br\\\/produto\\\/atividades-sobre-mitos-do-folclore-brasileiro-2\\\/#primaryimage\"},\"thumbnailUrl\":\"https:\\\/\\\/lojasosprofessoratividades.com.br\\\/wp-content\\\/uploads\\\/2025\\\/07\\\/Mitos-do-folclore-brasileiro-1.jpg\",\"datePublished\":\"2025-07-08T17:22:36+00:00\",\"dateModified\":\"2026-05-08T18:34:22+00:00\",\"description\":\"Atividades sobre mitos do folclore brasileiro para 3\u00ba e 4\u00ba ano. Cont\u00e9m texto, ca\u00e7a-palavras, produ\u00e7\u00e3o de texto, zine para colorir, gabarito e plano de aula.\",\"breadcrumb\":{\"@id\":\"https:\\\/\\\/lojasosprofessoratividades.com.br\\\/produto\\\/atividades-sobre-mitos-do-folclore-brasileiro-2\\\/#breadcrumb\"},\"inLanguage\":\"en-US\",\"potentialAction\":[{\"@type\":\"ReadAction\",\"target\":[\"https:\\\/\\\/lojasosprofessoratividades.com.br\\\/produto\\\/atividades-sobre-mitos-do-folclore-brasileiro-2\\\/\"]}]},{\"@type\":\"ImageObject\",\"inLanguage\":\"en-US\",\"@id\":\"https:\\\/\\\/lojasosprofessoratividades.com.br\\\/produto\\\/atividades-sobre-mitos-do-folclore-brasileiro-2\\\/#primaryimage\",\"url\":\"https:\\\/\\\/lojasosprofessoratividades.com.br\\\/wp-content\\\/uploads\\\/2025\\\/07\\\/Mitos-do-folclore-brasileiro-1.jpg\",\"contentUrl\":\"https:\\\/\\\/lojasosprofessoratividades.com.br\\\/wp-content\\\/uploads\\\/2025\\\/07\\\/Mitos-do-folclore-brasileiro-1.jpg\",\"width\":800,\"height\":693,\"caption\":\"Atividades sobre mitos do folclore brasileiro\"},{\"@type\":\"BreadcrumbList\",\"@id\":\"https:\\\/\\\/lojasosprofessoratividades.com.br\\\/produto\\\/atividades-sobre-mitos-do-folclore-brasileiro-2\\\/#breadcrumb\",\"itemListElement\":[{\"@type\":\"ListItem\",\"position\":1,\"name\":\"In\u00edcio\",\"item\":\"https:\\\/\\\/lojasosprofessoratividades.com.br\\\/\"},{\"@type\":\"ListItem\",\"position\":2,\"name\":\"Loja\",\"item\":\"https:\\\/\\\/lojasosprofessoratividades.com.br\\\/loja\\\/\"},{\"@type\":\"ListItem\",\"position\":3,\"name\":\"Atividades sobre mitos do folclore brasileiro\"}]},{\"@type\":\"WebSite\",\"@id\":\"https:\\\/\\\/lojasosprofessoratividades.com.br\\\/#website\",\"url\":\"https:\\\/\\\/lojasosprofessoratividades.com.br\\\/\",\"name\":\"Loja SOS Professor Atividades\",\"description\":\"Venda de material did\u00e1tico para o ensino fundamental\",\"publisher\":{\"@id\":\"https:\\\/\\\/lojasosprofessoratividades.com.br\\\/#organization\"},\"potentialAction\":[{\"@type\":\"SearchAction\",\"target\":{\"@type\":\"EntryPoint\",\"urlTemplate\":\"https:\\\/\\\/lojasosprofessoratividades.com.br\\\/?s={search_term_string}\"},\"query-input\":{\"@type\":\"PropertyValueSpecification\",\"valueRequired\":true,\"valueName\":\"search_term_string\"}}],\"inLanguage\":\"en-US\"},{\"@type\":\"Organization\",\"@id\":\"https:\\\/\\\/lojasosprofessoratividades.com.br\\\/#organization\",\"name\":\"Loja SOS Professor Atividades\",\"url\":\"https:\\\/\\\/lojasosprofessoratividades.com.br\\\/\",\"logo\":{\"@type\":\"ImageObject\",\"inLanguage\":\"en-US\",\"@id\":\"https:\\\/\\\/lojasosprofessoratividades.com.br\\\/#\\\/schema\\\/logo\\\/image\\\/\",\"url\":\"http:\\\/\\\/lojasosprofessoratividades.com.br\\\/wp-content\\\/uploads\\\/2022\\\/04\\\/Logo.png\",\"contentUrl\":\"http:\\\/\\\/lojasosprofessoratividades.com.br\\\/wp-content\\\/uploads\\\/2022\\\/04\\\/Logo.png\",\"width\":2000,\"height\":2000,\"caption\":\"Loja SOS Professor Atividades\"},\"image\":{\"@id\":\"https:\\\/\\\/lojasosprofessoratividades.com.br\\\/#\\\/schema\\\/logo\\\/image\\\/\"},\"sameAs\":[\"https:\\\/\\\/www.facebook.com\\\/sosprofessoratividades\",\"https:\\\/\\\/www.instagram.com\\\/sosprofessoratividades\\\/\"]}]}<\/script>\n<!-- \/ Yoast SEO plugin. -->","yoast_head_json":{"title":"Atividades sobre mitos do folclore brasileiro - Loja SOS Professor Atividades","description":"Atividades sobre mitos do folclore brasileiro para 3\u00ba e 4\u00ba ano. Cont\u00e9m texto, ca\u00e7a-palavras, produ\u00e7\u00e3o de texto, zine para colorir, gabarito e plano de aula.","robots":{"index":"index","follow":"follow","max-snippet":"max-snippet:-1","max-image-preview":"max-image-preview:large","max-video-preview":"max-video-preview:-1"},"canonical":"https:\/\/lojasosprofessoratividades.com.br\/en\/product\/atividades-sobre-mitos-do-folclore-brasileiro-2\/","og_locale":"en_US","og_type":"article","og_title":"Atividades sobre mitos do folclore brasileiro - Loja SOS Professor Atividades","og_description":"Atividades sobre mitos do folclore brasileiro para 3\u00ba e 4\u00ba ano. Cont\u00e9m texto, ca\u00e7a-palavras, produ\u00e7\u00e3o de texto, zine para colorir, gabarito e plano de aula.","og_url":"https:\/\/lojasosprofessoratividades.com.br\/en\/product\/atividades-sobre-mitos-do-folclore-brasileiro-2\/","og_site_name":"Loja SOS Professor Atividades","article_publisher":"https:\/\/www.facebook.com\/sosprofessoratividades","article_modified_time":"2026-05-08T18:34:22+00:00","og_image":[{"width":800,"height":693,"url":"https:\/\/lojasosprofessoratividades.com.br\/wp-content\/uploads\/2025\/07\/Mitos-do-folclore-brasileiro-1.jpg","type":"image\/jpeg"}],"twitter_card":"summary_large_image","twitter_misc":{"Est. reading time":"1 minute"},"schema":{"@context":"https:\/\/schema.org","@graph":[{"@type":"WebPage","@id":"https:\/\/lojasosprofessoratividades.com.br\/produto\/atividades-sobre-mitos-do-folclore-brasileiro-2\/","url":"https:\/\/lojasosprofessoratividades.com.br\/produto\/atividades-sobre-mitos-do-folclore-brasileiro-2\/","name":"Atividades sobre mitos do folclore brasileiro - Loja SOS Professor Atividades","isPartOf":{"@id":"https:\/\/lojasosprofessoratividades.com.br\/#website"},"primaryImageOfPage":{"@id":"https:\/\/lojasosprofessoratividades.com.br\/produto\/atividades-sobre-mitos-do-folclore-brasileiro-2\/#primaryimage"},"image":{"@id":"https:\/\/lojasosprofessoratividades.com.br\/produto\/atividades-sobre-mitos-do-folclore-brasileiro-2\/#primaryimage"},"thumbnailUrl":"https:\/\/lojasosprofessoratividades.com.br\/wp-content\/uploads\/2025\/07\/Mitos-do-folclore-brasileiro-1.jpg","datePublished":"2025-07-08T17:22:36+00:00","dateModified":"2026-05-08T18:34:22+00:00","description":"Atividades sobre mitos do folclore brasileiro para 3\u00ba e 4\u00ba ano. Cont\u00e9m texto, ca\u00e7a-palavras, produ\u00e7\u00e3o de texto, zine para colorir, gabarito e plano de aula.","breadcrumb":{"@id":"https:\/\/lojasosprofessoratividades.com.br\/produto\/atividades-sobre-mitos-do-folclore-brasileiro-2\/#breadcrumb"},"inLanguage":"en-US","potentialAction":[{"@type":"ReadAction","target":["https:\/\/lojasosprofessoratividades.com.br\/produto\/atividades-sobre-mitos-do-folclore-brasileiro-2\/"]}]},{"@type":"ImageObject","inLanguage":"en-US","@id":"https:\/\/lojasosprofessoratividades.com.br\/produto\/atividades-sobre-mitos-do-folclore-brasileiro-2\/#primaryimage","url":"https:\/\/lojasosprofessoratividades.com.br\/wp-content\/uploads\/2025\/07\/Mitos-do-folclore-brasileiro-1.jpg","contentUrl":"https:\/\/lojasosprofessoratividades.com.br\/wp-content\/uploads\/2025\/07\/Mitos-do-folclore-brasileiro-1.jpg","width":800,"height":693,"caption":"Atividades sobre mitos do folclore brasileiro"},{"@type":"BreadcrumbList","@id":"https:\/\/lojasosprofessoratividades.com.br\/produto\/atividades-sobre-mitos-do-folclore-brasileiro-2\/#breadcrumb","itemListElement":[{"@type":"ListItem","position":1,"name":"In\u00edcio","item":"https:\/\/lojasosprofessoratividades.com.br\/"},{"@type":"ListItem","position":2,"name":"Loja","item":"https:\/\/lojasosprofessoratividades.com.br\/loja\/"},{"@type":"ListItem","position":3,"name":"Atividades sobre mitos do folclore brasileiro"}]},{"@type":"WebSite","@id":"https:\/\/lojasosprofessoratividades.com.br\/#website","url":"https:\/\/lojasosprofessoratividades.com.br\/","name":"Loja SOS Professor Atividades","description":"Venda de material did\u00e1tico para o ensino fundamental","publisher":{"@id":"https:\/\/lojasosprofessoratividades.com.br\/#organization"},"potentialAction":[{"@type":"SearchAction","target":{"@type":"EntryPoint","urlTemplate":"https:\/\/lojasosprofessoratividades.com.br\/?s={search_term_string}"},"query-input":{"@type":"PropertyValueSpecification","valueRequired":true,"valueName":"search_term_string"}}],"inLanguage":"en-US"},{"@type":"Organization","@id":"https:\/\/lojasosprofessoratividades.com.br\/#organization","name":"Loja SOS Professor Atividades","url":"https:\/\/lojasosprofessoratividades.com.br\/","logo":{"@type":"ImageObject","inLanguage":"en-US","@id":"https:\/\/lojasosprofessoratividades.com.br\/#\/schema\/logo\/image\/","url":"http:\/\/lojasosprofessoratividades.com.br\/wp-content\/uploads\/2022\/04\/Logo.png","contentUrl":"http:\/\/lojasosprofessoratividades.com.br\/wp-content\/uploads\/2022\/04\/Logo.png","width":2000,"height":2000,"caption":"Loja SOS Professor Atividades"},"image":{"@id":"https:\/\/lojasosprofessoratividades.com.br\/#\/schema\/logo\/image\/"},"sameAs":["https:\/\/www.facebook.com\/sosprofessoratividades","https:\/\/www.instagram.com\/sosprofessoratividades\/"]}]}},"_links":{"self":[{"href":"https:\/\/lojasosprofessoratividades.com.br\/en\/wp-json\/wp\/v2\/product\/35459","targetHints":{"allow":["GET"]}}],"collection":[{"href":"https:\/\/lojasosprofessoratividades.com.br\/en\/wp-json\/wp\/v2\/product"}],"about":[{"href":"https:\/\/lojasosprofessoratividades.com.br\/en\/wp-json\/wp\/v2\/types\/product"}],"replies":[{"embeddable":true,"href":"https:\/\/lojasosprofessoratividades.com.br\/en\/wp-json\/wp\/v2\/comments?post=35459"}],"wp:featuredmedia":[{"embeddable":true,"href":"https:\/\/lojasosprofessoratividades.com.br\/en\/wp-json\/wp\/v2\/media\/35460"}],"wp:attachment":[{"href":"https:\/\/lojasosprofessoratividades.com.br\/en\/wp-json\/wp\/v2\/media?parent=35459"}],"wp:term":[{"taxonomy":"product_brand","embeddable":true,"href":"https:\/\/lojasosprofessoratividades.com.br\/en\/wp-json\/wp\/v2\/product_brand?post=35459"},{"taxonomy":"product_cat","embeddable":true,"href":"https:\/\/lojasosprofessoratividades.com.br\/en\/wp-json\/wp\/v2\/product_cat?post=35459"},{"taxonomy":"product_tag","embeddable":true,"href":"https:\/\/lojasosprofessoratividades.com.br\/en\/wp-json\/wp\/v2\/product_tag?post=35459"}],"curies":[{"name":"wp","href":"https:\/\/api.w.org\/{rel}","templated":true}]}}