{"id":35473,"date":"2025-07-10T20:19:09","date_gmt":"2025-07-10T23:19:09","guid":{"rendered":"https:\/\/lojasosprofessoratividades.com.br\/?post_type=product&#038;p=35473"},"modified":"2026-05-08T15:35:41","modified_gmt":"2026-05-08T18:35:41","slug":"discurso-direto-e-indireto-atividades-cartaz-e-conceitos","status":"publish","type":"product","link":"https:\/\/lojasosprofessoratividades.com.br\/en\/product\/discurso-direto-e-indireto-atividades-cartaz-e-conceitos\/","title":{"rendered":"Discurso Direto e Indireto \u2013 Atividades, Cartaz e Conceitos"},"content":{"rendered":"","protected":false},"excerpt":{"rendered":"<p data-start=\"263\" data-end=\"397\">Leve para sua sala de aula um recurso completo e envolvente para trabalhar <strong data-start=\"338\" data-end=\"368\">Discurso Direto e Indireto<\/strong> com os alunos do<strong> 4\u00ba<\/strong> e <strong data-start=\"386\" data-end=\"396\">5\u00ba ano<\/strong>!<\/p>\n<p data-start=\"399\" data-end=\"606\">Este material foi desenvolvido com base na <strong data-start=\"442\" data-end=\"461\">BNCC (EF35LP30)<\/strong> e traz tudo o que voc\u00ea precisa para uma aula significativa e din\u00e2mica, com recursos que facilitam a compreens\u00e3o e a participa\u00e7\u00e3o dos estudantes.<\/p>\n<p data-start=\"399\" data-end=\"606\"><em><strong>N\u00e3o<\/strong><\/em> edit\u00e1vel.<\/p>\n<h3 data-start=\"613\" data-end=\"637\"><strong data-start=\"620\" data-end=\"637\">Cont\u00e9m:<\/strong><\/h3>\n<p data-start=\"639\" data-end=\"1080\">\u2705 <strong data-start=\"641\" data-end=\"666\">Folhinhas conceituais<\/strong> prontas para colar no caderno, com explica\u00e7\u00f5es claras e exemplos ilustrados<br data-start=\"742\" data-end=\"745\" \/>\u2705 <strong data-start=\"747\" data-end=\"774\">Sequ\u00eancia de atividades<\/strong> com quest\u00f5es contextualizadas e transforma\u00e7\u00f5es entre os tipos de discurso<br data-start=\"848\" data-end=\"851\" \/>\u2705 <strong data-start=\"853\" data-end=\"874\">Gabarito completo<\/strong> para facilitar a corre\u00e7\u00e3o<br data-start=\"900\" data-end=\"903\" \/>\u2705 <strong data-start=\"905\" data-end=\"938\">Cartaz ilustrado (P\u00f4ster 2&#215;2)<\/strong> em vers\u00e3o colorida e A4 para amplia\u00e7\u00e3o<br data-start=\"1031\" data-end=\"1034\" \/>\u2705 Alinhado \u00e0 habilidade <strong data-start=\"1058\" data-end=\"1070\">EF35LP30<\/strong> da BNCC<\/p>\n<p data-start=\"1087\" data-end=\"1260\">Ideal para refor\u00e7ar o conte\u00fado de forma visual e pr\u00e1tica, promover convers\u00f5es entre discurso direto e indireto e explorar <strong data-start=\"1209\" data-end=\"1233\">verbos de enuncia\u00e7\u00e3o<\/strong>, linguagem oral e escrita.<\/p>\n<h3>N\u00e3o enviamos por e-mail, a entrega \u00e9 via link para download. \ud83d\udc47<\/h3>\n<p><img loading=\"lazy\" decoding=\"async\" class=\"alignnone wp-image-35160 size-full\" src=\"https:\/\/lojasosprofessoratividades.com.br\/wp-content\/uploads\/2025\/06\/Aviso-Loja-atual.jpg\" alt=\"\" width=\"446\" height=\"251\" srcset=\"https:\/\/lojasosprofessoratividades.com.br\/wp-content\/uploads\/2025\/06\/Aviso-Loja-atual.jpg 446w, https:\/\/lojasosprofessoratividades.com.br\/wp-content\/uploads\/2025\/06\/Aviso-Loja-atual-300x169.jpg 300w, https:\/\/lojasosprofessoratividades.com.br\/wp-content\/uploads\/2025\/06\/Aviso-Loja-atual-18x10.jpg 18w\" sizes=\"auto, (max-width: 446px) 100vw, 446px\" \/><\/p>","protected":false},"featured_media":35475,"comment_status":"open","ping_status":"closed","template":"","meta":[],"product_brand":[],"product_cat":[125,127,195,204],"product_tag":[1599,1551,1597,2142,2143,2140,2139,746,2137,2138,245,1319,643,2158,2141],"class_list":{"0":"post-35473","1":"product","2":"type-product","3":"status-publish","4":"has-post-thumbnail","6":"product_cat-4o-ano","7":"product_cat-5o-ano","8":"product_cat-portugues-4-ano","9":"product_cat-portugues-5-anos","10":"product_tag-atividades-4o-ano","11":"product_tag-atividades-5o-ano","12":"product_tag-atividades-com-gabarito","13":"product_tag-aula-discurso-direto","14":"product_tag-aula-discurso-indireto","15":"product_tag-bncc-ef35lp30","16":"product_tag-cartaz-discurso-direto-e-indireto","17":"product_tag-cartaz-educativo","18":"product_tag-discurso-direto","19":"product_tag-discurso-indireto","20":"product_tag-ensino-fundamental","21":"product_tag-lingua-portuguesa","22":"product_tag-material-pedagogico","23":"product_tag-portugues-4o-ano","24":"product_tag-portugues-5o-ano","26":"first","27":"instock","28":"sale","29":"downloadable","30":"virtual","31":"sold-individually","32":"purchasable","33":"product-type-simple"},"yoast_head":"<!-- This site is optimized with the Yoast SEO plugin v27.5 - https:\/\/yoast.com\/product\/yoast-seo-wordpress\/ -->\n<title>Discurso Direto e Indireto \u2013 Atividades, Cartaz e Conceitos - Loja SOS Professor Atividades<\/title>\n<meta name=\"description\" content=\"Arquivo completo com explica\u00e7\u00f5es, atividades com gabarito e cartaz ilustrado sobre Discurso Direto e Indireto, ideal para os 4\u00ba e 5\u00ba ano do EF.\" \/>\n<meta name=\"robots\" content=\"index, follow, max-snippet:-1, max-image-preview:large, max-video-preview:-1\" \/>\n<link rel=\"canonical\" href=\"https:\/\/lojasosprofessoratividades.com.br\/en\/product\/discurso-direto-e-indireto-atividades-cartaz-e-conceitos\/\" \/>\n<meta property=\"og:locale\" content=\"en_US\" \/>\n<meta property=\"og:type\" content=\"article\" \/>\n<meta property=\"og:title\" content=\"Discurso Direto e Indireto \u2013 Atividades, Cartaz e Conceitos - Loja SOS Professor Atividades\" \/>\n<meta property=\"og:description\" content=\"Arquivo completo com explica\u00e7\u00f5es, atividades com gabarito e cartaz ilustrado sobre Discurso Direto e Indireto, ideal para os 4\u00ba e 5\u00ba ano do EF.\" \/>\n<meta property=\"og:url\" content=\"https:\/\/lojasosprofessoratividades.com.br\/en\/product\/discurso-direto-e-indireto-atividades-cartaz-e-conceitos\/\" \/>\n<meta property=\"og:site_name\" content=\"Loja SOS Professor Atividades\" \/>\n<meta property=\"article:publisher\" content=\"https:\/\/www.facebook.com\/sosprofessoratividades\" \/>\n<meta property=\"article:modified_time\" content=\"2026-05-08T18:35:41+00:00\" \/>\n<meta property=\"og:image\" content=\"https:\/\/lojasosprofessoratividades.com.br\/wp-content\/uploads\/2025\/07\/Discurso-Direto-e-Indireto-\u2013-Atividades-Cartaz-e-Conceitos-1.png\" \/>\n\t<meta property=\"og:image:width\" content=\"800\" \/>\n\t<meta property=\"og:image:height\" content=\"693\" \/>\n\t<meta property=\"og:image:type\" content=\"image\/png\" \/>\n<meta name=\"twitter:card\" content=\"summary_large_image\" \/>\n<meta name=\"twitter:label1\" content=\"Est. reading time\" \/>\n\t<meta name=\"twitter:data1\" content=\"1 minute\" \/>\n<script type=\"application\/ld+json\" class=\"yoast-schema-graph\">{\"@context\":\"https:\\\/\\\/schema.org\",\"@graph\":[{\"@type\":\"WebPage\",\"@id\":\"https:\\\/\\\/lojasosprofessoratividades.com.br\\\/produto\\\/discurso-direto-e-indireto-atividades-cartaz-e-conceitos\\\/\",\"url\":\"https:\\\/\\\/lojasosprofessoratividades.com.br\\\/produto\\\/discurso-direto-e-indireto-atividades-cartaz-e-conceitos\\\/\",\"name\":\"Discurso Direto e Indireto \u2013 Atividades, Cartaz e Conceitos - Loja SOS Professor Atividades\",\"isPartOf\":{\"@id\":\"https:\\\/\\\/lojasosprofessoratividades.com.br\\\/#website\"},\"primaryImageOfPage\":{\"@id\":\"https:\\\/\\\/lojasosprofessoratividades.com.br\\\/produto\\\/discurso-direto-e-indireto-atividades-cartaz-e-conceitos\\\/#primaryimage\"},\"image\":{\"@id\":\"https:\\\/\\\/lojasosprofessoratividades.com.br\\\/produto\\\/discurso-direto-e-indireto-atividades-cartaz-e-conceitos\\\/#primaryimage\"},\"thumbnailUrl\":\"https:\\\/\\\/lojasosprofessoratividades.com.br\\\/wp-content\\\/uploads\\\/2025\\\/07\\\/Discurso-Direto-e-Indireto-\u2013-Atividades-Cartaz-e-Conceitos-1.png\",\"datePublished\":\"2025-07-10T23:19:09+00:00\",\"dateModified\":\"2026-05-08T18:35:41+00:00\",\"description\":\"Arquivo completo com explica\u00e7\u00f5es, atividades com gabarito e cartaz ilustrado sobre Discurso Direto e Indireto, ideal para os 4\u00ba e 5\u00ba ano do EF.\",\"breadcrumb\":{\"@id\":\"https:\\\/\\\/lojasosprofessoratividades.com.br\\\/produto\\\/discurso-direto-e-indireto-atividades-cartaz-e-conceitos\\\/#breadcrumb\"},\"inLanguage\":\"en-US\",\"potentialAction\":[{\"@type\":\"ReadAction\",\"target\":[\"https:\\\/\\\/lojasosprofessoratividades.com.br\\\/produto\\\/discurso-direto-e-indireto-atividades-cartaz-e-conceitos\\\/\"]}]},{\"@type\":\"ImageObject\",\"inLanguage\":\"en-US\",\"@id\":\"https:\\\/\\\/lojasosprofessoratividades.com.br\\\/produto\\\/discurso-direto-e-indireto-atividades-cartaz-e-conceitos\\\/#primaryimage\",\"url\":\"https:\\\/\\\/lojasosprofessoratividades.com.br\\\/wp-content\\\/uploads\\\/2025\\\/07\\\/Discurso-Direto-e-Indireto-\u2013-Atividades-Cartaz-e-Conceitos-1.png\",\"contentUrl\":\"https:\\\/\\\/lojasosprofessoratividades.com.br\\\/wp-content\\\/uploads\\\/2025\\\/07\\\/Discurso-Direto-e-Indireto-\u2013-Atividades-Cartaz-e-Conceitos-1.png\",\"width\":800,\"height\":693,\"caption\":\"Discurso Direto e Indireto \u2013 Atividades, Cartaz e Conceitos\"},{\"@type\":\"BreadcrumbList\",\"@id\":\"https:\\\/\\\/lojasosprofessoratividades.com.br\\\/produto\\\/discurso-direto-e-indireto-atividades-cartaz-e-conceitos\\\/#breadcrumb\",\"itemListElement\":[{\"@type\":\"ListItem\",\"position\":1,\"name\":\"In\u00edcio\",\"item\":\"https:\\\/\\\/lojasosprofessoratividades.com.br\\\/\"},{\"@type\":\"ListItem\",\"position\":2,\"name\":\"Loja\",\"item\":\"https:\\\/\\\/lojasosprofessoratividades.com.br\\\/loja\\\/\"},{\"@type\":\"ListItem\",\"position\":3,\"name\":\"Discurso Direto e Indireto \u2013 Atividades, Cartaz e Conceitos\"}]},{\"@type\":\"WebSite\",\"@id\":\"https:\\\/\\\/lojasosprofessoratividades.com.br\\\/#website\",\"url\":\"https:\\\/\\\/lojasosprofessoratividades.com.br\\\/\",\"name\":\"Loja SOS Professor Atividades\",\"description\":\"Venda de material did\u00e1tico para o ensino fundamental\",\"publisher\":{\"@id\":\"https:\\\/\\\/lojasosprofessoratividades.com.br\\\/#organization\"},\"potentialAction\":[{\"@type\":\"SearchAction\",\"target\":{\"@type\":\"EntryPoint\",\"urlTemplate\":\"https:\\\/\\\/lojasosprofessoratividades.com.br\\\/?s={search_term_string}\"},\"query-input\":{\"@type\":\"PropertyValueSpecification\",\"valueRequired\":true,\"valueName\":\"search_term_string\"}}],\"inLanguage\":\"en-US\"},{\"@type\":\"Organization\",\"@id\":\"https:\\\/\\\/lojasosprofessoratividades.com.br\\\/#organization\",\"name\":\"Loja SOS Professor Atividades\",\"url\":\"https:\\\/\\\/lojasosprofessoratividades.com.br\\\/\",\"logo\":{\"@type\":\"ImageObject\",\"inLanguage\":\"en-US\",\"@id\":\"https:\\\/\\\/lojasosprofessoratividades.com.br\\\/#\\\/schema\\\/logo\\\/image\\\/\",\"url\":\"http:\\\/\\\/lojasosprofessoratividades.com.br\\\/wp-content\\\/uploads\\\/2022\\\/04\\\/Logo.png\",\"contentUrl\":\"http:\\\/\\\/lojasosprofessoratividades.com.br\\\/wp-content\\\/uploads\\\/2022\\\/04\\\/Logo.png\",\"width\":2000,\"height\":2000,\"caption\":\"Loja SOS Professor Atividades\"},\"image\":{\"@id\":\"https:\\\/\\\/lojasosprofessoratividades.com.br\\\/#\\\/schema\\\/logo\\\/image\\\/\"},\"sameAs\":[\"https:\\\/\\\/www.facebook.com\\\/sosprofessoratividades\",\"https:\\\/\\\/www.instagram.com\\\/sosprofessoratividades\\\/\"]}]}<\/script>\n<!-- \/ Yoast SEO plugin. -->","yoast_head_json":{"title":"Discurso Direto e Indireto \u2013 Atividades, Cartaz e Conceitos - Loja SOS Professor Atividades","description":"Arquivo completo com explica\u00e7\u00f5es, atividades com gabarito e cartaz ilustrado sobre Discurso Direto e Indireto, ideal para os 4\u00ba e 5\u00ba ano do EF.","robots":{"index":"index","follow":"follow","max-snippet":"max-snippet:-1","max-image-preview":"max-image-preview:large","max-video-preview":"max-video-preview:-1"},"canonical":"https:\/\/lojasosprofessoratividades.com.br\/en\/product\/discurso-direto-e-indireto-atividades-cartaz-e-conceitos\/","og_locale":"en_US","og_type":"article","og_title":"Discurso Direto e Indireto \u2013 Atividades, Cartaz e Conceitos - Loja SOS Professor Atividades","og_description":"Arquivo completo com explica\u00e7\u00f5es, atividades com gabarito e cartaz ilustrado sobre Discurso Direto e Indireto, ideal para os 4\u00ba e 5\u00ba ano do EF.","og_url":"https:\/\/lojasosprofessoratividades.com.br\/en\/product\/discurso-direto-e-indireto-atividades-cartaz-e-conceitos\/","og_site_name":"Loja SOS Professor Atividades","article_publisher":"https:\/\/www.facebook.com\/sosprofessoratividades","article_modified_time":"2026-05-08T18:35:41+00:00","og_image":[{"width":800,"height":693,"url":"https:\/\/lojasosprofessoratividades.com.br\/wp-content\/uploads\/2025\/07\/Discurso-Direto-e-Indireto-\u2013-Atividades-Cartaz-e-Conceitos-1.png","type":"image\/png"}],"twitter_card":"summary_large_image","twitter_misc":{"Est. reading time":"1 minute"},"schema":{"@context":"https:\/\/schema.org","@graph":[{"@type":"WebPage","@id":"https:\/\/lojasosprofessoratividades.com.br\/produto\/discurso-direto-e-indireto-atividades-cartaz-e-conceitos\/","url":"https:\/\/lojasosprofessoratividades.com.br\/produto\/discurso-direto-e-indireto-atividades-cartaz-e-conceitos\/","name":"Discurso Direto e Indireto \u2013 Atividades, Cartaz e Conceitos - Loja SOS Professor Atividades","isPartOf":{"@id":"https:\/\/lojasosprofessoratividades.com.br\/#website"},"primaryImageOfPage":{"@id":"https:\/\/lojasosprofessoratividades.com.br\/produto\/discurso-direto-e-indireto-atividades-cartaz-e-conceitos\/#primaryimage"},"image":{"@id":"https:\/\/lojasosprofessoratividades.com.br\/produto\/discurso-direto-e-indireto-atividades-cartaz-e-conceitos\/#primaryimage"},"thumbnailUrl":"https:\/\/lojasosprofessoratividades.com.br\/wp-content\/uploads\/2025\/07\/Discurso-Direto-e-Indireto-\u2013-Atividades-Cartaz-e-Conceitos-1.png","datePublished":"2025-07-10T23:19:09+00:00","dateModified":"2026-05-08T18:35:41+00:00","description":"Arquivo completo com explica\u00e7\u00f5es, atividades com gabarito e cartaz ilustrado sobre Discurso Direto e Indireto, ideal para os 4\u00ba e 5\u00ba ano do EF.","breadcrumb":{"@id":"https:\/\/lojasosprofessoratividades.com.br\/produto\/discurso-direto-e-indireto-atividades-cartaz-e-conceitos\/#breadcrumb"},"inLanguage":"en-US","potentialAction":[{"@type":"ReadAction","target":["https:\/\/lojasosprofessoratividades.com.br\/produto\/discurso-direto-e-indireto-atividades-cartaz-e-conceitos\/"]}]},{"@type":"ImageObject","inLanguage":"en-US","@id":"https:\/\/lojasosprofessoratividades.com.br\/produto\/discurso-direto-e-indireto-atividades-cartaz-e-conceitos\/#primaryimage","url":"https:\/\/lojasosprofessoratividades.com.br\/wp-content\/uploads\/2025\/07\/Discurso-Direto-e-Indireto-\u2013-Atividades-Cartaz-e-Conceitos-1.png","contentUrl":"https:\/\/lojasosprofessoratividades.com.br\/wp-content\/uploads\/2025\/07\/Discurso-Direto-e-Indireto-\u2013-Atividades-Cartaz-e-Conceitos-1.png","width":800,"height":693,"caption":"Discurso Direto e Indireto \u2013 Atividades, Cartaz e Conceitos"},{"@type":"BreadcrumbList","@id":"https:\/\/lojasosprofessoratividades.com.br\/produto\/discurso-direto-e-indireto-atividades-cartaz-e-conceitos\/#breadcrumb","itemListElement":[{"@type":"ListItem","position":1,"name":"In\u00edcio","item":"https:\/\/lojasosprofessoratividades.com.br\/"},{"@type":"ListItem","position":2,"name":"Loja","item":"https:\/\/lojasosprofessoratividades.com.br\/loja\/"},{"@type":"ListItem","position":3,"name":"Discurso Direto e Indireto \u2013 Atividades, Cartaz e Conceitos"}]},{"@type":"WebSite","@id":"https:\/\/lojasosprofessoratividades.com.br\/#website","url":"https:\/\/lojasosprofessoratividades.com.br\/","name":"Loja SOS Professor Atividades","description":"Venda de material did\u00e1tico para o ensino fundamental","publisher":{"@id":"https:\/\/lojasosprofessoratividades.com.br\/#organization"},"potentialAction":[{"@type":"SearchAction","target":{"@type":"EntryPoint","urlTemplate":"https:\/\/lojasosprofessoratividades.com.br\/?s={search_term_string}"},"query-input":{"@type":"PropertyValueSpecification","valueRequired":true,"valueName":"search_term_string"}}],"inLanguage":"en-US"},{"@type":"Organization","@id":"https:\/\/lojasosprofessoratividades.com.br\/#organization","name":"Loja SOS Professor Atividades","url":"https:\/\/lojasosprofessoratividades.com.br\/","logo":{"@type":"ImageObject","inLanguage":"en-US","@id":"https:\/\/lojasosprofessoratividades.com.br\/#\/schema\/logo\/image\/","url":"http:\/\/lojasosprofessoratividades.com.br\/wp-content\/uploads\/2022\/04\/Logo.png","contentUrl":"http:\/\/lojasosprofessoratividades.com.br\/wp-content\/uploads\/2022\/04\/Logo.png","width":2000,"height":2000,"caption":"Loja SOS Professor Atividades"},"image":{"@id":"https:\/\/lojasosprofessoratividades.com.br\/#\/schema\/logo\/image\/"},"sameAs":["https:\/\/www.facebook.com\/sosprofessoratividades","https:\/\/www.instagram.com\/sosprofessoratividades\/"]}]}},"_links":{"self":[{"href":"https:\/\/lojasosprofessoratividades.com.br\/en\/wp-json\/wp\/v2\/product\/35473","targetHints":{"allow":["GET"]}}],"collection":[{"href":"https:\/\/lojasosprofessoratividades.com.br\/en\/wp-json\/wp\/v2\/product"}],"about":[{"href":"https:\/\/lojasosprofessoratividades.com.br\/en\/wp-json\/wp\/v2\/types\/product"}],"replies":[{"embeddable":true,"href":"https:\/\/lojasosprofessoratividades.com.br\/en\/wp-json\/wp\/v2\/comments?post=35473"}],"wp:featuredmedia":[{"embeddable":true,"href":"https:\/\/lojasosprofessoratividades.com.br\/en\/wp-json\/wp\/v2\/media\/35475"}],"wp:attachment":[{"href":"https:\/\/lojasosprofessoratividades.com.br\/en\/wp-json\/wp\/v2\/media?parent=35473"}],"wp:term":[{"taxonomy":"product_brand","embeddable":true,"href":"https:\/\/lojasosprofessoratividades.com.br\/en\/wp-json\/wp\/v2\/product_brand?post=35473"},{"taxonomy":"product_cat","embeddable":true,"href":"https:\/\/lojasosprofessoratividades.com.br\/en\/wp-json\/wp\/v2\/product_cat?post=35473"},{"taxonomy":"product_tag","embeddable":true,"href":"https:\/\/lojasosprofessoratividades.com.br\/en\/wp-json\/wp\/v2\/product_tag?post=35473"}],"curies":[{"name":"wp","href":"https:\/\/api.w.org\/{rel}","templated":true}]}}