{"id":35513,"date":"2025-07-18T22:16:04","date_gmt":"2025-07-19T01:16:04","guid":{"rendered":"https:\/\/lojasosprofessoratividades.com.br\/?post_type=product&#038;p=35513"},"modified":"2026-05-08T15:26:42","modified_gmt":"2026-05-08T18:26:42","slug":"povos-e-culturas-atividades-prontas-para-o-5o-ano","status":"publish","type":"product","link":"https:\/\/lojasosprofessoratividades.com.br\/en\/product\/povos-e-culturas-atividades-prontas-para-o-5o-ano\/","title":{"rendered":"Povos e Culturas \u2013 Atividades Prontas para o 5\u00ba Ano"},"content":{"rendered":"","protected":false},"excerpt":{"rendered":"<p>Este recurso foi pensado para facilitar a sua pr\u00e1tica docente ao trabalhar a habilidade <strong data-start=\"366\" data-end=\"386\">EF05HI01 da BNCC<\/strong> com sua turma do <strong data-start=\"404\" data-end=\"414\">5\u00ba ano<\/strong>. Ele aborda, de forma leve e contextualizada, os processos de forma\u00e7\u00e3o das culturas e dos povos, relacionando-os ao espa\u00e7o geogr\u00e1fico e \u00e0 mobilidade humana.<\/p>\n<h3 data-start=\"578\" data-end=\"611\">Cont\u00e9m neste arquivo:<\/h3>\n<ul data-start=\"612\" data-end=\"948\">\n<li data-start=\"612\" data-end=\"674\">\n<p data-start=\"614\" data-end=\"674\">Texto conceitual em linguagem humanizada para os alunos<\/p>\n<\/li>\n<li data-start=\"675\" data-end=\"734\">\n<p data-start=\"677\" data-end=\"734\">Atividade de <strong data-start=\"693\" data-end=\"732\">interpreta\u00e7\u00e3o de texto com gabarito<\/strong><\/p>\n<\/li>\n<li data-start=\"735\" data-end=\"802\">\n<p data-start=\"737\" data-end=\"802\"><strong data-start=\"740\" data-end=\"766\">Ca\u00e7a-palavras tem\u00e1tico<\/strong> com vocabul\u00e1rio-chave do conte\u00fado<\/p>\n<\/li>\n<li data-start=\"803\" data-end=\"877\">\n<p data-start=\"805\" data-end=\"877\">\u00a0Proposta de <strong data-start=\"820\" data-end=\"850\">atividade de Artes (craft)<\/strong> para fixa\u00e7\u00e3o do conte\u00fado<\/p>\n<\/li>\n<li data-start=\"878\" data-end=\"948\">\n<p data-start=\"880\" data-end=\"948\"><strong data-start=\"883\" data-end=\"909\">Plano de aula completo<\/strong> com objetivos, estrat\u00e9gias e avalia\u00e7\u00e3o<\/p>\n<\/li>\n<\/ul>\n<p>Arquivo em PDF \u2013 <strong data-start=\"1102\" data-end=\"1118\">n\u00e3o edit\u00e1vel<\/strong>.<\/p>\n<h3>N\u00e3o enviamos por e-mail, a entrega \u00e9 via link para download. \ud83d\udc47<\/h3>\n<p><img loading=\"lazy\" decoding=\"async\" class=\"alignnone wp-image-34064 size-full\" src=\"https:\/\/lojasosprofessoratividades.com.br\/wp-content\/uploads\/2023\/08\/Aviso-Loja-atual.jpg\" alt=\"\" width=\"446\" height=\"251\" srcset=\"https:\/\/lojasosprofessoratividades.com.br\/wp-content\/uploads\/2023\/08\/Aviso-Loja-atual.jpg 446w, https:\/\/lojasosprofessoratividades.com.br\/wp-content\/uploads\/2023\/08\/Aviso-Loja-atual-300x169.jpg 300w, https:\/\/lojasosprofessoratividades.com.br\/wp-content\/uploads\/2023\/08\/Aviso-Loja-atual-18x10.jpg 18w\" sizes=\"auto, (max-width: 446px) 100vw, 446px\" \/><\/p>","protected":false},"featured_media":35556,"comment_status":"open","ping_status":"closed","template":"","meta":[],"product_brand":[],"product_cat":[127,1858,207],"product_tag":[2191,2193,2194,1816,2190,1551,2187,2189,950,493,1334,250,2192,2188,2186],"class_list":{"0":"post-35513","1":"product","2":"type-product","3":"status-publish","4":"has-post-thumbnail","6":"product_cat-5o-ano","7":"product_cat-arte-2","8":"product_cat-historia-5-ano","9":"product_tag-artes-e-historia","10":"product_tag-atividade-com-gabarito","11":"product_tag-atividade-criativa-5o-ano","12":"product_tag-atividade-interdisciplinar","13":"product_tag-atividade-nomades-e-sedentarios","14":"product_tag-atividades-5o-ano","15":"product_tag-bncc-ef05hi01","16":"product_tag-caca-palavras-povos","17":"product_tag-educacao-fundamental","18":"product_tag-ensino-fundamental-1","19":"product_tag-historia-5o-ano","20":"product_tag-interpretacao-de-texto","21":"product_tag-material-pedagogico-pdf","22":"product_tag-plano-de-aula-pronto","23":"product_tag-povos-e-culturas","25":"first","26":"instock","27":"downloadable","28":"virtual","29":"sold-individually","30":"purchasable","31":"product-type-simple"},"yoast_head":"<!-- This site is optimized with the Yoast SEO plugin v27.6 - https:\/\/yoast.com\/product\/yoast-seo-wordpress\/ -->\n<title>Povos e Culturas \u2013 Atividades Prontas para o 5\u00ba Ano - Loja SOS Professor Atividades<\/title>\n<meta name=\"description\" content=\"Atividade sobre povos e culturas para o 5\u00ba ano. Inclui texto, interpreta\u00e7\u00e3o, ca\u00e7a-palavras, artes, plano de aula e gabarito. Pronto para imprimir!\" \/>\n<meta name=\"robots\" content=\"index, follow, max-snippet:-1, max-image-preview:large, max-video-preview:-1\" \/>\n<link rel=\"canonical\" href=\"https:\/\/lojasosprofessoratividades.com.br\/en\/product\/povos-e-culturas-atividades-prontas-para-o-5o-ano\/\" \/>\n<meta property=\"og:locale\" content=\"en_US\" \/>\n<meta property=\"og:type\" content=\"article\" \/>\n<meta property=\"og:title\" content=\"Povos e Culturas \u2013 Atividades Prontas para o 5\u00ba Ano - Loja SOS Professor Atividades\" \/>\n<meta property=\"og:description\" content=\"Atividade sobre povos e culturas para o 5\u00ba ano. Inclui texto, interpreta\u00e7\u00e3o, ca\u00e7a-palavras, artes, plano de aula e gabarito. Pronto para imprimir!\" \/>\n<meta property=\"og:url\" content=\"https:\/\/lojasosprofessoratividades.com.br\/en\/product\/povos-e-culturas-atividades-prontas-para-o-5o-ano\/\" \/>\n<meta property=\"og:site_name\" content=\"Loja SOS Professor Atividades\" \/>\n<meta property=\"article:publisher\" content=\"https:\/\/www.facebook.com\/sosprofessoratividades\" \/>\n<meta property=\"article:modified_time\" content=\"2026-05-08T18:26:42+00:00\" \/>\n<meta property=\"og:image\" content=\"https:\/\/lojasosprofessoratividades.com.br\/wp-content\/uploads\/2025\/07\/1-1.jpg\" \/>\n\t<meta property=\"og:image:width\" content=\"800\" \/>\n\t<meta property=\"og:image:height\" content=\"693\" \/>\n\t<meta property=\"og:image:type\" content=\"image\/jpeg\" \/>\n<meta name=\"twitter:card\" content=\"summary_large_image\" \/>\n<meta name=\"twitter:label1\" content=\"Est. reading time\" \/>\n\t<meta name=\"twitter:data1\" content=\"1 minute\" \/>\n<script type=\"application\/ld+json\" class=\"yoast-schema-graph\">{\"@context\":\"https:\\\/\\\/schema.org\",\"@graph\":[{\"@type\":\"WebPage\",\"@id\":\"https:\\\/\\\/lojasosprofessoratividades.com.br\\\/produto\\\/povos-e-culturas-atividades-prontas-para-o-5o-ano\\\/\",\"url\":\"https:\\\/\\\/lojasosprofessoratividades.com.br\\\/produto\\\/povos-e-culturas-atividades-prontas-para-o-5o-ano\\\/\",\"name\":\"Povos e Culturas \u2013 Atividades Prontas para o 5\u00ba Ano - Loja SOS Professor Atividades\",\"isPartOf\":{\"@id\":\"https:\\\/\\\/lojasosprofessoratividades.com.br\\\/#website\"},\"primaryImageOfPage\":{\"@id\":\"https:\\\/\\\/lojasosprofessoratividades.com.br\\\/produto\\\/povos-e-culturas-atividades-prontas-para-o-5o-ano\\\/#primaryimage\"},\"image\":{\"@id\":\"https:\\\/\\\/lojasosprofessoratividades.com.br\\\/produto\\\/povos-e-culturas-atividades-prontas-para-o-5o-ano\\\/#primaryimage\"},\"thumbnailUrl\":\"https:\\\/\\\/lojasosprofessoratividades.com.br\\\/wp-content\\\/uploads\\\/2025\\\/07\\\/1-1.jpg\",\"datePublished\":\"2025-07-19T01:16:04+00:00\",\"dateModified\":\"2026-05-08T18:26:42+00:00\",\"description\":\"Atividade sobre povos e culturas para o 5\u00ba ano. Inclui texto, interpreta\u00e7\u00e3o, ca\u00e7a-palavras, artes, plano de aula e gabarito. Pronto para imprimir!\",\"breadcrumb\":{\"@id\":\"https:\\\/\\\/lojasosprofessoratividades.com.br\\\/produto\\\/povos-e-culturas-atividades-prontas-para-o-5o-ano\\\/#breadcrumb\"},\"inLanguage\":\"en-US\",\"potentialAction\":[{\"@type\":\"ReadAction\",\"target\":[\"https:\\\/\\\/lojasosprofessoratividades.com.br\\\/produto\\\/povos-e-culturas-atividades-prontas-para-o-5o-ano\\\/\"]}]},{\"@type\":\"ImageObject\",\"inLanguage\":\"en-US\",\"@id\":\"https:\\\/\\\/lojasosprofessoratividades.com.br\\\/produto\\\/povos-e-culturas-atividades-prontas-para-o-5o-ano\\\/#primaryimage\",\"url\":\"https:\\\/\\\/lojasosprofessoratividades.com.br\\\/wp-content\\\/uploads\\\/2025\\\/07\\\/1-1.jpg\",\"contentUrl\":\"https:\\\/\\\/lojasosprofessoratividades.com.br\\\/wp-content\\\/uploads\\\/2025\\\/07\\\/1-1.jpg\",\"width\":800,\"height\":693,\"caption\":\"Povos e Culturas \u2013 Atividades Prontas para o 5\u00ba Ano\"},{\"@type\":\"BreadcrumbList\",\"@id\":\"https:\\\/\\\/lojasosprofessoratividades.com.br\\\/produto\\\/povos-e-culturas-atividades-prontas-para-o-5o-ano\\\/#breadcrumb\",\"itemListElement\":[{\"@type\":\"ListItem\",\"position\":1,\"name\":\"In\u00edcio\",\"item\":\"https:\\\/\\\/lojasosprofessoratividades.com.br\\\/\"},{\"@type\":\"ListItem\",\"position\":2,\"name\":\"Loja\",\"item\":\"https:\\\/\\\/lojasosprofessoratividades.com.br\\\/loja\\\/\"},{\"@type\":\"ListItem\",\"position\":3,\"name\":\"Povos e Culturas \u2013 Atividades Prontas para o 5\u00ba Ano\"}]},{\"@type\":\"WebSite\",\"@id\":\"https:\\\/\\\/lojasosprofessoratividades.com.br\\\/#website\",\"url\":\"https:\\\/\\\/lojasosprofessoratividades.com.br\\\/\",\"name\":\"Loja SOS Professor Atividades\",\"description\":\"Venda de material did\u00e1tico para o ensino fundamental\",\"publisher\":{\"@id\":\"https:\\\/\\\/lojasosprofessoratividades.com.br\\\/#organization\"},\"potentialAction\":[{\"@type\":\"SearchAction\",\"target\":{\"@type\":\"EntryPoint\",\"urlTemplate\":\"https:\\\/\\\/lojasosprofessoratividades.com.br\\\/?s={search_term_string}\"},\"query-input\":{\"@type\":\"PropertyValueSpecification\",\"valueRequired\":true,\"valueName\":\"search_term_string\"}}],\"inLanguage\":\"en-US\"},{\"@type\":\"Organization\",\"@id\":\"https:\\\/\\\/lojasosprofessoratividades.com.br\\\/#organization\",\"name\":\"Loja SOS Professor Atividades\",\"url\":\"https:\\\/\\\/lojasosprofessoratividades.com.br\\\/\",\"logo\":{\"@type\":\"ImageObject\",\"inLanguage\":\"en-US\",\"@id\":\"https:\\\/\\\/lojasosprofessoratividades.com.br\\\/#\\\/schema\\\/logo\\\/image\\\/\",\"url\":\"http:\\\/\\\/lojasosprofessoratividades.com.br\\\/wp-content\\\/uploads\\\/2022\\\/04\\\/Logo.png\",\"contentUrl\":\"http:\\\/\\\/lojasosprofessoratividades.com.br\\\/wp-content\\\/uploads\\\/2022\\\/04\\\/Logo.png\",\"width\":2000,\"height\":2000,\"caption\":\"Loja SOS Professor Atividades\"},\"image\":{\"@id\":\"https:\\\/\\\/lojasosprofessoratividades.com.br\\\/#\\\/schema\\\/logo\\\/image\\\/\"},\"sameAs\":[\"https:\\\/\\\/www.facebook.com\\\/sosprofessoratividades\",\"https:\\\/\\\/www.instagram.com\\\/sosprofessoratividades\\\/\"]}]}<\/script>\n<!-- \/ Yoast SEO plugin. -->","yoast_head_json":{"title":"Povos e Culturas \u2013 Atividades Prontas para o 5\u00ba Ano - Loja SOS Professor Atividades","description":"Atividade sobre povos e culturas para o 5\u00ba ano. Inclui texto, interpreta\u00e7\u00e3o, ca\u00e7a-palavras, artes, plano de aula e gabarito. Pronto para imprimir!","robots":{"index":"index","follow":"follow","max-snippet":"max-snippet:-1","max-image-preview":"max-image-preview:large","max-video-preview":"max-video-preview:-1"},"canonical":"https:\/\/lojasosprofessoratividades.com.br\/en\/product\/povos-e-culturas-atividades-prontas-para-o-5o-ano\/","og_locale":"en_US","og_type":"article","og_title":"Povos e Culturas \u2013 Atividades Prontas para o 5\u00ba Ano - Loja SOS Professor Atividades","og_description":"Atividade sobre povos e culturas para o 5\u00ba ano. Inclui texto, interpreta\u00e7\u00e3o, ca\u00e7a-palavras, artes, plano de aula e gabarito. Pronto para imprimir!","og_url":"https:\/\/lojasosprofessoratividades.com.br\/en\/product\/povos-e-culturas-atividades-prontas-para-o-5o-ano\/","og_site_name":"Loja SOS Professor Atividades","article_publisher":"https:\/\/www.facebook.com\/sosprofessoratividades","article_modified_time":"2026-05-08T18:26:42+00:00","og_image":[{"width":800,"height":693,"url":"https:\/\/lojasosprofessoratividades.com.br\/wp-content\/uploads\/2025\/07\/1-1.jpg","type":"image\/jpeg"}],"twitter_card":"summary_large_image","twitter_misc":{"Est. reading time":"1 minute"},"schema":{"@context":"https:\/\/schema.org","@graph":[{"@type":"WebPage","@id":"https:\/\/lojasosprofessoratividades.com.br\/produto\/povos-e-culturas-atividades-prontas-para-o-5o-ano\/","url":"https:\/\/lojasosprofessoratividades.com.br\/produto\/povos-e-culturas-atividades-prontas-para-o-5o-ano\/","name":"Povos e Culturas \u2013 Atividades Prontas para o 5\u00ba Ano - Loja SOS Professor Atividades","isPartOf":{"@id":"https:\/\/lojasosprofessoratividades.com.br\/#website"},"primaryImageOfPage":{"@id":"https:\/\/lojasosprofessoratividades.com.br\/produto\/povos-e-culturas-atividades-prontas-para-o-5o-ano\/#primaryimage"},"image":{"@id":"https:\/\/lojasosprofessoratividades.com.br\/produto\/povos-e-culturas-atividades-prontas-para-o-5o-ano\/#primaryimage"},"thumbnailUrl":"https:\/\/lojasosprofessoratividades.com.br\/wp-content\/uploads\/2025\/07\/1-1.jpg","datePublished":"2025-07-19T01:16:04+00:00","dateModified":"2026-05-08T18:26:42+00:00","description":"Atividade sobre povos e culturas para o 5\u00ba ano. Inclui texto, interpreta\u00e7\u00e3o, ca\u00e7a-palavras, artes, plano de aula e gabarito. Pronto para imprimir!","breadcrumb":{"@id":"https:\/\/lojasosprofessoratividades.com.br\/produto\/povos-e-culturas-atividades-prontas-para-o-5o-ano\/#breadcrumb"},"inLanguage":"en-US","potentialAction":[{"@type":"ReadAction","target":["https:\/\/lojasosprofessoratividades.com.br\/produto\/povos-e-culturas-atividades-prontas-para-o-5o-ano\/"]}]},{"@type":"ImageObject","inLanguage":"en-US","@id":"https:\/\/lojasosprofessoratividades.com.br\/produto\/povos-e-culturas-atividades-prontas-para-o-5o-ano\/#primaryimage","url":"https:\/\/lojasosprofessoratividades.com.br\/wp-content\/uploads\/2025\/07\/1-1.jpg","contentUrl":"https:\/\/lojasosprofessoratividades.com.br\/wp-content\/uploads\/2025\/07\/1-1.jpg","width":800,"height":693,"caption":"Povos e Culturas \u2013 Atividades Prontas para o 5\u00ba Ano"},{"@type":"BreadcrumbList","@id":"https:\/\/lojasosprofessoratividades.com.br\/produto\/povos-e-culturas-atividades-prontas-para-o-5o-ano\/#breadcrumb","itemListElement":[{"@type":"ListItem","position":1,"name":"In\u00edcio","item":"https:\/\/lojasosprofessoratividades.com.br\/"},{"@type":"ListItem","position":2,"name":"Loja","item":"https:\/\/lojasosprofessoratividades.com.br\/loja\/"},{"@type":"ListItem","position":3,"name":"Povos e Culturas \u2013 Atividades Prontas para o 5\u00ba Ano"}]},{"@type":"WebSite","@id":"https:\/\/lojasosprofessoratividades.com.br\/#website","url":"https:\/\/lojasosprofessoratividades.com.br\/","name":"Loja SOS Professor Atividades","description":"Venda de material did\u00e1tico para o ensino fundamental","publisher":{"@id":"https:\/\/lojasosprofessoratividades.com.br\/#organization"},"potentialAction":[{"@type":"SearchAction","target":{"@type":"EntryPoint","urlTemplate":"https:\/\/lojasosprofessoratividades.com.br\/?s={search_term_string}"},"query-input":{"@type":"PropertyValueSpecification","valueRequired":true,"valueName":"search_term_string"}}],"inLanguage":"en-US"},{"@type":"Organization","@id":"https:\/\/lojasosprofessoratividades.com.br\/#organization","name":"Loja SOS Professor Atividades","url":"https:\/\/lojasosprofessoratividades.com.br\/","logo":{"@type":"ImageObject","inLanguage":"en-US","@id":"https:\/\/lojasosprofessoratividades.com.br\/#\/schema\/logo\/image\/","url":"http:\/\/lojasosprofessoratividades.com.br\/wp-content\/uploads\/2022\/04\/Logo.png","contentUrl":"http:\/\/lojasosprofessoratividades.com.br\/wp-content\/uploads\/2022\/04\/Logo.png","width":2000,"height":2000,"caption":"Loja SOS Professor Atividades"},"image":{"@id":"https:\/\/lojasosprofessoratividades.com.br\/#\/schema\/logo\/image\/"},"sameAs":["https:\/\/www.facebook.com\/sosprofessoratividades","https:\/\/www.instagram.com\/sosprofessoratividades\/"]}]}},"_links":{"self":[{"href":"https:\/\/lojasosprofessoratividades.com.br\/en\/wp-json\/wp\/v2\/product\/35513","targetHints":{"allow":["GET"]}}],"collection":[{"href":"https:\/\/lojasosprofessoratividades.com.br\/en\/wp-json\/wp\/v2\/product"}],"about":[{"href":"https:\/\/lojasosprofessoratividades.com.br\/en\/wp-json\/wp\/v2\/types\/product"}],"replies":[{"embeddable":true,"href":"https:\/\/lojasosprofessoratividades.com.br\/en\/wp-json\/wp\/v2\/comments?post=35513"}],"wp:featuredmedia":[{"embeddable":true,"href":"https:\/\/lojasosprofessoratividades.com.br\/en\/wp-json\/wp\/v2\/media\/35556"}],"wp:attachment":[{"href":"https:\/\/lojasosprofessoratividades.com.br\/en\/wp-json\/wp\/v2\/media?parent=35513"}],"wp:term":[{"taxonomy":"product_brand","embeddable":true,"href":"https:\/\/lojasosprofessoratividades.com.br\/en\/wp-json\/wp\/v2\/product_brand?post=35513"},{"taxonomy":"product_cat","embeddable":true,"href":"https:\/\/lojasosprofessoratividades.com.br\/en\/wp-json\/wp\/v2\/product_cat?post=35513"},{"taxonomy":"product_tag","embeddable":true,"href":"https:\/\/lojasosprofessoratividades.com.br\/en\/wp-json\/wp\/v2\/product_tag?post=35513"}],"curies":[{"name":"wp","href":"https:\/\/api.w.org\/{rel}","templated":true}]}}