{"id":35527,"date":"2025-07-15T00:16:06","date_gmt":"2025-07-15T03:16:06","guid":{"rendered":"https:\/\/lojasosprofessoratividades.com.br\/?post_type=product&#038;p=35527"},"modified":"2026-05-08T15:36:18","modified_gmt":"2026-05-08T18:36:18","slug":"cartaz-dia-dos-pais-amor-que-ensina","status":"publish","type":"product","link":"https:\/\/lojasosprofessoratividades.com.br\/en\/product\/cartaz-dia-dos-pais-amor-que-ensina\/","title":{"rendered":"Cartaz Dia dos Pais \u2013 Amor que Ensina"},"content":{"rendered":"","protected":false},"excerpt":{"rendered":"<p data-start=\"322\" data-end=\"399\">Torne o Dia dos Pais ainda mais especial com este <strong data-start=\"375\" data-end=\"396\">cartaz encantador<\/strong>!<\/p>\n<p data-start=\"401\" data-end=\"612\">Com uma mensagem cheia de afeto \u2014 <em data-start=\"435\" data-end=\"484\">\u201cPapai, seu amor me ensina a ser forte e feliz\u201d<\/em> \u2014 e ilustra\u00e7\u00f5es fofas e coloridas, ele \u00e9 perfeito para decorar <strong data-start=\"548\" data-end=\"609\">murais escolares, portas de sala ou eventos comemorativos<\/strong>.<\/p>\n<p data-start=\"614\" data-end=\"780\">\ud83d\udccf Tamanho final: <strong data-start=\"632\" data-end=\"666\">aproximadamente 166 cm x 95 cm<\/strong><br data-start=\"666\" data-end=\"669\" \/>\ud83d\udcc4 Acompanha vers\u00e3o em <strong data-start=\"692\" data-end=\"725\">A4 para impress\u00e3o e amplia\u00e7\u00e3o<\/strong><br data-start=\"725\" data-end=\"728\" \/>\ud83c\udfa8 Arquivo em alta resolu\u00e7\u00e3o | Pronto para imprimir!<\/p>\n<p data-start=\"782\" data-end=\"913\">Ideal para <strong data-start=\"793\" data-end=\"835\">Educa\u00e7\u00e3o Infantil e Ensino Fundamental<\/strong>, este material valoriza o v\u00ednculo entre pais e filhos com muita do\u00e7ura e cor!<\/p>\n<h3>N\u00e3o enviamos por e-mail, a entrega \u00e9 via link para download. \ud83d\udc47<\/h3>\n<p><img loading=\"lazy\" decoding=\"async\" class=\"alignnone wp-image-35160 size-full\" src=\"https:\/\/lojasosprofessoratividades.com.br\/wp-content\/uploads\/2025\/06\/Aviso-Loja-atual.jpg\" alt=\"\" width=\"446\" height=\"251\" srcset=\"https:\/\/lojasosprofessoratividades.com.br\/wp-content\/uploads\/2025\/06\/Aviso-Loja-atual.jpg 446w, https:\/\/lojasosprofessoratividades.com.br\/wp-content\/uploads\/2025\/06\/Aviso-Loja-atual-300x169.jpg 300w, https:\/\/lojasosprofessoratividades.com.br\/wp-content\/uploads\/2025\/06\/Aviso-Loja-atual-18x10.jpg 18w\" sizes=\"auto, (max-width: 446px) 100vw, 446px\" \/><\/p>","protected":false},"featured_media":35529,"comment_status":"open","ping_status":"closed","template":"","meta":[],"product_brand":[],"product_cat":[122,123,124,125,127,214,216,218,210,212,126,220],"product_tag":[2200,1940,2197,615,2195,746,2202,2199,246,245,2198,623,2201,2065,2196],"class_list":{"0":"post-35527","1":"product","2":"type-product","3":"status-publish","4":"has-post-thumbnail","6":"product_cat-1o-ano","7":"product_cat-2o-ano","8":"product_cat-3o-ano","9":"product_cat-4o-ano","10":"product_cat-5o-ano","11":"product_cat-data-comemorativa-3-ano","12":"product_cat-data-comemorativa-4-ano","13":"product_cat-data-comemorativa-5-ano","14":"product_cat-data-comemorativa-1-ano","15":"product_cat-data-comemorativa-2-ano","16":"product_cat-educacao-infantil","17":"product_cat-o-eu-o-outro-o-nos","18":"product_tag-amor-de-pai","19":"product_tag-atividade-afetiva","20":"product_tag-cartaz-a4-ampliavel","21":"product_tag-cartaz-ampliado","22":"product_tag-cartaz-dia-dos-pais","23":"product_tag-cartaz-educativo","24":"product_tag-data-comemorativa-escola","25":"product_tag-decoracao-escolar-pais","26":"product_tag-educacao-infantil","27":"product_tag-ensino-fundamental","28":"product_tag-homenagem-para-o-pai","29":"product_tag-lembrancinha-escolar","30":"product_tag-mensagem-para-o-pai","31":"product_tag-mural-dia-dos-pais","32":"product_tag-poster-dia-dos-pais","34":"first","35":"instock","36":"downloadable","37":"virtual","38":"sold-individually","39":"purchasable","40":"product-type-simple"},"yoast_head":"<!-- This site is optimized with the Yoast SEO plugin v27.6 - https:\/\/yoast.com\/product\/yoast-seo-wordpress\/ -->\n<title>Cartaz Dia dos Pais \u2013 Amor que Ensina - Loja SOS Professor Atividades<\/title>\n<meta name=\"description\" content=\"Cartaz para o Dia dos Pais com frase carinhosa e ilustra\u00e7\u00f5es fofas. Tamanho 166x95 cm em folhas A4 para amplia\u00e7\u00e3o. Pronto para imprimir!\" \/>\n<meta name=\"robots\" content=\"index, follow, max-snippet:-1, max-image-preview:large, max-video-preview:-1\" \/>\n<link rel=\"canonical\" href=\"https:\/\/lojasosprofessoratividades.com.br\/en\/product\/cartaz-dia-dos-pais-amor-que-ensina\/\" \/>\n<meta property=\"og:locale\" content=\"en_US\" \/>\n<meta property=\"og:type\" content=\"article\" \/>\n<meta property=\"og:title\" content=\"Cartaz Dia dos Pais \u2013 Amor que Ensina - Loja SOS Professor Atividades\" \/>\n<meta property=\"og:description\" content=\"Cartaz para o Dia dos Pais com frase carinhosa e ilustra\u00e7\u00f5es fofas. Tamanho 166x95 cm em folhas A4 para amplia\u00e7\u00e3o. Pronto para imprimir!\" \/>\n<meta property=\"og:url\" content=\"https:\/\/lojasosprofessoratividades.com.br\/en\/product\/cartaz-dia-dos-pais-amor-que-ensina\/\" \/>\n<meta property=\"og:site_name\" content=\"Loja SOS Professor Atividades\" \/>\n<meta property=\"article:publisher\" content=\"https:\/\/www.facebook.com\/sosprofessoratividades\" \/>\n<meta property=\"article:modified_time\" content=\"2026-05-08T18:36:18+00:00\" \/>\n<meta property=\"og:image\" content=\"https:\/\/lojasosprofessoratividades.com.br\/wp-content\/uploads\/2025\/07\/Cartaz-Dia-dos-Pais-\u2013-Amor-que-Ensina-1.jpg\" \/>\n\t<meta property=\"og:image:width\" content=\"800\" \/>\n\t<meta property=\"og:image:height\" content=\"693\" \/>\n\t<meta property=\"og:image:type\" content=\"image\/jpeg\" \/>\n<meta name=\"twitter:card\" content=\"summary_large_image\" \/>\n<meta name=\"twitter:label1\" content=\"Est. reading time\" \/>\n\t<meta name=\"twitter:data1\" content=\"1 minute\" \/>\n<script type=\"application\/ld+json\" class=\"yoast-schema-graph\">{\"@context\":\"https:\\\/\\\/schema.org\",\"@graph\":[{\"@type\":\"WebPage\",\"@id\":\"https:\\\/\\\/lojasosprofessoratividades.com.br\\\/produto\\\/cartaz-dia-dos-pais-amor-que-ensina\\\/\",\"url\":\"https:\\\/\\\/lojasosprofessoratividades.com.br\\\/produto\\\/cartaz-dia-dos-pais-amor-que-ensina\\\/\",\"name\":\"Cartaz Dia dos Pais \u2013 Amor que Ensina - Loja SOS Professor Atividades\",\"isPartOf\":{\"@id\":\"https:\\\/\\\/lojasosprofessoratividades.com.br\\\/#website\"},\"primaryImageOfPage\":{\"@id\":\"https:\\\/\\\/lojasosprofessoratividades.com.br\\\/produto\\\/cartaz-dia-dos-pais-amor-que-ensina\\\/#primaryimage\"},\"image\":{\"@id\":\"https:\\\/\\\/lojasosprofessoratividades.com.br\\\/produto\\\/cartaz-dia-dos-pais-amor-que-ensina\\\/#primaryimage\"},\"thumbnailUrl\":\"https:\\\/\\\/lojasosprofessoratividades.com.br\\\/wp-content\\\/uploads\\\/2025\\\/07\\\/Cartaz-Dia-dos-Pais-\u2013-Amor-que-Ensina-1.jpg\",\"datePublished\":\"2025-07-15T03:16:06+00:00\",\"dateModified\":\"2026-05-08T18:36:18+00:00\",\"description\":\"Cartaz para o Dia dos Pais com frase carinhosa e ilustra\u00e7\u00f5es fofas. Tamanho 166x95 cm em folhas A4 para amplia\u00e7\u00e3o. Pronto para imprimir!\",\"breadcrumb\":{\"@id\":\"https:\\\/\\\/lojasosprofessoratividades.com.br\\\/produto\\\/cartaz-dia-dos-pais-amor-que-ensina\\\/#breadcrumb\"},\"inLanguage\":\"en-US\",\"potentialAction\":[{\"@type\":\"ReadAction\",\"target\":[\"https:\\\/\\\/lojasosprofessoratividades.com.br\\\/produto\\\/cartaz-dia-dos-pais-amor-que-ensina\\\/\"]}]},{\"@type\":\"ImageObject\",\"inLanguage\":\"en-US\",\"@id\":\"https:\\\/\\\/lojasosprofessoratividades.com.br\\\/produto\\\/cartaz-dia-dos-pais-amor-que-ensina\\\/#primaryimage\",\"url\":\"https:\\\/\\\/lojasosprofessoratividades.com.br\\\/wp-content\\\/uploads\\\/2025\\\/07\\\/Cartaz-Dia-dos-Pais-\u2013-Amor-que-Ensina-1.jpg\",\"contentUrl\":\"https:\\\/\\\/lojasosprofessoratividades.com.br\\\/wp-content\\\/uploads\\\/2025\\\/07\\\/Cartaz-Dia-dos-Pais-\u2013-Amor-que-Ensina-1.jpg\",\"width\":800,\"height\":693,\"caption\":\"Cartaz Dia dos Pais \u2013 Amor que Ensina\"},{\"@type\":\"BreadcrumbList\",\"@id\":\"https:\\\/\\\/lojasosprofessoratividades.com.br\\\/produto\\\/cartaz-dia-dos-pais-amor-que-ensina\\\/#breadcrumb\",\"itemListElement\":[{\"@type\":\"ListItem\",\"position\":1,\"name\":\"In\u00edcio\",\"item\":\"https:\\\/\\\/lojasosprofessoratividades.com.br\\\/\"},{\"@type\":\"ListItem\",\"position\":2,\"name\":\"Loja\",\"item\":\"https:\\\/\\\/lojasosprofessoratividades.com.br\\\/loja\\\/\"},{\"@type\":\"ListItem\",\"position\":3,\"name\":\"Cartaz Dia dos Pais \u2013 Amor que Ensina\"}]},{\"@type\":\"WebSite\",\"@id\":\"https:\\\/\\\/lojasosprofessoratividades.com.br\\\/#website\",\"url\":\"https:\\\/\\\/lojasosprofessoratividades.com.br\\\/\",\"name\":\"Loja SOS Professor Atividades\",\"description\":\"Venda de material did\u00e1tico para o ensino fundamental\",\"publisher\":{\"@id\":\"https:\\\/\\\/lojasosprofessoratividades.com.br\\\/#organization\"},\"potentialAction\":[{\"@type\":\"SearchAction\",\"target\":{\"@type\":\"EntryPoint\",\"urlTemplate\":\"https:\\\/\\\/lojasosprofessoratividades.com.br\\\/?s={search_term_string}\"},\"query-input\":{\"@type\":\"PropertyValueSpecification\",\"valueRequired\":true,\"valueName\":\"search_term_string\"}}],\"inLanguage\":\"en-US\"},{\"@type\":\"Organization\",\"@id\":\"https:\\\/\\\/lojasosprofessoratividades.com.br\\\/#organization\",\"name\":\"Loja SOS Professor Atividades\",\"url\":\"https:\\\/\\\/lojasosprofessoratividades.com.br\\\/\",\"logo\":{\"@type\":\"ImageObject\",\"inLanguage\":\"en-US\",\"@id\":\"https:\\\/\\\/lojasosprofessoratividades.com.br\\\/#\\\/schema\\\/logo\\\/image\\\/\",\"url\":\"http:\\\/\\\/lojasosprofessoratividades.com.br\\\/wp-content\\\/uploads\\\/2022\\\/04\\\/Logo.png\",\"contentUrl\":\"http:\\\/\\\/lojasosprofessoratividades.com.br\\\/wp-content\\\/uploads\\\/2022\\\/04\\\/Logo.png\",\"width\":2000,\"height\":2000,\"caption\":\"Loja SOS Professor Atividades\"},\"image\":{\"@id\":\"https:\\\/\\\/lojasosprofessoratividades.com.br\\\/#\\\/schema\\\/logo\\\/image\\\/\"},\"sameAs\":[\"https:\\\/\\\/www.facebook.com\\\/sosprofessoratividades\",\"https:\\\/\\\/www.instagram.com\\\/sosprofessoratividades\\\/\"]}]}<\/script>\n<!-- \/ Yoast SEO plugin. -->","yoast_head_json":{"title":"Cartaz Dia dos Pais \u2013 Amor que Ensina - Loja SOS Professor Atividades","description":"Cartaz para o Dia dos Pais com frase carinhosa e ilustra\u00e7\u00f5es fofas. Tamanho 166x95 cm em folhas A4 para amplia\u00e7\u00e3o. Pronto para imprimir!","robots":{"index":"index","follow":"follow","max-snippet":"max-snippet:-1","max-image-preview":"max-image-preview:large","max-video-preview":"max-video-preview:-1"},"canonical":"https:\/\/lojasosprofessoratividades.com.br\/en\/product\/cartaz-dia-dos-pais-amor-que-ensina\/","og_locale":"en_US","og_type":"article","og_title":"Cartaz Dia dos Pais \u2013 Amor que Ensina - Loja SOS Professor Atividades","og_description":"Cartaz para o Dia dos Pais com frase carinhosa e ilustra\u00e7\u00f5es fofas. Tamanho 166x95 cm em folhas A4 para amplia\u00e7\u00e3o. Pronto para imprimir!","og_url":"https:\/\/lojasosprofessoratividades.com.br\/en\/product\/cartaz-dia-dos-pais-amor-que-ensina\/","og_site_name":"Loja SOS Professor Atividades","article_publisher":"https:\/\/www.facebook.com\/sosprofessoratividades","article_modified_time":"2026-05-08T18:36:18+00:00","og_image":[{"width":800,"height":693,"url":"https:\/\/lojasosprofessoratividades.com.br\/wp-content\/uploads\/2025\/07\/Cartaz-Dia-dos-Pais-\u2013-Amor-que-Ensina-1.jpg","type":"image\/jpeg"}],"twitter_card":"summary_large_image","twitter_misc":{"Est. reading time":"1 minute"},"schema":{"@context":"https:\/\/schema.org","@graph":[{"@type":"WebPage","@id":"https:\/\/lojasosprofessoratividades.com.br\/produto\/cartaz-dia-dos-pais-amor-que-ensina\/","url":"https:\/\/lojasosprofessoratividades.com.br\/produto\/cartaz-dia-dos-pais-amor-que-ensina\/","name":"Cartaz Dia dos Pais \u2013 Amor que Ensina - Loja SOS Professor Atividades","isPartOf":{"@id":"https:\/\/lojasosprofessoratividades.com.br\/#website"},"primaryImageOfPage":{"@id":"https:\/\/lojasosprofessoratividades.com.br\/produto\/cartaz-dia-dos-pais-amor-que-ensina\/#primaryimage"},"image":{"@id":"https:\/\/lojasosprofessoratividades.com.br\/produto\/cartaz-dia-dos-pais-amor-que-ensina\/#primaryimage"},"thumbnailUrl":"https:\/\/lojasosprofessoratividades.com.br\/wp-content\/uploads\/2025\/07\/Cartaz-Dia-dos-Pais-\u2013-Amor-que-Ensina-1.jpg","datePublished":"2025-07-15T03:16:06+00:00","dateModified":"2026-05-08T18:36:18+00:00","description":"Cartaz para o Dia dos Pais com frase carinhosa e ilustra\u00e7\u00f5es fofas. Tamanho 166x95 cm em folhas A4 para amplia\u00e7\u00e3o. Pronto para imprimir!","breadcrumb":{"@id":"https:\/\/lojasosprofessoratividades.com.br\/produto\/cartaz-dia-dos-pais-amor-que-ensina\/#breadcrumb"},"inLanguage":"en-US","potentialAction":[{"@type":"ReadAction","target":["https:\/\/lojasosprofessoratividades.com.br\/produto\/cartaz-dia-dos-pais-amor-que-ensina\/"]}]},{"@type":"ImageObject","inLanguage":"en-US","@id":"https:\/\/lojasosprofessoratividades.com.br\/produto\/cartaz-dia-dos-pais-amor-que-ensina\/#primaryimage","url":"https:\/\/lojasosprofessoratividades.com.br\/wp-content\/uploads\/2025\/07\/Cartaz-Dia-dos-Pais-\u2013-Amor-que-Ensina-1.jpg","contentUrl":"https:\/\/lojasosprofessoratividades.com.br\/wp-content\/uploads\/2025\/07\/Cartaz-Dia-dos-Pais-\u2013-Amor-que-Ensina-1.jpg","width":800,"height":693,"caption":"Cartaz Dia dos Pais \u2013 Amor que Ensina"},{"@type":"BreadcrumbList","@id":"https:\/\/lojasosprofessoratividades.com.br\/produto\/cartaz-dia-dos-pais-amor-que-ensina\/#breadcrumb","itemListElement":[{"@type":"ListItem","position":1,"name":"In\u00edcio","item":"https:\/\/lojasosprofessoratividades.com.br\/"},{"@type":"ListItem","position":2,"name":"Loja","item":"https:\/\/lojasosprofessoratividades.com.br\/loja\/"},{"@type":"ListItem","position":3,"name":"Cartaz Dia dos Pais \u2013 Amor que Ensina"}]},{"@type":"WebSite","@id":"https:\/\/lojasosprofessoratividades.com.br\/#website","url":"https:\/\/lojasosprofessoratividades.com.br\/","name":"Loja SOS Professor Atividades","description":"Venda de material did\u00e1tico para o ensino fundamental","publisher":{"@id":"https:\/\/lojasosprofessoratividades.com.br\/#organization"},"potentialAction":[{"@type":"SearchAction","target":{"@type":"EntryPoint","urlTemplate":"https:\/\/lojasosprofessoratividades.com.br\/?s={search_term_string}"},"query-input":{"@type":"PropertyValueSpecification","valueRequired":true,"valueName":"search_term_string"}}],"inLanguage":"en-US"},{"@type":"Organization","@id":"https:\/\/lojasosprofessoratividades.com.br\/#organization","name":"Loja SOS Professor Atividades","url":"https:\/\/lojasosprofessoratividades.com.br\/","logo":{"@type":"ImageObject","inLanguage":"en-US","@id":"https:\/\/lojasosprofessoratividades.com.br\/#\/schema\/logo\/image\/","url":"http:\/\/lojasosprofessoratividades.com.br\/wp-content\/uploads\/2022\/04\/Logo.png","contentUrl":"http:\/\/lojasosprofessoratividades.com.br\/wp-content\/uploads\/2022\/04\/Logo.png","width":2000,"height":2000,"caption":"Loja SOS Professor Atividades"},"image":{"@id":"https:\/\/lojasosprofessoratividades.com.br\/#\/schema\/logo\/image\/"},"sameAs":["https:\/\/www.facebook.com\/sosprofessoratividades","https:\/\/www.instagram.com\/sosprofessoratividades\/"]}]}},"_links":{"self":[{"href":"https:\/\/lojasosprofessoratividades.com.br\/en\/wp-json\/wp\/v2\/product\/35527","targetHints":{"allow":["GET"]}}],"collection":[{"href":"https:\/\/lojasosprofessoratividades.com.br\/en\/wp-json\/wp\/v2\/product"}],"about":[{"href":"https:\/\/lojasosprofessoratividades.com.br\/en\/wp-json\/wp\/v2\/types\/product"}],"replies":[{"embeddable":true,"href":"https:\/\/lojasosprofessoratividades.com.br\/en\/wp-json\/wp\/v2\/comments?post=35527"}],"wp:featuredmedia":[{"embeddable":true,"href":"https:\/\/lojasosprofessoratividades.com.br\/en\/wp-json\/wp\/v2\/media\/35529"}],"wp:attachment":[{"href":"https:\/\/lojasosprofessoratividades.com.br\/en\/wp-json\/wp\/v2\/media?parent=35527"}],"wp:term":[{"taxonomy":"product_brand","embeddable":true,"href":"https:\/\/lojasosprofessoratividades.com.br\/en\/wp-json\/wp\/v2\/product_brand?post=35527"},{"taxonomy":"product_cat","embeddable":true,"href":"https:\/\/lojasosprofessoratividades.com.br\/en\/wp-json\/wp\/v2\/product_cat?post=35527"},{"taxonomy":"product_tag","embeddable":true,"href":"https:\/\/lojasosprofessoratividades.com.br\/en\/wp-json\/wp\/v2\/product_tag?post=35527"}],"curies":[{"name":"wp","href":"https:\/\/api.w.org\/{rel}","templated":true}]}}