{"id":35545,"date":"2025-07-17T12:15:52","date_gmt":"2025-07-17T15:15:52","guid":{"rendered":"https:\/\/lojasosprofessoratividades.com.br\/?post_type=product&#038;p=35545"},"modified":"2026-03-24T09:09:44","modified_gmt":"2026-03-24T12:09:44","slug":"cartaz-do-folclore-para-imprimir-e-pintar","status":"publish","type":"product","link":"https:\/\/lojasosprofessoratividades.com.br\/en\/product\/cartaz-do-folclore-para-imprimir-e-pintar\/","title":{"rendered":"Cartaz do Folclore para Imprimir e Pintar"},"content":{"rendered":"","protected":false},"excerpt":{"rendered":"<p data-start=\"838\" data-end=\"1127\">A Semana do Folclore \u00e9 um momento m\u00e1gico e divertido!<\/p>\n<p data-start=\"838\" data-end=\"1127\">Este <strong data-start=\"912\" data-end=\"952\">cartaz gigante para colorir em grupo<\/strong>, com personagens queridos como Saci, Iara, Curupira, Boto, Lobisomem, Cuca e muito mais, \u00e9 perfeito para engajar as crian\u00e7as em uma atividade l\u00fadica e coletiva.<\/p>\n<p data-start=\"1129\" data-end=\"1166\">\ud83d\uddbc\ufe0f <strong data-start=\"1133\" data-end=\"1166\">Tamanhos inclusos no arquivo:<\/strong><\/p>\n<ul data-start=\"1167\" data-end=\"1305\">\n<li data-start=\"1167\" data-end=\"1232\">\n<p data-start=\"1169\" data-end=\"1232\">Grande formato: <strong data-start=\"1185\" data-end=\"1232\">221 cm x 76 cm (32 folhas A4 para montagem)<\/strong><\/p>\n<\/li>\n<li data-start=\"1233\" data-end=\"1305\">\n<p data-start=\"1235\" data-end=\"1305\">Vers\u00e3o em folha \u00fanica: <strong data-start=\"1258\" data-end=\"1305\">Tamanho A4 para amplia\u00e7\u00e3o ou uso individual<\/strong><\/p>\n<\/li>\n<\/ul>\n<p data-start=\"1307\" data-end=\"1321\">\ud83c\udfa8 Ideal para:<\/p>\n<ul data-start=\"1322\" data-end=\"1465\">\n<li data-start=\"1322\" data-end=\"1341\">\n<p data-start=\"1324\" data-end=\"1341\">Projetos em grupo<\/p>\n<\/li>\n<li data-start=\"1342\" data-end=\"1369\">\n<p data-start=\"1344\" data-end=\"1369\">Decora\u00e7\u00e3o de sala de aula<\/p>\n<\/li>\n<li data-start=\"1370\" data-end=\"1423\">\n<p data-start=\"1372\" data-end=\"1423\">Atividades interativas durante a Semana do Folclore<\/p>\n<\/li>\n<li data-start=\"1424\" data-end=\"1465\">\n<p data-start=\"1426\" data-end=\"1465\">Trabalhos de artes e cultura brasileira<\/p>\n<\/li>\n<\/ul>\n<h3>N\u00e3o enviamos por e-mail, a entrega \u00e9 via link para download.\u00a0<img decoding=\"async\" class=\"emoji\" role=\"img\" draggable=\"false\" src=\"https:\/\/s.w.org\/images\/core\/emoji\/16.0.1\/svg\/1f447.svg\" alt=\"\ud83d\udc47\" \/><\/h3>\n<p><img loading=\"lazy\" decoding=\"async\" class=\"alignnone wp-image-35160 size-full\" src=\"https:\/\/lojasosprofessoratividades.com.br\/wp-content\/uploads\/2025\/06\/Aviso-Loja-atual.jpg\" alt=\"\" width=\"446\" height=\"251\" srcset=\"https:\/\/lojasosprofessoratividades.com.br\/wp-content\/uploads\/2025\/06\/Aviso-Loja-atual.jpg 446w, https:\/\/lojasosprofessoratividades.com.br\/wp-content\/uploads\/2025\/06\/Aviso-Loja-atual-300x169.jpg 300w, https:\/\/lojasosprofessoratividades.com.br\/wp-content\/uploads\/2025\/06\/Aviso-Loja-atual-18x10.jpg 18w\" sizes=\"auto, (max-width: 446px) 100vw, 446px\" \/><\/p>","protected":false},"featured_media":35547,"comment_status":"open","ping_status":"closed","template":"","meta":[],"product_brand":[],"product_cat":[122,123,124,125,127,1858,180,187,191,199,135,214,216,218,210,212,126],"product_tag":[2208,2212,2209,2203,2204,2210,2207,2211,2206,2205],"class_list":{"0":"post-35545","1":"product","2":"type-product","3":"status-publish","4":"has-post-thumbnail","6":"product_cat-1o-ano","7":"product_cat-2o-ano","8":"product_cat-3o-ano","9":"product_cat-4o-ano","10":"product_cat-5o-ano","11":"product_cat-arte-2","12":"product_cat-atividades-interativas-2-ano","13":"product_cat-atividades-interativas-3-ano","14":"product_cat-atividades-interativas-4-ano","15":"product_cat-atividades-interativas-5-anos","16":"product_cat-atividades-interativas-1-ano","17":"product_cat-data-comemorativa-3-ano","18":"product_cat-data-comemorativa-4-ano","19":"product_cat-data-comemorativa-5-ano","20":"product_cat-data-comemorativa-1-ano","21":"product_cat-data-comemorativa-2-ano","22":"product_cat-educacao-infantil","23":"product_tag-arquivo-digital-folclore","24":"product_tag-atividade-coletiva-folclore","25":"product_tag-cartaz-educativo-para-imprimir","26":"product_tag-cartaz-folclore-para-colorir","27":"product_tag-cartaz-gigante-folclore","28":"product_tag-folclore-brasileiro-pdf","29":"product_tag-folclore-sala-de-aula","30":"product_tag-mural-folclore-infantil","31":"product_tag-personagens-do-folclore-para-pintar","32":"product_tag-semana-do-folclore-atividade","34":"first","35":"instock","36":"downloadable","37":"sold-individually","38":"shipping-taxable","39":"purchasable","40":"product-type-simple"},"yoast_head":"<!-- This site is optimized with the Yoast SEO plugin v27.5 - https:\/\/yoast.com\/product\/yoast-seo-wordpress\/ -->\n<title>Cartaz do Folclore para Imprimir e Pintar - Loja SOS Professor Atividades<\/title>\n<meta name=\"description\" content=\"Cartaz gigante do folclore para colorir com os alunos! Atividade divertida e coletiva com personagens folcl\u00f3ricos. Arquivo A4 e grande formato.\" \/>\n<meta name=\"robots\" content=\"index, follow, max-snippet:-1, max-image-preview:large, max-video-preview:-1\" \/>\n<link rel=\"canonical\" href=\"https:\/\/lojasosprofessoratividades.com.br\/en\/product\/cartaz-do-folclore-para-imprimir-e-pintar\/\" \/>\n<meta property=\"og:locale\" content=\"en_US\" \/>\n<meta property=\"og:type\" content=\"article\" \/>\n<meta property=\"og:title\" content=\"Cartaz do Folclore para Imprimir e Pintar - Loja SOS Professor Atividades\" \/>\n<meta property=\"og:description\" content=\"Cartaz gigante do folclore para colorir com os alunos! Atividade divertida e coletiva com personagens folcl\u00f3ricos. Arquivo A4 e grande formato.\" \/>\n<meta property=\"og:url\" content=\"https:\/\/lojasosprofessoratividades.com.br\/en\/product\/cartaz-do-folclore-para-imprimir-e-pintar\/\" \/>\n<meta property=\"og:site_name\" content=\"Loja SOS Professor Atividades\" \/>\n<meta property=\"article:publisher\" content=\"https:\/\/www.facebook.com\/sosprofessoratividades\" \/>\n<meta property=\"article:modified_time\" content=\"2026-03-24T12:09:44+00:00\" \/>\n<meta property=\"og:image\" content=\"https:\/\/lojasosprofessoratividades.com.br\/wp-content\/uploads\/2025\/07\/Cartaz-de-Folclore-para-Imprimir-e-Pintar-1.jpg\" \/>\n\t<meta property=\"og:image:width\" content=\"800\" \/>\n\t<meta property=\"og:image:height\" content=\"693\" \/>\n\t<meta property=\"og:image:type\" content=\"image\/jpeg\" \/>\n<meta name=\"twitter:card\" content=\"summary_large_image\" \/>\n<meta name=\"twitter:label1\" content=\"Est. reading time\" \/>\n\t<meta name=\"twitter:data1\" content=\"1 minute\" \/>\n<script type=\"application\/ld+json\" class=\"yoast-schema-graph\">{\"@context\":\"https:\\\/\\\/schema.org\",\"@graph\":[{\"@type\":\"WebPage\",\"@id\":\"https:\\\/\\\/lojasosprofessoratividades.com.br\\\/produto\\\/cartaz-do-folclore-para-imprimir-e-pintar\\\/\",\"url\":\"https:\\\/\\\/lojasosprofessoratividades.com.br\\\/produto\\\/cartaz-do-folclore-para-imprimir-e-pintar\\\/\",\"name\":\"Cartaz do Folclore para Imprimir e Pintar - Loja SOS Professor Atividades\",\"isPartOf\":{\"@id\":\"https:\\\/\\\/lojasosprofessoratividades.com.br\\\/#website\"},\"primaryImageOfPage\":{\"@id\":\"https:\\\/\\\/lojasosprofessoratividades.com.br\\\/produto\\\/cartaz-do-folclore-para-imprimir-e-pintar\\\/#primaryimage\"},\"image\":{\"@id\":\"https:\\\/\\\/lojasosprofessoratividades.com.br\\\/produto\\\/cartaz-do-folclore-para-imprimir-e-pintar\\\/#primaryimage\"},\"thumbnailUrl\":\"https:\\\/\\\/lojasosprofessoratividades.com.br\\\/wp-content\\\/uploads\\\/2025\\\/07\\\/Cartaz-de-Folclore-para-Imprimir-e-Pintar-1.jpg\",\"datePublished\":\"2025-07-17T15:15:52+00:00\",\"dateModified\":\"2026-03-24T12:09:44+00:00\",\"description\":\"Cartaz gigante do folclore para colorir com os alunos! Atividade divertida e coletiva com personagens folcl\u00f3ricos. Arquivo A4 e grande formato.\",\"breadcrumb\":{\"@id\":\"https:\\\/\\\/lojasosprofessoratividades.com.br\\\/produto\\\/cartaz-do-folclore-para-imprimir-e-pintar\\\/#breadcrumb\"},\"inLanguage\":\"en-US\",\"potentialAction\":[{\"@type\":\"ReadAction\",\"target\":[\"https:\\\/\\\/lojasosprofessoratividades.com.br\\\/produto\\\/cartaz-do-folclore-para-imprimir-e-pintar\\\/\"]}]},{\"@type\":\"ImageObject\",\"inLanguage\":\"en-US\",\"@id\":\"https:\\\/\\\/lojasosprofessoratividades.com.br\\\/produto\\\/cartaz-do-folclore-para-imprimir-e-pintar\\\/#primaryimage\",\"url\":\"https:\\\/\\\/lojasosprofessoratividades.com.br\\\/wp-content\\\/uploads\\\/2025\\\/07\\\/Cartaz-de-Folclore-para-Imprimir-e-Pintar-1.jpg\",\"contentUrl\":\"https:\\\/\\\/lojasosprofessoratividades.com.br\\\/wp-content\\\/uploads\\\/2025\\\/07\\\/Cartaz-de-Folclore-para-Imprimir-e-Pintar-1.jpg\",\"width\":800,\"height\":693,\"caption\":\"Cartaz de Folclore para Imprimir e Pintar\"},{\"@type\":\"BreadcrumbList\",\"@id\":\"https:\\\/\\\/lojasosprofessoratividades.com.br\\\/produto\\\/cartaz-do-folclore-para-imprimir-e-pintar\\\/#breadcrumb\",\"itemListElement\":[{\"@type\":\"ListItem\",\"position\":1,\"name\":\"In\u00edcio\",\"item\":\"https:\\\/\\\/lojasosprofessoratividades.com.br\\\/\"},{\"@type\":\"ListItem\",\"position\":2,\"name\":\"Loja\",\"item\":\"https:\\\/\\\/lojasosprofessoratividades.com.br\\\/loja\\\/\"},{\"@type\":\"ListItem\",\"position\":3,\"name\":\"Cartaz do Folclore para Imprimir e Pintar\"}]},{\"@type\":\"WebSite\",\"@id\":\"https:\\\/\\\/lojasosprofessoratividades.com.br\\\/#website\",\"url\":\"https:\\\/\\\/lojasosprofessoratividades.com.br\\\/\",\"name\":\"Loja SOS Professor Atividades\",\"description\":\"Venda de material did\u00e1tico para o ensino fundamental\",\"publisher\":{\"@id\":\"https:\\\/\\\/lojasosprofessoratividades.com.br\\\/#organization\"},\"potentialAction\":[{\"@type\":\"SearchAction\",\"target\":{\"@type\":\"EntryPoint\",\"urlTemplate\":\"https:\\\/\\\/lojasosprofessoratividades.com.br\\\/?s={search_term_string}\"},\"query-input\":{\"@type\":\"PropertyValueSpecification\",\"valueRequired\":true,\"valueName\":\"search_term_string\"}}],\"inLanguage\":\"en-US\"},{\"@type\":\"Organization\",\"@id\":\"https:\\\/\\\/lojasosprofessoratividades.com.br\\\/#organization\",\"name\":\"Loja SOS Professor Atividades\",\"url\":\"https:\\\/\\\/lojasosprofessoratividades.com.br\\\/\",\"logo\":{\"@type\":\"ImageObject\",\"inLanguage\":\"en-US\",\"@id\":\"https:\\\/\\\/lojasosprofessoratividades.com.br\\\/#\\\/schema\\\/logo\\\/image\\\/\",\"url\":\"http:\\\/\\\/lojasosprofessoratividades.com.br\\\/wp-content\\\/uploads\\\/2022\\\/04\\\/Logo.png\",\"contentUrl\":\"http:\\\/\\\/lojasosprofessoratividades.com.br\\\/wp-content\\\/uploads\\\/2022\\\/04\\\/Logo.png\",\"width\":2000,\"height\":2000,\"caption\":\"Loja SOS Professor Atividades\"},\"image\":{\"@id\":\"https:\\\/\\\/lojasosprofessoratividades.com.br\\\/#\\\/schema\\\/logo\\\/image\\\/\"},\"sameAs\":[\"https:\\\/\\\/www.facebook.com\\\/sosprofessoratividades\",\"https:\\\/\\\/www.instagram.com\\\/sosprofessoratividades\\\/\"]}]}<\/script>\n<!-- \/ Yoast SEO plugin. -->","yoast_head_json":{"title":"Cartaz do Folclore para Imprimir e Pintar - Loja SOS Professor Atividades","description":"Cartaz gigante do folclore para colorir com os alunos! Atividade divertida e coletiva com personagens folcl\u00f3ricos. Arquivo A4 e grande formato.","robots":{"index":"index","follow":"follow","max-snippet":"max-snippet:-1","max-image-preview":"max-image-preview:large","max-video-preview":"max-video-preview:-1"},"canonical":"https:\/\/lojasosprofessoratividades.com.br\/en\/product\/cartaz-do-folclore-para-imprimir-e-pintar\/","og_locale":"en_US","og_type":"article","og_title":"Cartaz do Folclore para Imprimir e Pintar - Loja SOS Professor Atividades","og_description":"Cartaz gigante do folclore para colorir com os alunos! Atividade divertida e coletiva com personagens folcl\u00f3ricos. Arquivo A4 e grande formato.","og_url":"https:\/\/lojasosprofessoratividades.com.br\/en\/product\/cartaz-do-folclore-para-imprimir-e-pintar\/","og_site_name":"Loja SOS Professor Atividades","article_publisher":"https:\/\/www.facebook.com\/sosprofessoratividades","article_modified_time":"2026-03-24T12:09:44+00:00","og_image":[{"width":800,"height":693,"url":"https:\/\/lojasosprofessoratividades.com.br\/wp-content\/uploads\/2025\/07\/Cartaz-de-Folclore-para-Imprimir-e-Pintar-1.jpg","type":"image\/jpeg"}],"twitter_card":"summary_large_image","twitter_misc":{"Est. reading time":"1 minute"},"schema":{"@context":"https:\/\/schema.org","@graph":[{"@type":"WebPage","@id":"https:\/\/lojasosprofessoratividades.com.br\/produto\/cartaz-do-folclore-para-imprimir-e-pintar\/","url":"https:\/\/lojasosprofessoratividades.com.br\/produto\/cartaz-do-folclore-para-imprimir-e-pintar\/","name":"Cartaz do Folclore para Imprimir e Pintar - Loja SOS Professor Atividades","isPartOf":{"@id":"https:\/\/lojasosprofessoratividades.com.br\/#website"},"primaryImageOfPage":{"@id":"https:\/\/lojasosprofessoratividades.com.br\/produto\/cartaz-do-folclore-para-imprimir-e-pintar\/#primaryimage"},"image":{"@id":"https:\/\/lojasosprofessoratividades.com.br\/produto\/cartaz-do-folclore-para-imprimir-e-pintar\/#primaryimage"},"thumbnailUrl":"https:\/\/lojasosprofessoratividades.com.br\/wp-content\/uploads\/2025\/07\/Cartaz-de-Folclore-para-Imprimir-e-Pintar-1.jpg","datePublished":"2025-07-17T15:15:52+00:00","dateModified":"2026-03-24T12:09:44+00:00","description":"Cartaz gigante do folclore para colorir com os alunos! Atividade divertida e coletiva com personagens folcl\u00f3ricos. Arquivo A4 e grande formato.","breadcrumb":{"@id":"https:\/\/lojasosprofessoratividades.com.br\/produto\/cartaz-do-folclore-para-imprimir-e-pintar\/#breadcrumb"},"inLanguage":"en-US","potentialAction":[{"@type":"ReadAction","target":["https:\/\/lojasosprofessoratividades.com.br\/produto\/cartaz-do-folclore-para-imprimir-e-pintar\/"]}]},{"@type":"ImageObject","inLanguage":"en-US","@id":"https:\/\/lojasosprofessoratividades.com.br\/produto\/cartaz-do-folclore-para-imprimir-e-pintar\/#primaryimage","url":"https:\/\/lojasosprofessoratividades.com.br\/wp-content\/uploads\/2025\/07\/Cartaz-de-Folclore-para-Imprimir-e-Pintar-1.jpg","contentUrl":"https:\/\/lojasosprofessoratividades.com.br\/wp-content\/uploads\/2025\/07\/Cartaz-de-Folclore-para-Imprimir-e-Pintar-1.jpg","width":800,"height":693,"caption":"Cartaz de Folclore para Imprimir e Pintar"},{"@type":"BreadcrumbList","@id":"https:\/\/lojasosprofessoratividades.com.br\/produto\/cartaz-do-folclore-para-imprimir-e-pintar\/#breadcrumb","itemListElement":[{"@type":"ListItem","position":1,"name":"In\u00edcio","item":"https:\/\/lojasosprofessoratividades.com.br\/"},{"@type":"ListItem","position":2,"name":"Loja","item":"https:\/\/lojasosprofessoratividades.com.br\/loja\/"},{"@type":"ListItem","position":3,"name":"Cartaz do Folclore para Imprimir e Pintar"}]},{"@type":"WebSite","@id":"https:\/\/lojasosprofessoratividades.com.br\/#website","url":"https:\/\/lojasosprofessoratividades.com.br\/","name":"Loja SOS Professor Atividades","description":"Venda de material did\u00e1tico para o ensino fundamental","publisher":{"@id":"https:\/\/lojasosprofessoratividades.com.br\/#organization"},"potentialAction":[{"@type":"SearchAction","target":{"@type":"EntryPoint","urlTemplate":"https:\/\/lojasosprofessoratividades.com.br\/?s={search_term_string}"},"query-input":{"@type":"PropertyValueSpecification","valueRequired":true,"valueName":"search_term_string"}}],"inLanguage":"en-US"},{"@type":"Organization","@id":"https:\/\/lojasosprofessoratividades.com.br\/#organization","name":"Loja SOS Professor Atividades","url":"https:\/\/lojasosprofessoratividades.com.br\/","logo":{"@type":"ImageObject","inLanguage":"en-US","@id":"https:\/\/lojasosprofessoratividades.com.br\/#\/schema\/logo\/image\/","url":"http:\/\/lojasosprofessoratividades.com.br\/wp-content\/uploads\/2022\/04\/Logo.png","contentUrl":"http:\/\/lojasosprofessoratividades.com.br\/wp-content\/uploads\/2022\/04\/Logo.png","width":2000,"height":2000,"caption":"Loja SOS Professor Atividades"},"image":{"@id":"https:\/\/lojasosprofessoratividades.com.br\/#\/schema\/logo\/image\/"},"sameAs":["https:\/\/www.facebook.com\/sosprofessoratividades","https:\/\/www.instagram.com\/sosprofessoratividades\/"]}]}},"_links":{"self":[{"href":"https:\/\/lojasosprofessoratividades.com.br\/en\/wp-json\/wp\/v2\/product\/35545","targetHints":{"allow":["GET"]}}],"collection":[{"href":"https:\/\/lojasosprofessoratividades.com.br\/en\/wp-json\/wp\/v2\/product"}],"about":[{"href":"https:\/\/lojasosprofessoratividades.com.br\/en\/wp-json\/wp\/v2\/types\/product"}],"replies":[{"embeddable":true,"href":"https:\/\/lojasosprofessoratividades.com.br\/en\/wp-json\/wp\/v2\/comments?post=35545"}],"wp:featuredmedia":[{"embeddable":true,"href":"https:\/\/lojasosprofessoratividades.com.br\/en\/wp-json\/wp\/v2\/media\/35547"}],"wp:attachment":[{"href":"https:\/\/lojasosprofessoratividades.com.br\/en\/wp-json\/wp\/v2\/media?parent=35545"}],"wp:term":[{"taxonomy":"product_brand","embeddable":true,"href":"https:\/\/lojasosprofessoratividades.com.br\/en\/wp-json\/wp\/v2\/product_brand?post=35545"},{"taxonomy":"product_cat","embeddable":true,"href":"https:\/\/lojasosprofessoratividades.com.br\/en\/wp-json\/wp\/v2\/product_cat?post=35545"},{"taxonomy":"product_tag","embeddable":true,"href":"https:\/\/lojasosprofessoratividades.com.br\/en\/wp-json\/wp\/v2\/product_tag?post=35545"}],"curies":[{"name":"wp","href":"https:\/\/api.w.org\/{rel}","templated":true}]}}