{"id":35580,"date":"2025-07-23T19:28:59","date_gmt":"2025-07-23T22:28:59","guid":{"rendered":"https:\/\/lojasosprofessoratividades.com.br\/?post_type=product&#038;p=35580"},"modified":"2026-05-08T15:26:49","modified_gmt":"2026-05-08T18:26:49","slug":"cartaz-para-o-dia-dos-avos-para-imprimir","status":"publish","type":"product","link":"https:\/\/lojasosprofessoratividades.com.br\/en\/product\/cartaz-para-o-dia-dos-avos-para-imprimir\/","title":{"rendered":"Cartaz para o Dia dos Av\u00f3s para imprimir"},"content":{"rendered":"","protected":false},"excerpt":{"rendered":"<p data-start=\"465\" data-end=\"510\"><strong data-start=\"465\" data-end=\"510\">Arquivo Digital \u2013 N\u00e3o \u00e9 produto f\u00edsico<\/strong><\/p>\n<p data-start=\"512\" data-end=\"688\">Surpreenda e emocione com este <strong data-start=\"543\" data-end=\"582\">cartaz especial para o Dia dos Av\u00f3s<\/strong>, ideal para murais escolares, homenagens em sala de aula, festas tem\u00e1ticas ou at\u00e9 mesmo para uso em casa!<\/p>\n<p data-start=\"512\" data-end=\"688\"><em><strong>N\u00e3o<\/strong><\/em> edit\u00e1vel<\/p>\n<p data-start=\"690\" data-end=\"988\">\ud83c\udfa8 <strong data-start=\"693\" data-end=\"720\">O que voc\u00ea vai receber:<\/strong><br data-start=\"720\" data-end=\"723\" \/>\u2714 Arquivo em PDF de alta resolu\u00e7\u00e3o<br data-start=\"757\" data-end=\"760\" \/>\u2714 1 cartaz tamanho p\u00f4ster (aproximadamente 110 cm x 76 cm \u2013 formato 4&#215;4)<br data-start=\"832\" data-end=\"835\" \/>\u2714 1 cartaz tamanho A4 (f\u00e1cil de imprimir e ampliar conforme necessidade)<\/p>\n<p data-start=\"690\" data-end=\"988\">\u2728 <strong data-start=\"992\" data-end=\"1007\">Benef\u00edcios:<\/strong><br data-start=\"1007\" data-end=\"1010\" \/>\u2705 Pronto para imprimir<br data-start=\"1032\" data-end=\"1035\" \/>\u2705 Ideal para murais escolares e apresenta\u00e7\u00f5es<br data-start=\"1080\" data-end=\"1083\" \/>\u2705 Design colorido, alegre e envolvente<br data-start=\"1121\" data-end=\"1124\" \/>\u2705 Estimula o v\u00ednculo afetivo e valoriza os av\u00f3s<br data-start=\"1171\" data-end=\"1174\" \/>\u2705 Pode ser impresso em casa<\/p>\n<h3>N\u00e3o enviamos por e-mail, a entrega \u00e9 via link para download.\u00a0<img decoding=\"async\" class=\"emoji\" role=\"img\" draggable=\"false\" src=\"https:\/\/s.w.org\/images\/core\/emoji\/16.0.1\/svg\/1f447.svg\" alt=\"\ud83d\udc47\" \/><\/h3>\n<p><img loading=\"lazy\" decoding=\"async\" class=\"alignnone wp-image-35160 size-full\" src=\"https:\/\/lojasosprofessoratividades.com.br\/wp-content\/uploads\/2025\/06\/Aviso-Loja-atual.jpg\" alt=\"\" width=\"446\" height=\"251\" srcset=\"https:\/\/lojasosprofessoratividades.com.br\/wp-content\/uploads\/2025\/06\/Aviso-Loja-atual.jpg 446w, https:\/\/lojasosprofessoratividades.com.br\/wp-content\/uploads\/2025\/06\/Aviso-Loja-atual-300x169.jpg 300w, https:\/\/lojasosprofessoratividades.com.br\/wp-content\/uploads\/2025\/06\/Aviso-Loja-atual-18x10.jpg 18w\" sizes=\"auto, (max-width: 446px) 100vw, 446px\" \/><\/p>","protected":false},"featured_media":35581,"comment_status":"open","ping_status":"closed","template":"","meta":[],"product_brand":[],"product_cat":[122,123,124,125,127,216,218,210,214,212,220],"product_tag":[2167,536,2214,2216,2213,2217,2215],"class_list":{"0":"post-35580","1":"product","2":"type-product","3":"status-publish","4":"has-post-thumbnail","6":"product_cat-1o-ano","7":"product_cat-2o-ano","8":"product_cat-3o-ano","9":"product_cat-4o-ano","10":"product_cat-5o-ano","11":"product_cat-data-comemorativa-4-ano","12":"product_cat-data-comemorativa-5-ano","13":"product_cat-data-comemorativa-1-ano","14":"product_cat-data-comemorativa-3-ano","15":"product_cat-data-comemorativa-2-ano","16":"product_cat-o-eu-o-outro-o-nos","17":"product_tag-atividade-dia-dos-avos","18":"product_tag-cartaz-dia-dos-avos","19":"product_tag-cartaz-homenagem-avos","20":"product_tag-cartaz-infantil-para-imprimir","21":"product_tag-cartaz-para-mural-escolar","22":"product_tag-dia-dos-avos-arquivo-digital","23":"product_tag-poster-avos-pdf","25":"first","26":"instock","27":"downloadable","28":"virtual","29":"sold-individually","30":"purchasable","31":"product-type-simple"},"yoast_head":"<!-- This site is optimized with the Yoast SEO plugin v27.6 - https:\/\/yoast.com\/product\/yoast-seo-wordpress\/ -->\n<title>Cartaz para o Dia dos Av\u00f3s para imprimir - Loja SOS Professor Atividades<\/title>\n<meta name=\"description\" content=\"Cartaz do Dia dos Av\u00f3s em alta resolu\u00e7\u00e3o. Arquivo digital em p\u00f4ster 4x4 e A4 para imprimir e emocionar nessa data especial. Ideal para escolas!\" \/>\n<meta name=\"robots\" content=\"index, follow, max-snippet:-1, max-image-preview:large, max-video-preview:-1\" \/>\n<link rel=\"canonical\" href=\"https:\/\/lojasosprofessoratividades.com.br\/en\/product\/cartaz-para-o-dia-dos-avos-para-imprimir\/\" \/>\n<meta property=\"og:locale\" content=\"en_US\" \/>\n<meta property=\"og:type\" content=\"article\" \/>\n<meta property=\"og:title\" content=\"Cartaz para o Dia dos Av\u00f3s para imprimir - Loja SOS Professor Atividades\" \/>\n<meta property=\"og:description\" content=\"Cartaz do Dia dos Av\u00f3s em alta resolu\u00e7\u00e3o. Arquivo digital em p\u00f4ster 4x4 e A4 para imprimir e emocionar nessa data especial. Ideal para escolas!\" \/>\n<meta property=\"og:url\" content=\"https:\/\/lojasosprofessoratividades.com.br\/en\/product\/cartaz-para-o-dia-dos-avos-para-imprimir\/\" \/>\n<meta property=\"og:site_name\" content=\"Loja SOS Professor Atividades\" \/>\n<meta property=\"article:publisher\" content=\"https:\/\/www.facebook.com\/sosprofessoratividades\" \/>\n<meta property=\"article:modified_time\" content=\"2026-05-08T18:26:49+00:00\" \/>\n<meta property=\"og:image\" content=\"https:\/\/lojasosprofessoratividades.com.br\/wp-content\/uploads\/2025\/07\/Cartaz-para-o-Dia-dos-Avos-para-imprimir-1.jpg\" \/>\n\t<meta property=\"og:image:width\" content=\"800\" \/>\n\t<meta property=\"og:image:height\" content=\"693\" \/>\n\t<meta property=\"og:image:type\" content=\"image\/jpeg\" \/>\n<meta name=\"twitter:card\" content=\"summary_large_image\" \/>\n<meta name=\"twitter:label1\" content=\"Est. reading time\" \/>\n\t<meta name=\"twitter:data1\" content=\"1 minute\" \/>\n<script type=\"application\/ld+json\" class=\"yoast-schema-graph\">{\"@context\":\"https:\\\/\\\/schema.org\",\"@graph\":[{\"@type\":\"WebPage\",\"@id\":\"https:\\\/\\\/lojasosprofessoratividades.com.br\\\/produto\\\/cartaz-para-o-dia-dos-avos-para-imprimir\\\/\",\"url\":\"https:\\\/\\\/lojasosprofessoratividades.com.br\\\/produto\\\/cartaz-para-o-dia-dos-avos-para-imprimir\\\/\",\"name\":\"Cartaz para o Dia dos Av\u00f3s para imprimir - Loja SOS Professor Atividades\",\"isPartOf\":{\"@id\":\"https:\\\/\\\/lojasosprofessoratividades.com.br\\\/#website\"},\"primaryImageOfPage\":{\"@id\":\"https:\\\/\\\/lojasosprofessoratividades.com.br\\\/produto\\\/cartaz-para-o-dia-dos-avos-para-imprimir\\\/#primaryimage\"},\"image\":{\"@id\":\"https:\\\/\\\/lojasosprofessoratividades.com.br\\\/produto\\\/cartaz-para-o-dia-dos-avos-para-imprimir\\\/#primaryimage\"},\"thumbnailUrl\":\"https:\\\/\\\/lojasosprofessoratividades.com.br\\\/wp-content\\\/uploads\\\/2025\\\/07\\\/Cartaz-para-o-Dia-dos-Avos-para-imprimir-1.jpg\",\"datePublished\":\"2025-07-23T22:28:59+00:00\",\"dateModified\":\"2026-05-08T18:26:49+00:00\",\"description\":\"Cartaz do Dia dos Av\u00f3s em alta resolu\u00e7\u00e3o. Arquivo digital em p\u00f4ster 4x4 e A4 para imprimir e emocionar nessa data especial. Ideal para escolas!\",\"breadcrumb\":{\"@id\":\"https:\\\/\\\/lojasosprofessoratividades.com.br\\\/produto\\\/cartaz-para-o-dia-dos-avos-para-imprimir\\\/#breadcrumb\"},\"inLanguage\":\"en-US\",\"potentialAction\":[{\"@type\":\"ReadAction\",\"target\":[\"https:\\\/\\\/lojasosprofessoratividades.com.br\\\/produto\\\/cartaz-para-o-dia-dos-avos-para-imprimir\\\/\"]}]},{\"@type\":\"ImageObject\",\"inLanguage\":\"en-US\",\"@id\":\"https:\\\/\\\/lojasosprofessoratividades.com.br\\\/produto\\\/cartaz-para-o-dia-dos-avos-para-imprimir\\\/#primaryimage\",\"url\":\"https:\\\/\\\/lojasosprofessoratividades.com.br\\\/wp-content\\\/uploads\\\/2025\\\/07\\\/Cartaz-para-o-Dia-dos-Avos-para-imprimir-1.jpg\",\"contentUrl\":\"https:\\\/\\\/lojasosprofessoratividades.com.br\\\/wp-content\\\/uploads\\\/2025\\\/07\\\/Cartaz-para-o-Dia-dos-Avos-para-imprimir-1.jpg\",\"width\":800,\"height\":693,\"caption\":\"Cartaz para o Dia dos Av\u00f3s para imprimir\"},{\"@type\":\"BreadcrumbList\",\"@id\":\"https:\\\/\\\/lojasosprofessoratividades.com.br\\\/produto\\\/cartaz-para-o-dia-dos-avos-para-imprimir\\\/#breadcrumb\",\"itemListElement\":[{\"@type\":\"ListItem\",\"position\":1,\"name\":\"In\u00edcio\",\"item\":\"https:\\\/\\\/lojasosprofessoratividades.com.br\\\/\"},{\"@type\":\"ListItem\",\"position\":2,\"name\":\"Loja\",\"item\":\"https:\\\/\\\/lojasosprofessoratividades.com.br\\\/loja\\\/\"},{\"@type\":\"ListItem\",\"position\":3,\"name\":\"Cartaz para o Dia dos Av\u00f3s para imprimir\"}]},{\"@type\":\"WebSite\",\"@id\":\"https:\\\/\\\/lojasosprofessoratividades.com.br\\\/#website\",\"url\":\"https:\\\/\\\/lojasosprofessoratividades.com.br\\\/\",\"name\":\"Loja SOS Professor Atividades\",\"description\":\"Venda de material did\u00e1tico para o ensino fundamental\",\"publisher\":{\"@id\":\"https:\\\/\\\/lojasosprofessoratividades.com.br\\\/#organization\"},\"potentialAction\":[{\"@type\":\"SearchAction\",\"target\":{\"@type\":\"EntryPoint\",\"urlTemplate\":\"https:\\\/\\\/lojasosprofessoratividades.com.br\\\/?s={search_term_string}\"},\"query-input\":{\"@type\":\"PropertyValueSpecification\",\"valueRequired\":true,\"valueName\":\"search_term_string\"}}],\"inLanguage\":\"en-US\"},{\"@type\":\"Organization\",\"@id\":\"https:\\\/\\\/lojasosprofessoratividades.com.br\\\/#organization\",\"name\":\"Loja SOS Professor Atividades\",\"url\":\"https:\\\/\\\/lojasosprofessoratividades.com.br\\\/\",\"logo\":{\"@type\":\"ImageObject\",\"inLanguage\":\"en-US\",\"@id\":\"https:\\\/\\\/lojasosprofessoratividades.com.br\\\/#\\\/schema\\\/logo\\\/image\\\/\",\"url\":\"http:\\\/\\\/lojasosprofessoratividades.com.br\\\/wp-content\\\/uploads\\\/2022\\\/04\\\/Logo.png\",\"contentUrl\":\"http:\\\/\\\/lojasosprofessoratividades.com.br\\\/wp-content\\\/uploads\\\/2022\\\/04\\\/Logo.png\",\"width\":2000,\"height\":2000,\"caption\":\"Loja SOS Professor Atividades\"},\"image\":{\"@id\":\"https:\\\/\\\/lojasosprofessoratividades.com.br\\\/#\\\/schema\\\/logo\\\/image\\\/\"},\"sameAs\":[\"https:\\\/\\\/www.facebook.com\\\/sosprofessoratividades\",\"https:\\\/\\\/www.instagram.com\\\/sosprofessoratividades\\\/\"]}]}<\/script>\n<!-- \/ Yoast SEO plugin. -->","yoast_head_json":{"title":"Cartaz para o Dia dos Av\u00f3s para imprimir - Loja SOS Professor Atividades","description":"Cartaz do Dia dos Av\u00f3s em alta resolu\u00e7\u00e3o. Arquivo digital em p\u00f4ster 4x4 e A4 para imprimir e emocionar nessa data especial. Ideal para escolas!","robots":{"index":"index","follow":"follow","max-snippet":"max-snippet:-1","max-image-preview":"max-image-preview:large","max-video-preview":"max-video-preview:-1"},"canonical":"https:\/\/lojasosprofessoratividades.com.br\/en\/product\/cartaz-para-o-dia-dos-avos-para-imprimir\/","og_locale":"en_US","og_type":"article","og_title":"Cartaz para o Dia dos Av\u00f3s para imprimir - Loja SOS Professor Atividades","og_description":"Cartaz do Dia dos Av\u00f3s em alta resolu\u00e7\u00e3o. Arquivo digital em p\u00f4ster 4x4 e A4 para imprimir e emocionar nessa data especial. Ideal para escolas!","og_url":"https:\/\/lojasosprofessoratividades.com.br\/en\/product\/cartaz-para-o-dia-dos-avos-para-imprimir\/","og_site_name":"Loja SOS Professor Atividades","article_publisher":"https:\/\/www.facebook.com\/sosprofessoratividades","article_modified_time":"2026-05-08T18:26:49+00:00","og_image":[{"width":800,"height":693,"url":"https:\/\/lojasosprofessoratividades.com.br\/wp-content\/uploads\/2025\/07\/Cartaz-para-o-Dia-dos-Avos-para-imprimir-1.jpg","type":"image\/jpeg"}],"twitter_card":"summary_large_image","twitter_misc":{"Est. reading time":"1 minute"},"schema":{"@context":"https:\/\/schema.org","@graph":[{"@type":"WebPage","@id":"https:\/\/lojasosprofessoratividades.com.br\/produto\/cartaz-para-o-dia-dos-avos-para-imprimir\/","url":"https:\/\/lojasosprofessoratividades.com.br\/produto\/cartaz-para-o-dia-dos-avos-para-imprimir\/","name":"Cartaz para o Dia dos Av\u00f3s para imprimir - Loja SOS Professor Atividades","isPartOf":{"@id":"https:\/\/lojasosprofessoratividades.com.br\/#website"},"primaryImageOfPage":{"@id":"https:\/\/lojasosprofessoratividades.com.br\/produto\/cartaz-para-o-dia-dos-avos-para-imprimir\/#primaryimage"},"image":{"@id":"https:\/\/lojasosprofessoratividades.com.br\/produto\/cartaz-para-o-dia-dos-avos-para-imprimir\/#primaryimage"},"thumbnailUrl":"https:\/\/lojasosprofessoratividades.com.br\/wp-content\/uploads\/2025\/07\/Cartaz-para-o-Dia-dos-Avos-para-imprimir-1.jpg","datePublished":"2025-07-23T22:28:59+00:00","dateModified":"2026-05-08T18:26:49+00:00","description":"Cartaz do Dia dos Av\u00f3s em alta resolu\u00e7\u00e3o. Arquivo digital em p\u00f4ster 4x4 e A4 para imprimir e emocionar nessa data especial. Ideal para escolas!","breadcrumb":{"@id":"https:\/\/lojasosprofessoratividades.com.br\/produto\/cartaz-para-o-dia-dos-avos-para-imprimir\/#breadcrumb"},"inLanguage":"en-US","potentialAction":[{"@type":"ReadAction","target":["https:\/\/lojasosprofessoratividades.com.br\/produto\/cartaz-para-o-dia-dos-avos-para-imprimir\/"]}]},{"@type":"ImageObject","inLanguage":"en-US","@id":"https:\/\/lojasosprofessoratividades.com.br\/produto\/cartaz-para-o-dia-dos-avos-para-imprimir\/#primaryimage","url":"https:\/\/lojasosprofessoratividades.com.br\/wp-content\/uploads\/2025\/07\/Cartaz-para-o-Dia-dos-Avos-para-imprimir-1.jpg","contentUrl":"https:\/\/lojasosprofessoratividades.com.br\/wp-content\/uploads\/2025\/07\/Cartaz-para-o-Dia-dos-Avos-para-imprimir-1.jpg","width":800,"height":693,"caption":"Cartaz para o Dia dos Av\u00f3s para imprimir"},{"@type":"BreadcrumbList","@id":"https:\/\/lojasosprofessoratividades.com.br\/produto\/cartaz-para-o-dia-dos-avos-para-imprimir\/#breadcrumb","itemListElement":[{"@type":"ListItem","position":1,"name":"In\u00edcio","item":"https:\/\/lojasosprofessoratividades.com.br\/"},{"@type":"ListItem","position":2,"name":"Loja","item":"https:\/\/lojasosprofessoratividades.com.br\/loja\/"},{"@type":"ListItem","position":3,"name":"Cartaz para o Dia dos Av\u00f3s para imprimir"}]},{"@type":"WebSite","@id":"https:\/\/lojasosprofessoratividades.com.br\/#website","url":"https:\/\/lojasosprofessoratividades.com.br\/","name":"Loja SOS Professor Atividades","description":"Venda de material did\u00e1tico para o ensino fundamental","publisher":{"@id":"https:\/\/lojasosprofessoratividades.com.br\/#organization"},"potentialAction":[{"@type":"SearchAction","target":{"@type":"EntryPoint","urlTemplate":"https:\/\/lojasosprofessoratividades.com.br\/?s={search_term_string}"},"query-input":{"@type":"PropertyValueSpecification","valueRequired":true,"valueName":"search_term_string"}}],"inLanguage":"en-US"},{"@type":"Organization","@id":"https:\/\/lojasosprofessoratividades.com.br\/#organization","name":"Loja SOS Professor Atividades","url":"https:\/\/lojasosprofessoratividades.com.br\/","logo":{"@type":"ImageObject","inLanguage":"en-US","@id":"https:\/\/lojasosprofessoratividades.com.br\/#\/schema\/logo\/image\/","url":"http:\/\/lojasosprofessoratividades.com.br\/wp-content\/uploads\/2022\/04\/Logo.png","contentUrl":"http:\/\/lojasosprofessoratividades.com.br\/wp-content\/uploads\/2022\/04\/Logo.png","width":2000,"height":2000,"caption":"Loja SOS Professor Atividades"},"image":{"@id":"https:\/\/lojasosprofessoratividades.com.br\/#\/schema\/logo\/image\/"},"sameAs":["https:\/\/www.facebook.com\/sosprofessoratividades","https:\/\/www.instagram.com\/sosprofessoratividades\/"]}]}},"_links":{"self":[{"href":"https:\/\/lojasosprofessoratividades.com.br\/en\/wp-json\/wp\/v2\/product\/35580","targetHints":{"allow":["GET"]}}],"collection":[{"href":"https:\/\/lojasosprofessoratividades.com.br\/en\/wp-json\/wp\/v2\/product"}],"about":[{"href":"https:\/\/lojasosprofessoratividades.com.br\/en\/wp-json\/wp\/v2\/types\/product"}],"replies":[{"embeddable":true,"href":"https:\/\/lojasosprofessoratividades.com.br\/en\/wp-json\/wp\/v2\/comments?post=35580"}],"wp:featuredmedia":[{"embeddable":true,"href":"https:\/\/lojasosprofessoratividades.com.br\/en\/wp-json\/wp\/v2\/media\/35581"}],"wp:attachment":[{"href":"https:\/\/lojasosprofessoratividades.com.br\/en\/wp-json\/wp\/v2\/media?parent=35580"}],"wp:term":[{"taxonomy":"product_brand","embeddable":true,"href":"https:\/\/lojasosprofessoratividades.com.br\/en\/wp-json\/wp\/v2\/product_brand?post=35580"},{"taxonomy":"product_cat","embeddable":true,"href":"https:\/\/lojasosprofessoratividades.com.br\/en\/wp-json\/wp\/v2\/product_cat?post=35580"},{"taxonomy":"product_tag","embeddable":true,"href":"https:\/\/lojasosprofessoratividades.com.br\/en\/wp-json\/wp\/v2\/product_tag?post=35580"}],"curies":[{"name":"wp","href":"https:\/\/api.w.org\/{rel}","templated":true}]}}