{"id":35627,"date":"2025-07-30T20:05:54","date_gmt":"2025-07-30T23:05:54","guid":{"rendered":"https:\/\/lojasosprofessoratividades.com.br\/?post_type=product&#038;p=35627"},"modified":"2026-05-08T15:26:58","modified_gmt":"2026-05-08T18:26:58","slug":"folclore-2-clipart-para-colorir","status":"publish","type":"product","link":"https:\/\/lojasosprofessoratividades.com.br\/en\/product\/folclore-2-clipart-para-colorir\/","title":{"rendered":"Folclore 2 &#8211; Clipart para colorir"},"content":{"rendered":"","protected":false},"excerpt":{"rendered":"<p data-start=\"330\" data-end=\"656\">D\u00ea vida \u00e0s suas aulas sobre o folclore brasileiro com o <strong>Folclore 2 \u2013 Clipart para colorir<\/strong>!<br data-start=\"413\" data-end=\"416\" \/>Este recurso encantador traz <strong data-start=\"445\" data-end=\"487\">11 personagens folcl\u00f3ricos brasileiros<\/strong> e <strong data-start=\"490\" data-end=\"504\">3 cen\u00e1rios<\/strong> incr\u00edveis em <strong data-start=\"518\" data-end=\"536\">preto e branco<\/strong>, ideais para colorir, montar pain\u00e9is, criar atividades interativas ou personalizar seus pr\u00f3prios materiais pedag\u00f3gicos.<\/p>\n<p data-start=\"658\" data-end=\"807\">Os arquivos v\u00eam em <strong data-start=\"680\" data-end=\"708\">alta resolu\u00e7\u00e3o (300 DPI)<\/strong> e em <strong data-start=\"714\" data-end=\"752\">formato PNG com fundo transparente<\/strong>, perfeitos para imprimir ou usar em recursos digitais.<\/p>\n<h3 data-start=\"814\" data-end=\"856\"><strong data-start=\"820\" data-end=\"854\">O que voc\u00ea encontra neste kit:<\/strong><\/h3>\n<p data-start=\"857\" data-end=\"1127\">\u2714\ufe0f 11 personagens folcl\u00f3ricos (em estilo l\u00fadico e detalhado)<br data-start=\"917\" data-end=\"920\" \/>\u2714\ufe0f 3 backgrounds tem\u00e1ticos<br data-start=\"946\" data-end=\"949\" \/>\u2714\ufe0f Arquivos em <strong data-start=\"964\" data-end=\"982\">preto e branco<\/strong>, ideais para colorir<br data-start=\"1003\" data-end=\"1006\" \/>\u2714\ufe0f Tamanho: 3600 x 3600 px<br data-start=\"1032\" data-end=\"1035\" \/>\u2714\ufe0f Formato: PNG com fundo transparente<br data-start=\"1073\" data-end=\"1076\" \/>\u2714\ufe0f Resolu\u00e7\u00e3o: 300 DPI \u2013 impress\u00e3o de alta qualidade<\/p>\n<p data-start=\"857\" data-end=\"1127\">Ideal para professores, pedagogos, ilustradores ou criadores de conte\u00fado educacional que desejam trabalhar o <strong data-start=\"1243\" data-end=\"1285\">Folclore de forma criativa e divertida<\/strong> com suas turmas do Ensino Fundamental!<\/p>\n<h3>N\u00e3o enviamos por e-mail, a entrega \u00e9 via link para download.\u00a0<img decoding=\"async\" class=\"emoji\" role=\"img\" draggable=\"false\" src=\"https:\/\/s.w.org\/images\/core\/emoji\/16.0.1\/svg\/1f447.svg\" alt=\"\ud83d\udc47\" \/><\/h3>\n<p><img loading=\"lazy\" decoding=\"async\" class=\"alignnone wp-image-35160 size-full\" src=\"https:\/\/lojasosprofessoratividades.com.br\/wp-content\/uploads\/2025\/06\/Aviso-Loja-atual.jpg\" alt=\"\" width=\"446\" height=\"251\" srcset=\"https:\/\/lojasosprofessoratividades.com.br\/wp-content\/uploads\/2025\/06\/Aviso-Loja-atual.jpg 446w, https:\/\/lojasosprofessoratividades.com.br\/wp-content\/uploads\/2025\/06\/Aviso-Loja-atual-300x169.jpg 300w, https:\/\/lojasosprofessoratividades.com.br\/wp-content\/uploads\/2025\/06\/Aviso-Loja-atual-18x10.jpg 18w\" sizes=\"auto, (max-width: 446px) 100vw, 446px\" \/><\/p>","protected":false},"featured_media":35635,"comment_status":"open","ping_status":"closed","template":"","meta":[],"product_brand":[],"product_cat":[122,123,124,125,127,555,126],"product_tag":[2241,1956,2234,2242,2243,1222,246,245,544,2236,2237,2240,2238,548,2239,564,2246],"class_list":{"0":"post-35627","1":"product","2":"type-product","3":"status-publish","4":"has-post-thumbnail","6":"product_cat-1o-ano","7":"product_cat-2o-ano","8":"product_cat-3o-ano","9":"product_cat-4o-ano","10":"product_cat-5o-ano","11":"product_cat-clip-art","12":"product_cat-educacao-infantil","13":"product_tag-artes-visuais","14":"product_tag-atividades-folclore","15":"product_tag-clipart-folclore","16":"product_tag-clipart-para-colorir","17":"product_tag-clipart-stamp","18":"product_tag-educacao-criativa","19":"product_tag-educacao-infantil","20":"product_tag-ensino-fundamental","21":"product_tag-folclore-brasileiro","22":"product_tag-fundo-transparente","23":"product_tag-ilustracao-folclore","24":"product_tag-imprimir-e-colorir","25":"product_tag-material-escolar-digital","26":"product_tag-personagens-folcloricos","27":"product_tag-png-folclore","28":"product_tag-recursos-pedagogicos","29":"product_tag-stamp","31":"first","32":"instock","33":"sale","34":"downloadable","35":"virtual","36":"sold-individually","37":"purchasable","38":"product-type-simple"},"yoast_head":"<!-- This site is optimized with the Yoast SEO plugin v27.6 - https:\/\/yoast.com\/product\/yoast-seo-wordpress\/ -->\n<title>Folclore 2 - Clipart para colorir - Loja SOS Professor Atividades<\/title>\n<meta name=\"description\" content=\"Clipart Folclore 2 com 11 personagens e 3 cen\u00e1rios em preto e branco, PNG em alta resolu\u00e7\u00e3o. Perfeito para atividades escolares criativas e murais.\" \/>\n<meta name=\"robots\" content=\"index, follow, max-snippet:-1, max-image-preview:large, max-video-preview:-1\" \/>\n<link rel=\"canonical\" href=\"https:\/\/lojasosprofessoratividades.com.br\/en\/product\/folclore-2-clipart-para-colorir\/\" \/>\n<meta property=\"og:locale\" content=\"en_US\" \/>\n<meta property=\"og:type\" content=\"article\" \/>\n<meta property=\"og:title\" content=\"Folclore 2 - Clipart para colorir - Loja SOS Professor Atividades\" \/>\n<meta property=\"og:description\" content=\"Clipart Folclore 2 com 11 personagens e 3 cen\u00e1rios em preto e branco, PNG em alta resolu\u00e7\u00e3o. Perfeito para atividades escolares criativas e murais.\" \/>\n<meta property=\"og:url\" content=\"https:\/\/lojasosprofessoratividades.com.br\/en\/product\/folclore-2-clipart-para-colorir\/\" \/>\n<meta property=\"og:site_name\" content=\"Loja SOS Professor Atividades\" \/>\n<meta property=\"article:publisher\" content=\"https:\/\/www.facebook.com\/sosprofessoratividades\" \/>\n<meta property=\"article:modified_time\" content=\"2026-05-08T18:26:58+00:00\" \/>\n<meta property=\"og:image\" content=\"https:\/\/lojasosprofessoratividades.com.br\/wp-content\/uploads\/2025\/07\/Folclore-2-\u2013-Clip-Art-para-colorir.jpg\" \/>\n\t<meta property=\"og:image:width\" content=\"1800\" \/>\n\t<meta property=\"og:image:height\" content=\"1800\" \/>\n\t<meta property=\"og:image:type\" content=\"image\/jpeg\" \/>\n<meta name=\"twitter:card\" content=\"summary_large_image\" \/>\n<meta name=\"twitter:label1\" content=\"Est. reading time\" \/>\n\t<meta name=\"twitter:data1\" content=\"1 minute\" \/>\n<script type=\"application\/ld+json\" class=\"yoast-schema-graph\">{\"@context\":\"https:\\\/\\\/schema.org\",\"@graph\":[{\"@type\":\"WebPage\",\"@id\":\"https:\\\/\\\/lojasosprofessoratividades.com.br\\\/produto\\\/folclore-2-clipart-para-colorir\\\/\",\"url\":\"https:\\\/\\\/lojasosprofessoratividades.com.br\\\/produto\\\/folclore-2-clipart-para-colorir\\\/\",\"name\":\"Folclore 2 - Clipart para colorir - Loja SOS Professor Atividades\",\"isPartOf\":{\"@id\":\"https:\\\/\\\/lojasosprofessoratividades.com.br\\\/#website\"},\"primaryImageOfPage\":{\"@id\":\"https:\\\/\\\/lojasosprofessoratividades.com.br\\\/produto\\\/folclore-2-clipart-para-colorir\\\/#primaryimage\"},\"image\":{\"@id\":\"https:\\\/\\\/lojasosprofessoratividades.com.br\\\/produto\\\/folclore-2-clipart-para-colorir\\\/#primaryimage\"},\"thumbnailUrl\":\"https:\\\/\\\/lojasosprofessoratividades.com.br\\\/wp-content\\\/uploads\\\/2025\\\/07\\\/Folclore-2-\u2013-Clip-Art-para-colorir.jpg\",\"datePublished\":\"2025-07-30T23:05:54+00:00\",\"dateModified\":\"2026-05-08T18:26:58+00:00\",\"description\":\"Clipart Folclore 2 com 11 personagens e 3 cen\u00e1rios em preto e branco, PNG em alta resolu\u00e7\u00e3o. Perfeito para atividades escolares criativas e murais.\",\"breadcrumb\":{\"@id\":\"https:\\\/\\\/lojasosprofessoratividades.com.br\\\/produto\\\/folclore-2-clipart-para-colorir\\\/#breadcrumb\"},\"inLanguage\":\"en-US\",\"potentialAction\":[{\"@type\":\"ReadAction\",\"target\":[\"https:\\\/\\\/lojasosprofessoratividades.com.br\\\/produto\\\/folclore-2-clipart-para-colorir\\\/\"]}]},{\"@type\":\"ImageObject\",\"inLanguage\":\"en-US\",\"@id\":\"https:\\\/\\\/lojasosprofessoratividades.com.br\\\/produto\\\/folclore-2-clipart-para-colorir\\\/#primaryimage\",\"url\":\"https:\\\/\\\/lojasosprofessoratividades.com.br\\\/wp-content\\\/uploads\\\/2025\\\/07\\\/Folclore-2-\u2013-Clip-Art-para-colorir.jpg\",\"contentUrl\":\"https:\\\/\\\/lojasosprofessoratividades.com.br\\\/wp-content\\\/uploads\\\/2025\\\/07\\\/Folclore-2-\u2013-Clip-Art-para-colorir.jpg\",\"width\":1800,\"height\":1800,\"caption\":\"Folclore 2 - Clipart para colorir\"},{\"@type\":\"BreadcrumbList\",\"@id\":\"https:\\\/\\\/lojasosprofessoratividades.com.br\\\/produto\\\/folclore-2-clipart-para-colorir\\\/#breadcrumb\",\"itemListElement\":[{\"@type\":\"ListItem\",\"position\":1,\"name\":\"In\u00edcio\",\"item\":\"https:\\\/\\\/lojasosprofessoratividades.com.br\\\/\"},{\"@type\":\"ListItem\",\"position\":2,\"name\":\"Loja\",\"item\":\"https:\\\/\\\/lojasosprofessoratividades.com.br\\\/loja\\\/\"},{\"@type\":\"ListItem\",\"position\":3,\"name\":\"Folclore 2 &#8211; Clipart para colorir\"}]},{\"@type\":\"WebSite\",\"@id\":\"https:\\\/\\\/lojasosprofessoratividades.com.br\\\/#website\",\"url\":\"https:\\\/\\\/lojasosprofessoratividades.com.br\\\/\",\"name\":\"Loja SOS Professor Atividades\",\"description\":\"Venda de material did\u00e1tico para o ensino fundamental\",\"publisher\":{\"@id\":\"https:\\\/\\\/lojasosprofessoratividades.com.br\\\/#organization\"},\"potentialAction\":[{\"@type\":\"SearchAction\",\"target\":{\"@type\":\"EntryPoint\",\"urlTemplate\":\"https:\\\/\\\/lojasosprofessoratividades.com.br\\\/?s={search_term_string}\"},\"query-input\":{\"@type\":\"PropertyValueSpecification\",\"valueRequired\":true,\"valueName\":\"search_term_string\"}}],\"inLanguage\":\"en-US\"},{\"@type\":\"Organization\",\"@id\":\"https:\\\/\\\/lojasosprofessoratividades.com.br\\\/#organization\",\"name\":\"Loja SOS Professor Atividades\",\"url\":\"https:\\\/\\\/lojasosprofessoratividades.com.br\\\/\",\"logo\":{\"@type\":\"ImageObject\",\"inLanguage\":\"en-US\",\"@id\":\"https:\\\/\\\/lojasosprofessoratividades.com.br\\\/#\\\/schema\\\/logo\\\/image\\\/\",\"url\":\"http:\\\/\\\/lojasosprofessoratividades.com.br\\\/wp-content\\\/uploads\\\/2022\\\/04\\\/Logo.png\",\"contentUrl\":\"http:\\\/\\\/lojasosprofessoratividades.com.br\\\/wp-content\\\/uploads\\\/2022\\\/04\\\/Logo.png\",\"width\":2000,\"height\":2000,\"caption\":\"Loja SOS Professor Atividades\"},\"image\":{\"@id\":\"https:\\\/\\\/lojasosprofessoratividades.com.br\\\/#\\\/schema\\\/logo\\\/image\\\/\"},\"sameAs\":[\"https:\\\/\\\/www.facebook.com\\\/sosprofessoratividades\",\"https:\\\/\\\/www.instagram.com\\\/sosprofessoratividades\\\/\"]}]}<\/script>\n<!-- \/ Yoast SEO plugin. -->","yoast_head_json":{"title":"Folclore 2 - Clipart para colorir - Loja SOS Professor Atividades","description":"Clipart Folclore 2 com 11 personagens e 3 cen\u00e1rios em preto e branco, PNG em alta resolu\u00e7\u00e3o. Perfeito para atividades escolares criativas e murais.","robots":{"index":"index","follow":"follow","max-snippet":"max-snippet:-1","max-image-preview":"max-image-preview:large","max-video-preview":"max-video-preview:-1"},"canonical":"https:\/\/lojasosprofessoratividades.com.br\/en\/product\/folclore-2-clipart-para-colorir\/","og_locale":"en_US","og_type":"article","og_title":"Folclore 2 - Clipart para colorir - Loja SOS Professor Atividades","og_description":"Clipart Folclore 2 com 11 personagens e 3 cen\u00e1rios em preto e branco, PNG em alta resolu\u00e7\u00e3o. Perfeito para atividades escolares criativas e murais.","og_url":"https:\/\/lojasosprofessoratividades.com.br\/en\/product\/folclore-2-clipart-para-colorir\/","og_site_name":"Loja SOS Professor Atividades","article_publisher":"https:\/\/www.facebook.com\/sosprofessoratividades","article_modified_time":"2026-05-08T18:26:58+00:00","og_image":[{"width":1800,"height":1800,"url":"https:\/\/lojasosprofessoratividades.com.br\/wp-content\/uploads\/2025\/07\/Folclore-2-\u2013-Clip-Art-para-colorir.jpg","type":"image\/jpeg"}],"twitter_card":"summary_large_image","twitter_misc":{"Est. reading time":"1 minute"},"schema":{"@context":"https:\/\/schema.org","@graph":[{"@type":"WebPage","@id":"https:\/\/lojasosprofessoratividades.com.br\/produto\/folclore-2-clipart-para-colorir\/","url":"https:\/\/lojasosprofessoratividades.com.br\/produto\/folclore-2-clipart-para-colorir\/","name":"Folclore 2 - Clipart para colorir - Loja SOS Professor Atividades","isPartOf":{"@id":"https:\/\/lojasosprofessoratividades.com.br\/#website"},"primaryImageOfPage":{"@id":"https:\/\/lojasosprofessoratividades.com.br\/produto\/folclore-2-clipart-para-colorir\/#primaryimage"},"image":{"@id":"https:\/\/lojasosprofessoratividades.com.br\/produto\/folclore-2-clipart-para-colorir\/#primaryimage"},"thumbnailUrl":"https:\/\/lojasosprofessoratividades.com.br\/wp-content\/uploads\/2025\/07\/Folclore-2-\u2013-Clip-Art-para-colorir.jpg","datePublished":"2025-07-30T23:05:54+00:00","dateModified":"2026-05-08T18:26:58+00:00","description":"Clipart Folclore 2 com 11 personagens e 3 cen\u00e1rios em preto e branco, PNG em alta resolu\u00e7\u00e3o. Perfeito para atividades escolares criativas e murais.","breadcrumb":{"@id":"https:\/\/lojasosprofessoratividades.com.br\/produto\/folclore-2-clipart-para-colorir\/#breadcrumb"},"inLanguage":"en-US","potentialAction":[{"@type":"ReadAction","target":["https:\/\/lojasosprofessoratividades.com.br\/produto\/folclore-2-clipart-para-colorir\/"]}]},{"@type":"ImageObject","inLanguage":"en-US","@id":"https:\/\/lojasosprofessoratividades.com.br\/produto\/folclore-2-clipart-para-colorir\/#primaryimage","url":"https:\/\/lojasosprofessoratividades.com.br\/wp-content\/uploads\/2025\/07\/Folclore-2-\u2013-Clip-Art-para-colorir.jpg","contentUrl":"https:\/\/lojasosprofessoratividades.com.br\/wp-content\/uploads\/2025\/07\/Folclore-2-\u2013-Clip-Art-para-colorir.jpg","width":1800,"height":1800,"caption":"Folclore 2 - Clipart para colorir"},{"@type":"BreadcrumbList","@id":"https:\/\/lojasosprofessoratividades.com.br\/produto\/folclore-2-clipart-para-colorir\/#breadcrumb","itemListElement":[{"@type":"ListItem","position":1,"name":"In\u00edcio","item":"https:\/\/lojasosprofessoratividades.com.br\/"},{"@type":"ListItem","position":2,"name":"Loja","item":"https:\/\/lojasosprofessoratividades.com.br\/loja\/"},{"@type":"ListItem","position":3,"name":"Folclore 2 &#8211; Clipart para colorir"}]},{"@type":"WebSite","@id":"https:\/\/lojasosprofessoratividades.com.br\/#website","url":"https:\/\/lojasosprofessoratividades.com.br\/","name":"Loja SOS Professor Atividades","description":"Venda de material did\u00e1tico para o ensino fundamental","publisher":{"@id":"https:\/\/lojasosprofessoratividades.com.br\/#organization"},"potentialAction":[{"@type":"SearchAction","target":{"@type":"EntryPoint","urlTemplate":"https:\/\/lojasosprofessoratividades.com.br\/?s={search_term_string}"},"query-input":{"@type":"PropertyValueSpecification","valueRequired":true,"valueName":"search_term_string"}}],"inLanguage":"en-US"},{"@type":"Organization","@id":"https:\/\/lojasosprofessoratividades.com.br\/#organization","name":"Loja SOS Professor Atividades","url":"https:\/\/lojasosprofessoratividades.com.br\/","logo":{"@type":"ImageObject","inLanguage":"en-US","@id":"https:\/\/lojasosprofessoratividades.com.br\/#\/schema\/logo\/image\/","url":"http:\/\/lojasosprofessoratividades.com.br\/wp-content\/uploads\/2022\/04\/Logo.png","contentUrl":"http:\/\/lojasosprofessoratividades.com.br\/wp-content\/uploads\/2022\/04\/Logo.png","width":2000,"height":2000,"caption":"Loja SOS Professor Atividades"},"image":{"@id":"https:\/\/lojasosprofessoratividades.com.br\/#\/schema\/logo\/image\/"},"sameAs":["https:\/\/www.facebook.com\/sosprofessoratividades","https:\/\/www.instagram.com\/sosprofessoratividades\/"]}]}},"_links":{"self":[{"href":"https:\/\/lojasosprofessoratividades.com.br\/en\/wp-json\/wp\/v2\/product\/35627","targetHints":{"allow":["GET"]}}],"collection":[{"href":"https:\/\/lojasosprofessoratividades.com.br\/en\/wp-json\/wp\/v2\/product"}],"about":[{"href":"https:\/\/lojasosprofessoratividades.com.br\/en\/wp-json\/wp\/v2\/types\/product"}],"replies":[{"embeddable":true,"href":"https:\/\/lojasosprofessoratividades.com.br\/en\/wp-json\/wp\/v2\/comments?post=35627"}],"wp:featuredmedia":[{"embeddable":true,"href":"https:\/\/lojasosprofessoratividades.com.br\/en\/wp-json\/wp\/v2\/media\/35635"}],"wp:attachment":[{"href":"https:\/\/lojasosprofessoratividades.com.br\/en\/wp-json\/wp\/v2\/media?parent=35627"}],"wp:term":[{"taxonomy":"product_brand","embeddable":true,"href":"https:\/\/lojasosprofessoratividades.com.br\/en\/wp-json\/wp\/v2\/product_brand?post=35627"},{"taxonomy":"product_cat","embeddable":true,"href":"https:\/\/lojasosprofessoratividades.com.br\/en\/wp-json\/wp\/v2\/product_cat?post=35627"},{"taxonomy":"product_tag","embeddable":true,"href":"https:\/\/lojasosprofessoratividades.com.br\/en\/wp-json\/wp\/v2\/product_tag?post=35627"}],"curies":[{"name":"wp","href":"https:\/\/api.w.org\/{rel}","templated":true}]}}