{"id":35682,"date":"2025-08-03T15:18:58","date_gmt":"2025-08-03T18:18:58","guid":{"rendered":"https:\/\/lojasosprofessoratividades.com.br\/?post_type=product&#038;p=35682"},"modified":"2026-05-08T15:27:25","modified_gmt":"2026-05-08T18:27:25","slug":"kit-folclore-vitoria-regia-com-atividades-e-mural-colaborativo","status":"publish","type":"product","link":"https:\/\/lojasosprofessoratividades.com.br\/en\/product\/kit-folclore-vitoria-regia-com-atividades-e-mural-colaborativo\/","title":{"rendered":"Kit Folclore vit\u00f3ria-r\u00e9gia com atividades e mural colaborativo"},"content":{"rendered":"","protected":false},"excerpt":{"rendered":"<p data-start=\"284\" data-end=\"431\">Transforme sua Semana do Folclore com este <strong data-start=\"327\" data-end=\"354\">kit pedag\u00f3gico completo<\/strong> baseado na <strong data-start=\"366\" data-end=\"392\">lenda da vit\u00f3ria-r\u00e9gia<\/strong>, ideal para turmas do <strong data-start=\"415\" data-end=\"430\">4\u00ba e 5\u00ba ano<\/strong>!<\/p>\n<p data-start=\"433\" data-end=\"559\">O arquivo em PDF cont\u00e9m tudo o que voc\u00ea precisa para desenvolver um trabalho significativo e interdisciplinar em sala de aula:<\/p>\n<p data-start=\"561\" data-end=\"600\"><strong data-start=\"564\" data-end=\"599\">Atividades de L\u00edngua Portuguesa<\/strong>:<\/p>\n<ul data-start=\"601\" data-end=\"777\">\n<li data-start=\"601\" data-end=\"654\">\n<p data-start=\"603\" data-end=\"654\">Leitura e interpreta\u00e7\u00e3o da lenda da vit\u00f3ria-r\u00e9gia<\/p>\n<\/li>\n<li data-start=\"655\" data-end=\"676\">\n<p data-start=\"657\" data-end=\"676\">Uso do dicion\u00e1rio<\/p>\n<\/li>\n<li data-start=\"677\" data-end=\"725\">\n<p data-start=\"679\" data-end=\"725\">Revis\u00e3o gramatical: substantivos e adjetivos<\/p>\n<\/li>\n<li data-start=\"726\" data-end=\"777\">\n<p data-start=\"728\" data-end=\"777\">Reconto da lenda com layout especial para mural<\/p>\n<\/li>\n<\/ul>\n<p data-start=\"779\" data-end=\"812\"><strong data-start=\"781\" data-end=\"809\">Atividades de Matem\u00e1tica<\/strong>:<\/p>\n<ul data-start=\"813\" data-end=\"901\">\n<li data-start=\"813\" data-end=\"901\">\n<p data-start=\"815\" data-end=\"901\">8 situa\u00e7\u00f5es-problema com as 4 opera\u00e7\u00f5es (adi\u00e7\u00e3o, subtra\u00e7\u00e3o, multiplica\u00e7\u00e3o e divis\u00e3o)<\/p>\n<\/li>\n<\/ul>\n<p data-start=\"903\" data-end=\"936\"><strong data-start=\"906\" data-end=\"933\">Material Visual incluso<\/strong>:<\/p>\n<ul data-start=\"937\" data-end=\"1113\">\n<li data-start=\"937\" data-end=\"989\">\n<p data-start=\"939\" data-end=\"989\">Desenho da personagem<\/p>\n<\/li>\n<li data-start=\"990\" data-end=\"1029\">\n<p data-start=\"992\" data-end=\"1029\">Moldes em A4 para ampliar e colorir<\/p>\n<\/li>\n<li data-start=\"1030\" data-end=\"1113\">\n<p data-start=\"1032\" data-end=\"1113\">Imagem ampliada em p\u00f4ster 5&#215;5 (cerca de <strong data-start=\"1072\" data-end=\"1090\">138 cm x 95 cm<\/strong>) para mural coletivo<\/p>\n<\/li>\n<\/ul>\n<p data-start=\"1115\" data-end=\"1305\"><strong data-start=\"1118\" data-end=\"1166\">Gabarito e Plano de Aula<\/strong>:<br data-start=\"1167\" data-end=\"1170\" \/>Tudo pronto para imprimir e aplicar, com sugest\u00f5es de organiza\u00e7\u00e3o did\u00e1tica, integra\u00e7\u00e3o entre conte\u00fados e momento de exposi\u00e7\u00e3o coletiva.<\/p>\n<p data-start=\"1312\" data-end=\"1475\"><strong data-start=\"1314\" data-end=\"1475\">Ideal para enriquecer o trabalho com o folclore brasileiro e desenvolver habilidades de leitura, escrita, oralidade, racioc\u00ednio l\u00f3gico e express\u00e3o art\u00edstica.<\/strong><\/p>\n<p data-start=\"1477\" data-end=\"1565\">Recurso perfeito para deixar sua sala mais viva e envolvente durante o m\u00eas de agosto!<\/p>\n<h3>N\u00e3o enviamos por e-mail, a entrega \u00e9 via link para download.\u00a0<img decoding=\"async\" class=\"emoji\" role=\"img\" draggable=\"false\" src=\"https:\/\/s.w.org\/images\/core\/emoji\/16.0.1\/svg\/1f447.svg\" alt=\"\ud83d\udc47\" \/><\/h3>\n<p>&nbsp;<\/p>\n<p><img loading=\"lazy\" decoding=\"async\" class=\"alignnone wp-image-38009 size-full\" src=\"https:\/\/lojasosprofessoratividades.com.br\/wp-content\/uploads\/2026\/02\/Como-baixar-2.jpg\" alt=\"\" width=\"446\" height=\"251\" srcset=\"https:\/\/lojasosprofessoratividades.com.br\/wp-content\/uploads\/2026\/02\/Como-baixar-2.jpg 446w, https:\/\/lojasosprofessoratividades.com.br\/wp-content\/uploads\/2026\/02\/Como-baixar-2-300x169.jpg 300w, https:\/\/lojasosprofessoratividades.com.br\/wp-content\/uploads\/2026\/02\/Como-baixar-2-18x10.jpg 18w\" sizes=\"auto, (max-width: 446px) 100vw, 446px\" \/><\/p>","protected":false},"featured_media":35686,"comment_status":"open","ping_status":"closed","template":"","meta":[],"product_brand":[],"product_cat":[125,127,199,191,216,218,205,194,195,204,215,217],"product_tag":[253,248,1876,1808,579,1956,245,244,250,2266,2265,550,2267,2226,2121,2227,343,1322,1726],"class_list":{"0":"post-35682","1":"product","2":"type-product","3":"status-publish","4":"has-post-thumbnail","6":"product_cat-4o-ano","7":"product_cat-5o-ano","8":"product_cat-atividades-interativas-5-anos","9":"product_cat-atividades-interativas-4-ano","10":"product_cat-data-comemorativa-4-ano","11":"product_cat-data-comemorativa-5-ano","12":"product_cat-matematica-5-ano","13":"product_cat-matematica-4-ano","14":"product_cat-portugues-4-ano","15":"product_cat-portugues-5-anos","16":"product_cat-recursos-didaticos-4-ano","17":"product_cat-recursos-didaticos-5-ano","18":"product_tag-4o-ano","19":"product_tag-5o-ano","20":"product_tag-adjetivos","21":"product_tag-arquivo-pedagogico","22":"product_tag-atividades-educativas","23":"product_tag-atividades-folclore","24":"product_tag-ensino-fundamental","25":"product_tag-folclore","26":"product_tag-interpretacao-de-texto","27":"product_tag-kit-folclore-pdf","28":"product_tag-lenda-indigena","29":"product_tag-material-didatico","30":"product_tag-mural-colaborativo","31":"product_tag-painel-folclore","32":"product_tag-plano-de-aula-folclore","33":"product_tag-semana-do-folclore","34":"product_tag-situacoes-problema","35":"product_tag-substantivos","36":"product_tag-vitoria-regia","38":"first","39":"instock","40":"sale","41":"downloadable","42":"virtual","43":"sold-individually","44":"purchasable","45":"product-type-simple"},"yoast_head":"<!-- This site is optimized with the Yoast SEO plugin v27.6 - https:\/\/yoast.com\/product\/yoast-seo-wordpress\/ -->\n<title>Kit Folclore vit\u00f3ria-r\u00e9gia com atividades e mural colaborativo - Loja SOS Professor Atividades<\/title>\n<meta name=\"description\" content=\"Kit Folclore Vit\u00f3ria-R\u00e9gia com atividades, mural e plano de aula. Ideal para 4\u00ba e 5\u00ba ano. Inclui interpreta\u00e7\u00e3o, matem\u00e1tica e painel colaborativo.\" \/>\n<meta name=\"robots\" content=\"index, follow, max-snippet:-1, max-image-preview:large, max-video-preview:-1\" \/>\n<link rel=\"canonical\" href=\"https:\/\/lojasosprofessoratividades.com.br\/en\/product\/kit-folclore-vitoria-regia-com-atividades-e-mural-colaborativo\/\" \/>\n<meta property=\"og:locale\" content=\"en_US\" \/>\n<meta property=\"og:type\" content=\"article\" \/>\n<meta property=\"og:title\" content=\"Kit Folclore vit\u00f3ria-r\u00e9gia com atividades e mural colaborativo - Loja SOS Professor Atividades\" \/>\n<meta property=\"og:description\" content=\"Kit Folclore Vit\u00f3ria-R\u00e9gia com atividades, mural e plano de aula. Ideal para 4\u00ba e 5\u00ba ano. Inclui interpreta\u00e7\u00e3o, matem\u00e1tica e painel colaborativo.\" \/>\n<meta property=\"og:url\" content=\"https:\/\/lojasosprofessoratividades.com.br\/en\/product\/kit-folclore-vitoria-regia-com-atividades-e-mural-colaborativo\/\" \/>\n<meta property=\"og:site_name\" content=\"Loja SOS Professor Atividades\" \/>\n<meta property=\"article:publisher\" content=\"https:\/\/www.facebook.com\/sosprofessoratividades\" \/>\n<meta property=\"article:modified_time\" content=\"2026-05-08T18:27:25+00:00\" \/>\n<meta property=\"og:image\" content=\"https:\/\/lojasosprofessoratividades.com.br\/wp-content\/uploads\/2025\/08\/Kit-Folclore-vitoria-regia-com-atividades-e-mural-colaborativo-1.jpg\" \/>\n\t<meta property=\"og:image:width\" content=\"800\" \/>\n\t<meta property=\"og:image:height\" content=\"693\" \/>\n\t<meta property=\"og:image:type\" content=\"image\/jpeg\" \/>\n<meta name=\"twitter:card\" content=\"summary_large_image\" \/>\n<meta name=\"twitter:label1\" content=\"Est. reading time\" \/>\n\t<meta name=\"twitter:data1\" content=\"1 minute\" \/>\n<script type=\"application\/ld+json\" class=\"yoast-schema-graph\">{\"@context\":\"https:\\\/\\\/schema.org\",\"@graph\":[{\"@type\":\"WebPage\",\"@id\":\"https:\\\/\\\/lojasosprofessoratividades.com.br\\\/produto\\\/kit-folclore-vitoria-regia-com-atividades-e-mural-colaborativo\\\/\",\"url\":\"https:\\\/\\\/lojasosprofessoratividades.com.br\\\/produto\\\/kit-folclore-vitoria-regia-com-atividades-e-mural-colaborativo\\\/\",\"name\":\"Kit Folclore vit\u00f3ria-r\u00e9gia com atividades e mural colaborativo - Loja SOS Professor Atividades\",\"isPartOf\":{\"@id\":\"https:\\\/\\\/lojasosprofessoratividades.com.br\\\/#website\"},\"primaryImageOfPage\":{\"@id\":\"https:\\\/\\\/lojasosprofessoratividades.com.br\\\/produto\\\/kit-folclore-vitoria-regia-com-atividades-e-mural-colaborativo\\\/#primaryimage\"},\"image\":{\"@id\":\"https:\\\/\\\/lojasosprofessoratividades.com.br\\\/produto\\\/kit-folclore-vitoria-regia-com-atividades-e-mural-colaborativo\\\/#primaryimage\"},\"thumbnailUrl\":\"https:\\\/\\\/lojasosprofessoratividades.com.br\\\/wp-content\\\/uploads\\\/2025\\\/08\\\/Kit-Folclore-vitoria-regia-com-atividades-e-mural-colaborativo-1.jpg\",\"datePublished\":\"2025-08-03T18:18:58+00:00\",\"dateModified\":\"2026-05-08T18:27:25+00:00\",\"description\":\"Kit Folclore Vit\u00f3ria-R\u00e9gia com atividades, mural e plano de aula. Ideal para 4\u00ba e 5\u00ba ano. Inclui interpreta\u00e7\u00e3o, matem\u00e1tica e painel colaborativo.\",\"breadcrumb\":{\"@id\":\"https:\\\/\\\/lojasosprofessoratividades.com.br\\\/produto\\\/kit-folclore-vitoria-regia-com-atividades-e-mural-colaborativo\\\/#breadcrumb\"},\"inLanguage\":\"en-US\",\"potentialAction\":[{\"@type\":\"ReadAction\",\"target\":[\"https:\\\/\\\/lojasosprofessoratividades.com.br\\\/produto\\\/kit-folclore-vitoria-regia-com-atividades-e-mural-colaborativo\\\/\"]}]},{\"@type\":\"ImageObject\",\"inLanguage\":\"en-US\",\"@id\":\"https:\\\/\\\/lojasosprofessoratividades.com.br\\\/produto\\\/kit-folclore-vitoria-regia-com-atividades-e-mural-colaborativo\\\/#primaryimage\",\"url\":\"https:\\\/\\\/lojasosprofessoratividades.com.br\\\/wp-content\\\/uploads\\\/2025\\\/08\\\/Kit-Folclore-vitoria-regia-com-atividades-e-mural-colaborativo-1.jpg\",\"contentUrl\":\"https:\\\/\\\/lojasosprofessoratividades.com.br\\\/wp-content\\\/uploads\\\/2025\\\/08\\\/Kit-Folclore-vitoria-regia-com-atividades-e-mural-colaborativo-1.jpg\",\"width\":800,\"height\":693,\"caption\":\"Kit Folclore vit\u00f3ria-r\u00e9gia com atividades e mural colaborativo\"},{\"@type\":\"BreadcrumbList\",\"@id\":\"https:\\\/\\\/lojasosprofessoratividades.com.br\\\/produto\\\/kit-folclore-vitoria-regia-com-atividades-e-mural-colaborativo\\\/#breadcrumb\",\"itemListElement\":[{\"@type\":\"ListItem\",\"position\":1,\"name\":\"In\u00edcio\",\"item\":\"https:\\\/\\\/lojasosprofessoratividades.com.br\\\/\"},{\"@type\":\"ListItem\",\"position\":2,\"name\":\"Loja\",\"item\":\"https:\\\/\\\/lojasosprofessoratividades.com.br\\\/loja\\\/\"},{\"@type\":\"ListItem\",\"position\":3,\"name\":\"Kit Folclore vit\u00f3ria-r\u00e9gia com atividades e mural colaborativo\"}]},{\"@type\":\"WebSite\",\"@id\":\"https:\\\/\\\/lojasosprofessoratividades.com.br\\\/#website\",\"url\":\"https:\\\/\\\/lojasosprofessoratividades.com.br\\\/\",\"name\":\"Loja SOS Professor Atividades\",\"description\":\"Venda de material did\u00e1tico para o ensino fundamental\",\"publisher\":{\"@id\":\"https:\\\/\\\/lojasosprofessoratividades.com.br\\\/#organization\"},\"potentialAction\":[{\"@type\":\"SearchAction\",\"target\":{\"@type\":\"EntryPoint\",\"urlTemplate\":\"https:\\\/\\\/lojasosprofessoratividades.com.br\\\/?s={search_term_string}\"},\"query-input\":{\"@type\":\"PropertyValueSpecification\",\"valueRequired\":true,\"valueName\":\"search_term_string\"}}],\"inLanguage\":\"en-US\"},{\"@type\":\"Organization\",\"@id\":\"https:\\\/\\\/lojasosprofessoratividades.com.br\\\/#organization\",\"name\":\"Loja SOS Professor Atividades\",\"url\":\"https:\\\/\\\/lojasosprofessoratividades.com.br\\\/\",\"logo\":{\"@type\":\"ImageObject\",\"inLanguage\":\"en-US\",\"@id\":\"https:\\\/\\\/lojasosprofessoratividades.com.br\\\/#\\\/schema\\\/logo\\\/image\\\/\",\"url\":\"http:\\\/\\\/lojasosprofessoratividades.com.br\\\/wp-content\\\/uploads\\\/2022\\\/04\\\/Logo.png\",\"contentUrl\":\"http:\\\/\\\/lojasosprofessoratividades.com.br\\\/wp-content\\\/uploads\\\/2022\\\/04\\\/Logo.png\",\"width\":2000,\"height\":2000,\"caption\":\"Loja SOS Professor Atividades\"},\"image\":{\"@id\":\"https:\\\/\\\/lojasosprofessoratividades.com.br\\\/#\\\/schema\\\/logo\\\/image\\\/\"},\"sameAs\":[\"https:\\\/\\\/www.facebook.com\\\/sosprofessoratividades\",\"https:\\\/\\\/www.instagram.com\\\/sosprofessoratividades\\\/\"]}]}<\/script>\n<!-- \/ Yoast SEO plugin. -->","yoast_head_json":{"title":"Kit Folclore vit\u00f3ria-r\u00e9gia com atividades e mural colaborativo - Loja SOS Professor Atividades","description":"Kit Folclore Vit\u00f3ria-R\u00e9gia com atividades, mural e plano de aula. Ideal para 4\u00ba e 5\u00ba ano. Inclui interpreta\u00e7\u00e3o, matem\u00e1tica e painel colaborativo.","robots":{"index":"index","follow":"follow","max-snippet":"max-snippet:-1","max-image-preview":"max-image-preview:large","max-video-preview":"max-video-preview:-1"},"canonical":"https:\/\/lojasosprofessoratividades.com.br\/en\/product\/kit-folclore-vitoria-regia-com-atividades-e-mural-colaborativo\/","og_locale":"en_US","og_type":"article","og_title":"Kit Folclore vit\u00f3ria-r\u00e9gia com atividades e mural colaborativo - Loja SOS Professor Atividades","og_description":"Kit Folclore Vit\u00f3ria-R\u00e9gia com atividades, mural e plano de aula. Ideal para 4\u00ba e 5\u00ba ano. Inclui interpreta\u00e7\u00e3o, matem\u00e1tica e painel colaborativo.","og_url":"https:\/\/lojasosprofessoratividades.com.br\/en\/product\/kit-folclore-vitoria-regia-com-atividades-e-mural-colaborativo\/","og_site_name":"Loja SOS Professor Atividades","article_publisher":"https:\/\/www.facebook.com\/sosprofessoratividades","article_modified_time":"2026-05-08T18:27:25+00:00","og_image":[{"width":800,"height":693,"url":"https:\/\/lojasosprofessoratividades.com.br\/wp-content\/uploads\/2025\/08\/Kit-Folclore-vitoria-regia-com-atividades-e-mural-colaborativo-1.jpg","type":"image\/jpeg"}],"twitter_card":"summary_large_image","twitter_misc":{"Est. reading time":"1 minute"},"schema":{"@context":"https:\/\/schema.org","@graph":[{"@type":"WebPage","@id":"https:\/\/lojasosprofessoratividades.com.br\/produto\/kit-folclore-vitoria-regia-com-atividades-e-mural-colaborativo\/","url":"https:\/\/lojasosprofessoratividades.com.br\/produto\/kit-folclore-vitoria-regia-com-atividades-e-mural-colaborativo\/","name":"Kit Folclore vit\u00f3ria-r\u00e9gia com atividades e mural colaborativo - Loja SOS Professor Atividades","isPartOf":{"@id":"https:\/\/lojasosprofessoratividades.com.br\/#website"},"primaryImageOfPage":{"@id":"https:\/\/lojasosprofessoratividades.com.br\/produto\/kit-folclore-vitoria-regia-com-atividades-e-mural-colaborativo\/#primaryimage"},"image":{"@id":"https:\/\/lojasosprofessoratividades.com.br\/produto\/kit-folclore-vitoria-regia-com-atividades-e-mural-colaborativo\/#primaryimage"},"thumbnailUrl":"https:\/\/lojasosprofessoratividades.com.br\/wp-content\/uploads\/2025\/08\/Kit-Folclore-vitoria-regia-com-atividades-e-mural-colaborativo-1.jpg","datePublished":"2025-08-03T18:18:58+00:00","dateModified":"2026-05-08T18:27:25+00:00","description":"Kit Folclore Vit\u00f3ria-R\u00e9gia com atividades, mural e plano de aula. Ideal para 4\u00ba e 5\u00ba ano. Inclui interpreta\u00e7\u00e3o, matem\u00e1tica e painel colaborativo.","breadcrumb":{"@id":"https:\/\/lojasosprofessoratividades.com.br\/produto\/kit-folclore-vitoria-regia-com-atividades-e-mural-colaborativo\/#breadcrumb"},"inLanguage":"en-US","potentialAction":[{"@type":"ReadAction","target":["https:\/\/lojasosprofessoratividades.com.br\/produto\/kit-folclore-vitoria-regia-com-atividades-e-mural-colaborativo\/"]}]},{"@type":"ImageObject","inLanguage":"en-US","@id":"https:\/\/lojasosprofessoratividades.com.br\/produto\/kit-folclore-vitoria-regia-com-atividades-e-mural-colaborativo\/#primaryimage","url":"https:\/\/lojasosprofessoratividades.com.br\/wp-content\/uploads\/2025\/08\/Kit-Folclore-vitoria-regia-com-atividades-e-mural-colaborativo-1.jpg","contentUrl":"https:\/\/lojasosprofessoratividades.com.br\/wp-content\/uploads\/2025\/08\/Kit-Folclore-vitoria-regia-com-atividades-e-mural-colaborativo-1.jpg","width":800,"height":693,"caption":"Kit Folclore vit\u00f3ria-r\u00e9gia com atividades e mural colaborativo"},{"@type":"BreadcrumbList","@id":"https:\/\/lojasosprofessoratividades.com.br\/produto\/kit-folclore-vitoria-regia-com-atividades-e-mural-colaborativo\/#breadcrumb","itemListElement":[{"@type":"ListItem","position":1,"name":"In\u00edcio","item":"https:\/\/lojasosprofessoratividades.com.br\/"},{"@type":"ListItem","position":2,"name":"Loja","item":"https:\/\/lojasosprofessoratividades.com.br\/loja\/"},{"@type":"ListItem","position":3,"name":"Kit Folclore vit\u00f3ria-r\u00e9gia com atividades e mural colaborativo"}]},{"@type":"WebSite","@id":"https:\/\/lojasosprofessoratividades.com.br\/#website","url":"https:\/\/lojasosprofessoratividades.com.br\/","name":"Loja SOS Professor Atividades","description":"Venda de material did\u00e1tico para o ensino fundamental","publisher":{"@id":"https:\/\/lojasosprofessoratividades.com.br\/#organization"},"potentialAction":[{"@type":"SearchAction","target":{"@type":"EntryPoint","urlTemplate":"https:\/\/lojasosprofessoratividades.com.br\/?s={search_term_string}"},"query-input":{"@type":"PropertyValueSpecification","valueRequired":true,"valueName":"search_term_string"}}],"inLanguage":"en-US"},{"@type":"Organization","@id":"https:\/\/lojasosprofessoratividades.com.br\/#organization","name":"Loja SOS Professor Atividades","url":"https:\/\/lojasosprofessoratividades.com.br\/","logo":{"@type":"ImageObject","inLanguage":"en-US","@id":"https:\/\/lojasosprofessoratividades.com.br\/#\/schema\/logo\/image\/","url":"http:\/\/lojasosprofessoratividades.com.br\/wp-content\/uploads\/2022\/04\/Logo.png","contentUrl":"http:\/\/lojasosprofessoratividades.com.br\/wp-content\/uploads\/2022\/04\/Logo.png","width":2000,"height":2000,"caption":"Loja SOS Professor Atividades"},"image":{"@id":"https:\/\/lojasosprofessoratividades.com.br\/#\/schema\/logo\/image\/"},"sameAs":["https:\/\/www.facebook.com\/sosprofessoratividades","https:\/\/www.instagram.com\/sosprofessoratividades\/"]}]}},"_links":{"self":[{"href":"https:\/\/lojasosprofessoratividades.com.br\/en\/wp-json\/wp\/v2\/product\/35682","targetHints":{"allow":["GET"]}}],"collection":[{"href":"https:\/\/lojasosprofessoratividades.com.br\/en\/wp-json\/wp\/v2\/product"}],"about":[{"href":"https:\/\/lojasosprofessoratividades.com.br\/en\/wp-json\/wp\/v2\/types\/product"}],"replies":[{"embeddable":true,"href":"https:\/\/lojasosprofessoratividades.com.br\/en\/wp-json\/wp\/v2\/comments?post=35682"}],"wp:featuredmedia":[{"embeddable":true,"href":"https:\/\/lojasosprofessoratividades.com.br\/en\/wp-json\/wp\/v2\/media\/35686"}],"wp:attachment":[{"href":"https:\/\/lojasosprofessoratividades.com.br\/en\/wp-json\/wp\/v2\/media?parent=35682"}],"wp:term":[{"taxonomy":"product_brand","embeddable":true,"href":"https:\/\/lojasosprofessoratividades.com.br\/en\/wp-json\/wp\/v2\/product_brand?post=35682"},{"taxonomy":"product_cat","embeddable":true,"href":"https:\/\/lojasosprofessoratividades.com.br\/en\/wp-json\/wp\/v2\/product_cat?post=35682"},{"taxonomy":"product_tag","embeddable":true,"href":"https:\/\/lojasosprofessoratividades.com.br\/en\/wp-json\/wp\/v2\/product_tag?post=35682"}],"curies":[{"name":"wp","href":"https:\/\/api.w.org\/{rel}","templated":true}]}}