{"id":35694,"date":"2025-08-03T22:08:23","date_gmt":"2025-08-04T01:08:23","guid":{"rendered":"https:\/\/lojasosprofessoratividades.com.br\/?post_type=product&#038;p=35694"},"modified":"2026-05-08T15:27:37","modified_gmt":"2026-05-08T18:27:37","slug":"caca-palavras-folclore-na-versao-coletiva-e-individual","status":"publish","type":"product","link":"https:\/\/lojasosprofessoratividades.com.br\/en\/product\/caca-palavras-folclore-na-versao-coletiva-e-individual\/","title":{"rendered":"Ca\u00e7a-palavras Folclore na vers\u00e3o coletiva e individual"},"content":{"rendered":"","protected":false},"excerpt":{"rendered":"<p data-start=\"392\" data-end=\"663\">Que tal trabalhar o <strong data-start=\"415\" data-end=\"438\">folclore brasileiro<\/strong> com a turma de forma divertida, colaborativa e significativa?<br data-start=\"500\" data-end=\"503\" \/>Este arquivo foi pensado para turmas do <strong data-start=\"543\" data-end=\"558\">4\u00ba e 5\u00ba ano<\/strong>, com o objetivo de explorar o vocabul\u00e1rio do folclore enquanto desenvolve leitura, aten\u00e7\u00e3o e coopera\u00e7\u00e3o.<\/p>\n<p data-start=\"665\" data-end=\"954\"><strong data-start=\"668\" data-end=\"707\">O que voc\u00ea vai encontrar neste kit?<\/strong><br \/>\nCa\u00e7a-palavras em vers\u00e3o individual (A4);<br data-start=\"750\" data-end=\"753\" \/>P\u00f4ster coletivo ampliado no formato 3&#215;3 (ideal para mural da sala);<br data-start=\"822\" data-end=\"825\" \/>Orienta\u00e7\u00f5es detalhadas de uso para facilitar seu planejamento;<br data-start=\"889\" data-end=\"892\" \/>Gabarito com todas as palavras destacadas no texto de apoio.<\/p>\n<p data-start=\"956\" data-end=\"1089\">A atividade estimula a leitura, a interpreta\u00e7\u00e3o e ainda promove momentos de troca entre os alunos \u2014 seja em duplas ou em grupos!<\/p>\n<p data-start=\"1091\" data-end=\"1299\">\u00a0Ideal para:<br data-start=\"1105\" data-end=\"1108\" \/>\u2022 Encerrar uma sequ\u00eancia did\u00e1tica sobre o folclore;<br data-start=\"1159\" data-end=\"1162\" \/>\u2022 Trabalhar em rodas de leitura;<br data-start=\"1194\" data-end=\"1197\" \/>\u2022 Fixar palavras-chave de forma divertida;<br data-start=\"1239\" data-end=\"1242\" \/>\u2022 Decorar a sala com um painel tem\u00e1tico feito pela turma.<\/p>\n<h3>N\u00e3o enviamos por e-mail, a entrega \u00e9 via link para download.\u00a0<img decoding=\"async\" class=\"emoji\" role=\"img\" draggable=\"false\" src=\"https:\/\/s.w.org\/images\/core\/emoji\/16.0.1\/svg\/1f447.svg\" alt=\"\ud83d\udc47\" \/><\/h3>\n<p><img loading=\"lazy\" decoding=\"async\" class=\"alignnone wp-image-35160 size-full\" src=\"https:\/\/lojasosprofessoratividades.com.br\/wp-content\/uploads\/2025\/06\/Aviso-Loja-atual.jpg\" alt=\"\" width=\"446\" height=\"251\" srcset=\"https:\/\/lojasosprofessoratividades.com.br\/wp-content\/uploads\/2025\/06\/Aviso-Loja-atual.jpg 446w, https:\/\/lojasosprofessoratividades.com.br\/wp-content\/uploads\/2025\/06\/Aviso-Loja-atual-300x169.jpg 300w, https:\/\/lojasosprofessoratividades.com.br\/wp-content\/uploads\/2025\/06\/Aviso-Loja-atual-18x10.jpg 18w\" sizes=\"auto, (max-width: 446px) 100vw, 446px\" \/><\/p>","protected":false},"featured_media":35696,"comment_status":"open","ping_status":"closed","template":"","meta":[],"product_brand":[],"product_cat":[125,127,218,216,217,215],"product_tag":[2275,2268,2272,279,2269,2270,2274,2276,1962,493,544,2273,2271,2226],"class_list":{"0":"post-35694","1":"product","2":"type-product","3":"status-publish","4":"has-post-thumbnail","6":"product_cat-4o-ano","7":"product_cat-5o-ano","8":"product_cat-data-comemorativa-5-ano","9":"product_cat-data-comemorativa-4-ano","10":"product_cat-recursos-didaticos-5-ano","11":"product_cat-recursos-didaticos-4-ano","12":"product_tag-alfabetizacao-e-letramento","13":"product_tag-atividade-folclore","14":"product_tag-atividade-pedagogica-folclore","15":"product_tag-atividades-interativas","16":"product_tag-caca-palavras-4o-ano","17":"product_tag-caca-palavras-5o-ano","18":"product_tag-caca-palavras-ampliado","19":"product_tag-caca-palavras-divertido","20":"product_tag-caca-palavras-folclore","21":"product_tag-ensino-fundamental-1","22":"product_tag-folclore-brasileiro","23":"product_tag-folclore-educacao-infantil","24":"product_tag-mural-coletivo","25":"product_tag-painel-folclore","27":"first","28":"instock","29":"downloadable","30":"virtual","31":"sold-individually","32":"purchasable","33":"product-type-simple"},"yoast_head":"<!-- This site is optimized with the Yoast SEO plugin v27.5 - https:\/\/yoast.com\/product\/yoast-seo-wordpress\/ -->\n<title>Ca\u00e7a-palavras Folclore na vers\u00e3o coletiva e individual - Loja SOS Professor Atividades<\/title>\n<meta name=\"description\" content=\"Atividade de ca\u00e7a-palavras sobre o folclore com vers\u00e3o A4 e p\u00f4ster 3x3. Acompanha gabarito e orienta\u00e7\u00f5es. Ideal para turmas do 4\u00ba e 5\u00ba ano.\" \/>\n<meta name=\"robots\" content=\"index, follow, max-snippet:-1, max-image-preview:large, max-video-preview:-1\" \/>\n<link rel=\"canonical\" href=\"https:\/\/lojasosprofessoratividades.com.br\/en\/product\/caca-palavras-folclore-na-versao-coletiva-e-individual\/\" \/>\n<meta property=\"og:locale\" content=\"en_US\" \/>\n<meta property=\"og:type\" content=\"article\" \/>\n<meta property=\"og:title\" content=\"Ca\u00e7a-palavras Folclore na vers\u00e3o coletiva e individual - Loja SOS Professor Atividades\" \/>\n<meta property=\"og:description\" content=\"Atividade de ca\u00e7a-palavras sobre o folclore com vers\u00e3o A4 e p\u00f4ster 3x3. Acompanha gabarito e orienta\u00e7\u00f5es. Ideal para turmas do 4\u00ba e 5\u00ba ano.\" \/>\n<meta property=\"og:url\" content=\"https:\/\/lojasosprofessoratividades.com.br\/en\/product\/caca-palavras-folclore-na-versao-coletiva-e-individual\/\" \/>\n<meta property=\"og:site_name\" content=\"Loja SOS Professor Atividades\" \/>\n<meta property=\"article:publisher\" content=\"https:\/\/www.facebook.com\/sosprofessoratividades\" \/>\n<meta property=\"article:modified_time\" content=\"2026-05-08T18:27:37+00:00\" \/>\n<meta property=\"og:image\" content=\"https:\/\/lojasosprofessoratividades.com.br\/wp-content\/uploads\/2025\/08\/Caca-palavras-Folclore-na-versao-coletiva-e-individual-1.jpg\" \/>\n\t<meta property=\"og:image:width\" content=\"800\" \/>\n\t<meta property=\"og:image:height\" content=\"693\" \/>\n\t<meta property=\"og:image:type\" content=\"image\/jpeg\" \/>\n<meta name=\"twitter:card\" content=\"summary_large_image\" \/>\n<meta name=\"twitter:label1\" content=\"Est. reading time\" \/>\n\t<meta name=\"twitter:data1\" content=\"1 minute\" \/>\n<script type=\"application\/ld+json\" class=\"yoast-schema-graph\">{\"@context\":\"https:\\\/\\\/schema.org\",\"@graph\":[{\"@type\":\"WebPage\",\"@id\":\"https:\\\/\\\/lojasosprofessoratividades.com.br\\\/produto\\\/caca-palavras-folclore-na-versao-coletiva-e-individual\\\/\",\"url\":\"https:\\\/\\\/lojasosprofessoratividades.com.br\\\/produto\\\/caca-palavras-folclore-na-versao-coletiva-e-individual\\\/\",\"name\":\"Ca\u00e7a-palavras Folclore na vers\u00e3o coletiva e individual - Loja SOS Professor Atividades\",\"isPartOf\":{\"@id\":\"https:\\\/\\\/lojasosprofessoratividades.com.br\\\/#website\"},\"primaryImageOfPage\":{\"@id\":\"https:\\\/\\\/lojasosprofessoratividades.com.br\\\/produto\\\/caca-palavras-folclore-na-versao-coletiva-e-individual\\\/#primaryimage\"},\"image\":{\"@id\":\"https:\\\/\\\/lojasosprofessoratividades.com.br\\\/produto\\\/caca-palavras-folclore-na-versao-coletiva-e-individual\\\/#primaryimage\"},\"thumbnailUrl\":\"https:\\\/\\\/lojasosprofessoratividades.com.br\\\/wp-content\\\/uploads\\\/2025\\\/08\\\/Caca-palavras-Folclore-na-versao-coletiva-e-individual-1.jpg\",\"datePublished\":\"2025-08-04T01:08:23+00:00\",\"dateModified\":\"2026-05-08T18:27:37+00:00\",\"description\":\"Atividade de ca\u00e7a-palavras sobre o folclore com vers\u00e3o A4 e p\u00f4ster 3x3. Acompanha gabarito e orienta\u00e7\u00f5es. Ideal para turmas do 4\u00ba e 5\u00ba ano.\",\"breadcrumb\":{\"@id\":\"https:\\\/\\\/lojasosprofessoratividades.com.br\\\/produto\\\/caca-palavras-folclore-na-versao-coletiva-e-individual\\\/#breadcrumb\"},\"inLanguage\":\"en-US\",\"potentialAction\":[{\"@type\":\"ReadAction\",\"target\":[\"https:\\\/\\\/lojasosprofessoratividades.com.br\\\/produto\\\/caca-palavras-folclore-na-versao-coletiva-e-individual\\\/\"]}]},{\"@type\":\"ImageObject\",\"inLanguage\":\"en-US\",\"@id\":\"https:\\\/\\\/lojasosprofessoratividades.com.br\\\/produto\\\/caca-palavras-folclore-na-versao-coletiva-e-individual\\\/#primaryimage\",\"url\":\"https:\\\/\\\/lojasosprofessoratividades.com.br\\\/wp-content\\\/uploads\\\/2025\\\/08\\\/Caca-palavras-Folclore-na-versao-coletiva-e-individual-1.jpg\",\"contentUrl\":\"https:\\\/\\\/lojasosprofessoratividades.com.br\\\/wp-content\\\/uploads\\\/2025\\\/08\\\/Caca-palavras-Folclore-na-versao-coletiva-e-individual-1.jpg\",\"width\":800,\"height\":693,\"caption\":\"Ca\u00e7a-palavras Folclore na vers\u00e3o coletiva e individual\"},{\"@type\":\"BreadcrumbList\",\"@id\":\"https:\\\/\\\/lojasosprofessoratividades.com.br\\\/produto\\\/caca-palavras-folclore-na-versao-coletiva-e-individual\\\/#breadcrumb\",\"itemListElement\":[{\"@type\":\"ListItem\",\"position\":1,\"name\":\"In\u00edcio\",\"item\":\"https:\\\/\\\/lojasosprofessoratividades.com.br\\\/\"},{\"@type\":\"ListItem\",\"position\":2,\"name\":\"Loja\",\"item\":\"https:\\\/\\\/lojasosprofessoratividades.com.br\\\/loja\\\/\"},{\"@type\":\"ListItem\",\"position\":3,\"name\":\"Ca\u00e7a-palavras Folclore na vers\u00e3o coletiva e individual\"}]},{\"@type\":\"WebSite\",\"@id\":\"https:\\\/\\\/lojasosprofessoratividades.com.br\\\/#website\",\"url\":\"https:\\\/\\\/lojasosprofessoratividades.com.br\\\/\",\"name\":\"Loja SOS Professor Atividades\",\"description\":\"Venda de material did\u00e1tico para o ensino fundamental\",\"publisher\":{\"@id\":\"https:\\\/\\\/lojasosprofessoratividades.com.br\\\/#organization\"},\"potentialAction\":[{\"@type\":\"SearchAction\",\"target\":{\"@type\":\"EntryPoint\",\"urlTemplate\":\"https:\\\/\\\/lojasosprofessoratividades.com.br\\\/?s={search_term_string}\"},\"query-input\":{\"@type\":\"PropertyValueSpecification\",\"valueRequired\":true,\"valueName\":\"search_term_string\"}}],\"inLanguage\":\"en-US\"},{\"@type\":\"Organization\",\"@id\":\"https:\\\/\\\/lojasosprofessoratividades.com.br\\\/#organization\",\"name\":\"Loja SOS Professor Atividades\",\"url\":\"https:\\\/\\\/lojasosprofessoratividades.com.br\\\/\",\"logo\":{\"@type\":\"ImageObject\",\"inLanguage\":\"en-US\",\"@id\":\"https:\\\/\\\/lojasosprofessoratividades.com.br\\\/#\\\/schema\\\/logo\\\/image\\\/\",\"url\":\"http:\\\/\\\/lojasosprofessoratividades.com.br\\\/wp-content\\\/uploads\\\/2022\\\/04\\\/Logo.png\",\"contentUrl\":\"http:\\\/\\\/lojasosprofessoratividades.com.br\\\/wp-content\\\/uploads\\\/2022\\\/04\\\/Logo.png\",\"width\":2000,\"height\":2000,\"caption\":\"Loja SOS Professor Atividades\"},\"image\":{\"@id\":\"https:\\\/\\\/lojasosprofessoratividades.com.br\\\/#\\\/schema\\\/logo\\\/image\\\/\"},\"sameAs\":[\"https:\\\/\\\/www.facebook.com\\\/sosprofessoratividades\",\"https:\\\/\\\/www.instagram.com\\\/sosprofessoratividades\\\/\"]}]}<\/script>\n<!-- \/ Yoast SEO plugin. -->","yoast_head_json":{"title":"Ca\u00e7a-palavras Folclore na vers\u00e3o coletiva e individual - Loja SOS Professor Atividades","description":"Atividade de ca\u00e7a-palavras sobre o folclore com vers\u00e3o A4 e p\u00f4ster 3x3. Acompanha gabarito e orienta\u00e7\u00f5es. Ideal para turmas do 4\u00ba e 5\u00ba ano.","robots":{"index":"index","follow":"follow","max-snippet":"max-snippet:-1","max-image-preview":"max-image-preview:large","max-video-preview":"max-video-preview:-1"},"canonical":"https:\/\/lojasosprofessoratividades.com.br\/en\/product\/caca-palavras-folclore-na-versao-coletiva-e-individual\/","og_locale":"en_US","og_type":"article","og_title":"Ca\u00e7a-palavras Folclore na vers\u00e3o coletiva e individual - Loja SOS Professor Atividades","og_description":"Atividade de ca\u00e7a-palavras sobre o folclore com vers\u00e3o A4 e p\u00f4ster 3x3. Acompanha gabarito e orienta\u00e7\u00f5es. Ideal para turmas do 4\u00ba e 5\u00ba ano.","og_url":"https:\/\/lojasosprofessoratividades.com.br\/en\/product\/caca-palavras-folclore-na-versao-coletiva-e-individual\/","og_site_name":"Loja SOS Professor Atividades","article_publisher":"https:\/\/www.facebook.com\/sosprofessoratividades","article_modified_time":"2026-05-08T18:27:37+00:00","og_image":[{"width":800,"height":693,"url":"https:\/\/lojasosprofessoratividades.com.br\/wp-content\/uploads\/2025\/08\/Caca-palavras-Folclore-na-versao-coletiva-e-individual-1.jpg","type":"image\/jpeg"}],"twitter_card":"summary_large_image","twitter_misc":{"Est. reading time":"1 minute"},"schema":{"@context":"https:\/\/schema.org","@graph":[{"@type":"WebPage","@id":"https:\/\/lojasosprofessoratividades.com.br\/produto\/caca-palavras-folclore-na-versao-coletiva-e-individual\/","url":"https:\/\/lojasosprofessoratividades.com.br\/produto\/caca-palavras-folclore-na-versao-coletiva-e-individual\/","name":"Ca\u00e7a-palavras Folclore na vers\u00e3o coletiva e individual - Loja SOS Professor Atividades","isPartOf":{"@id":"https:\/\/lojasosprofessoratividades.com.br\/#website"},"primaryImageOfPage":{"@id":"https:\/\/lojasosprofessoratividades.com.br\/produto\/caca-palavras-folclore-na-versao-coletiva-e-individual\/#primaryimage"},"image":{"@id":"https:\/\/lojasosprofessoratividades.com.br\/produto\/caca-palavras-folclore-na-versao-coletiva-e-individual\/#primaryimage"},"thumbnailUrl":"https:\/\/lojasosprofessoratividades.com.br\/wp-content\/uploads\/2025\/08\/Caca-palavras-Folclore-na-versao-coletiva-e-individual-1.jpg","datePublished":"2025-08-04T01:08:23+00:00","dateModified":"2026-05-08T18:27:37+00:00","description":"Atividade de ca\u00e7a-palavras sobre o folclore com vers\u00e3o A4 e p\u00f4ster 3x3. Acompanha gabarito e orienta\u00e7\u00f5es. Ideal para turmas do 4\u00ba e 5\u00ba ano.","breadcrumb":{"@id":"https:\/\/lojasosprofessoratividades.com.br\/produto\/caca-palavras-folclore-na-versao-coletiva-e-individual\/#breadcrumb"},"inLanguage":"en-US","potentialAction":[{"@type":"ReadAction","target":["https:\/\/lojasosprofessoratividades.com.br\/produto\/caca-palavras-folclore-na-versao-coletiva-e-individual\/"]}]},{"@type":"ImageObject","inLanguage":"en-US","@id":"https:\/\/lojasosprofessoratividades.com.br\/produto\/caca-palavras-folclore-na-versao-coletiva-e-individual\/#primaryimage","url":"https:\/\/lojasosprofessoratividades.com.br\/wp-content\/uploads\/2025\/08\/Caca-palavras-Folclore-na-versao-coletiva-e-individual-1.jpg","contentUrl":"https:\/\/lojasosprofessoratividades.com.br\/wp-content\/uploads\/2025\/08\/Caca-palavras-Folclore-na-versao-coletiva-e-individual-1.jpg","width":800,"height":693,"caption":"Ca\u00e7a-palavras Folclore na vers\u00e3o coletiva e individual"},{"@type":"BreadcrumbList","@id":"https:\/\/lojasosprofessoratividades.com.br\/produto\/caca-palavras-folclore-na-versao-coletiva-e-individual\/#breadcrumb","itemListElement":[{"@type":"ListItem","position":1,"name":"In\u00edcio","item":"https:\/\/lojasosprofessoratividades.com.br\/"},{"@type":"ListItem","position":2,"name":"Loja","item":"https:\/\/lojasosprofessoratividades.com.br\/loja\/"},{"@type":"ListItem","position":3,"name":"Ca\u00e7a-palavras Folclore na vers\u00e3o coletiva e individual"}]},{"@type":"WebSite","@id":"https:\/\/lojasosprofessoratividades.com.br\/#website","url":"https:\/\/lojasosprofessoratividades.com.br\/","name":"Loja SOS Professor Atividades","description":"Venda de material did\u00e1tico para o ensino fundamental","publisher":{"@id":"https:\/\/lojasosprofessoratividades.com.br\/#organization"},"potentialAction":[{"@type":"SearchAction","target":{"@type":"EntryPoint","urlTemplate":"https:\/\/lojasosprofessoratividades.com.br\/?s={search_term_string}"},"query-input":{"@type":"PropertyValueSpecification","valueRequired":true,"valueName":"search_term_string"}}],"inLanguage":"en-US"},{"@type":"Organization","@id":"https:\/\/lojasosprofessoratividades.com.br\/#organization","name":"Loja SOS Professor Atividades","url":"https:\/\/lojasosprofessoratividades.com.br\/","logo":{"@type":"ImageObject","inLanguage":"en-US","@id":"https:\/\/lojasosprofessoratividades.com.br\/#\/schema\/logo\/image\/","url":"http:\/\/lojasosprofessoratividades.com.br\/wp-content\/uploads\/2022\/04\/Logo.png","contentUrl":"http:\/\/lojasosprofessoratividades.com.br\/wp-content\/uploads\/2022\/04\/Logo.png","width":2000,"height":2000,"caption":"Loja SOS Professor Atividades"},"image":{"@id":"https:\/\/lojasosprofessoratividades.com.br\/#\/schema\/logo\/image\/"},"sameAs":["https:\/\/www.facebook.com\/sosprofessoratividades","https:\/\/www.instagram.com\/sosprofessoratividades\/"]}]}},"_links":{"self":[{"href":"https:\/\/lojasosprofessoratividades.com.br\/en\/wp-json\/wp\/v2\/product\/35694","targetHints":{"allow":["GET"]}}],"collection":[{"href":"https:\/\/lojasosprofessoratividades.com.br\/en\/wp-json\/wp\/v2\/product"}],"about":[{"href":"https:\/\/lojasosprofessoratividades.com.br\/en\/wp-json\/wp\/v2\/types\/product"}],"replies":[{"embeddable":true,"href":"https:\/\/lojasosprofessoratividades.com.br\/en\/wp-json\/wp\/v2\/comments?post=35694"}],"wp:featuredmedia":[{"embeddable":true,"href":"https:\/\/lojasosprofessoratividades.com.br\/en\/wp-json\/wp\/v2\/media\/35696"}],"wp:attachment":[{"href":"https:\/\/lojasosprofessoratividades.com.br\/en\/wp-json\/wp\/v2\/media?parent=35694"}],"wp:term":[{"taxonomy":"product_brand","embeddable":true,"href":"https:\/\/lojasosprofessoratividades.com.br\/en\/wp-json\/wp\/v2\/product_brand?post=35694"},{"taxonomy":"product_cat","embeddable":true,"href":"https:\/\/lojasosprofessoratividades.com.br\/en\/wp-json\/wp\/v2\/product_cat?post=35694"},{"taxonomy":"product_tag","embeddable":true,"href":"https:\/\/lojasosprofessoratividades.com.br\/en\/wp-json\/wp\/v2\/product_tag?post=35694"}],"curies":[{"name":"wp","href":"https:\/\/api.w.org\/{rel}","templated":true}]}}