{"id":35953,"date":"2025-08-21T14:32:43","date_gmt":"2025-08-21T17:32:43","guid":{"rendered":"https:\/\/lojasosprofessoratividades.com.br\/?post_type=product&#038;p=35953"},"modified":"2026-05-08T15:28:27","modified_gmt":"2026-05-08T18:28:27","slug":"as-carrancas-e-o-rio-sao-francisco","status":"publish","type":"product","link":"https:\/\/lojasosprofessoratividades.com.br\/en\/product\/as-carrancas-e-o-rio-sao-francisco\/","title":{"rendered":"As carrancas e o Rio S\u00e3o Francisco"},"content":{"rendered":"","protected":false},"excerpt":{"rendered":"<p data-start=\"215\" data-end=\"453\">Leve para sua sala de aula um material completo e envolvente sobre a cultura popular (as carrancas) e a import\u00e2ncia do Rio S\u00e3o Francisco. Este arquivo traz atividades interdisciplinares que unem leitura, interpreta\u00e7\u00e3o, produ\u00e7\u00e3o textual, arte e m\u00fasica!<\/p>\n<p data-start=\"455\" data-end=\"495\"><strong data-start=\"457\" data-end=\"493\">O que voc\u00ea encontra no material:<\/strong><\/p>\n<ul data-start=\"496\" data-end=\"1046\">\n<li data-start=\"496\" data-end=\"657\">\n<p data-start=\"498\" data-end=\"657\">Textos narrativos com interpreta\u00e7\u00e3o: <em data-start=\"535\" data-end=\"570\">As Carrancas do Rio S\u00e3o Francisco<\/em>, <em data-start=\"572\" data-end=\"598\">O Mist\u00e9rio das Carrancas<\/em>, <em data-start=\"600\" data-end=\"621\">O Rio S\u00e3o Francisco<\/em> (com mapa), <em data-start=\"635\" data-end=\"654\">Ana das Carrancas e a m\u00fasica Boato Ribeirinho<\/em>.<\/p>\n<\/li>\n<li data-start=\"658\" data-end=\"709\">\n<p data-start=\"660\" data-end=\"709\">Produ\u00e7\u00e3o textual: <strong data-start=\"678\" data-end=\"706\">\u201cMinha pr\u00f3pria carranca\u201d<\/strong>.<\/p>\n<\/li>\n<li data-start=\"710\" data-end=\"928\">\n<p data-start=\"712\" data-end=\"928\">Atividades art\u00edsticas:<br data-start=\"734\" data-end=\"737\" \/><em data-start=\"742\" data-end=\"775\">Vamos cantar &#8220;Boato Ribeirinho&#8221;<\/em> (com QR Code para ouvir a m\u00fasica).<br data-start=\"810\" data-end=\"813\" \/>Pintura da carranca (5 sugest\u00f5es de t\u00e9cnicas).<br data-start=\"864\" data-end=\"867\" \/>Confec\u00e7\u00e3o de carranca com rolinho de papel higi\u00eanico.<\/p>\n<\/li>\n<li data-start=\"929\" data-end=\"968\">\n<p data-start=\"931\" data-end=\"968\">Quadro com resumo de plano de aula organizado em etapas.<\/p>\n<\/li>\n<li data-start=\"969\" data-end=\"997\">\n<p data-start=\"971\" data-end=\"997\">Gabarito das atividades.<\/p>\n<\/li>\n<li data-start=\"969\" data-end=\"997\">Cartaz ampliado em 9 folhas A4 e no tamanho A4 para amplia\u00e7\u00e3o.<\/li>\n<li data-start=\"998\" data-end=\"1046\">\n<p data-start=\"1000\" data-end=\"1046\">Material de apoio para uso em sala.<\/p>\n<\/li>\n<\/ul>\n<p><em><strong>N\u00e3o<\/strong><\/em> edit\u00e1vel.<\/p>\n<p data-start=\"1048\" data-end=\"1246\">Indicado para turmas do <strong data-start=\"1078\" data-end=\"1115\">4\u00ba e 5\u00ba ano do Ensino Fundamental<\/strong>, o arquivo \u00e9 uma excelente oportunidade para trabalhar cultura, meio ambiente e arte de forma integrada, l\u00fadica e significativa.<\/p>\n<p data-start=\"1248\" data-end=\"1335\"><strong data-start=\"1251\" data-end=\"1333\">Um recurso pronto para otimizar sua pr\u00e1tica pedag\u00f3gica e encantar seus alunos!<\/strong><\/p>\n<h3>N\u00e3o enviamos por e-mail, a entrega \u00e9 via link para download.\u00a0<img decoding=\"async\" class=\"emoji\" role=\"img\" draggable=\"false\" src=\"https:\/\/s.w.org\/images\/core\/emoji\/16.0.1\/svg\/1f447.svg\" alt=\"\ud83d\udc47\" \/><\/h3>\n<p><img loading=\"lazy\" decoding=\"async\" class=\"alignnone wp-image-35707 size-full\" src=\"https:\/\/lojasosprofessoratividades.com.br\/wp-content\/uploads\/2023\/09\/Aviso-Loja-atual.jpg\" alt=\"\" width=\"446\" height=\"251\" srcset=\"https:\/\/lojasosprofessoratividades.com.br\/wp-content\/uploads\/2023\/09\/Aviso-Loja-atual.jpg 446w, https:\/\/lojasosprofessoratividades.com.br\/wp-content\/uploads\/2023\/09\/Aviso-Loja-atual-300x169.jpg 300w, https:\/\/lojasosprofessoratividades.com.br\/wp-content\/uploads\/2023\/09\/Aviso-Loja-atual-18x10.jpg 18w\" sizes=\"auto, (max-width: 446px) 100vw, 446px\" \/><\/p>","protected":false},"featured_media":35954,"comment_status":"open","ping_status":"closed","template":"","meta":[],"product_brand":[],"product_cat":[125,127,1858,196,206,193,208,204,195,215,217],"product_tag":[253,248,2574,1226,2241,1691,546,2575,1730,250,398,2573],"class_list":{"0":"post-35953","1":"product","2":"type-product","3":"status-publish","4":"has-post-thumbnail","6":"product_cat-4o-ano","7":"product_cat-5o-ano","8":"product_cat-arte-2","9":"product_cat-ciencias-4-ano","10":"product_cat-ciencias-5-ano","11":"product_cat-geografia-4-ano","12":"product_cat-geografia-5-ano","13":"product_cat-portugues-5-anos","14":"product_cat-portugues-4-ano","15":"product_cat-recursos-didaticos-4-ano","16":"product_cat-recursos-didaticos-5-ano","17":"product_tag-4o-ano","18":"product_tag-5o-ano","19":"product_tag-ana-das-carrancas","20":"product_tag-arte-e-musica","21":"product_tag-artes-visuais","22":"product_tag-atividades-de-artes","23":"product_tag-atividades-pedagogicas","24":"product_tag-carrancas-do-rio","25":"product_tag-cultura-popular","26":"product_tag-interpretacao-de-texto","27":"product_tag-plano-de-aula","28":"product_tag-rio-sao-francisco","30":"first","31":"instock","32":"sale","33":"downloadable","34":"virtual","35":"sold-individually","36":"purchasable","37":"product-type-simple"},"yoast_head":"<!-- This site is optimized with the Yoast SEO plugin v27.6 - https:\/\/yoast.com\/product\/yoast-seo-wordpress\/ -->\n<title>As carrancas e o Rio S\u00e3o Francisco - Loja SOS Professor Atividades<\/title>\n<meta name=\"description\" content=\"Atividades sobre as Carrancas e o Rio S\u00e3o Francisco para 4\u00ba e 5\u00ba ano: textos, artes, m\u00fasica, produ\u00e7\u00e3o textual, cartaz e plano de aula completo e gabarito.\" \/>\n<meta name=\"robots\" content=\"index, follow, max-snippet:-1, max-image-preview:large, max-video-preview:-1\" \/>\n<link rel=\"canonical\" href=\"https:\/\/lojasosprofessoratividades.com.br\/en\/product\/as-carrancas-e-o-rio-sao-francisco\/\" \/>\n<meta property=\"og:locale\" content=\"en_US\" \/>\n<meta property=\"og:type\" content=\"article\" \/>\n<meta property=\"og:title\" content=\"As carrancas e o Rio S\u00e3o Francisco - Loja SOS Professor Atividades\" \/>\n<meta property=\"og:description\" content=\"Atividades sobre as Carrancas e o Rio S\u00e3o Francisco para 4\u00ba e 5\u00ba ano: textos, artes, m\u00fasica, produ\u00e7\u00e3o textual, cartaz e plano de aula completo e gabarito.\" \/>\n<meta property=\"og:url\" content=\"https:\/\/lojasosprofessoratividades.com.br\/en\/product\/as-carrancas-e-o-rio-sao-francisco\/\" \/>\n<meta property=\"og:site_name\" content=\"Loja SOS Professor Atividades\" \/>\n<meta property=\"article:publisher\" content=\"https:\/\/www.facebook.com\/sosprofessoratividades\" \/>\n<meta property=\"article:modified_time\" content=\"2026-05-08T18:28:27+00:00\" \/>\n<meta property=\"og:image\" content=\"https:\/\/lojasosprofessoratividades.com.br\/wp-content\/uploads\/2025\/08\/As-carrancas-e-o-Rio-Sao-Francisco-1.jpg\" \/>\n\t<meta property=\"og:image:width\" content=\"800\" \/>\n\t<meta property=\"og:image:height\" content=\"693\" \/>\n\t<meta property=\"og:image:type\" content=\"image\/jpeg\" \/>\n<meta name=\"twitter:card\" content=\"summary_large_image\" \/>\n<meta name=\"twitter:label1\" content=\"Est. reading time\" \/>\n\t<meta name=\"twitter:data1\" content=\"1 minute\" \/>\n<script type=\"application\/ld+json\" class=\"yoast-schema-graph\">{\"@context\":\"https:\\\/\\\/schema.org\",\"@graph\":[{\"@type\":\"WebPage\",\"@id\":\"https:\\\/\\\/lojasosprofessoratividades.com.br\\\/produto\\\/as-carrancas-e-o-rio-sao-francisco\\\/\",\"url\":\"https:\\\/\\\/lojasosprofessoratividades.com.br\\\/produto\\\/as-carrancas-e-o-rio-sao-francisco\\\/\",\"name\":\"As carrancas e o Rio S\u00e3o Francisco - Loja SOS Professor Atividades\",\"isPartOf\":{\"@id\":\"https:\\\/\\\/lojasosprofessoratividades.com.br\\\/#website\"},\"primaryImageOfPage\":{\"@id\":\"https:\\\/\\\/lojasosprofessoratividades.com.br\\\/produto\\\/as-carrancas-e-o-rio-sao-francisco\\\/#primaryimage\"},\"image\":{\"@id\":\"https:\\\/\\\/lojasosprofessoratividades.com.br\\\/produto\\\/as-carrancas-e-o-rio-sao-francisco\\\/#primaryimage\"},\"thumbnailUrl\":\"https:\\\/\\\/lojasosprofessoratividades.com.br\\\/wp-content\\\/uploads\\\/2025\\\/08\\\/As-carrancas-e-o-Rio-Sao-Francisco-1.jpg\",\"datePublished\":\"2025-08-21T17:32:43+00:00\",\"dateModified\":\"2026-05-08T18:28:27+00:00\",\"description\":\"Atividades sobre as Carrancas e o Rio S\u00e3o Francisco para 4\u00ba e 5\u00ba ano: textos, artes, m\u00fasica, produ\u00e7\u00e3o textual, cartaz e plano de aula completo e gabarito.\",\"breadcrumb\":{\"@id\":\"https:\\\/\\\/lojasosprofessoratividades.com.br\\\/produto\\\/as-carrancas-e-o-rio-sao-francisco\\\/#breadcrumb\"},\"inLanguage\":\"en-US\",\"potentialAction\":[{\"@type\":\"ReadAction\",\"target\":[\"https:\\\/\\\/lojasosprofessoratividades.com.br\\\/produto\\\/as-carrancas-e-o-rio-sao-francisco\\\/\"]}]},{\"@type\":\"ImageObject\",\"inLanguage\":\"en-US\",\"@id\":\"https:\\\/\\\/lojasosprofessoratividades.com.br\\\/produto\\\/as-carrancas-e-o-rio-sao-francisco\\\/#primaryimage\",\"url\":\"https:\\\/\\\/lojasosprofessoratividades.com.br\\\/wp-content\\\/uploads\\\/2025\\\/08\\\/As-carrancas-e-o-Rio-Sao-Francisco-1.jpg\",\"contentUrl\":\"https:\\\/\\\/lojasosprofessoratividades.com.br\\\/wp-content\\\/uploads\\\/2025\\\/08\\\/As-carrancas-e-o-Rio-Sao-Francisco-1.jpg\",\"width\":800,\"height\":693,\"caption\":\"As carrancas e o Rio S\u00e3o Francisco\"},{\"@type\":\"BreadcrumbList\",\"@id\":\"https:\\\/\\\/lojasosprofessoratividades.com.br\\\/produto\\\/as-carrancas-e-o-rio-sao-francisco\\\/#breadcrumb\",\"itemListElement\":[{\"@type\":\"ListItem\",\"position\":1,\"name\":\"In\u00edcio\",\"item\":\"https:\\\/\\\/lojasosprofessoratividades.com.br\\\/\"},{\"@type\":\"ListItem\",\"position\":2,\"name\":\"Loja\",\"item\":\"https:\\\/\\\/lojasosprofessoratividades.com.br\\\/loja\\\/\"},{\"@type\":\"ListItem\",\"position\":3,\"name\":\"As carrancas e o Rio S\u00e3o Francisco\"}]},{\"@type\":\"WebSite\",\"@id\":\"https:\\\/\\\/lojasosprofessoratividades.com.br\\\/#website\",\"url\":\"https:\\\/\\\/lojasosprofessoratividades.com.br\\\/\",\"name\":\"Loja SOS Professor Atividades\",\"description\":\"Venda de material did\u00e1tico para o ensino fundamental\",\"publisher\":{\"@id\":\"https:\\\/\\\/lojasosprofessoratividades.com.br\\\/#organization\"},\"potentialAction\":[{\"@type\":\"SearchAction\",\"target\":{\"@type\":\"EntryPoint\",\"urlTemplate\":\"https:\\\/\\\/lojasosprofessoratividades.com.br\\\/?s={search_term_string}\"},\"query-input\":{\"@type\":\"PropertyValueSpecification\",\"valueRequired\":true,\"valueName\":\"search_term_string\"}}],\"inLanguage\":\"en-US\"},{\"@type\":\"Organization\",\"@id\":\"https:\\\/\\\/lojasosprofessoratividades.com.br\\\/#organization\",\"name\":\"Loja SOS Professor Atividades\",\"url\":\"https:\\\/\\\/lojasosprofessoratividades.com.br\\\/\",\"logo\":{\"@type\":\"ImageObject\",\"inLanguage\":\"en-US\",\"@id\":\"https:\\\/\\\/lojasosprofessoratividades.com.br\\\/#\\\/schema\\\/logo\\\/image\\\/\",\"url\":\"http:\\\/\\\/lojasosprofessoratividades.com.br\\\/wp-content\\\/uploads\\\/2022\\\/04\\\/Logo.png\",\"contentUrl\":\"http:\\\/\\\/lojasosprofessoratividades.com.br\\\/wp-content\\\/uploads\\\/2022\\\/04\\\/Logo.png\",\"width\":2000,\"height\":2000,\"caption\":\"Loja SOS Professor Atividades\"},\"image\":{\"@id\":\"https:\\\/\\\/lojasosprofessoratividades.com.br\\\/#\\\/schema\\\/logo\\\/image\\\/\"},\"sameAs\":[\"https:\\\/\\\/www.facebook.com\\\/sosprofessoratividades\",\"https:\\\/\\\/www.instagram.com\\\/sosprofessoratividades\\\/\"]}]}<\/script>\n<!-- \/ Yoast SEO plugin. -->","yoast_head_json":{"title":"As carrancas e o Rio S\u00e3o Francisco - Loja SOS Professor Atividades","description":"Atividades sobre as Carrancas e o Rio S\u00e3o Francisco para 4\u00ba e 5\u00ba ano: textos, artes, m\u00fasica, produ\u00e7\u00e3o textual, cartaz e plano de aula completo e gabarito.","robots":{"index":"index","follow":"follow","max-snippet":"max-snippet:-1","max-image-preview":"max-image-preview:large","max-video-preview":"max-video-preview:-1"},"canonical":"https:\/\/lojasosprofessoratividades.com.br\/en\/product\/as-carrancas-e-o-rio-sao-francisco\/","og_locale":"en_US","og_type":"article","og_title":"As carrancas e o Rio S\u00e3o Francisco - Loja SOS Professor Atividades","og_description":"Atividades sobre as Carrancas e o Rio S\u00e3o Francisco para 4\u00ba e 5\u00ba ano: textos, artes, m\u00fasica, produ\u00e7\u00e3o textual, cartaz e plano de aula completo e gabarito.","og_url":"https:\/\/lojasosprofessoratividades.com.br\/en\/product\/as-carrancas-e-o-rio-sao-francisco\/","og_site_name":"Loja SOS Professor Atividades","article_publisher":"https:\/\/www.facebook.com\/sosprofessoratividades","article_modified_time":"2026-05-08T18:28:27+00:00","og_image":[{"width":800,"height":693,"url":"https:\/\/lojasosprofessoratividades.com.br\/wp-content\/uploads\/2025\/08\/As-carrancas-e-o-Rio-Sao-Francisco-1.jpg","type":"image\/jpeg"}],"twitter_card":"summary_large_image","twitter_misc":{"Est. reading time":"1 minute"},"schema":{"@context":"https:\/\/schema.org","@graph":[{"@type":"WebPage","@id":"https:\/\/lojasosprofessoratividades.com.br\/produto\/as-carrancas-e-o-rio-sao-francisco\/","url":"https:\/\/lojasosprofessoratividades.com.br\/produto\/as-carrancas-e-o-rio-sao-francisco\/","name":"As carrancas e o Rio S\u00e3o Francisco - Loja SOS Professor Atividades","isPartOf":{"@id":"https:\/\/lojasosprofessoratividades.com.br\/#website"},"primaryImageOfPage":{"@id":"https:\/\/lojasosprofessoratividades.com.br\/produto\/as-carrancas-e-o-rio-sao-francisco\/#primaryimage"},"image":{"@id":"https:\/\/lojasosprofessoratividades.com.br\/produto\/as-carrancas-e-o-rio-sao-francisco\/#primaryimage"},"thumbnailUrl":"https:\/\/lojasosprofessoratividades.com.br\/wp-content\/uploads\/2025\/08\/As-carrancas-e-o-Rio-Sao-Francisco-1.jpg","datePublished":"2025-08-21T17:32:43+00:00","dateModified":"2026-05-08T18:28:27+00:00","description":"Atividades sobre as Carrancas e o Rio S\u00e3o Francisco para 4\u00ba e 5\u00ba ano: textos, artes, m\u00fasica, produ\u00e7\u00e3o textual, cartaz e plano de aula completo e gabarito.","breadcrumb":{"@id":"https:\/\/lojasosprofessoratividades.com.br\/produto\/as-carrancas-e-o-rio-sao-francisco\/#breadcrumb"},"inLanguage":"en-US","potentialAction":[{"@type":"ReadAction","target":["https:\/\/lojasosprofessoratividades.com.br\/produto\/as-carrancas-e-o-rio-sao-francisco\/"]}]},{"@type":"ImageObject","inLanguage":"en-US","@id":"https:\/\/lojasosprofessoratividades.com.br\/produto\/as-carrancas-e-o-rio-sao-francisco\/#primaryimage","url":"https:\/\/lojasosprofessoratividades.com.br\/wp-content\/uploads\/2025\/08\/As-carrancas-e-o-Rio-Sao-Francisco-1.jpg","contentUrl":"https:\/\/lojasosprofessoratividades.com.br\/wp-content\/uploads\/2025\/08\/As-carrancas-e-o-Rio-Sao-Francisco-1.jpg","width":800,"height":693,"caption":"As carrancas e o Rio S\u00e3o Francisco"},{"@type":"BreadcrumbList","@id":"https:\/\/lojasosprofessoratividades.com.br\/produto\/as-carrancas-e-o-rio-sao-francisco\/#breadcrumb","itemListElement":[{"@type":"ListItem","position":1,"name":"In\u00edcio","item":"https:\/\/lojasosprofessoratividades.com.br\/"},{"@type":"ListItem","position":2,"name":"Loja","item":"https:\/\/lojasosprofessoratividades.com.br\/loja\/"},{"@type":"ListItem","position":3,"name":"As carrancas e o Rio S\u00e3o Francisco"}]},{"@type":"WebSite","@id":"https:\/\/lojasosprofessoratividades.com.br\/#website","url":"https:\/\/lojasosprofessoratividades.com.br\/","name":"Loja SOS Professor Atividades","description":"Venda de material did\u00e1tico para o ensino fundamental","publisher":{"@id":"https:\/\/lojasosprofessoratividades.com.br\/#organization"},"potentialAction":[{"@type":"SearchAction","target":{"@type":"EntryPoint","urlTemplate":"https:\/\/lojasosprofessoratividades.com.br\/?s={search_term_string}"},"query-input":{"@type":"PropertyValueSpecification","valueRequired":true,"valueName":"search_term_string"}}],"inLanguage":"en-US"},{"@type":"Organization","@id":"https:\/\/lojasosprofessoratividades.com.br\/#organization","name":"Loja SOS Professor Atividades","url":"https:\/\/lojasosprofessoratividades.com.br\/","logo":{"@type":"ImageObject","inLanguage":"en-US","@id":"https:\/\/lojasosprofessoratividades.com.br\/#\/schema\/logo\/image\/","url":"http:\/\/lojasosprofessoratividades.com.br\/wp-content\/uploads\/2022\/04\/Logo.png","contentUrl":"http:\/\/lojasosprofessoratividades.com.br\/wp-content\/uploads\/2022\/04\/Logo.png","width":2000,"height":2000,"caption":"Loja SOS Professor Atividades"},"image":{"@id":"https:\/\/lojasosprofessoratividades.com.br\/#\/schema\/logo\/image\/"},"sameAs":["https:\/\/www.facebook.com\/sosprofessoratividades","https:\/\/www.instagram.com\/sosprofessoratividades\/"]}]}},"_links":{"self":[{"href":"https:\/\/lojasosprofessoratividades.com.br\/en\/wp-json\/wp\/v2\/product\/35953","targetHints":{"allow":["GET"]}}],"collection":[{"href":"https:\/\/lojasosprofessoratividades.com.br\/en\/wp-json\/wp\/v2\/product"}],"about":[{"href":"https:\/\/lojasosprofessoratividades.com.br\/en\/wp-json\/wp\/v2\/types\/product"}],"replies":[{"embeddable":true,"href":"https:\/\/lojasosprofessoratividades.com.br\/en\/wp-json\/wp\/v2\/comments?post=35953"}],"wp:featuredmedia":[{"embeddable":true,"href":"https:\/\/lojasosprofessoratividades.com.br\/en\/wp-json\/wp\/v2\/media\/35954"}],"wp:attachment":[{"href":"https:\/\/lojasosprofessoratividades.com.br\/en\/wp-json\/wp\/v2\/media?parent=35953"}],"wp:term":[{"taxonomy":"product_brand","embeddable":true,"href":"https:\/\/lojasosprofessoratividades.com.br\/en\/wp-json\/wp\/v2\/product_brand?post=35953"},{"taxonomy":"product_cat","embeddable":true,"href":"https:\/\/lojasosprofessoratividades.com.br\/en\/wp-json\/wp\/v2\/product_cat?post=35953"},{"taxonomy":"product_tag","embeddable":true,"href":"https:\/\/lojasosprofessoratividades.com.br\/en\/wp-json\/wp\/v2\/product_tag?post=35953"}],"curies":[{"name":"wp","href":"https:\/\/api.w.org\/{rel}","templated":true}]}}