{"id":35981,"date":"2025-09-04T07:00:32","date_gmt":"2025-09-04T10:00:32","guid":{"rendered":"https:\/\/lojasosprofessoratividades.com.br\/?post_type=product&#038;p=35981"},"modified":"2026-05-08T15:19:11","modified_gmt":"2026-05-08T18:19:11","slug":"amor-de-cabelo-atividades-de-portugues-e-matematica","status":"publish","type":"product","link":"https:\/\/lojasosprofessoratividades.com.br\/en\/product\/amor-de-cabelo-atividades-de-portugues-e-matematica\/","title":{"rendered":"Amor de Cabelo \u2013 Atividades de Portugu\u00eas e Matem\u00e1tica"},"content":{"rendered":"","protected":false},"excerpt":{"rendered":"<p data-start=\"233\" data-end=\"543\">Transforme a leitura do livro <em data-start=\"280\" data-end=\"296\">Amor de Cabelo<\/em> em uma experi\u00eancia completa de aprendizagem!\u00a0<br data-start=\"344\" data-end=\"347\" \/>Este material <em><strong>n\u00e3o<\/strong> <\/em>edit\u00e1vel, foi preparado especialmente para turmas do 3\u00ba e 4\u00ba ano, alinhado \u00e0 BNCC, e traz atividades que unem literatura, interpreta\u00e7\u00e3o de texto e matem\u00e1tica de forma l\u00fadica e significativa.<\/p>\n<p data-start=\"545\" data-end=\"588\"><strong data-start=\"548\" data-end=\"586\">O que voc\u00ea encontra neste arquivo:<\/strong><\/p>\n<ul data-start=\"589\" data-end=\"946\">\n<li data-start=\"589\" data-end=\"632\">\n<p data-start=\"591\" data-end=\"632\"><strong data-start=\"594\" data-end=\"613\">Resumo do livro<\/strong> <em data-start=\"614\" data-end=\"630\">Amor de Cabelo<\/em><\/p>\n<\/li>\n<li data-start=\"633\" data-end=\"686\">\n<p data-start=\"635\" data-end=\"686\"><strong data-start=\"638\" data-end=\"669\">Atividades de interpreta\u00e7\u00e3o<\/strong> (com gabarito)<\/p>\n<\/li>\n<li data-start=\"687\" data-end=\"766\">\n<p data-start=\"689\" data-end=\"766\"><strong data-start=\"691\" data-end=\"719\">Atividades de matem\u00e1tica<\/strong> com tabelas e gr\u00e1ficos, baseadas na hist\u00f3ria<\/p>\n<\/li>\n<li data-start=\"767\" data-end=\"881\">\n<p data-start=\"769\" data-end=\"881\"><strong data-start=\"772\" data-end=\"818\">Sequ\u00eancia de atividades interdisciplinares<\/strong> (B\u00d4NUS!) \u2013 envolvendo Portugu\u00eas, Artes, Geografia e Ci\u00eancias<\/p>\n<\/li>\n<li data-start=\"882\" data-end=\"946\">\n<p data-start=\"884\" data-end=\"946\"><strong data-start=\"887\" data-end=\"913\">Plano de aula completo<\/strong><\/p>\n<\/li>\n<li data-start=\"882\" data-end=\"946\"><strong>Gabarito<\/strong><\/li>\n<\/ul>\n<p data-start=\"948\" data-end=\"1089\"><strong data-start=\"950\" data-end=\"1000\">Ideal para professores do Ensino Fundamental 1<\/strong> que buscam atividades pr\u00e1ticas, significativas e prontas para aplicar em sala de aula.<\/p>\n<h3>N\u00e3o enviamos por e-mail, a entrega \u00e9 via link para download.\u00a0<img decoding=\"async\" class=\"emoji\" role=\"img\" draggable=\"false\" src=\"https:\/\/s.w.org\/images\/core\/emoji\/16.0.1\/svg\/1f447.svg\" alt=\"\ud83d\udc47\" \/><\/h3>\n<p><img loading=\"lazy\" decoding=\"async\" class=\"alignnone wp-image-35707 size-full\" src=\"https:\/\/lojasosprofessoratividades.com.br\/wp-content\/uploads\/2023\/09\/Aviso-Loja-atual.jpg\" alt=\"\" width=\"446\" height=\"251\" srcset=\"https:\/\/lojasosprofessoratividades.com.br\/wp-content\/uploads\/2023\/09\/Aviso-Loja-atual.jpg 446w, https:\/\/lojasosprofessoratividades.com.br\/wp-content\/uploads\/2023\/09\/Aviso-Loja-atual-300x169.jpg 300w, https:\/\/lojasosprofessoratividades.com.br\/wp-content\/uploads\/2023\/09\/Aviso-Loja-atual-18x10.jpg 18w\" sizes=\"auto, (max-width: 446px) 100vw, 446px\" \/><\/p>","protected":false},"featured_media":35983,"comment_status":"open","ping_status":"closed","template":"","meta":[],"product_brand":[],"product_cat":[124,125,216,214,194,188,195,189,215,213],"product_tag":[2576,1797,2454,2581,375,2582,2583,1874,2579,2577,2578,2580,1493],"class_list":{"0":"post-35981","1":"product","2":"type-product","3":"status-publish","4":"has-post-thumbnail","6":"product_cat-3o-ano","7":"product_cat-4o-ano","8":"product_cat-data-comemorativa-4-ano","9":"product_cat-data-comemorativa-3-ano","10":"product_cat-matematica-4-ano","11":"product_cat-matematica-3-ano","12":"product_cat-portugues-4-ano","13":"product_cat-portugues-3-ano","14":"product_cat-recursos-didaticos-4-ano","15":"product_cat-recursos-didaticos-3-ano","16":"product_tag-amordecabelo","17":"product_tag-analise-de-graficos","18":"product_tag-atividades-com-tabelas","19":"product_tag-atividadesprontas","20":"product_tag-bncc","21":"product_tag-ensinofundamental1","22":"product_tag-graficos","23":"product_tag-interpretacaodetexto","24":"product_tag-matematicafundamental","25":"product_tag-planodeaula","26":"product_tag-portuguesefundamental","27":"product_tag-recursospedagogicos","28":"product_tag-tabelas-e-graficos","30":"first","31":"instock","32":"downloadable","33":"virtual","34":"sold-individually","35":"purchasable","36":"product-type-simple"},"yoast_head":"<!-- This site is optimized with the Yoast SEO plugin v27.5 - https:\/\/yoast.com\/product\/yoast-seo-wordpress\/ -->\n<title>Amor de Cabelo \u2013 Atividades de Portugu\u00eas e Matem\u00e1tica - Loja SOS Professor Atividades<\/title>\n<meta name=\"description\" content=\"Atividades Amor de Cabelo: interpreta\u00e7\u00e3o de texto, matem\u00e1tica com gr\u00e1ficos, sequ\u00eancia interdisciplinar, plano de aula BNCC e gabarito.\" \/>\n<meta name=\"robots\" content=\"index, follow, max-snippet:-1, max-image-preview:large, max-video-preview:-1\" \/>\n<link rel=\"canonical\" href=\"https:\/\/lojasosprofessoratividades.com.br\/en\/product\/amor-de-cabelo-atividades-de-portugues-e-matematica\/\" \/>\n<meta property=\"og:locale\" content=\"en_US\" \/>\n<meta property=\"og:type\" content=\"article\" \/>\n<meta property=\"og:title\" content=\"Amor de Cabelo \u2013 Atividades de Portugu\u00eas e Matem\u00e1tica - Loja SOS Professor Atividades\" \/>\n<meta property=\"og:description\" content=\"Atividades Amor de Cabelo: interpreta\u00e7\u00e3o de texto, matem\u00e1tica com gr\u00e1ficos, sequ\u00eancia interdisciplinar, plano de aula BNCC e gabarito.\" \/>\n<meta property=\"og:url\" content=\"https:\/\/lojasosprofessoratividades.com.br\/en\/product\/amor-de-cabelo-atividades-de-portugues-e-matematica\/\" \/>\n<meta property=\"og:site_name\" content=\"Loja SOS Professor Atividades\" \/>\n<meta property=\"article:publisher\" content=\"https:\/\/www.facebook.com\/sosprofessoratividades\" \/>\n<meta property=\"article:modified_time\" content=\"2026-05-08T18:19:11+00:00\" \/>\n<meta property=\"og:image\" content=\"https:\/\/lojasosprofessoratividades.com.br\/wp-content\/uploads\/2025\/08\/Amor-de-Cabelo-\u2013-Atividades-de-Portugues-e-Matematica-1.png\" \/>\n\t<meta property=\"og:image:width\" content=\"800\" \/>\n\t<meta property=\"og:image:height\" content=\"693\" \/>\n\t<meta property=\"og:image:type\" content=\"image\/png\" \/>\n<meta name=\"twitter:card\" content=\"summary_large_image\" \/>\n<meta name=\"twitter:label1\" content=\"Est. reading time\" \/>\n\t<meta name=\"twitter:data1\" content=\"1 minute\" \/>\n<script type=\"application\/ld+json\" class=\"yoast-schema-graph\">{\"@context\":\"https:\\\/\\\/schema.org\",\"@graph\":[{\"@type\":\"WebPage\",\"@id\":\"https:\\\/\\\/lojasosprofessoratividades.com.br\\\/produto\\\/amor-de-cabelo-atividades-de-portugues-e-matematica\\\/\",\"url\":\"https:\\\/\\\/lojasosprofessoratividades.com.br\\\/produto\\\/amor-de-cabelo-atividades-de-portugues-e-matematica\\\/\",\"name\":\"Amor de Cabelo \u2013 Atividades de Portugu\u00eas e Matem\u00e1tica - Loja SOS Professor Atividades\",\"isPartOf\":{\"@id\":\"https:\\\/\\\/lojasosprofessoratividades.com.br\\\/#website\"},\"primaryImageOfPage\":{\"@id\":\"https:\\\/\\\/lojasosprofessoratividades.com.br\\\/produto\\\/amor-de-cabelo-atividades-de-portugues-e-matematica\\\/#primaryimage\"},\"image\":{\"@id\":\"https:\\\/\\\/lojasosprofessoratividades.com.br\\\/produto\\\/amor-de-cabelo-atividades-de-portugues-e-matematica\\\/#primaryimage\"},\"thumbnailUrl\":\"https:\\\/\\\/lojasosprofessoratividades.com.br\\\/wp-content\\\/uploads\\\/2025\\\/08\\\/Amor-de-Cabelo-\u2013-Atividades-de-Portugues-e-Matematica-1.png\",\"datePublished\":\"2025-09-04T10:00:32+00:00\",\"dateModified\":\"2026-05-08T18:19:11+00:00\",\"description\":\"Atividades Amor de Cabelo: interpreta\u00e7\u00e3o de texto, matem\u00e1tica com gr\u00e1ficos, sequ\u00eancia interdisciplinar, plano de aula BNCC e gabarito.\",\"breadcrumb\":{\"@id\":\"https:\\\/\\\/lojasosprofessoratividades.com.br\\\/produto\\\/amor-de-cabelo-atividades-de-portugues-e-matematica\\\/#breadcrumb\"},\"inLanguage\":\"en-US\",\"potentialAction\":[{\"@type\":\"ReadAction\",\"target\":[\"https:\\\/\\\/lojasosprofessoratividades.com.br\\\/produto\\\/amor-de-cabelo-atividades-de-portugues-e-matematica\\\/\"]}]},{\"@type\":\"ImageObject\",\"inLanguage\":\"en-US\",\"@id\":\"https:\\\/\\\/lojasosprofessoratividades.com.br\\\/produto\\\/amor-de-cabelo-atividades-de-portugues-e-matematica\\\/#primaryimage\",\"url\":\"https:\\\/\\\/lojasosprofessoratividades.com.br\\\/wp-content\\\/uploads\\\/2025\\\/08\\\/Amor-de-Cabelo-\u2013-Atividades-de-Portugues-e-Matematica-1.png\",\"contentUrl\":\"https:\\\/\\\/lojasosprofessoratividades.com.br\\\/wp-content\\\/uploads\\\/2025\\\/08\\\/Amor-de-Cabelo-\u2013-Atividades-de-Portugues-e-Matematica-1.png\",\"width\":800,\"height\":693},{\"@type\":\"BreadcrumbList\",\"@id\":\"https:\\\/\\\/lojasosprofessoratividades.com.br\\\/produto\\\/amor-de-cabelo-atividades-de-portugues-e-matematica\\\/#breadcrumb\",\"itemListElement\":[{\"@type\":\"ListItem\",\"position\":1,\"name\":\"In\u00edcio\",\"item\":\"https:\\\/\\\/lojasosprofessoratividades.com.br\\\/\"},{\"@type\":\"ListItem\",\"position\":2,\"name\":\"Loja\",\"item\":\"https:\\\/\\\/lojasosprofessoratividades.com.br\\\/loja\\\/\"},{\"@type\":\"ListItem\",\"position\":3,\"name\":\"Amor de Cabelo \u2013 Atividades de Portugu\u00eas e Matem\u00e1tica\"}]},{\"@type\":\"WebSite\",\"@id\":\"https:\\\/\\\/lojasosprofessoratividades.com.br\\\/#website\",\"url\":\"https:\\\/\\\/lojasosprofessoratividades.com.br\\\/\",\"name\":\"Loja SOS Professor Atividades\",\"description\":\"Venda de material did\u00e1tico para o ensino fundamental\",\"publisher\":{\"@id\":\"https:\\\/\\\/lojasosprofessoratividades.com.br\\\/#organization\"},\"potentialAction\":[{\"@type\":\"SearchAction\",\"target\":{\"@type\":\"EntryPoint\",\"urlTemplate\":\"https:\\\/\\\/lojasosprofessoratividades.com.br\\\/?s={search_term_string}\"},\"query-input\":{\"@type\":\"PropertyValueSpecification\",\"valueRequired\":true,\"valueName\":\"search_term_string\"}}],\"inLanguage\":\"en-US\"},{\"@type\":\"Organization\",\"@id\":\"https:\\\/\\\/lojasosprofessoratividades.com.br\\\/#organization\",\"name\":\"Loja SOS Professor Atividades\",\"url\":\"https:\\\/\\\/lojasosprofessoratividades.com.br\\\/\",\"logo\":{\"@type\":\"ImageObject\",\"inLanguage\":\"en-US\",\"@id\":\"https:\\\/\\\/lojasosprofessoratividades.com.br\\\/#\\\/schema\\\/logo\\\/image\\\/\",\"url\":\"http:\\\/\\\/lojasosprofessoratividades.com.br\\\/wp-content\\\/uploads\\\/2022\\\/04\\\/Logo.png\",\"contentUrl\":\"http:\\\/\\\/lojasosprofessoratividades.com.br\\\/wp-content\\\/uploads\\\/2022\\\/04\\\/Logo.png\",\"width\":2000,\"height\":2000,\"caption\":\"Loja SOS Professor Atividades\"},\"image\":{\"@id\":\"https:\\\/\\\/lojasosprofessoratividades.com.br\\\/#\\\/schema\\\/logo\\\/image\\\/\"},\"sameAs\":[\"https:\\\/\\\/www.facebook.com\\\/sosprofessoratividades\",\"https:\\\/\\\/www.instagram.com\\\/sosprofessoratividades\\\/\"]}]}<\/script>\n<!-- \/ Yoast SEO plugin. -->","yoast_head_json":{"title":"Amor de Cabelo \u2013 Atividades de Portugu\u00eas e Matem\u00e1tica - Loja SOS Professor Atividades","description":"Atividades Amor de Cabelo: interpreta\u00e7\u00e3o de texto, matem\u00e1tica com gr\u00e1ficos, sequ\u00eancia interdisciplinar, plano de aula BNCC e gabarito.","robots":{"index":"index","follow":"follow","max-snippet":"max-snippet:-1","max-image-preview":"max-image-preview:large","max-video-preview":"max-video-preview:-1"},"canonical":"https:\/\/lojasosprofessoratividades.com.br\/en\/product\/amor-de-cabelo-atividades-de-portugues-e-matematica\/","og_locale":"en_US","og_type":"article","og_title":"Amor de Cabelo \u2013 Atividades de Portugu\u00eas e Matem\u00e1tica - Loja SOS Professor Atividades","og_description":"Atividades Amor de Cabelo: interpreta\u00e7\u00e3o de texto, matem\u00e1tica com gr\u00e1ficos, sequ\u00eancia interdisciplinar, plano de aula BNCC e gabarito.","og_url":"https:\/\/lojasosprofessoratividades.com.br\/en\/product\/amor-de-cabelo-atividades-de-portugues-e-matematica\/","og_site_name":"Loja SOS Professor Atividades","article_publisher":"https:\/\/www.facebook.com\/sosprofessoratividades","article_modified_time":"2026-05-08T18:19:11+00:00","og_image":[{"width":800,"height":693,"url":"https:\/\/lojasosprofessoratividades.com.br\/wp-content\/uploads\/2025\/08\/Amor-de-Cabelo-\u2013-Atividades-de-Portugues-e-Matematica-1.png","type":"image\/png"}],"twitter_card":"summary_large_image","twitter_misc":{"Est. reading time":"1 minute"},"schema":{"@context":"https:\/\/schema.org","@graph":[{"@type":"WebPage","@id":"https:\/\/lojasosprofessoratividades.com.br\/produto\/amor-de-cabelo-atividades-de-portugues-e-matematica\/","url":"https:\/\/lojasosprofessoratividades.com.br\/produto\/amor-de-cabelo-atividades-de-portugues-e-matematica\/","name":"Amor de Cabelo \u2013 Atividades de Portugu\u00eas e Matem\u00e1tica - Loja SOS Professor Atividades","isPartOf":{"@id":"https:\/\/lojasosprofessoratividades.com.br\/#website"},"primaryImageOfPage":{"@id":"https:\/\/lojasosprofessoratividades.com.br\/produto\/amor-de-cabelo-atividades-de-portugues-e-matematica\/#primaryimage"},"image":{"@id":"https:\/\/lojasosprofessoratividades.com.br\/produto\/amor-de-cabelo-atividades-de-portugues-e-matematica\/#primaryimage"},"thumbnailUrl":"https:\/\/lojasosprofessoratividades.com.br\/wp-content\/uploads\/2025\/08\/Amor-de-Cabelo-\u2013-Atividades-de-Portugues-e-Matematica-1.png","datePublished":"2025-09-04T10:00:32+00:00","dateModified":"2026-05-08T18:19:11+00:00","description":"Atividades Amor de Cabelo: interpreta\u00e7\u00e3o de texto, matem\u00e1tica com gr\u00e1ficos, sequ\u00eancia interdisciplinar, plano de aula BNCC e gabarito.","breadcrumb":{"@id":"https:\/\/lojasosprofessoratividades.com.br\/produto\/amor-de-cabelo-atividades-de-portugues-e-matematica\/#breadcrumb"},"inLanguage":"en-US","potentialAction":[{"@type":"ReadAction","target":["https:\/\/lojasosprofessoratividades.com.br\/produto\/amor-de-cabelo-atividades-de-portugues-e-matematica\/"]}]},{"@type":"ImageObject","inLanguage":"en-US","@id":"https:\/\/lojasosprofessoratividades.com.br\/produto\/amor-de-cabelo-atividades-de-portugues-e-matematica\/#primaryimage","url":"https:\/\/lojasosprofessoratividades.com.br\/wp-content\/uploads\/2025\/08\/Amor-de-Cabelo-\u2013-Atividades-de-Portugues-e-Matematica-1.png","contentUrl":"https:\/\/lojasosprofessoratividades.com.br\/wp-content\/uploads\/2025\/08\/Amor-de-Cabelo-\u2013-Atividades-de-Portugues-e-Matematica-1.png","width":800,"height":693},{"@type":"BreadcrumbList","@id":"https:\/\/lojasosprofessoratividades.com.br\/produto\/amor-de-cabelo-atividades-de-portugues-e-matematica\/#breadcrumb","itemListElement":[{"@type":"ListItem","position":1,"name":"In\u00edcio","item":"https:\/\/lojasosprofessoratividades.com.br\/"},{"@type":"ListItem","position":2,"name":"Loja","item":"https:\/\/lojasosprofessoratividades.com.br\/loja\/"},{"@type":"ListItem","position":3,"name":"Amor de Cabelo \u2013 Atividades de Portugu\u00eas e Matem\u00e1tica"}]},{"@type":"WebSite","@id":"https:\/\/lojasosprofessoratividades.com.br\/#website","url":"https:\/\/lojasosprofessoratividades.com.br\/","name":"Loja SOS Professor Atividades","description":"Venda de material did\u00e1tico para o ensino fundamental","publisher":{"@id":"https:\/\/lojasosprofessoratividades.com.br\/#organization"},"potentialAction":[{"@type":"SearchAction","target":{"@type":"EntryPoint","urlTemplate":"https:\/\/lojasosprofessoratividades.com.br\/?s={search_term_string}"},"query-input":{"@type":"PropertyValueSpecification","valueRequired":true,"valueName":"search_term_string"}}],"inLanguage":"en-US"},{"@type":"Organization","@id":"https:\/\/lojasosprofessoratividades.com.br\/#organization","name":"Loja SOS Professor Atividades","url":"https:\/\/lojasosprofessoratividades.com.br\/","logo":{"@type":"ImageObject","inLanguage":"en-US","@id":"https:\/\/lojasosprofessoratividades.com.br\/#\/schema\/logo\/image\/","url":"http:\/\/lojasosprofessoratividades.com.br\/wp-content\/uploads\/2022\/04\/Logo.png","contentUrl":"http:\/\/lojasosprofessoratividades.com.br\/wp-content\/uploads\/2022\/04\/Logo.png","width":2000,"height":2000,"caption":"Loja SOS Professor Atividades"},"image":{"@id":"https:\/\/lojasosprofessoratividades.com.br\/#\/schema\/logo\/image\/"},"sameAs":["https:\/\/www.facebook.com\/sosprofessoratividades","https:\/\/www.instagram.com\/sosprofessoratividades\/"]}]}},"_links":{"self":[{"href":"https:\/\/lojasosprofessoratividades.com.br\/en\/wp-json\/wp\/v2\/product\/35981","targetHints":{"allow":["GET"]}}],"collection":[{"href":"https:\/\/lojasosprofessoratividades.com.br\/en\/wp-json\/wp\/v2\/product"}],"about":[{"href":"https:\/\/lojasosprofessoratividades.com.br\/en\/wp-json\/wp\/v2\/types\/product"}],"replies":[{"embeddable":true,"href":"https:\/\/lojasosprofessoratividades.com.br\/en\/wp-json\/wp\/v2\/comments?post=35981"}],"wp:featuredmedia":[{"embeddable":true,"href":"https:\/\/lojasosprofessoratividades.com.br\/en\/wp-json\/wp\/v2\/media\/35983"}],"wp:attachment":[{"href":"https:\/\/lojasosprofessoratividades.com.br\/en\/wp-json\/wp\/v2\/media?parent=35981"}],"wp:term":[{"taxonomy":"product_brand","embeddable":true,"href":"https:\/\/lojasosprofessoratividades.com.br\/en\/wp-json\/wp\/v2\/product_brand?post=35981"},{"taxonomy":"product_cat","embeddable":true,"href":"https:\/\/lojasosprofessoratividades.com.br\/en\/wp-json\/wp\/v2\/product_cat?post=35981"},{"taxonomy":"product_tag","embeddable":true,"href":"https:\/\/lojasosprofessoratividades.com.br\/en\/wp-json\/wp\/v2\/product_tag?post=35981"}],"curies":[{"name":"wp","href":"https:\/\/api.w.org\/{rel}","templated":true}]}}