{"id":35997,"date":"2025-08-24T18:39:43","date_gmt":"2025-08-24T21:39:43","guid":{"rendered":"https:\/\/lojasosprofessoratividades.com.br\/?post_type=product&#038;p=35997"},"modified":"2026-05-08T15:29:44","modified_gmt":"2026-05-08T18:29:44","slug":"atividades-de-analise-linguistica-e-semiotica-para-o-5o-ano","status":"publish","type":"product","link":"https:\/\/lojasosprofessoratividades.com.br\/en\/product\/atividades-de-analise-linguistica-e-semiotica-para-o-5o-ano\/","title":{"rendered":"Atividades de an\u00e1lise lingu\u00edstica e semi\u00f3tica para o 5\u00ba ano"},"content":{"rendered":"","protected":false},"excerpt":{"rendered":"<p>Essa <strong data-start=\"340\" data-end=\"398\">Sequ\u00eancia Did\u00e1tica para o 5\u00ba ano do Ensino Fundamental<\/strong> foi elaborada de acordo com a <strong data-start=\"429\" data-end=\"437\">BNCC<\/strong> e traz um conjunto de atividades pr\u00e1ticas, claras e atrativas para trabalhar com diferentes g\u00eaneros textuais e de m\u00eddia: <strong data-start=\"559\" data-end=\"624\">not\u00edcias, cartas de reclama\u00e7\u00e3o, opini\u00f5es, telejornais e vlogs<\/strong>.<\/p>\n<p><em><strong>N\u00e3o<\/strong><\/em> edit\u00e1vel.<\/p>\n<h3 data-start=\"837\" data-end=\"863\">Conte\u00fado das Aulas<\/h3>\n<p data-start=\"867\" data-end=\"912\"><strong data-start=\"867\" data-end=\"910\">Aula 1 \u2013 Not\u00edcias\u00a0<\/strong><\/p>\n<ul>\n<li style=\"list-style-type: none;\">\n<ul data-start=\"916\" data-end=\"1026\">\n<li data-start=\"916\" data-end=\"971\">\n<p data-start=\"918\" data-end=\"971\">Identifica\u00e7\u00e3o de manchete, lide e corpo da not\u00edcia.<\/p>\n<\/li>\n<li data-start=\"975\" data-end=\"1026\">\n<p data-start=\"977\" data-end=\"1026\">Atividades pr\u00e1ticas de leitura e interpreta\u00e7\u00e3o.<\/p>\n<\/li>\n<\/ul>\n<\/li>\n<\/ul>\n<p data-start=\"1031\" data-end=\"1065\"><strong data-start=\"1031\" data-end=\"1063\">Aula 2 \u2013 Carta de Reclama\u00e7\u00e3o<\/strong><\/p>\n<ul>\n<li style=\"list-style-type: none;\">\n<ul data-start=\"1069\" data-end=\"1192\">\n<li data-start=\"1069\" data-end=\"1140\">\n<p data-start=\"1071\" data-end=\"1140\">Estrutura da carta (local, data, destinat\u00e1rio, corpo e assinatura).<\/p>\n<\/li>\n<li data-start=\"1144\" data-end=\"1192\">\n<p data-start=\"1146\" data-end=\"1192\">Uso de adjetivos para fortalecer argumentos.<\/p>\n<\/li>\n<\/ul>\n<\/li>\n<\/ul>\n<p data-start=\"1197\" data-end=\"1234\"><strong data-start=\"1197\" data-end=\"1232\">Aula 3 \u2013 Opini\u00e3o e Argumenta\u00e7\u00e3o<\/strong><\/p>\n<ul>\n<li style=\"list-style-type: none;\">\n<ul data-start=\"1238\" data-end=\"1371\">\n<li data-start=\"1238\" data-end=\"1315\">\n<p data-start=\"1240\" data-end=\"1315\">An\u00e1lise de opini\u00f5es sobre m\u00eddias infantis (filmes, desenhos, HQs, games).<\/p>\n<\/li>\n<li data-start=\"1319\" data-end=\"1371\">\n<p data-start=\"1321\" data-end=\"1371\">Discuss\u00e3o sobre validade e for\u00e7a dos argumentos.<\/p>\n<\/li>\n<\/ul>\n<\/li>\n<\/ul>\n<p data-start=\"1376\" data-end=\"1410\"><strong data-start=\"1376\" data-end=\"1408\">Aula 4 \u2013 Telejornal\u00a0<\/strong><\/p>\n<ul>\n<li style=\"list-style-type: none;\">\n<ul data-start=\"1414\" data-end=\"1545\">\n<li data-start=\"1414\" data-end=\"1489\">\n<p data-start=\"1416\" data-end=\"1489\">Observa\u00e7\u00e3o da express\u00e3o facial, corporal e entona\u00e7\u00e3o de apresentadores.<\/p>\n<\/li>\n<li data-start=\"1493\" data-end=\"1545\">\n<p data-start=\"1495\" data-end=\"1545\">Compara\u00e7\u00e3o com a linguagem escrita das not\u00edcias.<\/p>\n<\/li>\n<\/ul>\n<\/li>\n<\/ul>\n<p data-start=\"1550\" data-end=\"1579\"><strong data-start=\"1550\" data-end=\"1577\">Aula 5 \u2013 Vlog Opinativo<\/strong><\/p>\n<ul>\n<li style=\"list-style-type: none;\">\n<ul data-start=\"1583\" data-end=\"1718\">\n<li data-start=\"1583\" data-end=\"1673\">\n<p data-start=\"1585\" data-end=\"1673\">Estudo do padr\u00e3o entonacional, linguagem corporal e variedade lingu\u00edstica de vloggers.<\/p>\n<\/li>\n<li data-start=\"1677\" data-end=\"1718\">\n<p data-start=\"1679\" data-end=\"1718\">Produ\u00e7\u00e3o de mini roteiros de opini\u00e3o.<\/p>\n<h3 data-start=\"1725\" data-end=\"1754\">Estrutura do Arquivo<\/h3>\n<ul data-start=\"1755\" data-end=\"2069\">\n<li data-start=\"1755\" data-end=\"1849\">\n<p data-start=\"1757\" data-end=\"1849\"><strong data-start=\"1759\" data-end=\"1776\">Plano de Aula<\/strong>: objetivos, habilidades da BNCC, metodologia e sugest\u00f5es de aplica\u00e7\u00e3o.<\/p>\n<\/li>\n<li data-start=\"1850\" data-end=\"1928\">\n<p data-start=\"1852\" data-end=\"1928\"><strong data-start=\"1854\" data-end=\"1876\">Atividades Prontas<\/strong>: exerc\u00edcios de leitura, interpreta\u00e7\u00e3o e produ\u00e7\u00e3o.<\/p>\n<\/li>\n<li data-start=\"1929\" data-end=\"1996\">\n<p data-start=\"1931\" data-end=\"1996\"><strong data-start=\"1933\" data-end=\"1945\">Gabarito<\/strong>: respostas comentadas para facilitar a corre\u00e7\u00e3o.<\/p>\n<\/li>\n<li data-start=\"1997\" data-end=\"2069\">\n<p data-start=\"1999\" data-end=\"2069\"><strong data-start=\"2001\" data-end=\"2020\">Material Visual<\/strong>: atividades ilustradas para engajar os alunos.<\/p>\n<\/li>\n<\/ul>\n<\/li>\n<\/ul>\n<\/li>\n<\/ul>\n<h3>N\u00e3o enviamos por e-mail, a entrega \u00e9 via link para download.\u00a0<img decoding=\"async\" class=\"emoji\" role=\"img\" draggable=\"false\" src=\"https:\/\/s.w.org\/images\/core\/emoji\/16.0.1\/svg\/1f447.svg\" alt=\"\ud83d\udc47\" \/><\/h3>\n<p><img loading=\"lazy\" decoding=\"async\" class=\"alignnone wp-image-35707 size-full\" src=\"https:\/\/lojasosprofessoratividades.com.br\/wp-content\/uploads\/2023\/09\/Aviso-Loja-atual.jpg\" alt=\"\" width=\"446\" height=\"251\" srcset=\"https:\/\/lojasosprofessoratividades.com.br\/wp-content\/uploads\/2023\/09\/Aviso-Loja-atual.jpg 446w, https:\/\/lojasosprofessoratividades.com.br\/wp-content\/uploads\/2023\/09\/Aviso-Loja-atual-300x169.jpg 300w, https:\/\/lojasosprofessoratividades.com.br\/wp-content\/uploads\/2023\/09\/Aviso-Loja-atual-18x10.jpg 18w\" sizes=\"auto, (max-width: 446px) 100vw, 446px\" \/><\/p>","protected":false},"featured_media":36000,"comment_status":"open","ping_status":"closed","template":"","meta":[],"product_brand":[],"product_cat":[127,204],"product_tag":[2605,2598,2595,2596,2593,2599,2600,2597,2604,2601,2594,2592,2602,2603],"class_list":{"0":"post-35997","1":"product","2":"type-product","3":"status-publish","4":"has-post-thumbnail","6":"product_cat-5o-ano","7":"product_cat-portugues-5-anos","8":"product_tag-atividades-de-analise-linguistica-e-semiotica-para-o-5o-ano","9":"product_tag-atividades-de-opiniao-5o-ano","10":"product_tag-atividades-generos-textuais-5o-ano","11":"product_tag-atividades-noticia-5o-ano","12":"product_tag-atividades-portugues-5o-ano","13":"product_tag-atividades-telejornal-5o-ano","14":"product_tag-atividades-vlog-5o-ano","15":"product_tag-carta-de-reclamacao-5o-ano","16":"product_tag-noticia","17":"product_tag-pdf-atividades-portugues-5o-ano","18":"product_tag-plano-de-aula-portugues-5o-ano","19":"product_tag-sequencia-didatica-5o-ano","20":"product_tag-sequencia-didatica-bncc-5o-ano","21":"product_tag-vlog","23":"first","24":"instock","25":"downloadable","26":"virtual","27":"sold-individually","28":"purchasable","29":"product-type-simple"},"yoast_head":"<!-- This site is optimized with the Yoast SEO plugin v27.6 - https:\/\/yoast.com\/product\/yoast-seo-wordpress\/ -->\n<title>Atividades de an\u00e1lise lingu\u00edstica e semi\u00f3tica para o 5\u00ba ano - Loja SOS Professor Atividades<\/title>\n<meta name=\"description\" content=\"Sequ\u00eancia did\u00e1tica 5\u00ba ano BNCC em PDF com plano de aula, atividades e gabarito sobre not\u00edcia, carta, opini\u00e3o, telejornal e vlog.\" \/>\n<meta name=\"robots\" content=\"index, follow, max-snippet:-1, max-image-preview:large, max-video-preview:-1\" \/>\n<link rel=\"canonical\" href=\"https:\/\/lojasosprofessoratividades.com.br\/en\/product\/atividades-de-analise-linguistica-e-semiotica-para-o-5o-ano\/\" \/>\n<meta property=\"og:locale\" content=\"en_US\" \/>\n<meta property=\"og:type\" content=\"article\" \/>\n<meta property=\"og:title\" content=\"Atividades de an\u00e1lise lingu\u00edstica e semi\u00f3tica para o 5\u00ba ano - Loja SOS Professor Atividades\" \/>\n<meta property=\"og:description\" content=\"Sequ\u00eancia did\u00e1tica 5\u00ba ano BNCC em PDF com plano de aula, atividades e gabarito sobre not\u00edcia, carta, opini\u00e3o, telejornal e vlog.\" \/>\n<meta property=\"og:url\" content=\"https:\/\/lojasosprofessoratividades.com.br\/en\/product\/atividades-de-analise-linguistica-e-semiotica-para-o-5o-ano\/\" \/>\n<meta property=\"og:site_name\" content=\"Loja SOS Professor Atividades\" \/>\n<meta property=\"article:publisher\" content=\"https:\/\/www.facebook.com\/sosprofessoratividades\" \/>\n<meta property=\"article:modified_time\" content=\"2026-05-08T18:29:44+00:00\" \/>\n<meta property=\"og:image\" content=\"https:\/\/lojasosprofessoratividades.com.br\/wp-content\/uploads\/2025\/08\/Atividades-noticia-carta-de-reclamacao-opiniao-telejornal-e-vlog-1.jpg\" \/>\n\t<meta property=\"og:image:width\" content=\"800\" \/>\n\t<meta property=\"og:image:height\" content=\"693\" \/>\n\t<meta property=\"og:image:type\" content=\"image\/jpeg\" \/>\n<meta name=\"twitter:card\" content=\"summary_large_image\" \/>\n<meta name=\"twitter:label1\" content=\"Est. reading time\" \/>\n\t<meta name=\"twitter:data1\" content=\"1 minute\" \/>\n<script type=\"application\/ld+json\" class=\"yoast-schema-graph\">{\"@context\":\"https:\\\/\\\/schema.org\",\"@graph\":[{\"@type\":\"WebPage\",\"@id\":\"https:\\\/\\\/lojasosprofessoratividades.com.br\\\/produto\\\/atividades-de-analise-linguistica-e-semiotica-para-o-5o-ano\\\/\",\"url\":\"https:\\\/\\\/lojasosprofessoratividades.com.br\\\/produto\\\/atividades-de-analise-linguistica-e-semiotica-para-o-5o-ano\\\/\",\"name\":\"Atividades de an\u00e1lise lingu\u00edstica e semi\u00f3tica para o 5\u00ba ano - Loja SOS Professor Atividades\",\"isPartOf\":{\"@id\":\"https:\\\/\\\/lojasosprofessoratividades.com.br\\\/#website\"},\"primaryImageOfPage\":{\"@id\":\"https:\\\/\\\/lojasosprofessoratividades.com.br\\\/produto\\\/atividades-de-analise-linguistica-e-semiotica-para-o-5o-ano\\\/#primaryimage\"},\"image\":{\"@id\":\"https:\\\/\\\/lojasosprofessoratividades.com.br\\\/produto\\\/atividades-de-analise-linguistica-e-semiotica-para-o-5o-ano\\\/#primaryimage\"},\"thumbnailUrl\":\"https:\\\/\\\/lojasosprofessoratividades.com.br\\\/wp-content\\\/uploads\\\/2025\\\/08\\\/Atividades-noticia-carta-de-reclamacao-opiniao-telejornal-e-vlog-1.jpg\",\"datePublished\":\"2025-08-24T21:39:43+00:00\",\"dateModified\":\"2026-05-08T18:29:44+00:00\",\"description\":\"Sequ\u00eancia did\u00e1tica 5\u00ba ano BNCC em PDF com plano de aula, atividades e gabarito sobre not\u00edcia, carta, opini\u00e3o, telejornal e vlog.\",\"breadcrumb\":{\"@id\":\"https:\\\/\\\/lojasosprofessoratividades.com.br\\\/produto\\\/atividades-de-analise-linguistica-e-semiotica-para-o-5o-ano\\\/#breadcrumb\"},\"inLanguage\":\"en-US\",\"potentialAction\":[{\"@type\":\"ReadAction\",\"target\":[\"https:\\\/\\\/lojasosprofessoratividades.com.br\\\/produto\\\/atividades-de-analise-linguistica-e-semiotica-para-o-5o-ano\\\/\"]}]},{\"@type\":\"ImageObject\",\"inLanguage\":\"en-US\",\"@id\":\"https:\\\/\\\/lojasosprofessoratividades.com.br\\\/produto\\\/atividades-de-analise-linguistica-e-semiotica-para-o-5o-ano\\\/#primaryimage\",\"url\":\"https:\\\/\\\/lojasosprofessoratividades.com.br\\\/wp-content\\\/uploads\\\/2025\\\/08\\\/Atividades-noticia-carta-de-reclamacao-opiniao-telejornal-e-vlog-1.jpg\",\"contentUrl\":\"https:\\\/\\\/lojasosprofessoratividades.com.br\\\/wp-content\\\/uploads\\\/2025\\\/08\\\/Atividades-noticia-carta-de-reclamacao-opiniao-telejornal-e-vlog-1.jpg\",\"width\":800,\"height\":693,\"caption\":\"Atividades de an\u00e1lise lingu\u00edstica e semi\u00f3tica para o 5\u00ba ano\"},{\"@type\":\"BreadcrumbList\",\"@id\":\"https:\\\/\\\/lojasosprofessoratividades.com.br\\\/produto\\\/atividades-de-analise-linguistica-e-semiotica-para-o-5o-ano\\\/#breadcrumb\",\"itemListElement\":[{\"@type\":\"ListItem\",\"position\":1,\"name\":\"In\u00edcio\",\"item\":\"https:\\\/\\\/lojasosprofessoratividades.com.br\\\/\"},{\"@type\":\"ListItem\",\"position\":2,\"name\":\"Loja\",\"item\":\"https:\\\/\\\/lojasosprofessoratividades.com.br\\\/loja\\\/\"},{\"@type\":\"ListItem\",\"position\":3,\"name\":\"Atividades de an\u00e1lise lingu\u00edstica e semi\u00f3tica para o 5\u00ba ano\"}]},{\"@type\":\"WebSite\",\"@id\":\"https:\\\/\\\/lojasosprofessoratividades.com.br\\\/#website\",\"url\":\"https:\\\/\\\/lojasosprofessoratividades.com.br\\\/\",\"name\":\"Loja SOS Professor Atividades\",\"description\":\"Venda de material did\u00e1tico para o ensino fundamental\",\"publisher\":{\"@id\":\"https:\\\/\\\/lojasosprofessoratividades.com.br\\\/#organization\"},\"potentialAction\":[{\"@type\":\"SearchAction\",\"target\":{\"@type\":\"EntryPoint\",\"urlTemplate\":\"https:\\\/\\\/lojasosprofessoratividades.com.br\\\/?s={search_term_string}\"},\"query-input\":{\"@type\":\"PropertyValueSpecification\",\"valueRequired\":true,\"valueName\":\"search_term_string\"}}],\"inLanguage\":\"en-US\"},{\"@type\":\"Organization\",\"@id\":\"https:\\\/\\\/lojasosprofessoratividades.com.br\\\/#organization\",\"name\":\"Loja SOS Professor Atividades\",\"url\":\"https:\\\/\\\/lojasosprofessoratividades.com.br\\\/\",\"logo\":{\"@type\":\"ImageObject\",\"inLanguage\":\"en-US\",\"@id\":\"https:\\\/\\\/lojasosprofessoratividades.com.br\\\/#\\\/schema\\\/logo\\\/image\\\/\",\"url\":\"http:\\\/\\\/lojasosprofessoratividades.com.br\\\/wp-content\\\/uploads\\\/2022\\\/04\\\/Logo.png\",\"contentUrl\":\"http:\\\/\\\/lojasosprofessoratividades.com.br\\\/wp-content\\\/uploads\\\/2022\\\/04\\\/Logo.png\",\"width\":2000,\"height\":2000,\"caption\":\"Loja SOS Professor Atividades\"},\"image\":{\"@id\":\"https:\\\/\\\/lojasosprofessoratividades.com.br\\\/#\\\/schema\\\/logo\\\/image\\\/\"},\"sameAs\":[\"https:\\\/\\\/www.facebook.com\\\/sosprofessoratividades\",\"https:\\\/\\\/www.instagram.com\\\/sosprofessoratividades\\\/\"]}]}<\/script>\n<!-- \/ Yoast SEO plugin. -->","yoast_head_json":{"title":"Atividades de an\u00e1lise lingu\u00edstica e semi\u00f3tica para o 5\u00ba ano - Loja SOS Professor Atividades","description":"Sequ\u00eancia did\u00e1tica 5\u00ba ano BNCC em PDF com plano de aula, atividades e gabarito sobre not\u00edcia, carta, opini\u00e3o, telejornal e vlog.","robots":{"index":"index","follow":"follow","max-snippet":"max-snippet:-1","max-image-preview":"max-image-preview:large","max-video-preview":"max-video-preview:-1"},"canonical":"https:\/\/lojasosprofessoratividades.com.br\/en\/product\/atividades-de-analise-linguistica-e-semiotica-para-o-5o-ano\/","og_locale":"en_US","og_type":"article","og_title":"Atividades de an\u00e1lise lingu\u00edstica e semi\u00f3tica para o 5\u00ba ano - Loja SOS Professor Atividades","og_description":"Sequ\u00eancia did\u00e1tica 5\u00ba ano BNCC em PDF com plano de aula, atividades e gabarito sobre not\u00edcia, carta, opini\u00e3o, telejornal e vlog.","og_url":"https:\/\/lojasosprofessoratividades.com.br\/en\/product\/atividades-de-analise-linguistica-e-semiotica-para-o-5o-ano\/","og_site_name":"Loja SOS Professor Atividades","article_publisher":"https:\/\/www.facebook.com\/sosprofessoratividades","article_modified_time":"2026-05-08T18:29:44+00:00","og_image":[{"width":800,"height":693,"url":"https:\/\/lojasosprofessoratividades.com.br\/wp-content\/uploads\/2025\/08\/Atividades-noticia-carta-de-reclamacao-opiniao-telejornal-e-vlog-1.jpg","type":"image\/jpeg"}],"twitter_card":"summary_large_image","twitter_misc":{"Est. reading time":"1 minute"},"schema":{"@context":"https:\/\/schema.org","@graph":[{"@type":"WebPage","@id":"https:\/\/lojasosprofessoratividades.com.br\/produto\/atividades-de-analise-linguistica-e-semiotica-para-o-5o-ano\/","url":"https:\/\/lojasosprofessoratividades.com.br\/produto\/atividades-de-analise-linguistica-e-semiotica-para-o-5o-ano\/","name":"Atividades de an\u00e1lise lingu\u00edstica e semi\u00f3tica para o 5\u00ba ano - Loja SOS Professor Atividades","isPartOf":{"@id":"https:\/\/lojasosprofessoratividades.com.br\/#website"},"primaryImageOfPage":{"@id":"https:\/\/lojasosprofessoratividades.com.br\/produto\/atividades-de-analise-linguistica-e-semiotica-para-o-5o-ano\/#primaryimage"},"image":{"@id":"https:\/\/lojasosprofessoratividades.com.br\/produto\/atividades-de-analise-linguistica-e-semiotica-para-o-5o-ano\/#primaryimage"},"thumbnailUrl":"https:\/\/lojasosprofessoratividades.com.br\/wp-content\/uploads\/2025\/08\/Atividades-noticia-carta-de-reclamacao-opiniao-telejornal-e-vlog-1.jpg","datePublished":"2025-08-24T21:39:43+00:00","dateModified":"2026-05-08T18:29:44+00:00","description":"Sequ\u00eancia did\u00e1tica 5\u00ba ano BNCC em PDF com plano de aula, atividades e gabarito sobre not\u00edcia, carta, opini\u00e3o, telejornal e vlog.","breadcrumb":{"@id":"https:\/\/lojasosprofessoratividades.com.br\/produto\/atividades-de-analise-linguistica-e-semiotica-para-o-5o-ano\/#breadcrumb"},"inLanguage":"en-US","potentialAction":[{"@type":"ReadAction","target":["https:\/\/lojasosprofessoratividades.com.br\/produto\/atividades-de-analise-linguistica-e-semiotica-para-o-5o-ano\/"]}]},{"@type":"ImageObject","inLanguage":"en-US","@id":"https:\/\/lojasosprofessoratividades.com.br\/produto\/atividades-de-analise-linguistica-e-semiotica-para-o-5o-ano\/#primaryimage","url":"https:\/\/lojasosprofessoratividades.com.br\/wp-content\/uploads\/2025\/08\/Atividades-noticia-carta-de-reclamacao-opiniao-telejornal-e-vlog-1.jpg","contentUrl":"https:\/\/lojasosprofessoratividades.com.br\/wp-content\/uploads\/2025\/08\/Atividades-noticia-carta-de-reclamacao-opiniao-telejornal-e-vlog-1.jpg","width":800,"height":693,"caption":"Atividades de an\u00e1lise lingu\u00edstica e semi\u00f3tica para o 5\u00ba ano"},{"@type":"BreadcrumbList","@id":"https:\/\/lojasosprofessoratividades.com.br\/produto\/atividades-de-analise-linguistica-e-semiotica-para-o-5o-ano\/#breadcrumb","itemListElement":[{"@type":"ListItem","position":1,"name":"In\u00edcio","item":"https:\/\/lojasosprofessoratividades.com.br\/"},{"@type":"ListItem","position":2,"name":"Loja","item":"https:\/\/lojasosprofessoratividades.com.br\/loja\/"},{"@type":"ListItem","position":3,"name":"Atividades de an\u00e1lise lingu\u00edstica e semi\u00f3tica para o 5\u00ba ano"}]},{"@type":"WebSite","@id":"https:\/\/lojasosprofessoratividades.com.br\/#website","url":"https:\/\/lojasosprofessoratividades.com.br\/","name":"Loja SOS Professor Atividades","description":"Venda de material did\u00e1tico para o ensino fundamental","publisher":{"@id":"https:\/\/lojasosprofessoratividades.com.br\/#organization"},"potentialAction":[{"@type":"SearchAction","target":{"@type":"EntryPoint","urlTemplate":"https:\/\/lojasosprofessoratividades.com.br\/?s={search_term_string}"},"query-input":{"@type":"PropertyValueSpecification","valueRequired":true,"valueName":"search_term_string"}}],"inLanguage":"en-US"},{"@type":"Organization","@id":"https:\/\/lojasosprofessoratividades.com.br\/#organization","name":"Loja SOS Professor Atividades","url":"https:\/\/lojasosprofessoratividades.com.br\/","logo":{"@type":"ImageObject","inLanguage":"en-US","@id":"https:\/\/lojasosprofessoratividades.com.br\/#\/schema\/logo\/image\/","url":"http:\/\/lojasosprofessoratividades.com.br\/wp-content\/uploads\/2022\/04\/Logo.png","contentUrl":"http:\/\/lojasosprofessoratividades.com.br\/wp-content\/uploads\/2022\/04\/Logo.png","width":2000,"height":2000,"caption":"Loja SOS Professor Atividades"},"image":{"@id":"https:\/\/lojasosprofessoratividades.com.br\/#\/schema\/logo\/image\/"},"sameAs":["https:\/\/www.facebook.com\/sosprofessoratividades","https:\/\/www.instagram.com\/sosprofessoratividades\/"]}]}},"_links":{"self":[{"href":"https:\/\/lojasosprofessoratividades.com.br\/en\/wp-json\/wp\/v2\/product\/35997","targetHints":{"allow":["GET"]}}],"collection":[{"href":"https:\/\/lojasosprofessoratividades.com.br\/en\/wp-json\/wp\/v2\/product"}],"about":[{"href":"https:\/\/lojasosprofessoratividades.com.br\/en\/wp-json\/wp\/v2\/types\/product"}],"replies":[{"embeddable":true,"href":"https:\/\/lojasosprofessoratividades.com.br\/en\/wp-json\/wp\/v2\/comments?post=35997"}],"wp:featuredmedia":[{"embeddable":true,"href":"https:\/\/lojasosprofessoratividades.com.br\/en\/wp-json\/wp\/v2\/media\/36000"}],"wp:attachment":[{"href":"https:\/\/lojasosprofessoratividades.com.br\/en\/wp-json\/wp\/v2\/media?parent=35997"}],"wp:term":[{"taxonomy":"product_brand","embeddable":true,"href":"https:\/\/lojasosprofessoratividades.com.br\/en\/wp-json\/wp\/v2\/product_brand?post=35997"},{"taxonomy":"product_cat","embeddable":true,"href":"https:\/\/lojasosprofessoratividades.com.br\/en\/wp-json\/wp\/v2\/product_cat?post=35997"},{"taxonomy":"product_tag","embeddable":true,"href":"https:\/\/lojasosprofessoratividades.com.br\/en\/wp-json\/wp\/v2\/product_tag?post=35997"}],"curies":[{"name":"wp","href":"https:\/\/api.w.org\/{rel}","templated":true}]}}