{"id":36043,"date":"2025-08-27T10:46:41","date_gmt":"2025-08-27T13:46:41","guid":{"rendered":"https:\/\/lojasosprofessoratividades.com.br\/?post_type=product&#038;p=36043"},"modified":"2026-05-08T15:29:58","modified_gmt":"2026-05-08T18:29:58","slug":"combo-independencia-do-brasil","status":"publish","type":"product","link":"https:\/\/lojasosprofessoratividades.com.br\/en\/product\/combo-independencia-do-brasil\/","title":{"rendered":"Combo Independ\u00eancia do Brasil"},"content":{"rendered":"","protected":false},"excerpt":{"rendered":"<p data-start=\"214\" data-end=\"500\">Transforme suas aulas da <strong data-start=\"239\" data-end=\"259\">Semana da P\u00e1tria<\/strong> em momentos inesquec\u00edveis com o <strong data-start=\"292\" data-end=\"325\">Combo Independ\u00eancia do Brasil<\/strong>! Este material re\u00fane <strong data-start=\"347\" data-end=\"385\">14 arquivos completos em um s\u00f3 PDF<\/strong>, oferecendo uma variedade de propostas pedag\u00f3gicas criativas e interativas para os alunos do 3\u00ba ao 5\u00ba ano do Ensino Fundamental 1.<\/p>\n<p data-start=\"502\" data-end=\"537\">Dentro do combo, voc\u00ea encontrar\u00e1:<\/p>\n<ul data-start=\"538\" data-end=\"1111\">\n<li data-start=\"538\" data-end=\"593\">\n<p data-start=\"540\" data-end=\"593\"><strong data-start=\"540\" data-end=\"564\">Sequ\u00eancias did\u00e1ticas<\/strong> de portugu\u00eas e matem\u00e1tica;<\/p>\n<\/li>\n<li data-start=\"594\" data-end=\"665\">\n<p data-start=\"596\" data-end=\"665\"><strong data-start=\"596\" data-end=\"622\">Atividades interativas<\/strong> para desenvolver diferentes habilidades;<\/p>\n<\/li>\n<li data-start=\"666\" data-end=\"731\">\n<p data-start=\"668\" data-end=\"731\"><strong data-start=\"668\" data-end=\"697\">Arte com pintura coletiva<\/strong> e <strong data-start=\"700\" data-end=\"728\">cartaz colorido ampliado<\/strong>;<\/p>\n<\/li>\n<li data-start=\"732\" data-end=\"787\">\n<p data-start=\"734\" data-end=\"787\"><strong data-start=\"734\" data-end=\"760\">Hist\u00f3ria em quadrinhos<\/strong> e <strong data-start=\"763\" data-end=\"784\">produ\u00e7\u00e3o de texto<\/strong>;<\/p>\n<\/li>\n<li data-start=\"788\" data-end=\"848\">\n<p data-start=\"790\" data-end=\"848\"><strong data-start=\"790\" data-end=\"811\">Moldura para foto<\/strong> para registrar momentos especiais;<\/p>\n<\/li>\n<li data-start=\"849\" data-end=\"917\">\n<p data-start=\"851\" data-end=\"917\"><strong data-start=\"851\" data-end=\"879\">Quebra-cabe\u00e7a matem\u00e1tico<\/strong> para estimular o racioc\u00ednio l\u00f3gico;<\/p>\n<\/li>\n<li data-start=\"918\" data-end=\"970\">\n<p data-start=\"920\" data-end=\"970\"><strong data-start=\"920\" data-end=\"940\">Coroas tem\u00e1ticas<\/strong> para celebrar com divers\u00e3o;<\/p>\n<\/li>\n<li data-start=\"971\" data-end=\"1049\">\n<p data-start=\"973\" data-end=\"1049\"><strong data-start=\"973\" data-end=\"1006\">Atividade com o Hino Nacional<\/strong>, acompanhada de plano de aula exclusivo;<\/p>\n<\/li>\n<li data-start=\"1050\" data-end=\"1111\">\n<p data-start=\"1052\" data-end=\"1111\"><strong data-start=\"1052\" data-end=\"1076\">Cruzadinha educativa<\/strong>, unindo divers\u00e3o e aprendizagem.<\/p>\n<\/li>\n<\/ul>\n<p data-start=\"1113\" data-end=\"1385\">Esse \u00e9 um <strong data-start=\"1123\" data-end=\"1141\">combo especial<\/strong>, pensado para unir divers\u00e3o, criatividade e aprendizado em sala de aula. Um material completo e pronto para enriquecer suas comemora\u00e7\u00f5es do <strong data-start=\"1282\" data-end=\"1300\">07 de setembro<\/strong>, promovendo atividades significativas que valorizam a <strong data-start=\"1355\" data-end=\"1382\">Independ\u00eancia do Brasil<\/strong>.<\/p>\n<p data-start=\"1387\" data-end=\"1584\">\ud83d\udc49 Garanta agora o <strong data-start=\"1406\" data-end=\"1439\">Combo Independ\u00eancia do Brasil<\/strong> e tenha em m\u00e3os um compilado exclusivo com tudo o que voc\u00ea precisa para trabalhar a Semana da P\u00e1tria de forma l\u00fadica, criativa e inesquec\u00edvel!<\/p>\n<p data-start=\"1387\" data-end=\"1584\">\u00a0Atividades\u00a0<strong data-start=\"893\" data-end=\"910\">n\u00e3o\u00a0<\/strong><strong data-start=\"893\" data-end=\"910\">edit\u00e1veis<\/strong>, prontas para imprimir e usar.<br data-start=\"941\" data-end=\"944\" \/>Material compilado com carinho a partir do site <strong data-start=\"1005\" data-end=\"1035\">SosProfessorAtividades.com<\/strong>.<\/p>\n<h3>N\u00e3o enviamos por e-mail, a entrega \u00e9 via link para download.\u00a0<img decoding=\"async\" class=\"emoji\" role=\"img\" draggable=\"false\" src=\"https:\/\/s.w.org\/images\/core\/emoji\/16.0.1\/svg\/1f447.svg\" alt=\"\ud83d\udc47\" \/><\/h3>\n<p><img loading=\"lazy\" decoding=\"async\" class=\"alignnone wp-image-35707 size-full\" src=\"https:\/\/lojasosprofessoratividades.com.br\/wp-content\/uploads\/2023\/09\/Aviso-Loja-atual.jpg\" alt=\"\" width=\"446\" height=\"251\" srcset=\"https:\/\/lojasosprofessoratividades.com.br\/wp-content\/uploads\/2023\/09\/Aviso-Loja-atual.jpg 446w, https:\/\/lojasosprofessoratividades.com.br\/wp-content\/uploads\/2023\/09\/Aviso-Loja-atual-300x169.jpg 300w, https:\/\/lojasosprofessoratividades.com.br\/wp-content\/uploads\/2023\/09\/Aviso-Loja-atual-18x10.jpg 18w\" sizes=\"auto, (max-width: 446px) 100vw, 446px\" \/><\/p>","protected":false},"featured_media":36045,"comment_status":"open","ping_status":"closed","template":"","meta":[],"product_brand":[],"product_cat":[124,125,127,1858,210,139,137,136],"product_tag":[2608,2616,2617,2613,2612,2607,2609,2606,2619,2611,461,2614,2618,2615,2610],"class_list":{"0":"post-36043","1":"product","2":"type-product","3":"status-publish","4":"has-post-thumbnail","6":"product_cat-3o-ano","7":"product_cat-4o-ano","8":"product_cat-5o-ano","9":"product_cat-arte-2","10":"product_cat-data-comemorativa-1-ano","11":"product_cat-historia-1-ano","12":"product_cat-matematica-1-ano","13":"product_cat-portugues-1-ano","14":"product_tag-7-de-setembro-atividades-escolares","15":"product_tag-arte-coletiva-semana-da-patria","16":"product_tag-atividades-interativas-independencia","17":"product_tag-atividades-matematica-independencia","18":"product_tag-atividades-portugues-independencia","19":"product_tag-atividades-semana-da-patria","20":"product_tag-cartaz-independencia-do-brasil","21":"product_tag-combo-independencia-do-brasil","22":"product_tag-coroas-tematicas-independencia","23":"product_tag-cruzadinha-independencia-do-brasil","24":"product_tag-independencia-do-brasil","25":"product_tag-plano-de-aula-hino-nacional","26":"product_tag-producao-de-texto-independencia-do-brasil","27":"product_tag-quebra-cabeca-matematico-independencia","28":"product_tag-viseira-para-colorir-independencia","30":"first","31":"instock","32":"sale","33":"downloadable","34":"virtual","35":"sold-individually","36":"purchasable","37":"product-type-simple"},"yoast_head":"<!-- This site is optimized with the Yoast SEO plugin v27.5 - https:\/\/yoast.com\/product\/yoast-seo-wordpress\/ -->\n<title>Combo Independ\u00eancia do Brasil - Loja SOS Professor Atividades<\/title>\n<meta name=\"description\" content=\"Combo Independ\u00eancia do Brasil: 14 atividades em PDF com portugu\u00eas, matem\u00e1tica, artes, HQ, cartaz, hino e muito mais para a Semana da P\u00e1tria!\" \/>\n<meta name=\"robots\" content=\"index, follow, max-snippet:-1, max-image-preview:large, max-video-preview:-1\" \/>\n<link rel=\"canonical\" href=\"https:\/\/lojasosprofessoratividades.com.br\/en\/product\/combo-independencia-do-brasil\/\" \/>\n<meta property=\"og:locale\" content=\"en_US\" \/>\n<meta property=\"og:type\" content=\"article\" \/>\n<meta property=\"og:title\" content=\"Combo Independ\u00eancia do Brasil - Loja SOS Professor Atividades\" \/>\n<meta property=\"og:description\" content=\"Combo Independ\u00eancia do Brasil: 14 atividades em PDF com portugu\u00eas, matem\u00e1tica, artes, HQ, cartaz, hino e muito mais para a Semana da P\u00e1tria!\" \/>\n<meta property=\"og:url\" content=\"https:\/\/lojasosprofessoratividades.com.br\/en\/product\/combo-independencia-do-brasil\/\" \/>\n<meta property=\"og:site_name\" content=\"Loja SOS Professor Atividades\" \/>\n<meta property=\"article:publisher\" content=\"https:\/\/www.facebook.com\/sosprofessoratividades\" \/>\n<meta property=\"article:modified_time\" content=\"2026-05-08T18:29:58+00:00\" \/>\n<meta property=\"og:image\" content=\"https:\/\/lojasosprofessoratividades.com.br\/wp-content\/uploads\/2025\/08\/Combo-Independencia-do-Brasil-1.jpg\" \/>\n\t<meta property=\"og:image:width\" content=\"800\" \/>\n\t<meta property=\"og:image:height\" content=\"693\" \/>\n\t<meta property=\"og:image:type\" content=\"image\/jpeg\" \/>\n<meta name=\"twitter:card\" content=\"summary_large_image\" \/>\n<meta name=\"twitter:label1\" content=\"Est. reading time\" \/>\n\t<meta name=\"twitter:data1\" content=\"1 minute\" \/>\n<script type=\"application\/ld+json\" class=\"yoast-schema-graph\">{\"@context\":\"https:\\\/\\\/schema.org\",\"@graph\":[{\"@type\":\"WebPage\",\"@id\":\"https:\\\/\\\/lojasosprofessoratividades.com.br\\\/produto\\\/combo-independencia-do-brasil\\\/\",\"url\":\"https:\\\/\\\/lojasosprofessoratividades.com.br\\\/produto\\\/combo-independencia-do-brasil\\\/\",\"name\":\"Combo Independ\u00eancia do Brasil - Loja SOS Professor Atividades\",\"isPartOf\":{\"@id\":\"https:\\\/\\\/lojasosprofessoratividades.com.br\\\/#website\"},\"primaryImageOfPage\":{\"@id\":\"https:\\\/\\\/lojasosprofessoratividades.com.br\\\/produto\\\/combo-independencia-do-brasil\\\/#primaryimage\"},\"image\":{\"@id\":\"https:\\\/\\\/lojasosprofessoratividades.com.br\\\/produto\\\/combo-independencia-do-brasil\\\/#primaryimage\"},\"thumbnailUrl\":\"https:\\\/\\\/lojasosprofessoratividades.com.br\\\/wp-content\\\/uploads\\\/2025\\\/08\\\/Combo-Independencia-do-Brasil-1.jpg\",\"datePublished\":\"2025-08-27T13:46:41+00:00\",\"dateModified\":\"2026-05-08T18:29:58+00:00\",\"description\":\"Combo Independ\u00eancia do Brasil: 14 atividades em PDF com portugu\u00eas, matem\u00e1tica, artes, HQ, cartaz, hino e muito mais para a Semana da P\u00e1tria!\",\"breadcrumb\":{\"@id\":\"https:\\\/\\\/lojasosprofessoratividades.com.br\\\/produto\\\/combo-independencia-do-brasil\\\/#breadcrumb\"},\"inLanguage\":\"en-US\",\"potentialAction\":[{\"@type\":\"ReadAction\",\"target\":[\"https:\\\/\\\/lojasosprofessoratividades.com.br\\\/produto\\\/combo-independencia-do-brasil\\\/\"]}]},{\"@type\":\"ImageObject\",\"inLanguage\":\"en-US\",\"@id\":\"https:\\\/\\\/lojasosprofessoratividades.com.br\\\/produto\\\/combo-independencia-do-brasil\\\/#primaryimage\",\"url\":\"https:\\\/\\\/lojasosprofessoratividades.com.br\\\/wp-content\\\/uploads\\\/2025\\\/08\\\/Combo-Independencia-do-Brasil-1.jpg\",\"contentUrl\":\"https:\\\/\\\/lojasosprofessoratividades.com.br\\\/wp-content\\\/uploads\\\/2025\\\/08\\\/Combo-Independencia-do-Brasil-1.jpg\",\"width\":800,\"height\":693,\"caption\":\"Combo Independ\u00eancia do Brasil\"},{\"@type\":\"BreadcrumbList\",\"@id\":\"https:\\\/\\\/lojasosprofessoratividades.com.br\\\/produto\\\/combo-independencia-do-brasil\\\/#breadcrumb\",\"itemListElement\":[{\"@type\":\"ListItem\",\"position\":1,\"name\":\"In\u00edcio\",\"item\":\"https:\\\/\\\/lojasosprofessoratividades.com.br\\\/\"},{\"@type\":\"ListItem\",\"position\":2,\"name\":\"Loja\",\"item\":\"https:\\\/\\\/lojasosprofessoratividades.com.br\\\/loja\\\/\"},{\"@type\":\"ListItem\",\"position\":3,\"name\":\"Combo Independ\u00eancia do Brasil\"}]},{\"@type\":\"WebSite\",\"@id\":\"https:\\\/\\\/lojasosprofessoratividades.com.br\\\/#website\",\"url\":\"https:\\\/\\\/lojasosprofessoratividades.com.br\\\/\",\"name\":\"Loja SOS Professor Atividades\",\"description\":\"Venda de material did\u00e1tico para o ensino fundamental\",\"publisher\":{\"@id\":\"https:\\\/\\\/lojasosprofessoratividades.com.br\\\/#organization\"},\"potentialAction\":[{\"@type\":\"SearchAction\",\"target\":{\"@type\":\"EntryPoint\",\"urlTemplate\":\"https:\\\/\\\/lojasosprofessoratividades.com.br\\\/?s={search_term_string}\"},\"query-input\":{\"@type\":\"PropertyValueSpecification\",\"valueRequired\":true,\"valueName\":\"search_term_string\"}}],\"inLanguage\":\"en-US\"},{\"@type\":\"Organization\",\"@id\":\"https:\\\/\\\/lojasosprofessoratividades.com.br\\\/#organization\",\"name\":\"Loja SOS Professor Atividades\",\"url\":\"https:\\\/\\\/lojasosprofessoratividades.com.br\\\/\",\"logo\":{\"@type\":\"ImageObject\",\"inLanguage\":\"en-US\",\"@id\":\"https:\\\/\\\/lojasosprofessoratividades.com.br\\\/#\\\/schema\\\/logo\\\/image\\\/\",\"url\":\"http:\\\/\\\/lojasosprofessoratividades.com.br\\\/wp-content\\\/uploads\\\/2022\\\/04\\\/Logo.png\",\"contentUrl\":\"http:\\\/\\\/lojasosprofessoratividades.com.br\\\/wp-content\\\/uploads\\\/2022\\\/04\\\/Logo.png\",\"width\":2000,\"height\":2000,\"caption\":\"Loja SOS Professor Atividades\"},\"image\":{\"@id\":\"https:\\\/\\\/lojasosprofessoratividades.com.br\\\/#\\\/schema\\\/logo\\\/image\\\/\"},\"sameAs\":[\"https:\\\/\\\/www.facebook.com\\\/sosprofessoratividades\",\"https:\\\/\\\/www.instagram.com\\\/sosprofessoratividades\\\/\"]}]}<\/script>\n<!-- \/ Yoast SEO plugin. -->","yoast_head_json":{"title":"Combo Independ\u00eancia do Brasil - Loja SOS Professor Atividades","description":"Combo Independ\u00eancia do Brasil: 14 atividades em PDF com portugu\u00eas, matem\u00e1tica, artes, HQ, cartaz, hino e muito mais para a Semana da P\u00e1tria!","robots":{"index":"index","follow":"follow","max-snippet":"max-snippet:-1","max-image-preview":"max-image-preview:large","max-video-preview":"max-video-preview:-1"},"canonical":"https:\/\/lojasosprofessoratividades.com.br\/en\/product\/combo-independencia-do-brasil\/","og_locale":"en_US","og_type":"article","og_title":"Combo Independ\u00eancia do Brasil - Loja SOS Professor Atividades","og_description":"Combo Independ\u00eancia do Brasil: 14 atividades em PDF com portugu\u00eas, matem\u00e1tica, artes, HQ, cartaz, hino e muito mais para a Semana da P\u00e1tria!","og_url":"https:\/\/lojasosprofessoratividades.com.br\/en\/product\/combo-independencia-do-brasil\/","og_site_name":"Loja SOS Professor Atividades","article_publisher":"https:\/\/www.facebook.com\/sosprofessoratividades","article_modified_time":"2026-05-08T18:29:58+00:00","og_image":[{"width":800,"height":693,"url":"https:\/\/lojasosprofessoratividades.com.br\/wp-content\/uploads\/2025\/08\/Combo-Independencia-do-Brasil-1.jpg","type":"image\/jpeg"}],"twitter_card":"summary_large_image","twitter_misc":{"Est. reading time":"1 minute"},"schema":{"@context":"https:\/\/schema.org","@graph":[{"@type":"WebPage","@id":"https:\/\/lojasosprofessoratividades.com.br\/produto\/combo-independencia-do-brasil\/","url":"https:\/\/lojasosprofessoratividades.com.br\/produto\/combo-independencia-do-brasil\/","name":"Combo Independ\u00eancia do Brasil - Loja SOS Professor Atividades","isPartOf":{"@id":"https:\/\/lojasosprofessoratividades.com.br\/#website"},"primaryImageOfPage":{"@id":"https:\/\/lojasosprofessoratividades.com.br\/produto\/combo-independencia-do-brasil\/#primaryimage"},"image":{"@id":"https:\/\/lojasosprofessoratividades.com.br\/produto\/combo-independencia-do-brasil\/#primaryimage"},"thumbnailUrl":"https:\/\/lojasosprofessoratividades.com.br\/wp-content\/uploads\/2025\/08\/Combo-Independencia-do-Brasil-1.jpg","datePublished":"2025-08-27T13:46:41+00:00","dateModified":"2026-05-08T18:29:58+00:00","description":"Combo Independ\u00eancia do Brasil: 14 atividades em PDF com portugu\u00eas, matem\u00e1tica, artes, HQ, cartaz, hino e muito mais para a Semana da P\u00e1tria!","breadcrumb":{"@id":"https:\/\/lojasosprofessoratividades.com.br\/produto\/combo-independencia-do-brasil\/#breadcrumb"},"inLanguage":"en-US","potentialAction":[{"@type":"ReadAction","target":["https:\/\/lojasosprofessoratividades.com.br\/produto\/combo-independencia-do-brasil\/"]}]},{"@type":"ImageObject","inLanguage":"en-US","@id":"https:\/\/lojasosprofessoratividades.com.br\/produto\/combo-independencia-do-brasil\/#primaryimage","url":"https:\/\/lojasosprofessoratividades.com.br\/wp-content\/uploads\/2025\/08\/Combo-Independencia-do-Brasil-1.jpg","contentUrl":"https:\/\/lojasosprofessoratividades.com.br\/wp-content\/uploads\/2025\/08\/Combo-Independencia-do-Brasil-1.jpg","width":800,"height":693,"caption":"Combo Independ\u00eancia do Brasil"},{"@type":"BreadcrumbList","@id":"https:\/\/lojasosprofessoratividades.com.br\/produto\/combo-independencia-do-brasil\/#breadcrumb","itemListElement":[{"@type":"ListItem","position":1,"name":"In\u00edcio","item":"https:\/\/lojasosprofessoratividades.com.br\/"},{"@type":"ListItem","position":2,"name":"Loja","item":"https:\/\/lojasosprofessoratividades.com.br\/loja\/"},{"@type":"ListItem","position":3,"name":"Combo Independ\u00eancia do Brasil"}]},{"@type":"WebSite","@id":"https:\/\/lojasosprofessoratividades.com.br\/#website","url":"https:\/\/lojasosprofessoratividades.com.br\/","name":"Loja SOS Professor Atividades","description":"Venda de material did\u00e1tico para o ensino fundamental","publisher":{"@id":"https:\/\/lojasosprofessoratividades.com.br\/#organization"},"potentialAction":[{"@type":"SearchAction","target":{"@type":"EntryPoint","urlTemplate":"https:\/\/lojasosprofessoratividades.com.br\/?s={search_term_string}"},"query-input":{"@type":"PropertyValueSpecification","valueRequired":true,"valueName":"search_term_string"}}],"inLanguage":"en-US"},{"@type":"Organization","@id":"https:\/\/lojasosprofessoratividades.com.br\/#organization","name":"Loja SOS Professor Atividades","url":"https:\/\/lojasosprofessoratividades.com.br\/","logo":{"@type":"ImageObject","inLanguage":"en-US","@id":"https:\/\/lojasosprofessoratividades.com.br\/#\/schema\/logo\/image\/","url":"http:\/\/lojasosprofessoratividades.com.br\/wp-content\/uploads\/2022\/04\/Logo.png","contentUrl":"http:\/\/lojasosprofessoratividades.com.br\/wp-content\/uploads\/2022\/04\/Logo.png","width":2000,"height":2000,"caption":"Loja SOS Professor Atividades"},"image":{"@id":"https:\/\/lojasosprofessoratividades.com.br\/#\/schema\/logo\/image\/"},"sameAs":["https:\/\/www.facebook.com\/sosprofessoratividades","https:\/\/www.instagram.com\/sosprofessoratividades\/"]}]}},"_links":{"self":[{"href":"https:\/\/lojasosprofessoratividades.com.br\/en\/wp-json\/wp\/v2\/product\/36043","targetHints":{"allow":["GET"]}}],"collection":[{"href":"https:\/\/lojasosprofessoratividades.com.br\/en\/wp-json\/wp\/v2\/product"}],"about":[{"href":"https:\/\/lojasosprofessoratividades.com.br\/en\/wp-json\/wp\/v2\/types\/product"}],"replies":[{"embeddable":true,"href":"https:\/\/lojasosprofessoratividades.com.br\/en\/wp-json\/wp\/v2\/comments?post=36043"}],"wp:featuredmedia":[{"embeddable":true,"href":"https:\/\/lojasosprofessoratividades.com.br\/en\/wp-json\/wp\/v2\/media\/36045"}],"wp:attachment":[{"href":"https:\/\/lojasosprofessoratividades.com.br\/en\/wp-json\/wp\/v2\/media?parent=36043"}],"wp:term":[{"taxonomy":"product_brand","embeddable":true,"href":"https:\/\/lojasosprofessoratividades.com.br\/en\/wp-json\/wp\/v2\/product_brand?post=36043"},{"taxonomy":"product_cat","embeddable":true,"href":"https:\/\/lojasosprofessoratividades.com.br\/en\/wp-json\/wp\/v2\/product_cat?post=36043"},{"taxonomy":"product_tag","embeddable":true,"href":"https:\/\/lojasosprofessoratividades.com.br\/en\/wp-json\/wp\/v2\/product_tag?post=36043"}],"curies":[{"name":"wp","href":"https:\/\/api.w.org\/{rel}","templated":true}]}}