{"id":36080,"date":"2025-08-30T16:25:36","date_gmt":"2025-08-30T19:25:36","guid":{"rendered":"https:\/\/lojasosprofessoratividades.com.br\/?post_type=product&#038;p=36080"},"modified":"2026-05-08T15:30:08","modified_gmt":"2026-05-08T18:30:08","slug":"multiplicacao-para-4o-e-5o-ano-2-algarismos-no-multiplicador","status":"publish","type":"product","link":"https:\/\/lojasosprofessoratividades.com.br\/en\/product\/multiplicacao-para-4o-e-5o-ano-2-algarismos-no-multiplicador\/","title":{"rendered":"Multiplica\u00e7\u00e3o para 4\u00ba e 5\u00ba ano \u2013 2 Algarismos no Multiplicador"},"content":{"rendered":"","protected":false},"excerpt":{"rendered":"<p data-start=\"557\" data-end=\"776\">Facilite o ensino do algoritmo convencional da multiplica\u00e7\u00e3o de forma progressiva, organizada e atrativa para os alunos.<\/p>\n<p data-start=\"778\" data-end=\"809\">\u2705 <strong data-start=\"780\" data-end=\"807\">O que voc\u00ea vai receber:<\/strong><\/p>\n<ul data-start=\"810\" data-end=\"1314\">\n<li data-start=\"810\" data-end=\"910\">\n<p data-start=\"812\" data-end=\"910\"><strong>16 folhas de atividades<\/strong> prontas para imprimir (sendo 2 em branco para o professor personalizar);<\/p>\n<\/li>\n<li data-start=\"911\" data-end=\"975\">\n<p data-start=\"913\" data-end=\"975\"><strong>Exerc\u00edcios graduados<\/strong> com produtos de 3, 4, 5 e 6 algarismos;<\/p>\n<\/li>\n<li data-start=\"976\" data-end=\"1012\">\n<p data-start=\"978\" data-end=\"1012\"><strong>Gabarito<\/strong> completo para corre\u00e7\u00e3o;<\/p>\n<\/li>\n<li data-start=\"1013\" data-end=\"1099\">\n<p data-start=\"1015\" data-end=\"1099\"><strong data-start=\"1015\" data-end=\"1042\">Plano de aula exclusivo<\/strong>, orientando como aplicar as folhas em dias alternados;<\/p>\n<\/li>\n<li data-start=\"1100\" data-end=\"1314\">\n<p data-start=\"1102\" data-end=\"1314\"><strong data-start=\"1102\" data-end=\"1163\">QR Code com acesso direto ao nosso v\u00eddeo exclusivo do YouTube<\/strong>, ensinando a <strong data-start=\"1177\" data-end=\"1204\">t\u00e9cnica do l\u00e1pis de cor<\/strong>, que ajuda o aluno a compreender e memorizar o processo da multiplica\u00e7\u00e3o com 2 algarismos no multiplicador.<\/p>\n<\/li>\n<\/ul>\n<p data-start=\"1316\" data-end=\"1487\"><em><strong>N\u00e3o<\/strong><\/em> edit\u00e1vel.<\/p>\n<p data-start=\"1316\" data-end=\"1487\">Indicado para professores do Ensino Fundamental que desejam refor\u00e7ar o ensino da multiplica\u00e7\u00e3o, garantindo que os alunos desenvolvam seguran\u00e7a e autonomia no c\u00e1lculo.<\/p>\n<h3>N\u00e3o enviamos por e-mail, a entrega \u00e9 via link para download.\u00a0<img decoding=\"async\" class=\"emoji\" role=\"img\" draggable=\"false\" src=\"https:\/\/s.w.org\/images\/core\/emoji\/16.0.1\/svg\/1f447.svg\" alt=\"\ud83d\udc47\" \/><\/h3>\n<p><img loading=\"lazy\" decoding=\"async\" class=\"alignnone wp-image-35707 size-full\" src=\"https:\/\/lojasosprofessoratividades.com.br\/wp-content\/uploads\/2023\/09\/Aviso-Loja-atual.jpg\" alt=\"\" width=\"446\" height=\"251\" srcset=\"https:\/\/lojasosprofessoratividades.com.br\/wp-content\/uploads\/2023\/09\/Aviso-Loja-atual.jpg 446w, https:\/\/lojasosprofessoratividades.com.br\/wp-content\/uploads\/2023\/09\/Aviso-Loja-atual-300x169.jpg 300w, https:\/\/lojasosprofessoratividades.com.br\/wp-content\/uploads\/2023\/09\/Aviso-Loja-atual-18x10.jpg 18w\" sizes=\"auto, (max-width: 446px) 100vw, 446px\" \/><\/p>","protected":false},"featured_media":36082,"comment_status":"open","ping_status":"closed","template":"","meta":[],"product_brand":[],"product_cat":[125,127,194,205],"product_tag":[2624,1166,2628,2623,2625,2627,2620,2621,2622,2626,2629],"class_list":{"0":"post-36080","1":"product","2":"type-product","3":"status-publish","4":"has-post-thumbnail","6":"product_cat-4o-ano","7":"product_cat-5o-ano","8":"product_cat-matematica-4-ano","9":"product_cat-matematica-5-ano","10":"product_tag-algoritmo-da-multiplicacao","11":"product_tag-atividades-de-matematica","12":"product_tag-atividades-ensino-fundamental","13":"product_tag-exercicios-de-multiplicacao","14":"product_tag-folhinhas-de-multiplicacao","15":"product_tag-gabarito-multiplicacao","16":"product_tag-multiplicacao-4o-ano","17":"product_tag-multiplicacao-5o-ano","18":"product_tag-multiplicacao-com-2-algarismos","19":"product_tag-plano-de-aula-multiplicacao","20":"product_tag-tecnica-do-lapis-de-cor","22":"first","23":"instock","24":"sale","25":"downloadable","26":"virtual","27":"sold-individually","28":"purchasable","29":"product-type-simple"},"yoast_head":"<!-- This site is optimized with the Yoast SEO plugin v27.6 - https:\/\/yoast.com\/product\/yoast-seo-wordpress\/ -->\n<title>Multiplica\u00e7\u00e3o para 4\u00ba e 5\u00ba ano \u2013 2 Algarismos no Multiplicador - Loja SOS Professor Atividades<\/title>\n<meta name=\"description\" content=\"16 folhas de multiplica\u00e7\u00e3o para 4\u00ba e 5\u00ba ano, com gabarito, plano de aula e QR Code de v\u00eddeo exclusivo no YouTube (t\u00e9cnica do l\u00e1pis de cor).\" \/>\n<meta name=\"robots\" content=\"index, follow, max-snippet:-1, max-image-preview:large, max-video-preview:-1\" \/>\n<link rel=\"canonical\" href=\"https:\/\/lojasosprofessoratividades.com.br\/en\/product\/multiplicacao-para-4o-e-5o-ano-2-algarismos-no-multiplicador\/\" \/>\n<meta property=\"og:locale\" content=\"en_US\" \/>\n<meta property=\"og:type\" content=\"article\" \/>\n<meta property=\"og:title\" content=\"Multiplica\u00e7\u00e3o para 4\u00ba e 5\u00ba ano \u2013 2 Algarismos no Multiplicador - Loja SOS Professor Atividades\" \/>\n<meta property=\"og:description\" content=\"16 folhas de multiplica\u00e7\u00e3o para 4\u00ba e 5\u00ba ano, com gabarito, plano de aula e QR Code de v\u00eddeo exclusivo no YouTube (t\u00e9cnica do l\u00e1pis de cor).\" \/>\n<meta property=\"og:url\" content=\"https:\/\/lojasosprofessoratividades.com.br\/en\/product\/multiplicacao-para-4o-e-5o-ano-2-algarismos-no-multiplicador\/\" \/>\n<meta property=\"og:site_name\" content=\"Loja SOS Professor Atividades\" \/>\n<meta property=\"article:publisher\" content=\"https:\/\/www.facebook.com\/sosprofessoratividades\" \/>\n<meta property=\"article:modified_time\" content=\"2026-05-08T18:30:08+00:00\" \/>\n<meta property=\"og:image\" content=\"https:\/\/lojasosprofessoratividades.com.br\/wp-content\/uploads\/2025\/08\/Multiplicacao-para-4o-e-5o-ano-\u2013-2-Algarismos-no-Multiplicador-1.jpg\" \/>\n\t<meta property=\"og:image:width\" content=\"800\" \/>\n\t<meta property=\"og:image:height\" content=\"693\" \/>\n\t<meta property=\"og:image:type\" content=\"image\/jpeg\" \/>\n<meta name=\"twitter:card\" content=\"summary_large_image\" \/>\n<meta name=\"twitter:label1\" content=\"Est. reading time\" \/>\n\t<meta name=\"twitter:data1\" content=\"1 minute\" \/>\n<script type=\"application\/ld+json\" class=\"yoast-schema-graph\">{\"@context\":\"https:\\\/\\\/schema.org\",\"@graph\":[{\"@type\":\"WebPage\",\"@id\":\"https:\\\/\\\/lojasosprofessoratividades.com.br\\\/produto\\\/multiplicacao-para-4o-e-5o-ano-2-algarismos-no-multiplicador\\\/\",\"url\":\"https:\\\/\\\/lojasosprofessoratividades.com.br\\\/produto\\\/multiplicacao-para-4o-e-5o-ano-2-algarismos-no-multiplicador\\\/\",\"name\":\"Multiplica\u00e7\u00e3o para 4\u00ba e 5\u00ba ano \u2013 2 Algarismos no Multiplicador - Loja SOS Professor Atividades\",\"isPartOf\":{\"@id\":\"https:\\\/\\\/lojasosprofessoratividades.com.br\\\/#website\"},\"primaryImageOfPage\":{\"@id\":\"https:\\\/\\\/lojasosprofessoratividades.com.br\\\/produto\\\/multiplicacao-para-4o-e-5o-ano-2-algarismos-no-multiplicador\\\/#primaryimage\"},\"image\":{\"@id\":\"https:\\\/\\\/lojasosprofessoratividades.com.br\\\/produto\\\/multiplicacao-para-4o-e-5o-ano-2-algarismos-no-multiplicador\\\/#primaryimage\"},\"thumbnailUrl\":\"https:\\\/\\\/lojasosprofessoratividades.com.br\\\/wp-content\\\/uploads\\\/2025\\\/08\\\/Multiplicacao-para-4o-e-5o-ano-\u2013-2-Algarismos-no-Multiplicador-1.jpg\",\"datePublished\":\"2025-08-30T19:25:36+00:00\",\"dateModified\":\"2026-05-08T18:30:08+00:00\",\"description\":\"16 folhas de multiplica\u00e7\u00e3o para 4\u00ba e 5\u00ba ano, com gabarito, plano de aula e QR Code de v\u00eddeo exclusivo no YouTube (t\u00e9cnica do l\u00e1pis de cor).\",\"breadcrumb\":{\"@id\":\"https:\\\/\\\/lojasosprofessoratividades.com.br\\\/produto\\\/multiplicacao-para-4o-e-5o-ano-2-algarismos-no-multiplicador\\\/#breadcrumb\"},\"inLanguage\":\"en-US\",\"potentialAction\":[{\"@type\":\"ReadAction\",\"target\":[\"https:\\\/\\\/lojasosprofessoratividades.com.br\\\/produto\\\/multiplicacao-para-4o-e-5o-ano-2-algarismos-no-multiplicador\\\/\"]}]},{\"@type\":\"ImageObject\",\"inLanguage\":\"en-US\",\"@id\":\"https:\\\/\\\/lojasosprofessoratividades.com.br\\\/produto\\\/multiplicacao-para-4o-e-5o-ano-2-algarismos-no-multiplicador\\\/#primaryimage\",\"url\":\"https:\\\/\\\/lojasosprofessoratividades.com.br\\\/wp-content\\\/uploads\\\/2025\\\/08\\\/Multiplicacao-para-4o-e-5o-ano-\u2013-2-Algarismos-no-Multiplicador-1.jpg\",\"contentUrl\":\"https:\\\/\\\/lojasosprofessoratividades.com.br\\\/wp-content\\\/uploads\\\/2025\\\/08\\\/Multiplicacao-para-4o-e-5o-ano-\u2013-2-Algarismos-no-Multiplicador-1.jpg\",\"width\":800,\"height\":693,\"caption\":\"Multiplica\u00e7\u00e3o para 4\u00ba e 5\u00ba ano \u2013 2 Algarismos no Multiplicador\"},{\"@type\":\"BreadcrumbList\",\"@id\":\"https:\\\/\\\/lojasosprofessoratividades.com.br\\\/produto\\\/multiplicacao-para-4o-e-5o-ano-2-algarismos-no-multiplicador\\\/#breadcrumb\",\"itemListElement\":[{\"@type\":\"ListItem\",\"position\":1,\"name\":\"In\u00edcio\",\"item\":\"https:\\\/\\\/lojasosprofessoratividades.com.br\\\/\"},{\"@type\":\"ListItem\",\"position\":2,\"name\":\"Loja\",\"item\":\"https:\\\/\\\/lojasosprofessoratividades.com.br\\\/loja\\\/\"},{\"@type\":\"ListItem\",\"position\":3,\"name\":\"Multiplica\u00e7\u00e3o para 4\u00ba e 5\u00ba ano \u2013 2 Algarismos no Multiplicador\"}]},{\"@type\":\"WebSite\",\"@id\":\"https:\\\/\\\/lojasosprofessoratividades.com.br\\\/#website\",\"url\":\"https:\\\/\\\/lojasosprofessoratividades.com.br\\\/\",\"name\":\"Loja SOS Professor Atividades\",\"description\":\"Venda de material did\u00e1tico para o ensino fundamental\",\"publisher\":{\"@id\":\"https:\\\/\\\/lojasosprofessoratividades.com.br\\\/#organization\"},\"potentialAction\":[{\"@type\":\"SearchAction\",\"target\":{\"@type\":\"EntryPoint\",\"urlTemplate\":\"https:\\\/\\\/lojasosprofessoratividades.com.br\\\/?s={search_term_string}\"},\"query-input\":{\"@type\":\"PropertyValueSpecification\",\"valueRequired\":true,\"valueName\":\"search_term_string\"}}],\"inLanguage\":\"en-US\"},{\"@type\":\"Organization\",\"@id\":\"https:\\\/\\\/lojasosprofessoratividades.com.br\\\/#organization\",\"name\":\"Loja SOS Professor Atividades\",\"url\":\"https:\\\/\\\/lojasosprofessoratividades.com.br\\\/\",\"logo\":{\"@type\":\"ImageObject\",\"inLanguage\":\"en-US\",\"@id\":\"https:\\\/\\\/lojasosprofessoratividades.com.br\\\/#\\\/schema\\\/logo\\\/image\\\/\",\"url\":\"http:\\\/\\\/lojasosprofessoratividades.com.br\\\/wp-content\\\/uploads\\\/2022\\\/04\\\/Logo.png\",\"contentUrl\":\"http:\\\/\\\/lojasosprofessoratividades.com.br\\\/wp-content\\\/uploads\\\/2022\\\/04\\\/Logo.png\",\"width\":2000,\"height\":2000,\"caption\":\"Loja SOS Professor Atividades\"},\"image\":{\"@id\":\"https:\\\/\\\/lojasosprofessoratividades.com.br\\\/#\\\/schema\\\/logo\\\/image\\\/\"},\"sameAs\":[\"https:\\\/\\\/www.facebook.com\\\/sosprofessoratividades\",\"https:\\\/\\\/www.instagram.com\\\/sosprofessoratividades\\\/\"]}]}<\/script>\n<!-- \/ Yoast SEO plugin. -->","yoast_head_json":{"title":"Multiplica\u00e7\u00e3o para 4\u00ba e 5\u00ba ano \u2013 2 Algarismos no Multiplicador - Loja SOS Professor Atividades","description":"16 folhas de multiplica\u00e7\u00e3o para 4\u00ba e 5\u00ba ano, com gabarito, plano de aula e QR Code de v\u00eddeo exclusivo no YouTube (t\u00e9cnica do l\u00e1pis de cor).","robots":{"index":"index","follow":"follow","max-snippet":"max-snippet:-1","max-image-preview":"max-image-preview:large","max-video-preview":"max-video-preview:-1"},"canonical":"https:\/\/lojasosprofessoratividades.com.br\/en\/product\/multiplicacao-para-4o-e-5o-ano-2-algarismos-no-multiplicador\/","og_locale":"en_US","og_type":"article","og_title":"Multiplica\u00e7\u00e3o para 4\u00ba e 5\u00ba ano \u2013 2 Algarismos no Multiplicador - Loja SOS Professor Atividades","og_description":"16 folhas de multiplica\u00e7\u00e3o para 4\u00ba e 5\u00ba ano, com gabarito, plano de aula e QR Code de v\u00eddeo exclusivo no YouTube (t\u00e9cnica do l\u00e1pis de cor).","og_url":"https:\/\/lojasosprofessoratividades.com.br\/en\/product\/multiplicacao-para-4o-e-5o-ano-2-algarismos-no-multiplicador\/","og_site_name":"Loja SOS Professor Atividades","article_publisher":"https:\/\/www.facebook.com\/sosprofessoratividades","article_modified_time":"2026-05-08T18:30:08+00:00","og_image":[{"width":800,"height":693,"url":"https:\/\/lojasosprofessoratividades.com.br\/wp-content\/uploads\/2025\/08\/Multiplicacao-para-4o-e-5o-ano-\u2013-2-Algarismos-no-Multiplicador-1.jpg","type":"image\/jpeg"}],"twitter_card":"summary_large_image","twitter_misc":{"Est. reading time":"1 minute"},"schema":{"@context":"https:\/\/schema.org","@graph":[{"@type":"WebPage","@id":"https:\/\/lojasosprofessoratividades.com.br\/produto\/multiplicacao-para-4o-e-5o-ano-2-algarismos-no-multiplicador\/","url":"https:\/\/lojasosprofessoratividades.com.br\/produto\/multiplicacao-para-4o-e-5o-ano-2-algarismos-no-multiplicador\/","name":"Multiplica\u00e7\u00e3o para 4\u00ba e 5\u00ba ano \u2013 2 Algarismos no Multiplicador - Loja SOS Professor Atividades","isPartOf":{"@id":"https:\/\/lojasosprofessoratividades.com.br\/#website"},"primaryImageOfPage":{"@id":"https:\/\/lojasosprofessoratividades.com.br\/produto\/multiplicacao-para-4o-e-5o-ano-2-algarismos-no-multiplicador\/#primaryimage"},"image":{"@id":"https:\/\/lojasosprofessoratividades.com.br\/produto\/multiplicacao-para-4o-e-5o-ano-2-algarismos-no-multiplicador\/#primaryimage"},"thumbnailUrl":"https:\/\/lojasosprofessoratividades.com.br\/wp-content\/uploads\/2025\/08\/Multiplicacao-para-4o-e-5o-ano-\u2013-2-Algarismos-no-Multiplicador-1.jpg","datePublished":"2025-08-30T19:25:36+00:00","dateModified":"2026-05-08T18:30:08+00:00","description":"16 folhas de multiplica\u00e7\u00e3o para 4\u00ba e 5\u00ba ano, com gabarito, plano de aula e QR Code de v\u00eddeo exclusivo no YouTube (t\u00e9cnica do l\u00e1pis de cor).","breadcrumb":{"@id":"https:\/\/lojasosprofessoratividades.com.br\/produto\/multiplicacao-para-4o-e-5o-ano-2-algarismos-no-multiplicador\/#breadcrumb"},"inLanguage":"en-US","potentialAction":[{"@type":"ReadAction","target":["https:\/\/lojasosprofessoratividades.com.br\/produto\/multiplicacao-para-4o-e-5o-ano-2-algarismos-no-multiplicador\/"]}]},{"@type":"ImageObject","inLanguage":"en-US","@id":"https:\/\/lojasosprofessoratividades.com.br\/produto\/multiplicacao-para-4o-e-5o-ano-2-algarismos-no-multiplicador\/#primaryimage","url":"https:\/\/lojasosprofessoratividades.com.br\/wp-content\/uploads\/2025\/08\/Multiplicacao-para-4o-e-5o-ano-\u2013-2-Algarismos-no-Multiplicador-1.jpg","contentUrl":"https:\/\/lojasosprofessoratividades.com.br\/wp-content\/uploads\/2025\/08\/Multiplicacao-para-4o-e-5o-ano-\u2013-2-Algarismos-no-Multiplicador-1.jpg","width":800,"height":693,"caption":"Multiplica\u00e7\u00e3o para 4\u00ba e 5\u00ba ano \u2013 2 Algarismos no Multiplicador"},{"@type":"BreadcrumbList","@id":"https:\/\/lojasosprofessoratividades.com.br\/produto\/multiplicacao-para-4o-e-5o-ano-2-algarismos-no-multiplicador\/#breadcrumb","itemListElement":[{"@type":"ListItem","position":1,"name":"In\u00edcio","item":"https:\/\/lojasosprofessoratividades.com.br\/"},{"@type":"ListItem","position":2,"name":"Loja","item":"https:\/\/lojasosprofessoratividades.com.br\/loja\/"},{"@type":"ListItem","position":3,"name":"Multiplica\u00e7\u00e3o para 4\u00ba e 5\u00ba ano \u2013 2 Algarismos no Multiplicador"}]},{"@type":"WebSite","@id":"https:\/\/lojasosprofessoratividades.com.br\/#website","url":"https:\/\/lojasosprofessoratividades.com.br\/","name":"Loja SOS Professor Atividades","description":"Venda de material did\u00e1tico para o ensino fundamental","publisher":{"@id":"https:\/\/lojasosprofessoratividades.com.br\/#organization"},"potentialAction":[{"@type":"SearchAction","target":{"@type":"EntryPoint","urlTemplate":"https:\/\/lojasosprofessoratividades.com.br\/?s={search_term_string}"},"query-input":{"@type":"PropertyValueSpecification","valueRequired":true,"valueName":"search_term_string"}}],"inLanguage":"en-US"},{"@type":"Organization","@id":"https:\/\/lojasosprofessoratividades.com.br\/#organization","name":"Loja SOS Professor Atividades","url":"https:\/\/lojasosprofessoratividades.com.br\/","logo":{"@type":"ImageObject","inLanguage":"en-US","@id":"https:\/\/lojasosprofessoratividades.com.br\/#\/schema\/logo\/image\/","url":"http:\/\/lojasosprofessoratividades.com.br\/wp-content\/uploads\/2022\/04\/Logo.png","contentUrl":"http:\/\/lojasosprofessoratividades.com.br\/wp-content\/uploads\/2022\/04\/Logo.png","width":2000,"height":2000,"caption":"Loja SOS Professor Atividades"},"image":{"@id":"https:\/\/lojasosprofessoratividades.com.br\/#\/schema\/logo\/image\/"},"sameAs":["https:\/\/www.facebook.com\/sosprofessoratividades","https:\/\/www.instagram.com\/sosprofessoratividades\/"]}]}},"_links":{"self":[{"href":"https:\/\/lojasosprofessoratividades.com.br\/en\/wp-json\/wp\/v2\/product\/36080","targetHints":{"allow":["GET"]}}],"collection":[{"href":"https:\/\/lojasosprofessoratividades.com.br\/en\/wp-json\/wp\/v2\/product"}],"about":[{"href":"https:\/\/lojasosprofessoratividades.com.br\/en\/wp-json\/wp\/v2\/types\/product"}],"replies":[{"embeddable":true,"href":"https:\/\/lojasosprofessoratividades.com.br\/en\/wp-json\/wp\/v2\/comments?post=36080"}],"wp:featuredmedia":[{"embeddable":true,"href":"https:\/\/lojasosprofessoratividades.com.br\/en\/wp-json\/wp\/v2\/media\/36082"}],"wp:attachment":[{"href":"https:\/\/lojasosprofessoratividades.com.br\/en\/wp-json\/wp\/v2\/media?parent=36080"}],"wp:term":[{"taxonomy":"product_brand","embeddable":true,"href":"https:\/\/lojasosprofessoratividades.com.br\/en\/wp-json\/wp\/v2\/product_brand?post=36080"},{"taxonomy":"product_cat","embeddable":true,"href":"https:\/\/lojasosprofessoratividades.com.br\/en\/wp-json\/wp\/v2\/product_cat?post=36080"},{"taxonomy":"product_tag","embeddable":true,"href":"https:\/\/lojasosprofessoratividades.com.br\/en\/wp-json\/wp\/v2\/product_tag?post=36080"}],"curies":[{"name":"wp","href":"https:\/\/api.w.org\/{rel}","templated":true}]}}