{"id":36239,"date":"2025-10-19T13:22:28","date_gmt":"2025-10-19T16:22:28","guid":{"rendered":"https:\/\/lojasosprofessoratividades.com.br\/?post_type=product&#038;p=36239"},"modified":"2026-05-08T15:06:13","modified_gmt":"2026-05-08T18:06:13","slug":"cartaz-linha-do-tempo-e-atividades-do-imperio-a-republica","status":"publish","type":"product","link":"https:\/\/lojasosprofessoratividades.com.br\/en\/product\/cartaz-linha-do-tempo-e-atividades-do-imperio-a-republica\/","title":{"rendered":"Cartaz Linha do Tempo e Atividades \u2013 Do Imp\u00e9rio \u00e0 Rep\u00fablica"},"content":{"rendered":"","protected":false},"excerpt":{"rendered":"<p data-start=\"179\" data-end=\"439\">Este material exclusivo foi desenvolvido para turmas do <strong data-start=\"310\" data-end=\"326\">4\u00ba e 5\u00ba ano<\/strong> e traz o conte\u00fado do <strong data-start=\"348\" data-end=\"397\">Brasil Imp\u00e9rio at\u00e9 a Proclama\u00e7\u00e3o da Rep\u00fablica<\/strong>, de forma clara, resumida e envolvente.<\/p>\n<p data-start=\"179\" data-end=\"439\"><em><strong>N\u00e3o<\/strong><\/em> edit\u00e1vel.<\/p>\n<p data-start=\"441\" data-end=\"472\">\u2705 <strong data-start=\"443\" data-end=\"470\">O que voc\u00ea vai receber:<\/strong><\/p>\n<ul data-start=\"473\" data-end=\"884\">\n<li data-start=\"473\" data-end=\"689\">\n<p data-start=\"475\" data-end=\"523\"><strong data-start=\"478\" data-end=\"503\">Cartaz Linha do Tempo<\/strong> em dois formatos:<\/p>\n<ul data-start=\"527\" data-end=\"689\">\n<li data-start=\"527\" data-end=\"598\">\n<p data-start=\"529\" data-end=\"598\">4&#215;3 (aprox. <strong data-start=\"541\" data-end=\"559\">110 cm x 57 cm<\/strong>) \u2013 ideal para mural ou sala de aula.<\/p>\n<\/li>\n<li data-start=\"602\" data-end=\"689\">\n<p data-start=\"604\" data-end=\"689\"><strong data-start=\"604\" data-end=\"618\">Tamanho A4<\/strong> \u2013 para impress\u00e3o personalizada e amplia\u00e7\u00e3o conforme sua necessidade.<\/p>\n<\/li>\n<\/ul>\n<\/li>\n<li data-start=\"690\" data-end=\"779\">\n<p data-start=\"692\" data-end=\"779\"><strong data-start=\"695\" data-end=\"713\">Texto resumido<\/strong> com os principais fatos hist\u00f3ricos de 1822 a 1889.<\/p>\n<\/li>\n<li data-start=\"780\" data-end=\"884\">\n<p data-start=\"782\" data-end=\"884\"><strong data-start=\"785\" data-end=\"807\">Atividades prontas<\/strong> de interpreta\u00e7\u00e3o de texto, infer\u00eancia e verdadeiro ou falso, com gabarito.<\/p>\n<\/li>\n<\/ul>\n<p data-start=\"886\" data-end=\"1033\">\u00a0Indicado para professores que desejam <strong data-start=\"927\" data-end=\"965\">facilitar a compreens\u00e3o dos alunos<\/strong>, tornando a linha do tempo do Brasil mais visual e significativa.<\/p>\n<h3>N\u00e3o enviamos por e-mail, a entrega \u00e9 via link para download.\u00a0<img decoding=\"async\" class=\"emoji\" role=\"img\" draggable=\"false\" src=\"https:\/\/s.w.org\/images\/core\/emoji\/16.0.1\/svg\/1f447.svg\" alt=\"\ud83d\udc47\" \/><\/h3>\n<p><img loading=\"lazy\" decoding=\"async\" class=\"alignnone wp-image-35707 size-full\" src=\"https:\/\/lojasosprofessoratividades.com.br\/wp-content\/uploads\/2023\/09\/Aviso-Loja-atual.jpg\" alt=\"\" width=\"446\" height=\"251\" srcset=\"https:\/\/lojasosprofessoratividades.com.br\/wp-content\/uploads\/2023\/09\/Aviso-Loja-atual.jpg 446w, https:\/\/lojasosprofessoratividades.com.br\/wp-content\/uploads\/2023\/09\/Aviso-Loja-atual-300x169.jpg 300w, https:\/\/lojasosprofessoratividades.com.br\/wp-content\/uploads\/2023\/09\/Aviso-Loja-atual-18x10.jpg 18w\" sizes=\"auto, (max-width: 446px) 100vw, 446px\" \/><\/p>","protected":false},"featured_media":36533,"comment_status":"open","ping_status":"closed","template":"","meta":[],"product_brand":[],"product_cat":[125,127,216,218,192,207],"product_tag":[3133,3136,3137,3134,3132,3138,3135,3139,2644,3140],"class_list":{"0":"post-36239","1":"product","2":"type-product","3":"status-publish","4":"has-post-thumbnail","6":"product_cat-4o-ano","7":"product_cat-5o-ano","8":"product_cat-data-comemorativa-4-ano","9":"product_cat-data-comemorativa-5-ano","10":"product_cat-historia-4-ano","11":"product_cat-historia-5-ano","12":"product_tag-atividades-brasil-imperio-republica","13":"product_tag-atividades-de-historia-4o-ao-6o-ano","14":"product_tag-cartaz-didatico-historia-do-brasil","15":"product_tag-cartaz-historia-ensino-fundamental","16":"product_tag-cartaz-linha-do-tempo-brasil","17":"product_tag-independencia-do-brasil-cartaz-educativo","18":"product_tag-linha-do-tempo-brasil-1822-a-1889","19":"product_tag-material-pedagogico-historia-brasil","20":"product_tag-proclamacao-da-republica-atividades","21":"product_tag-recurso-didatico-historia-fundamental","23":"first","24":"instock","25":"downloadable","26":"virtual","27":"sold-individually","28":"purchasable","29":"product-type-simple"},"yoast_head":"<!-- This site is optimized with the Yoast SEO plugin v27.5 - https:\/\/yoast.com\/product\/yoast-seo-wordpress\/ -->\n<title>Cartaz Linha do Tempo e Atividades \u2013 Do Imp\u00e9rio \u00e0 Rep\u00fablica - Loja SOS Professor Atividades<\/title>\n<meta name=\"description\" content=\"Cartaz da Linha do Tempo e Atividades do Brasil Imp\u00e9rio \u00e0 Rep\u00fablica. Material pronto para 4\u00ba ao 6\u00ba ano com texto resumido e exerc\u00edcios.\" \/>\n<meta name=\"robots\" content=\"index, follow, max-snippet:-1, max-image-preview:large, max-video-preview:-1\" \/>\n<link rel=\"canonical\" href=\"https:\/\/lojasosprofessoratividades.com.br\/en\/product\/cartaz-linha-do-tempo-e-atividades-do-imperio-a-republica\/\" \/>\n<meta property=\"og:locale\" content=\"en_US\" \/>\n<meta property=\"og:type\" content=\"article\" \/>\n<meta property=\"og:title\" content=\"Cartaz Linha do Tempo e Atividades \u2013 Do Imp\u00e9rio \u00e0 Rep\u00fablica - Loja SOS Professor Atividades\" \/>\n<meta property=\"og:description\" content=\"Cartaz da Linha do Tempo e Atividades do Brasil Imp\u00e9rio \u00e0 Rep\u00fablica. Material pronto para 4\u00ba ao 6\u00ba ano com texto resumido e exerc\u00edcios.\" \/>\n<meta property=\"og:url\" content=\"https:\/\/lojasosprofessoratividades.com.br\/en\/product\/cartaz-linha-do-tempo-e-atividades-do-imperio-a-republica\/\" \/>\n<meta property=\"og:site_name\" content=\"Loja SOS Professor Atividades\" \/>\n<meta property=\"article:publisher\" content=\"https:\/\/www.facebook.com\/sosprofessoratividades\" \/>\n<meta property=\"article:modified_time\" content=\"2026-05-08T18:06:13+00:00\" \/>\n<meta property=\"og:image\" content=\"https:\/\/lojasosprofessoratividades.com.br\/wp-content\/uploads\/2025\/10\/Cartaz-Linha-do-Tempo-e-Atividades-Do-Imperio-a-Republica-1.jpg\" \/>\n\t<meta property=\"og:image:width\" content=\"800\" \/>\n\t<meta property=\"og:image:height\" content=\"693\" \/>\n\t<meta property=\"og:image:type\" content=\"image\/jpeg\" \/>\n<meta name=\"twitter:card\" content=\"summary_large_image\" \/>\n<meta name=\"twitter:label1\" content=\"Est. reading time\" \/>\n\t<meta name=\"twitter:data1\" content=\"1 minute\" \/>\n<script type=\"application\/ld+json\" class=\"yoast-schema-graph\">{\"@context\":\"https:\\\/\\\/schema.org\",\"@graph\":[{\"@type\":\"WebPage\",\"@id\":\"https:\\\/\\\/lojasosprofessoratividades.com.br\\\/produto\\\/cartaz-linha-do-tempo-e-atividades-do-imperio-a-republica\\\/\",\"url\":\"https:\\\/\\\/lojasosprofessoratividades.com.br\\\/produto\\\/cartaz-linha-do-tempo-e-atividades-do-imperio-a-republica\\\/\",\"name\":\"Cartaz Linha do Tempo e Atividades \u2013 Do Imp\u00e9rio \u00e0 Rep\u00fablica - Loja SOS Professor Atividades\",\"isPartOf\":{\"@id\":\"https:\\\/\\\/lojasosprofessoratividades.com.br\\\/#website\"},\"primaryImageOfPage\":{\"@id\":\"https:\\\/\\\/lojasosprofessoratividades.com.br\\\/produto\\\/cartaz-linha-do-tempo-e-atividades-do-imperio-a-republica\\\/#primaryimage\"},\"image\":{\"@id\":\"https:\\\/\\\/lojasosprofessoratividades.com.br\\\/produto\\\/cartaz-linha-do-tempo-e-atividades-do-imperio-a-republica\\\/#primaryimage\"},\"thumbnailUrl\":\"https:\\\/\\\/lojasosprofessoratividades.com.br\\\/wp-content\\\/uploads\\\/2025\\\/10\\\/Cartaz-Linha-do-Tempo-e-Atividades-Do-Imperio-a-Republica-1.jpg\",\"datePublished\":\"2025-10-19T16:22:28+00:00\",\"dateModified\":\"2026-05-08T18:06:13+00:00\",\"description\":\"Cartaz da Linha do Tempo e Atividades do Brasil Imp\u00e9rio \u00e0 Rep\u00fablica. Material pronto para 4\u00ba ao 6\u00ba ano com texto resumido e exerc\u00edcios.\",\"breadcrumb\":{\"@id\":\"https:\\\/\\\/lojasosprofessoratividades.com.br\\\/produto\\\/cartaz-linha-do-tempo-e-atividades-do-imperio-a-republica\\\/#breadcrumb\"},\"inLanguage\":\"en-US\",\"potentialAction\":[{\"@type\":\"ReadAction\",\"target\":[\"https:\\\/\\\/lojasosprofessoratividades.com.br\\\/produto\\\/cartaz-linha-do-tempo-e-atividades-do-imperio-a-republica\\\/\"]}]},{\"@type\":\"ImageObject\",\"inLanguage\":\"en-US\",\"@id\":\"https:\\\/\\\/lojasosprofessoratividades.com.br\\\/produto\\\/cartaz-linha-do-tempo-e-atividades-do-imperio-a-republica\\\/#primaryimage\",\"url\":\"https:\\\/\\\/lojasosprofessoratividades.com.br\\\/wp-content\\\/uploads\\\/2025\\\/10\\\/Cartaz-Linha-do-Tempo-e-Atividades-Do-Imperio-a-Republica-1.jpg\",\"contentUrl\":\"https:\\\/\\\/lojasosprofessoratividades.com.br\\\/wp-content\\\/uploads\\\/2025\\\/10\\\/Cartaz-Linha-do-Tempo-e-Atividades-Do-Imperio-a-Republica-1.jpg\",\"width\":800,\"height\":693,\"caption\":\"Cartaz Linha do Tempo e Atividades \u2013 Do Imp\u00e9rio \u00e0 Rep\u00fablica\"},{\"@type\":\"BreadcrumbList\",\"@id\":\"https:\\\/\\\/lojasosprofessoratividades.com.br\\\/produto\\\/cartaz-linha-do-tempo-e-atividades-do-imperio-a-republica\\\/#breadcrumb\",\"itemListElement\":[{\"@type\":\"ListItem\",\"position\":1,\"name\":\"In\u00edcio\",\"item\":\"https:\\\/\\\/lojasosprofessoratividades.com.br\\\/\"},{\"@type\":\"ListItem\",\"position\":2,\"name\":\"Loja\",\"item\":\"https:\\\/\\\/lojasosprofessoratividades.com.br\\\/loja\\\/\"},{\"@type\":\"ListItem\",\"position\":3,\"name\":\"Cartaz Linha do Tempo e Atividades \u2013 Do Imp\u00e9rio \u00e0 Rep\u00fablica\"}]},{\"@type\":\"WebSite\",\"@id\":\"https:\\\/\\\/lojasosprofessoratividades.com.br\\\/#website\",\"url\":\"https:\\\/\\\/lojasosprofessoratividades.com.br\\\/\",\"name\":\"Loja SOS Professor Atividades\",\"description\":\"Venda de material did\u00e1tico para o ensino fundamental\",\"publisher\":{\"@id\":\"https:\\\/\\\/lojasosprofessoratividades.com.br\\\/#organization\"},\"potentialAction\":[{\"@type\":\"SearchAction\",\"target\":{\"@type\":\"EntryPoint\",\"urlTemplate\":\"https:\\\/\\\/lojasosprofessoratividades.com.br\\\/?s={search_term_string}\"},\"query-input\":{\"@type\":\"PropertyValueSpecification\",\"valueRequired\":true,\"valueName\":\"search_term_string\"}}],\"inLanguage\":\"en-US\"},{\"@type\":\"Organization\",\"@id\":\"https:\\\/\\\/lojasosprofessoratividades.com.br\\\/#organization\",\"name\":\"Loja SOS Professor Atividades\",\"url\":\"https:\\\/\\\/lojasosprofessoratividades.com.br\\\/\",\"logo\":{\"@type\":\"ImageObject\",\"inLanguage\":\"en-US\",\"@id\":\"https:\\\/\\\/lojasosprofessoratividades.com.br\\\/#\\\/schema\\\/logo\\\/image\\\/\",\"url\":\"http:\\\/\\\/lojasosprofessoratividades.com.br\\\/wp-content\\\/uploads\\\/2022\\\/04\\\/Logo.png\",\"contentUrl\":\"http:\\\/\\\/lojasosprofessoratividades.com.br\\\/wp-content\\\/uploads\\\/2022\\\/04\\\/Logo.png\",\"width\":2000,\"height\":2000,\"caption\":\"Loja SOS Professor Atividades\"},\"image\":{\"@id\":\"https:\\\/\\\/lojasosprofessoratividades.com.br\\\/#\\\/schema\\\/logo\\\/image\\\/\"},\"sameAs\":[\"https:\\\/\\\/www.facebook.com\\\/sosprofessoratividades\",\"https:\\\/\\\/www.instagram.com\\\/sosprofessoratividades\\\/\"]}]}<\/script>\n<!-- \/ Yoast SEO plugin. -->","yoast_head_json":{"title":"Cartaz Linha do Tempo e Atividades \u2013 Do Imp\u00e9rio \u00e0 Rep\u00fablica - Loja SOS Professor Atividades","description":"Cartaz da Linha do Tempo e Atividades do Brasil Imp\u00e9rio \u00e0 Rep\u00fablica. Material pronto para 4\u00ba ao 6\u00ba ano com texto resumido e exerc\u00edcios.","robots":{"index":"index","follow":"follow","max-snippet":"max-snippet:-1","max-image-preview":"max-image-preview:large","max-video-preview":"max-video-preview:-1"},"canonical":"https:\/\/lojasosprofessoratividades.com.br\/en\/product\/cartaz-linha-do-tempo-e-atividades-do-imperio-a-republica\/","og_locale":"en_US","og_type":"article","og_title":"Cartaz Linha do Tempo e Atividades \u2013 Do Imp\u00e9rio \u00e0 Rep\u00fablica - Loja SOS Professor Atividades","og_description":"Cartaz da Linha do Tempo e Atividades do Brasil Imp\u00e9rio \u00e0 Rep\u00fablica. Material pronto para 4\u00ba ao 6\u00ba ano com texto resumido e exerc\u00edcios.","og_url":"https:\/\/lojasosprofessoratividades.com.br\/en\/product\/cartaz-linha-do-tempo-e-atividades-do-imperio-a-republica\/","og_site_name":"Loja SOS Professor Atividades","article_publisher":"https:\/\/www.facebook.com\/sosprofessoratividades","article_modified_time":"2026-05-08T18:06:13+00:00","og_image":[{"width":800,"height":693,"url":"https:\/\/lojasosprofessoratividades.com.br\/wp-content\/uploads\/2025\/10\/Cartaz-Linha-do-Tempo-e-Atividades-Do-Imperio-a-Republica-1.jpg","type":"image\/jpeg"}],"twitter_card":"summary_large_image","twitter_misc":{"Est. reading time":"1 minute"},"schema":{"@context":"https:\/\/schema.org","@graph":[{"@type":"WebPage","@id":"https:\/\/lojasosprofessoratividades.com.br\/produto\/cartaz-linha-do-tempo-e-atividades-do-imperio-a-republica\/","url":"https:\/\/lojasosprofessoratividades.com.br\/produto\/cartaz-linha-do-tempo-e-atividades-do-imperio-a-republica\/","name":"Cartaz Linha do Tempo e Atividades \u2013 Do Imp\u00e9rio \u00e0 Rep\u00fablica - Loja SOS Professor Atividades","isPartOf":{"@id":"https:\/\/lojasosprofessoratividades.com.br\/#website"},"primaryImageOfPage":{"@id":"https:\/\/lojasosprofessoratividades.com.br\/produto\/cartaz-linha-do-tempo-e-atividades-do-imperio-a-republica\/#primaryimage"},"image":{"@id":"https:\/\/lojasosprofessoratividades.com.br\/produto\/cartaz-linha-do-tempo-e-atividades-do-imperio-a-republica\/#primaryimage"},"thumbnailUrl":"https:\/\/lojasosprofessoratividades.com.br\/wp-content\/uploads\/2025\/10\/Cartaz-Linha-do-Tempo-e-Atividades-Do-Imperio-a-Republica-1.jpg","datePublished":"2025-10-19T16:22:28+00:00","dateModified":"2026-05-08T18:06:13+00:00","description":"Cartaz da Linha do Tempo e Atividades do Brasil Imp\u00e9rio \u00e0 Rep\u00fablica. Material pronto para 4\u00ba ao 6\u00ba ano com texto resumido e exerc\u00edcios.","breadcrumb":{"@id":"https:\/\/lojasosprofessoratividades.com.br\/produto\/cartaz-linha-do-tempo-e-atividades-do-imperio-a-republica\/#breadcrumb"},"inLanguage":"en-US","potentialAction":[{"@type":"ReadAction","target":["https:\/\/lojasosprofessoratividades.com.br\/produto\/cartaz-linha-do-tempo-e-atividades-do-imperio-a-republica\/"]}]},{"@type":"ImageObject","inLanguage":"en-US","@id":"https:\/\/lojasosprofessoratividades.com.br\/produto\/cartaz-linha-do-tempo-e-atividades-do-imperio-a-republica\/#primaryimage","url":"https:\/\/lojasosprofessoratividades.com.br\/wp-content\/uploads\/2025\/10\/Cartaz-Linha-do-Tempo-e-Atividades-Do-Imperio-a-Republica-1.jpg","contentUrl":"https:\/\/lojasosprofessoratividades.com.br\/wp-content\/uploads\/2025\/10\/Cartaz-Linha-do-Tempo-e-Atividades-Do-Imperio-a-Republica-1.jpg","width":800,"height":693,"caption":"Cartaz Linha do Tempo e Atividades \u2013 Do Imp\u00e9rio \u00e0 Rep\u00fablica"},{"@type":"BreadcrumbList","@id":"https:\/\/lojasosprofessoratividades.com.br\/produto\/cartaz-linha-do-tempo-e-atividades-do-imperio-a-republica\/#breadcrumb","itemListElement":[{"@type":"ListItem","position":1,"name":"In\u00edcio","item":"https:\/\/lojasosprofessoratividades.com.br\/"},{"@type":"ListItem","position":2,"name":"Loja","item":"https:\/\/lojasosprofessoratividades.com.br\/loja\/"},{"@type":"ListItem","position":3,"name":"Cartaz Linha do Tempo e Atividades \u2013 Do Imp\u00e9rio \u00e0 Rep\u00fablica"}]},{"@type":"WebSite","@id":"https:\/\/lojasosprofessoratividades.com.br\/#website","url":"https:\/\/lojasosprofessoratividades.com.br\/","name":"Loja SOS Professor Atividades","description":"Venda de material did\u00e1tico para o ensino fundamental","publisher":{"@id":"https:\/\/lojasosprofessoratividades.com.br\/#organization"},"potentialAction":[{"@type":"SearchAction","target":{"@type":"EntryPoint","urlTemplate":"https:\/\/lojasosprofessoratividades.com.br\/?s={search_term_string}"},"query-input":{"@type":"PropertyValueSpecification","valueRequired":true,"valueName":"search_term_string"}}],"inLanguage":"en-US"},{"@type":"Organization","@id":"https:\/\/lojasosprofessoratividades.com.br\/#organization","name":"Loja SOS Professor Atividades","url":"https:\/\/lojasosprofessoratividades.com.br\/","logo":{"@type":"ImageObject","inLanguage":"en-US","@id":"https:\/\/lojasosprofessoratividades.com.br\/#\/schema\/logo\/image\/","url":"http:\/\/lojasosprofessoratividades.com.br\/wp-content\/uploads\/2022\/04\/Logo.png","contentUrl":"http:\/\/lojasosprofessoratividades.com.br\/wp-content\/uploads\/2022\/04\/Logo.png","width":2000,"height":2000,"caption":"Loja SOS Professor Atividades"},"image":{"@id":"https:\/\/lojasosprofessoratividades.com.br\/#\/schema\/logo\/image\/"},"sameAs":["https:\/\/www.facebook.com\/sosprofessoratividades","https:\/\/www.instagram.com\/sosprofessoratividades\/"]}]}},"_links":{"self":[{"href":"https:\/\/lojasosprofessoratividades.com.br\/en\/wp-json\/wp\/v2\/product\/36239","targetHints":{"allow":["GET"]}}],"collection":[{"href":"https:\/\/lojasosprofessoratividades.com.br\/en\/wp-json\/wp\/v2\/product"}],"about":[{"href":"https:\/\/lojasosprofessoratividades.com.br\/en\/wp-json\/wp\/v2\/types\/product"}],"replies":[{"embeddable":true,"href":"https:\/\/lojasosprofessoratividades.com.br\/en\/wp-json\/wp\/v2\/comments?post=36239"}],"wp:featuredmedia":[{"embeddable":true,"href":"https:\/\/lojasosprofessoratividades.com.br\/en\/wp-json\/wp\/v2\/media\/36533"}],"wp:attachment":[{"href":"https:\/\/lojasosprofessoratividades.com.br\/en\/wp-json\/wp\/v2\/media?parent=36239"}],"wp:term":[{"taxonomy":"product_brand","embeddable":true,"href":"https:\/\/lojasosprofessoratividades.com.br\/en\/wp-json\/wp\/v2\/product_brand?post=36239"},{"taxonomy":"product_cat","embeddable":true,"href":"https:\/\/lojasosprofessoratividades.com.br\/en\/wp-json\/wp\/v2\/product_cat?post=36239"},{"taxonomy":"product_tag","embeddable":true,"href":"https:\/\/lojasosprofessoratividades.com.br\/en\/wp-json\/wp\/v2\/product_tag?post=36239"}],"curies":[{"name":"wp","href":"https:\/\/api.w.org\/{rel}","templated":true}]}}