{"id":36328,"date":"2025-09-25T13:36:06","date_gmt":"2025-09-25T16:36:06","guid":{"rendered":"https:\/\/lojasosprofessoratividades.com.br\/?post_type=product&#038;p=36328"},"modified":"2026-05-08T15:03:29","modified_gmt":"2026-05-08T18:03:29","slug":"lembrancinha-dia-das-criancas-palhacinho-coloreti","status":"publish","type":"product","link":"https:\/\/lojasosprofessoratividades.com.br\/en\/product\/lembrancinha-dia-das-criancas-palhacinho-coloreti\/","title":{"rendered":"Lembrancinha Dia das Crian\u00e7as \u2013 Palhacinho Coloreti"},"content":{"rendered":"","protected":false},"excerpt":{"rendered":"<p data-start=\"440\" data-end=\"734\">Encante sua turma com uma lembrancinha especial para o <strong data-start=\"495\" data-end=\"515\">Dia das Crian\u00e7as<\/strong>!\u00a0<br data-start=\"519\" data-end=\"522\" \/>Esse <strong data-start=\"527\" data-end=\"550\">Palhacinho Criativo<\/strong> (<em><strong>n\u00e3o<\/strong><\/em> edit\u00e1vel) \u00e9 um arquivo digital pr\u00e1tico e divertido, perfeito para imprimir e montar em sala de aula. Basta adicionar o Coloreti para transformar em um mimo cheio de cor e alegria.<\/p>\n<p>\u00a0Ideal para professores que buscam unir <strong data-start=\"777\" data-end=\"813\">criatividade, carinho e educa\u00e7\u00e3o<\/strong> em uma data t\u00e3o especial.<br data-start=\"839\" data-end=\"842\" \/>\u00a0F\u00e1cil de personalizar, montar e encantar!<\/p>\n<p data-start=\"890\" data-end=\"969\">\u00a0Adquira agora seu arquivo digital e torne o Dia das Crian\u00e7as inesquec\u00edvel!<\/p>\n<h3>N\u00e3o enviamos por e-mail, a entrega \u00e9 via link para download.\u00a0<img decoding=\"async\" class=\"emoji\" role=\"img\" draggable=\"false\" src=\"https:\/\/s.w.org\/images\/core\/emoji\/16.0.1\/svg\/1f447.svg\" alt=\"\ud83d\udc47\" \/><\/h3>\n<p><img loading=\"lazy\" decoding=\"async\" class=\"alignnone wp-image-35707 size-full\" src=\"https:\/\/lojasosprofessoratividades.com.br\/wp-content\/uploads\/2023\/09\/Aviso-Loja-atual.jpg\" alt=\"\" width=\"446\" height=\"251\" srcset=\"https:\/\/lojasosprofessoratividades.com.br\/wp-content\/uploads\/2023\/09\/Aviso-Loja-atual.jpg 446w, https:\/\/lojasosprofessoratividades.com.br\/wp-content\/uploads\/2023\/09\/Aviso-Loja-atual-300x169.jpg 300w, https:\/\/lojasosprofessoratividades.com.br\/wp-content\/uploads\/2023\/09\/Aviso-Loja-atual-18x10.jpg 18w\" sizes=\"auto, (max-width: 446px) 100vw, 446px\" \/><\/p>","protected":false},"featured_media":36445,"comment_status":"open","ping_status":"closed","template":"","meta":[],"product_brand":[],"product_cat":[122,123,124,125,127,216,218,210,214,212],"product_tag":[3062,3064,290,1549,3069,3065,3066,3063,2277,623,3068,3067],"class_list":{"0":"post-36328","1":"product","2":"type-product","3":"status-publish","4":"has-post-thumbnail","6":"product_cat-1o-ano","7":"product_cat-2o-ano","8":"product_cat-3o-ano","9":"product_cat-4o-ano","10":"product_cat-5o-ano","11":"product_cat-data-comemorativa-4-ano","12":"product_cat-data-comemorativa-5-ano","13":"product_cat-data-comemorativa-1-ano","14":"product_cat-data-comemorativa-3-ano","15":"product_cat-data-comemorativa-2-ano","16":"product_tag-arquivo-digital-pedagogico","17":"product_tag-atividade-criativa-professores","18":"product_tag-dia-das-criancas","19":"product_tag-ideias-para-professores","20":"product_tag-lembranca-divertida-para-criancas","21":"product_tag-lembranca-infantil","22":"product_tag-lembranca-personalizada-escola","23":"product_tag-lembrancinha-com-doces","24":"product_tag-lembrancinha-dia-das-criancas","25":"product_tag-lembrancinha-escolar","26":"product_tag-lembrancinha-simples-e-barata","27":"product_tag-recurso-didatico-dia-das-criancas","29":"first","30":"instock","31":"downloadable","32":"virtual","33":"sold-individually","34":"purchasable","35":"product-type-simple"},"yoast_head":"<!-- This site is optimized with the Yoast SEO plugin v27.5 - https:\/\/yoast.com\/product\/yoast-seo-wordpress\/ -->\n<title>Lembrancinha Dia das Crian\u00e7as \u2013 Palhacinho Coloreti - Loja SOS Professor Atividades<\/title>\n<meta name=\"description\" content=\"Lembrancinha digital Dia das Crian\u00e7as: palhacinho criativo com doces, f\u00e1cil de montar, ideal para professores encantarem a turma na escola.\" \/>\n<meta name=\"robots\" content=\"index, follow, max-snippet:-1, max-image-preview:large, max-video-preview:-1\" \/>\n<link rel=\"canonical\" href=\"https:\/\/lojasosprofessoratividades.com.br\/en\/product\/lembrancinha-dia-das-criancas-palhacinho-coloreti\/\" \/>\n<meta property=\"og:locale\" content=\"en_US\" \/>\n<meta property=\"og:type\" content=\"article\" \/>\n<meta property=\"og:title\" content=\"Lembrancinha Dia das Crian\u00e7as \u2013 Palhacinho Coloreti - Loja SOS Professor Atividades\" \/>\n<meta property=\"og:description\" content=\"Lembrancinha digital Dia das Crian\u00e7as: palhacinho criativo com doces, f\u00e1cil de montar, ideal para professores encantarem a turma na escola.\" \/>\n<meta property=\"og:url\" content=\"https:\/\/lojasosprofessoratividades.com.br\/en\/product\/lembrancinha-dia-das-criancas-palhacinho-coloreti\/\" \/>\n<meta property=\"og:site_name\" content=\"Loja SOS Professor Atividades\" \/>\n<meta property=\"article:publisher\" content=\"https:\/\/www.facebook.com\/sosprofessoratividades\" \/>\n<meta property=\"article:modified_time\" content=\"2026-05-08T18:03:29+00:00\" \/>\n<meta property=\"og:image\" content=\"https:\/\/lojasosprofessoratividades.com.br\/wp-content\/uploads\/2025\/09\/Lembrancinha-Dia-das-Criancas-Palhacinho-Coloreti-1.jpg\" \/>\n\t<meta property=\"og:image:width\" content=\"800\" \/>\n\t<meta property=\"og:image:height\" content=\"693\" \/>\n\t<meta property=\"og:image:type\" content=\"image\/jpeg\" \/>\n<meta name=\"twitter:card\" content=\"summary_large_image\" \/>\n<meta name=\"twitter:label1\" content=\"Est. reading time\" \/>\n\t<meta name=\"twitter:data1\" content=\"1 minute\" \/>\n<script type=\"application\/ld+json\" class=\"yoast-schema-graph\">{\"@context\":\"https:\\\/\\\/schema.org\",\"@graph\":[{\"@type\":\"WebPage\",\"@id\":\"https:\\\/\\\/lojasosprofessoratividades.com.br\\\/produto\\\/lembrancinha-dia-das-criancas-palhacinho-coloreti\\\/\",\"url\":\"https:\\\/\\\/lojasosprofessoratividades.com.br\\\/produto\\\/lembrancinha-dia-das-criancas-palhacinho-coloreti\\\/\",\"name\":\"Lembrancinha Dia das Crian\u00e7as \u2013 Palhacinho Coloreti - Loja SOS Professor Atividades\",\"isPartOf\":{\"@id\":\"https:\\\/\\\/lojasosprofessoratividades.com.br\\\/#website\"},\"primaryImageOfPage\":{\"@id\":\"https:\\\/\\\/lojasosprofessoratividades.com.br\\\/produto\\\/lembrancinha-dia-das-criancas-palhacinho-coloreti\\\/#primaryimage\"},\"image\":{\"@id\":\"https:\\\/\\\/lojasosprofessoratividades.com.br\\\/produto\\\/lembrancinha-dia-das-criancas-palhacinho-coloreti\\\/#primaryimage\"},\"thumbnailUrl\":\"https:\\\/\\\/lojasosprofessoratividades.com.br\\\/wp-content\\\/uploads\\\/2025\\\/09\\\/Lembrancinha-Dia-das-Criancas-Palhacinho-Coloreti-1.jpg\",\"datePublished\":\"2025-09-25T16:36:06+00:00\",\"dateModified\":\"2026-05-08T18:03:29+00:00\",\"description\":\"Lembrancinha digital Dia das Crian\u00e7as: palhacinho criativo com doces, f\u00e1cil de montar, ideal para professores encantarem a turma na escola.\",\"breadcrumb\":{\"@id\":\"https:\\\/\\\/lojasosprofessoratividades.com.br\\\/produto\\\/lembrancinha-dia-das-criancas-palhacinho-coloreti\\\/#breadcrumb\"},\"inLanguage\":\"en-US\",\"potentialAction\":[{\"@type\":\"ReadAction\",\"target\":[\"https:\\\/\\\/lojasosprofessoratividades.com.br\\\/produto\\\/lembrancinha-dia-das-criancas-palhacinho-coloreti\\\/\"]}]},{\"@type\":\"ImageObject\",\"inLanguage\":\"en-US\",\"@id\":\"https:\\\/\\\/lojasosprofessoratividades.com.br\\\/produto\\\/lembrancinha-dia-das-criancas-palhacinho-coloreti\\\/#primaryimage\",\"url\":\"https:\\\/\\\/lojasosprofessoratividades.com.br\\\/wp-content\\\/uploads\\\/2025\\\/09\\\/Lembrancinha-Dia-das-Criancas-Palhacinho-Coloreti-1.jpg\",\"contentUrl\":\"https:\\\/\\\/lojasosprofessoratividades.com.br\\\/wp-content\\\/uploads\\\/2025\\\/09\\\/Lembrancinha-Dia-das-Criancas-Palhacinho-Coloreti-1.jpg\",\"width\":800,\"height\":693,\"caption\":\"Lembrancinha Dia das Criancas Palhacinho Coloreti\"},{\"@type\":\"BreadcrumbList\",\"@id\":\"https:\\\/\\\/lojasosprofessoratividades.com.br\\\/produto\\\/lembrancinha-dia-das-criancas-palhacinho-coloreti\\\/#breadcrumb\",\"itemListElement\":[{\"@type\":\"ListItem\",\"position\":1,\"name\":\"In\u00edcio\",\"item\":\"https:\\\/\\\/lojasosprofessoratividades.com.br\\\/\"},{\"@type\":\"ListItem\",\"position\":2,\"name\":\"Loja\",\"item\":\"https:\\\/\\\/lojasosprofessoratividades.com.br\\\/loja\\\/\"},{\"@type\":\"ListItem\",\"position\":3,\"name\":\"Lembrancinha Dia das Crian\u00e7as \u2013 Palhacinho Coloreti\"}]},{\"@type\":\"WebSite\",\"@id\":\"https:\\\/\\\/lojasosprofessoratividades.com.br\\\/#website\",\"url\":\"https:\\\/\\\/lojasosprofessoratividades.com.br\\\/\",\"name\":\"Loja SOS Professor Atividades\",\"description\":\"Venda de material did\u00e1tico para o ensino fundamental\",\"publisher\":{\"@id\":\"https:\\\/\\\/lojasosprofessoratividades.com.br\\\/#organization\"},\"potentialAction\":[{\"@type\":\"SearchAction\",\"target\":{\"@type\":\"EntryPoint\",\"urlTemplate\":\"https:\\\/\\\/lojasosprofessoratividades.com.br\\\/?s={search_term_string}\"},\"query-input\":{\"@type\":\"PropertyValueSpecification\",\"valueRequired\":true,\"valueName\":\"search_term_string\"}}],\"inLanguage\":\"en-US\"},{\"@type\":\"Organization\",\"@id\":\"https:\\\/\\\/lojasosprofessoratividades.com.br\\\/#organization\",\"name\":\"Loja SOS Professor Atividades\",\"url\":\"https:\\\/\\\/lojasosprofessoratividades.com.br\\\/\",\"logo\":{\"@type\":\"ImageObject\",\"inLanguage\":\"en-US\",\"@id\":\"https:\\\/\\\/lojasosprofessoratividades.com.br\\\/#\\\/schema\\\/logo\\\/image\\\/\",\"url\":\"http:\\\/\\\/lojasosprofessoratividades.com.br\\\/wp-content\\\/uploads\\\/2022\\\/04\\\/Logo.png\",\"contentUrl\":\"http:\\\/\\\/lojasosprofessoratividades.com.br\\\/wp-content\\\/uploads\\\/2022\\\/04\\\/Logo.png\",\"width\":2000,\"height\":2000,\"caption\":\"Loja SOS Professor Atividades\"},\"image\":{\"@id\":\"https:\\\/\\\/lojasosprofessoratividades.com.br\\\/#\\\/schema\\\/logo\\\/image\\\/\"},\"sameAs\":[\"https:\\\/\\\/www.facebook.com\\\/sosprofessoratividades\",\"https:\\\/\\\/www.instagram.com\\\/sosprofessoratividades\\\/\"]}]}<\/script>\n<!-- \/ Yoast SEO plugin. -->","yoast_head_json":{"title":"Lembrancinha Dia das Crian\u00e7as \u2013 Palhacinho Coloreti - Loja SOS Professor Atividades","description":"Lembrancinha digital Dia das Crian\u00e7as: palhacinho criativo com doces, f\u00e1cil de montar, ideal para professores encantarem a turma na escola.","robots":{"index":"index","follow":"follow","max-snippet":"max-snippet:-1","max-image-preview":"max-image-preview:large","max-video-preview":"max-video-preview:-1"},"canonical":"https:\/\/lojasosprofessoratividades.com.br\/en\/product\/lembrancinha-dia-das-criancas-palhacinho-coloreti\/","og_locale":"en_US","og_type":"article","og_title":"Lembrancinha Dia das Crian\u00e7as \u2013 Palhacinho Coloreti - Loja SOS Professor Atividades","og_description":"Lembrancinha digital Dia das Crian\u00e7as: palhacinho criativo com doces, f\u00e1cil de montar, ideal para professores encantarem a turma na escola.","og_url":"https:\/\/lojasosprofessoratividades.com.br\/en\/product\/lembrancinha-dia-das-criancas-palhacinho-coloreti\/","og_site_name":"Loja SOS Professor Atividades","article_publisher":"https:\/\/www.facebook.com\/sosprofessoratividades","article_modified_time":"2026-05-08T18:03:29+00:00","og_image":[{"width":800,"height":693,"url":"https:\/\/lojasosprofessoratividades.com.br\/wp-content\/uploads\/2025\/09\/Lembrancinha-Dia-das-Criancas-Palhacinho-Coloreti-1.jpg","type":"image\/jpeg"}],"twitter_card":"summary_large_image","twitter_misc":{"Est. reading time":"1 minute"},"schema":{"@context":"https:\/\/schema.org","@graph":[{"@type":"WebPage","@id":"https:\/\/lojasosprofessoratividades.com.br\/produto\/lembrancinha-dia-das-criancas-palhacinho-coloreti\/","url":"https:\/\/lojasosprofessoratividades.com.br\/produto\/lembrancinha-dia-das-criancas-palhacinho-coloreti\/","name":"Lembrancinha Dia das Crian\u00e7as \u2013 Palhacinho Coloreti - Loja SOS Professor Atividades","isPartOf":{"@id":"https:\/\/lojasosprofessoratividades.com.br\/#website"},"primaryImageOfPage":{"@id":"https:\/\/lojasosprofessoratividades.com.br\/produto\/lembrancinha-dia-das-criancas-palhacinho-coloreti\/#primaryimage"},"image":{"@id":"https:\/\/lojasosprofessoratividades.com.br\/produto\/lembrancinha-dia-das-criancas-palhacinho-coloreti\/#primaryimage"},"thumbnailUrl":"https:\/\/lojasosprofessoratividades.com.br\/wp-content\/uploads\/2025\/09\/Lembrancinha-Dia-das-Criancas-Palhacinho-Coloreti-1.jpg","datePublished":"2025-09-25T16:36:06+00:00","dateModified":"2026-05-08T18:03:29+00:00","description":"Lembrancinha digital Dia das Crian\u00e7as: palhacinho criativo com doces, f\u00e1cil de montar, ideal para professores encantarem a turma na escola.","breadcrumb":{"@id":"https:\/\/lojasosprofessoratividades.com.br\/produto\/lembrancinha-dia-das-criancas-palhacinho-coloreti\/#breadcrumb"},"inLanguage":"en-US","potentialAction":[{"@type":"ReadAction","target":["https:\/\/lojasosprofessoratividades.com.br\/produto\/lembrancinha-dia-das-criancas-palhacinho-coloreti\/"]}]},{"@type":"ImageObject","inLanguage":"en-US","@id":"https:\/\/lojasosprofessoratividades.com.br\/produto\/lembrancinha-dia-das-criancas-palhacinho-coloreti\/#primaryimage","url":"https:\/\/lojasosprofessoratividades.com.br\/wp-content\/uploads\/2025\/09\/Lembrancinha-Dia-das-Criancas-Palhacinho-Coloreti-1.jpg","contentUrl":"https:\/\/lojasosprofessoratividades.com.br\/wp-content\/uploads\/2025\/09\/Lembrancinha-Dia-das-Criancas-Palhacinho-Coloreti-1.jpg","width":800,"height":693,"caption":"Lembrancinha Dia das Criancas Palhacinho Coloreti"},{"@type":"BreadcrumbList","@id":"https:\/\/lojasosprofessoratividades.com.br\/produto\/lembrancinha-dia-das-criancas-palhacinho-coloreti\/#breadcrumb","itemListElement":[{"@type":"ListItem","position":1,"name":"In\u00edcio","item":"https:\/\/lojasosprofessoratividades.com.br\/"},{"@type":"ListItem","position":2,"name":"Loja","item":"https:\/\/lojasosprofessoratividades.com.br\/loja\/"},{"@type":"ListItem","position":3,"name":"Lembrancinha Dia das Crian\u00e7as \u2013 Palhacinho Coloreti"}]},{"@type":"WebSite","@id":"https:\/\/lojasosprofessoratividades.com.br\/#website","url":"https:\/\/lojasosprofessoratividades.com.br\/","name":"Loja SOS Professor Atividades","description":"Venda de material did\u00e1tico para o ensino fundamental","publisher":{"@id":"https:\/\/lojasosprofessoratividades.com.br\/#organization"},"potentialAction":[{"@type":"SearchAction","target":{"@type":"EntryPoint","urlTemplate":"https:\/\/lojasosprofessoratividades.com.br\/?s={search_term_string}"},"query-input":{"@type":"PropertyValueSpecification","valueRequired":true,"valueName":"search_term_string"}}],"inLanguage":"en-US"},{"@type":"Organization","@id":"https:\/\/lojasosprofessoratividades.com.br\/#organization","name":"Loja SOS Professor Atividades","url":"https:\/\/lojasosprofessoratividades.com.br\/","logo":{"@type":"ImageObject","inLanguage":"en-US","@id":"https:\/\/lojasosprofessoratividades.com.br\/#\/schema\/logo\/image\/","url":"http:\/\/lojasosprofessoratividades.com.br\/wp-content\/uploads\/2022\/04\/Logo.png","contentUrl":"http:\/\/lojasosprofessoratividades.com.br\/wp-content\/uploads\/2022\/04\/Logo.png","width":2000,"height":2000,"caption":"Loja SOS Professor Atividades"},"image":{"@id":"https:\/\/lojasosprofessoratividades.com.br\/#\/schema\/logo\/image\/"},"sameAs":["https:\/\/www.facebook.com\/sosprofessoratividades","https:\/\/www.instagram.com\/sosprofessoratividades\/"]}]}},"_links":{"self":[{"href":"https:\/\/lojasosprofessoratividades.com.br\/en\/wp-json\/wp\/v2\/product\/36328","targetHints":{"allow":["GET"]}}],"collection":[{"href":"https:\/\/lojasosprofessoratividades.com.br\/en\/wp-json\/wp\/v2\/product"}],"about":[{"href":"https:\/\/lojasosprofessoratividades.com.br\/en\/wp-json\/wp\/v2\/types\/product"}],"replies":[{"embeddable":true,"href":"https:\/\/lojasosprofessoratividades.com.br\/en\/wp-json\/wp\/v2\/comments?post=36328"}],"wp:featuredmedia":[{"embeddable":true,"href":"https:\/\/lojasosprofessoratividades.com.br\/en\/wp-json\/wp\/v2\/media\/36445"}],"wp:attachment":[{"href":"https:\/\/lojasosprofessoratividades.com.br\/en\/wp-json\/wp\/v2\/media?parent=36328"}],"wp:term":[{"taxonomy":"product_brand","embeddable":true,"href":"https:\/\/lojasosprofessoratividades.com.br\/en\/wp-json\/wp\/v2\/product_brand?post=36328"},{"taxonomy":"product_cat","embeddable":true,"href":"https:\/\/lojasosprofessoratividades.com.br\/en\/wp-json\/wp\/v2\/product_cat?post=36328"},{"taxonomy":"product_tag","embeddable":true,"href":"https:\/\/lojasosprofessoratividades.com.br\/en\/wp-json\/wp\/v2\/product_tag?post=36328"}],"curies":[{"name":"wp","href":"https:\/\/api.w.org\/{rel}","templated":true}]}}