{"id":36345,"date":"2025-09-27T12:50:52","date_gmt":"2025-09-27T15:50:52","guid":{"rendered":"https:\/\/lojasosprofessoratividades.com.br\/?post_type=product&#038;p=36345"},"modified":"2026-05-08T15:03:38","modified_gmt":"2026-05-08T18:03:38","slug":"atividades-sobre-fato-e-opiniao-para-o-ensino-fundamental","status":"publish","type":"product","link":"https:\/\/lojasosprofessoratividades.com.br\/en\/product\/atividades-sobre-fato-e-opiniao-para-o-ensino-fundamental\/","title":{"rendered":"Atividades sobre Fato e Opini\u00e3o para o Ensino Fundamental"},"content":{"rendered":"","protected":false},"excerpt":{"rendered":"<p data-start=\"241\" data-end=\"494\">Quer ensinar seus alunos a diferenciar <strong data-start=\"280\" data-end=\"298\">fato e opini\u00e3o<\/strong> de forma clara, pr\u00e1tica e divertida?<br data-start=\"335\" data-end=\"338\" \/>Este arquivo exclusivo foi elaborado especialmente para <strong data-start=\"394\" data-end=\"424\">professores do 5\u00ba e 6\u00ba ano<\/strong>, alinhado \u00e0 <strong data-start=\"437\" data-end=\"445\">BNCC<\/strong>, e est\u00e1 pronto para ser usado em sala de aula!<\/p>\n<p data-start=\"496\" data-end=\"880\"><strong data-start=\"499\" data-end=\"526\">O que voc\u00ea vai receber:<\/strong><br data-start=\"526\" data-end=\"529\" \/>\u2705 Texto conceitual explicativo sobre Fato x Opini\u00e3o<br data-start=\"580\" data-end=\"583\" \/>\u2705 Atividades de identifica\u00e7\u00e3o, compara\u00e7\u00e3o e transforma\u00e7\u00e3o<br data-start=\"640\" data-end=\"643\" \/>\u2705 Propostas de produ\u00e7\u00e3o escrita (frases e pequenos textos)<br data-start=\"701\" data-end=\"704\" \/>\u2705 <strong data-start=\"706\" data-end=\"742\">Cartaz com mapa mental ilustrado<\/strong> para fixa\u00e7\u00e3o visual<br data-start=\"762\" data-end=\"765\" \/>\u2705 Gabarito completo para o professor<br data-start=\"801\" data-end=\"804\" \/>\u2705 <strong data-start=\"806\" data-end=\"823\">Plano de aula<\/strong> pronto, com objetivos, habilidades da BNCC e avalia\u00e7\u00e3o<\/p>\n<p data-start=\"882\" data-end=\"926\"><strong data-start=\"885\" data-end=\"924\">Benef\u00edcios para voc\u00ea, professor(a):<\/strong><\/p>\n<ul data-start=\"927\" data-end=\"1196\">\n<li data-start=\"927\" data-end=\"980\">\n<p data-start=\"929\" data-end=\"980\">Economize tempo com material pronto e estruturado<\/p>\n<\/li>\n<li data-start=\"981\" data-end=\"1043\">\n<p data-start=\"983\" data-end=\"1043\">Ensine um tema essencial da leitura cr\u00edtica e argumenta\u00e7\u00e3o<\/p>\n<\/li>\n<li data-start=\"1044\" data-end=\"1112\">\n<p data-start=\"1046\" data-end=\"1112\">Trabalhe habilidades previstas na <strong data-start=\"1080\" data-end=\"1110\">BNCC\u00a0<\/strong><\/p>\n<\/li>\n<li data-start=\"1113\" data-end=\"1196\">\n<p data-start=\"1115\" data-end=\"1196\">Incentive seus alunos a refletirem, analisarem e opinarem de forma fundamentada<\/p>\n<\/li>\n<\/ul>\n<p data-start=\"1198\" data-end=\"1272\">Transforme sua aula em um momento din\u00e2mico, significativo e produtivo!<\/p>\n<p data-start=\"1274\" data-end=\"1401\">Adquira agora o arquivo <strong data-start=\"1301\" data-end=\"1338\">\u201cAtividades sobre Fato e Opini\u00e3o\u201d<\/strong> e leve mais praticidade e qualidade para o seu planejamento!<\/p>\n<h3>N\u00e3o enviamos por e-mail, a entrega \u00e9 via link para download.\u00a0<img decoding=\"async\" class=\"emoji\" role=\"img\" draggable=\"false\" src=\"https:\/\/s.w.org\/images\/core\/emoji\/16.0.1\/svg\/1f447.svg\" alt=\"\ud83d\udc47\" \/><\/h3>\n<p><img loading=\"lazy\" decoding=\"async\" class=\"alignnone wp-image-35707 size-full\" src=\"https:\/\/lojasosprofessoratividades.com.br\/wp-content\/uploads\/2023\/09\/Aviso-Loja-atual.jpg\" alt=\"\" width=\"446\" height=\"251\" srcset=\"https:\/\/lojasosprofessoratividades.com.br\/wp-content\/uploads\/2023\/09\/Aviso-Loja-atual.jpg 446w, https:\/\/lojasosprofessoratividades.com.br\/wp-content\/uploads\/2023\/09\/Aviso-Loja-atual-300x169.jpg 300w, https:\/\/lojasosprofessoratividades.com.br\/wp-content\/uploads\/2023\/09\/Aviso-Loja-atual-18x10.jpg 18w\" sizes=\"auto, (max-width: 446px) 100vw, 446px\" \/><\/p>","protected":false},"featured_media":36346,"comment_status":"open","ping_status":"closed","template":"","meta":[],"product_brand":[],"product_cat":[127,204],"product_tag":[1551,3072,3070,3071,245,3073,643,2002],"class_list":{"0":"post-36345","1":"product","2":"type-product","3":"status-publish","4":"has-post-thumbnail","6":"product_cat-5o-ano","7":"product_cat-portugues-5-anos","8":"product_tag-atividades-5o-ano","9":"product_tag-atividades-6o-ano","10":"product_tag-atividades-fato-e-opiniao","11":"product_tag-bncc-portugues","12":"product_tag-ensino-fundamental","13":"product_tag-leitura-critica","14":"product_tag-material-pedagogico","15":"product_tag-plano-de-aula-portugues","17":"first","18":"instock","19":"sale","20":"downloadable","21":"virtual","22":"sold-individually","23":"purchasable","24":"product-type-simple"},"yoast_head":"<!-- This site is optimized with the Yoast SEO plugin v27.6 - https:\/\/yoast.com\/product\/yoast-seo-wordpress\/ -->\n<title>Atividades sobre Fato e Opini\u00e3o para o Ensino Fundamental - Loja SOS Professor Atividades<\/title>\n<meta name=\"description\" content=\"Arquivo pronto de atividades sobre fato e opini\u00e3o com texto conceitual, cartaz, gabarito e plano de aula alinhado \u00e0 BNCC.\" \/>\n<meta name=\"robots\" content=\"index, follow, max-snippet:-1, max-image-preview:large, max-video-preview:-1\" \/>\n<link rel=\"canonical\" href=\"https:\/\/lojasosprofessoratividades.com.br\/en\/product\/atividades-sobre-fato-e-opiniao-para-o-ensino-fundamental\/\" \/>\n<meta property=\"og:locale\" content=\"en_US\" \/>\n<meta property=\"og:type\" content=\"article\" \/>\n<meta property=\"og:title\" content=\"Atividades sobre Fato e Opini\u00e3o para o Ensino Fundamental - Loja SOS Professor Atividades\" \/>\n<meta property=\"og:description\" content=\"Arquivo pronto de atividades sobre fato e opini\u00e3o com texto conceitual, cartaz, gabarito e plano de aula alinhado \u00e0 BNCC.\" \/>\n<meta property=\"og:url\" content=\"https:\/\/lojasosprofessoratividades.com.br\/en\/product\/atividades-sobre-fato-e-opiniao-para-o-ensino-fundamental\/\" \/>\n<meta property=\"og:site_name\" content=\"Loja SOS Professor Atividades\" \/>\n<meta property=\"article:publisher\" content=\"https:\/\/www.facebook.com\/sosprofessoratividades\" \/>\n<meta property=\"article:modified_time\" content=\"2026-05-08T18:03:38+00:00\" \/>\n<meta property=\"og:image\" content=\"https:\/\/lojasosprofessoratividades.com.br\/wp-content\/uploads\/2025\/09\/Atividades-sobre-Fato-e-Opiniao-para-o-Ensino-Fundamental1-1.jpg\" \/>\n\t<meta property=\"og:image:width\" content=\"800\" \/>\n\t<meta property=\"og:image:height\" content=\"693\" \/>\n\t<meta property=\"og:image:type\" content=\"image\/jpeg\" \/>\n<meta name=\"twitter:card\" content=\"summary_large_image\" \/>\n<meta name=\"twitter:label1\" content=\"Est. reading time\" \/>\n\t<meta name=\"twitter:data1\" content=\"1 minute\" \/>\n<script type=\"application\/ld+json\" class=\"yoast-schema-graph\">{\"@context\":\"https:\\\/\\\/schema.org\",\"@graph\":[{\"@type\":\"WebPage\",\"@id\":\"https:\\\/\\\/lojasosprofessoratividades.com.br\\\/produto\\\/atividades-sobre-fato-e-opiniao-para-o-ensino-fundamental\\\/\",\"url\":\"https:\\\/\\\/lojasosprofessoratividades.com.br\\\/produto\\\/atividades-sobre-fato-e-opiniao-para-o-ensino-fundamental\\\/\",\"name\":\"Atividades sobre Fato e Opini\u00e3o para o Ensino Fundamental - Loja SOS Professor Atividades\",\"isPartOf\":{\"@id\":\"https:\\\/\\\/lojasosprofessoratividades.com.br\\\/#website\"},\"primaryImageOfPage\":{\"@id\":\"https:\\\/\\\/lojasosprofessoratividades.com.br\\\/produto\\\/atividades-sobre-fato-e-opiniao-para-o-ensino-fundamental\\\/#primaryimage\"},\"image\":{\"@id\":\"https:\\\/\\\/lojasosprofessoratividades.com.br\\\/produto\\\/atividades-sobre-fato-e-opiniao-para-o-ensino-fundamental\\\/#primaryimage\"},\"thumbnailUrl\":\"https:\\\/\\\/lojasosprofessoratividades.com.br\\\/wp-content\\\/uploads\\\/2025\\\/09\\\/Atividades-sobre-Fato-e-Opiniao-para-o-Ensino-Fundamental1-1.jpg\",\"datePublished\":\"2025-09-27T15:50:52+00:00\",\"dateModified\":\"2026-05-08T18:03:38+00:00\",\"description\":\"Arquivo pronto de atividades sobre fato e opini\u00e3o com texto conceitual, cartaz, gabarito e plano de aula alinhado \u00e0 BNCC.\",\"breadcrumb\":{\"@id\":\"https:\\\/\\\/lojasosprofessoratividades.com.br\\\/produto\\\/atividades-sobre-fato-e-opiniao-para-o-ensino-fundamental\\\/#breadcrumb\"},\"inLanguage\":\"en-US\",\"potentialAction\":[{\"@type\":\"ReadAction\",\"target\":[\"https:\\\/\\\/lojasosprofessoratividades.com.br\\\/produto\\\/atividades-sobre-fato-e-opiniao-para-o-ensino-fundamental\\\/\"]}]},{\"@type\":\"ImageObject\",\"inLanguage\":\"en-US\",\"@id\":\"https:\\\/\\\/lojasosprofessoratividades.com.br\\\/produto\\\/atividades-sobre-fato-e-opiniao-para-o-ensino-fundamental\\\/#primaryimage\",\"url\":\"https:\\\/\\\/lojasosprofessoratividades.com.br\\\/wp-content\\\/uploads\\\/2025\\\/09\\\/Atividades-sobre-Fato-e-Opiniao-para-o-Ensino-Fundamental1-1.jpg\",\"contentUrl\":\"https:\\\/\\\/lojasosprofessoratividades.com.br\\\/wp-content\\\/uploads\\\/2025\\\/09\\\/Atividades-sobre-Fato-e-Opiniao-para-o-Ensino-Fundamental1-1.jpg\",\"width\":800,\"height\":693,\"caption\":\"Atividades sobre Fato e Opini\u00e3o para o Ensino Fundamental\"},{\"@type\":\"BreadcrumbList\",\"@id\":\"https:\\\/\\\/lojasosprofessoratividades.com.br\\\/produto\\\/atividades-sobre-fato-e-opiniao-para-o-ensino-fundamental\\\/#breadcrumb\",\"itemListElement\":[{\"@type\":\"ListItem\",\"position\":1,\"name\":\"In\u00edcio\",\"item\":\"https:\\\/\\\/lojasosprofessoratividades.com.br\\\/\"},{\"@type\":\"ListItem\",\"position\":2,\"name\":\"Loja\",\"item\":\"https:\\\/\\\/lojasosprofessoratividades.com.br\\\/loja\\\/\"},{\"@type\":\"ListItem\",\"position\":3,\"name\":\"Atividades sobre Fato e Opini\u00e3o para o Ensino Fundamental\"}]},{\"@type\":\"WebSite\",\"@id\":\"https:\\\/\\\/lojasosprofessoratividades.com.br\\\/#website\",\"url\":\"https:\\\/\\\/lojasosprofessoratividades.com.br\\\/\",\"name\":\"Loja SOS Professor Atividades\",\"description\":\"Venda de material did\u00e1tico para o ensino fundamental\",\"publisher\":{\"@id\":\"https:\\\/\\\/lojasosprofessoratividades.com.br\\\/#organization\"},\"potentialAction\":[{\"@type\":\"SearchAction\",\"target\":{\"@type\":\"EntryPoint\",\"urlTemplate\":\"https:\\\/\\\/lojasosprofessoratividades.com.br\\\/?s={search_term_string}\"},\"query-input\":{\"@type\":\"PropertyValueSpecification\",\"valueRequired\":true,\"valueName\":\"search_term_string\"}}],\"inLanguage\":\"en-US\"},{\"@type\":\"Organization\",\"@id\":\"https:\\\/\\\/lojasosprofessoratividades.com.br\\\/#organization\",\"name\":\"Loja SOS Professor Atividades\",\"url\":\"https:\\\/\\\/lojasosprofessoratividades.com.br\\\/\",\"logo\":{\"@type\":\"ImageObject\",\"inLanguage\":\"en-US\",\"@id\":\"https:\\\/\\\/lojasosprofessoratividades.com.br\\\/#\\\/schema\\\/logo\\\/image\\\/\",\"url\":\"http:\\\/\\\/lojasosprofessoratividades.com.br\\\/wp-content\\\/uploads\\\/2022\\\/04\\\/Logo.png\",\"contentUrl\":\"http:\\\/\\\/lojasosprofessoratividades.com.br\\\/wp-content\\\/uploads\\\/2022\\\/04\\\/Logo.png\",\"width\":2000,\"height\":2000,\"caption\":\"Loja SOS Professor Atividades\"},\"image\":{\"@id\":\"https:\\\/\\\/lojasosprofessoratividades.com.br\\\/#\\\/schema\\\/logo\\\/image\\\/\"},\"sameAs\":[\"https:\\\/\\\/www.facebook.com\\\/sosprofessoratividades\",\"https:\\\/\\\/www.instagram.com\\\/sosprofessoratividades\\\/\"]}]}<\/script>\n<!-- \/ Yoast SEO plugin. -->","yoast_head_json":{"title":"Atividades sobre Fato e Opini\u00e3o para o Ensino Fundamental - Loja SOS Professor Atividades","description":"Arquivo pronto de atividades sobre fato e opini\u00e3o com texto conceitual, cartaz, gabarito e plano de aula alinhado \u00e0 BNCC.","robots":{"index":"index","follow":"follow","max-snippet":"max-snippet:-1","max-image-preview":"max-image-preview:large","max-video-preview":"max-video-preview:-1"},"canonical":"https:\/\/lojasosprofessoratividades.com.br\/en\/product\/atividades-sobre-fato-e-opiniao-para-o-ensino-fundamental\/","og_locale":"en_US","og_type":"article","og_title":"Atividades sobre Fato e Opini\u00e3o para o Ensino Fundamental - Loja SOS Professor Atividades","og_description":"Arquivo pronto de atividades sobre fato e opini\u00e3o com texto conceitual, cartaz, gabarito e plano de aula alinhado \u00e0 BNCC.","og_url":"https:\/\/lojasosprofessoratividades.com.br\/en\/product\/atividades-sobre-fato-e-opiniao-para-o-ensino-fundamental\/","og_site_name":"Loja SOS Professor Atividades","article_publisher":"https:\/\/www.facebook.com\/sosprofessoratividades","article_modified_time":"2026-05-08T18:03:38+00:00","og_image":[{"width":800,"height":693,"url":"https:\/\/lojasosprofessoratividades.com.br\/wp-content\/uploads\/2025\/09\/Atividades-sobre-Fato-e-Opiniao-para-o-Ensino-Fundamental1-1.jpg","type":"image\/jpeg"}],"twitter_card":"summary_large_image","twitter_misc":{"Est. reading time":"1 minute"},"schema":{"@context":"https:\/\/schema.org","@graph":[{"@type":"WebPage","@id":"https:\/\/lojasosprofessoratividades.com.br\/produto\/atividades-sobre-fato-e-opiniao-para-o-ensino-fundamental\/","url":"https:\/\/lojasosprofessoratividades.com.br\/produto\/atividades-sobre-fato-e-opiniao-para-o-ensino-fundamental\/","name":"Atividades sobre Fato e Opini\u00e3o para o Ensino Fundamental - Loja SOS Professor Atividades","isPartOf":{"@id":"https:\/\/lojasosprofessoratividades.com.br\/#website"},"primaryImageOfPage":{"@id":"https:\/\/lojasosprofessoratividades.com.br\/produto\/atividades-sobre-fato-e-opiniao-para-o-ensino-fundamental\/#primaryimage"},"image":{"@id":"https:\/\/lojasosprofessoratividades.com.br\/produto\/atividades-sobre-fato-e-opiniao-para-o-ensino-fundamental\/#primaryimage"},"thumbnailUrl":"https:\/\/lojasosprofessoratividades.com.br\/wp-content\/uploads\/2025\/09\/Atividades-sobre-Fato-e-Opiniao-para-o-Ensino-Fundamental1-1.jpg","datePublished":"2025-09-27T15:50:52+00:00","dateModified":"2026-05-08T18:03:38+00:00","description":"Arquivo pronto de atividades sobre fato e opini\u00e3o com texto conceitual, cartaz, gabarito e plano de aula alinhado \u00e0 BNCC.","breadcrumb":{"@id":"https:\/\/lojasosprofessoratividades.com.br\/produto\/atividades-sobre-fato-e-opiniao-para-o-ensino-fundamental\/#breadcrumb"},"inLanguage":"en-US","potentialAction":[{"@type":"ReadAction","target":["https:\/\/lojasosprofessoratividades.com.br\/produto\/atividades-sobre-fato-e-opiniao-para-o-ensino-fundamental\/"]}]},{"@type":"ImageObject","inLanguage":"en-US","@id":"https:\/\/lojasosprofessoratividades.com.br\/produto\/atividades-sobre-fato-e-opiniao-para-o-ensino-fundamental\/#primaryimage","url":"https:\/\/lojasosprofessoratividades.com.br\/wp-content\/uploads\/2025\/09\/Atividades-sobre-Fato-e-Opiniao-para-o-Ensino-Fundamental1-1.jpg","contentUrl":"https:\/\/lojasosprofessoratividades.com.br\/wp-content\/uploads\/2025\/09\/Atividades-sobre-Fato-e-Opiniao-para-o-Ensino-Fundamental1-1.jpg","width":800,"height":693,"caption":"Atividades sobre Fato e Opini\u00e3o para o Ensino Fundamental"},{"@type":"BreadcrumbList","@id":"https:\/\/lojasosprofessoratividades.com.br\/produto\/atividades-sobre-fato-e-opiniao-para-o-ensino-fundamental\/#breadcrumb","itemListElement":[{"@type":"ListItem","position":1,"name":"In\u00edcio","item":"https:\/\/lojasosprofessoratividades.com.br\/"},{"@type":"ListItem","position":2,"name":"Loja","item":"https:\/\/lojasosprofessoratividades.com.br\/loja\/"},{"@type":"ListItem","position":3,"name":"Atividades sobre Fato e Opini\u00e3o para o Ensino Fundamental"}]},{"@type":"WebSite","@id":"https:\/\/lojasosprofessoratividades.com.br\/#website","url":"https:\/\/lojasosprofessoratividades.com.br\/","name":"Loja SOS Professor Atividades","description":"Venda de material did\u00e1tico para o ensino fundamental","publisher":{"@id":"https:\/\/lojasosprofessoratividades.com.br\/#organization"},"potentialAction":[{"@type":"SearchAction","target":{"@type":"EntryPoint","urlTemplate":"https:\/\/lojasosprofessoratividades.com.br\/?s={search_term_string}"},"query-input":{"@type":"PropertyValueSpecification","valueRequired":true,"valueName":"search_term_string"}}],"inLanguage":"en-US"},{"@type":"Organization","@id":"https:\/\/lojasosprofessoratividades.com.br\/#organization","name":"Loja SOS Professor Atividades","url":"https:\/\/lojasosprofessoratividades.com.br\/","logo":{"@type":"ImageObject","inLanguage":"en-US","@id":"https:\/\/lojasosprofessoratividades.com.br\/#\/schema\/logo\/image\/","url":"http:\/\/lojasosprofessoratividades.com.br\/wp-content\/uploads\/2022\/04\/Logo.png","contentUrl":"http:\/\/lojasosprofessoratividades.com.br\/wp-content\/uploads\/2022\/04\/Logo.png","width":2000,"height":2000,"caption":"Loja SOS Professor Atividades"},"image":{"@id":"https:\/\/lojasosprofessoratividades.com.br\/#\/schema\/logo\/image\/"},"sameAs":["https:\/\/www.facebook.com\/sosprofessoratividades","https:\/\/www.instagram.com\/sosprofessoratividades\/"]}]}},"_links":{"self":[{"href":"https:\/\/lojasosprofessoratividades.com.br\/en\/wp-json\/wp\/v2\/product\/36345","targetHints":{"allow":["GET"]}}],"collection":[{"href":"https:\/\/lojasosprofessoratividades.com.br\/en\/wp-json\/wp\/v2\/product"}],"about":[{"href":"https:\/\/lojasosprofessoratividades.com.br\/en\/wp-json\/wp\/v2\/types\/product"}],"replies":[{"embeddable":true,"href":"https:\/\/lojasosprofessoratividades.com.br\/en\/wp-json\/wp\/v2\/comments?post=36345"}],"wp:featuredmedia":[{"embeddable":true,"href":"https:\/\/lojasosprofessoratividades.com.br\/en\/wp-json\/wp\/v2\/media\/36346"}],"wp:attachment":[{"href":"https:\/\/lojasosprofessoratividades.com.br\/en\/wp-json\/wp\/v2\/media?parent=36345"}],"wp:term":[{"taxonomy":"product_brand","embeddable":true,"href":"https:\/\/lojasosprofessoratividades.com.br\/en\/wp-json\/wp\/v2\/product_brand?post=36345"},{"taxonomy":"product_cat","embeddable":true,"href":"https:\/\/lojasosprofessoratividades.com.br\/en\/wp-json\/wp\/v2\/product_cat?post=36345"},{"taxonomy":"product_tag","embeddable":true,"href":"https:\/\/lojasosprofessoratividades.com.br\/en\/wp-json\/wp\/v2\/product_tag?post=36345"}],"curies":[{"name":"wp","href":"https:\/\/api.w.org\/{rel}","templated":true}]}}