{"id":36519,"date":"2025-10-17T15:01:25","date_gmt":"2025-10-17T18:01:25","guid":{"rendered":"https:\/\/lojasosprofessoratividades.com.br\/?post_type=product&#038;p=36519"},"modified":"2026-05-08T15:05:59","modified_gmt":"2026-05-08T18:05:59","slug":"atividade-dandara-e-a-princesa-perdida-consciencia-negra","status":"publish","type":"product","link":"https:\/\/lojasosprofessoratividades.com.br\/en\/product\/atividade-dandara-e-a-princesa-perdida-consciencia-negra\/","title":{"rendered":"Atividade Dandara e a Princesa Perdida \u2013 Consci\u00eancia Negra"},"content":{"rendered":"","protected":false},"excerpt":{"rendered":"<p data-start=\"365\" data-end=\"722\"><strong data-start=\"365\" data-end=\"439\">Por que n\u00e3o existem princesas negras? Onde est\u00e3o as princesas como eu?<\/strong><br data-start=\"439\" data-end=\"442\" \/>Essas perguntas cheias de curiosidade e sensibilidade d\u00e3o in\u00edcio a uma jornada de descobertas com <em data-start=\"540\" data-end=\"570\">Dandara e a princesa perdida<\/em>, uma proposta encantadora para trabalhar <strong data-start=\"612\" data-end=\"667\">literatura, consci\u00eancia negra e autoestima infantil<\/strong> nas turmas do <strong data-start=\"682\" data-end=\"719\">4\u00ba e 5\u00ba ano do Ensino Fundamental<\/strong>.<\/p>\n<p data-start=\"724\" data-end=\"1105\">Este material completo (<em><strong>n\u00e3o edit\u00e1vel<\/strong><\/em>) foi planejado com <strong data-start=\"765\" data-end=\"787\">carinho pedag\u00f3gico<\/strong> e foco na <strong data-start=\"798\" data-end=\"845\">forma\u00e7\u00e3o de leitores cr\u00edticos e conscientes<\/strong>. Atrav\u00e9s da leitura da resenha do livro e das atividades reflexivas, os alunos ser\u00e3o convidados a pensar sobre <strong data-start=\"957\" data-end=\"1026\">representatividade, diversidade e valoriza\u00e7\u00e3o da cultura africana<\/strong> \u2014 temas fundamentais no m\u00eas da <strong data-start=\"1058\" data-end=\"1079\">Consci\u00eancia Negra<\/strong> e em todo o ano letivo.<\/p>\n<h3 data-start=\"1112\" data-end=\"1158\"><strong data-start=\"1119\" data-end=\"1158\">O que voc\u00ea encontrar\u00e1 neste arquivo<\/strong><\/h3>\n<p data-start=\"1159\" data-end=\"1713\">&#8211; <strong data-start=\"1161\" data-end=\"1181\">Resenha do livro<\/strong> <em data-start=\"1182\" data-end=\"1212\">Dandara e a princesa perdida<\/em>, com linguagem adaptada para os alunos.<br data-start=\"1252\" data-end=\"1255\" \/>&#8211; <strong data-start=\"1257\" data-end=\"1297\">Atividades de interpreta\u00e7\u00e3o de texto<\/strong> (com perguntas objetivas e reflexivas).<br data-start=\"1337\" data-end=\"1340\" \/>&#8211; <strong data-start=\"1342\" data-end=\"1363\">Pesquisa dirigida<\/strong> sobre a realeza africana atual, incentivando a busca por princesas reais negras.<br data-start=\"1444\" data-end=\"1447\" \/>&#8211; <strong data-start=\"1449\" data-end=\"1472\">Cartaz 2&#215;2 ampliado<\/strong> com imagem e resenha ilustrada, perfeito para murais e exposi\u00e7\u00f5es escolares.<br data-start=\"1549\" data-end=\"1552\" \/>&#8211; <strong data-start=\"1554\" data-end=\"1580\">Plano de aula completo<\/strong>, com objetivos, habilidades da BNCC, sugest\u00f5es metodol\u00f3gicas e avalia\u00e7\u00e3o.<br data-start=\"1654\" data-end=\"1657\" \/>&#8211; <strong data-start=\"1659\" data-end=\"1671\">Gabarito<\/strong> para facilitar o trabalho do professor.<\/p>\n<h3 data-start=\"1720\" data-end=\"1757\"><strong data-start=\"1727\" data-end=\"1757\">Por que usar este material<\/strong><\/h3>\n<ul data-start=\"1758\" data-end=\"2065\">\n<li data-start=\"1758\" data-end=\"1825\">\n<p data-start=\"1760\" data-end=\"1825\">Promove <strong data-start=\"1768\" data-end=\"1822\">valores de igualdade, respeito e identidade racial<\/strong>.<\/p>\n<\/li>\n<li data-start=\"1826\" data-end=\"1893\">\n<p data-start=\"1828\" data-end=\"1893\">Trabalha leitura e escrita com <strong data-start=\"1859\" data-end=\"1890\">significado e sensibilidade<\/strong>.<\/p>\n<\/li>\n<li data-start=\"1894\" data-end=\"1991\">\n<p data-start=\"1896\" data-end=\"1991\">Pode ser usado em <strong data-start=\"1914\" data-end=\"1988\">projetos sobre Consci\u00eancia Negra, identidade e cultura afro-brasileira<\/strong>.<\/p>\n<\/li>\n<li data-start=\"1992\" data-end=\"2065\">\n<p data-start=\"1994\" data-end=\"2065\">Ideal para <strong data-start=\"2005\" data-end=\"2062\">feiras liter\u00e1rias, rodas de leitura e aulas tem\u00e1ticas<\/strong>.<\/p>\n<h3 data-start=\"2072\" data-end=\"2095\"><strong data-start=\"2079\" data-end=\"2095\">P\u00fablico-alvo<\/strong><\/h3>\n<p data-start=\"2096\" data-end=\"2242\">Professores do <strong data-start=\"2111\" data-end=\"2148\">4\u00ba e 5\u00ba ano do Ensino Fundamental<\/strong>, coordenadores pedag\u00f3gicos e escolas que valorizam a diversidade e o protagonismo infantil.<\/p>\n<p>Com <em data-start=\"2326\" data-end=\"2356\">Dandara e a princesa perdida<\/em>, seus alunos v\u00e3o descobrir que <strong data-start=\"2388\" data-end=\"2461\">toda crian\u00e7a pode ser d realeza \u2014 basta acreditar na pr\u00f3pria hist\u00f3ria!<\/strong><\/li>\n<\/ul>\n<h3>N\u00e3o enviamos por e-mail, a entrega \u00e9 via link para download.\u00a0<img decoding=\"async\" class=\"emoji\" role=\"img\" draggable=\"false\" src=\"https:\/\/s.w.org\/images\/core\/emoji\/16.0.1\/svg\/1f447.svg\" alt=\"\ud83d\udc47\" \/><\/h3>\n<p><img loading=\"lazy\" decoding=\"async\" class=\"alignnone wp-image-35707 size-full\" src=\"https:\/\/lojasosprofessoratividades.com.br\/wp-content\/uploads\/2023\/09\/Aviso-Loja-atual.jpg\" alt=\"\" width=\"446\" height=\"251\" srcset=\"https:\/\/lojasosprofessoratividades.com.br\/wp-content\/uploads\/2023\/09\/Aviso-Loja-atual.jpg 446w, https:\/\/lojasosprofessoratividades.com.br\/wp-content\/uploads\/2023\/09\/Aviso-Loja-atual-300x169.jpg 300w, https:\/\/lojasosprofessoratividades.com.br\/wp-content\/uploads\/2023\/09\/Aviso-Loja-atual-18x10.jpg 18w\" sizes=\"auto, (max-width: 446px) 100vw, 446px\" \/><\/p>","protected":false},"featured_media":36520,"comment_status":"open","ping_status":"closed","template":"","meta":[],"product_brand":[],"product_cat":[125,127,216,218,195,204],"product_tag":[3116,3047,320,3115,3117,1320,1404,3121,3119,1775,3120,3122,3118],"class_list":{"0":"post-36519","1":"product","2":"type-product","3":"status-publish","4":"has-post-thumbnail","6":"product_cat-4o-ano","7":"product_cat-5o-ano","8":"product_cat-data-comemorativa-4-ano","9":"product_cat-data-comemorativa-5-ano","10":"product_cat-portugues-4-ano","11":"product_cat-portugues-5-anos","12":"product_tag-atividade-consciencia-negra","13":"product_tag-atividades-ensino-fundamental-1","14":"product_tag-consciencia-negra","15":"product_tag-dandara-e-a-princesa-perdida","16":"product_tag-diversidade-racial-na-escola","17":"product_tag-leitura-e-interpretacao","18":"product_tag-literatura-infantil","19":"product_tag-material-pedagogico-diversidade","20":"product_tag-plano-de-aula-4o-ano","21":"product_tag-plano-de-aula-5o-ano","22":"product_tag-princesas-negras","23":"product_tag-realeza-africana","24":"product_tag-representatividade-negra","26":"first","27":"instock","28":"downloadable","29":"virtual","30":"sold-individually","31":"purchasable","32":"product-type-simple"},"yoast_head":"<!-- This site is optimized with the Yoast SEO plugin v27.6 - https:\/\/yoast.com\/product\/yoast-seo-wordpress\/ -->\n<title>Atividade Dandara e a Princesa Perdida \u2013 Consci\u00eancia Negra - Loja SOS Professor Atividades<\/title>\n<meta name=\"description\" content=\"Explore Dandara e a Princesa Perdida: leitura e atividades sobre representatividade, autoestima e consci\u00eancia negra para turmas do 4\u00ba e 5\u00ba ano.\" \/>\n<meta name=\"robots\" content=\"index, follow, max-snippet:-1, max-image-preview:large, max-video-preview:-1\" \/>\n<link rel=\"canonical\" href=\"https:\/\/lojasosprofessoratividades.com.br\/en\/product\/atividade-dandara-e-a-princesa-perdida-consciencia-negra\/\" \/>\n<meta property=\"og:locale\" content=\"en_US\" \/>\n<meta property=\"og:type\" content=\"article\" \/>\n<meta property=\"og:title\" content=\"Atividade Dandara e a Princesa Perdida \u2013 Consci\u00eancia Negra - Loja SOS Professor Atividades\" \/>\n<meta property=\"og:description\" content=\"Explore Dandara e a Princesa Perdida: leitura e atividades sobre representatividade, autoestima e consci\u00eancia negra para turmas do 4\u00ba e 5\u00ba ano.\" \/>\n<meta property=\"og:url\" content=\"https:\/\/lojasosprofessoratividades.com.br\/en\/product\/atividade-dandara-e-a-princesa-perdida-consciencia-negra\/\" \/>\n<meta property=\"og:site_name\" content=\"Loja SOS Professor Atividades\" \/>\n<meta property=\"article:publisher\" content=\"https:\/\/www.facebook.com\/sosprofessoratividades\" \/>\n<meta property=\"article:modified_time\" content=\"2026-05-08T18:05:59+00:00\" \/>\n<meta property=\"og:image\" content=\"https:\/\/lojasosprofessoratividades.com.br\/wp-content\/uploads\/2025\/10\/Atividade-Dandara-e-a-Princesa-Perdida-Consciencia-Negra-1.jpg\" \/>\n\t<meta property=\"og:image:width\" content=\"800\" \/>\n\t<meta property=\"og:image:height\" content=\"693\" \/>\n\t<meta property=\"og:image:type\" content=\"image\/jpeg\" \/>\n<meta name=\"twitter:card\" content=\"summary_large_image\" \/>\n<meta name=\"twitter:label1\" content=\"Est. reading time\" \/>\n\t<meta name=\"twitter:data1\" content=\"1 minute\" \/>\n<script type=\"application\/ld+json\" class=\"yoast-schema-graph\">{\"@context\":\"https:\\\/\\\/schema.org\",\"@graph\":[{\"@type\":\"WebPage\",\"@id\":\"https:\\\/\\\/lojasosprofessoratividades.com.br\\\/produto\\\/atividade-dandara-e-a-princesa-perdida-consciencia-negra\\\/\",\"url\":\"https:\\\/\\\/lojasosprofessoratividades.com.br\\\/produto\\\/atividade-dandara-e-a-princesa-perdida-consciencia-negra\\\/\",\"name\":\"Atividade Dandara e a Princesa Perdida \u2013 Consci\u00eancia Negra - Loja SOS Professor Atividades\",\"isPartOf\":{\"@id\":\"https:\\\/\\\/lojasosprofessoratividades.com.br\\\/#website\"},\"primaryImageOfPage\":{\"@id\":\"https:\\\/\\\/lojasosprofessoratividades.com.br\\\/produto\\\/atividade-dandara-e-a-princesa-perdida-consciencia-negra\\\/#primaryimage\"},\"image\":{\"@id\":\"https:\\\/\\\/lojasosprofessoratividades.com.br\\\/produto\\\/atividade-dandara-e-a-princesa-perdida-consciencia-negra\\\/#primaryimage\"},\"thumbnailUrl\":\"https:\\\/\\\/lojasosprofessoratividades.com.br\\\/wp-content\\\/uploads\\\/2025\\\/10\\\/Atividade-Dandara-e-a-Princesa-Perdida-Consciencia-Negra-1.jpg\",\"datePublished\":\"2025-10-17T18:01:25+00:00\",\"dateModified\":\"2026-05-08T18:05:59+00:00\",\"description\":\"Explore Dandara e a Princesa Perdida: leitura e atividades sobre representatividade, autoestima e consci\u00eancia negra para turmas do 4\u00ba e 5\u00ba ano.\",\"breadcrumb\":{\"@id\":\"https:\\\/\\\/lojasosprofessoratividades.com.br\\\/produto\\\/atividade-dandara-e-a-princesa-perdida-consciencia-negra\\\/#breadcrumb\"},\"inLanguage\":\"en-US\",\"potentialAction\":[{\"@type\":\"ReadAction\",\"target\":[\"https:\\\/\\\/lojasosprofessoratividades.com.br\\\/produto\\\/atividade-dandara-e-a-princesa-perdida-consciencia-negra\\\/\"]}]},{\"@type\":\"ImageObject\",\"inLanguage\":\"en-US\",\"@id\":\"https:\\\/\\\/lojasosprofessoratividades.com.br\\\/produto\\\/atividade-dandara-e-a-princesa-perdida-consciencia-negra\\\/#primaryimage\",\"url\":\"https:\\\/\\\/lojasosprofessoratividades.com.br\\\/wp-content\\\/uploads\\\/2025\\\/10\\\/Atividade-Dandara-e-a-Princesa-Perdida-Consciencia-Negra-1.jpg\",\"contentUrl\":\"https:\\\/\\\/lojasosprofessoratividades.com.br\\\/wp-content\\\/uploads\\\/2025\\\/10\\\/Atividade-Dandara-e-a-Princesa-Perdida-Consciencia-Negra-1.jpg\",\"width\":800,\"height\":693,\"caption\":\"Atividade Dandara e a Princesa Perdida Consci\u00eancia Negra\"},{\"@type\":\"BreadcrumbList\",\"@id\":\"https:\\\/\\\/lojasosprofessoratividades.com.br\\\/produto\\\/atividade-dandara-e-a-princesa-perdida-consciencia-negra\\\/#breadcrumb\",\"itemListElement\":[{\"@type\":\"ListItem\",\"position\":1,\"name\":\"In\u00edcio\",\"item\":\"https:\\\/\\\/lojasosprofessoratividades.com.br\\\/\"},{\"@type\":\"ListItem\",\"position\":2,\"name\":\"Loja\",\"item\":\"https:\\\/\\\/lojasosprofessoratividades.com.br\\\/loja\\\/\"},{\"@type\":\"ListItem\",\"position\":3,\"name\":\"Atividade Dandara e a Princesa Perdida \u2013 Consci\u00eancia Negra\"}]},{\"@type\":\"WebSite\",\"@id\":\"https:\\\/\\\/lojasosprofessoratividades.com.br\\\/#website\",\"url\":\"https:\\\/\\\/lojasosprofessoratividades.com.br\\\/\",\"name\":\"Loja SOS Professor Atividades\",\"description\":\"Venda de material did\u00e1tico para o ensino fundamental\",\"publisher\":{\"@id\":\"https:\\\/\\\/lojasosprofessoratividades.com.br\\\/#organization\"},\"potentialAction\":[{\"@type\":\"SearchAction\",\"target\":{\"@type\":\"EntryPoint\",\"urlTemplate\":\"https:\\\/\\\/lojasosprofessoratividades.com.br\\\/?s={search_term_string}\"},\"query-input\":{\"@type\":\"PropertyValueSpecification\",\"valueRequired\":true,\"valueName\":\"search_term_string\"}}],\"inLanguage\":\"en-US\"},{\"@type\":\"Organization\",\"@id\":\"https:\\\/\\\/lojasosprofessoratividades.com.br\\\/#organization\",\"name\":\"Loja SOS Professor Atividades\",\"url\":\"https:\\\/\\\/lojasosprofessoratividades.com.br\\\/\",\"logo\":{\"@type\":\"ImageObject\",\"inLanguage\":\"en-US\",\"@id\":\"https:\\\/\\\/lojasosprofessoratividades.com.br\\\/#\\\/schema\\\/logo\\\/image\\\/\",\"url\":\"http:\\\/\\\/lojasosprofessoratividades.com.br\\\/wp-content\\\/uploads\\\/2022\\\/04\\\/Logo.png\",\"contentUrl\":\"http:\\\/\\\/lojasosprofessoratividades.com.br\\\/wp-content\\\/uploads\\\/2022\\\/04\\\/Logo.png\",\"width\":2000,\"height\":2000,\"caption\":\"Loja SOS Professor Atividades\"},\"image\":{\"@id\":\"https:\\\/\\\/lojasosprofessoratividades.com.br\\\/#\\\/schema\\\/logo\\\/image\\\/\"},\"sameAs\":[\"https:\\\/\\\/www.facebook.com\\\/sosprofessoratividades\",\"https:\\\/\\\/www.instagram.com\\\/sosprofessoratividades\\\/\"]}]}<\/script>\n<!-- \/ Yoast SEO plugin. -->","yoast_head_json":{"title":"Atividade Dandara e a Princesa Perdida \u2013 Consci\u00eancia Negra - Loja SOS Professor Atividades","description":"Explore Dandara e a Princesa Perdida: leitura e atividades sobre representatividade, autoestima e consci\u00eancia negra para turmas do 4\u00ba e 5\u00ba ano.","robots":{"index":"index","follow":"follow","max-snippet":"max-snippet:-1","max-image-preview":"max-image-preview:large","max-video-preview":"max-video-preview:-1"},"canonical":"https:\/\/lojasosprofessoratividades.com.br\/en\/product\/atividade-dandara-e-a-princesa-perdida-consciencia-negra\/","og_locale":"en_US","og_type":"article","og_title":"Atividade Dandara e a Princesa Perdida \u2013 Consci\u00eancia Negra - Loja SOS Professor Atividades","og_description":"Explore Dandara e a Princesa Perdida: leitura e atividades sobre representatividade, autoestima e consci\u00eancia negra para turmas do 4\u00ba e 5\u00ba ano.","og_url":"https:\/\/lojasosprofessoratividades.com.br\/en\/product\/atividade-dandara-e-a-princesa-perdida-consciencia-negra\/","og_site_name":"Loja SOS Professor Atividades","article_publisher":"https:\/\/www.facebook.com\/sosprofessoratividades","article_modified_time":"2026-05-08T18:05:59+00:00","og_image":[{"width":800,"height":693,"url":"https:\/\/lojasosprofessoratividades.com.br\/wp-content\/uploads\/2025\/10\/Atividade-Dandara-e-a-Princesa-Perdida-Consciencia-Negra-1.jpg","type":"image\/jpeg"}],"twitter_card":"summary_large_image","twitter_misc":{"Est. reading time":"1 minute"},"schema":{"@context":"https:\/\/schema.org","@graph":[{"@type":"WebPage","@id":"https:\/\/lojasosprofessoratividades.com.br\/produto\/atividade-dandara-e-a-princesa-perdida-consciencia-negra\/","url":"https:\/\/lojasosprofessoratividades.com.br\/produto\/atividade-dandara-e-a-princesa-perdida-consciencia-negra\/","name":"Atividade Dandara e a Princesa Perdida \u2013 Consci\u00eancia Negra - Loja SOS Professor Atividades","isPartOf":{"@id":"https:\/\/lojasosprofessoratividades.com.br\/#website"},"primaryImageOfPage":{"@id":"https:\/\/lojasosprofessoratividades.com.br\/produto\/atividade-dandara-e-a-princesa-perdida-consciencia-negra\/#primaryimage"},"image":{"@id":"https:\/\/lojasosprofessoratividades.com.br\/produto\/atividade-dandara-e-a-princesa-perdida-consciencia-negra\/#primaryimage"},"thumbnailUrl":"https:\/\/lojasosprofessoratividades.com.br\/wp-content\/uploads\/2025\/10\/Atividade-Dandara-e-a-Princesa-Perdida-Consciencia-Negra-1.jpg","datePublished":"2025-10-17T18:01:25+00:00","dateModified":"2026-05-08T18:05:59+00:00","description":"Explore Dandara e a Princesa Perdida: leitura e atividades sobre representatividade, autoestima e consci\u00eancia negra para turmas do 4\u00ba e 5\u00ba ano.","breadcrumb":{"@id":"https:\/\/lojasosprofessoratividades.com.br\/produto\/atividade-dandara-e-a-princesa-perdida-consciencia-negra\/#breadcrumb"},"inLanguage":"en-US","potentialAction":[{"@type":"ReadAction","target":["https:\/\/lojasosprofessoratividades.com.br\/produto\/atividade-dandara-e-a-princesa-perdida-consciencia-negra\/"]}]},{"@type":"ImageObject","inLanguage":"en-US","@id":"https:\/\/lojasosprofessoratividades.com.br\/produto\/atividade-dandara-e-a-princesa-perdida-consciencia-negra\/#primaryimage","url":"https:\/\/lojasosprofessoratividades.com.br\/wp-content\/uploads\/2025\/10\/Atividade-Dandara-e-a-Princesa-Perdida-Consciencia-Negra-1.jpg","contentUrl":"https:\/\/lojasosprofessoratividades.com.br\/wp-content\/uploads\/2025\/10\/Atividade-Dandara-e-a-Princesa-Perdida-Consciencia-Negra-1.jpg","width":800,"height":693,"caption":"Atividade Dandara e a Princesa Perdida Consci\u00eancia Negra"},{"@type":"BreadcrumbList","@id":"https:\/\/lojasosprofessoratividades.com.br\/produto\/atividade-dandara-e-a-princesa-perdida-consciencia-negra\/#breadcrumb","itemListElement":[{"@type":"ListItem","position":1,"name":"In\u00edcio","item":"https:\/\/lojasosprofessoratividades.com.br\/"},{"@type":"ListItem","position":2,"name":"Loja","item":"https:\/\/lojasosprofessoratividades.com.br\/loja\/"},{"@type":"ListItem","position":3,"name":"Atividade Dandara e a Princesa Perdida \u2013 Consci\u00eancia Negra"}]},{"@type":"WebSite","@id":"https:\/\/lojasosprofessoratividades.com.br\/#website","url":"https:\/\/lojasosprofessoratividades.com.br\/","name":"Loja SOS Professor Atividades","description":"Venda de material did\u00e1tico para o ensino fundamental","publisher":{"@id":"https:\/\/lojasosprofessoratividades.com.br\/#organization"},"potentialAction":[{"@type":"SearchAction","target":{"@type":"EntryPoint","urlTemplate":"https:\/\/lojasosprofessoratividades.com.br\/?s={search_term_string}"},"query-input":{"@type":"PropertyValueSpecification","valueRequired":true,"valueName":"search_term_string"}}],"inLanguage":"en-US"},{"@type":"Organization","@id":"https:\/\/lojasosprofessoratividades.com.br\/#organization","name":"Loja SOS Professor Atividades","url":"https:\/\/lojasosprofessoratividades.com.br\/","logo":{"@type":"ImageObject","inLanguage":"en-US","@id":"https:\/\/lojasosprofessoratividades.com.br\/#\/schema\/logo\/image\/","url":"http:\/\/lojasosprofessoratividades.com.br\/wp-content\/uploads\/2022\/04\/Logo.png","contentUrl":"http:\/\/lojasosprofessoratividades.com.br\/wp-content\/uploads\/2022\/04\/Logo.png","width":2000,"height":2000,"caption":"Loja SOS Professor Atividades"},"image":{"@id":"https:\/\/lojasosprofessoratividades.com.br\/#\/schema\/logo\/image\/"},"sameAs":["https:\/\/www.facebook.com\/sosprofessoratividades","https:\/\/www.instagram.com\/sosprofessoratividades\/"]}]}},"_links":{"self":[{"href":"https:\/\/lojasosprofessoratividades.com.br\/en\/wp-json\/wp\/v2\/product\/36519","targetHints":{"allow":["GET"]}}],"collection":[{"href":"https:\/\/lojasosprofessoratividades.com.br\/en\/wp-json\/wp\/v2\/product"}],"about":[{"href":"https:\/\/lojasosprofessoratividades.com.br\/en\/wp-json\/wp\/v2\/types\/product"}],"replies":[{"embeddable":true,"href":"https:\/\/lojasosprofessoratividades.com.br\/en\/wp-json\/wp\/v2\/comments?post=36519"}],"wp:featuredmedia":[{"embeddable":true,"href":"https:\/\/lojasosprofessoratividades.com.br\/en\/wp-json\/wp\/v2\/media\/36520"}],"wp:attachment":[{"href":"https:\/\/lojasosprofessoratividades.com.br\/en\/wp-json\/wp\/v2\/media?parent=36519"}],"wp:term":[{"taxonomy":"product_brand","embeddable":true,"href":"https:\/\/lojasosprofessoratividades.com.br\/en\/wp-json\/wp\/v2\/product_brand?post=36519"},{"taxonomy":"product_cat","embeddable":true,"href":"https:\/\/lojasosprofessoratividades.com.br\/en\/wp-json\/wp\/v2\/product_cat?post=36519"},{"taxonomy":"product_tag","embeddable":true,"href":"https:\/\/lojasosprofessoratividades.com.br\/en\/wp-json\/wp\/v2\/product_tag?post=36519"}],"curies":[{"name":"wp","href":"https:\/\/api.w.org\/{rel}","templated":true}]}}