{"id":36529,"date":"2025-10-19T14:43:32","date_gmt":"2025-10-19T17:43:32","guid":{"rendered":"https:\/\/lojasosprofessoratividades.com.br\/?post_type=product&#038;p=36529"},"modified":"2026-05-08T15:06:18","modified_gmt":"2026-05-08T18:06:18","slug":"o-grito-atividades-interdisciplinares-para-o-4o-e-5o-ano","status":"publish","type":"product","link":"https:\/\/lojasosprofessoratividades.com.br\/en\/product\/o-grito-atividades-interdisciplinares-para-o-4o-e-5o-ano\/","title":{"rendered":"O Grito &#8211; Atividades interdisciplinares para o 4\u00ba e 5\u00ba ano"},"content":{"rendered":"","protected":false},"excerpt":{"rendered":"<p data-start=\"354\" data-end=\"667\">Apresente a famosa obra <em data-start=\"395\" data-end=\"404\">O Grito<\/em>, de Edvard Munch, em uma proposta interdisciplinar entre <strong data-start=\"462\" data-end=\"483\">Arte, Portugu\u00eas e Matem\u00e1tica<\/strong>.<\/p>\n<p data-start=\"354\" data-end=\"667\">Este material (<em><strong>n\u00e3o<\/strong> <\/em>edit\u00e1vel) foi criado para desenvolver a express\u00e3o art\u00edstica, a interpreta\u00e7\u00e3o textual e o racioc\u00ednio l\u00f3gico de forma divertida e significativa para os alunos do <strong data-start=\"649\" data-end=\"664\">4\u00ba e 5\u00ba ano<\/strong>.<\/p>\n<p data-start=\"669\" data-end=\"695\"><strong data-start=\"669\" data-end=\"693\">Conte\u00fado do Arquivo:<\/strong><\/p>\n<ul data-start=\"696\" data-end=\"1008\">\n<li data-start=\"696\" data-end=\"752\">\n<p data-start=\"698\" data-end=\"752\">Texto informativo sobre o artista e a obra <em data-start=\"741\" data-end=\"750\">O Grito<\/em><\/p>\n<\/li>\n<li data-start=\"753\" data-end=\"791\">\n<p data-start=\"755\" data-end=\"791\">Atividade de interpreta\u00e7\u00e3o textual<\/p>\n<\/li>\n<li data-start=\"792\" data-end=\"864\">\n<p data-start=\"794\" data-end=\"864\">Quebra-cabe\u00e7a matem\u00e1tico com situa\u00e7\u00f5es-problema<\/p>\n<\/li>\n<li data-start=\"865\" data-end=\"905\">\n<p data-start=\"867\" data-end=\"905\">Folha para colorir inspirada na obra<\/p>\n<\/li>\n<li data-start=\"906\" data-end=\"963\">\n<p data-start=\"908\" data-end=\"963\">Plano de aula completo (2 aulas prontas para aplicar)<\/p>\n<\/li>\n<li data-start=\"964\" data-end=\"1008\">\n<p data-start=\"966\" data-end=\"1008\">Imagem ampliada da obra para uso em sala<\/p>\n<\/li>\n<\/ul>\n<p data-start=\"1010\" data-end=\"1243\"><strong data-start=\"1010\" data-end=\"1031\">Indica\u00e7\u00e3o de Uso:<\/strong><br data-start=\"1031\" data-end=\"1034\" \/>Ideal para professores do Ensino Fundamental I que desejam explorar arte, emo\u00e7\u00f5es e matem\u00e1tica de forma integrada. Pode ser utilizado em aulas de Arte, Portugu\u00eas e Matem\u00e1tica, Projeto Interdisciplinar ou Semana da Arte.<\/p>\n<p data-start=\"1245\" data-end=\"1468\"><strong data-start=\"1245\" data-end=\"1260\">Benef\u00edcios:<\/strong><br data-start=\"1260\" data-end=\"1263\" \/>\u2714\ufe0f Material pronto para imprimir e aplicar<br data-start=\"1305\" data-end=\"1308\" \/>\u2714\ufe0f Atividade criativa que une emo\u00e7\u00e3o e l\u00f3gica<br data-start=\"1353\" data-end=\"1356\" \/>\u2714\ufe0f Estimula express\u00e3o, empatia e pensamento cr\u00edtico<br data-start=\"1407\" data-end=\"1410\" \/>\u2714\ufe0f Promove o trabalho em grupo e o racioc\u00ednio matem\u00e1tico<\/p>\n<h3>N\u00e3o enviamos por e-mail, a entrega \u00e9 via link para download.\u00a0<img decoding=\"async\" class=\"emoji\" role=\"img\" draggable=\"false\" src=\"https:\/\/s.w.org\/images\/core\/emoji\/16.0.1\/svg\/1f447.svg\" alt=\"\ud83d\udc47\" \/><\/h3>\n<p><img loading=\"lazy\" decoding=\"async\" class=\"alignnone wp-image-35707 size-full\" src=\"https:\/\/lojasosprofessoratividades.com.br\/wp-content\/uploads\/2023\/09\/Aviso-Loja-atual.jpg\" alt=\"\" width=\"446\" height=\"251\" srcset=\"https:\/\/lojasosprofessoratividades.com.br\/wp-content\/uploads\/2023\/09\/Aviso-Loja-atual.jpg 446w, https:\/\/lojasosprofessoratividades.com.br\/wp-content\/uploads\/2023\/09\/Aviso-Loja-atual-300x169.jpg 300w, https:\/\/lojasosprofessoratividades.com.br\/wp-content\/uploads\/2023\/09\/Aviso-Loja-atual-18x10.jpg 18w\" sizes=\"auto, (max-width: 446px) 100vw, 446px\" \/><\/p>","protected":false},"featured_media":36531,"comment_status":"open","ping_status":"closed","template":"","meta":[],"product_brand":[],"product_cat":[125,127,1858,205,194,204,195],"product_tag":[3127,3129,1599,1551,921,3125,1541,375,3124,3130,245,1684,3128,250,643,3123,3126,2188,3131,778],"class_list":{"0":"post-36529","1":"product","2":"type-product","3":"status-publish","4":"has-post-thumbnail","6":"product_cat-4o-ano","7":"product_cat-5o-ano","8":"product_cat-arte-2","9":"product_cat-matematica-5-ano","10":"product_cat-matematica-4-ano","11":"product_cat-portugues-5-anos","12":"product_cat-portugues-4-ano","13":"product_tag-arte-e-matematica","14":"product_tag-arte-expressionista","15":"product_tag-atividades-4o-ano","16":"product_tag-atividades-5o-ano","17":"product_tag-atividades-criativas","18":"product_tag-atividades-de-arte","19":"product_tag-atividades-prontas","20":"product_tag-bncc","21":"product_tag-edvard-munch","22":"product_tag-emocoes-na-arte","23":"product_tag-ensino-fundamental","24":"product_tag-expressao-artistica","25":"product_tag-folha-para-colorir","26":"product_tag-interpretacao-de-texto","27":"product_tag-material-pedagogico","28":"product_tag-o-grito","29":"product_tag-plano-de-aula-interdisciplinar","30":"product_tag-plano-de-aula-pronto","31":"product_tag-projetos-interdisciplinares","32":"product_tag-quebra-cabeca-matematico","34":"first","35":"instock","36":"downloadable","37":"virtual","38":"sold-individually","39":"purchasable","40":"product-type-simple"},"yoast_head":"<!-- This site is optimized with the Yoast SEO plugin v27.5 - https:\/\/yoast.com\/product\/yoast-seo-wordpress\/ -->\n<title>O Grito - Atividades interdisciplinares para o 4\u00ba e 5\u00ba ano - Loja SOS Professor Atividades<\/title>\n<meta name=\"description\" content=\"Plano interdisciplinar sobre O Grito, com texto, interpreta\u00e7\u00e3o, desafios matem\u00e1ticos e folha para colorir. Ideal para o 4\u00ba e 5\u00ba ano.\" \/>\n<meta name=\"robots\" content=\"index, follow, max-snippet:-1, max-image-preview:large, max-video-preview:-1\" \/>\n<link rel=\"canonical\" href=\"https:\/\/lojasosprofessoratividades.com.br\/en\/product\/o-grito-atividades-interdisciplinares-para-o-4o-e-5o-ano\/\" \/>\n<meta property=\"og:locale\" content=\"en_US\" \/>\n<meta property=\"og:type\" content=\"article\" \/>\n<meta property=\"og:title\" content=\"O Grito - Atividades interdisciplinares para o 4\u00ba e 5\u00ba ano - Loja SOS Professor Atividades\" \/>\n<meta property=\"og:description\" content=\"Plano interdisciplinar sobre O Grito, com texto, interpreta\u00e7\u00e3o, desafios matem\u00e1ticos e folha para colorir. Ideal para o 4\u00ba e 5\u00ba ano.\" \/>\n<meta property=\"og:url\" content=\"https:\/\/lojasosprofessoratividades.com.br\/en\/product\/o-grito-atividades-interdisciplinares-para-o-4o-e-5o-ano\/\" \/>\n<meta property=\"og:site_name\" content=\"Loja SOS Professor Atividades\" \/>\n<meta property=\"article:publisher\" content=\"https:\/\/www.facebook.com\/sosprofessoratividades\" \/>\n<meta property=\"article:modified_time\" content=\"2026-05-08T18:06:18+00:00\" \/>\n<meta property=\"og:image\" content=\"https:\/\/lojasosprofessoratividades.com.br\/wp-content\/uploads\/2025\/10\/O-Grito-Atividades-interdisciplinares-para-o-4o-e-5o-ano-1.jpg\" \/>\n\t<meta property=\"og:image:width\" content=\"800\" \/>\n\t<meta property=\"og:image:height\" content=\"693\" \/>\n\t<meta property=\"og:image:type\" content=\"image\/jpeg\" \/>\n<meta name=\"twitter:card\" content=\"summary_large_image\" \/>\n<meta name=\"twitter:label1\" content=\"Est. reading time\" \/>\n\t<meta name=\"twitter:data1\" content=\"1 minute\" \/>\n<script type=\"application\/ld+json\" class=\"yoast-schema-graph\">{\"@context\":\"https:\\\/\\\/schema.org\",\"@graph\":[{\"@type\":\"WebPage\",\"@id\":\"https:\\\/\\\/lojasosprofessoratividades.com.br\\\/produto\\\/o-grito-atividades-interdisciplinares-para-o-4o-e-5o-ano\\\/\",\"url\":\"https:\\\/\\\/lojasosprofessoratividades.com.br\\\/produto\\\/o-grito-atividades-interdisciplinares-para-o-4o-e-5o-ano\\\/\",\"name\":\"O Grito - Atividades interdisciplinares para o 4\u00ba e 5\u00ba ano - Loja SOS Professor Atividades\",\"isPartOf\":{\"@id\":\"https:\\\/\\\/lojasosprofessoratividades.com.br\\\/#website\"},\"primaryImageOfPage\":{\"@id\":\"https:\\\/\\\/lojasosprofessoratividades.com.br\\\/produto\\\/o-grito-atividades-interdisciplinares-para-o-4o-e-5o-ano\\\/#primaryimage\"},\"image\":{\"@id\":\"https:\\\/\\\/lojasosprofessoratividades.com.br\\\/produto\\\/o-grito-atividades-interdisciplinares-para-o-4o-e-5o-ano\\\/#primaryimage\"},\"thumbnailUrl\":\"https:\\\/\\\/lojasosprofessoratividades.com.br\\\/wp-content\\\/uploads\\\/2025\\\/10\\\/O-Grito-Atividades-interdisciplinares-para-o-4o-e-5o-ano-1.jpg\",\"datePublished\":\"2025-10-19T17:43:32+00:00\",\"dateModified\":\"2026-05-08T18:06:18+00:00\",\"description\":\"Plano interdisciplinar sobre O Grito, com texto, interpreta\u00e7\u00e3o, desafios matem\u00e1ticos e folha para colorir. Ideal para o 4\u00ba e 5\u00ba ano.\",\"breadcrumb\":{\"@id\":\"https:\\\/\\\/lojasosprofessoratividades.com.br\\\/produto\\\/o-grito-atividades-interdisciplinares-para-o-4o-e-5o-ano\\\/#breadcrumb\"},\"inLanguage\":\"en-US\",\"potentialAction\":[{\"@type\":\"ReadAction\",\"target\":[\"https:\\\/\\\/lojasosprofessoratividades.com.br\\\/produto\\\/o-grito-atividades-interdisciplinares-para-o-4o-e-5o-ano\\\/\"]}]},{\"@type\":\"ImageObject\",\"inLanguage\":\"en-US\",\"@id\":\"https:\\\/\\\/lojasosprofessoratividades.com.br\\\/produto\\\/o-grito-atividades-interdisciplinares-para-o-4o-e-5o-ano\\\/#primaryimage\",\"url\":\"https:\\\/\\\/lojasosprofessoratividades.com.br\\\/wp-content\\\/uploads\\\/2025\\\/10\\\/O-Grito-Atividades-interdisciplinares-para-o-4o-e-5o-ano-1.jpg\",\"contentUrl\":\"https:\\\/\\\/lojasosprofessoratividades.com.br\\\/wp-content\\\/uploads\\\/2025\\\/10\\\/O-Grito-Atividades-interdisciplinares-para-o-4o-e-5o-ano-1.jpg\",\"width\":800,\"height\":693,\"caption\":\"O Grito - Atividades interdisciplinares para o 4\u00ba e 5\u00ba ano\"},{\"@type\":\"BreadcrumbList\",\"@id\":\"https:\\\/\\\/lojasosprofessoratividades.com.br\\\/produto\\\/o-grito-atividades-interdisciplinares-para-o-4o-e-5o-ano\\\/#breadcrumb\",\"itemListElement\":[{\"@type\":\"ListItem\",\"position\":1,\"name\":\"In\u00edcio\",\"item\":\"https:\\\/\\\/lojasosprofessoratividades.com.br\\\/\"},{\"@type\":\"ListItem\",\"position\":2,\"name\":\"Loja\",\"item\":\"https:\\\/\\\/lojasosprofessoratividades.com.br\\\/loja\\\/\"},{\"@type\":\"ListItem\",\"position\":3,\"name\":\"O Grito &#8211; Atividades interdisciplinares para o 4\u00ba e 5\u00ba ano\"}]},{\"@type\":\"WebSite\",\"@id\":\"https:\\\/\\\/lojasosprofessoratividades.com.br\\\/#website\",\"url\":\"https:\\\/\\\/lojasosprofessoratividades.com.br\\\/\",\"name\":\"Loja SOS Professor Atividades\",\"description\":\"Venda de material did\u00e1tico para o ensino fundamental\",\"publisher\":{\"@id\":\"https:\\\/\\\/lojasosprofessoratividades.com.br\\\/#organization\"},\"potentialAction\":[{\"@type\":\"SearchAction\",\"target\":{\"@type\":\"EntryPoint\",\"urlTemplate\":\"https:\\\/\\\/lojasosprofessoratividades.com.br\\\/?s={search_term_string}\"},\"query-input\":{\"@type\":\"PropertyValueSpecification\",\"valueRequired\":true,\"valueName\":\"search_term_string\"}}],\"inLanguage\":\"en-US\"},{\"@type\":\"Organization\",\"@id\":\"https:\\\/\\\/lojasosprofessoratividades.com.br\\\/#organization\",\"name\":\"Loja SOS Professor Atividades\",\"url\":\"https:\\\/\\\/lojasosprofessoratividades.com.br\\\/\",\"logo\":{\"@type\":\"ImageObject\",\"inLanguage\":\"en-US\",\"@id\":\"https:\\\/\\\/lojasosprofessoratividades.com.br\\\/#\\\/schema\\\/logo\\\/image\\\/\",\"url\":\"http:\\\/\\\/lojasosprofessoratividades.com.br\\\/wp-content\\\/uploads\\\/2022\\\/04\\\/Logo.png\",\"contentUrl\":\"http:\\\/\\\/lojasosprofessoratividades.com.br\\\/wp-content\\\/uploads\\\/2022\\\/04\\\/Logo.png\",\"width\":2000,\"height\":2000,\"caption\":\"Loja SOS Professor Atividades\"},\"image\":{\"@id\":\"https:\\\/\\\/lojasosprofessoratividades.com.br\\\/#\\\/schema\\\/logo\\\/image\\\/\"},\"sameAs\":[\"https:\\\/\\\/www.facebook.com\\\/sosprofessoratividades\",\"https:\\\/\\\/www.instagram.com\\\/sosprofessoratividades\\\/\"]}]}<\/script>\n<!-- \/ Yoast SEO plugin. -->","yoast_head_json":{"title":"O Grito - Atividades interdisciplinares para o 4\u00ba e 5\u00ba ano - Loja SOS Professor Atividades","description":"Plano interdisciplinar sobre O Grito, com texto, interpreta\u00e7\u00e3o, desafios matem\u00e1ticos e folha para colorir. Ideal para o 4\u00ba e 5\u00ba ano.","robots":{"index":"index","follow":"follow","max-snippet":"max-snippet:-1","max-image-preview":"max-image-preview:large","max-video-preview":"max-video-preview:-1"},"canonical":"https:\/\/lojasosprofessoratividades.com.br\/en\/product\/o-grito-atividades-interdisciplinares-para-o-4o-e-5o-ano\/","og_locale":"en_US","og_type":"article","og_title":"O Grito - Atividades interdisciplinares para o 4\u00ba e 5\u00ba ano - Loja SOS Professor Atividades","og_description":"Plano interdisciplinar sobre O Grito, com texto, interpreta\u00e7\u00e3o, desafios matem\u00e1ticos e folha para colorir. Ideal para o 4\u00ba e 5\u00ba ano.","og_url":"https:\/\/lojasosprofessoratividades.com.br\/en\/product\/o-grito-atividades-interdisciplinares-para-o-4o-e-5o-ano\/","og_site_name":"Loja SOS Professor Atividades","article_publisher":"https:\/\/www.facebook.com\/sosprofessoratividades","article_modified_time":"2026-05-08T18:06:18+00:00","og_image":[{"width":800,"height":693,"url":"https:\/\/lojasosprofessoratividades.com.br\/wp-content\/uploads\/2025\/10\/O-Grito-Atividades-interdisciplinares-para-o-4o-e-5o-ano-1.jpg","type":"image\/jpeg"}],"twitter_card":"summary_large_image","twitter_misc":{"Est. reading time":"1 minute"},"schema":{"@context":"https:\/\/schema.org","@graph":[{"@type":"WebPage","@id":"https:\/\/lojasosprofessoratividades.com.br\/produto\/o-grito-atividades-interdisciplinares-para-o-4o-e-5o-ano\/","url":"https:\/\/lojasosprofessoratividades.com.br\/produto\/o-grito-atividades-interdisciplinares-para-o-4o-e-5o-ano\/","name":"O Grito - Atividades interdisciplinares para o 4\u00ba e 5\u00ba ano - Loja SOS Professor Atividades","isPartOf":{"@id":"https:\/\/lojasosprofessoratividades.com.br\/#website"},"primaryImageOfPage":{"@id":"https:\/\/lojasosprofessoratividades.com.br\/produto\/o-grito-atividades-interdisciplinares-para-o-4o-e-5o-ano\/#primaryimage"},"image":{"@id":"https:\/\/lojasosprofessoratividades.com.br\/produto\/o-grito-atividades-interdisciplinares-para-o-4o-e-5o-ano\/#primaryimage"},"thumbnailUrl":"https:\/\/lojasosprofessoratividades.com.br\/wp-content\/uploads\/2025\/10\/O-Grito-Atividades-interdisciplinares-para-o-4o-e-5o-ano-1.jpg","datePublished":"2025-10-19T17:43:32+00:00","dateModified":"2026-05-08T18:06:18+00:00","description":"Plano interdisciplinar sobre O Grito, com texto, interpreta\u00e7\u00e3o, desafios matem\u00e1ticos e folha para colorir. Ideal para o 4\u00ba e 5\u00ba ano.","breadcrumb":{"@id":"https:\/\/lojasosprofessoratividades.com.br\/produto\/o-grito-atividades-interdisciplinares-para-o-4o-e-5o-ano\/#breadcrumb"},"inLanguage":"en-US","potentialAction":[{"@type":"ReadAction","target":["https:\/\/lojasosprofessoratividades.com.br\/produto\/o-grito-atividades-interdisciplinares-para-o-4o-e-5o-ano\/"]}]},{"@type":"ImageObject","inLanguage":"en-US","@id":"https:\/\/lojasosprofessoratividades.com.br\/produto\/o-grito-atividades-interdisciplinares-para-o-4o-e-5o-ano\/#primaryimage","url":"https:\/\/lojasosprofessoratividades.com.br\/wp-content\/uploads\/2025\/10\/O-Grito-Atividades-interdisciplinares-para-o-4o-e-5o-ano-1.jpg","contentUrl":"https:\/\/lojasosprofessoratividades.com.br\/wp-content\/uploads\/2025\/10\/O-Grito-Atividades-interdisciplinares-para-o-4o-e-5o-ano-1.jpg","width":800,"height":693,"caption":"O Grito - Atividades interdisciplinares para o 4\u00ba e 5\u00ba ano"},{"@type":"BreadcrumbList","@id":"https:\/\/lojasosprofessoratividades.com.br\/produto\/o-grito-atividades-interdisciplinares-para-o-4o-e-5o-ano\/#breadcrumb","itemListElement":[{"@type":"ListItem","position":1,"name":"In\u00edcio","item":"https:\/\/lojasosprofessoratividades.com.br\/"},{"@type":"ListItem","position":2,"name":"Loja","item":"https:\/\/lojasosprofessoratividades.com.br\/loja\/"},{"@type":"ListItem","position":3,"name":"O Grito &#8211; Atividades interdisciplinares para o 4\u00ba e 5\u00ba ano"}]},{"@type":"WebSite","@id":"https:\/\/lojasosprofessoratividades.com.br\/#website","url":"https:\/\/lojasosprofessoratividades.com.br\/","name":"Loja SOS Professor Atividades","description":"Venda de material did\u00e1tico para o ensino fundamental","publisher":{"@id":"https:\/\/lojasosprofessoratividades.com.br\/#organization"},"potentialAction":[{"@type":"SearchAction","target":{"@type":"EntryPoint","urlTemplate":"https:\/\/lojasosprofessoratividades.com.br\/?s={search_term_string}"},"query-input":{"@type":"PropertyValueSpecification","valueRequired":true,"valueName":"search_term_string"}}],"inLanguage":"en-US"},{"@type":"Organization","@id":"https:\/\/lojasosprofessoratividades.com.br\/#organization","name":"Loja SOS Professor Atividades","url":"https:\/\/lojasosprofessoratividades.com.br\/","logo":{"@type":"ImageObject","inLanguage":"en-US","@id":"https:\/\/lojasosprofessoratividades.com.br\/#\/schema\/logo\/image\/","url":"http:\/\/lojasosprofessoratividades.com.br\/wp-content\/uploads\/2022\/04\/Logo.png","contentUrl":"http:\/\/lojasosprofessoratividades.com.br\/wp-content\/uploads\/2022\/04\/Logo.png","width":2000,"height":2000,"caption":"Loja SOS Professor Atividades"},"image":{"@id":"https:\/\/lojasosprofessoratividades.com.br\/#\/schema\/logo\/image\/"},"sameAs":["https:\/\/www.facebook.com\/sosprofessoratividades","https:\/\/www.instagram.com\/sosprofessoratividades\/"]}]}},"_links":{"self":[{"href":"https:\/\/lojasosprofessoratividades.com.br\/en\/wp-json\/wp\/v2\/product\/36529","targetHints":{"allow":["GET"]}}],"collection":[{"href":"https:\/\/lojasosprofessoratividades.com.br\/en\/wp-json\/wp\/v2\/product"}],"about":[{"href":"https:\/\/lojasosprofessoratividades.com.br\/en\/wp-json\/wp\/v2\/types\/product"}],"replies":[{"embeddable":true,"href":"https:\/\/lojasosprofessoratividades.com.br\/en\/wp-json\/wp\/v2\/comments?post=36529"}],"wp:featuredmedia":[{"embeddable":true,"href":"https:\/\/lojasosprofessoratividades.com.br\/en\/wp-json\/wp\/v2\/media\/36531"}],"wp:attachment":[{"href":"https:\/\/lojasosprofessoratividades.com.br\/en\/wp-json\/wp\/v2\/media?parent=36529"}],"wp:term":[{"taxonomy":"product_brand","embeddable":true,"href":"https:\/\/lojasosprofessoratividades.com.br\/en\/wp-json\/wp\/v2\/product_brand?post=36529"},{"taxonomy":"product_cat","embeddable":true,"href":"https:\/\/lojasosprofessoratividades.com.br\/en\/wp-json\/wp\/v2\/product_cat?post=36529"},{"taxonomy":"product_tag","embeddable":true,"href":"https:\/\/lojasosprofessoratividades.com.br\/en\/wp-json\/wp\/v2\/product_tag?post=36529"}],"curies":[{"name":"wp","href":"https:\/\/api.w.org\/{rel}","templated":true}]}}