{"id":36715,"date":"2025-11-04T10:11:19","date_gmt":"2025-11-04T13:11:19","guid":{"rendered":"https:\/\/lojasosprofessoratividades.com.br\/?post_type=product&#038;p=36715"},"modified":"2026-05-08T14:26:44","modified_gmt":"2026-05-08T17:26:44","slug":"mauricio-de-sousa-90-anos-atividade-pedagogica-com-gabarito","status":"publish","type":"product","link":"https:\/\/lojasosprofessoratividades.com.br\/en\/product\/mauricio-de-sousa-90-anos-atividade-pedagogica-com-gabarito\/","title":{"rendered":"Maur\u00edcio de Sousa 90 Anos \u2014 Atividade Pedag\u00f3gica com Gabarito"},"content":{"rendered":"","protected":false},"excerpt":{"rendered":"<p data-start=\"258\" data-end=\"514\">Celebre os <strong data-start=\"333\" data-end=\"365\">90 anos de Maur\u00edcio de Sousa<\/strong> com uma atividade interdisciplinar que une <strong data-start=\"409\" data-end=\"477\">leitura, interpreta\u00e7\u00e3o de texto e situa\u00e7\u00f5es-problema matem\u00e1ticas.<\/strong><\/p>\n<p data-start=\"516\" data-end=\"749\">Pensada para turmas do <strong data-start=\"544\" data-end=\"581\">4\u00ba e 5\u00ba ano do Ensino Fundamental<\/strong>, esta proposta estimula a <strong data-start=\"608\" data-end=\"631\">compreens\u00e3o leitora<\/strong>, o <strong data-start=\"635\" data-end=\"656\">racioc\u00ednio l\u00f3gico<\/strong> e valoriza a <strong data-start=\"670\" data-end=\"700\">cultura nacional dos gibis<\/strong>, tornando o aprendizado mais leve e divertido.<\/p>\n<p data-start=\"751\" data-end=\"795\"><strong data-start=\"753\" data-end=\"793\">O que voc\u00ea vai encontrar no arquivo:<\/strong><\/p>\n<ul data-start=\"796\" data-end=\"1004\">\n<li data-start=\"796\" data-end=\"855\">\n<p data-start=\"798\" data-end=\"855\">Texto biogr\u00e1fico sobre <strong data-start=\"832\" data-end=\"853\">Maur\u00edcio de Sousa<\/strong><\/p>\n<\/li>\n<li data-start=\"856\" data-end=\"898\">\n<p data-start=\"858\" data-end=\"898\">Quest\u00f5es de <strong data-start=\"870\" data-end=\"896\">interpreta\u00e7\u00e3o de texto<\/strong><\/p>\n<\/li>\n<li data-start=\"899\" data-end=\"961\">\n<p data-start=\"901\" data-end=\"961\"><strong data-start=\"901\" data-end=\"935\">Situa\u00e7\u00f5es-problema matem\u00e1ticas<\/strong> com as quatro opera\u00e7\u00f5es<\/p>\n<\/li>\n<li data-start=\"962\" data-end=\"1004\">\n<p data-start=\"964\" data-end=\"1004\"><strong data-start=\"964\" data-end=\"985\">Gabarito completo<\/strong> para o professor<\/p>\n<\/li>\n<\/ul>\n<h3>N\u00e3o enviamos por e-mail, a entrega \u00e9 via link para download.\u00a0<img decoding=\"async\" class=\"emoji\" role=\"img\" draggable=\"false\" src=\"https:\/\/s.w.org\/images\/core\/emoji\/16.0.1\/svg\/1f447.svg\" alt=\"\ud83d\udc47\" \/><\/h3>\n<p data-start=\"1102\" data-end=\"1379\"><img loading=\"lazy\" decoding=\"async\" class=\"alignnone wp-image-35707 size-full\" src=\"https:\/\/lojasosprofessoratividades.com.br\/wp-content\/uploads\/2023\/09\/Aviso-Loja-atual.jpg\" alt=\"\" width=\"446\" height=\"251\" srcset=\"https:\/\/lojasosprofessoratividades.com.br\/wp-content\/uploads\/2023\/09\/Aviso-Loja-atual.jpg 446w, https:\/\/lojasosprofessoratividades.com.br\/wp-content\/uploads\/2023\/09\/Aviso-Loja-atual-300x169.jpg 300w, https:\/\/lojasosprofessoratividades.com.br\/wp-content\/uploads\/2023\/09\/Aviso-Loja-atual-18x10.jpg 18w\" sizes=\"auto, (max-width: 446px) 100vw, 446px\" \/><\/p>","protected":false},"featured_media":36719,"comment_status":"open","ping_status":"closed","template":"","meta":[],"product_brand":[],"product_cat":[125,127,205,194,204,195],"product_tag":[2193,3297,1599,1551,3047,3300,3299,3298,3301,3296],"class_list":{"0":"post-36715","1":"product","2":"type-product","3":"status-publish","4":"has-post-thumbnail","6":"product_cat-4o-ano","7":"product_cat-5o-ano","8":"product_cat-matematica-5-ano","9":"product_cat-matematica-4-ano","10":"product_cat-portugues-5-anos","11":"product_cat-portugues-4-ano","12":"product_tag-atividade-com-gabarito","13":"product_tag-atividade-pedagogica-turma-da-monica","14":"product_tag-atividades-4o-ano","15":"product_tag-atividades-5o-ano","16":"product_tag-atividades-ensino-fundamental-1","17":"product_tag-datas-comemorativas-escola","18":"product_tag-gibis-brasileiros","19":"product_tag-interpretacao-e-matematica","20":"product_tag-material-educativo-pdf","21":"product_tag-mauricio-de-sousa-90-anos","23":"first","24":"instock","25":"downloadable","26":"virtual","27":"sold-individually","28":"purchasable","29":"product-type-simple"},"yoast_head":"<!-- This site is optimized with the Yoast SEO plugin v27.6 - https:\/\/yoast.com\/product\/yoast-seo-wordpress\/ -->\n<title>Maur\u00edcio de Sousa 90 Anos \u2014 Atividade Pedag\u00f3gica com Gabarito - Loja SOS Professor Atividades<\/title>\n<meta name=\"description\" content=\"Atividade pedag\u00f3gica \u201cMaur\u00edcio de Sousa 90 anos\u201d com texto, interpreta\u00e7\u00e3o e situa\u00e7\u00f5es-problema matem\u00e1ticas. Ideal para 4\u00ba e 5\u00ba anos. Acompanha gabarito.\" \/>\n<meta name=\"robots\" content=\"index, follow, max-snippet:-1, max-image-preview:large, max-video-preview:-1\" \/>\n<link rel=\"canonical\" href=\"https:\/\/lojasosprofessoratividades.com.br\/en\/product\/mauricio-de-sousa-90-anos-atividade-pedagogica-com-gabarito\/\" \/>\n<meta property=\"og:locale\" content=\"en_US\" \/>\n<meta property=\"og:type\" content=\"article\" \/>\n<meta property=\"og:title\" content=\"Maur\u00edcio de Sousa 90 Anos \u2014 Atividade Pedag\u00f3gica com Gabarito - Loja SOS Professor Atividades\" \/>\n<meta property=\"og:description\" content=\"Atividade pedag\u00f3gica \u201cMaur\u00edcio de Sousa 90 anos\u201d com texto, interpreta\u00e7\u00e3o e situa\u00e7\u00f5es-problema matem\u00e1ticas. Ideal para 4\u00ba e 5\u00ba anos. Acompanha gabarito.\" \/>\n<meta property=\"og:url\" content=\"https:\/\/lojasosprofessoratividades.com.br\/en\/product\/mauricio-de-sousa-90-anos-atividade-pedagogica-com-gabarito\/\" \/>\n<meta property=\"og:site_name\" content=\"Loja SOS Professor Atividades\" \/>\n<meta property=\"article:publisher\" content=\"https:\/\/www.facebook.com\/sosprofessoratividades\" \/>\n<meta property=\"article:modified_time\" content=\"2026-05-08T17:26:44+00:00\" \/>\n<meta property=\"og:image\" content=\"https:\/\/lojasosprofessoratividades.com.br\/wp-content\/uploads\/2025\/11\/1-1.jpg\" \/>\n\t<meta property=\"og:image:width\" content=\"800\" \/>\n\t<meta property=\"og:image:height\" content=\"693\" \/>\n\t<meta property=\"og:image:type\" content=\"image\/jpeg\" \/>\n<meta name=\"twitter:card\" content=\"summary_large_image\" \/>\n<meta name=\"twitter:label1\" content=\"Est. reading time\" \/>\n\t<meta name=\"twitter:data1\" content=\"1 minute\" \/>\n<script type=\"application\/ld+json\" class=\"yoast-schema-graph\">{\"@context\":\"https:\\\/\\\/schema.org\",\"@graph\":[{\"@type\":\"WebPage\",\"@id\":\"https:\\\/\\\/lojasosprofessoratividades.com.br\\\/produto\\\/mauricio-de-sousa-90-anos-atividade-pedagogica-com-gabarito\\\/\",\"url\":\"https:\\\/\\\/lojasosprofessoratividades.com.br\\\/produto\\\/mauricio-de-sousa-90-anos-atividade-pedagogica-com-gabarito\\\/\",\"name\":\"Maur\u00edcio de Sousa 90 Anos \u2014 Atividade Pedag\u00f3gica com Gabarito - Loja SOS Professor Atividades\",\"isPartOf\":{\"@id\":\"https:\\\/\\\/lojasosprofessoratividades.com.br\\\/#website\"},\"primaryImageOfPage\":{\"@id\":\"https:\\\/\\\/lojasosprofessoratividades.com.br\\\/produto\\\/mauricio-de-sousa-90-anos-atividade-pedagogica-com-gabarito\\\/#primaryimage\"},\"image\":{\"@id\":\"https:\\\/\\\/lojasosprofessoratividades.com.br\\\/produto\\\/mauricio-de-sousa-90-anos-atividade-pedagogica-com-gabarito\\\/#primaryimage\"},\"thumbnailUrl\":\"https:\\\/\\\/lojasosprofessoratividades.com.br\\\/wp-content\\\/uploads\\\/2025\\\/11\\\/1-1.jpg\",\"datePublished\":\"2025-11-04T13:11:19+00:00\",\"dateModified\":\"2026-05-08T17:26:44+00:00\",\"description\":\"Atividade pedag\u00f3gica \u201cMaur\u00edcio de Sousa 90 anos\u201d com texto, interpreta\u00e7\u00e3o e situa\u00e7\u00f5es-problema matem\u00e1ticas. Ideal para 4\u00ba e 5\u00ba anos. Acompanha gabarito.\",\"breadcrumb\":{\"@id\":\"https:\\\/\\\/lojasosprofessoratividades.com.br\\\/produto\\\/mauricio-de-sousa-90-anos-atividade-pedagogica-com-gabarito\\\/#breadcrumb\"},\"inLanguage\":\"en-US\",\"potentialAction\":[{\"@type\":\"ReadAction\",\"target\":[\"https:\\\/\\\/lojasosprofessoratividades.com.br\\\/produto\\\/mauricio-de-sousa-90-anos-atividade-pedagogica-com-gabarito\\\/\"]}]},{\"@type\":\"ImageObject\",\"inLanguage\":\"en-US\",\"@id\":\"https:\\\/\\\/lojasosprofessoratividades.com.br\\\/produto\\\/mauricio-de-sousa-90-anos-atividade-pedagogica-com-gabarito\\\/#primaryimage\",\"url\":\"https:\\\/\\\/lojasosprofessoratividades.com.br\\\/wp-content\\\/uploads\\\/2025\\\/11\\\/1-1.jpg\",\"contentUrl\":\"https:\\\/\\\/lojasosprofessoratividades.com.br\\\/wp-content\\\/uploads\\\/2025\\\/11\\\/1-1.jpg\",\"width\":800,\"height\":693,\"caption\":\"Maur\u00edcio de Sousa 90 anos\"},{\"@type\":\"BreadcrumbList\",\"@id\":\"https:\\\/\\\/lojasosprofessoratividades.com.br\\\/produto\\\/mauricio-de-sousa-90-anos-atividade-pedagogica-com-gabarito\\\/#breadcrumb\",\"itemListElement\":[{\"@type\":\"ListItem\",\"position\":1,\"name\":\"In\u00edcio\",\"item\":\"https:\\\/\\\/lojasosprofessoratividades.com.br\\\/\"},{\"@type\":\"ListItem\",\"position\":2,\"name\":\"Loja\",\"item\":\"https:\\\/\\\/lojasosprofessoratividades.com.br\\\/loja\\\/\"},{\"@type\":\"ListItem\",\"position\":3,\"name\":\"Maur\u00edcio de Sousa 90 Anos \u2014 Atividade Pedag\u00f3gica com Gabarito\"}]},{\"@type\":\"WebSite\",\"@id\":\"https:\\\/\\\/lojasosprofessoratividades.com.br\\\/#website\",\"url\":\"https:\\\/\\\/lojasosprofessoratividades.com.br\\\/\",\"name\":\"Loja SOS Professor Atividades\",\"description\":\"Venda de material did\u00e1tico para o ensino fundamental\",\"publisher\":{\"@id\":\"https:\\\/\\\/lojasosprofessoratividades.com.br\\\/#organization\"},\"potentialAction\":[{\"@type\":\"SearchAction\",\"target\":{\"@type\":\"EntryPoint\",\"urlTemplate\":\"https:\\\/\\\/lojasosprofessoratividades.com.br\\\/?s={search_term_string}\"},\"query-input\":{\"@type\":\"PropertyValueSpecification\",\"valueRequired\":true,\"valueName\":\"search_term_string\"}}],\"inLanguage\":\"en-US\"},{\"@type\":\"Organization\",\"@id\":\"https:\\\/\\\/lojasosprofessoratividades.com.br\\\/#organization\",\"name\":\"Loja SOS Professor Atividades\",\"url\":\"https:\\\/\\\/lojasosprofessoratividades.com.br\\\/\",\"logo\":{\"@type\":\"ImageObject\",\"inLanguage\":\"en-US\",\"@id\":\"https:\\\/\\\/lojasosprofessoratividades.com.br\\\/#\\\/schema\\\/logo\\\/image\\\/\",\"url\":\"http:\\\/\\\/lojasosprofessoratividades.com.br\\\/wp-content\\\/uploads\\\/2022\\\/04\\\/Logo.png\",\"contentUrl\":\"http:\\\/\\\/lojasosprofessoratividades.com.br\\\/wp-content\\\/uploads\\\/2022\\\/04\\\/Logo.png\",\"width\":2000,\"height\":2000,\"caption\":\"Loja SOS Professor Atividades\"},\"image\":{\"@id\":\"https:\\\/\\\/lojasosprofessoratividades.com.br\\\/#\\\/schema\\\/logo\\\/image\\\/\"},\"sameAs\":[\"https:\\\/\\\/www.facebook.com\\\/sosprofessoratividades\",\"https:\\\/\\\/www.instagram.com\\\/sosprofessoratividades\\\/\"]}]}<\/script>\n<!-- \/ Yoast SEO plugin. -->","yoast_head_json":{"title":"Maur\u00edcio de Sousa 90 Anos \u2014 Atividade Pedag\u00f3gica com Gabarito - Loja SOS Professor Atividades","description":"Atividade pedag\u00f3gica \u201cMaur\u00edcio de Sousa 90 anos\u201d com texto, interpreta\u00e7\u00e3o e situa\u00e7\u00f5es-problema matem\u00e1ticas. Ideal para 4\u00ba e 5\u00ba anos. Acompanha gabarito.","robots":{"index":"index","follow":"follow","max-snippet":"max-snippet:-1","max-image-preview":"max-image-preview:large","max-video-preview":"max-video-preview:-1"},"canonical":"https:\/\/lojasosprofessoratividades.com.br\/en\/product\/mauricio-de-sousa-90-anos-atividade-pedagogica-com-gabarito\/","og_locale":"en_US","og_type":"article","og_title":"Maur\u00edcio de Sousa 90 Anos \u2014 Atividade Pedag\u00f3gica com Gabarito - Loja SOS Professor Atividades","og_description":"Atividade pedag\u00f3gica \u201cMaur\u00edcio de Sousa 90 anos\u201d com texto, interpreta\u00e7\u00e3o e situa\u00e7\u00f5es-problema matem\u00e1ticas. Ideal para 4\u00ba e 5\u00ba anos. Acompanha gabarito.","og_url":"https:\/\/lojasosprofessoratividades.com.br\/en\/product\/mauricio-de-sousa-90-anos-atividade-pedagogica-com-gabarito\/","og_site_name":"Loja SOS Professor Atividades","article_publisher":"https:\/\/www.facebook.com\/sosprofessoratividades","article_modified_time":"2026-05-08T17:26:44+00:00","og_image":[{"width":800,"height":693,"url":"https:\/\/lojasosprofessoratividades.com.br\/wp-content\/uploads\/2025\/11\/1-1.jpg","type":"image\/jpeg"}],"twitter_card":"summary_large_image","twitter_misc":{"Est. reading time":"1 minute"},"schema":{"@context":"https:\/\/schema.org","@graph":[{"@type":"WebPage","@id":"https:\/\/lojasosprofessoratividades.com.br\/produto\/mauricio-de-sousa-90-anos-atividade-pedagogica-com-gabarito\/","url":"https:\/\/lojasosprofessoratividades.com.br\/produto\/mauricio-de-sousa-90-anos-atividade-pedagogica-com-gabarito\/","name":"Maur\u00edcio de Sousa 90 Anos \u2014 Atividade Pedag\u00f3gica com Gabarito - Loja SOS Professor Atividades","isPartOf":{"@id":"https:\/\/lojasosprofessoratividades.com.br\/#website"},"primaryImageOfPage":{"@id":"https:\/\/lojasosprofessoratividades.com.br\/produto\/mauricio-de-sousa-90-anos-atividade-pedagogica-com-gabarito\/#primaryimage"},"image":{"@id":"https:\/\/lojasosprofessoratividades.com.br\/produto\/mauricio-de-sousa-90-anos-atividade-pedagogica-com-gabarito\/#primaryimage"},"thumbnailUrl":"https:\/\/lojasosprofessoratividades.com.br\/wp-content\/uploads\/2025\/11\/1-1.jpg","datePublished":"2025-11-04T13:11:19+00:00","dateModified":"2026-05-08T17:26:44+00:00","description":"Atividade pedag\u00f3gica \u201cMaur\u00edcio de Sousa 90 anos\u201d com texto, interpreta\u00e7\u00e3o e situa\u00e7\u00f5es-problema matem\u00e1ticas. Ideal para 4\u00ba e 5\u00ba anos. Acompanha gabarito.","breadcrumb":{"@id":"https:\/\/lojasosprofessoratividades.com.br\/produto\/mauricio-de-sousa-90-anos-atividade-pedagogica-com-gabarito\/#breadcrumb"},"inLanguage":"en-US","potentialAction":[{"@type":"ReadAction","target":["https:\/\/lojasosprofessoratividades.com.br\/produto\/mauricio-de-sousa-90-anos-atividade-pedagogica-com-gabarito\/"]}]},{"@type":"ImageObject","inLanguage":"en-US","@id":"https:\/\/lojasosprofessoratividades.com.br\/produto\/mauricio-de-sousa-90-anos-atividade-pedagogica-com-gabarito\/#primaryimage","url":"https:\/\/lojasosprofessoratividades.com.br\/wp-content\/uploads\/2025\/11\/1-1.jpg","contentUrl":"https:\/\/lojasosprofessoratividades.com.br\/wp-content\/uploads\/2025\/11\/1-1.jpg","width":800,"height":693,"caption":"Maur\u00edcio de Sousa 90 anos"},{"@type":"BreadcrumbList","@id":"https:\/\/lojasosprofessoratividades.com.br\/produto\/mauricio-de-sousa-90-anos-atividade-pedagogica-com-gabarito\/#breadcrumb","itemListElement":[{"@type":"ListItem","position":1,"name":"In\u00edcio","item":"https:\/\/lojasosprofessoratividades.com.br\/"},{"@type":"ListItem","position":2,"name":"Loja","item":"https:\/\/lojasosprofessoratividades.com.br\/loja\/"},{"@type":"ListItem","position":3,"name":"Maur\u00edcio de Sousa 90 Anos \u2014 Atividade Pedag\u00f3gica com Gabarito"}]},{"@type":"WebSite","@id":"https:\/\/lojasosprofessoratividades.com.br\/#website","url":"https:\/\/lojasosprofessoratividades.com.br\/","name":"Loja SOS Professor Atividades","description":"Venda de material did\u00e1tico para o ensino fundamental","publisher":{"@id":"https:\/\/lojasosprofessoratividades.com.br\/#organization"},"potentialAction":[{"@type":"SearchAction","target":{"@type":"EntryPoint","urlTemplate":"https:\/\/lojasosprofessoratividades.com.br\/?s={search_term_string}"},"query-input":{"@type":"PropertyValueSpecification","valueRequired":true,"valueName":"search_term_string"}}],"inLanguage":"en-US"},{"@type":"Organization","@id":"https:\/\/lojasosprofessoratividades.com.br\/#organization","name":"Loja SOS Professor Atividades","url":"https:\/\/lojasosprofessoratividades.com.br\/","logo":{"@type":"ImageObject","inLanguage":"en-US","@id":"https:\/\/lojasosprofessoratividades.com.br\/#\/schema\/logo\/image\/","url":"http:\/\/lojasosprofessoratividades.com.br\/wp-content\/uploads\/2022\/04\/Logo.png","contentUrl":"http:\/\/lojasosprofessoratividades.com.br\/wp-content\/uploads\/2022\/04\/Logo.png","width":2000,"height":2000,"caption":"Loja SOS Professor Atividades"},"image":{"@id":"https:\/\/lojasosprofessoratividades.com.br\/#\/schema\/logo\/image\/"},"sameAs":["https:\/\/www.facebook.com\/sosprofessoratividades","https:\/\/www.instagram.com\/sosprofessoratividades\/"]}]}},"_links":{"self":[{"href":"https:\/\/lojasosprofessoratividades.com.br\/en\/wp-json\/wp\/v2\/product\/36715","targetHints":{"allow":["GET"]}}],"collection":[{"href":"https:\/\/lojasosprofessoratividades.com.br\/en\/wp-json\/wp\/v2\/product"}],"about":[{"href":"https:\/\/lojasosprofessoratividades.com.br\/en\/wp-json\/wp\/v2\/types\/product"}],"replies":[{"embeddable":true,"href":"https:\/\/lojasosprofessoratividades.com.br\/en\/wp-json\/wp\/v2\/comments?post=36715"}],"wp:featuredmedia":[{"embeddable":true,"href":"https:\/\/lojasosprofessoratividades.com.br\/en\/wp-json\/wp\/v2\/media\/36719"}],"wp:attachment":[{"href":"https:\/\/lojasosprofessoratividades.com.br\/en\/wp-json\/wp\/v2\/media?parent=36715"}],"wp:term":[{"taxonomy":"product_brand","embeddable":true,"href":"https:\/\/lojasosprofessoratividades.com.br\/en\/wp-json\/wp\/v2\/product_brand?post=36715"},{"taxonomy":"product_cat","embeddable":true,"href":"https:\/\/lojasosprofessoratividades.com.br\/en\/wp-json\/wp\/v2\/product_cat?post=36715"},{"taxonomy":"product_tag","embeddable":true,"href":"https:\/\/lojasosprofessoratividades.com.br\/en\/wp-json\/wp\/v2\/product_tag?post=36715"}],"curies":[{"name":"wp","href":"https:\/\/api.w.org\/{rel}","templated":true}]}}