{"id":36756,"date":"2025-11-05T23:34:40","date_gmt":"2025-11-06T02:34:40","guid":{"rendered":"https:\/\/lojasosprofessoratividades.com.br\/?post_type=product&#038;p=36756"},"modified":"2026-05-08T14:26:49","modified_gmt":"2026-05-08T17:26:49","slug":"atividades-cop-30-para-ensino-fundamental","status":"publish","type":"product","link":"https:\/\/lojasosprofessoratividades.com.br\/en\/product\/atividades-cop-30-para-ensino-fundamental\/","title":{"rendered":"Atividades COP 30 para Ensino Fundamental"},"content":{"rendered":"","protected":false},"excerpt":{"rendered":"<p data-start=\"293\" data-end=\"624\">Leve a <strong data-start=\"300\" data-end=\"310\">COP 30<\/strong> para a sua sala de aula com este <strong data-start=\"344\" data-end=\"384\">material completo e interdisciplinar<\/strong>, planejado especialmente para turmas do <strong data-start=\"425\" data-end=\"441\">4\u00ba e 5\u00ba anos<\/strong>!<br data-start=\"442\" data-end=\"445\" \/>Com linguagem clara e atividades prontas para imprimir, este arquivo transforma o tema das <strong data-start=\"536\" data-end=\"578\">mudan\u00e7as clim\u00e1ticas e sustentabilidade<\/strong> em um aprendizado envolvente e significativo.<\/p>\n<p data-start=\"626\" data-end=\"675\"><strong data-start=\"629\" data-end=\"673\">O que voc\u00ea vai encontrar neste material:<\/strong><\/p>\n<ul data-start=\"676\" data-end=\"1352\">\n<li data-start=\"676\" data-end=\"760\">\n<p data-start=\"678\" data-end=\"760\"><strong data-start=\"678\" data-end=\"700\">Texto informativo:<\/strong> <em data-start=\"701\" data-end=\"758\">COP 30 \u2013 Bel\u00e9m e Amaz\u00f4nia no centro do clima do planeta<\/em><\/p>\n<\/li>\n<li data-start=\"761\" data-end=\"847\">\n<p data-start=\"763\" data-end=\"847\"><strong data-start=\"763\" data-end=\"804\">Protocolo de Quioto e Acordo de Paris<\/strong> explicados de forma acess\u00edvel aos alunos<\/p>\n<\/li>\n<li data-start=\"848\" data-end=\"925\">\n<p data-start=\"850\" data-end=\"925\"><strong data-start=\"850\" data-end=\"879\">A import\u00e2ncia da Amaz\u00f4nia<\/strong> com uso de mapa e atividades de localiza\u00e7\u00e3o<\/p>\n<\/li>\n<li data-start=\"926\" data-end=\"973\">\n<p data-start=\"928\" data-end=\"973\"><strong data-start=\"928\" data-end=\"950\">Produ\u00e7\u00e3o de texto:<\/strong> Carta sobre a COP 30<\/p>\n<\/li>\n<li data-start=\"974\" data-end=\"1023\">\n<p data-start=\"976\" data-end=\"1023\"><strong data-start=\"976\" data-end=\"1021\">O que \u00e9 o IPCC e a import\u00e2ncia da ci\u00eancia<\/strong><\/p>\n<\/li>\n<li data-start=\"1024\" data-end=\"1109\">\n<p data-start=\"1026\" data-end=\"1109\"><strong data-start=\"1026\" data-end=\"1064\">Nosso papel para ajudar o planeta:<\/strong> confec\u00e7\u00e3o de cartazes e a\u00e7\u00f5es sustent\u00e1veis<\/p>\n<\/li>\n<li data-start=\"1110\" data-end=\"1184\">\n<p data-start=\"1112\" data-end=\"1184\"><strong data-start=\"1112\" data-end=\"1147\">Conhecendo a mascote da COP 30:<\/strong> o Curupira, o guardi\u00e3o da floresta<\/p>\n<\/li>\n<li data-start=\"1185\" data-end=\"1245\">\n<p data-start=\"1187\" data-end=\"1245\"><strong data-start=\"1187\" data-end=\"1209\">Atividade de arte:<\/strong> pintando a mascote da confer\u00eancia<\/p>\n<\/li>\n<li data-start=\"1246\" data-end=\"1312\">\n<p data-start=\"1248\" data-end=\"1312\"><strong data-start=\"1248\" data-end=\"1282\">Situa\u00e7\u00f5es-problema matem\u00e1ticas<\/strong> adaptadas para 4\u00ba e 5\u00ba anos<\/p>\n<\/li>\n<li data-start=\"1313\" data-end=\"1352\">\n<p data-start=\"1315\" data-end=\"1352\"><strong data-start=\"1315\" data-end=\"1352\">Plano de aula completo e gabarito<\/strong><\/p>\n<\/li>\n<\/ul>\n<p data-start=\"1354\" data-end=\"1461\"><strong data-start=\"1357\" data-end=\"1376\">B\u00f4nus especial:<\/strong><br data-start=\"1376\" data-end=\"1379\" \/>Cartaz tem\u00e1tico no tamanho <strong data-start=\"1406\" data-end=\"1412\">A4<\/strong> e <strong data-start=\"1415\" data-end=\"1429\">p\u00f4ster 3&#215;3<\/strong> para decorar e ilustrar a aula.<\/p>\n<p data-start=\"1354\" data-end=\"1461\"><strong data-start=\"1466\" data-end=\"1501\">Por que escolher este material?<\/strong><br data-start=\"1501\" data-end=\"1504\" \/>\u00a0Alinhado \u00e0 <strong data-start=\"1518\" data-end=\"1526\">BNCC<\/strong><br data-start=\"1526\" data-end=\"1529\" \/>\u00a0Interdisciplinar (Portugu\u00eas, Matem\u00e1tica, Ci\u00eancias, Artes e Geografia)<br data-start=\"1601\" data-end=\"1604\" \/>\u00a0Linguagem humanizada e contextualizada<br data-start=\"1645\" data-end=\"1648\" \/>\u00a0Ideal para trabalhar <strong data-start=\"1672\" data-end=\"1694\">educa\u00e7\u00e3o ambiental<\/strong> e <strong data-start=\"1697\" data-end=\"1722\">consci\u00eancia clim\u00e1tica<\/strong> de forma pr\u00e1tica e divertida<\/p>\n<h3>N\u00e3o enviamos por e-mail, a entrega \u00e9 via link para download.\u00a0<img decoding=\"async\" class=\"emoji\" role=\"img\" draggable=\"false\" src=\"https:\/\/s.w.org\/images\/core\/emoji\/16.0.1\/svg\/1f447.svg\" alt=\"\ud83d\udc47\" \/><\/h3>\n<p><img loading=\"lazy\" decoding=\"async\" class=\"alignnone wp-image-35707 size-full\" src=\"https:\/\/lojasosprofessoratividades.com.br\/wp-content\/uploads\/2023\/09\/Aviso-Loja-atual.jpg\" alt=\"\" width=\"446\" height=\"251\" srcset=\"https:\/\/lojasosprofessoratividades.com.br\/wp-content\/uploads\/2023\/09\/Aviso-Loja-atual.jpg 446w, https:\/\/lojasosprofessoratividades.com.br\/wp-content\/uploads\/2023\/09\/Aviso-Loja-atual-300x169.jpg 300w, https:\/\/lojasosprofessoratividades.com.br\/wp-content\/uploads\/2023\/09\/Aviso-Loja-atual-18x10.jpg 18w\" sizes=\"auto, (max-width: 446px) 100vw, 446px\" \/><\/p>","protected":false},"featured_media":36760,"comment_status":"open","ping_status":"closed","template":"","meta":[],"product_brand":[],"product_cat":[125,127,196,206,205,194,204,195],"product_tag":[3315,3312,3307,3302,616,3309,3306,3318,375,2045,3311,578,3310,1210,3305,2338,2339,245,1539,3317,1206,3313,398,3304,3314,3303,3308,3316,1204],"class_list":{"0":"post-36756","1":"product","2":"type-product","3":"status-publish","4":"has-post-thumbnail","6":"product_cat-4o-ano","7":"product_cat-5o-ano","8":"product_cat-ciencias-4-ano","9":"product_cat-ciencias-5-ano","10":"product_cat-matematica-5-ano","11":"product_cat-matematica-4-ano","12":"product_cat-portugues-5-anos","13":"product_cat-portugues-4-ano","14":"product_tag-acordo-de-paris","15":"product_tag-amazonia","16":"product_tag-amazonia-e-clima","17":"product_tag-atividades-cop-30","18":"product_tag-atividades-escolares","19":"product_tag-atividades-sobre-mudancas-climaticas","20":"product_tag-atividades-sustentabilidade","21":"product_tag-belem","22":"product_tag-bncc","23":"product_tag-clima-e-temperatura","24":"product_tag-cop-30","25":"product_tag-curupira","26":"product_tag-curupira-mascote-cop-30","27":"product_tag-educacao-ambiental","28":"product_tag-educacao-ambiental-bncc","29":"product_tag-ensino-4o-ano","30":"product_tag-ensino-5o-ano","31":"product_tag-ensino-fundamental","32":"product_tag-interdisciplinar","33":"product_tag-ipcc","34":"product_tag-meio-ambiente","35":"product_tag-mudancas-climaticas","36":"product_tag-plano-de-aula","37":"product_tag-plano-de-aula-cop-30","38":"product_tag-projeto-cop-30","39":"product_tag-projeto-cop-30-ensino-fundamental","40":"product_tag-projeto-interdisciplinar-cop-30","41":"product_tag-protocolo-de-quioto","42":"product_tag-sustentabilidade","44":"first","45":"instock","46":"downloadable","47":"virtual","48":"sold-individually","49":"purchasable","50":"product-type-simple"},"yoast_head":"<!-- This site is optimized with the Yoast SEO plugin v27.5 - https:\/\/yoast.com\/product\/yoast-seo-wordpress\/ -->\n<title>Atividades COP 30 para Ensino Fundamental - Loja SOS Professor Atividades<\/title>\n<meta name=\"description\" content=\"Atividades COP 30 para o Ensino Fundamental com textos, plano de aula, gabarito e b\u00f4nus. Educa\u00e7\u00e3o ambiental e sustentabilidade na pr\u00e1tica!\" \/>\n<meta name=\"robots\" content=\"index, follow, max-snippet:-1, max-image-preview:large, max-video-preview:-1\" \/>\n<link rel=\"canonical\" href=\"https:\/\/lojasosprofessoratividades.com.br\/en\/product\/atividades-cop-30-para-ensino-fundamental\/\" \/>\n<meta property=\"og:locale\" content=\"en_US\" \/>\n<meta property=\"og:type\" content=\"article\" \/>\n<meta property=\"og:title\" content=\"Atividades COP 30 para Ensino Fundamental - Loja SOS Professor Atividades\" \/>\n<meta property=\"og:description\" content=\"Atividades COP 30 para o Ensino Fundamental com textos, plano de aula, gabarito e b\u00f4nus. Educa\u00e7\u00e3o ambiental e sustentabilidade na pr\u00e1tica!\" \/>\n<meta property=\"og:url\" content=\"https:\/\/lojasosprofessoratividades.com.br\/en\/product\/atividades-cop-30-para-ensino-fundamental\/\" \/>\n<meta property=\"og:site_name\" content=\"Loja SOS Professor Atividades\" \/>\n<meta property=\"article:publisher\" content=\"https:\/\/www.facebook.com\/sosprofessoratividades\" \/>\n<meta property=\"article:modified_time\" content=\"2026-05-08T17:26:49+00:00\" \/>\n<meta property=\"og:image\" content=\"https:\/\/lojasosprofessoratividades.com.br\/wp-content\/uploads\/2025\/11\/1-2.jpg\" \/>\n\t<meta property=\"og:image:width\" content=\"800\" \/>\n\t<meta property=\"og:image:height\" content=\"693\" \/>\n\t<meta property=\"og:image:type\" content=\"image\/jpeg\" \/>\n<meta name=\"twitter:card\" content=\"summary_large_image\" \/>\n<meta name=\"twitter:label1\" content=\"Est. reading time\" \/>\n\t<meta name=\"twitter:data1\" content=\"1 minute\" \/>\n<script type=\"application\/ld+json\" class=\"yoast-schema-graph\">{\"@context\":\"https:\\\/\\\/schema.org\",\"@graph\":[{\"@type\":\"WebPage\",\"@id\":\"https:\\\/\\\/lojasosprofessoratividades.com.br\\\/produto\\\/atividades-cop-30-para-ensino-fundamental\\\/\",\"url\":\"https:\\\/\\\/lojasosprofessoratividades.com.br\\\/produto\\\/atividades-cop-30-para-ensino-fundamental\\\/\",\"name\":\"Atividades COP 30 para Ensino Fundamental - Loja SOS Professor Atividades\",\"isPartOf\":{\"@id\":\"https:\\\/\\\/lojasosprofessoratividades.com.br\\\/#website\"},\"primaryImageOfPage\":{\"@id\":\"https:\\\/\\\/lojasosprofessoratividades.com.br\\\/produto\\\/atividades-cop-30-para-ensino-fundamental\\\/#primaryimage\"},\"image\":{\"@id\":\"https:\\\/\\\/lojasosprofessoratividades.com.br\\\/produto\\\/atividades-cop-30-para-ensino-fundamental\\\/#primaryimage\"},\"thumbnailUrl\":\"https:\\\/\\\/lojasosprofessoratividades.com.br\\\/wp-content\\\/uploads\\\/2025\\\/11\\\/1-2.jpg\",\"datePublished\":\"2025-11-06T02:34:40+00:00\",\"dateModified\":\"2026-05-08T17:26:49+00:00\",\"description\":\"Atividades COP 30 para o Ensino Fundamental com textos, plano de aula, gabarito e b\u00f4nus. Educa\u00e7\u00e3o ambiental e sustentabilidade na pr\u00e1tica!\",\"breadcrumb\":{\"@id\":\"https:\\\/\\\/lojasosprofessoratividades.com.br\\\/produto\\\/atividades-cop-30-para-ensino-fundamental\\\/#breadcrumb\"},\"inLanguage\":\"en-US\",\"potentialAction\":[{\"@type\":\"ReadAction\",\"target\":[\"https:\\\/\\\/lojasosprofessoratividades.com.br\\\/produto\\\/atividades-cop-30-para-ensino-fundamental\\\/\"]}]},{\"@type\":\"ImageObject\",\"inLanguage\":\"en-US\",\"@id\":\"https:\\\/\\\/lojasosprofessoratividades.com.br\\\/produto\\\/atividades-cop-30-para-ensino-fundamental\\\/#primaryimage\",\"url\":\"https:\\\/\\\/lojasosprofessoratividades.com.br\\\/wp-content\\\/uploads\\\/2025\\\/11\\\/1-2.jpg\",\"contentUrl\":\"https:\\\/\\\/lojasosprofessoratividades.com.br\\\/wp-content\\\/uploads\\\/2025\\\/11\\\/1-2.jpg\",\"width\":800,\"height\":693,\"caption\":\"Atividades COP 30 para Ensino Fundamental\"},{\"@type\":\"BreadcrumbList\",\"@id\":\"https:\\\/\\\/lojasosprofessoratividades.com.br\\\/produto\\\/atividades-cop-30-para-ensino-fundamental\\\/#breadcrumb\",\"itemListElement\":[{\"@type\":\"ListItem\",\"position\":1,\"name\":\"In\u00edcio\",\"item\":\"https:\\\/\\\/lojasosprofessoratividades.com.br\\\/\"},{\"@type\":\"ListItem\",\"position\":2,\"name\":\"Loja\",\"item\":\"https:\\\/\\\/lojasosprofessoratividades.com.br\\\/loja\\\/\"},{\"@type\":\"ListItem\",\"position\":3,\"name\":\"Atividades COP 30 para Ensino Fundamental\"}]},{\"@type\":\"WebSite\",\"@id\":\"https:\\\/\\\/lojasosprofessoratividades.com.br\\\/#website\",\"url\":\"https:\\\/\\\/lojasosprofessoratividades.com.br\\\/\",\"name\":\"Loja SOS Professor Atividades\",\"description\":\"Venda de material did\u00e1tico para o ensino fundamental\",\"publisher\":{\"@id\":\"https:\\\/\\\/lojasosprofessoratividades.com.br\\\/#organization\"},\"potentialAction\":[{\"@type\":\"SearchAction\",\"target\":{\"@type\":\"EntryPoint\",\"urlTemplate\":\"https:\\\/\\\/lojasosprofessoratividades.com.br\\\/?s={search_term_string}\"},\"query-input\":{\"@type\":\"PropertyValueSpecification\",\"valueRequired\":true,\"valueName\":\"search_term_string\"}}],\"inLanguage\":\"en-US\"},{\"@type\":\"Organization\",\"@id\":\"https:\\\/\\\/lojasosprofessoratividades.com.br\\\/#organization\",\"name\":\"Loja SOS Professor Atividades\",\"url\":\"https:\\\/\\\/lojasosprofessoratividades.com.br\\\/\",\"logo\":{\"@type\":\"ImageObject\",\"inLanguage\":\"en-US\",\"@id\":\"https:\\\/\\\/lojasosprofessoratividades.com.br\\\/#\\\/schema\\\/logo\\\/image\\\/\",\"url\":\"http:\\\/\\\/lojasosprofessoratividades.com.br\\\/wp-content\\\/uploads\\\/2022\\\/04\\\/Logo.png\",\"contentUrl\":\"http:\\\/\\\/lojasosprofessoratividades.com.br\\\/wp-content\\\/uploads\\\/2022\\\/04\\\/Logo.png\",\"width\":2000,\"height\":2000,\"caption\":\"Loja SOS Professor Atividades\"},\"image\":{\"@id\":\"https:\\\/\\\/lojasosprofessoratividades.com.br\\\/#\\\/schema\\\/logo\\\/image\\\/\"},\"sameAs\":[\"https:\\\/\\\/www.facebook.com\\\/sosprofessoratividades\",\"https:\\\/\\\/www.instagram.com\\\/sosprofessoratividades\\\/\"]}]}<\/script>\n<!-- \/ Yoast SEO plugin. -->","yoast_head_json":{"title":"Atividades COP 30 para Ensino Fundamental - Loja SOS Professor Atividades","description":"Atividades COP 30 para o Ensino Fundamental com textos, plano de aula, gabarito e b\u00f4nus. Educa\u00e7\u00e3o ambiental e sustentabilidade na pr\u00e1tica!","robots":{"index":"index","follow":"follow","max-snippet":"max-snippet:-1","max-image-preview":"max-image-preview:large","max-video-preview":"max-video-preview:-1"},"canonical":"https:\/\/lojasosprofessoratividades.com.br\/en\/product\/atividades-cop-30-para-ensino-fundamental\/","og_locale":"en_US","og_type":"article","og_title":"Atividades COP 30 para Ensino Fundamental - Loja SOS Professor Atividades","og_description":"Atividades COP 30 para o Ensino Fundamental com textos, plano de aula, gabarito e b\u00f4nus. Educa\u00e7\u00e3o ambiental e sustentabilidade na pr\u00e1tica!","og_url":"https:\/\/lojasosprofessoratividades.com.br\/en\/product\/atividades-cop-30-para-ensino-fundamental\/","og_site_name":"Loja SOS Professor Atividades","article_publisher":"https:\/\/www.facebook.com\/sosprofessoratividades","article_modified_time":"2026-05-08T17:26:49+00:00","og_image":[{"width":800,"height":693,"url":"https:\/\/lojasosprofessoratividades.com.br\/wp-content\/uploads\/2025\/11\/1-2.jpg","type":"image\/jpeg"}],"twitter_card":"summary_large_image","twitter_misc":{"Est. reading time":"1 minute"},"schema":{"@context":"https:\/\/schema.org","@graph":[{"@type":"WebPage","@id":"https:\/\/lojasosprofessoratividades.com.br\/produto\/atividades-cop-30-para-ensino-fundamental\/","url":"https:\/\/lojasosprofessoratividades.com.br\/produto\/atividades-cop-30-para-ensino-fundamental\/","name":"Atividades COP 30 para Ensino Fundamental - Loja SOS Professor Atividades","isPartOf":{"@id":"https:\/\/lojasosprofessoratividades.com.br\/#website"},"primaryImageOfPage":{"@id":"https:\/\/lojasosprofessoratividades.com.br\/produto\/atividades-cop-30-para-ensino-fundamental\/#primaryimage"},"image":{"@id":"https:\/\/lojasosprofessoratividades.com.br\/produto\/atividades-cop-30-para-ensino-fundamental\/#primaryimage"},"thumbnailUrl":"https:\/\/lojasosprofessoratividades.com.br\/wp-content\/uploads\/2025\/11\/1-2.jpg","datePublished":"2025-11-06T02:34:40+00:00","dateModified":"2026-05-08T17:26:49+00:00","description":"Atividades COP 30 para o Ensino Fundamental com textos, plano de aula, gabarito e b\u00f4nus. Educa\u00e7\u00e3o ambiental e sustentabilidade na pr\u00e1tica!","breadcrumb":{"@id":"https:\/\/lojasosprofessoratividades.com.br\/produto\/atividades-cop-30-para-ensino-fundamental\/#breadcrumb"},"inLanguage":"en-US","potentialAction":[{"@type":"ReadAction","target":["https:\/\/lojasosprofessoratividades.com.br\/produto\/atividades-cop-30-para-ensino-fundamental\/"]}]},{"@type":"ImageObject","inLanguage":"en-US","@id":"https:\/\/lojasosprofessoratividades.com.br\/produto\/atividades-cop-30-para-ensino-fundamental\/#primaryimage","url":"https:\/\/lojasosprofessoratividades.com.br\/wp-content\/uploads\/2025\/11\/1-2.jpg","contentUrl":"https:\/\/lojasosprofessoratividades.com.br\/wp-content\/uploads\/2025\/11\/1-2.jpg","width":800,"height":693,"caption":"Atividades COP 30 para Ensino Fundamental"},{"@type":"BreadcrumbList","@id":"https:\/\/lojasosprofessoratividades.com.br\/produto\/atividades-cop-30-para-ensino-fundamental\/#breadcrumb","itemListElement":[{"@type":"ListItem","position":1,"name":"In\u00edcio","item":"https:\/\/lojasosprofessoratividades.com.br\/"},{"@type":"ListItem","position":2,"name":"Loja","item":"https:\/\/lojasosprofessoratividades.com.br\/loja\/"},{"@type":"ListItem","position":3,"name":"Atividades COP 30 para Ensino Fundamental"}]},{"@type":"WebSite","@id":"https:\/\/lojasosprofessoratividades.com.br\/#website","url":"https:\/\/lojasosprofessoratividades.com.br\/","name":"Loja SOS Professor Atividades","description":"Venda de material did\u00e1tico para o ensino fundamental","publisher":{"@id":"https:\/\/lojasosprofessoratividades.com.br\/#organization"},"potentialAction":[{"@type":"SearchAction","target":{"@type":"EntryPoint","urlTemplate":"https:\/\/lojasosprofessoratividades.com.br\/?s={search_term_string}"},"query-input":{"@type":"PropertyValueSpecification","valueRequired":true,"valueName":"search_term_string"}}],"inLanguage":"en-US"},{"@type":"Organization","@id":"https:\/\/lojasosprofessoratividades.com.br\/#organization","name":"Loja SOS Professor Atividades","url":"https:\/\/lojasosprofessoratividades.com.br\/","logo":{"@type":"ImageObject","inLanguage":"en-US","@id":"https:\/\/lojasosprofessoratividades.com.br\/#\/schema\/logo\/image\/","url":"http:\/\/lojasosprofessoratividades.com.br\/wp-content\/uploads\/2022\/04\/Logo.png","contentUrl":"http:\/\/lojasosprofessoratividades.com.br\/wp-content\/uploads\/2022\/04\/Logo.png","width":2000,"height":2000,"caption":"Loja SOS Professor Atividades"},"image":{"@id":"https:\/\/lojasosprofessoratividades.com.br\/#\/schema\/logo\/image\/"},"sameAs":["https:\/\/www.facebook.com\/sosprofessoratividades","https:\/\/www.instagram.com\/sosprofessoratividades\/"]}]}},"_links":{"self":[{"href":"https:\/\/lojasosprofessoratividades.com.br\/en\/wp-json\/wp\/v2\/product\/36756","targetHints":{"allow":["GET"]}}],"collection":[{"href":"https:\/\/lojasosprofessoratividades.com.br\/en\/wp-json\/wp\/v2\/product"}],"about":[{"href":"https:\/\/lojasosprofessoratividades.com.br\/en\/wp-json\/wp\/v2\/types\/product"}],"replies":[{"embeddable":true,"href":"https:\/\/lojasosprofessoratividades.com.br\/en\/wp-json\/wp\/v2\/comments?post=36756"}],"wp:featuredmedia":[{"embeddable":true,"href":"https:\/\/lojasosprofessoratividades.com.br\/en\/wp-json\/wp\/v2\/media\/36760"}],"wp:attachment":[{"href":"https:\/\/lojasosprofessoratividades.com.br\/en\/wp-json\/wp\/v2\/media?parent=36756"}],"wp:term":[{"taxonomy":"product_brand","embeddable":true,"href":"https:\/\/lojasosprofessoratividades.com.br\/en\/wp-json\/wp\/v2\/product_brand?post=36756"},{"taxonomy":"product_cat","embeddable":true,"href":"https:\/\/lojasosprofessoratividades.com.br\/en\/wp-json\/wp\/v2\/product_cat?post=36756"},{"taxonomy":"product_tag","embeddable":true,"href":"https:\/\/lojasosprofessoratividades.com.br\/en\/wp-json\/wp\/v2\/product_tag?post=36756"}],"curies":[{"name":"wp","href":"https:\/\/api.w.org\/{rel}","templated":true}]}}