{"id":36775,"date":"2025-11-06T16:17:33","date_gmt":"2025-11-06T19:17:33","guid":{"rendered":"https:\/\/lojasosprofessoratividades.com.br\/?post_type=product&#038;p=36775"},"modified":"2026-05-08T14:26:57","modified_gmt":"2026-05-08T17:26:57","slug":"painel-de-porta-natalino-abra-a-porta","status":"publish","type":"product","link":"https:\/\/lojasosprofessoratividades.com.br\/en\/product\/painel-de-porta-natalino-abra-a-porta\/","title":{"rendered":"Painel de Porta Natalino &#8211; Abra a porta."},"content":{"rendered":"","protected":false},"excerpt":{"rendered":"<p data-start=\"319\" data-end=\"654\">Deixe a magia do Natal invadir a sua escola!\u00a0<br data-start=\"367\" data-end=\"370\" \/>O <strong data-start=\"372\" data-end=\"415\">Painel de Porta Natalino \u2013 Abra a Porta<\/strong> traz o Papai Noel, sua rena e um alegre boneco de neve em uma cena encantadora que convida todos a celebrarem essa \u00e9poca especial.<br data-start=\"546\" data-end=\"549\" \/>Perfeito para professores que desejam transformar a entrada da sala em um ambiente festivo e acolhedor!<\/p>\n<p data-start=\"656\" data-end=\"922\">O arquivo cont\u00e9m:<br data-start=\"673\" data-end=\"676\" \/><strong data-start=\"679\" data-end=\"703\">Vers\u00e3o em tamanho A4<\/strong> \u2013 ideal para impress\u00e3o simples e amplia\u00e7\u00e3o personalizada;<br data-start=\"761\" data-end=\"764\" \/><strong data-start=\"767\" data-end=\"814\">Vers\u00e3o em p\u00f4ster 4&#215;7 folhas (28 p\u00e1ginas A4)<\/strong> \u2013 medindo aproximadamente <strong data-start=\"841\" data-end=\"882\">84 cm de largura por 207 cm de altura<\/strong>, pronta para cobrir portas escolares.<\/p>\n<p data-start=\"924\" data-end=\"1055\">Perfeito para <strong data-start=\"938\" data-end=\"992\">decora\u00e7\u00e3o de portas, murais e corredores escolares<\/strong>, valorizando o esp\u00edrito natalino com cor, alegria e encanto!<\/p>\n<h3>N\u00e3o enviamos por e-mail, a entrega \u00e9 via link para download.\u00a0<img decoding=\"async\" class=\"emoji\" role=\"img\" draggable=\"false\" src=\"https:\/\/s.w.org\/images\/core\/emoji\/16.0.1\/svg\/1f447.svg\" alt=\"\ud83d\udc47\" \/><\/h3>\n<p data-start=\"924\" data-end=\"1055\"><img loading=\"lazy\" decoding=\"async\" class=\"alignnone wp-image-36779 size-full\" src=\"https:\/\/lojasosprofessoratividades.com.br\/wp-content\/uploads\/2025\/11\/Aviso-Loja-atual.jpg\" alt=\"\" width=\"446\" height=\"251\" srcset=\"https:\/\/lojasosprofessoratividades.com.br\/wp-content\/uploads\/2025\/11\/Aviso-Loja-atual.jpg 446w, https:\/\/lojasosprofessoratividades.com.br\/wp-content\/uploads\/2025\/11\/Aviso-Loja-atual-300x169.jpg 300w, https:\/\/lojasosprofessoratividades.com.br\/wp-content\/uploads\/2025\/11\/Aviso-Loja-atual-18x10.jpg 18w\" sizes=\"auto, (max-width: 446px) 100vw, 446px\" \/><\/p>","protected":false},"featured_media":36884,"comment_status":"open","ping_status":"closed","template":"","meta":[],"product_brand":[],"product_cat":[122,123,124,125,127,214,216,218,210,212,126,220],"product_tag":[3326,3333,914,3328,3096,3092,724,3182,3094,3331,956,3325,3332,3327,3330,3329],"class_list":{"0":"post-36775","1":"product","2":"type-product","3":"status-publish","4":"has-post-thumbnail","6":"product_cat-1o-ano","7":"product_cat-2o-ano","8":"product_cat-3o-ano","9":"product_cat-4o-ano","10":"product_cat-5o-ano","11":"product_cat-data-comemorativa-3-ano","12":"product_cat-data-comemorativa-4-ano","13":"product_cat-data-comemorativa-5-ano","14":"product_cat-data-comemorativa-1-ano","15":"product_cat-data-comemorativa-2-ano","16":"product_cat-educacao-infantil","17":"product_cat-o-eu-o-outro-o-nos","18":"product_tag-arquivo-digital-natal","19":"product_tag-arquivo-pedagogico-natalino","20":"product_tag-atividade-natalina","21":"product_tag-boneco-de-neve","22":"product_tag-cartaz-natalino","23":"product_tag-decoracao-escolar-natal","24":"product_tag-decoracao-sala-de-aula","25":"product_tag-mural-natalino","26":"product_tag-natal-educacao-infantil","27":"product_tag-natal-fundamental-1","28":"product_tag-natal-na-escola","29":"product_tag-painel-de-porta-natalino","30":"product_tag-painel-para-professores","31":"product_tag-papai-noel-e-rena","32":"product_tag-porta-decorada-natal","33":"product_tag-poster-natal","35":"first","36":"instock","37":"downloadable","38":"virtual","39":"sold-individually","40":"purchasable","41":"product-type-simple"},"yoast_head":"<!-- This site is optimized with the Yoast SEO plugin v27.6 - https:\/\/yoast.com\/product\/yoast-seo-wordpress\/ -->\n<title>Painel de Porta Natalino - Abra a porta. - Loja SOS Professor Atividades<\/title>\n<meta name=\"description\" content=\"Painel de Porta Natalino com Papai Noel, rena e boneco de neve. Arquivo A4 e p\u00f4ster 4x7 para decorar escolas com magia e alegria!\" \/>\n<meta name=\"robots\" content=\"index, follow, max-snippet:-1, max-image-preview:large, max-video-preview:-1\" \/>\n<link rel=\"canonical\" href=\"https:\/\/lojasosprofessoratividades.com.br\/en\/product\/painel-de-porta-natalino-abra-a-porta\/\" \/>\n<meta property=\"og:locale\" content=\"en_US\" \/>\n<meta property=\"og:type\" content=\"article\" \/>\n<meta property=\"og:title\" content=\"Painel de Porta Natalino - Abra a porta. - Loja SOS Professor Atividades\" \/>\n<meta property=\"og:description\" content=\"Painel de Porta Natalino com Papai Noel, rena e boneco de neve. Arquivo A4 e p\u00f4ster 4x7 para decorar escolas com magia e alegria!\" \/>\n<meta property=\"og:url\" content=\"https:\/\/lojasosprofessoratividades.com.br\/en\/product\/painel-de-porta-natalino-abra-a-porta\/\" \/>\n<meta property=\"og:site_name\" content=\"Loja SOS Professor Atividades\" \/>\n<meta property=\"article:publisher\" content=\"https:\/\/www.facebook.com\/sosprofessoratividades\" \/>\n<meta property=\"article:modified_time\" content=\"2026-05-08T17:26:57+00:00\" \/>\n<meta property=\"og:image\" content=\"https:\/\/lojasosprofessoratividades.com.br\/wp-content\/uploads\/2025\/11\/Painel-de-Porta-Natalino-Abra-a-porta-1b.jpg\" \/>\n\t<meta property=\"og:image:width\" content=\"800\" \/>\n\t<meta property=\"og:image:height\" content=\"693\" \/>\n\t<meta property=\"og:image:type\" content=\"image\/jpeg\" \/>\n<meta name=\"twitter:card\" content=\"summary_large_image\" \/>\n<meta name=\"twitter:label1\" content=\"Est. reading time\" \/>\n\t<meta name=\"twitter:data1\" content=\"1 minute\" \/>\n<script type=\"application\/ld+json\" class=\"yoast-schema-graph\">{\"@context\":\"https:\\\/\\\/schema.org\",\"@graph\":[{\"@type\":\"WebPage\",\"@id\":\"https:\\\/\\\/lojasosprofessoratividades.com.br\\\/produto\\\/painel-de-porta-natalino-abra-a-porta\\\/\",\"url\":\"https:\\\/\\\/lojasosprofessoratividades.com.br\\\/produto\\\/painel-de-porta-natalino-abra-a-porta\\\/\",\"name\":\"Painel de Porta Natalino - Abra a porta. - Loja SOS Professor Atividades\",\"isPartOf\":{\"@id\":\"https:\\\/\\\/lojasosprofessoratividades.com.br\\\/#website\"},\"primaryImageOfPage\":{\"@id\":\"https:\\\/\\\/lojasosprofessoratividades.com.br\\\/produto\\\/painel-de-porta-natalino-abra-a-porta\\\/#primaryimage\"},\"image\":{\"@id\":\"https:\\\/\\\/lojasosprofessoratividades.com.br\\\/produto\\\/painel-de-porta-natalino-abra-a-porta\\\/#primaryimage\"},\"thumbnailUrl\":\"https:\\\/\\\/lojasosprofessoratividades.com.br\\\/wp-content\\\/uploads\\\/2025\\\/11\\\/Painel-de-Porta-Natalino-Abra-a-porta-1b.jpg\",\"datePublished\":\"2025-11-06T19:17:33+00:00\",\"dateModified\":\"2026-05-08T17:26:57+00:00\",\"description\":\"Painel de Porta Natalino com Papai Noel, rena e boneco de neve. Arquivo A4 e p\u00f4ster 4x7 para decorar escolas com magia e alegria!\",\"breadcrumb\":{\"@id\":\"https:\\\/\\\/lojasosprofessoratividades.com.br\\\/produto\\\/painel-de-porta-natalino-abra-a-porta\\\/#breadcrumb\"},\"inLanguage\":\"en-US\",\"potentialAction\":[{\"@type\":\"ReadAction\",\"target\":[\"https:\\\/\\\/lojasosprofessoratividades.com.br\\\/produto\\\/painel-de-porta-natalino-abra-a-porta\\\/\"]}]},{\"@type\":\"ImageObject\",\"inLanguage\":\"en-US\",\"@id\":\"https:\\\/\\\/lojasosprofessoratividades.com.br\\\/produto\\\/painel-de-porta-natalino-abra-a-porta\\\/#primaryimage\",\"url\":\"https:\\\/\\\/lojasosprofessoratividades.com.br\\\/wp-content\\\/uploads\\\/2025\\\/11\\\/Painel-de-Porta-Natalino-Abra-a-porta-1b.jpg\",\"contentUrl\":\"https:\\\/\\\/lojasosprofessoratividades.com.br\\\/wp-content\\\/uploads\\\/2025\\\/11\\\/Painel-de-Porta-Natalino-Abra-a-porta-1b.jpg\",\"width\":800,\"height\":693,\"caption\":\"Painel de Porta Natalino-Abra a porta3b\"},{\"@type\":\"BreadcrumbList\",\"@id\":\"https:\\\/\\\/lojasosprofessoratividades.com.br\\\/produto\\\/painel-de-porta-natalino-abra-a-porta\\\/#breadcrumb\",\"itemListElement\":[{\"@type\":\"ListItem\",\"position\":1,\"name\":\"In\u00edcio\",\"item\":\"https:\\\/\\\/lojasosprofessoratividades.com.br\\\/\"},{\"@type\":\"ListItem\",\"position\":2,\"name\":\"Loja\",\"item\":\"https:\\\/\\\/lojasosprofessoratividades.com.br\\\/loja\\\/\"},{\"@type\":\"ListItem\",\"position\":3,\"name\":\"Painel de Porta Natalino &#8211; Abra a porta.\"}]},{\"@type\":\"WebSite\",\"@id\":\"https:\\\/\\\/lojasosprofessoratividades.com.br\\\/#website\",\"url\":\"https:\\\/\\\/lojasosprofessoratividades.com.br\\\/\",\"name\":\"Loja SOS Professor Atividades\",\"description\":\"Venda de material did\u00e1tico para o ensino fundamental\",\"publisher\":{\"@id\":\"https:\\\/\\\/lojasosprofessoratividades.com.br\\\/#organization\"},\"potentialAction\":[{\"@type\":\"SearchAction\",\"target\":{\"@type\":\"EntryPoint\",\"urlTemplate\":\"https:\\\/\\\/lojasosprofessoratividades.com.br\\\/?s={search_term_string}\"},\"query-input\":{\"@type\":\"PropertyValueSpecification\",\"valueRequired\":true,\"valueName\":\"search_term_string\"}}],\"inLanguage\":\"en-US\"},{\"@type\":\"Organization\",\"@id\":\"https:\\\/\\\/lojasosprofessoratividades.com.br\\\/#organization\",\"name\":\"Loja SOS Professor Atividades\",\"url\":\"https:\\\/\\\/lojasosprofessoratividades.com.br\\\/\",\"logo\":{\"@type\":\"ImageObject\",\"inLanguage\":\"en-US\",\"@id\":\"https:\\\/\\\/lojasosprofessoratividades.com.br\\\/#\\\/schema\\\/logo\\\/image\\\/\",\"url\":\"http:\\\/\\\/lojasosprofessoratividades.com.br\\\/wp-content\\\/uploads\\\/2022\\\/04\\\/Logo.png\",\"contentUrl\":\"http:\\\/\\\/lojasosprofessoratividades.com.br\\\/wp-content\\\/uploads\\\/2022\\\/04\\\/Logo.png\",\"width\":2000,\"height\":2000,\"caption\":\"Loja SOS Professor Atividades\"},\"image\":{\"@id\":\"https:\\\/\\\/lojasosprofessoratividades.com.br\\\/#\\\/schema\\\/logo\\\/image\\\/\"},\"sameAs\":[\"https:\\\/\\\/www.facebook.com\\\/sosprofessoratividades\",\"https:\\\/\\\/www.instagram.com\\\/sosprofessoratividades\\\/\"]}]}<\/script>\n<!-- \/ Yoast SEO plugin. -->","yoast_head_json":{"title":"Painel de Porta Natalino - Abra a porta. - Loja SOS Professor Atividades","description":"Painel de Porta Natalino com Papai Noel, rena e boneco de neve. Arquivo A4 e p\u00f4ster 4x7 para decorar escolas com magia e alegria!","robots":{"index":"index","follow":"follow","max-snippet":"max-snippet:-1","max-image-preview":"max-image-preview:large","max-video-preview":"max-video-preview:-1"},"canonical":"https:\/\/lojasosprofessoratividades.com.br\/en\/product\/painel-de-porta-natalino-abra-a-porta\/","og_locale":"en_US","og_type":"article","og_title":"Painel de Porta Natalino - Abra a porta. - Loja SOS Professor Atividades","og_description":"Painel de Porta Natalino com Papai Noel, rena e boneco de neve. Arquivo A4 e p\u00f4ster 4x7 para decorar escolas com magia e alegria!","og_url":"https:\/\/lojasosprofessoratividades.com.br\/en\/product\/painel-de-porta-natalino-abra-a-porta\/","og_site_name":"Loja SOS Professor Atividades","article_publisher":"https:\/\/www.facebook.com\/sosprofessoratividades","article_modified_time":"2026-05-08T17:26:57+00:00","og_image":[{"width":800,"height":693,"url":"https:\/\/lojasosprofessoratividades.com.br\/wp-content\/uploads\/2025\/11\/Painel-de-Porta-Natalino-Abra-a-porta-1b.jpg","type":"image\/jpeg"}],"twitter_card":"summary_large_image","twitter_misc":{"Est. reading time":"1 minute"},"schema":{"@context":"https:\/\/schema.org","@graph":[{"@type":"WebPage","@id":"https:\/\/lojasosprofessoratividades.com.br\/produto\/painel-de-porta-natalino-abra-a-porta\/","url":"https:\/\/lojasosprofessoratividades.com.br\/produto\/painel-de-porta-natalino-abra-a-porta\/","name":"Painel de Porta Natalino - Abra a porta. - Loja SOS Professor Atividades","isPartOf":{"@id":"https:\/\/lojasosprofessoratividades.com.br\/#website"},"primaryImageOfPage":{"@id":"https:\/\/lojasosprofessoratividades.com.br\/produto\/painel-de-porta-natalino-abra-a-porta\/#primaryimage"},"image":{"@id":"https:\/\/lojasosprofessoratividades.com.br\/produto\/painel-de-porta-natalino-abra-a-porta\/#primaryimage"},"thumbnailUrl":"https:\/\/lojasosprofessoratividades.com.br\/wp-content\/uploads\/2025\/11\/Painel-de-Porta-Natalino-Abra-a-porta-1b.jpg","datePublished":"2025-11-06T19:17:33+00:00","dateModified":"2026-05-08T17:26:57+00:00","description":"Painel de Porta Natalino com Papai Noel, rena e boneco de neve. Arquivo A4 e p\u00f4ster 4x7 para decorar escolas com magia e alegria!","breadcrumb":{"@id":"https:\/\/lojasosprofessoratividades.com.br\/produto\/painel-de-porta-natalino-abra-a-porta\/#breadcrumb"},"inLanguage":"en-US","potentialAction":[{"@type":"ReadAction","target":["https:\/\/lojasosprofessoratividades.com.br\/produto\/painel-de-porta-natalino-abra-a-porta\/"]}]},{"@type":"ImageObject","inLanguage":"en-US","@id":"https:\/\/lojasosprofessoratividades.com.br\/produto\/painel-de-porta-natalino-abra-a-porta\/#primaryimage","url":"https:\/\/lojasosprofessoratividades.com.br\/wp-content\/uploads\/2025\/11\/Painel-de-Porta-Natalino-Abra-a-porta-1b.jpg","contentUrl":"https:\/\/lojasosprofessoratividades.com.br\/wp-content\/uploads\/2025\/11\/Painel-de-Porta-Natalino-Abra-a-porta-1b.jpg","width":800,"height":693,"caption":"Painel de Porta Natalino-Abra a porta3b"},{"@type":"BreadcrumbList","@id":"https:\/\/lojasosprofessoratividades.com.br\/produto\/painel-de-porta-natalino-abra-a-porta\/#breadcrumb","itemListElement":[{"@type":"ListItem","position":1,"name":"In\u00edcio","item":"https:\/\/lojasosprofessoratividades.com.br\/"},{"@type":"ListItem","position":2,"name":"Loja","item":"https:\/\/lojasosprofessoratividades.com.br\/loja\/"},{"@type":"ListItem","position":3,"name":"Painel de Porta Natalino &#8211; Abra a porta."}]},{"@type":"WebSite","@id":"https:\/\/lojasosprofessoratividades.com.br\/#website","url":"https:\/\/lojasosprofessoratividades.com.br\/","name":"Loja SOS Professor Atividades","description":"Venda de material did\u00e1tico para o ensino fundamental","publisher":{"@id":"https:\/\/lojasosprofessoratividades.com.br\/#organization"},"potentialAction":[{"@type":"SearchAction","target":{"@type":"EntryPoint","urlTemplate":"https:\/\/lojasosprofessoratividades.com.br\/?s={search_term_string}"},"query-input":{"@type":"PropertyValueSpecification","valueRequired":true,"valueName":"search_term_string"}}],"inLanguage":"en-US"},{"@type":"Organization","@id":"https:\/\/lojasosprofessoratividades.com.br\/#organization","name":"Loja SOS Professor Atividades","url":"https:\/\/lojasosprofessoratividades.com.br\/","logo":{"@type":"ImageObject","inLanguage":"en-US","@id":"https:\/\/lojasosprofessoratividades.com.br\/#\/schema\/logo\/image\/","url":"http:\/\/lojasosprofessoratividades.com.br\/wp-content\/uploads\/2022\/04\/Logo.png","contentUrl":"http:\/\/lojasosprofessoratividades.com.br\/wp-content\/uploads\/2022\/04\/Logo.png","width":2000,"height":2000,"caption":"Loja SOS Professor Atividades"},"image":{"@id":"https:\/\/lojasosprofessoratividades.com.br\/#\/schema\/logo\/image\/"},"sameAs":["https:\/\/www.facebook.com\/sosprofessoratividades","https:\/\/www.instagram.com\/sosprofessoratividades\/"]}]}},"_links":{"self":[{"href":"https:\/\/lojasosprofessoratividades.com.br\/en\/wp-json\/wp\/v2\/product\/36775","targetHints":{"allow":["GET"]}}],"collection":[{"href":"https:\/\/lojasosprofessoratividades.com.br\/en\/wp-json\/wp\/v2\/product"}],"about":[{"href":"https:\/\/lojasosprofessoratividades.com.br\/en\/wp-json\/wp\/v2\/types\/product"}],"replies":[{"embeddable":true,"href":"https:\/\/lojasosprofessoratividades.com.br\/en\/wp-json\/wp\/v2\/comments?post=36775"}],"wp:featuredmedia":[{"embeddable":true,"href":"https:\/\/lojasosprofessoratividades.com.br\/en\/wp-json\/wp\/v2\/media\/36884"}],"wp:attachment":[{"href":"https:\/\/lojasosprofessoratividades.com.br\/en\/wp-json\/wp\/v2\/media?parent=36775"}],"wp:term":[{"taxonomy":"product_brand","embeddable":true,"href":"https:\/\/lojasosprofessoratividades.com.br\/en\/wp-json\/wp\/v2\/product_brand?post=36775"},{"taxonomy":"product_cat","embeddable":true,"href":"https:\/\/lojasosprofessoratividades.com.br\/en\/wp-json\/wp\/v2\/product_cat?post=36775"},{"taxonomy":"product_tag","embeddable":true,"href":"https:\/\/lojasosprofessoratividades.com.br\/en\/wp-json\/wp\/v2\/product_tag?post=36775"}],"curies":[{"name":"wp","href":"https:\/\/api.w.org\/{rel}","templated":true}]}}