{"id":36892,"date":"2025-11-14T09:29:22","date_gmt":"2025-11-14T12:29:22","guid":{"rendered":"https:\/\/lojasosprofessoratividades.com.br\/?post_type=product&#038;p=36892"},"modified":"2026-05-08T14:28:05","modified_gmt":"2026-05-08T17:28:05","slug":"painel-de-porta-natalino-o-salvador-nasceu","status":"publish","type":"product","link":"https:\/\/lojasosprofessoratividades.com.br\/en\/product\/painel-de-porta-natalino-o-salvador-nasceu\/","title":{"rendered":"Painel de Porta Natalino \u201cO Salvador Nasceu!\u201d"},"content":{"rendered":"","protected":false},"excerpt":{"rendered":"<p data-start=\"0\" data-end=\"378\">O <strong data-start=\"160\" data-end=\"209\">Painel de Porta Natalino \u2013 O Salvador Nasceu!<\/strong> foi criado especialmente para professores que desejam levar uma mensagem de f\u00e9, paz e acolhimento para suas turmas, unindo <strong data-start=\"333\" data-end=\"357\">decora\u00e7\u00e3o pedag\u00f3gica<\/strong> e esp\u00edrito natalino.<\/p>\n<p data-start=\"380\" data-end=\"593\">O arquivo acompanha <strong data-start=\"400\" data-end=\"441\">vers\u00e3o em A4 para impress\u00e3o dom\u00e9stica<\/strong> e <strong data-start=\"444\" data-end=\"478\">p\u00f4ster ampliado no tamanho 4&#215;7<\/strong> (totalizando <strong data-start=\"492\" data-end=\"505\">28 folhas<\/strong>), garantindo alta qualidade, f\u00e1cil montagem e um resultado impactante na porta da sala.<\/p>\n<p data-start=\"595\" data-end=\"812\">Com ilustra\u00e7\u00e3o em estilo delicado e infantil, o painel \u00e9 perfeito para projetos de Natal, momentos reflexivos, celebra\u00e7\u00f5es escolares e para criar um ambiente mais afetivo e acolhedor para os alunos.<\/p>\n<p data-start=\"814\" data-end=\"1048\"><strong data-start=\"814\" data-end=\"829\">Ideal para:<\/strong><br data-start=\"829\" data-end=\"832\" \/>\u2714 Decora\u00e7\u00e3o de porta de sala de aula<br data-start=\"868\" data-end=\"871\" \/>\u2714 Projetos de Natal no Ensino Fundamental<br data-start=\"912\" data-end=\"915\" \/>\u2714 Escolas, catequeses, igrejas e espa\u00e7os pedag\u00f3gicos<br data-start=\"967\" data-end=\"970\" data-is-only-node=\"\" \/>\u2714 Professores que buscam materiais pr\u00e1ticos, bonitos e prontos para imprimir<\/p>\n<p data-start=\"1050\" data-end=\"1252\"><strong data-start=\"1050\" data-end=\"1072\">O que voc\u00ea recebe:<\/strong><br data-start=\"1072\" data-end=\"1075\" \/>\u2022 Arquivo em A4 para impress\u00f5es individuais<br data-start=\"1118\" data-end=\"1121\" \/>\u2022 Arquivo ampliado no formato p\u00f4ster 4&#215;7 (28 p\u00e1ginas)<br data-start=\"1174\" data-end=\"1177\" \/>\u2022 Arte em alta resolu\u00e7\u00e3o<br data-start=\"1201\" data-end=\"1204\" data-is-only-node=\"\" \/>\u2022 Material pronto para imprimir, montar e usar<\/p>\n<p data-start=\"1254\" data-end=\"1395\" data-is-last-node=\"\" data-is-only-node=\"\">Deixe o Natal ainda mais especial com um painel que inspira paz, carinho e valores crist\u00e3os \u2014 tudo com a praticidade que o professor precisa!<\/p>\n<h3><em><strong>N\u00e3o enviamos por e-mail, a entrega \u00e9 via link para download.\u00a0<img decoding=\"async\" class=\"emoji\" role=\"img\" draggable=\"false\" src=\"https:\/\/s.w.org\/images\/core\/emoji\/16.0.1\/svg\/1f447.svg\" alt=\"\ud83d\udc47\" \/><\/strong><\/em><\/h3>\n<p><img loading=\"lazy\" decoding=\"async\" class=\"alignnone wp-image-36779 size-full\" src=\"https:\/\/lojasosprofessoratividades.com.br\/wp-content\/uploads\/2025\/11\/Aviso-Loja-atual.jpg\" alt=\"\" width=\"446\" height=\"251\" srcset=\"https:\/\/lojasosprofessoratividades.com.br\/wp-content\/uploads\/2025\/11\/Aviso-Loja-atual.jpg 446w, https:\/\/lojasosprofessoratividades.com.br\/wp-content\/uploads\/2025\/11\/Aviso-Loja-atual-300x169.jpg 300w, https:\/\/lojasosprofessoratividades.com.br\/wp-content\/uploads\/2025\/11\/Aviso-Loja-atual-18x10.jpg 18w\" sizes=\"auto, (max-width: 446px) 100vw, 446px\" \/><\/p>","protected":false},"featured_media":36894,"comment_status":"open","ping_status":"closed","template":"","meta":[],"product_brand":[],"product_cat":[122,123,124,125,127,214,216,218,210,212,126,220],"product_tag":[3362,894,381,2300,3359,3093,976,3357,3358,3325,568,3361,3360],"class_list":{"0":"post-36892","1":"product","2":"type-product","3":"status-publish","4":"has-post-thumbnail","6":"product_cat-1o-ano","7":"product_cat-2o-ano","8":"product_cat-3o-ano","9":"product_cat-4o-ano","10":"product_cat-5o-ano","11":"product_cat-data-comemorativa-3-ano","12":"product_cat-data-comemorativa-4-ano","13":"product_cat-data-comemorativa-5-ano","14":"product_cat-data-comemorativa-1-ano","15":"product_cat-data-comemorativa-2-ano","16":"product_cat-educacao-infantil","17":"product_cat-o-eu-o-outro-o-nos","18":"product_tag-arte-natalina-para-imprimir","19":"product_tag-atividades-natalinas","20":"product_tag-decoracao-de-porta","21":"product_tag-decoracao-escola-fundamental","22":"product_tag-decoracao-natal-pedagogica","23":"product_tag-material-pedagogico-natal","24":"product_tag-natal-escolar","25":"product_tag-o-salvador-nasceu","26":"product_tag-painel-cristao","27":"product_tag-painel-de-porta-natalino","28":"product_tag-painel-para-sala-de-aula","29":"product_tag-painel-religioso-infantil","30":"product_tag-poster-natal-4x7","32":"first","33":"instock","34":"downloadable","35":"virtual","36":"sold-individually","37":"purchasable","38":"product-type-simple"},"yoast_head":"<!-- This site is optimized with the Yoast SEO plugin v27.6 - https:\/\/yoast.com\/product\/yoast-seo-wordpress\/ -->\n<title>Painel de Porta Natalino \u201cO Salvador Nasceu!\u201d - Loja SOS Professor Atividades<\/title>\n<meta name=\"description\" content=\"Painel de Porta Natalino \u201cO Salvador Nasceu\u201d em A4 e p\u00f4ster 4x7. Decora\u00e7\u00e3o escolar crist\u00e3 pronta para imprimir, montar e encantar sua turma.\" \/>\n<meta name=\"robots\" content=\"index, follow, max-snippet:-1, max-image-preview:large, max-video-preview:-1\" \/>\n<link rel=\"canonical\" href=\"https:\/\/lojasosprofessoratividades.com.br\/en\/product\/painel-de-porta-natalino-o-salvador-nasceu\/\" \/>\n<meta property=\"og:locale\" content=\"en_US\" \/>\n<meta property=\"og:type\" content=\"article\" \/>\n<meta property=\"og:title\" content=\"Painel de Porta Natalino \u201cO Salvador Nasceu!\u201d - Loja SOS Professor Atividades\" \/>\n<meta property=\"og:description\" content=\"Painel de Porta Natalino \u201cO Salvador Nasceu\u201d em A4 e p\u00f4ster 4x7. Decora\u00e7\u00e3o escolar crist\u00e3 pronta para imprimir, montar e encantar sua turma.\" \/>\n<meta property=\"og:url\" content=\"https:\/\/lojasosprofessoratividades.com.br\/en\/product\/painel-de-porta-natalino-o-salvador-nasceu\/\" \/>\n<meta property=\"og:site_name\" content=\"Loja SOS Professor Atividades\" \/>\n<meta property=\"article:publisher\" content=\"https:\/\/www.facebook.com\/sosprofessoratividades\" \/>\n<meta property=\"article:modified_time\" content=\"2026-05-08T17:28:05+00:00\" \/>\n<meta property=\"og:image\" content=\"https:\/\/lojasosprofessoratividades.com.br\/wp-content\/uploads\/2025\/11\/Painel-de-Porta-Natalino-O-Salvador-Nasceu-1.jpg\" \/>\n\t<meta property=\"og:image:width\" content=\"800\" \/>\n\t<meta property=\"og:image:height\" content=\"693\" \/>\n\t<meta property=\"og:image:type\" content=\"image\/jpeg\" \/>\n<meta name=\"twitter:card\" content=\"summary_large_image\" \/>\n<meta name=\"twitter:label1\" content=\"Est. reading time\" \/>\n\t<meta name=\"twitter:data1\" content=\"1 minute\" \/>\n<script type=\"application\/ld+json\" class=\"yoast-schema-graph\">{\"@context\":\"https:\\\/\\\/schema.org\",\"@graph\":[{\"@type\":\"WebPage\",\"@id\":\"https:\\\/\\\/lojasosprofessoratividades.com.br\\\/produto\\\/painel-de-porta-natalino-o-salvador-nasceu\\\/\",\"url\":\"https:\\\/\\\/lojasosprofessoratividades.com.br\\\/produto\\\/painel-de-porta-natalino-o-salvador-nasceu\\\/\",\"name\":\"Painel de Porta Natalino \u201cO Salvador Nasceu!\u201d - Loja SOS Professor Atividades\",\"isPartOf\":{\"@id\":\"https:\\\/\\\/lojasosprofessoratividades.com.br\\\/#website\"},\"primaryImageOfPage\":{\"@id\":\"https:\\\/\\\/lojasosprofessoratividades.com.br\\\/produto\\\/painel-de-porta-natalino-o-salvador-nasceu\\\/#primaryimage\"},\"image\":{\"@id\":\"https:\\\/\\\/lojasosprofessoratividades.com.br\\\/produto\\\/painel-de-porta-natalino-o-salvador-nasceu\\\/#primaryimage\"},\"thumbnailUrl\":\"https:\\\/\\\/lojasosprofessoratividades.com.br\\\/wp-content\\\/uploads\\\/2025\\\/11\\\/Painel-de-Porta-Natalino-O-Salvador-Nasceu-1.jpg\",\"datePublished\":\"2025-11-14T12:29:22+00:00\",\"dateModified\":\"2026-05-08T17:28:05+00:00\",\"description\":\"Painel de Porta Natalino \u201cO Salvador Nasceu\u201d em A4 e p\u00f4ster 4x7. Decora\u00e7\u00e3o escolar crist\u00e3 pronta para imprimir, montar e encantar sua turma.\",\"breadcrumb\":{\"@id\":\"https:\\\/\\\/lojasosprofessoratividades.com.br\\\/produto\\\/painel-de-porta-natalino-o-salvador-nasceu\\\/#breadcrumb\"},\"inLanguage\":\"en-US\",\"potentialAction\":[{\"@type\":\"ReadAction\",\"target\":[\"https:\\\/\\\/lojasosprofessoratividades.com.br\\\/produto\\\/painel-de-porta-natalino-o-salvador-nasceu\\\/\"]}]},{\"@type\":\"ImageObject\",\"inLanguage\":\"en-US\",\"@id\":\"https:\\\/\\\/lojasosprofessoratividades.com.br\\\/produto\\\/painel-de-porta-natalino-o-salvador-nasceu\\\/#primaryimage\",\"url\":\"https:\\\/\\\/lojasosprofessoratividades.com.br\\\/wp-content\\\/uploads\\\/2025\\\/11\\\/Painel-de-Porta-Natalino-O-Salvador-Nasceu-1.jpg\",\"contentUrl\":\"https:\\\/\\\/lojasosprofessoratividades.com.br\\\/wp-content\\\/uploads\\\/2025\\\/11\\\/Painel-de-Porta-Natalino-O-Salvador-Nasceu-1.jpg\",\"width\":800,\"height\":693},{\"@type\":\"BreadcrumbList\",\"@id\":\"https:\\\/\\\/lojasosprofessoratividades.com.br\\\/produto\\\/painel-de-porta-natalino-o-salvador-nasceu\\\/#breadcrumb\",\"itemListElement\":[{\"@type\":\"ListItem\",\"position\":1,\"name\":\"In\u00edcio\",\"item\":\"https:\\\/\\\/lojasosprofessoratividades.com.br\\\/\"},{\"@type\":\"ListItem\",\"position\":2,\"name\":\"Loja\",\"item\":\"https:\\\/\\\/lojasosprofessoratividades.com.br\\\/loja\\\/\"},{\"@type\":\"ListItem\",\"position\":3,\"name\":\"Painel de Porta Natalino \u201cO Salvador Nasceu!\u201d\"}]},{\"@type\":\"WebSite\",\"@id\":\"https:\\\/\\\/lojasosprofessoratividades.com.br\\\/#website\",\"url\":\"https:\\\/\\\/lojasosprofessoratividades.com.br\\\/\",\"name\":\"Loja SOS Professor Atividades\",\"description\":\"Venda de material did\u00e1tico para o ensino fundamental\",\"publisher\":{\"@id\":\"https:\\\/\\\/lojasosprofessoratividades.com.br\\\/#organization\"},\"potentialAction\":[{\"@type\":\"SearchAction\",\"target\":{\"@type\":\"EntryPoint\",\"urlTemplate\":\"https:\\\/\\\/lojasosprofessoratividades.com.br\\\/?s={search_term_string}\"},\"query-input\":{\"@type\":\"PropertyValueSpecification\",\"valueRequired\":true,\"valueName\":\"search_term_string\"}}],\"inLanguage\":\"en-US\"},{\"@type\":\"Organization\",\"@id\":\"https:\\\/\\\/lojasosprofessoratividades.com.br\\\/#organization\",\"name\":\"Loja SOS Professor Atividades\",\"url\":\"https:\\\/\\\/lojasosprofessoratividades.com.br\\\/\",\"logo\":{\"@type\":\"ImageObject\",\"inLanguage\":\"en-US\",\"@id\":\"https:\\\/\\\/lojasosprofessoratividades.com.br\\\/#\\\/schema\\\/logo\\\/image\\\/\",\"url\":\"http:\\\/\\\/lojasosprofessoratividades.com.br\\\/wp-content\\\/uploads\\\/2022\\\/04\\\/Logo.png\",\"contentUrl\":\"http:\\\/\\\/lojasosprofessoratividades.com.br\\\/wp-content\\\/uploads\\\/2022\\\/04\\\/Logo.png\",\"width\":2000,\"height\":2000,\"caption\":\"Loja SOS Professor Atividades\"},\"image\":{\"@id\":\"https:\\\/\\\/lojasosprofessoratividades.com.br\\\/#\\\/schema\\\/logo\\\/image\\\/\"},\"sameAs\":[\"https:\\\/\\\/www.facebook.com\\\/sosprofessoratividades\",\"https:\\\/\\\/www.instagram.com\\\/sosprofessoratividades\\\/\"]}]}<\/script>\n<!-- \/ Yoast SEO plugin. -->","yoast_head_json":{"title":"Painel de Porta Natalino \u201cO Salvador Nasceu!\u201d - Loja SOS Professor Atividades","description":"Painel de Porta Natalino \u201cO Salvador Nasceu\u201d em A4 e p\u00f4ster 4x7. Decora\u00e7\u00e3o escolar crist\u00e3 pronta para imprimir, montar e encantar sua turma.","robots":{"index":"index","follow":"follow","max-snippet":"max-snippet:-1","max-image-preview":"max-image-preview:large","max-video-preview":"max-video-preview:-1"},"canonical":"https:\/\/lojasosprofessoratividades.com.br\/en\/product\/painel-de-porta-natalino-o-salvador-nasceu\/","og_locale":"en_US","og_type":"article","og_title":"Painel de Porta Natalino \u201cO Salvador Nasceu!\u201d - Loja SOS Professor Atividades","og_description":"Painel de Porta Natalino \u201cO Salvador Nasceu\u201d em A4 e p\u00f4ster 4x7. Decora\u00e7\u00e3o escolar crist\u00e3 pronta para imprimir, montar e encantar sua turma.","og_url":"https:\/\/lojasosprofessoratividades.com.br\/en\/product\/painel-de-porta-natalino-o-salvador-nasceu\/","og_site_name":"Loja SOS Professor Atividades","article_publisher":"https:\/\/www.facebook.com\/sosprofessoratividades","article_modified_time":"2026-05-08T17:28:05+00:00","og_image":[{"width":800,"height":693,"url":"https:\/\/lojasosprofessoratividades.com.br\/wp-content\/uploads\/2025\/11\/Painel-de-Porta-Natalino-O-Salvador-Nasceu-1.jpg","type":"image\/jpeg"}],"twitter_card":"summary_large_image","twitter_misc":{"Est. reading time":"1 minute"},"schema":{"@context":"https:\/\/schema.org","@graph":[{"@type":"WebPage","@id":"https:\/\/lojasosprofessoratividades.com.br\/produto\/painel-de-porta-natalino-o-salvador-nasceu\/","url":"https:\/\/lojasosprofessoratividades.com.br\/produto\/painel-de-porta-natalino-o-salvador-nasceu\/","name":"Painel de Porta Natalino \u201cO Salvador Nasceu!\u201d - Loja SOS Professor Atividades","isPartOf":{"@id":"https:\/\/lojasosprofessoratividades.com.br\/#website"},"primaryImageOfPage":{"@id":"https:\/\/lojasosprofessoratividades.com.br\/produto\/painel-de-porta-natalino-o-salvador-nasceu\/#primaryimage"},"image":{"@id":"https:\/\/lojasosprofessoratividades.com.br\/produto\/painel-de-porta-natalino-o-salvador-nasceu\/#primaryimage"},"thumbnailUrl":"https:\/\/lojasosprofessoratividades.com.br\/wp-content\/uploads\/2025\/11\/Painel-de-Porta-Natalino-O-Salvador-Nasceu-1.jpg","datePublished":"2025-11-14T12:29:22+00:00","dateModified":"2026-05-08T17:28:05+00:00","description":"Painel de Porta Natalino \u201cO Salvador Nasceu\u201d em A4 e p\u00f4ster 4x7. Decora\u00e7\u00e3o escolar crist\u00e3 pronta para imprimir, montar e encantar sua turma.","breadcrumb":{"@id":"https:\/\/lojasosprofessoratividades.com.br\/produto\/painel-de-porta-natalino-o-salvador-nasceu\/#breadcrumb"},"inLanguage":"en-US","potentialAction":[{"@type":"ReadAction","target":["https:\/\/lojasosprofessoratividades.com.br\/produto\/painel-de-porta-natalino-o-salvador-nasceu\/"]}]},{"@type":"ImageObject","inLanguage":"en-US","@id":"https:\/\/lojasosprofessoratividades.com.br\/produto\/painel-de-porta-natalino-o-salvador-nasceu\/#primaryimage","url":"https:\/\/lojasosprofessoratividades.com.br\/wp-content\/uploads\/2025\/11\/Painel-de-Porta-Natalino-O-Salvador-Nasceu-1.jpg","contentUrl":"https:\/\/lojasosprofessoratividades.com.br\/wp-content\/uploads\/2025\/11\/Painel-de-Porta-Natalino-O-Salvador-Nasceu-1.jpg","width":800,"height":693},{"@type":"BreadcrumbList","@id":"https:\/\/lojasosprofessoratividades.com.br\/produto\/painel-de-porta-natalino-o-salvador-nasceu\/#breadcrumb","itemListElement":[{"@type":"ListItem","position":1,"name":"In\u00edcio","item":"https:\/\/lojasosprofessoratividades.com.br\/"},{"@type":"ListItem","position":2,"name":"Loja","item":"https:\/\/lojasosprofessoratividades.com.br\/loja\/"},{"@type":"ListItem","position":3,"name":"Painel de Porta Natalino \u201cO Salvador Nasceu!\u201d"}]},{"@type":"WebSite","@id":"https:\/\/lojasosprofessoratividades.com.br\/#website","url":"https:\/\/lojasosprofessoratividades.com.br\/","name":"Loja SOS Professor Atividades","description":"Venda de material did\u00e1tico para o ensino fundamental","publisher":{"@id":"https:\/\/lojasosprofessoratividades.com.br\/#organization"},"potentialAction":[{"@type":"SearchAction","target":{"@type":"EntryPoint","urlTemplate":"https:\/\/lojasosprofessoratividades.com.br\/?s={search_term_string}"},"query-input":{"@type":"PropertyValueSpecification","valueRequired":true,"valueName":"search_term_string"}}],"inLanguage":"en-US"},{"@type":"Organization","@id":"https:\/\/lojasosprofessoratividades.com.br\/#organization","name":"Loja SOS Professor Atividades","url":"https:\/\/lojasosprofessoratividades.com.br\/","logo":{"@type":"ImageObject","inLanguage":"en-US","@id":"https:\/\/lojasosprofessoratividades.com.br\/#\/schema\/logo\/image\/","url":"http:\/\/lojasosprofessoratividades.com.br\/wp-content\/uploads\/2022\/04\/Logo.png","contentUrl":"http:\/\/lojasosprofessoratividades.com.br\/wp-content\/uploads\/2022\/04\/Logo.png","width":2000,"height":2000,"caption":"Loja SOS Professor Atividades"},"image":{"@id":"https:\/\/lojasosprofessoratividades.com.br\/#\/schema\/logo\/image\/"},"sameAs":["https:\/\/www.facebook.com\/sosprofessoratividades","https:\/\/www.instagram.com\/sosprofessoratividades\/"]}]}},"_links":{"self":[{"href":"https:\/\/lojasosprofessoratividades.com.br\/en\/wp-json\/wp\/v2\/product\/36892","targetHints":{"allow":["GET"]}}],"collection":[{"href":"https:\/\/lojasosprofessoratividades.com.br\/en\/wp-json\/wp\/v2\/product"}],"about":[{"href":"https:\/\/lojasosprofessoratividades.com.br\/en\/wp-json\/wp\/v2\/types\/product"}],"replies":[{"embeddable":true,"href":"https:\/\/lojasosprofessoratividades.com.br\/en\/wp-json\/wp\/v2\/comments?post=36892"}],"wp:featuredmedia":[{"embeddable":true,"href":"https:\/\/lojasosprofessoratividades.com.br\/en\/wp-json\/wp\/v2\/media\/36894"}],"wp:attachment":[{"href":"https:\/\/lojasosprofessoratividades.com.br\/en\/wp-json\/wp\/v2\/media?parent=36892"}],"wp:term":[{"taxonomy":"product_brand","embeddable":true,"href":"https:\/\/lojasosprofessoratividades.com.br\/en\/wp-json\/wp\/v2\/product_brand?post=36892"},{"taxonomy":"product_cat","embeddable":true,"href":"https:\/\/lojasosprofessoratividades.com.br\/en\/wp-json\/wp\/v2\/product_cat?post=36892"},{"taxonomy":"product_tag","embeddable":true,"href":"https:\/\/lojasosprofessoratividades.com.br\/en\/wp-json\/wp\/v2\/product_tag?post=36892"}],"curies":[{"name":"wp","href":"https:\/\/api.w.org\/{rel}","templated":true}]}}