{"id":36932,"date":"2025-11-17T13:30:45","date_gmt":"2025-11-17T16:30:45","guid":{"rendered":"https:\/\/lojasosprofessoratividades.com.br\/?post_type=product&#038;p=36932"},"modified":"2026-05-08T14:28:12","modified_gmt":"2026-05-08T17:28:12","slug":"simbolos-natalinos-com-texto-atividades-e-cartaz","status":"publish","type":"product","link":"https:\/\/lojasosprofessoratividades.com.br\/en\/product\/simbolos-natalinos-com-texto-atividades-e-cartaz\/","title":{"rendered":"S\u00edmbolos Natalinos com Texto, Atividades e Cartaz"},"content":{"rendered":"","protected":false},"excerpt":{"rendered":"<p data-start=\"93\" data-end=\"495\">O arquivo traz um <strong data-start=\"270\" data-end=\"309\">texto explicativo claro e acess\u00edvel<\/strong> sobre os principais s\u00edmbolos natalinos, acompanhado de <strong data-start=\"365\" data-end=\"437\">atividades que desenvolvem leitura, interpreta\u00e7\u00e3o e produ\u00e7\u00e3o escrita<\/strong>, promovendo aprendizagem contextualizada e significativa.<\/p>\n<p data-start=\"497\" data-end=\"826\">Al\u00e9m disso, inclui um <strong data-start=\"519\" data-end=\"535\">cartaz em A4<\/strong> e tamb\u00e9m a vers\u00e3o <strong data-start=\"554\" data-end=\"601\">ampliada em p\u00f4ster 5&#215;4 (aprox. 138 x 80 cm)<\/strong>, ideal para murais, exposi\u00e7\u00f5es ou projetos especiais na sala de aula.<\/p>\n<p data-start=\"497\" data-end=\"826\">O material \u00e9 visualmente atrativo, f\u00e1cil de aplicar e pronto para imprimir, garantindo praticidade para o professor e engajamento imediato dos alunos.<\/p>\n<p data-start=\"828\" data-end=\"1049\">Perfeito para sequ\u00eancias did\u00e1ticas, rodas de conversa e projetos de Natal, esse recurso une est\u00e9tica, intencionalidade pedag\u00f3gica e conte\u00fado de qualidade, ajudando voc\u00ea a transformar suas aulas em experi\u00eancias memor\u00e1veis.<\/p>\n<p data-start=\"1051\" data-end=\"1162\">Invista agora e leve um material completo, organizado e pensado exclusivamente para facilitar seu planejamento!<\/p>\n<h3>N\u00e3o enviamos por e-mail, a entrega \u00e9 via link para download.\u00a0<img decoding=\"async\" class=\"emoji\" role=\"img\" draggable=\"false\" src=\"https:\/\/s.w.org\/images\/core\/emoji\/16.0.1\/svg\/1f447.svg\" alt=\"\ud83d\udc47\" \/><\/h3>\n<p><img loading=\"lazy\" decoding=\"async\" class=\"alignnone wp-image-36779 size-full\" src=\"https:\/\/lojasosprofessoratividades.com.br\/wp-content\/uploads\/2025\/11\/Aviso-Loja-atual.jpg\" alt=\"\" width=\"446\" height=\"251\" srcset=\"https:\/\/lojasosprofessoratividades.com.br\/wp-content\/uploads\/2025\/11\/Aviso-Loja-atual.jpg 446w, https:\/\/lojasosprofessoratividades.com.br\/wp-content\/uploads\/2025\/11\/Aviso-Loja-atual-300x169.jpg 300w, https:\/\/lojasosprofessoratividades.com.br\/wp-content\/uploads\/2025\/11\/Aviso-Loja-atual-18x10.jpg 18w\" sizes=\"auto, (max-width: 446px) 100vw, 446px\" \/><\/p>","protected":false},"featured_media":36933,"comment_status":"open","ping_status":"closed","template":"","meta":[],"product_brand":[],"product_cat":[124,125,127,218,214,216,195,204,189],"product_tag":[1598,1599,1551,885,3368,1171,3366,341,245,3365,956,981,3367,3363,3364],"class_list":{"0":"post-36932","1":"product","2":"type-product","3":"status-publish","4":"has-post-thumbnail","6":"product_cat-3o-ano","7":"product_cat-4o-ano","8":"product_cat-5o-ano","9":"product_cat-data-comemorativa-5-ano","10":"product_cat-data-comemorativa-3-ano","11":"product_cat-data-comemorativa-4-ano","12":"product_cat-portugues-4-ano","13":"product_cat-portugues-5-anos","14":"product_cat-portugues-3-ano","15":"product_tag-atividades-3o-ano","16":"product_tag-atividades-4o-ano","17":"product_tag-atividades-5o-ano","18":"product_tag-atividades-de-natal","19":"product_tag-atividades-educativas-de-natal","20":"product_tag-atividades-para-imprimir","21":"product_tag-cartaz-a4","22":"product_tag-cartaz-de-natal","23":"product_tag-ensino-fundamental","24":"product_tag-material-pedagogico-de-natal","25":"product_tag-natal-na-escola","26":"product_tag-poster-de-natal","27":"product_tag-recursos-didaticos-de-natal","28":"product_tag-simbolos-natalinos","29":"product_tag-texto-sobre-simbolos-natalinos","31":"first","32":"instock","33":"downloadable","34":"virtual","35":"sold-individually","36":"purchasable","37":"product-type-simple"},"yoast_head":"<!-- This site is optimized with the Yoast SEO plugin v27.6 - https:\/\/yoast.com\/product\/yoast-seo-wordpress\/ -->\n<title>S\u00edmbolos Natalinos com Texto, Atividades e Cartaz - Loja SOS Professor Atividades<\/title>\n<meta name=\"description\" content=\"Material completo sobre os s\u00edmbolos natalinos com texto, atividades e cartaz. Ideal para turmas do 3\u00ba ao 5\u00ba ano trabalharem o Natal de forma significativa.\" \/>\n<meta name=\"robots\" content=\"index, follow, max-snippet:-1, max-image-preview:large, max-video-preview:-1\" \/>\n<link rel=\"canonical\" href=\"https:\/\/lojasosprofessoratividades.com.br\/en\/product\/simbolos-natalinos-com-texto-atividades-e-cartaz\/\" \/>\n<meta property=\"og:locale\" content=\"en_US\" \/>\n<meta property=\"og:type\" content=\"article\" \/>\n<meta property=\"og:title\" content=\"S\u00edmbolos Natalinos com Texto, Atividades e Cartaz - Loja SOS Professor Atividades\" \/>\n<meta property=\"og:description\" content=\"Material completo sobre os s\u00edmbolos natalinos com texto, atividades e cartaz. Ideal para turmas do 3\u00ba ao 5\u00ba ano trabalharem o Natal de forma significativa.\" \/>\n<meta property=\"og:url\" content=\"https:\/\/lojasosprofessoratividades.com.br\/en\/product\/simbolos-natalinos-com-texto-atividades-e-cartaz\/\" \/>\n<meta property=\"og:site_name\" content=\"Loja SOS Professor Atividades\" \/>\n<meta property=\"article:publisher\" content=\"https:\/\/www.facebook.com\/sosprofessoratividades\" \/>\n<meta property=\"article:modified_time\" content=\"2026-05-08T17:28:12+00:00\" \/>\n<meta property=\"og:image\" content=\"https:\/\/lojasosprofessoratividades.com.br\/wp-content\/uploads\/2025\/11\/Simbolos-Natalinos-com-Texto-Atividades-e-Cartaz-1.jpg\" \/>\n\t<meta property=\"og:image:width\" content=\"800\" \/>\n\t<meta property=\"og:image:height\" content=\"693\" \/>\n\t<meta property=\"og:image:type\" content=\"image\/jpeg\" \/>\n<meta name=\"twitter:card\" content=\"summary_large_image\" \/>\n<meta name=\"twitter:label1\" content=\"Est. reading time\" \/>\n\t<meta name=\"twitter:data1\" content=\"1 minute\" \/>\n<script type=\"application\/ld+json\" class=\"yoast-schema-graph\">{\"@context\":\"https:\\\/\\\/schema.org\",\"@graph\":[{\"@type\":\"WebPage\",\"@id\":\"https:\\\/\\\/lojasosprofessoratividades.com.br\\\/produto\\\/simbolos-natalinos-com-texto-atividades-e-cartaz\\\/\",\"url\":\"https:\\\/\\\/lojasosprofessoratividades.com.br\\\/produto\\\/simbolos-natalinos-com-texto-atividades-e-cartaz\\\/\",\"name\":\"S\u00edmbolos Natalinos com Texto, Atividades e Cartaz - Loja SOS Professor Atividades\",\"isPartOf\":{\"@id\":\"https:\\\/\\\/lojasosprofessoratividades.com.br\\\/#website\"},\"primaryImageOfPage\":{\"@id\":\"https:\\\/\\\/lojasosprofessoratividades.com.br\\\/produto\\\/simbolos-natalinos-com-texto-atividades-e-cartaz\\\/#primaryimage\"},\"image\":{\"@id\":\"https:\\\/\\\/lojasosprofessoratividades.com.br\\\/produto\\\/simbolos-natalinos-com-texto-atividades-e-cartaz\\\/#primaryimage\"},\"thumbnailUrl\":\"https:\\\/\\\/lojasosprofessoratividades.com.br\\\/wp-content\\\/uploads\\\/2025\\\/11\\\/Simbolos-Natalinos-com-Texto-Atividades-e-Cartaz-1.jpg\",\"datePublished\":\"2025-11-17T16:30:45+00:00\",\"dateModified\":\"2026-05-08T17:28:12+00:00\",\"description\":\"Material completo sobre os s\u00edmbolos natalinos com texto, atividades e cartaz. Ideal para turmas do 3\u00ba ao 5\u00ba ano trabalharem o Natal de forma significativa.\",\"breadcrumb\":{\"@id\":\"https:\\\/\\\/lojasosprofessoratividades.com.br\\\/produto\\\/simbolos-natalinos-com-texto-atividades-e-cartaz\\\/#breadcrumb\"},\"inLanguage\":\"en-US\",\"potentialAction\":[{\"@type\":\"ReadAction\",\"target\":[\"https:\\\/\\\/lojasosprofessoratividades.com.br\\\/produto\\\/simbolos-natalinos-com-texto-atividades-e-cartaz\\\/\"]}]},{\"@type\":\"ImageObject\",\"inLanguage\":\"en-US\",\"@id\":\"https:\\\/\\\/lojasosprofessoratividades.com.br\\\/produto\\\/simbolos-natalinos-com-texto-atividades-e-cartaz\\\/#primaryimage\",\"url\":\"https:\\\/\\\/lojasosprofessoratividades.com.br\\\/wp-content\\\/uploads\\\/2025\\\/11\\\/Simbolos-Natalinos-com-Texto-Atividades-e-Cartaz-1.jpg\",\"contentUrl\":\"https:\\\/\\\/lojasosprofessoratividades.com.br\\\/wp-content\\\/uploads\\\/2025\\\/11\\\/Simbolos-Natalinos-com-Texto-Atividades-e-Cartaz-1.jpg\",\"width\":800,\"height\":693,\"caption\":\"S\u00edmbolos Natalinos com Texto, Atividades e Cartaz1\"},{\"@type\":\"BreadcrumbList\",\"@id\":\"https:\\\/\\\/lojasosprofessoratividades.com.br\\\/produto\\\/simbolos-natalinos-com-texto-atividades-e-cartaz\\\/#breadcrumb\",\"itemListElement\":[{\"@type\":\"ListItem\",\"position\":1,\"name\":\"In\u00edcio\",\"item\":\"https:\\\/\\\/lojasosprofessoratividades.com.br\\\/\"},{\"@type\":\"ListItem\",\"position\":2,\"name\":\"Loja\",\"item\":\"https:\\\/\\\/lojasosprofessoratividades.com.br\\\/loja\\\/\"},{\"@type\":\"ListItem\",\"position\":3,\"name\":\"S\u00edmbolos Natalinos com Texto, Atividades e Cartaz\"}]},{\"@type\":\"WebSite\",\"@id\":\"https:\\\/\\\/lojasosprofessoratividades.com.br\\\/#website\",\"url\":\"https:\\\/\\\/lojasosprofessoratividades.com.br\\\/\",\"name\":\"Loja SOS Professor Atividades\",\"description\":\"Venda de material did\u00e1tico para o ensino fundamental\",\"publisher\":{\"@id\":\"https:\\\/\\\/lojasosprofessoratividades.com.br\\\/#organization\"},\"potentialAction\":[{\"@type\":\"SearchAction\",\"target\":{\"@type\":\"EntryPoint\",\"urlTemplate\":\"https:\\\/\\\/lojasosprofessoratividades.com.br\\\/?s={search_term_string}\"},\"query-input\":{\"@type\":\"PropertyValueSpecification\",\"valueRequired\":true,\"valueName\":\"search_term_string\"}}],\"inLanguage\":\"en-US\"},{\"@type\":\"Organization\",\"@id\":\"https:\\\/\\\/lojasosprofessoratividades.com.br\\\/#organization\",\"name\":\"Loja SOS Professor Atividades\",\"url\":\"https:\\\/\\\/lojasosprofessoratividades.com.br\\\/\",\"logo\":{\"@type\":\"ImageObject\",\"inLanguage\":\"en-US\",\"@id\":\"https:\\\/\\\/lojasosprofessoratividades.com.br\\\/#\\\/schema\\\/logo\\\/image\\\/\",\"url\":\"http:\\\/\\\/lojasosprofessoratividades.com.br\\\/wp-content\\\/uploads\\\/2022\\\/04\\\/Logo.png\",\"contentUrl\":\"http:\\\/\\\/lojasosprofessoratividades.com.br\\\/wp-content\\\/uploads\\\/2022\\\/04\\\/Logo.png\",\"width\":2000,\"height\":2000,\"caption\":\"Loja SOS Professor Atividades\"},\"image\":{\"@id\":\"https:\\\/\\\/lojasosprofessoratividades.com.br\\\/#\\\/schema\\\/logo\\\/image\\\/\"},\"sameAs\":[\"https:\\\/\\\/www.facebook.com\\\/sosprofessoratividades\",\"https:\\\/\\\/www.instagram.com\\\/sosprofessoratividades\\\/\"]}]}<\/script>\n<!-- \/ Yoast SEO plugin. -->","yoast_head_json":{"title":"S\u00edmbolos Natalinos com Texto, Atividades e Cartaz - Loja SOS Professor Atividades","description":"Material completo sobre os s\u00edmbolos natalinos com texto, atividades e cartaz. Ideal para turmas do 3\u00ba ao 5\u00ba ano trabalharem o Natal de forma significativa.","robots":{"index":"index","follow":"follow","max-snippet":"max-snippet:-1","max-image-preview":"max-image-preview:large","max-video-preview":"max-video-preview:-1"},"canonical":"https:\/\/lojasosprofessoratividades.com.br\/en\/product\/simbolos-natalinos-com-texto-atividades-e-cartaz\/","og_locale":"en_US","og_type":"article","og_title":"S\u00edmbolos Natalinos com Texto, Atividades e Cartaz - Loja SOS Professor Atividades","og_description":"Material completo sobre os s\u00edmbolos natalinos com texto, atividades e cartaz. Ideal para turmas do 3\u00ba ao 5\u00ba ano trabalharem o Natal de forma significativa.","og_url":"https:\/\/lojasosprofessoratividades.com.br\/en\/product\/simbolos-natalinos-com-texto-atividades-e-cartaz\/","og_site_name":"Loja SOS Professor Atividades","article_publisher":"https:\/\/www.facebook.com\/sosprofessoratividades","article_modified_time":"2026-05-08T17:28:12+00:00","og_image":[{"width":800,"height":693,"url":"https:\/\/lojasosprofessoratividades.com.br\/wp-content\/uploads\/2025\/11\/Simbolos-Natalinos-com-Texto-Atividades-e-Cartaz-1.jpg","type":"image\/jpeg"}],"twitter_card":"summary_large_image","twitter_misc":{"Est. reading time":"1 minute"},"schema":{"@context":"https:\/\/schema.org","@graph":[{"@type":"WebPage","@id":"https:\/\/lojasosprofessoratividades.com.br\/produto\/simbolos-natalinos-com-texto-atividades-e-cartaz\/","url":"https:\/\/lojasosprofessoratividades.com.br\/produto\/simbolos-natalinos-com-texto-atividades-e-cartaz\/","name":"S\u00edmbolos Natalinos com Texto, Atividades e Cartaz - Loja SOS Professor Atividades","isPartOf":{"@id":"https:\/\/lojasosprofessoratividades.com.br\/#website"},"primaryImageOfPage":{"@id":"https:\/\/lojasosprofessoratividades.com.br\/produto\/simbolos-natalinos-com-texto-atividades-e-cartaz\/#primaryimage"},"image":{"@id":"https:\/\/lojasosprofessoratividades.com.br\/produto\/simbolos-natalinos-com-texto-atividades-e-cartaz\/#primaryimage"},"thumbnailUrl":"https:\/\/lojasosprofessoratividades.com.br\/wp-content\/uploads\/2025\/11\/Simbolos-Natalinos-com-Texto-Atividades-e-Cartaz-1.jpg","datePublished":"2025-11-17T16:30:45+00:00","dateModified":"2026-05-08T17:28:12+00:00","description":"Material completo sobre os s\u00edmbolos natalinos com texto, atividades e cartaz. Ideal para turmas do 3\u00ba ao 5\u00ba ano trabalharem o Natal de forma significativa.","breadcrumb":{"@id":"https:\/\/lojasosprofessoratividades.com.br\/produto\/simbolos-natalinos-com-texto-atividades-e-cartaz\/#breadcrumb"},"inLanguage":"en-US","potentialAction":[{"@type":"ReadAction","target":["https:\/\/lojasosprofessoratividades.com.br\/produto\/simbolos-natalinos-com-texto-atividades-e-cartaz\/"]}]},{"@type":"ImageObject","inLanguage":"en-US","@id":"https:\/\/lojasosprofessoratividades.com.br\/produto\/simbolos-natalinos-com-texto-atividades-e-cartaz\/#primaryimage","url":"https:\/\/lojasosprofessoratividades.com.br\/wp-content\/uploads\/2025\/11\/Simbolos-Natalinos-com-Texto-Atividades-e-Cartaz-1.jpg","contentUrl":"https:\/\/lojasosprofessoratividades.com.br\/wp-content\/uploads\/2025\/11\/Simbolos-Natalinos-com-Texto-Atividades-e-Cartaz-1.jpg","width":800,"height":693,"caption":"S\u00edmbolos Natalinos com Texto, Atividades e Cartaz1"},{"@type":"BreadcrumbList","@id":"https:\/\/lojasosprofessoratividades.com.br\/produto\/simbolos-natalinos-com-texto-atividades-e-cartaz\/#breadcrumb","itemListElement":[{"@type":"ListItem","position":1,"name":"In\u00edcio","item":"https:\/\/lojasosprofessoratividades.com.br\/"},{"@type":"ListItem","position":2,"name":"Loja","item":"https:\/\/lojasosprofessoratividades.com.br\/loja\/"},{"@type":"ListItem","position":3,"name":"S\u00edmbolos Natalinos com Texto, Atividades e Cartaz"}]},{"@type":"WebSite","@id":"https:\/\/lojasosprofessoratividades.com.br\/#website","url":"https:\/\/lojasosprofessoratividades.com.br\/","name":"Loja SOS Professor Atividades","description":"Venda de material did\u00e1tico para o ensino fundamental","publisher":{"@id":"https:\/\/lojasosprofessoratividades.com.br\/#organization"},"potentialAction":[{"@type":"SearchAction","target":{"@type":"EntryPoint","urlTemplate":"https:\/\/lojasosprofessoratividades.com.br\/?s={search_term_string}"},"query-input":{"@type":"PropertyValueSpecification","valueRequired":true,"valueName":"search_term_string"}}],"inLanguage":"en-US"},{"@type":"Organization","@id":"https:\/\/lojasosprofessoratividades.com.br\/#organization","name":"Loja SOS Professor Atividades","url":"https:\/\/lojasosprofessoratividades.com.br\/","logo":{"@type":"ImageObject","inLanguage":"en-US","@id":"https:\/\/lojasosprofessoratividades.com.br\/#\/schema\/logo\/image\/","url":"http:\/\/lojasosprofessoratividades.com.br\/wp-content\/uploads\/2022\/04\/Logo.png","contentUrl":"http:\/\/lojasosprofessoratividades.com.br\/wp-content\/uploads\/2022\/04\/Logo.png","width":2000,"height":2000,"caption":"Loja SOS Professor Atividades"},"image":{"@id":"https:\/\/lojasosprofessoratividades.com.br\/#\/schema\/logo\/image\/"},"sameAs":["https:\/\/www.facebook.com\/sosprofessoratividades","https:\/\/www.instagram.com\/sosprofessoratividades\/"]}]}},"_links":{"self":[{"href":"https:\/\/lojasosprofessoratividades.com.br\/en\/wp-json\/wp\/v2\/product\/36932","targetHints":{"allow":["GET"]}}],"collection":[{"href":"https:\/\/lojasosprofessoratividades.com.br\/en\/wp-json\/wp\/v2\/product"}],"about":[{"href":"https:\/\/lojasosprofessoratividades.com.br\/en\/wp-json\/wp\/v2\/types\/product"}],"replies":[{"embeddable":true,"href":"https:\/\/lojasosprofessoratividades.com.br\/en\/wp-json\/wp\/v2\/comments?post=36932"}],"wp:featuredmedia":[{"embeddable":true,"href":"https:\/\/lojasosprofessoratividades.com.br\/en\/wp-json\/wp\/v2\/media\/36933"}],"wp:attachment":[{"href":"https:\/\/lojasosprofessoratividades.com.br\/en\/wp-json\/wp\/v2\/media?parent=36932"}],"wp:term":[{"taxonomy":"product_brand","embeddable":true,"href":"https:\/\/lojasosprofessoratividades.com.br\/en\/wp-json\/wp\/v2\/product_brand?post=36932"},{"taxonomy":"product_cat","embeddable":true,"href":"https:\/\/lojasosprofessoratividades.com.br\/en\/wp-json\/wp\/v2\/product_cat?post=36932"},{"taxonomy":"product_tag","embeddable":true,"href":"https:\/\/lojasosprofessoratividades.com.br\/en\/wp-json\/wp\/v2\/product_tag?post=36932"}],"curies":[{"name":"wp","href":"https:\/\/api.w.org\/{rel}","templated":true}]}}