{"id":36976,"date":"2025-11-24T10:15:58","date_gmt":"2025-11-24T13:15:58","guid":{"rendered":"https:\/\/lojasosprofessoratividades.com.br\/?post_type=product&#038;p=36976"},"modified":"2026-05-08T14:16:41","modified_gmt":"2026-05-08T17:16:41","slug":"atividades-de-natal-com-o-grinch-texto-matematica-e-painel","status":"publish","type":"product","link":"https:\/\/lojasosprofessoratividades.com.br\/en\/product\/atividades-de-natal-com-o-grinch-texto-matematica-e-painel\/","title":{"rendered":"Atividades de Natal com o Grinch \u2013 Texto, Matem\u00e1tica e Painel"},"content":{"rendered":"","protected":false},"excerpt":{"rendered":"<h3 data-start=\"247\" data-end=\"284\"><strong data-start=\"251\" data-end=\"284\">O que voc\u00ea recebe no arquivo:<\/strong><\/h3>\n<ul data-start=\"285\" data-end=\"651\">\n<li data-start=\"285\" data-end=\"323\">\n<p data-start=\"287\" data-end=\"323\"><strong data-start=\"287\" data-end=\"321\">Texto exclusivo sobre o Grinch<\/strong><\/p>\n<\/li>\n<li data-start=\"324\" data-end=\"389\">\n<p data-start=\"326\" data-end=\"389\"><strong data-start=\"326\" data-end=\"352\">Interpreta\u00e7\u00e3o de texto<\/strong> com perguntas objetivas e gabarito<\/p>\n<\/li>\n<li data-start=\"390\" data-end=\"416\">\n<p data-start=\"392\" data-end=\"416\"><strong data-start=\"392\" data-end=\"414\">Revis\u00e3o gramatical<\/strong><\/p>\n<\/li>\n<li data-start=\"417\" data-end=\"454\">\n<p data-start=\"419\" data-end=\"454\"><strong data-start=\"419\" data-end=\"452\">Proposta de produ\u00e7\u00e3o de texto<\/strong><\/p>\n<\/li>\n<li data-start=\"455\" data-end=\"515\">\n<p data-start=\"457\" data-end=\"515\"><strong data-start=\"457\" data-end=\"481\">Labirinto matem\u00e1tico<\/strong> (racioc\u00ednio l\u00f3gico + opera\u00e7\u00f5es)<\/p>\n<\/li>\n<li data-start=\"516\" data-end=\"541\">\n<p data-start=\"518\" data-end=\"541\"><strong data-start=\"518\" data-end=\"539\">Gabarito completo<\/strong><\/p>\n<\/li>\n<li data-start=\"542\" data-end=\"575\">\n<p data-start=\"544\" data-end=\"575\"><strong data-start=\"544\" data-end=\"573\">Plano de aula estruturado<\/strong><\/p>\n<\/li>\n<li data-start=\"576\" data-end=\"651\">\n<p data-start=\"578\" data-end=\"651\"><strong data-start=\"578\" data-end=\"618\">Painel tem\u00e1tico tamanho p\u00f4ster (3&#215;6)<\/strong> para decora\u00e7\u00e3o especial<\/p>\n<\/li>\n<\/ul>\n<h3 data-start=\"653\" data-end=\"675\"><strong data-start=\"657\" data-end=\"675\">Indicado para:<\/strong><\/h3>\n<ul data-start=\"676\" data-end=\"819\">\n<li data-start=\"676\" data-end=\"706\">\n<p data-start=\"678\" data-end=\"706\">Turmas do <strong data-start=\"688\" data-end=\"704\">3\u00ba ao 5\u00ba ano<\/strong><\/p>\n<\/li>\n<li data-start=\"707\" data-end=\"730\">\n<p data-start=\"709\" data-end=\"730\">Atividades de Natal<\/p>\n<\/li>\n<li data-start=\"731\" data-end=\"773\">\n<p data-start=\"733\" data-end=\"773\">Aulas de leitura, escrita e matem\u00e1tica<\/p>\n<\/li>\n<li data-start=\"774\" data-end=\"819\">\n<p data-start=\"776\" data-end=\"819\">Projetos tem\u00e1ticos e decora\u00e7\u00f5es escolares<\/p>\n<\/li>\n<\/ul>\n<h3 data-start=\"821\" data-end=\"871\"><strong data-start=\"825\" data-end=\"871\">Por que este arquivo \u00e9 perfeito para voc\u00ea?<\/strong><\/h3>\n<ul data-start=\"872\" data-end=\"1109\">\n<li data-start=\"872\" data-end=\"907\">\n<p data-start=\"874\" data-end=\"907\">Materiais prontos para imprimir<\/p>\n<\/li>\n<li data-start=\"908\" data-end=\"952\">\n<p data-start=\"910\" data-end=\"952\">Conte\u00fados alinhados \u00e0 pr\u00e1tica pedag\u00f3gica<\/p>\n<\/li>\n<li data-start=\"953\" data-end=\"989\">\n<p data-start=\"955\" data-end=\"989\">Atividades l\u00fadicas e envolventes<\/p>\n<\/li>\n<li data-start=\"990\" data-end=\"1031\">\n<p data-start=\"992\" data-end=\"1031\">Economiza tempo e facilita suas aulas<\/p>\n<\/li>\n<li data-start=\"1032\" data-end=\"1109\">\n<p data-start=\"1034\" data-end=\"1109\">Ideal para quem quer oferecer uma experi\u00eancia natalina marcante e educativa<\/p>\n<\/li>\n<\/ul>\n<h3><em><strong>N\u00e3o enviamos por e-mail, a entrega \u00e9 via link para download.\u00a0<img decoding=\"async\" class=\"emoji\" role=\"img\" draggable=\"false\" src=\"https:\/\/s.w.org\/images\/core\/emoji\/16.0.1\/svg\/1f447.svg\" alt=\"\ud83d\udc47\" \/><\/strong><\/em><\/h3>\n<p><img loading=\"lazy\" decoding=\"async\" class=\"alignnone wp-image-36779 size-full\" src=\"https:\/\/lojasosprofessoratividades.com.br\/wp-content\/uploads\/2025\/11\/Aviso-Loja-atual.jpg\" alt=\"\" width=\"446\" height=\"251\" srcset=\"https:\/\/lojasosprofessoratividades.com.br\/wp-content\/uploads\/2025\/11\/Aviso-Loja-atual.jpg 446w, https:\/\/lojasosprofessoratividades.com.br\/wp-content\/uploads\/2025\/11\/Aviso-Loja-atual-300x169.jpg 300w, https:\/\/lojasosprofessoratividades.com.br\/wp-content\/uploads\/2025\/11\/Aviso-Loja-atual-18x10.jpg 18w\" sizes=\"auto, (max-width: 446px) 100vw, 446px\" \/><\/p>","protected":false},"featured_media":36989,"comment_status":"open","ping_status":"closed","template":"","meta":[],"product_brand":[],"product_cat":[124,125,127,214,216,218,205,194,188,189,195,204],"product_tag":[2001,1598,1599,1551,885,546,285,3375,250,3379,3378,976,348,3377,251,3376],"class_list":{"0":"post-36976","1":"product","2":"type-product","3":"status-publish","4":"has-post-thumbnail","6":"product_cat-3o-ano","7":"product_cat-4o-ano","8":"product_cat-5o-ano","9":"product_cat-data-comemorativa-3-ano","10":"product_cat-data-comemorativa-4-ano","11":"product_cat-data-comemorativa-5-ano","12":"product_cat-matematica-5-ano","13":"product_cat-matematica-4-ano","14":"product_cat-matematica-3-ano","15":"product_cat-portugues-3-ano","16":"product_cat-portugues-4-ano","17":"product_cat-portugues-5-anos","18":"product_tag-5o-ano-ensino-fundamental","19":"product_tag-atividades-3o-ano","20":"product_tag-atividades-4o-ano","21":"product_tag-atividades-5o-ano","22":"product_tag-atividades-de-natal","23":"product_tag-atividades-pedagogicas","24":"product_tag-gramatica","25":"product_tag-grinch","26":"product_tag-interpretacao-de-texto","27":"product_tag-labirinto-matematico","28":"product_tag-matematica-natal","29":"product_tag-natal-escolar","30":"product_tag-painel-natalino","31":"product_tag-plano-de-aula-natal","32":"product_tag-producao-de-texto","33":"product_tag-texto-grinch","35":"first","36":"instock","37":"sale","38":"downloadable","39":"virtual","40":"sold-individually","41":"purchasable","42":"product-type-simple"},"yoast_head":"<!-- This site is optimized with the Yoast SEO plugin v27.6 - https:\/\/yoast.com\/product\/yoast-seo-wordpress\/ -->\n<title>Atividades de Natal com o Grinch \u2013 Texto, Matem\u00e1tica e Painel - Loja SOS Professor Atividades<\/title>\n<meta name=\"description\" content=\"Atividades de Natal com o Grinch: texto, interpreta\u00e7\u00e3o, gram\u00e1tica, produ\u00e7\u00e3o, matem\u00e1tica, gabarito, plano de aula e painel tem\u00e1tico tamanho p\u00f4ster.\" \/>\n<meta name=\"robots\" content=\"index, follow, max-snippet:-1, max-image-preview:large, max-video-preview:-1\" \/>\n<link rel=\"canonical\" href=\"https:\/\/lojasosprofessoratividades.com.br\/en\/product\/atividades-de-natal-com-o-grinch-texto-matematica-e-painel\/\" \/>\n<meta property=\"og:locale\" content=\"en_US\" \/>\n<meta property=\"og:type\" content=\"article\" \/>\n<meta property=\"og:title\" content=\"Atividades de Natal com o Grinch \u2013 Texto, Matem\u00e1tica e Painel - Loja SOS Professor Atividades\" \/>\n<meta property=\"og:description\" content=\"Atividades de Natal com o Grinch: texto, interpreta\u00e7\u00e3o, gram\u00e1tica, produ\u00e7\u00e3o, matem\u00e1tica, gabarito, plano de aula e painel tem\u00e1tico tamanho p\u00f4ster.\" \/>\n<meta property=\"og:url\" content=\"https:\/\/lojasosprofessoratividades.com.br\/en\/product\/atividades-de-natal-com-o-grinch-texto-matematica-e-painel\/\" \/>\n<meta property=\"og:site_name\" content=\"Loja SOS Professor Atividades\" \/>\n<meta property=\"article:publisher\" content=\"https:\/\/www.facebook.com\/sosprofessoratividades\" \/>\n<meta property=\"article:modified_time\" content=\"2026-05-08T17:16:41+00:00\" \/>\n<meta property=\"og:image\" content=\"https:\/\/lojasosprofessoratividades.com.br\/wp-content\/uploads\/2025\/11\/Atividades-de-Natal-com-o-Grinch-Texto-Matematica-e-Painel-1.jpg\" \/>\n\t<meta property=\"og:image:width\" content=\"2048\" \/>\n\t<meta property=\"og:image:height\" content=\"2048\" \/>\n\t<meta property=\"og:image:type\" content=\"image\/jpeg\" \/>\n<meta name=\"twitter:card\" content=\"summary_large_image\" \/>\n<meta name=\"twitter:label1\" content=\"Est. reading time\" \/>\n\t<meta name=\"twitter:data1\" content=\"1 minute\" \/>\n<script type=\"application\/ld+json\" class=\"yoast-schema-graph\">{\"@context\":\"https:\\\/\\\/schema.org\",\"@graph\":[{\"@type\":\"WebPage\",\"@id\":\"https:\\\/\\\/lojasosprofessoratividades.com.br\\\/produto\\\/atividades-de-natal-com-o-grinch-texto-matematica-e-painel\\\/\",\"url\":\"https:\\\/\\\/lojasosprofessoratividades.com.br\\\/produto\\\/atividades-de-natal-com-o-grinch-texto-matematica-e-painel\\\/\",\"name\":\"Atividades de Natal com o Grinch \u2013 Texto, Matem\u00e1tica e Painel - Loja SOS Professor Atividades\",\"isPartOf\":{\"@id\":\"https:\\\/\\\/lojasosprofessoratividades.com.br\\\/#website\"},\"primaryImageOfPage\":{\"@id\":\"https:\\\/\\\/lojasosprofessoratividades.com.br\\\/produto\\\/atividades-de-natal-com-o-grinch-texto-matematica-e-painel\\\/#primaryimage\"},\"image\":{\"@id\":\"https:\\\/\\\/lojasosprofessoratividades.com.br\\\/produto\\\/atividades-de-natal-com-o-grinch-texto-matematica-e-painel\\\/#primaryimage\"},\"thumbnailUrl\":\"https:\\\/\\\/lojasosprofessoratividades.com.br\\\/wp-content\\\/uploads\\\/2025\\\/11\\\/Atividades-de-Natal-com-o-Grinch-Texto-Matematica-e-Painel-1.jpg\",\"datePublished\":\"2025-11-24T13:15:58+00:00\",\"dateModified\":\"2026-05-08T17:16:41+00:00\",\"description\":\"Atividades de Natal com o Grinch: texto, interpreta\u00e7\u00e3o, gram\u00e1tica, produ\u00e7\u00e3o, matem\u00e1tica, gabarito, plano de aula e painel tem\u00e1tico tamanho p\u00f4ster.\",\"breadcrumb\":{\"@id\":\"https:\\\/\\\/lojasosprofessoratividades.com.br\\\/produto\\\/atividades-de-natal-com-o-grinch-texto-matematica-e-painel\\\/#breadcrumb\"},\"inLanguage\":\"en-US\",\"potentialAction\":[{\"@type\":\"ReadAction\",\"target\":[\"https:\\\/\\\/lojasosprofessoratividades.com.br\\\/produto\\\/atividades-de-natal-com-o-grinch-texto-matematica-e-painel\\\/\"]}]},{\"@type\":\"ImageObject\",\"inLanguage\":\"en-US\",\"@id\":\"https:\\\/\\\/lojasosprofessoratividades.com.br\\\/produto\\\/atividades-de-natal-com-o-grinch-texto-matematica-e-painel\\\/#primaryimage\",\"url\":\"https:\\\/\\\/lojasosprofessoratividades.com.br\\\/wp-content\\\/uploads\\\/2025\\\/11\\\/Atividades-de-Natal-com-o-Grinch-Texto-Matematica-e-Painel-1.jpg\",\"contentUrl\":\"https:\\\/\\\/lojasosprofessoratividades.com.br\\\/wp-content\\\/uploads\\\/2025\\\/11\\\/Atividades-de-Natal-com-o-Grinch-Texto-Matematica-e-Painel-1.jpg\",\"width\":2048,\"height\":2048,\"caption\":\"Atividades de Natal com o Grinch Texto, Matem\u00e1tica e Painel 1\"},{\"@type\":\"BreadcrumbList\",\"@id\":\"https:\\\/\\\/lojasosprofessoratividades.com.br\\\/produto\\\/atividades-de-natal-com-o-grinch-texto-matematica-e-painel\\\/#breadcrumb\",\"itemListElement\":[{\"@type\":\"ListItem\",\"position\":1,\"name\":\"In\u00edcio\",\"item\":\"https:\\\/\\\/lojasosprofessoratividades.com.br\\\/\"},{\"@type\":\"ListItem\",\"position\":2,\"name\":\"Loja\",\"item\":\"https:\\\/\\\/lojasosprofessoratividades.com.br\\\/loja\\\/\"},{\"@type\":\"ListItem\",\"position\":3,\"name\":\"Atividades de Natal com o Grinch \u2013 Texto, Matem\u00e1tica e Painel\"}]},{\"@type\":\"WebSite\",\"@id\":\"https:\\\/\\\/lojasosprofessoratividades.com.br\\\/#website\",\"url\":\"https:\\\/\\\/lojasosprofessoratividades.com.br\\\/\",\"name\":\"Loja SOS Professor Atividades\",\"description\":\"Venda de material did\u00e1tico para o ensino fundamental\",\"publisher\":{\"@id\":\"https:\\\/\\\/lojasosprofessoratividades.com.br\\\/#organization\"},\"potentialAction\":[{\"@type\":\"SearchAction\",\"target\":{\"@type\":\"EntryPoint\",\"urlTemplate\":\"https:\\\/\\\/lojasosprofessoratividades.com.br\\\/?s={search_term_string}\"},\"query-input\":{\"@type\":\"PropertyValueSpecification\",\"valueRequired\":true,\"valueName\":\"search_term_string\"}}],\"inLanguage\":\"en-US\"},{\"@type\":\"Organization\",\"@id\":\"https:\\\/\\\/lojasosprofessoratividades.com.br\\\/#organization\",\"name\":\"Loja SOS Professor Atividades\",\"url\":\"https:\\\/\\\/lojasosprofessoratividades.com.br\\\/\",\"logo\":{\"@type\":\"ImageObject\",\"inLanguage\":\"en-US\",\"@id\":\"https:\\\/\\\/lojasosprofessoratividades.com.br\\\/#\\\/schema\\\/logo\\\/image\\\/\",\"url\":\"http:\\\/\\\/lojasosprofessoratividades.com.br\\\/wp-content\\\/uploads\\\/2022\\\/04\\\/Logo.png\",\"contentUrl\":\"http:\\\/\\\/lojasosprofessoratividades.com.br\\\/wp-content\\\/uploads\\\/2022\\\/04\\\/Logo.png\",\"width\":2000,\"height\":2000,\"caption\":\"Loja SOS Professor Atividades\"},\"image\":{\"@id\":\"https:\\\/\\\/lojasosprofessoratividades.com.br\\\/#\\\/schema\\\/logo\\\/image\\\/\"},\"sameAs\":[\"https:\\\/\\\/www.facebook.com\\\/sosprofessoratividades\",\"https:\\\/\\\/www.instagram.com\\\/sosprofessoratividades\\\/\"]}]}<\/script>\n<!-- \/ Yoast SEO plugin. -->","yoast_head_json":{"title":"Atividades de Natal com o Grinch \u2013 Texto, Matem\u00e1tica e Painel - Loja SOS Professor Atividades","description":"Atividades de Natal com o Grinch: texto, interpreta\u00e7\u00e3o, gram\u00e1tica, produ\u00e7\u00e3o, matem\u00e1tica, gabarito, plano de aula e painel tem\u00e1tico tamanho p\u00f4ster.","robots":{"index":"index","follow":"follow","max-snippet":"max-snippet:-1","max-image-preview":"max-image-preview:large","max-video-preview":"max-video-preview:-1"},"canonical":"https:\/\/lojasosprofessoratividades.com.br\/en\/product\/atividades-de-natal-com-o-grinch-texto-matematica-e-painel\/","og_locale":"en_US","og_type":"article","og_title":"Atividades de Natal com o Grinch \u2013 Texto, Matem\u00e1tica e Painel - Loja SOS Professor Atividades","og_description":"Atividades de Natal com o Grinch: texto, interpreta\u00e7\u00e3o, gram\u00e1tica, produ\u00e7\u00e3o, matem\u00e1tica, gabarito, plano de aula e painel tem\u00e1tico tamanho p\u00f4ster.","og_url":"https:\/\/lojasosprofessoratividades.com.br\/en\/product\/atividades-de-natal-com-o-grinch-texto-matematica-e-painel\/","og_site_name":"Loja SOS Professor Atividades","article_publisher":"https:\/\/www.facebook.com\/sosprofessoratividades","article_modified_time":"2026-05-08T17:16:41+00:00","og_image":[{"width":2048,"height":2048,"url":"https:\/\/lojasosprofessoratividades.com.br\/wp-content\/uploads\/2025\/11\/Atividades-de-Natal-com-o-Grinch-Texto-Matematica-e-Painel-1.jpg","type":"image\/jpeg"}],"twitter_card":"summary_large_image","twitter_misc":{"Est. reading time":"1 minute"},"schema":{"@context":"https:\/\/schema.org","@graph":[{"@type":"WebPage","@id":"https:\/\/lojasosprofessoratividades.com.br\/produto\/atividades-de-natal-com-o-grinch-texto-matematica-e-painel\/","url":"https:\/\/lojasosprofessoratividades.com.br\/produto\/atividades-de-natal-com-o-grinch-texto-matematica-e-painel\/","name":"Atividades de Natal com o Grinch \u2013 Texto, Matem\u00e1tica e Painel - Loja SOS Professor Atividades","isPartOf":{"@id":"https:\/\/lojasosprofessoratividades.com.br\/#website"},"primaryImageOfPage":{"@id":"https:\/\/lojasosprofessoratividades.com.br\/produto\/atividades-de-natal-com-o-grinch-texto-matematica-e-painel\/#primaryimage"},"image":{"@id":"https:\/\/lojasosprofessoratividades.com.br\/produto\/atividades-de-natal-com-o-grinch-texto-matematica-e-painel\/#primaryimage"},"thumbnailUrl":"https:\/\/lojasosprofessoratividades.com.br\/wp-content\/uploads\/2025\/11\/Atividades-de-Natal-com-o-Grinch-Texto-Matematica-e-Painel-1.jpg","datePublished":"2025-11-24T13:15:58+00:00","dateModified":"2026-05-08T17:16:41+00:00","description":"Atividades de Natal com o Grinch: texto, interpreta\u00e7\u00e3o, gram\u00e1tica, produ\u00e7\u00e3o, matem\u00e1tica, gabarito, plano de aula e painel tem\u00e1tico tamanho p\u00f4ster.","breadcrumb":{"@id":"https:\/\/lojasosprofessoratividades.com.br\/produto\/atividades-de-natal-com-o-grinch-texto-matematica-e-painel\/#breadcrumb"},"inLanguage":"en-US","potentialAction":[{"@type":"ReadAction","target":["https:\/\/lojasosprofessoratividades.com.br\/produto\/atividades-de-natal-com-o-grinch-texto-matematica-e-painel\/"]}]},{"@type":"ImageObject","inLanguage":"en-US","@id":"https:\/\/lojasosprofessoratividades.com.br\/produto\/atividades-de-natal-com-o-grinch-texto-matematica-e-painel\/#primaryimage","url":"https:\/\/lojasosprofessoratividades.com.br\/wp-content\/uploads\/2025\/11\/Atividades-de-Natal-com-o-Grinch-Texto-Matematica-e-Painel-1.jpg","contentUrl":"https:\/\/lojasosprofessoratividades.com.br\/wp-content\/uploads\/2025\/11\/Atividades-de-Natal-com-o-Grinch-Texto-Matematica-e-Painel-1.jpg","width":2048,"height":2048,"caption":"Atividades de Natal com o Grinch Texto, Matem\u00e1tica e Painel 1"},{"@type":"BreadcrumbList","@id":"https:\/\/lojasosprofessoratividades.com.br\/produto\/atividades-de-natal-com-o-grinch-texto-matematica-e-painel\/#breadcrumb","itemListElement":[{"@type":"ListItem","position":1,"name":"In\u00edcio","item":"https:\/\/lojasosprofessoratividades.com.br\/"},{"@type":"ListItem","position":2,"name":"Loja","item":"https:\/\/lojasosprofessoratividades.com.br\/loja\/"},{"@type":"ListItem","position":3,"name":"Atividades de Natal com o Grinch \u2013 Texto, Matem\u00e1tica e Painel"}]},{"@type":"WebSite","@id":"https:\/\/lojasosprofessoratividades.com.br\/#website","url":"https:\/\/lojasosprofessoratividades.com.br\/","name":"Loja SOS Professor Atividades","description":"Venda de material did\u00e1tico para o ensino fundamental","publisher":{"@id":"https:\/\/lojasosprofessoratividades.com.br\/#organization"},"potentialAction":[{"@type":"SearchAction","target":{"@type":"EntryPoint","urlTemplate":"https:\/\/lojasosprofessoratividades.com.br\/?s={search_term_string}"},"query-input":{"@type":"PropertyValueSpecification","valueRequired":true,"valueName":"search_term_string"}}],"inLanguage":"en-US"},{"@type":"Organization","@id":"https:\/\/lojasosprofessoratividades.com.br\/#organization","name":"Loja SOS Professor Atividades","url":"https:\/\/lojasosprofessoratividades.com.br\/","logo":{"@type":"ImageObject","inLanguage":"en-US","@id":"https:\/\/lojasosprofessoratividades.com.br\/#\/schema\/logo\/image\/","url":"http:\/\/lojasosprofessoratividades.com.br\/wp-content\/uploads\/2022\/04\/Logo.png","contentUrl":"http:\/\/lojasosprofessoratividades.com.br\/wp-content\/uploads\/2022\/04\/Logo.png","width":2000,"height":2000,"caption":"Loja SOS Professor Atividades"},"image":{"@id":"https:\/\/lojasosprofessoratividades.com.br\/#\/schema\/logo\/image\/"},"sameAs":["https:\/\/www.facebook.com\/sosprofessoratividades","https:\/\/www.instagram.com\/sosprofessoratividades\/"]}]}},"_links":{"self":[{"href":"https:\/\/lojasosprofessoratividades.com.br\/en\/wp-json\/wp\/v2\/product\/36976","targetHints":{"allow":["GET"]}}],"collection":[{"href":"https:\/\/lojasosprofessoratividades.com.br\/en\/wp-json\/wp\/v2\/product"}],"about":[{"href":"https:\/\/lojasosprofessoratividades.com.br\/en\/wp-json\/wp\/v2\/types\/product"}],"replies":[{"embeddable":true,"href":"https:\/\/lojasosprofessoratividades.com.br\/en\/wp-json\/wp\/v2\/comments?post=36976"}],"wp:featuredmedia":[{"embeddable":true,"href":"https:\/\/lojasosprofessoratividades.com.br\/en\/wp-json\/wp\/v2\/media\/36989"}],"wp:attachment":[{"href":"https:\/\/lojasosprofessoratividades.com.br\/en\/wp-json\/wp\/v2\/media?parent=36976"}],"wp:term":[{"taxonomy":"product_brand","embeddable":true,"href":"https:\/\/lojasosprofessoratividades.com.br\/en\/wp-json\/wp\/v2\/product_brand?post=36976"},{"taxonomy":"product_cat","embeddable":true,"href":"https:\/\/lojasosprofessoratividades.com.br\/en\/wp-json\/wp\/v2\/product_cat?post=36976"},{"taxonomy":"product_tag","embeddable":true,"href":"https:\/\/lojasosprofessoratividades.com.br\/en\/wp-json\/wp\/v2\/product_tag?post=36976"}],"curies":[{"name":"wp","href":"https:\/\/api.w.org\/{rel}","templated":true}]}}