{"id":37033,"date":"2025-11-26T16:18:48","date_gmt":"2025-11-26T19:18:48","guid":{"rendered":"https:\/\/lojasosprofessoratividades.com.br\/?post_type=product&#038;p=37033"},"modified":"2026-05-08T14:22:33","modified_gmt":"2026-05-08T17:22:33","slug":"arquivo-editavel-no-canva-foto-da-turma-2025","status":"publish","type":"product","link":"https:\/\/lojasosprofessoratividades.com.br\/en\/product\/arquivo-editavel-no-canva-foto-da-turma-2025\/","title":{"rendered":"Arquivo edit\u00e1vel no Canva &#8211; Foto da turma 2025"},"content":{"rendered":"","protected":false},"excerpt":{"rendered":"<p data-start=\"192\" data-end=\"517\">O <strong data-start=\"194\" data-end=\"244\">Arquivo Edit\u00e1vel no Canva \u2013 Foto da Turma 2025<\/strong> \u00e9 o recurso ideal para fechar o ano letivo com carinho, organiza\u00e7\u00e3o e profissionalismo. Com layout moderno, espa\u00e7o para foto da professora e dos alunos, \u00edcones l\u00fadicos e \u00e1rea para nomes, ele permite criar um painel visual encantador que valoriza cada crian\u00e7a da sua turma.<\/p>\n<p data-start=\"519\" data-end=\"883\">Perfeito para <strong data-start=\"533\" data-end=\"564\">lembrancinhas de fim de ano<\/strong>, entrega de portf\u00f3lios, pastas, eventos escolares e presentes para as fam\u00edlias, o arquivo garante praticidade total: basta substituir as fotos e editar os textos para ter um material personalizado em poucos minutos.<br data-start=\"780\" data-end=\"783\" \/>Uma op\u00e7\u00e3o pedag\u00f3gica que refor\u00e7a v\u00ednculos, registra mem\u00f3rias e acrescenta valor ao trabalho docente.<\/p>\n<p data-start=\"885\" data-end=\"1042\">Ideal para professoras do ensino fundamental, escolas, est\u00fadios educativos e quem busca materiais de alta qualidade para celebrar o percurso escolar de 2025.<\/p>\n<h3><em><strong>N\u00e3o enviamos por e-mail, a entrega \u00e9 via link para download.\u00a0<img decoding=\"async\" class=\"emoji\" role=\"img\" draggable=\"false\" src=\"https:\/\/s.w.org\/images\/core\/emoji\/16.0.1\/svg\/1f447.svg\" alt=\"\ud83d\udc47\" \/><\/strong><\/em><\/h3>\n<p><img loading=\"lazy\" decoding=\"async\" class=\"alignnone wp-image-36779 size-full\" src=\"https:\/\/lojasosprofessoratividades.com.br\/wp-content\/uploads\/2025\/11\/Aviso-Loja-atual.jpg\" alt=\"\" width=\"446\" height=\"251\" srcset=\"https:\/\/lojasosprofessoratividades.com.br\/wp-content\/uploads\/2025\/11\/Aviso-Loja-atual.jpg 446w, https:\/\/lojasosprofessoratividades.com.br\/wp-content\/uploads\/2025\/11\/Aviso-Loja-atual-300x169.jpg 300w, https:\/\/lojasosprofessoratividades.com.br\/wp-content\/uploads\/2025\/11\/Aviso-Loja-atual-18x10.jpg 18w\" sizes=\"auto, (max-width: 446px) 100vw, 446px\" \/><\/p>","protected":false},"featured_media":37034,"comment_status":"open","ping_status":"closed","template":"","meta":[],"product_brand":[],"product_cat":[122,123,124,125,127,126,220,213,215,217,209,211],"product_tag":[1236,697,3399,3397,246,245,3401,3396,623,643,3400,854,3398],"class_list":{"0":"post-37033","1":"product","2":"type-product","3":"status-publish","4":"has-post-thumbnail","6":"product_cat-1o-ano","7":"product_cat-2o-ano","8":"product_cat-3o-ano","9":"product_cat-4o-ano","10":"product_cat-5o-ano","11":"product_cat-educacao-infantil","12":"product_cat-o-eu-o-outro-o-nos","13":"product_cat-recursos-didaticos-3-ano","14":"product_cat-recursos-didaticos-4-ano","15":"product_cat-recursos-didaticos-5-ano","16":"product_cat-recursos-didaticos-1-ano","17":"product_cat-recursos-didaticos-2-ano","18":"product_tag-arquivo-editavel","19":"product_tag-arquivo-para-imprimir","20":"product_tag-arte-para-professores","21":"product_tag-canva-escolar","22":"product_tag-educacao-infantil","23":"product_tag-ensino-fundamental","24":"product_tag-foto-da-turma","25":"product_tag-foto-da-turma-2025","26":"product_tag-lembrancinha-escolar","27":"product_tag-material-pedagogico","28":"product_tag-modelo-canva","29":"product_tag-personalizavel","30":"product_tag-registro-escolar","32":"first","33":"instock","34":"downloadable","35":"virtual","36":"sold-individually","37":"purchasable","38":"product-type-simple"},"yoast_head":"<!-- This site is optimized with the Yoast SEO plugin v27.6 - https:\/\/yoast.com\/product\/yoast-seo-wordpress\/ -->\n<title>Arquivo edit\u00e1vel no Canva - Foto da turma 2025 - Loja SOS Professor Atividades<\/title>\n<meta name=\"description\" content=\"Arquivo edit\u00e1vel no Canva para montar a Foto da Turma 2025. Layout moderno, f\u00e1cil de personalizar e perfeito para lembrancinhas e registros escolares.\" \/>\n<meta name=\"robots\" content=\"index, follow, max-snippet:-1, max-image-preview:large, max-video-preview:-1\" \/>\n<link rel=\"canonical\" href=\"https:\/\/lojasosprofessoratividades.com.br\/en\/product\/arquivo-editavel-no-canva-foto-da-turma-2025\/\" \/>\n<meta property=\"og:locale\" content=\"en_US\" \/>\n<meta property=\"og:type\" content=\"article\" \/>\n<meta property=\"og:title\" content=\"Arquivo edit\u00e1vel no Canva - Foto da turma 2025 - Loja SOS Professor Atividades\" \/>\n<meta property=\"og:description\" content=\"Arquivo edit\u00e1vel no Canva para montar a Foto da Turma 2025. Layout moderno, f\u00e1cil de personalizar e perfeito para lembrancinhas e registros escolares.\" \/>\n<meta property=\"og:url\" content=\"https:\/\/lojasosprofessoratividades.com.br\/en\/product\/arquivo-editavel-no-canva-foto-da-turma-2025\/\" \/>\n<meta property=\"og:site_name\" content=\"Loja SOS Professor Atividades\" \/>\n<meta property=\"article:publisher\" content=\"https:\/\/www.facebook.com\/sosprofessoratividades\" \/>\n<meta property=\"article:modified_time\" content=\"2026-05-08T17:22:33+00:00\" \/>\n<meta property=\"og:image\" content=\"https:\/\/lojasosprofessoratividades.com.br\/wp-content\/uploads\/2025\/11\/Arquivo-editavel-no-Canva-Foto-da-turma-20251-1.jpg\" \/>\n\t<meta property=\"og:image:width\" content=\"800\" \/>\n\t<meta property=\"og:image:height\" content=\"693\" \/>\n\t<meta property=\"og:image:type\" content=\"image\/jpeg\" \/>\n<meta name=\"twitter:card\" content=\"summary_large_image\" \/>\n<meta name=\"twitter:label1\" content=\"Est. reading time\" \/>\n\t<meta name=\"twitter:data1\" content=\"1 minute\" \/>\n<script type=\"application\/ld+json\" class=\"yoast-schema-graph\">{\"@context\":\"https:\\\/\\\/schema.org\",\"@graph\":[{\"@type\":\"WebPage\",\"@id\":\"https:\\\/\\\/lojasosprofessoratividades.com.br\\\/produto\\\/arquivo-editavel-no-canva-foto-da-turma-2025\\\/\",\"url\":\"https:\\\/\\\/lojasosprofessoratividades.com.br\\\/produto\\\/arquivo-editavel-no-canva-foto-da-turma-2025\\\/\",\"name\":\"Arquivo edit\u00e1vel no Canva - Foto da turma 2025 - Loja SOS Professor Atividades\",\"isPartOf\":{\"@id\":\"https:\\\/\\\/lojasosprofessoratividades.com.br\\\/#website\"},\"primaryImageOfPage\":{\"@id\":\"https:\\\/\\\/lojasosprofessoratividades.com.br\\\/produto\\\/arquivo-editavel-no-canva-foto-da-turma-2025\\\/#primaryimage\"},\"image\":{\"@id\":\"https:\\\/\\\/lojasosprofessoratividades.com.br\\\/produto\\\/arquivo-editavel-no-canva-foto-da-turma-2025\\\/#primaryimage\"},\"thumbnailUrl\":\"https:\\\/\\\/lojasosprofessoratividades.com.br\\\/wp-content\\\/uploads\\\/2025\\\/11\\\/Arquivo-editavel-no-Canva-Foto-da-turma-20251-1.jpg\",\"datePublished\":\"2025-11-26T19:18:48+00:00\",\"dateModified\":\"2026-05-08T17:22:33+00:00\",\"description\":\"Arquivo edit\u00e1vel no Canva para montar a Foto da Turma 2025. Layout moderno, f\u00e1cil de personalizar e perfeito para lembrancinhas e registros escolares.\",\"breadcrumb\":{\"@id\":\"https:\\\/\\\/lojasosprofessoratividades.com.br\\\/produto\\\/arquivo-editavel-no-canva-foto-da-turma-2025\\\/#breadcrumb\"},\"inLanguage\":\"en-US\",\"potentialAction\":[{\"@type\":\"ReadAction\",\"target\":[\"https:\\\/\\\/lojasosprofessoratividades.com.br\\\/produto\\\/arquivo-editavel-no-canva-foto-da-turma-2025\\\/\"]}]},{\"@type\":\"ImageObject\",\"inLanguage\":\"en-US\",\"@id\":\"https:\\\/\\\/lojasosprofessoratividades.com.br\\\/produto\\\/arquivo-editavel-no-canva-foto-da-turma-2025\\\/#primaryimage\",\"url\":\"https:\\\/\\\/lojasosprofessoratividades.com.br\\\/wp-content\\\/uploads\\\/2025\\\/11\\\/Arquivo-editavel-no-Canva-Foto-da-turma-20251-1.jpg\",\"contentUrl\":\"https:\\\/\\\/lojasosprofessoratividades.com.br\\\/wp-content\\\/uploads\\\/2025\\\/11\\\/Arquivo-editavel-no-Canva-Foto-da-turma-20251-1.jpg\",\"width\":800,\"height\":693,\"caption\":\"Arquivo edit\u00e1vel no Canva-Foto da turma 2025\"},{\"@type\":\"BreadcrumbList\",\"@id\":\"https:\\\/\\\/lojasosprofessoratividades.com.br\\\/produto\\\/arquivo-editavel-no-canva-foto-da-turma-2025\\\/#breadcrumb\",\"itemListElement\":[{\"@type\":\"ListItem\",\"position\":1,\"name\":\"In\u00edcio\",\"item\":\"https:\\\/\\\/lojasosprofessoratividades.com.br\\\/\"},{\"@type\":\"ListItem\",\"position\":2,\"name\":\"Loja\",\"item\":\"https:\\\/\\\/lojasosprofessoratividades.com.br\\\/loja\\\/\"},{\"@type\":\"ListItem\",\"position\":3,\"name\":\"Arquivo edit\u00e1vel no Canva &#8211; Foto da turma 2025\"}]},{\"@type\":\"WebSite\",\"@id\":\"https:\\\/\\\/lojasosprofessoratividades.com.br\\\/#website\",\"url\":\"https:\\\/\\\/lojasosprofessoratividades.com.br\\\/\",\"name\":\"Loja SOS Professor Atividades\",\"description\":\"Venda de material did\u00e1tico para o ensino fundamental\",\"publisher\":{\"@id\":\"https:\\\/\\\/lojasosprofessoratividades.com.br\\\/#organization\"},\"potentialAction\":[{\"@type\":\"SearchAction\",\"target\":{\"@type\":\"EntryPoint\",\"urlTemplate\":\"https:\\\/\\\/lojasosprofessoratividades.com.br\\\/?s={search_term_string}\"},\"query-input\":{\"@type\":\"PropertyValueSpecification\",\"valueRequired\":true,\"valueName\":\"search_term_string\"}}],\"inLanguage\":\"en-US\"},{\"@type\":\"Organization\",\"@id\":\"https:\\\/\\\/lojasosprofessoratividades.com.br\\\/#organization\",\"name\":\"Loja SOS Professor Atividades\",\"url\":\"https:\\\/\\\/lojasosprofessoratividades.com.br\\\/\",\"logo\":{\"@type\":\"ImageObject\",\"inLanguage\":\"en-US\",\"@id\":\"https:\\\/\\\/lojasosprofessoratividades.com.br\\\/#\\\/schema\\\/logo\\\/image\\\/\",\"url\":\"http:\\\/\\\/lojasosprofessoratividades.com.br\\\/wp-content\\\/uploads\\\/2022\\\/04\\\/Logo.png\",\"contentUrl\":\"http:\\\/\\\/lojasosprofessoratividades.com.br\\\/wp-content\\\/uploads\\\/2022\\\/04\\\/Logo.png\",\"width\":2000,\"height\":2000,\"caption\":\"Loja SOS Professor Atividades\"},\"image\":{\"@id\":\"https:\\\/\\\/lojasosprofessoratividades.com.br\\\/#\\\/schema\\\/logo\\\/image\\\/\"},\"sameAs\":[\"https:\\\/\\\/www.facebook.com\\\/sosprofessoratividades\",\"https:\\\/\\\/www.instagram.com\\\/sosprofessoratividades\\\/\"]}]}<\/script>\n<!-- \/ Yoast SEO plugin. -->","yoast_head_json":{"title":"Arquivo edit\u00e1vel no Canva - Foto da turma 2025 - Loja SOS Professor Atividades","description":"Arquivo edit\u00e1vel no Canva para montar a Foto da Turma 2025. Layout moderno, f\u00e1cil de personalizar e perfeito para lembrancinhas e registros escolares.","robots":{"index":"index","follow":"follow","max-snippet":"max-snippet:-1","max-image-preview":"max-image-preview:large","max-video-preview":"max-video-preview:-1"},"canonical":"https:\/\/lojasosprofessoratividades.com.br\/en\/product\/arquivo-editavel-no-canva-foto-da-turma-2025\/","og_locale":"en_US","og_type":"article","og_title":"Arquivo edit\u00e1vel no Canva - Foto da turma 2025 - Loja SOS Professor Atividades","og_description":"Arquivo edit\u00e1vel no Canva para montar a Foto da Turma 2025. Layout moderno, f\u00e1cil de personalizar e perfeito para lembrancinhas e registros escolares.","og_url":"https:\/\/lojasosprofessoratividades.com.br\/en\/product\/arquivo-editavel-no-canva-foto-da-turma-2025\/","og_site_name":"Loja SOS Professor Atividades","article_publisher":"https:\/\/www.facebook.com\/sosprofessoratividades","article_modified_time":"2026-05-08T17:22:33+00:00","og_image":[{"width":800,"height":693,"url":"https:\/\/lojasosprofessoratividades.com.br\/wp-content\/uploads\/2025\/11\/Arquivo-editavel-no-Canva-Foto-da-turma-20251-1.jpg","type":"image\/jpeg"}],"twitter_card":"summary_large_image","twitter_misc":{"Est. reading time":"1 minute"},"schema":{"@context":"https:\/\/schema.org","@graph":[{"@type":"WebPage","@id":"https:\/\/lojasosprofessoratividades.com.br\/produto\/arquivo-editavel-no-canva-foto-da-turma-2025\/","url":"https:\/\/lojasosprofessoratividades.com.br\/produto\/arquivo-editavel-no-canva-foto-da-turma-2025\/","name":"Arquivo edit\u00e1vel no Canva - Foto da turma 2025 - Loja SOS Professor Atividades","isPartOf":{"@id":"https:\/\/lojasosprofessoratividades.com.br\/#website"},"primaryImageOfPage":{"@id":"https:\/\/lojasosprofessoratividades.com.br\/produto\/arquivo-editavel-no-canva-foto-da-turma-2025\/#primaryimage"},"image":{"@id":"https:\/\/lojasosprofessoratividades.com.br\/produto\/arquivo-editavel-no-canva-foto-da-turma-2025\/#primaryimage"},"thumbnailUrl":"https:\/\/lojasosprofessoratividades.com.br\/wp-content\/uploads\/2025\/11\/Arquivo-editavel-no-Canva-Foto-da-turma-20251-1.jpg","datePublished":"2025-11-26T19:18:48+00:00","dateModified":"2026-05-08T17:22:33+00:00","description":"Arquivo edit\u00e1vel no Canva para montar a Foto da Turma 2025. Layout moderno, f\u00e1cil de personalizar e perfeito para lembrancinhas e registros escolares.","breadcrumb":{"@id":"https:\/\/lojasosprofessoratividades.com.br\/produto\/arquivo-editavel-no-canva-foto-da-turma-2025\/#breadcrumb"},"inLanguage":"en-US","potentialAction":[{"@type":"ReadAction","target":["https:\/\/lojasosprofessoratividades.com.br\/produto\/arquivo-editavel-no-canva-foto-da-turma-2025\/"]}]},{"@type":"ImageObject","inLanguage":"en-US","@id":"https:\/\/lojasosprofessoratividades.com.br\/produto\/arquivo-editavel-no-canva-foto-da-turma-2025\/#primaryimage","url":"https:\/\/lojasosprofessoratividades.com.br\/wp-content\/uploads\/2025\/11\/Arquivo-editavel-no-Canva-Foto-da-turma-20251-1.jpg","contentUrl":"https:\/\/lojasosprofessoratividades.com.br\/wp-content\/uploads\/2025\/11\/Arquivo-editavel-no-Canva-Foto-da-turma-20251-1.jpg","width":800,"height":693,"caption":"Arquivo edit\u00e1vel no Canva-Foto da turma 2025"},{"@type":"BreadcrumbList","@id":"https:\/\/lojasosprofessoratividades.com.br\/produto\/arquivo-editavel-no-canva-foto-da-turma-2025\/#breadcrumb","itemListElement":[{"@type":"ListItem","position":1,"name":"In\u00edcio","item":"https:\/\/lojasosprofessoratividades.com.br\/"},{"@type":"ListItem","position":2,"name":"Loja","item":"https:\/\/lojasosprofessoratividades.com.br\/loja\/"},{"@type":"ListItem","position":3,"name":"Arquivo edit\u00e1vel no Canva &#8211; Foto da turma 2025"}]},{"@type":"WebSite","@id":"https:\/\/lojasosprofessoratividades.com.br\/#website","url":"https:\/\/lojasosprofessoratividades.com.br\/","name":"Loja SOS Professor Atividades","description":"Venda de material did\u00e1tico para o ensino fundamental","publisher":{"@id":"https:\/\/lojasosprofessoratividades.com.br\/#organization"},"potentialAction":[{"@type":"SearchAction","target":{"@type":"EntryPoint","urlTemplate":"https:\/\/lojasosprofessoratividades.com.br\/?s={search_term_string}"},"query-input":{"@type":"PropertyValueSpecification","valueRequired":true,"valueName":"search_term_string"}}],"inLanguage":"en-US"},{"@type":"Organization","@id":"https:\/\/lojasosprofessoratividades.com.br\/#organization","name":"Loja SOS Professor Atividades","url":"https:\/\/lojasosprofessoratividades.com.br\/","logo":{"@type":"ImageObject","inLanguage":"en-US","@id":"https:\/\/lojasosprofessoratividades.com.br\/#\/schema\/logo\/image\/","url":"http:\/\/lojasosprofessoratividades.com.br\/wp-content\/uploads\/2022\/04\/Logo.png","contentUrl":"http:\/\/lojasosprofessoratividades.com.br\/wp-content\/uploads\/2022\/04\/Logo.png","width":2000,"height":2000,"caption":"Loja SOS Professor Atividades"},"image":{"@id":"https:\/\/lojasosprofessoratividades.com.br\/#\/schema\/logo\/image\/"},"sameAs":["https:\/\/www.facebook.com\/sosprofessoratividades","https:\/\/www.instagram.com\/sosprofessoratividades\/"]}]}},"_links":{"self":[{"href":"https:\/\/lojasosprofessoratividades.com.br\/en\/wp-json\/wp\/v2\/product\/37033","targetHints":{"allow":["GET"]}}],"collection":[{"href":"https:\/\/lojasosprofessoratividades.com.br\/en\/wp-json\/wp\/v2\/product"}],"about":[{"href":"https:\/\/lojasosprofessoratividades.com.br\/en\/wp-json\/wp\/v2\/types\/product"}],"replies":[{"embeddable":true,"href":"https:\/\/lojasosprofessoratividades.com.br\/en\/wp-json\/wp\/v2\/comments?post=37033"}],"wp:featuredmedia":[{"embeddable":true,"href":"https:\/\/lojasosprofessoratividades.com.br\/en\/wp-json\/wp\/v2\/media\/37034"}],"wp:attachment":[{"href":"https:\/\/lojasosprofessoratividades.com.br\/en\/wp-json\/wp\/v2\/media?parent=37033"}],"wp:term":[{"taxonomy":"product_brand","embeddable":true,"href":"https:\/\/lojasosprofessoratividades.com.br\/en\/wp-json\/wp\/v2\/product_brand?post=37033"},{"taxonomy":"product_cat","embeddable":true,"href":"https:\/\/lojasosprofessoratividades.com.br\/en\/wp-json\/wp\/v2\/product_cat?post=37033"},{"taxonomy":"product_tag","embeddable":true,"href":"https:\/\/lojasosprofessoratividades.com.br\/en\/wp-json\/wp\/v2\/product_tag?post=37033"}],"curies":[{"name":"wp","href":"https:\/\/api.w.org\/{rel}","templated":true}]}}