{"id":37119,"date":"2025-12-03T17:49:09","date_gmt":"2025-12-03T20:49:09","guid":{"rendered":"https:\/\/lojasosprofessoratividades.com.br\/?post_type=product&#038;p=37119"},"modified":"2026-05-08T14:23:07","modified_gmt":"2026-05-08T17:23:07","slug":"os-reis-magos-atividades-e-cartaz","status":"publish","type":"product","link":"https:\/\/lojasosprofessoratividades.com.br\/en\/product\/os-reis-magos-atividades-e-cartaz\/","title":{"rendered":"Os Reis Magos &#8211; Atividades e cartaz"},"content":{"rendered":"","protected":false},"excerpt":{"rendered":"<p data-start=\"162\" data-end=\"482\">Explore um material completo e envolvente sobre os <strong data-start=\"213\" data-end=\"227\">Reis Magos<\/strong>, criado especialmente para turmas do <strong data-start=\"265\" data-end=\"281\">3\u00ba ao 5\u00ba ano<\/strong>.<\/p>\n<p data-start=\"162\" data-end=\"482\">O arquivo <em><strong>n\u00e3o edit\u00e1vel,<\/strong><\/em> re\u00fane recursos pedag\u00f3gicos cuidadosamente elaborados para desenvolver leitura, interpreta\u00e7\u00e3o, criatividade, artes e valores, oferecendo ao professor um conte\u00fado pronto para aplicar em sala.<\/p>\n<p data-start=\"484\" data-end=\"502\">O material inclui:<\/p>\n<ul data-start=\"504\" data-end=\"931\">\n<li data-start=\"504\" data-end=\"560\">\n<p data-start=\"506\" data-end=\"560\"><strong data-start=\"506\" data-end=\"538\">Texto informativo<\/strong>\u00a0sobre os Reis Magos<\/p>\n<\/li>\n<li data-start=\"561\" data-end=\"634\">\n<p data-start=\"563\" data-end=\"634\"><strong data-start=\"563\" data-end=\"594\">Atividades de interpreta\u00e7\u00e3o<\/strong> (literais, inferenciais e reflexivas)<\/p>\n<\/li>\n<li data-start=\"635\" data-end=\"687\">\n<p data-start=\"637\" data-end=\"687\"><strong data-start=\"637\" data-end=\"658\">Atividade de arte<\/strong> no estilo livro de colorir<\/p>\n<\/li>\n<li data-start=\"688\" data-end=\"748\">\n<p data-start=\"690\" data-end=\"748\"><strong data-start=\"690\" data-end=\"728\">Produ\u00e7\u00e3o de Hist\u00f3ria em Quadrinhos<\/strong> com layout pronto<\/p>\n<\/li>\n<li data-start=\"749\" data-end=\"811\">\n<p data-start=\"751\" data-end=\"811\"><strong data-start=\"751\" data-end=\"780\">Cartaz tamanho p\u00f4ster 5&#215;5<\/strong> para decorar a sala ou mural<\/p>\n<\/li>\n<li data-start=\"812\" data-end=\"891\">\n<p data-start=\"814\" data-end=\"891\"><strong data-start=\"814\" data-end=\"840\">Plano de aula completo<\/strong>, com objetivos, habilidades e sequ\u00eancia did\u00e1tica<\/p>\n<\/li>\n<li data-start=\"892\" data-end=\"931\">\n<p data-start=\"894\" data-end=\"931\"><strong data-start=\"894\" data-end=\"906\">Gabarito<\/strong> de todas as atividades<\/p>\n<\/li>\n<\/ul>\n<p data-start=\"933\" data-end=\"1278\">\u00c9 o recurso ideal para trabalhar temas natalinos de forma criativa, significativa e interdisciplinar, fortalecendo compet\u00eancias de leitura, escrita, express\u00e3o art\u00edstica e valores humanos.<br data-start=\"1120\" data-end=\"1123\" \/>Perfeito para professores que desejam um material organizado, bonito, claro e pronto para uso, garantindo aulas mais leves, produtivas e cheias de sentido.<\/p>\n<h3><em><strong>N\u00e3o enviamos por e-mail, a entrega \u00e9 via link para download.\u00a0<img decoding=\"async\" class=\"emoji\" role=\"img\" draggable=\"false\" src=\"https:\/\/s.w.org\/images\/core\/emoji\/16.0.1\/svg\/1f447.svg\" alt=\"\ud83d\udc47\" \/><\/strong><\/em><\/h3>\n<p><img loading=\"lazy\" decoding=\"async\" class=\"alignnone wp-image-36779 size-full\" src=\"https:\/\/lojasosprofessoratividades.com.br\/wp-content\/uploads\/2025\/11\/Aviso-Loja-atual.jpg\" alt=\"\" width=\"446\" height=\"251\" srcset=\"https:\/\/lojasosprofessoratividades.com.br\/wp-content\/uploads\/2025\/11\/Aviso-Loja-atual.jpg 446w, https:\/\/lojasosprofessoratividades.com.br\/wp-content\/uploads\/2025\/11\/Aviso-Loja-atual-300x169.jpg 300w, https:\/\/lojasosprofessoratividades.com.br\/wp-content\/uploads\/2025\/11\/Aviso-Loja-atual-18x10.jpg 18w\" sizes=\"auto, (max-width: 446px) 100vw, 446px\" \/><\/p>","protected":false},"featured_media":37125,"comment_status":"open","ping_status":"closed","template":"","meta":[],"product_brand":[],"product_cat":[124,125,127,191,199,187,214,216,218,204,189,195],"product_tag":[697,478,1598,1599,1551,616,746,3403,245,1399,988,250,643,339,3178,1469,398,234,3402,342],"class_list":{"0":"post-37119","1":"product","2":"type-product","3":"status-publish","4":"has-post-thumbnail","6":"product_cat-3o-ano","7":"product_cat-4o-ano","8":"product_cat-5o-ano","9":"product_cat-atividades-interativas-4-ano","10":"product_cat-atividades-interativas-5-anos","11":"product_cat-atividades-interativas-3-ano","12":"product_cat-data-comemorativa-3-ano","13":"product_cat-data-comemorativa-4-ano","14":"product_cat-data-comemorativa-5-ano","15":"product_cat-portugues-5-anos","16":"product_cat-portugues-3-ano","17":"product_cat-portugues-4-ano","18":"product_tag-arquivo-para-imprimir","19":"product_tag-atividade-de-arte","20":"product_tag-atividades-3o-ano","21":"product_tag-atividades-4o-ano","22":"product_tag-atividades-5o-ano","23":"product_tag-atividades-escolares","24":"product_tag-cartaz-educativo","25":"product_tag-educacao-infantil-avancada","26":"product_tag-ensino-fundamental","27":"product_tag-ensino-religioso","28":"product_tag-historia-em-quadrinhos","29":"product_tag-interpretacao-de-texto","30":"product_tag-material-pedagogico","31":"product_tag-natal","32":"product_tag-natal-educativo","33":"product_tag-pedagogia","34":"product_tag-plano-de-aula","35":"product_tag-recursos-didaticos","36":"product_tag-reis-magos","37":"product_tag-sequencia-didatica","39":"first","40":"instock","41":"downloadable","42":"virtual","43":"sold-individually","44":"purchasable","45":"product-type-simple"},"yoast_head":"<!-- This site is optimized with the Yoast SEO plugin v27.5 - https:\/\/yoast.com\/product\/yoast-seo-wordpress\/ -->\n<title>Os Reis Magos - Atividades e cartaz - Loja SOS Professor Atividades<\/title>\n<meta name=\"description\" content=\"Material completo sobre os Reis Magos: texto, interpreta\u00e7\u00e3o, HQ, arte, cartaz 5x5, plano de aula e gabarito para turmas do 3\u00ba ao 5\u00ba ano.\" \/>\n<meta name=\"robots\" content=\"index, follow, max-snippet:-1, max-image-preview:large, max-video-preview:-1\" \/>\n<link rel=\"canonical\" href=\"https:\/\/lojasosprofessoratividades.com.br\/en\/product\/os-reis-magos-atividades-e-cartaz\/\" \/>\n<meta property=\"og:locale\" content=\"en_US\" \/>\n<meta property=\"og:type\" content=\"article\" \/>\n<meta property=\"og:title\" content=\"Os Reis Magos - Atividades e cartaz - Loja SOS Professor Atividades\" \/>\n<meta property=\"og:description\" content=\"Material completo sobre os Reis Magos: texto, interpreta\u00e7\u00e3o, HQ, arte, cartaz 5x5, plano de aula e gabarito para turmas do 3\u00ba ao 5\u00ba ano.\" \/>\n<meta property=\"og:url\" content=\"https:\/\/lojasosprofessoratividades.com.br\/en\/product\/os-reis-magos-atividades-e-cartaz\/\" \/>\n<meta property=\"og:site_name\" content=\"Loja SOS Professor Atividades\" \/>\n<meta property=\"article:publisher\" content=\"https:\/\/www.facebook.com\/sosprofessoratividades\" \/>\n<meta property=\"article:modified_time\" content=\"2026-05-08T17:23:07+00:00\" \/>\n<meta property=\"og:image\" content=\"https:\/\/lojasosprofessoratividades.com.br\/wp-content\/uploads\/2025\/12\/Os-Reis-Magos-1-1.jpg\" \/>\n\t<meta property=\"og:image:width\" content=\"800\" \/>\n\t<meta property=\"og:image:height\" content=\"693\" \/>\n\t<meta property=\"og:image:type\" content=\"image\/jpeg\" \/>\n<meta name=\"twitter:card\" content=\"summary_large_image\" \/>\n<meta name=\"twitter:label1\" content=\"Est. reading time\" \/>\n\t<meta name=\"twitter:data1\" content=\"1 minute\" \/>\n<script type=\"application\/ld+json\" class=\"yoast-schema-graph\">{\"@context\":\"https:\\\/\\\/schema.org\",\"@graph\":[{\"@type\":\"WebPage\",\"@id\":\"https:\\\/\\\/lojasosprofessoratividades.com.br\\\/produto\\\/os-reis-magos-atividades-e-cartaz\\\/\",\"url\":\"https:\\\/\\\/lojasosprofessoratividades.com.br\\\/produto\\\/os-reis-magos-atividades-e-cartaz\\\/\",\"name\":\"Os Reis Magos - Atividades e cartaz - Loja SOS Professor Atividades\",\"isPartOf\":{\"@id\":\"https:\\\/\\\/lojasosprofessoratividades.com.br\\\/#website\"},\"primaryImageOfPage\":{\"@id\":\"https:\\\/\\\/lojasosprofessoratividades.com.br\\\/produto\\\/os-reis-magos-atividades-e-cartaz\\\/#primaryimage\"},\"image\":{\"@id\":\"https:\\\/\\\/lojasosprofessoratividades.com.br\\\/produto\\\/os-reis-magos-atividades-e-cartaz\\\/#primaryimage\"},\"thumbnailUrl\":\"https:\\\/\\\/lojasosprofessoratividades.com.br\\\/wp-content\\\/uploads\\\/2025\\\/12\\\/Os-Reis-Magos-1-1.jpg\",\"datePublished\":\"2025-12-03T20:49:09+00:00\",\"dateModified\":\"2026-05-08T17:23:07+00:00\",\"description\":\"Material completo sobre os Reis Magos: texto, interpreta\u00e7\u00e3o, HQ, arte, cartaz 5x5, plano de aula e gabarito para turmas do 3\u00ba ao 5\u00ba ano.\",\"breadcrumb\":{\"@id\":\"https:\\\/\\\/lojasosprofessoratividades.com.br\\\/produto\\\/os-reis-magos-atividades-e-cartaz\\\/#breadcrumb\"},\"inLanguage\":\"en-US\",\"potentialAction\":[{\"@type\":\"ReadAction\",\"target\":[\"https:\\\/\\\/lojasosprofessoratividades.com.br\\\/produto\\\/os-reis-magos-atividades-e-cartaz\\\/\"]}]},{\"@type\":\"ImageObject\",\"inLanguage\":\"en-US\",\"@id\":\"https:\\\/\\\/lojasosprofessoratividades.com.br\\\/produto\\\/os-reis-magos-atividades-e-cartaz\\\/#primaryimage\",\"url\":\"https:\\\/\\\/lojasosprofessoratividades.com.br\\\/wp-content\\\/uploads\\\/2025\\\/12\\\/Os-Reis-Magos-1-1.jpg\",\"contentUrl\":\"https:\\\/\\\/lojasosprofessoratividades.com.br\\\/wp-content\\\/uploads\\\/2025\\\/12\\\/Os-Reis-Magos-1-1.jpg\",\"width\":800,\"height\":693,\"caption\":\"Os Reis Magos-Atividades e cartaz\"},{\"@type\":\"BreadcrumbList\",\"@id\":\"https:\\\/\\\/lojasosprofessoratividades.com.br\\\/produto\\\/os-reis-magos-atividades-e-cartaz\\\/#breadcrumb\",\"itemListElement\":[{\"@type\":\"ListItem\",\"position\":1,\"name\":\"In\u00edcio\",\"item\":\"https:\\\/\\\/lojasosprofessoratividades.com.br\\\/\"},{\"@type\":\"ListItem\",\"position\":2,\"name\":\"Loja\",\"item\":\"https:\\\/\\\/lojasosprofessoratividades.com.br\\\/loja\\\/\"},{\"@type\":\"ListItem\",\"position\":3,\"name\":\"Os Reis Magos &#8211; Atividades e cartaz\"}]},{\"@type\":\"WebSite\",\"@id\":\"https:\\\/\\\/lojasosprofessoratividades.com.br\\\/#website\",\"url\":\"https:\\\/\\\/lojasosprofessoratividades.com.br\\\/\",\"name\":\"Loja SOS Professor Atividades\",\"description\":\"Venda de material did\u00e1tico para o ensino fundamental\",\"publisher\":{\"@id\":\"https:\\\/\\\/lojasosprofessoratividades.com.br\\\/#organization\"},\"potentialAction\":[{\"@type\":\"SearchAction\",\"target\":{\"@type\":\"EntryPoint\",\"urlTemplate\":\"https:\\\/\\\/lojasosprofessoratividades.com.br\\\/?s={search_term_string}\"},\"query-input\":{\"@type\":\"PropertyValueSpecification\",\"valueRequired\":true,\"valueName\":\"search_term_string\"}}],\"inLanguage\":\"en-US\"},{\"@type\":\"Organization\",\"@id\":\"https:\\\/\\\/lojasosprofessoratividades.com.br\\\/#organization\",\"name\":\"Loja SOS Professor Atividades\",\"url\":\"https:\\\/\\\/lojasosprofessoratividades.com.br\\\/\",\"logo\":{\"@type\":\"ImageObject\",\"inLanguage\":\"en-US\",\"@id\":\"https:\\\/\\\/lojasosprofessoratividades.com.br\\\/#\\\/schema\\\/logo\\\/image\\\/\",\"url\":\"http:\\\/\\\/lojasosprofessoratividades.com.br\\\/wp-content\\\/uploads\\\/2022\\\/04\\\/Logo.png\",\"contentUrl\":\"http:\\\/\\\/lojasosprofessoratividades.com.br\\\/wp-content\\\/uploads\\\/2022\\\/04\\\/Logo.png\",\"width\":2000,\"height\":2000,\"caption\":\"Loja SOS Professor Atividades\"},\"image\":{\"@id\":\"https:\\\/\\\/lojasosprofessoratividades.com.br\\\/#\\\/schema\\\/logo\\\/image\\\/\"},\"sameAs\":[\"https:\\\/\\\/www.facebook.com\\\/sosprofessoratividades\",\"https:\\\/\\\/www.instagram.com\\\/sosprofessoratividades\\\/\"]}]}<\/script>\n<!-- \/ Yoast SEO plugin. -->","yoast_head_json":{"title":"Os Reis Magos - Atividades e cartaz - Loja SOS Professor Atividades","description":"Material completo sobre os Reis Magos: texto, interpreta\u00e7\u00e3o, HQ, arte, cartaz 5x5, plano de aula e gabarito para turmas do 3\u00ba ao 5\u00ba ano.","robots":{"index":"index","follow":"follow","max-snippet":"max-snippet:-1","max-image-preview":"max-image-preview:large","max-video-preview":"max-video-preview:-1"},"canonical":"https:\/\/lojasosprofessoratividades.com.br\/en\/product\/os-reis-magos-atividades-e-cartaz\/","og_locale":"en_US","og_type":"article","og_title":"Os Reis Magos - Atividades e cartaz - Loja SOS Professor Atividades","og_description":"Material completo sobre os Reis Magos: texto, interpreta\u00e7\u00e3o, HQ, arte, cartaz 5x5, plano de aula e gabarito para turmas do 3\u00ba ao 5\u00ba ano.","og_url":"https:\/\/lojasosprofessoratividades.com.br\/en\/product\/os-reis-magos-atividades-e-cartaz\/","og_site_name":"Loja SOS Professor Atividades","article_publisher":"https:\/\/www.facebook.com\/sosprofessoratividades","article_modified_time":"2026-05-08T17:23:07+00:00","og_image":[{"width":800,"height":693,"url":"https:\/\/lojasosprofessoratividades.com.br\/wp-content\/uploads\/2025\/12\/Os-Reis-Magos-1-1.jpg","type":"image\/jpeg"}],"twitter_card":"summary_large_image","twitter_misc":{"Est. reading time":"1 minute"},"schema":{"@context":"https:\/\/schema.org","@graph":[{"@type":"WebPage","@id":"https:\/\/lojasosprofessoratividades.com.br\/produto\/os-reis-magos-atividades-e-cartaz\/","url":"https:\/\/lojasosprofessoratividades.com.br\/produto\/os-reis-magos-atividades-e-cartaz\/","name":"Os Reis Magos - Atividades e cartaz - Loja SOS Professor Atividades","isPartOf":{"@id":"https:\/\/lojasosprofessoratividades.com.br\/#website"},"primaryImageOfPage":{"@id":"https:\/\/lojasosprofessoratividades.com.br\/produto\/os-reis-magos-atividades-e-cartaz\/#primaryimage"},"image":{"@id":"https:\/\/lojasosprofessoratividades.com.br\/produto\/os-reis-magos-atividades-e-cartaz\/#primaryimage"},"thumbnailUrl":"https:\/\/lojasosprofessoratividades.com.br\/wp-content\/uploads\/2025\/12\/Os-Reis-Magos-1-1.jpg","datePublished":"2025-12-03T20:49:09+00:00","dateModified":"2026-05-08T17:23:07+00:00","description":"Material completo sobre os Reis Magos: texto, interpreta\u00e7\u00e3o, HQ, arte, cartaz 5x5, plano de aula e gabarito para turmas do 3\u00ba ao 5\u00ba ano.","breadcrumb":{"@id":"https:\/\/lojasosprofessoratividades.com.br\/produto\/os-reis-magos-atividades-e-cartaz\/#breadcrumb"},"inLanguage":"en-US","potentialAction":[{"@type":"ReadAction","target":["https:\/\/lojasosprofessoratividades.com.br\/produto\/os-reis-magos-atividades-e-cartaz\/"]}]},{"@type":"ImageObject","inLanguage":"en-US","@id":"https:\/\/lojasosprofessoratividades.com.br\/produto\/os-reis-magos-atividades-e-cartaz\/#primaryimage","url":"https:\/\/lojasosprofessoratividades.com.br\/wp-content\/uploads\/2025\/12\/Os-Reis-Magos-1-1.jpg","contentUrl":"https:\/\/lojasosprofessoratividades.com.br\/wp-content\/uploads\/2025\/12\/Os-Reis-Magos-1-1.jpg","width":800,"height":693,"caption":"Os Reis Magos-Atividades e cartaz"},{"@type":"BreadcrumbList","@id":"https:\/\/lojasosprofessoratividades.com.br\/produto\/os-reis-magos-atividades-e-cartaz\/#breadcrumb","itemListElement":[{"@type":"ListItem","position":1,"name":"In\u00edcio","item":"https:\/\/lojasosprofessoratividades.com.br\/"},{"@type":"ListItem","position":2,"name":"Loja","item":"https:\/\/lojasosprofessoratividades.com.br\/loja\/"},{"@type":"ListItem","position":3,"name":"Os Reis Magos &#8211; Atividades e cartaz"}]},{"@type":"WebSite","@id":"https:\/\/lojasosprofessoratividades.com.br\/#website","url":"https:\/\/lojasosprofessoratividades.com.br\/","name":"Loja SOS Professor Atividades","description":"Venda de material did\u00e1tico para o ensino fundamental","publisher":{"@id":"https:\/\/lojasosprofessoratividades.com.br\/#organization"},"potentialAction":[{"@type":"SearchAction","target":{"@type":"EntryPoint","urlTemplate":"https:\/\/lojasosprofessoratividades.com.br\/?s={search_term_string}"},"query-input":{"@type":"PropertyValueSpecification","valueRequired":true,"valueName":"search_term_string"}}],"inLanguage":"en-US"},{"@type":"Organization","@id":"https:\/\/lojasosprofessoratividades.com.br\/#organization","name":"Loja SOS Professor Atividades","url":"https:\/\/lojasosprofessoratividades.com.br\/","logo":{"@type":"ImageObject","inLanguage":"en-US","@id":"https:\/\/lojasosprofessoratividades.com.br\/#\/schema\/logo\/image\/","url":"http:\/\/lojasosprofessoratividades.com.br\/wp-content\/uploads\/2022\/04\/Logo.png","contentUrl":"http:\/\/lojasosprofessoratividades.com.br\/wp-content\/uploads\/2022\/04\/Logo.png","width":2000,"height":2000,"caption":"Loja SOS Professor Atividades"},"image":{"@id":"https:\/\/lojasosprofessoratividades.com.br\/#\/schema\/logo\/image\/"},"sameAs":["https:\/\/www.facebook.com\/sosprofessoratividades","https:\/\/www.instagram.com\/sosprofessoratividades\/"]}]}},"_links":{"self":[{"href":"https:\/\/lojasosprofessoratividades.com.br\/en\/wp-json\/wp\/v2\/product\/37119","targetHints":{"allow":["GET"]}}],"collection":[{"href":"https:\/\/lojasosprofessoratividades.com.br\/en\/wp-json\/wp\/v2\/product"}],"about":[{"href":"https:\/\/lojasosprofessoratividades.com.br\/en\/wp-json\/wp\/v2\/types\/product"}],"replies":[{"embeddable":true,"href":"https:\/\/lojasosprofessoratividades.com.br\/en\/wp-json\/wp\/v2\/comments?post=37119"}],"wp:featuredmedia":[{"embeddable":true,"href":"https:\/\/lojasosprofessoratividades.com.br\/en\/wp-json\/wp\/v2\/media\/37125"}],"wp:attachment":[{"href":"https:\/\/lojasosprofessoratividades.com.br\/en\/wp-json\/wp\/v2\/media?parent=37119"}],"wp:term":[{"taxonomy":"product_brand","embeddable":true,"href":"https:\/\/lojasosprofessoratividades.com.br\/en\/wp-json\/wp\/v2\/product_brand?post=37119"},{"taxonomy":"product_cat","embeddable":true,"href":"https:\/\/lojasosprofessoratividades.com.br\/en\/wp-json\/wp\/v2\/product_cat?post=37119"},{"taxonomy":"product_tag","embeddable":true,"href":"https:\/\/lojasosprofessoratividades.com.br\/en\/wp-json\/wp\/v2\/product_tag?post=37119"}],"curies":[{"name":"wp","href":"https:\/\/api.w.org\/{rel}","templated":true}]}}