{"id":37187,"date":"2025-12-24T12:14:14","date_gmt":"2025-12-24T15:14:14","guid":{"rendered":"https:\/\/lojasosprofessoratividades.com.br\/?post_type=product&#038;p=37187"},"modified":"2026-05-08T14:12:10","modified_gmt":"2026-05-08T17:12:10","slug":"volta-as-aulas-stranger-things","status":"publish","type":"product","link":"https:\/\/lojasosprofessoratividades.com.br\/en\/product\/volta-as-aulas-stranger-things\/","title":{"rendered":"Volta \u00e0s aulas &#8211; Stranger Things"},"content":{"rendered":"","protected":false},"excerpt":{"rendered":"<p data-start=\"83\" data-end=\"413\">O <strong data-start=\"187\" data-end=\"227\">Kit Volta \u00e0s Aulas \u2013 Stranger Things<\/strong> foi desenvolvido especialmente para <strong data-start=\"264\" data-end=\"312\">turmas do 3\u00ba ao 5\u00ba ano do Ensino Fundamental<\/strong>, unindo <strong data-start=\"321\" data-end=\"345\">conte\u00fados essenciais<\/strong>, <strong data-start=\"347\" data-end=\"377\">est\u00e9tica tem\u00e1tica atrativa<\/strong> e <strong data-start=\"380\" data-end=\"412\">praticidade para o professor<\/strong>.<\/p>\n<p data-start=\"415\" data-end=\"585\">\u00a0Ideal para <strong data-start=\"429\" data-end=\"452\">ambienta\u00e7\u00e3o da sala<\/strong>, <strong data-start=\"454\" data-end=\"477\">rotinas pedag\u00f3gicas<\/strong>, <strong data-start=\"479\" data-end=\"539\">apoio \u00e0s aprendizagens de L\u00edngua Portuguesa e Matem\u00e1tica<\/strong> e fortalecimento da <strong data-start=\"560\" data-end=\"584\">autonomia dos alunos<\/strong>.<\/p>\n<p data-start=\"415\" data-end=\"585\"><em><strong>N\u00e3o<\/strong><\/em> edit\u00e1vel.<\/p>\n<h3 data-start=\"592\" data-end=\"649\">\u00a0O que voc\u00ea recebe no kit (34 recursos pedag\u00f3gicos):<\/h3>\n<h3 data-start=\"651\" data-end=\"682\"><strong data-start=\"659\" data-end=\"682\">Cartazes tamanho A4<\/strong><\/h3>\n<ul data-start=\"683\" data-end=\"1242\">\n<li data-start=\"683\" data-end=\"701\">\n<p data-start=\"685\" data-end=\"701\">Quantos somos?<\/p>\n<\/li>\n<li data-start=\"702\" data-end=\"728\">\n<p data-start=\"704\" data-end=\"728\">Aniversariantes do m\u00eas<\/p>\n<\/li>\n<li data-start=\"729\" data-end=\"743\">\n<p data-start=\"731\" data-end=\"743\">Chamadinha<\/p>\n<\/li>\n<li data-start=\"744\" data-end=\"764\">\n<p data-start=\"746\" data-end=\"764\">Palavras m\u00e1gicas<\/p>\n<\/li>\n<li data-start=\"765\" data-end=\"783\">\n<p data-start=\"767\" data-end=\"783\">Dias da semana<\/p>\n<\/li>\n<li data-start=\"784\" data-end=\"793\">\n<p data-start=\"786\" data-end=\"793\">Cores<\/p>\n<\/li>\n<li data-start=\"794\" data-end=\"816\">\n<p data-start=\"796\" data-end=\"816\">Combinados prontos<\/p>\n<\/li>\n<li data-start=\"817\" data-end=\"841\">\n<p data-start=\"819\" data-end=\"841\">Combinados em branco<\/p>\n<\/li>\n<li data-start=\"842\" data-end=\"862\">\n<p data-start=\"844\" data-end=\"862\">Ajudantes do dia<\/p>\n<\/li>\n<li data-start=\"863\" data-end=\"886\">\n<p data-start=\"865\" data-end=\"886\">Cantinho da leitura<\/p>\n<\/li>\n<li data-start=\"887\" data-end=\"903\">\n<p data-start=\"889\" data-end=\"903\">O tempo hoje<\/p>\n<\/li>\n<li data-start=\"904\" data-end=\"914\">Formas geom\u00e9tricas<\/li>\n<li data-start=\"957\" data-end=\"980\">\n<p data-start=\"959\" data-end=\"980\">S\u00f3lidos geom\u00e9tricos<\/p>\n<\/li>\n<li data-start=\"981\" data-end=\"999\">\n<p data-start=\"983\" data-end=\"999\">Que horas s\u00e3o?<\/p>\n<\/li>\n<li data-start=\"1000\" data-end=\"1024\">\n<p data-start=\"1002\" data-end=\"1024\">Termos das opera\u00e7\u00f5es<\/p>\n<\/li>\n<li data-start=\"1025\" data-end=\"1036\">\n<p data-start=\"1027\" data-end=\"1036\">Fra\u00e7\u00f5es<\/p>\n<\/li>\n<li data-start=\"1037\" data-end=\"1060\">\n<p data-start=\"1039\" data-end=\"1060\">Sinais de pontua\u00e7\u00e3o<\/p>\n<\/li>\n<li data-start=\"1061\" data-end=\"1082\">\n<p data-start=\"1063\" data-end=\"1082\">Os quatro porqu\u00eas<\/p>\n<\/li>\n<li data-start=\"1083\" data-end=\"1103\">\n<p data-start=\"1085\" data-end=\"1103\">Material dourado<\/p>\n<\/li>\n<li data-start=\"1104\" data-end=\"1161\">\n<p data-start=\"1106\" data-end=\"1161\">Sugest\u00f5es para produ\u00e7\u00e3o de texto (in\u00edcio, meio e fim)<\/p>\n<\/li>\n<li data-start=\"1162\" data-end=\"1185\">\n<p data-start=\"1164\" data-end=\"1185\">N\u00fameros por extenso<\/p>\n<\/li>\n<li data-start=\"1186\" data-end=\"1216\">\n<p data-start=\"1188\" data-end=\"1216\">Crach\u00e1 de mesa com tabuada<\/p>\n<\/li>\n<li data-start=\"1217\" data-end=\"1229\">\n<p data-start=\"1219\" data-end=\"1229\">Tabuadas<\/p>\n<\/li>\n<li data-start=\"1230\" data-end=\"1242\">\n<p data-start=\"1232\" data-end=\"1242\">Alfabeto<\/p>\n<\/li>\n<\/ul>\n<h3 data-start=\"1244\" data-end=\"1273\"><strong data-start=\"1251\" data-end=\"1273\">Cartazes ampliados<\/strong><\/h3>\n<ul data-start=\"1274\" data-end=\"1402\">\n<li data-start=\"1274\" data-end=\"1287\">\n<p data-start=\"1276\" data-end=\"1287\">Silab\u00e1rio<\/p>\n<\/li>\n<li data-start=\"1288\" data-end=\"1309\">\n<p data-start=\"1290\" data-end=\"1309\">S\u00edlabas complexas<\/p>\n<\/li>\n<li data-start=\"1310\" data-end=\"1335\">\n<p data-start=\"1312\" data-end=\"1335\">Calend\u00e1rio permanente<\/p>\n<\/li>\n<li data-start=\"1336\" data-end=\"1368\">\n<p data-start=\"1338\" data-end=\"1368\">Sistema Monet\u00e1rio Brasileiro<\/p>\n<\/li>\n<li data-start=\"1369\" data-end=\"1402\">\n<p data-start=\"1371\" data-end=\"1402\">N\u00fameros por extenso at\u00e9 1.000<\/p>\n<\/li>\n<\/ul>\n<h3 data-start=\"1404\" data-end=\"1433\"><strong data-start=\"1411\" data-end=\"1433\">Recursos ampliados<\/strong><\/h3>\n<ul data-start=\"1434\" data-end=\"1475\">\n<li data-start=\"1434\" data-end=\"1452\">\n<p data-start=\"1436\" data-end=\"1452\">Placa de porta (edit\u00e1vel no Canva)<\/p>\n<\/li>\n<li data-start=\"1453\" data-end=\"1475\">\n<p data-start=\"1455\" data-end=\"1475\">Moldura para fotos<\/p>\n<\/li>\n<\/ul>\n<p data-start=\"1455\" data-end=\"1475\">\u00a0Perfeito para <strong data-start=\"1746\" data-end=\"1798\">volta \u00e0s aulas, ambienta\u00e7\u00e3o e refor\u00e7o pedag\u00f3gico.<\/strong><\/p>\n<h3><em><strong>N\u00e3o enviamos por e-mail, a entrega \u00e9 via link para download.\u00a0<img decoding=\"async\" class=\"emoji\" role=\"img\" draggable=\"false\" src=\"https:\/\/s.w.org\/images\/core\/emoji\/16.0.1\/svg\/1f447.svg\" alt=\"\ud83d\udc47\" \/><\/strong><\/em><\/h3>\n<p><img loading=\"lazy\" decoding=\"async\" class=\"alignnone wp-image-36779 size-full\" src=\"https:\/\/lojasosprofessoratividades.com.br\/wp-content\/uploads\/2025\/11\/Aviso-Loja-atual.jpg\" alt=\"\" width=\"446\" height=\"251\" srcset=\"https:\/\/lojasosprofessoratividades.com.br\/wp-content\/uploads\/2025\/11\/Aviso-Loja-atual.jpg 446w, https:\/\/lojasosprofessoratividades.com.br\/wp-content\/uploads\/2025\/11\/Aviso-Loja-atual-300x169.jpg 300w, https:\/\/lojasosprofessoratividades.com.br\/wp-content\/uploads\/2025\/11\/Aviso-Loja-atual-18x10.jpg 18w\" sizes=\"auto, (max-width: 446px) 100vw, 446px\" \/><\/p>","protected":false},"featured_media":37215,"comment_status":"open","ping_status":"closed","template":"","meta":[],"product_brand":[],"product_cat":[124,125,127,205,194,188,189,195,204,213,215,217],"product_tag":[3435,1598,1599,1551,1203,3433,3437,3434,718,3431,3436,564,1083,3432],"class_list":{"0":"post-37187","1":"product","2":"type-product","3":"status-publish","4":"has-post-thumbnail","6":"product_cat-3o-ano","7":"product_cat-4o-ano","8":"product_cat-5o-ano","9":"product_cat-matematica-5-ano","10":"product_cat-matematica-4-ano","11":"product_cat-matematica-3-ano","12":"product_cat-portugues-3-ano","13":"product_cat-portugues-4-ano","14":"product_cat-portugues-5-anos","15":"product_cat-recursos-didaticos-3-ano","16":"product_cat-recursos-didaticos-4-ano","17":"product_cat-recursos-didaticos-5-ano","18":"product_tag-ambientacao-sala-de-aula","19":"product_tag-atividades-3o-ano","20":"product_tag-atividades-4o-ano","21":"product_tag-atividades-5o-ano","22":"product_tag-cartazes-pedagogicos","23":"product_tag-kit-pedagogico","24":"product_tag-matematica-fundamental","25":"product_tag-material-escolar-fundamental-1","26":"product_tag-material-para-professores","27":"product_tag-olta-as-aulas","28":"product_tag-portugues-fundamental","29":"product_tag-recursos-pedagogicos","30":"product_tag-rotina-escolar","31":"product_tag-stranger-things-educativo","33":"first","34":"instock","35":"downloadable","36":"virtual","37":"sold-individually","38":"purchasable","39":"product-type-simple"},"yoast_head":"<!-- This site is optimized with the Yoast SEO plugin v27.5 - https:\/\/yoast.com\/product\/yoast-seo-wordpress\/ -->\n<title>Volta \u00e0s aulas - Stranger Things - Loja SOS Professor Atividades<\/title>\n<meta name=\"description\" content=\"Kit Volta \u00e0s Aulas Stranger Things com 32 recursos pedag\u00f3gicos para 3\u00ba ao 5\u00ba ano. Cartazes, rotina escolar e conceitos de Portugu\u00eas e Matem\u00e1tica.\" \/>\n<meta name=\"robots\" content=\"index, follow, max-snippet:-1, max-image-preview:large, max-video-preview:-1\" \/>\n<link rel=\"canonical\" href=\"https:\/\/lojasosprofessoratividades.com.br\/en\/product\/volta-as-aulas-stranger-things\/\" \/>\n<meta property=\"og:locale\" content=\"en_US\" \/>\n<meta property=\"og:type\" content=\"article\" \/>\n<meta property=\"og:title\" content=\"Volta \u00e0s aulas - Stranger Things - Loja SOS Professor Atividades\" \/>\n<meta property=\"og:description\" content=\"Kit Volta \u00e0s Aulas Stranger Things com 32 recursos pedag\u00f3gicos para 3\u00ba ao 5\u00ba ano. Cartazes, rotina escolar e conceitos de Portugu\u00eas e Matem\u00e1tica.\" \/>\n<meta property=\"og:url\" content=\"https:\/\/lojasosprofessoratividades.com.br\/en\/product\/volta-as-aulas-stranger-things\/\" \/>\n<meta property=\"og:site_name\" content=\"Loja SOS Professor Atividades\" \/>\n<meta property=\"article:publisher\" content=\"https:\/\/www.facebook.com\/sosprofessoratividades\" \/>\n<meta property=\"article:modified_time\" content=\"2026-05-08T17:12:10+00:00\" \/>\n<meta property=\"og:image\" content=\"https:\/\/lojasosprofessoratividades.com.br\/wp-content\/uploads\/2025\/12\/Design-sem-nome-5.png\" \/>\n\t<meta property=\"og:image:width\" content=\"800\" \/>\n\t<meta property=\"og:image:height\" content=\"693\" \/>\n\t<meta property=\"og:image:type\" content=\"image\/png\" \/>\n<meta name=\"twitter:card\" content=\"summary_large_image\" \/>\n<meta name=\"twitter:label1\" content=\"Est. reading time\" \/>\n\t<meta name=\"twitter:data1\" content=\"1 minute\" \/>\n<script type=\"application\/ld+json\" class=\"yoast-schema-graph\">{\"@context\":\"https:\\\/\\\/schema.org\",\"@graph\":[{\"@type\":\"WebPage\",\"@id\":\"https:\\\/\\\/lojasosprofessoratividades.com.br\\\/produto\\\/volta-as-aulas-stranger-things\\\/\",\"url\":\"https:\\\/\\\/lojasosprofessoratividades.com.br\\\/produto\\\/volta-as-aulas-stranger-things\\\/\",\"name\":\"Volta \u00e0s aulas - Stranger Things - Loja SOS Professor Atividades\",\"isPartOf\":{\"@id\":\"https:\\\/\\\/lojasosprofessoratividades.com.br\\\/#website\"},\"primaryImageOfPage\":{\"@id\":\"https:\\\/\\\/lojasosprofessoratividades.com.br\\\/produto\\\/volta-as-aulas-stranger-things\\\/#primaryimage\"},\"image\":{\"@id\":\"https:\\\/\\\/lojasosprofessoratividades.com.br\\\/produto\\\/volta-as-aulas-stranger-things\\\/#primaryimage\"},\"thumbnailUrl\":\"https:\\\/\\\/lojasosprofessoratividades.com.br\\\/wp-content\\\/uploads\\\/2025\\\/12\\\/Design-sem-nome-5.png\",\"datePublished\":\"2025-12-24T15:14:14+00:00\",\"dateModified\":\"2026-05-08T17:12:10+00:00\",\"description\":\"Kit Volta \u00e0s Aulas Stranger Things com 32 recursos pedag\u00f3gicos para 3\u00ba ao 5\u00ba ano. Cartazes, rotina escolar e conceitos de Portugu\u00eas e Matem\u00e1tica.\",\"breadcrumb\":{\"@id\":\"https:\\\/\\\/lojasosprofessoratividades.com.br\\\/produto\\\/volta-as-aulas-stranger-things\\\/#breadcrumb\"},\"inLanguage\":\"en-US\",\"potentialAction\":[{\"@type\":\"ReadAction\",\"target\":[\"https:\\\/\\\/lojasosprofessoratividades.com.br\\\/produto\\\/volta-as-aulas-stranger-things\\\/\"]}]},{\"@type\":\"ImageObject\",\"inLanguage\":\"en-US\",\"@id\":\"https:\\\/\\\/lojasosprofessoratividades.com.br\\\/produto\\\/volta-as-aulas-stranger-things\\\/#primaryimage\",\"url\":\"https:\\\/\\\/lojasosprofessoratividades.com.br\\\/wp-content\\\/uploads\\\/2025\\\/12\\\/Design-sem-nome-5.png\",\"contentUrl\":\"https:\\\/\\\/lojasosprofessoratividades.com.br\\\/wp-content\\\/uploads\\\/2025\\\/12\\\/Design-sem-nome-5.png\",\"width\":800,\"height\":693,\"caption\":\"Stranger Things b\"},{\"@type\":\"BreadcrumbList\",\"@id\":\"https:\\\/\\\/lojasosprofessoratividades.com.br\\\/produto\\\/volta-as-aulas-stranger-things\\\/#breadcrumb\",\"itemListElement\":[{\"@type\":\"ListItem\",\"position\":1,\"name\":\"In\u00edcio\",\"item\":\"https:\\\/\\\/lojasosprofessoratividades.com.br\\\/\"},{\"@type\":\"ListItem\",\"position\":2,\"name\":\"Loja\",\"item\":\"https:\\\/\\\/lojasosprofessoratividades.com.br\\\/loja\\\/\"},{\"@type\":\"ListItem\",\"position\":3,\"name\":\"Volta \u00e0s aulas &#8211; Stranger Things\"}]},{\"@type\":\"WebSite\",\"@id\":\"https:\\\/\\\/lojasosprofessoratividades.com.br\\\/#website\",\"url\":\"https:\\\/\\\/lojasosprofessoratividades.com.br\\\/\",\"name\":\"Loja SOS Professor Atividades\",\"description\":\"Venda de material did\u00e1tico para o ensino fundamental\",\"publisher\":{\"@id\":\"https:\\\/\\\/lojasosprofessoratividades.com.br\\\/#organization\"},\"potentialAction\":[{\"@type\":\"SearchAction\",\"target\":{\"@type\":\"EntryPoint\",\"urlTemplate\":\"https:\\\/\\\/lojasosprofessoratividades.com.br\\\/?s={search_term_string}\"},\"query-input\":{\"@type\":\"PropertyValueSpecification\",\"valueRequired\":true,\"valueName\":\"search_term_string\"}}],\"inLanguage\":\"en-US\"},{\"@type\":\"Organization\",\"@id\":\"https:\\\/\\\/lojasosprofessoratividades.com.br\\\/#organization\",\"name\":\"Loja SOS Professor Atividades\",\"url\":\"https:\\\/\\\/lojasosprofessoratividades.com.br\\\/\",\"logo\":{\"@type\":\"ImageObject\",\"inLanguage\":\"en-US\",\"@id\":\"https:\\\/\\\/lojasosprofessoratividades.com.br\\\/#\\\/schema\\\/logo\\\/image\\\/\",\"url\":\"http:\\\/\\\/lojasosprofessoratividades.com.br\\\/wp-content\\\/uploads\\\/2022\\\/04\\\/Logo.png\",\"contentUrl\":\"http:\\\/\\\/lojasosprofessoratividades.com.br\\\/wp-content\\\/uploads\\\/2022\\\/04\\\/Logo.png\",\"width\":2000,\"height\":2000,\"caption\":\"Loja SOS Professor Atividades\"},\"image\":{\"@id\":\"https:\\\/\\\/lojasosprofessoratividades.com.br\\\/#\\\/schema\\\/logo\\\/image\\\/\"},\"sameAs\":[\"https:\\\/\\\/www.facebook.com\\\/sosprofessoratividades\",\"https:\\\/\\\/www.instagram.com\\\/sosprofessoratividades\\\/\"]}]}<\/script>\n<!-- \/ Yoast SEO plugin. -->","yoast_head_json":{"title":"Volta \u00e0s aulas - Stranger Things - Loja SOS Professor Atividades","description":"Kit Volta \u00e0s Aulas Stranger Things com 32 recursos pedag\u00f3gicos para 3\u00ba ao 5\u00ba ano. Cartazes, rotina escolar e conceitos de Portugu\u00eas e Matem\u00e1tica.","robots":{"index":"index","follow":"follow","max-snippet":"max-snippet:-1","max-image-preview":"max-image-preview:large","max-video-preview":"max-video-preview:-1"},"canonical":"https:\/\/lojasosprofessoratividades.com.br\/en\/product\/volta-as-aulas-stranger-things\/","og_locale":"en_US","og_type":"article","og_title":"Volta \u00e0s aulas - Stranger Things - Loja SOS Professor Atividades","og_description":"Kit Volta \u00e0s Aulas Stranger Things com 32 recursos pedag\u00f3gicos para 3\u00ba ao 5\u00ba ano. Cartazes, rotina escolar e conceitos de Portugu\u00eas e Matem\u00e1tica.","og_url":"https:\/\/lojasosprofessoratividades.com.br\/en\/product\/volta-as-aulas-stranger-things\/","og_site_name":"Loja SOS Professor Atividades","article_publisher":"https:\/\/www.facebook.com\/sosprofessoratividades","article_modified_time":"2026-05-08T17:12:10+00:00","og_image":[{"width":800,"height":693,"url":"https:\/\/lojasosprofessoratividades.com.br\/wp-content\/uploads\/2025\/12\/Design-sem-nome-5.png","type":"image\/png"}],"twitter_card":"summary_large_image","twitter_misc":{"Est. reading time":"1 minute"},"schema":{"@context":"https:\/\/schema.org","@graph":[{"@type":"WebPage","@id":"https:\/\/lojasosprofessoratividades.com.br\/produto\/volta-as-aulas-stranger-things\/","url":"https:\/\/lojasosprofessoratividades.com.br\/produto\/volta-as-aulas-stranger-things\/","name":"Volta \u00e0s aulas - Stranger Things - Loja SOS Professor Atividades","isPartOf":{"@id":"https:\/\/lojasosprofessoratividades.com.br\/#website"},"primaryImageOfPage":{"@id":"https:\/\/lojasosprofessoratividades.com.br\/produto\/volta-as-aulas-stranger-things\/#primaryimage"},"image":{"@id":"https:\/\/lojasosprofessoratividades.com.br\/produto\/volta-as-aulas-stranger-things\/#primaryimage"},"thumbnailUrl":"https:\/\/lojasosprofessoratividades.com.br\/wp-content\/uploads\/2025\/12\/Design-sem-nome-5.png","datePublished":"2025-12-24T15:14:14+00:00","dateModified":"2026-05-08T17:12:10+00:00","description":"Kit Volta \u00e0s Aulas Stranger Things com 32 recursos pedag\u00f3gicos para 3\u00ba ao 5\u00ba ano. Cartazes, rotina escolar e conceitos de Portugu\u00eas e Matem\u00e1tica.","breadcrumb":{"@id":"https:\/\/lojasosprofessoratividades.com.br\/produto\/volta-as-aulas-stranger-things\/#breadcrumb"},"inLanguage":"en-US","potentialAction":[{"@type":"ReadAction","target":["https:\/\/lojasosprofessoratividades.com.br\/produto\/volta-as-aulas-stranger-things\/"]}]},{"@type":"ImageObject","inLanguage":"en-US","@id":"https:\/\/lojasosprofessoratividades.com.br\/produto\/volta-as-aulas-stranger-things\/#primaryimage","url":"https:\/\/lojasosprofessoratividades.com.br\/wp-content\/uploads\/2025\/12\/Design-sem-nome-5.png","contentUrl":"https:\/\/lojasosprofessoratividades.com.br\/wp-content\/uploads\/2025\/12\/Design-sem-nome-5.png","width":800,"height":693,"caption":"Stranger Things b"},{"@type":"BreadcrumbList","@id":"https:\/\/lojasosprofessoratividades.com.br\/produto\/volta-as-aulas-stranger-things\/#breadcrumb","itemListElement":[{"@type":"ListItem","position":1,"name":"In\u00edcio","item":"https:\/\/lojasosprofessoratividades.com.br\/"},{"@type":"ListItem","position":2,"name":"Loja","item":"https:\/\/lojasosprofessoratividades.com.br\/loja\/"},{"@type":"ListItem","position":3,"name":"Volta \u00e0s aulas &#8211; Stranger Things"}]},{"@type":"WebSite","@id":"https:\/\/lojasosprofessoratividades.com.br\/#website","url":"https:\/\/lojasosprofessoratividades.com.br\/","name":"Loja SOS Professor Atividades","description":"Venda de material did\u00e1tico para o ensino fundamental","publisher":{"@id":"https:\/\/lojasosprofessoratividades.com.br\/#organization"},"potentialAction":[{"@type":"SearchAction","target":{"@type":"EntryPoint","urlTemplate":"https:\/\/lojasosprofessoratividades.com.br\/?s={search_term_string}"},"query-input":{"@type":"PropertyValueSpecification","valueRequired":true,"valueName":"search_term_string"}}],"inLanguage":"en-US"},{"@type":"Organization","@id":"https:\/\/lojasosprofessoratividades.com.br\/#organization","name":"Loja SOS Professor Atividades","url":"https:\/\/lojasosprofessoratividades.com.br\/","logo":{"@type":"ImageObject","inLanguage":"en-US","@id":"https:\/\/lojasosprofessoratividades.com.br\/#\/schema\/logo\/image\/","url":"http:\/\/lojasosprofessoratividades.com.br\/wp-content\/uploads\/2022\/04\/Logo.png","contentUrl":"http:\/\/lojasosprofessoratividades.com.br\/wp-content\/uploads\/2022\/04\/Logo.png","width":2000,"height":2000,"caption":"Loja SOS Professor Atividades"},"image":{"@id":"https:\/\/lojasosprofessoratividades.com.br\/#\/schema\/logo\/image\/"},"sameAs":["https:\/\/www.facebook.com\/sosprofessoratividades","https:\/\/www.instagram.com\/sosprofessoratividades\/"]}]}},"_links":{"self":[{"href":"https:\/\/lojasosprofessoratividades.com.br\/en\/wp-json\/wp\/v2\/product\/37187","targetHints":{"allow":["GET"]}}],"collection":[{"href":"https:\/\/lojasosprofessoratividades.com.br\/en\/wp-json\/wp\/v2\/product"}],"about":[{"href":"https:\/\/lojasosprofessoratividades.com.br\/en\/wp-json\/wp\/v2\/types\/product"}],"replies":[{"embeddable":true,"href":"https:\/\/lojasosprofessoratividades.com.br\/en\/wp-json\/wp\/v2\/comments?post=37187"}],"wp:featuredmedia":[{"embeddable":true,"href":"https:\/\/lojasosprofessoratividades.com.br\/en\/wp-json\/wp\/v2\/media\/37215"}],"wp:attachment":[{"href":"https:\/\/lojasosprofessoratividades.com.br\/en\/wp-json\/wp\/v2\/media?parent=37187"}],"wp:term":[{"taxonomy":"product_brand","embeddable":true,"href":"https:\/\/lojasosprofessoratividades.com.br\/en\/wp-json\/wp\/v2\/product_brand?post=37187"},{"taxonomy":"product_cat","embeddable":true,"href":"https:\/\/lojasosprofessoratividades.com.br\/en\/wp-json\/wp\/v2\/product_cat?post=37187"},{"taxonomy":"product_tag","embeddable":true,"href":"https:\/\/lojasosprofessoratividades.com.br\/en\/wp-json\/wp\/v2\/product_tag?post=37187"}],"curies":[{"name":"wp","href":"https:\/\/api.w.org\/{rel}","templated":true}]}}