{"id":37227,"date":"2026-01-04T17:09:24","date_gmt":"2026-01-04T20:09:24","guid":{"rendered":"https:\/\/lojasosprofessoratividades.com.br\/?post_type=product&#038;p=37227"},"modified":"2026-05-08T14:13:05","modified_gmt":"2026-05-08T17:13:05","slug":"kit-volta-as-aulas-capivara","status":"publish","type":"product","link":"https:\/\/lojasosprofessoratividades.com.br\/en\/product\/kit-volta-as-aulas-capivara\/","title":{"rendered":"Kit Volta \u00e0s Aulas &#8211; Capivara"},"content":{"rendered":"","protected":false},"excerpt":{"rendered":"<p data-start=\"85\" data-end=\"438\">Transforme sua sala de aula em um ambiente <strong data-start=\"128\" data-end=\"166\">organizado, acolhedor e pedag\u00f3gico<\/strong> desde o primeiro dia letivo com o <strong data-start=\"201\" data-end=\"234\">Kit Volta \u00e0s Aulas \u2013 Capivara<\/strong>. Um material completo, pronto para imprimir, pensado para <strong data-start=\"293\" data-end=\"327\">otimizar a rotina do professor<\/strong> e <strong data-start=\"330\" data-end=\"376\">estimular a aprendizagem di\u00e1ria dos alunos<\/strong> da Educa\u00e7\u00e3o Infantil e do Ensino Fundamental \u2013 Anos Iniciais.<\/p>\n<h3 data-start=\"440\" data-end=\"466\">\u00a0O que o Kit inclui?<\/h3>\n<p data-start=\"467\" data-end=\"495\"><strong data-start=\"470\" data-end=\"493\">Cartazes tamanho A4<\/strong><\/p>\n<ul data-start=\"496\" data-end=\"1299\">\n<li data-start=\"496\" data-end=\"514\">\n<p data-start=\"498\" data-end=\"514\">Placa de porta<\/p>\n<\/li>\n<li data-start=\"515\" data-end=\"533\">\n<p data-start=\"517\" data-end=\"533\">Quantos somos?<\/p>\n<\/li>\n<li data-start=\"534\" data-end=\"560\">\n<p data-start=\"536\" data-end=\"560\">Aniversariantes do m\u00eas<\/p>\n<\/li>\n<li data-start=\"561\" data-end=\"575\">\n<p data-start=\"563\" data-end=\"575\">Chamadinha<\/p>\n<\/li>\n<li data-start=\"576\" data-end=\"596\">\n<p data-start=\"578\" data-end=\"596\">Palavras m\u00e1gicas<\/p>\n<\/li>\n<li data-start=\"597\" data-end=\"615\">\n<p data-start=\"599\" data-end=\"615\">Dias da semana<\/p>\n<\/li>\n<li data-start=\"616\" data-end=\"625\">\n<p data-start=\"618\" data-end=\"625\">Cores<\/p>\n<\/li>\n<li data-start=\"626\" data-end=\"660\">\n<p data-start=\"628\" data-end=\"660\">Combinados prontos e em branco<\/p>\n<\/li>\n<li data-start=\"661\" data-end=\"681\">\n<p data-start=\"663\" data-end=\"681\">Ajudantes do dia<\/p>\n<\/li>\n<li data-start=\"682\" data-end=\"705\">\n<p data-start=\"684\" data-end=\"705\">Cantinho da leitura<\/p>\n<\/li>\n<li data-start=\"706\" data-end=\"722\">\n<p data-start=\"708\" data-end=\"722\">O tempo hoje<\/p>\n<\/li>\n<li data-start=\"723\" data-end=\"744\">\n<p data-start=\"725\" data-end=\"744\">Vogais e Alfabeto<\/p>\n<\/li>\n<li data-start=\"745\" data-end=\"763\">\n<p data-start=\"747\" data-end=\"763\">Palavra do dia<\/p>\n<\/li>\n<li data-start=\"764\" data-end=\"808\">\n<p data-start=\"766\" data-end=\"808\">Formas geom\u00e9tricas e S\u00f3lidos geom\u00e9tricos<\/p>\n<\/li>\n<li data-start=\"809\" data-end=\"841\">\n<p data-start=\"811\" data-end=\"841\">Sistema Monet\u00e1rio Brasileiro<\/p>\n<\/li>\n<li data-start=\"842\" data-end=\"866\">\n<p data-start=\"844\" data-end=\"866\">Termos das opera\u00e7\u00f5es<\/p>\n<\/li>\n<li data-start=\"867\" data-end=\"878\">\n<p data-start=\"869\" data-end=\"878\">Fra\u00e7\u00f5es<\/p>\n<\/li>\n<li data-start=\"879\" data-end=\"902\">\n<p data-start=\"881\" data-end=\"902\">Sinais de pontua\u00e7\u00e3o<\/p>\n<\/li>\n<li data-start=\"903\" data-end=\"924\">\n<p data-start=\"905\" data-end=\"924\">Os quatro porqu\u00eas<\/p>\n<\/li>\n<li data-start=\"925\" data-end=\"945\">\n<p data-start=\"927\" data-end=\"945\">Material dourado<\/p>\n<\/li>\n<li data-start=\"946\" data-end=\"1003\">\n<p data-start=\"948\" data-end=\"1003\">Sugest\u00f5es para produ\u00e7\u00e3o de texto (in\u00edcio, meio e fim)<\/p>\n<\/li>\n<li data-start=\"1004\" data-end=\"1027\">\n<p data-start=\"1006\" data-end=\"1027\">N\u00fameros por extenso at\u00e9 1.000<\/p>\n<\/li>\n<li data-start=\"1028\" data-end=\"1040\">\n<p data-start=\"1030\" data-end=\"1040\">Tabuadas<\/p>\n<\/li>\n<li data-start=\"1041\" data-end=\"1082\">\n<p data-start=\"1043\" data-end=\"1082\">Crach\u00e1s de mesa com tabuada e alfabeto (edit\u00e1veis no Canva)<\/p>\n<\/li>\n<li data-start=\"1083\" data-end=\"1101\">\n<p data-start=\"1085\" data-end=\"1101\">Que horas s\u00e3o?<\/p>\n<\/li>\n<li data-start=\"1102\" data-end=\"1147\">\n<p data-start=\"1104\" data-end=\"1147\">N\u00fameros at\u00e9 50<\/p>\n<\/li>\n<\/ul>\n<ul>\n<li>N\u00fameros at\u00e9 100<\/li>\n<\/ul>\n<ul data-start=\"496\" data-end=\"1299\">\n<li data-start=\"1148\" data-end=\"1172\">\n<p data-start=\"1150\" data-end=\"1172\">N\u00fameros e quantidade<\/p>\n<\/li>\n<li data-start=\"1173\" data-end=\"1195\">\n<p data-start=\"1175\" data-end=\"1195\">Tabuada em n\u00fameros<\/p>\n<\/li>\n<li data-start=\"1196\" data-end=\"1217\">\n<p data-start=\"1198\" data-end=\"1217\">Moldura para foto<\/p>\n<\/li>\n<li data-start=\"1218\" data-end=\"1237\">\n<p data-start=\"1220\" data-end=\"1237\">Esta\u00e7\u00f5es do ano<\/p>\n<\/li>\n<li data-start=\"1238\" data-end=\"1251\">\n<p data-start=\"1240\" data-end=\"1251\">Silab\u00e1rio<\/p>\n<\/li>\n<li data-start=\"1252\" data-end=\"1273\">\n<p data-start=\"1254\" data-end=\"1273\">S\u00edlabas complexas<\/p>\n<\/li>\n<li data-start=\"1274\" data-end=\"1299\">\n<p data-start=\"1276\" data-end=\"1299\">Calend\u00e1rio permanente<\/p>\n<\/li>\n<\/ul>\n<p data-start=\"1301\" data-end=\"1328\"><strong data-start=\"1304\" data-end=\"1326\">Cartazes ampliados<\/strong><\/p>\n<ul data-start=\"1329\" data-end=\"1488\">\n<li data-start=\"1329\" data-end=\"1342\">\n<p data-start=\"1331\" data-end=\"1342\">Silab\u00e1rio<\/p>\n<\/li>\n<li data-start=\"1343\" data-end=\"1364\">\n<p data-start=\"1345\" data-end=\"1364\">S\u00edlabas complexas<\/p>\n<\/li>\n<li data-start=\"1365\" data-end=\"1386\">\n<p data-start=\"1367\" data-end=\"1386\">Sistema monet\u00e1rio<\/p>\n<\/li>\n<li data-start=\"1387\" data-end=\"1412\">\n<p data-start=\"1389\" data-end=\"1412\">Calend\u00e1rio permanente<\/p>\n<\/li>\n<li data-start=\"1413\" data-end=\"1431\">\n<p data-start=\"1415\" data-end=\"1431\">N\u00fameros at\u00e9 50<\/p>\n<\/li>\n<li data-start=\"1432\" data-end=\"1454\">\n<p data-start=\"1434\" data-end=\"1454\">N\u00fameros de 1 a 100<\/p>\n<\/li>\n<li data-start=\"1455\" data-end=\"1488\">\n<p data-start=\"1457\" data-end=\"1488\">N\u00fameros at\u00e9 1.000 por extenso<\/p>\n<\/li>\n<\/ul>\n<p data-start=\"1490\" data-end=\"1520\"><strong data-start=\"1493\" data-end=\"1518\">Ampliados\u00a0<\/strong><\/p>\n<ul data-start=\"1521\" data-end=\"1582\">\n<li data-start=\"1521\" data-end=\"1559\">\n<p data-start=\"1523\" data-end=\"1559\">Placa de porta (edit\u00e1vel no Canva)<\/p>\n<\/li>\n<li data-start=\"1560\" data-end=\"1582\">\n<p data-start=\"1562\" data-end=\"1582\">Moldura para fotos<\/p>\n<\/li>\n<\/ul>\n<h3 data-start=\"1584\" data-end=\"1613\">\u00a0Benef\u00edcios pedag\u00f3gicos<\/h3>\n<p data-start=\"1614\" data-end=\"1844\">\u2714 Favorece a <strong data-start=\"1627\" data-end=\"1650\">organiza\u00e7\u00e3o da sala<\/strong><br data-start=\"1650\" data-end=\"1653\" \/>\u2714 Apoia a <strong data-start=\"1663\" data-end=\"1706\">alfabetiza\u00e7\u00e3o e o letramento matem\u00e1tico<\/strong><br data-start=\"1706\" data-end=\"1709\" \/>\u2714 Estimula a <strong data-start=\"1722\" data-end=\"1754\">autonomia e a rotina escolar<\/strong><br data-start=\"1754\" data-end=\"1757\" \/>\u2714 Material visual, l\u00fadico e funcional<br data-start=\"1794\" data-end=\"1797\" \/>\u2714 Alinhado \u00e0s habilidades previstas na <strong data-start=\"1836\" data-end=\"1844\">BNCC<\/strong><\/p>\n<p data-start=\"1614\" data-end=\"1844\">Garanta agora o Kit Volta \u00e0s Aulas \u2013 Capivara e comece o ano letivo com uma sala linda, funcional e cheia de significado pedag\u00f3gico!<\/p>\n<h3><em><strong>N\u00e3o enviamos por e-mail, a entrega \u00e9 via link para download.\u00a0<img decoding=\"async\" class=\"emoji\" role=\"img\" draggable=\"false\" src=\"https:\/\/s.w.org\/images\/core\/emoji\/16.0.1\/svg\/1f447.svg\" alt=\"\ud83d\udc47\" \/><\/strong><\/em><\/h3>\n<p><img loading=\"lazy\" decoding=\"async\" class=\"alignnone wp-image-36779 size-full\" src=\"https:\/\/lojasosprofessoratividades.com.br\/wp-content\/uploads\/2025\/11\/Aviso-Loja-atual.jpg\" alt=\"\" width=\"446\" height=\"251\" srcset=\"https:\/\/lojasosprofessoratividades.com.br\/wp-content\/uploads\/2025\/11\/Aviso-Loja-atual.jpg 446w, https:\/\/lojasosprofessoratividades.com.br\/wp-content\/uploads\/2025\/11\/Aviso-Loja-atual-300x169.jpg 300w, https:\/\/lojasosprofessoratividades.com.br\/wp-content\/uploads\/2025\/11\/Aviso-Loja-atual-18x10.jpg 18w\" sizes=\"auto, (max-width: 446px) 100vw, 446px\" \/><\/p>","protected":false},"featured_media":37233,"comment_status":"open","ping_status":"closed","template":"","meta":[],"product_brand":[],"product_cat":[122,123,124,125,127,126,213,215,217,209,211],"product_tag":[375,1173,840,2050,607,1195,246,3447,3433,1059,718,643,3446,234,1090,3448],"class_list":{"0":"post-37227","1":"product","2":"type-product","3":"status-publish","4":"has-post-thumbnail","6":"product_cat-1o-ano","7":"product_cat-2o-ano","8":"product_cat-3o-ano","9":"product_cat-4o-ano","10":"product_cat-5o-ano","11":"product_cat-educacao-infantil","12":"product_cat-recursos-didaticos-3-ano","13":"product_cat-recursos-didaticos-4-ano","14":"product_cat-recursos-didaticos-5-ano","15":"product_cat-recursos-didaticos-1-ano","16":"product_cat-recursos-didaticos-2-ano","17":"product_tag-bncc","18":"product_tag-capivara","19":"product_tag-cartazes-educativos","20":"product_tag-cartazes-escolares","21":"product_tag-decoracao-escolar","22":"product_tag-decoracao-pedagogica","23":"product_tag-educacao-infantil","24":"product_tag-ensino-fundamental-anos-iniciais","25":"product_tag-kit-pedagogico","26":"product_tag-kit-volta-as-aulas","27":"product_tag-material-para-professores","28":"product_tag-material-pedagogico","29":"product_tag-professores-alfabetizacao","30":"product_tag-recursos-didaticos","31":"product_tag-sala-de-aula-organizada","32":"product_tag-volta-as-aulas-professores","34":"first","35":"instock","36":"downloadable","37":"virtual","38":"sold-individually","39":"purchasable","40":"product-type-simple"},"yoast_head":"<!-- This site is optimized with the Yoast SEO plugin v27.5 - https:\/\/yoast.com\/product\/yoast-seo-wordpress\/ -->\n<title>Kit Volta \u00e0s Aulas - Capivara - Loja SOS Professor Atividades<\/title>\n<meta name=\"description\" content=\"Kit Volta \u00e0s Aulas Capivara com cartazes pedag\u00f3gicos A4 e ampliados. Decora\u00e7\u00e3o educativa alinhada \u00e0 BNCC para sala de aula organizada.\" \/>\n<meta name=\"robots\" content=\"index, follow, max-snippet:-1, max-image-preview:large, max-video-preview:-1\" \/>\n<link rel=\"canonical\" href=\"https:\/\/lojasosprofessoratividades.com.br\/en\/product\/kit-volta-as-aulas-capivara\/\" \/>\n<meta property=\"og:locale\" content=\"en_US\" \/>\n<meta property=\"og:type\" content=\"article\" \/>\n<meta property=\"og:title\" content=\"Kit Volta \u00e0s Aulas - Capivara - Loja SOS Professor Atividades\" \/>\n<meta property=\"og:description\" content=\"Kit Volta \u00e0s Aulas Capivara com cartazes pedag\u00f3gicos A4 e ampliados. Decora\u00e7\u00e3o educativa alinhada \u00e0 BNCC para sala de aula organizada.\" \/>\n<meta property=\"og:url\" content=\"https:\/\/lojasosprofessoratividades.com.br\/en\/product\/kit-volta-as-aulas-capivara\/\" \/>\n<meta property=\"og:site_name\" content=\"Loja SOS Professor Atividades\" \/>\n<meta property=\"article:publisher\" content=\"https:\/\/www.facebook.com\/sosprofessoratividades\" \/>\n<meta property=\"article:modified_time\" content=\"2026-05-08T17:13:05+00:00\" \/>\n<meta property=\"og:image\" content=\"https:\/\/lojasosprofessoratividades.com.br\/wp-content\/uploads\/2026\/01\/Kit-Volta-as-Aulas-Capivara-1.jpg\" \/>\n\t<meta property=\"og:image:width\" content=\"800\" \/>\n\t<meta property=\"og:image:height\" content=\"693\" \/>\n\t<meta property=\"og:image:type\" content=\"image\/jpeg\" \/>\n<meta name=\"twitter:card\" content=\"summary_large_image\" \/>\n<meta name=\"twitter:label1\" content=\"Est. reading time\" \/>\n\t<meta name=\"twitter:data1\" content=\"1 minute\" \/>\n<script type=\"application\/ld+json\" class=\"yoast-schema-graph\">{\"@context\":\"https:\\\/\\\/schema.org\",\"@graph\":[{\"@type\":\"WebPage\",\"@id\":\"https:\\\/\\\/lojasosprofessoratividades.com.br\\\/produto\\\/kit-volta-as-aulas-capivara\\\/\",\"url\":\"https:\\\/\\\/lojasosprofessoratividades.com.br\\\/produto\\\/kit-volta-as-aulas-capivara\\\/\",\"name\":\"Kit Volta \u00e0s Aulas - Capivara - Loja SOS Professor Atividades\",\"isPartOf\":{\"@id\":\"https:\\\/\\\/lojasosprofessoratividades.com.br\\\/#website\"},\"primaryImageOfPage\":{\"@id\":\"https:\\\/\\\/lojasosprofessoratividades.com.br\\\/produto\\\/kit-volta-as-aulas-capivara\\\/#primaryimage\"},\"image\":{\"@id\":\"https:\\\/\\\/lojasosprofessoratividades.com.br\\\/produto\\\/kit-volta-as-aulas-capivara\\\/#primaryimage\"},\"thumbnailUrl\":\"https:\\\/\\\/lojasosprofessoratividades.com.br\\\/wp-content\\\/uploads\\\/2026\\\/01\\\/Kit-Volta-as-Aulas-Capivara-1.jpg\",\"datePublished\":\"2026-01-04T20:09:24+00:00\",\"dateModified\":\"2026-05-08T17:13:05+00:00\",\"description\":\"Kit Volta \u00e0s Aulas Capivara com cartazes pedag\u00f3gicos A4 e ampliados. Decora\u00e7\u00e3o educativa alinhada \u00e0 BNCC para sala de aula organizada.\",\"breadcrumb\":{\"@id\":\"https:\\\/\\\/lojasosprofessoratividades.com.br\\\/produto\\\/kit-volta-as-aulas-capivara\\\/#breadcrumb\"},\"inLanguage\":\"en-US\",\"potentialAction\":[{\"@type\":\"ReadAction\",\"target\":[\"https:\\\/\\\/lojasosprofessoratividades.com.br\\\/produto\\\/kit-volta-as-aulas-capivara\\\/\"]}]},{\"@type\":\"ImageObject\",\"inLanguage\":\"en-US\",\"@id\":\"https:\\\/\\\/lojasosprofessoratividades.com.br\\\/produto\\\/kit-volta-as-aulas-capivara\\\/#primaryimage\",\"url\":\"https:\\\/\\\/lojasosprofessoratividades.com.br\\\/wp-content\\\/uploads\\\/2026\\\/01\\\/Kit-Volta-as-Aulas-Capivara-1.jpg\",\"contentUrl\":\"https:\\\/\\\/lojasosprofessoratividades.com.br\\\/wp-content\\\/uploads\\\/2026\\\/01\\\/Kit-Volta-as-Aulas-Capivara-1.jpg\",\"width\":800,\"height\":693,\"caption\":\"Kit Volta \u00e0s Aulas Capivara\"},{\"@type\":\"BreadcrumbList\",\"@id\":\"https:\\\/\\\/lojasosprofessoratividades.com.br\\\/produto\\\/kit-volta-as-aulas-capivara\\\/#breadcrumb\",\"itemListElement\":[{\"@type\":\"ListItem\",\"position\":1,\"name\":\"In\u00edcio\",\"item\":\"https:\\\/\\\/lojasosprofessoratividades.com.br\\\/\"},{\"@type\":\"ListItem\",\"position\":2,\"name\":\"Loja\",\"item\":\"https:\\\/\\\/lojasosprofessoratividades.com.br\\\/loja\\\/\"},{\"@type\":\"ListItem\",\"position\":3,\"name\":\"Kit Volta \u00e0s Aulas &#8211; Capivara\"}]},{\"@type\":\"WebSite\",\"@id\":\"https:\\\/\\\/lojasosprofessoratividades.com.br\\\/#website\",\"url\":\"https:\\\/\\\/lojasosprofessoratividades.com.br\\\/\",\"name\":\"Loja SOS Professor Atividades\",\"description\":\"Venda de material did\u00e1tico para o ensino fundamental\",\"publisher\":{\"@id\":\"https:\\\/\\\/lojasosprofessoratividades.com.br\\\/#organization\"},\"potentialAction\":[{\"@type\":\"SearchAction\",\"target\":{\"@type\":\"EntryPoint\",\"urlTemplate\":\"https:\\\/\\\/lojasosprofessoratividades.com.br\\\/?s={search_term_string}\"},\"query-input\":{\"@type\":\"PropertyValueSpecification\",\"valueRequired\":true,\"valueName\":\"search_term_string\"}}],\"inLanguage\":\"en-US\"},{\"@type\":\"Organization\",\"@id\":\"https:\\\/\\\/lojasosprofessoratividades.com.br\\\/#organization\",\"name\":\"Loja SOS Professor Atividades\",\"url\":\"https:\\\/\\\/lojasosprofessoratividades.com.br\\\/\",\"logo\":{\"@type\":\"ImageObject\",\"inLanguage\":\"en-US\",\"@id\":\"https:\\\/\\\/lojasosprofessoratividades.com.br\\\/#\\\/schema\\\/logo\\\/image\\\/\",\"url\":\"http:\\\/\\\/lojasosprofessoratividades.com.br\\\/wp-content\\\/uploads\\\/2022\\\/04\\\/Logo.png\",\"contentUrl\":\"http:\\\/\\\/lojasosprofessoratividades.com.br\\\/wp-content\\\/uploads\\\/2022\\\/04\\\/Logo.png\",\"width\":2000,\"height\":2000,\"caption\":\"Loja SOS Professor Atividades\"},\"image\":{\"@id\":\"https:\\\/\\\/lojasosprofessoratividades.com.br\\\/#\\\/schema\\\/logo\\\/image\\\/\"},\"sameAs\":[\"https:\\\/\\\/www.facebook.com\\\/sosprofessoratividades\",\"https:\\\/\\\/www.instagram.com\\\/sosprofessoratividades\\\/\"]}]}<\/script>\n<!-- \/ Yoast SEO plugin. -->","yoast_head_json":{"title":"Kit Volta \u00e0s Aulas - Capivara - Loja SOS Professor Atividades","description":"Kit Volta \u00e0s Aulas Capivara com cartazes pedag\u00f3gicos A4 e ampliados. Decora\u00e7\u00e3o educativa alinhada \u00e0 BNCC para sala de aula organizada.","robots":{"index":"index","follow":"follow","max-snippet":"max-snippet:-1","max-image-preview":"max-image-preview:large","max-video-preview":"max-video-preview:-1"},"canonical":"https:\/\/lojasosprofessoratividades.com.br\/en\/product\/kit-volta-as-aulas-capivara\/","og_locale":"en_US","og_type":"article","og_title":"Kit Volta \u00e0s Aulas - Capivara - Loja SOS Professor Atividades","og_description":"Kit Volta \u00e0s Aulas Capivara com cartazes pedag\u00f3gicos A4 e ampliados. Decora\u00e7\u00e3o educativa alinhada \u00e0 BNCC para sala de aula organizada.","og_url":"https:\/\/lojasosprofessoratividades.com.br\/en\/product\/kit-volta-as-aulas-capivara\/","og_site_name":"Loja SOS Professor Atividades","article_publisher":"https:\/\/www.facebook.com\/sosprofessoratividades","article_modified_time":"2026-05-08T17:13:05+00:00","og_image":[{"width":800,"height":693,"url":"https:\/\/lojasosprofessoratividades.com.br\/wp-content\/uploads\/2026\/01\/Kit-Volta-as-Aulas-Capivara-1.jpg","type":"image\/jpeg"}],"twitter_card":"summary_large_image","twitter_misc":{"Est. reading time":"1 minute"},"schema":{"@context":"https:\/\/schema.org","@graph":[{"@type":"WebPage","@id":"https:\/\/lojasosprofessoratividades.com.br\/produto\/kit-volta-as-aulas-capivara\/","url":"https:\/\/lojasosprofessoratividades.com.br\/produto\/kit-volta-as-aulas-capivara\/","name":"Kit Volta \u00e0s Aulas - Capivara - Loja SOS Professor Atividades","isPartOf":{"@id":"https:\/\/lojasosprofessoratividades.com.br\/#website"},"primaryImageOfPage":{"@id":"https:\/\/lojasosprofessoratividades.com.br\/produto\/kit-volta-as-aulas-capivara\/#primaryimage"},"image":{"@id":"https:\/\/lojasosprofessoratividades.com.br\/produto\/kit-volta-as-aulas-capivara\/#primaryimage"},"thumbnailUrl":"https:\/\/lojasosprofessoratividades.com.br\/wp-content\/uploads\/2026\/01\/Kit-Volta-as-Aulas-Capivara-1.jpg","datePublished":"2026-01-04T20:09:24+00:00","dateModified":"2026-05-08T17:13:05+00:00","description":"Kit Volta \u00e0s Aulas Capivara com cartazes pedag\u00f3gicos A4 e ampliados. Decora\u00e7\u00e3o educativa alinhada \u00e0 BNCC para sala de aula organizada.","breadcrumb":{"@id":"https:\/\/lojasosprofessoratividades.com.br\/produto\/kit-volta-as-aulas-capivara\/#breadcrumb"},"inLanguage":"en-US","potentialAction":[{"@type":"ReadAction","target":["https:\/\/lojasosprofessoratividades.com.br\/produto\/kit-volta-as-aulas-capivara\/"]}]},{"@type":"ImageObject","inLanguage":"en-US","@id":"https:\/\/lojasosprofessoratividades.com.br\/produto\/kit-volta-as-aulas-capivara\/#primaryimage","url":"https:\/\/lojasosprofessoratividades.com.br\/wp-content\/uploads\/2026\/01\/Kit-Volta-as-Aulas-Capivara-1.jpg","contentUrl":"https:\/\/lojasosprofessoratividades.com.br\/wp-content\/uploads\/2026\/01\/Kit-Volta-as-Aulas-Capivara-1.jpg","width":800,"height":693,"caption":"Kit Volta \u00e0s Aulas Capivara"},{"@type":"BreadcrumbList","@id":"https:\/\/lojasosprofessoratividades.com.br\/produto\/kit-volta-as-aulas-capivara\/#breadcrumb","itemListElement":[{"@type":"ListItem","position":1,"name":"In\u00edcio","item":"https:\/\/lojasosprofessoratividades.com.br\/"},{"@type":"ListItem","position":2,"name":"Loja","item":"https:\/\/lojasosprofessoratividades.com.br\/loja\/"},{"@type":"ListItem","position":3,"name":"Kit Volta \u00e0s Aulas &#8211; Capivara"}]},{"@type":"WebSite","@id":"https:\/\/lojasosprofessoratividades.com.br\/#website","url":"https:\/\/lojasosprofessoratividades.com.br\/","name":"Loja SOS Professor Atividades","description":"Venda de material did\u00e1tico para o ensino fundamental","publisher":{"@id":"https:\/\/lojasosprofessoratividades.com.br\/#organization"},"potentialAction":[{"@type":"SearchAction","target":{"@type":"EntryPoint","urlTemplate":"https:\/\/lojasosprofessoratividades.com.br\/?s={search_term_string}"},"query-input":{"@type":"PropertyValueSpecification","valueRequired":true,"valueName":"search_term_string"}}],"inLanguage":"en-US"},{"@type":"Organization","@id":"https:\/\/lojasosprofessoratividades.com.br\/#organization","name":"Loja SOS Professor Atividades","url":"https:\/\/lojasosprofessoratividades.com.br\/","logo":{"@type":"ImageObject","inLanguage":"en-US","@id":"https:\/\/lojasosprofessoratividades.com.br\/#\/schema\/logo\/image\/","url":"http:\/\/lojasosprofessoratividades.com.br\/wp-content\/uploads\/2022\/04\/Logo.png","contentUrl":"http:\/\/lojasosprofessoratividades.com.br\/wp-content\/uploads\/2022\/04\/Logo.png","width":2000,"height":2000,"caption":"Loja SOS Professor Atividades"},"image":{"@id":"https:\/\/lojasosprofessoratividades.com.br\/#\/schema\/logo\/image\/"},"sameAs":["https:\/\/www.facebook.com\/sosprofessoratividades","https:\/\/www.instagram.com\/sosprofessoratividades\/"]}]}},"_links":{"self":[{"href":"https:\/\/lojasosprofessoratividades.com.br\/en\/wp-json\/wp\/v2\/product\/37227","targetHints":{"allow":["GET"]}}],"collection":[{"href":"https:\/\/lojasosprofessoratividades.com.br\/en\/wp-json\/wp\/v2\/product"}],"about":[{"href":"https:\/\/lojasosprofessoratividades.com.br\/en\/wp-json\/wp\/v2\/types\/product"}],"replies":[{"embeddable":true,"href":"https:\/\/lojasosprofessoratividades.com.br\/en\/wp-json\/wp\/v2\/comments?post=37227"}],"wp:featuredmedia":[{"embeddable":true,"href":"https:\/\/lojasosprofessoratividades.com.br\/en\/wp-json\/wp\/v2\/media\/37233"}],"wp:attachment":[{"href":"https:\/\/lojasosprofessoratividades.com.br\/en\/wp-json\/wp\/v2\/media?parent=37227"}],"wp:term":[{"taxonomy":"product_brand","embeddable":true,"href":"https:\/\/lojasosprofessoratividades.com.br\/en\/wp-json\/wp\/v2\/product_brand?post=37227"},{"taxonomy":"product_cat","embeddable":true,"href":"https:\/\/lojasosprofessoratividades.com.br\/en\/wp-json\/wp\/v2\/product_cat?post=37227"},{"taxonomy":"product_tag","embeddable":true,"href":"https:\/\/lojasosprofessoratividades.com.br\/en\/wp-json\/wp\/v2\/product_tag?post=37227"}],"curies":[{"name":"wp","href":"https:\/\/api.w.org\/{rel}","templated":true}]}}