{"id":37451,"date":"2026-01-28T18:57:45","date_gmt":"2026-01-28T21:57:45","guid":{"rendered":"https:\/\/lojasosprofessoratividades.com.br\/?post_type=product&#038;p=37451"},"modified":"2026-05-08T14:08:38","modified_gmt":"2026-05-08T17:08:38","slug":"snack-attack-pacote-de-atividades-de-portugues-4o-e-5o-ano","status":"publish","type":"product","link":"https:\/\/lojasosprofessoratividades.com.br\/en\/product\/snack-attack-pacote-de-atividades-de-portugues-4o-e-5o-ano\/","title":{"rendered":"Snack Attack \u2013 Pacote de Atividades de Portugu\u00eas 4\u00ba e 5\u00ba Ano"},"content":{"rendered":"","protected":false},"excerpt":{"rendered":"<p data-start=\"68\" data-end=\"220\">Trabalhe leitura, escrita e gram\u00e1tica de forma envolvente com este pacote completo baseado no <em><strong>curta-metragem Snack Attack<\/strong><\/em>, dispon\u00edvel no YouTube.<\/p>\n<p data-start=\"222\" data-end=\"368\">Ideal para turmas do 4\u00ba e 5\u00ba ano, o material promove compreens\u00e3o textual, infer\u00eancia, reflex\u00e3o e empatia, tudo de forma pr\u00e1tica e alinhada \u00e0 BNCC.<\/p>\n<p data-start=\"222\" data-end=\"368\"><em><strong>N\u00e3o edit\u00e1vel<\/strong><\/em><\/p>\n<p data-start=\"370\" data-end=\"394\"><strong data-start=\"373\" data-end=\"394\">O arquivo cont\u00e9m:<\/strong><\/p>\n<ul data-start=\"395\" data-end=\"627\">\n<li data-start=\"395\" data-end=\"426\">\n<p data-start=\"397\" data-end=\"426\">Reconto interativo do v\u00eddeo<\/p>\n<\/li>\n<li data-start=\"427\" data-end=\"479\">\n<p data-start=\"429\" data-end=\"479\">Atividades de interpreta\u00e7\u00e3o e infer\u00eancia textual<\/p>\n<\/li>\n<li data-start=\"480\" data-end=\"557\">\n<p data-start=\"482\" data-end=\"557\">Gram\u00e1tica contextualizada: substantivos, pronome de tratamento e d\u00edgrafos<\/p>\n<\/li>\n<li data-start=\"558\" data-end=\"587\">\n<p data-start=\"560\" data-end=\"587\">Resumo com texto lacunado<\/p>\n<\/li>\n<li data-start=\"558\" data-end=\"587\">Sugest\u00e3o de quest\u00f5es para Roda de Conversa<\/li>\n<li data-start=\"588\" data-end=\"614\">\n<p data-start=\"590\" data-end=\"614\">Plano de aula completo<\/p>\n<\/li>\n<li data-start=\"615\" data-end=\"627\">\n<p data-start=\"617\" data-end=\"627\">Gabarito<\/p>\n<\/li>\n<\/ul>\n<p data-start=\"629\" data-end=\"659\"><strong data-start=\"632\" data-end=\"659\">Benef\u00edcios pedag\u00f3gicos:<\/strong><\/p>\n<ul data-start=\"660\" data-end=\"870\">\n<li data-start=\"660\" data-end=\"713\">\n<p data-start=\"662\" data-end=\"713\">Desenvolve leitura cr\u00edtica e compreens\u00e3o profunda<\/p>\n<\/li>\n<li data-start=\"714\" data-end=\"759\">\n<p data-start=\"716\" data-end=\"759\">Estimula a produ\u00e7\u00e3o escrita com coer\u00eancia<\/p>\n<\/li>\n<li data-start=\"760\" data-end=\"817\">\n<p data-start=\"762\" data-end=\"817\">Trabalha conte\u00fados gramaticais de forma significativa<\/p>\n<\/li>\n<li data-start=\"818\" data-end=\"870\">\n<p data-start=\"820\" data-end=\"870\">Material pronto para imprimir ou usar no digital<\/p>\n<\/li>\n<li data-start=\"818\" data-end=\"870\">Trabalha escuta, conviv\u00eancia e respeito entre os colegas<\/li>\n<\/ul>\n<h3>N\u00e3o enviamos por e-mail, a entrega \u00e9 via link para download.\u00a0<img decoding=\"async\" class=\"emoji\" role=\"img\" draggable=\"false\" src=\"https:\/\/s.w.org\/images\/core\/emoji\/17.0.2\/svg\/1f447.svg\" alt=\"\ud83d\udc47\" \/><\/h3>\n<p><img loading=\"lazy\" decoding=\"async\" class=\"alignnone wp-image-36779 size-full\" src=\"https:\/\/lojasosprofessoratividades.com.br\/wp-content\/uploads\/2025\/11\/Aviso-Loja-atual.jpg\" alt=\"\" width=\"446\" height=\"251\" srcset=\"https:\/\/lojasosprofessoratividades.com.br\/wp-content\/uploads\/2025\/11\/Aviso-Loja-atual.jpg 446w, https:\/\/lojasosprofessoratividades.com.br\/wp-content\/uploads\/2025\/11\/Aviso-Loja-atual-300x169.jpg 300w, https:\/\/lojasosprofessoratividades.com.br\/wp-content\/uploads\/2025\/11\/Aviso-Loja-atual-18x10.jpg 18w\" sizes=\"auto, (max-width: 446px) 100vw, 446px\" \/><\/p>","protected":false},"featured_media":37452,"comment_status":"open","ping_status":"closed","template":"","meta":[],"product_brand":[],"product_cat":[125,127,199,191,204,195],"product_tag":[253,248,3540,1165,1381,245,587,285,3390,250,1405,398,3541,3539,1407,342,3538,1322],"class_list":{"0":"post-37451","1":"product","2":"type-product","3":"status-publish","4":"has-post-thumbnail","6":"product_cat-4o-ano","7":"product_cat-5o-ano","8":"product_cat-atividades-interativas-5-anos","9":"product_cat-atividades-interativas-4-ano","10":"product_cat-portugues-5-anos","11":"product_cat-portugues-4-ano","12":"product_tag-4o-ano","13":"product_tag-5o-ano","14":"product_tag-atividades-com-video","15":"product_tag-atividades-de-portugues","16":"product_tag-digrafos","17":"product_tag-ensino-fundamental","18":"product_tag-gabarito","19":"product_tag-gramatica","20":"product_tag-inferencia-textual","21":"product_tag-interpretacao-de-texto","22":"product_tag-leitura-e-escrita","23":"product_tag-plano-de-aula","24":"product_tag-portugues-fundamental-1","25":"product_tag-pronome-de-tratamento","26":"product_tag-reconto","27":"product_tag-sequencia-didatica","28":"product_tag-snack-attack","29":"product_tag-substantivos","31":"first","32":"instock","33":"downloadable","34":"virtual","35":"sold-individually","36":"purchasable","37":"product-type-simple"},"yoast_head":"<!-- This site is optimized with the Yoast SEO plugin v27.5 - https:\/\/yoast.com\/product\/yoast-seo-wordpress\/ -->\n<title>Snack Attack \u2013 Pacote de Atividades de Portugu\u00eas 4\u00ba e 5\u00ba Ano - Loja SOS Professor Atividades<\/title>\n<meta name=\"description\" content=\"Pacote de atividades de Portugu\u00eas para 4\u00ba e 5\u00ba ano com v\u00eddeo Snack Attack: reconto, interpreta\u00e7\u00e3o, gram\u00e1tica, plano de aula e gabarito.\" \/>\n<meta name=\"robots\" content=\"index, follow, max-snippet:-1, max-image-preview:large, max-video-preview:-1\" \/>\n<link rel=\"canonical\" href=\"https:\/\/lojasosprofessoratividades.com.br\/en\/product\/snack-attack-pacote-de-atividades-de-portugues-4o-e-5o-ano\/\" \/>\n<meta property=\"og:locale\" content=\"en_US\" \/>\n<meta property=\"og:type\" content=\"article\" \/>\n<meta property=\"og:title\" content=\"Snack Attack \u2013 Pacote de Atividades de Portugu\u00eas 4\u00ba e 5\u00ba Ano - Loja SOS Professor Atividades\" \/>\n<meta property=\"og:description\" content=\"Pacote de atividades de Portugu\u00eas para 4\u00ba e 5\u00ba ano com v\u00eddeo Snack Attack: reconto, interpreta\u00e7\u00e3o, gram\u00e1tica, plano de aula e gabarito.\" \/>\n<meta property=\"og:url\" content=\"https:\/\/lojasosprofessoratividades.com.br\/en\/product\/snack-attack-pacote-de-atividades-de-portugues-4o-e-5o-ano\/\" \/>\n<meta property=\"og:site_name\" content=\"Loja SOS Professor Atividades\" \/>\n<meta property=\"article:publisher\" content=\"https:\/\/www.facebook.com\/sosprofessoratividades\" \/>\n<meta property=\"article:modified_time\" content=\"2026-05-08T17:08:38+00:00\" \/>\n<meta property=\"og:image\" content=\"https:\/\/lojasosprofessoratividades.com.br\/wp-content\/uploads\/2026\/01\/Snack-Attack-1.jpg\" \/>\n\t<meta property=\"og:image:width\" content=\"800\" \/>\n\t<meta property=\"og:image:height\" content=\"693\" \/>\n\t<meta property=\"og:image:type\" content=\"image\/jpeg\" \/>\n<meta name=\"twitter:card\" content=\"summary_large_image\" \/>\n<meta name=\"twitter:label1\" content=\"Est. reading time\" \/>\n\t<meta name=\"twitter:data1\" content=\"1 minute\" \/>\n<script type=\"application\/ld+json\" class=\"yoast-schema-graph\">{\"@context\":\"https:\\\/\\\/schema.org\",\"@graph\":[{\"@type\":\"WebPage\",\"@id\":\"https:\\\/\\\/lojasosprofessoratividades.com.br\\\/produto\\\/snack-attack-pacote-de-atividades-de-portugues-4o-e-5o-ano\\\/\",\"url\":\"https:\\\/\\\/lojasosprofessoratividades.com.br\\\/produto\\\/snack-attack-pacote-de-atividades-de-portugues-4o-e-5o-ano\\\/\",\"name\":\"Snack Attack \u2013 Pacote de Atividades de Portugu\u00eas 4\u00ba e 5\u00ba Ano - Loja SOS Professor Atividades\",\"isPartOf\":{\"@id\":\"https:\\\/\\\/lojasosprofessoratividades.com.br\\\/#website\"},\"primaryImageOfPage\":{\"@id\":\"https:\\\/\\\/lojasosprofessoratividades.com.br\\\/produto\\\/snack-attack-pacote-de-atividades-de-portugues-4o-e-5o-ano\\\/#primaryimage\"},\"image\":{\"@id\":\"https:\\\/\\\/lojasosprofessoratividades.com.br\\\/produto\\\/snack-attack-pacote-de-atividades-de-portugues-4o-e-5o-ano\\\/#primaryimage\"},\"thumbnailUrl\":\"https:\\\/\\\/lojasosprofessoratividades.com.br\\\/wp-content\\\/uploads\\\/2026\\\/01\\\/Snack-Attack-1.jpg\",\"datePublished\":\"2026-01-28T21:57:45+00:00\",\"dateModified\":\"2026-05-08T17:08:38+00:00\",\"description\":\"Pacote de atividades de Portugu\u00eas para 4\u00ba e 5\u00ba ano com v\u00eddeo Snack Attack: reconto, interpreta\u00e7\u00e3o, gram\u00e1tica, plano de aula e gabarito.\",\"breadcrumb\":{\"@id\":\"https:\\\/\\\/lojasosprofessoratividades.com.br\\\/produto\\\/snack-attack-pacote-de-atividades-de-portugues-4o-e-5o-ano\\\/#breadcrumb\"},\"inLanguage\":\"en-US\",\"potentialAction\":[{\"@type\":\"ReadAction\",\"target\":[\"https:\\\/\\\/lojasosprofessoratividades.com.br\\\/produto\\\/snack-attack-pacote-de-atividades-de-portugues-4o-e-5o-ano\\\/\"]}]},{\"@type\":\"ImageObject\",\"inLanguage\":\"en-US\",\"@id\":\"https:\\\/\\\/lojasosprofessoratividades.com.br\\\/produto\\\/snack-attack-pacote-de-atividades-de-portugues-4o-e-5o-ano\\\/#primaryimage\",\"url\":\"https:\\\/\\\/lojasosprofessoratividades.com.br\\\/wp-content\\\/uploads\\\/2026\\\/01\\\/Snack-Attack-1.jpg\",\"contentUrl\":\"https:\\\/\\\/lojasosprofessoratividades.com.br\\\/wp-content\\\/uploads\\\/2026\\\/01\\\/Snack-Attack-1.jpg\",\"width\":800,\"height\":693,\"caption\":\"Snack Attack\"},{\"@type\":\"BreadcrumbList\",\"@id\":\"https:\\\/\\\/lojasosprofessoratividades.com.br\\\/produto\\\/snack-attack-pacote-de-atividades-de-portugues-4o-e-5o-ano\\\/#breadcrumb\",\"itemListElement\":[{\"@type\":\"ListItem\",\"position\":1,\"name\":\"In\u00edcio\",\"item\":\"https:\\\/\\\/lojasosprofessoratividades.com.br\\\/\"},{\"@type\":\"ListItem\",\"position\":2,\"name\":\"Loja\",\"item\":\"https:\\\/\\\/lojasosprofessoratividades.com.br\\\/loja\\\/\"},{\"@type\":\"ListItem\",\"position\":3,\"name\":\"Snack Attack \u2013 Pacote de Atividades de Portugu\u00eas 4\u00ba e 5\u00ba Ano\"}]},{\"@type\":\"WebSite\",\"@id\":\"https:\\\/\\\/lojasosprofessoratividades.com.br\\\/#website\",\"url\":\"https:\\\/\\\/lojasosprofessoratividades.com.br\\\/\",\"name\":\"Loja SOS Professor Atividades\",\"description\":\"Venda de material did\u00e1tico para o ensino fundamental\",\"publisher\":{\"@id\":\"https:\\\/\\\/lojasosprofessoratividades.com.br\\\/#organization\"},\"potentialAction\":[{\"@type\":\"SearchAction\",\"target\":{\"@type\":\"EntryPoint\",\"urlTemplate\":\"https:\\\/\\\/lojasosprofessoratividades.com.br\\\/?s={search_term_string}\"},\"query-input\":{\"@type\":\"PropertyValueSpecification\",\"valueRequired\":true,\"valueName\":\"search_term_string\"}}],\"inLanguage\":\"en-US\"},{\"@type\":\"Organization\",\"@id\":\"https:\\\/\\\/lojasosprofessoratividades.com.br\\\/#organization\",\"name\":\"Loja SOS Professor Atividades\",\"url\":\"https:\\\/\\\/lojasosprofessoratividades.com.br\\\/\",\"logo\":{\"@type\":\"ImageObject\",\"inLanguage\":\"en-US\",\"@id\":\"https:\\\/\\\/lojasosprofessoratividades.com.br\\\/#\\\/schema\\\/logo\\\/image\\\/\",\"url\":\"http:\\\/\\\/lojasosprofessoratividades.com.br\\\/wp-content\\\/uploads\\\/2022\\\/04\\\/Logo.png\",\"contentUrl\":\"http:\\\/\\\/lojasosprofessoratividades.com.br\\\/wp-content\\\/uploads\\\/2022\\\/04\\\/Logo.png\",\"width\":2000,\"height\":2000,\"caption\":\"Loja SOS Professor Atividades\"},\"image\":{\"@id\":\"https:\\\/\\\/lojasosprofessoratividades.com.br\\\/#\\\/schema\\\/logo\\\/image\\\/\"},\"sameAs\":[\"https:\\\/\\\/www.facebook.com\\\/sosprofessoratividades\",\"https:\\\/\\\/www.instagram.com\\\/sosprofessoratividades\\\/\"]}]}<\/script>\n<!-- \/ Yoast SEO plugin. -->","yoast_head_json":{"title":"Snack Attack \u2013 Pacote de Atividades de Portugu\u00eas 4\u00ba e 5\u00ba Ano - Loja SOS Professor Atividades","description":"Pacote de atividades de Portugu\u00eas para 4\u00ba e 5\u00ba ano com v\u00eddeo Snack Attack: reconto, interpreta\u00e7\u00e3o, gram\u00e1tica, plano de aula e gabarito.","robots":{"index":"index","follow":"follow","max-snippet":"max-snippet:-1","max-image-preview":"max-image-preview:large","max-video-preview":"max-video-preview:-1"},"canonical":"https:\/\/lojasosprofessoratividades.com.br\/en\/product\/snack-attack-pacote-de-atividades-de-portugues-4o-e-5o-ano\/","og_locale":"en_US","og_type":"article","og_title":"Snack Attack \u2013 Pacote de Atividades de Portugu\u00eas 4\u00ba e 5\u00ba Ano - Loja SOS Professor Atividades","og_description":"Pacote de atividades de Portugu\u00eas para 4\u00ba e 5\u00ba ano com v\u00eddeo Snack Attack: reconto, interpreta\u00e7\u00e3o, gram\u00e1tica, plano de aula e gabarito.","og_url":"https:\/\/lojasosprofessoratividades.com.br\/en\/product\/snack-attack-pacote-de-atividades-de-portugues-4o-e-5o-ano\/","og_site_name":"Loja SOS Professor Atividades","article_publisher":"https:\/\/www.facebook.com\/sosprofessoratividades","article_modified_time":"2026-05-08T17:08:38+00:00","og_image":[{"width":800,"height":693,"url":"https:\/\/lojasosprofessoratividades.com.br\/wp-content\/uploads\/2026\/01\/Snack-Attack-1.jpg","type":"image\/jpeg"}],"twitter_card":"summary_large_image","twitter_misc":{"Est. reading time":"1 minute"},"schema":{"@context":"https:\/\/schema.org","@graph":[{"@type":"WebPage","@id":"https:\/\/lojasosprofessoratividades.com.br\/produto\/snack-attack-pacote-de-atividades-de-portugues-4o-e-5o-ano\/","url":"https:\/\/lojasosprofessoratividades.com.br\/produto\/snack-attack-pacote-de-atividades-de-portugues-4o-e-5o-ano\/","name":"Snack Attack \u2013 Pacote de Atividades de Portugu\u00eas 4\u00ba e 5\u00ba Ano - Loja SOS Professor Atividades","isPartOf":{"@id":"https:\/\/lojasosprofessoratividades.com.br\/#website"},"primaryImageOfPage":{"@id":"https:\/\/lojasosprofessoratividades.com.br\/produto\/snack-attack-pacote-de-atividades-de-portugues-4o-e-5o-ano\/#primaryimage"},"image":{"@id":"https:\/\/lojasosprofessoratividades.com.br\/produto\/snack-attack-pacote-de-atividades-de-portugues-4o-e-5o-ano\/#primaryimage"},"thumbnailUrl":"https:\/\/lojasosprofessoratividades.com.br\/wp-content\/uploads\/2026\/01\/Snack-Attack-1.jpg","datePublished":"2026-01-28T21:57:45+00:00","dateModified":"2026-05-08T17:08:38+00:00","description":"Pacote de atividades de Portugu\u00eas para 4\u00ba e 5\u00ba ano com v\u00eddeo Snack Attack: reconto, interpreta\u00e7\u00e3o, gram\u00e1tica, plano de aula e gabarito.","breadcrumb":{"@id":"https:\/\/lojasosprofessoratividades.com.br\/produto\/snack-attack-pacote-de-atividades-de-portugues-4o-e-5o-ano\/#breadcrumb"},"inLanguage":"en-US","potentialAction":[{"@type":"ReadAction","target":["https:\/\/lojasosprofessoratividades.com.br\/produto\/snack-attack-pacote-de-atividades-de-portugues-4o-e-5o-ano\/"]}]},{"@type":"ImageObject","inLanguage":"en-US","@id":"https:\/\/lojasosprofessoratividades.com.br\/produto\/snack-attack-pacote-de-atividades-de-portugues-4o-e-5o-ano\/#primaryimage","url":"https:\/\/lojasosprofessoratividades.com.br\/wp-content\/uploads\/2026\/01\/Snack-Attack-1.jpg","contentUrl":"https:\/\/lojasosprofessoratividades.com.br\/wp-content\/uploads\/2026\/01\/Snack-Attack-1.jpg","width":800,"height":693,"caption":"Snack Attack"},{"@type":"BreadcrumbList","@id":"https:\/\/lojasosprofessoratividades.com.br\/produto\/snack-attack-pacote-de-atividades-de-portugues-4o-e-5o-ano\/#breadcrumb","itemListElement":[{"@type":"ListItem","position":1,"name":"In\u00edcio","item":"https:\/\/lojasosprofessoratividades.com.br\/"},{"@type":"ListItem","position":2,"name":"Loja","item":"https:\/\/lojasosprofessoratividades.com.br\/loja\/"},{"@type":"ListItem","position":3,"name":"Snack Attack \u2013 Pacote de Atividades de Portugu\u00eas 4\u00ba e 5\u00ba Ano"}]},{"@type":"WebSite","@id":"https:\/\/lojasosprofessoratividades.com.br\/#website","url":"https:\/\/lojasosprofessoratividades.com.br\/","name":"Loja SOS Professor Atividades","description":"Venda de material did\u00e1tico para o ensino fundamental","publisher":{"@id":"https:\/\/lojasosprofessoratividades.com.br\/#organization"},"potentialAction":[{"@type":"SearchAction","target":{"@type":"EntryPoint","urlTemplate":"https:\/\/lojasosprofessoratividades.com.br\/?s={search_term_string}"},"query-input":{"@type":"PropertyValueSpecification","valueRequired":true,"valueName":"search_term_string"}}],"inLanguage":"en-US"},{"@type":"Organization","@id":"https:\/\/lojasosprofessoratividades.com.br\/#organization","name":"Loja SOS Professor Atividades","url":"https:\/\/lojasosprofessoratividades.com.br\/","logo":{"@type":"ImageObject","inLanguage":"en-US","@id":"https:\/\/lojasosprofessoratividades.com.br\/#\/schema\/logo\/image\/","url":"http:\/\/lojasosprofessoratividades.com.br\/wp-content\/uploads\/2022\/04\/Logo.png","contentUrl":"http:\/\/lojasosprofessoratividades.com.br\/wp-content\/uploads\/2022\/04\/Logo.png","width":2000,"height":2000,"caption":"Loja SOS Professor Atividades"},"image":{"@id":"https:\/\/lojasosprofessoratividades.com.br\/#\/schema\/logo\/image\/"},"sameAs":["https:\/\/www.facebook.com\/sosprofessoratividades","https:\/\/www.instagram.com\/sosprofessoratividades\/"]}]}},"_links":{"self":[{"href":"https:\/\/lojasosprofessoratividades.com.br\/en\/wp-json\/wp\/v2\/product\/37451","targetHints":{"allow":["GET"]}}],"collection":[{"href":"https:\/\/lojasosprofessoratividades.com.br\/en\/wp-json\/wp\/v2\/product"}],"about":[{"href":"https:\/\/lojasosprofessoratividades.com.br\/en\/wp-json\/wp\/v2\/types\/product"}],"replies":[{"embeddable":true,"href":"https:\/\/lojasosprofessoratividades.com.br\/en\/wp-json\/wp\/v2\/comments?post=37451"}],"wp:featuredmedia":[{"embeddable":true,"href":"https:\/\/lojasosprofessoratividades.com.br\/en\/wp-json\/wp\/v2\/media\/37452"}],"wp:attachment":[{"href":"https:\/\/lojasosprofessoratividades.com.br\/en\/wp-json\/wp\/v2\/media?parent=37451"}],"wp:term":[{"taxonomy":"product_brand","embeddable":true,"href":"https:\/\/lojasosprofessoratividades.com.br\/en\/wp-json\/wp\/v2\/product_brand?post=37451"},{"taxonomy":"product_cat","embeddable":true,"href":"https:\/\/lojasosprofessoratividades.com.br\/en\/wp-json\/wp\/v2\/product_cat?post=37451"},{"taxonomy":"product_tag","embeddable":true,"href":"https:\/\/lojasosprofessoratividades.com.br\/en\/wp-json\/wp\/v2\/product_tag?post=37451"}],"curies":[{"name":"wp","href":"https:\/\/api.w.org\/{rel}","templated":true}]}}