{"id":37468,"date":"2026-01-29T15:31:44","date_gmt":"2026-01-29T18:31:44","guid":{"rendered":"https:\/\/lojasosprofessoratividades.com.br\/?post_type=product&#038;p=37468"},"modified":"2026-05-08T14:08:59","modified_gmt":"2026-05-08T17:08:59","slug":"frevo-e-romero-britto-projeto-interdisciplinar-para-4o-e-5o-ano","status":"publish","type":"product","link":"https:\/\/lojasosprofessoratividades.com.br\/en\/product\/frevo-e-romero-britto-projeto-interdisciplinar-para-4o-e-5o-ano\/","title":{"rendered":"Frevo e Romero Britto \u2013 Projeto Interdisciplinar para 4\u00ba e 5\u00ba Ano\u00a0"},"content":{"rendered":"","protected":false},"excerpt":{"rendered":"<h3 data-start=\"144\" data-end=\"227\"><strong data-start=\"151\" data-end=\"227\">Frevo e Romero Britto \u2013 Projeto Interdisciplinar para 4\u00ba e 5\u00ba Ano\u00a0<\/strong><\/h3>\n<p data-start=\"229\" data-end=\"540\">Leve a <strong data-start=\"236\" data-end=\"278\">cultura brasileira para a sala de aula<\/strong> com um projeto completo, organizado e pronto para aplicar!<br data-start=\"337\" data-end=\"340\" \/>O <strong data-start=\"342\" data-end=\"375\">Projeto Frevo e Romero Britto<\/strong> foi desenvolvido especialmente para turmas do <strong data-start=\"422\" data-end=\"437\">4\u00ba e 5\u00ba ano<\/strong>, integrando <strong data-start=\"450\" data-end=\"493\">Portugu\u00eas, Matem\u00e1tica, Geografia e Arte<\/strong>, de forma significativa e alinhada \u00e0 <strong data-start=\"531\" data-end=\"539\">BNCC<\/strong>.<\/p>\n<p data-start=\"542\" data-end=\"586\"><strong data-start=\"545\" data-end=\"586\">O que voc\u00ea vai encontrar no material:<\/strong><\/p>\n<ul data-start=\"587\" data-end=\"1573\">\n<li data-start=\"587\" data-end=\"728\">\n<p data-start=\"589\" data-end=\"728\"><strong data-start=\"591\" data-end=\"626\">Atividades de L\u00edngua Portuguesa<\/strong><br data-start=\"626\" data-end=\"629\" \/>Leitura e interpreta\u00e7\u00e3o de texto informativo sobre o <strong data-start=\"684\" data-end=\"693\">frevo<\/strong> e <strong data-start=\"696\" data-end=\"726\">biografia de Romero Britto<\/strong><\/p>\n<\/li>\n<li data-start=\"729\" data-end=\"841\">\n<p data-start=\"731\" data-end=\"841\"><strong data-start=\"734\" data-end=\"767\">Interpreta\u00e7\u00e3o de obra de arte<\/strong><br data-start=\"767\" data-end=\"770\" \/>An\u00e1lise da tela &#8220;<em data-start=\"788\" data-end=\"796\">Brazil&#8221;<\/em>, com leitura de imagem e elementos visuais<\/p>\n<\/li>\n<li data-start=\"842\" data-end=\"970\">\n<p data-start=\"844\" data-end=\"970\"><strong data-start=\"847\" data-end=\"884\">Atividades de Matem\u00e1tica (5\u00ba ano)<\/strong><br data-start=\"884\" data-end=\"887\" \/>C\u00e1lculos com as quatro opera\u00e7\u00f5es, fra\u00e7\u00f5es e situa\u00e7\u00f5es-problema contextualizadas<\/p>\n<\/li>\n<li data-start=\"971\" data-end=\"1091\">\n<p data-start=\"973\" data-end=\"1091\"><strong data-start=\"977\" data-end=\"1013\">Geografia \u2013 Localiza\u00e7\u00e3o espacial<\/strong><br data-start=\"1013\" data-end=\"1016\" \/>Atividades com <strong data-start=\"1033\" data-end=\"1051\">mapa do Brasil<\/strong>, regi\u00e3o Nordeste, Pernambuco e Recife<\/p>\n<\/li>\n<li data-start=\"1092\" data-end=\"1234\">\n<p data-start=\"1094\" data-end=\"1234\"><strong data-start=\"1098\" data-end=\"1129\">Gravuras para pintura livre<\/strong><br data-start=\"1129\" data-end=\"1132\" \/>Ilustra\u00e7\u00f5es em estilo livro para colorir, ideais para trabalhar criatividade e express\u00e3o art\u00edstica<\/p>\n<\/li>\n<li data-start=\"1235\" data-end=\"1379\">\n<p data-start=\"1237\" data-end=\"1379\"><strong data-start=\"1241\" data-end=\"1273\">Imagem em tamanho p\u00f4ster 7\u00d73<\/strong><br data-start=\"1273\" data-end=\"1276\" \/>Arquivo especial para <strong data-start=\"1300\" data-end=\"1320\">pintura coletiva<\/strong>, promovendo coopera\u00e7\u00e3o, protagonismo e trabalho em grupo<\/p>\n<\/li>\n<li data-start=\"1380\" data-end=\"1491\">\n<p data-start=\"1382\" data-end=\"1491\"><strong data-start=\"1385\" data-end=\"1411\">Plano de aula completo<\/strong><br data-start=\"1411\" data-end=\"1414\" \/>Organizado para at\u00e9 <strong data-start=\"1436\" data-end=\"1462\">dois dias de aplica\u00e7\u00e3o<\/strong> ou uso como tarefa de casa<\/p>\n<\/li>\n<li data-start=\"1492\" data-end=\"1573\">\n<p data-start=\"1494\" data-end=\"1573\"><strong data-start=\"1497\" data-end=\"1518\">Gabarito inclu\u00eddo<\/strong><br data-start=\"1518\" data-end=\"1521\" \/>Facilita a corre\u00e7\u00e3o e otimiza o tempo do professor<\/p>\n<\/li>\n<\/ul>\n<p data-start=\"1575\" data-end=\"1593\"><strong data-start=\"1578\" data-end=\"1593\">Ideal para:<\/strong><\/p>\n<ul data-start=\"1594\" data-end=\"1836\">\n<li data-start=\"1594\" data-end=\"1681\">\n<p data-start=\"1596\" data-end=\"1681\">Trabalhar <strong data-start=\"1606\" data-end=\"1618\">Carnaval<\/strong>, <strong data-start=\"1620\" data-end=\"1642\">cultura brasileira<\/strong> e <strong data-start=\"1645\" data-end=\"1653\">arte<\/strong> de forma interdisciplinar<\/p>\n<\/li>\n<li data-start=\"1682\" data-end=\"1759\">\n<p data-start=\"1684\" data-end=\"1759\">Professores que buscam um <strong data-start=\"1710\" data-end=\"1729\">material pronto<\/strong>, did\u00e1tico e bem estruturado<\/p>\n<\/li>\n<li data-start=\"1760\" data-end=\"1836\">\n<p data-start=\"1762\" data-end=\"1836\">Aulas mais din\u00e2micas, significativas e alinhadas \u00e0s exig\u00eancias pedag\u00f3gicas<\/p>\n<\/li>\n<\/ul>\n<p data-start=\"1838\" data-end=\"1913\">\ud83d\udccc<em><strong>N\u00e3o edit\u00e1vel<\/strong><\/em><\/p>\n<h3>N\u00e3o enviamos por e-mail, a entrega \u00e9 via link para download.\u00a0<img decoding=\"async\" class=\"emoji\" role=\"img\" draggable=\"false\" src=\"https:\/\/s.w.org\/images\/core\/emoji\/17.0.2\/svg\/1f447.svg\" alt=\"\ud83d\udc47\" \/><\/h3>\n<p data-start=\"1838\" data-end=\"1913\"><img loading=\"lazy\" decoding=\"async\" class=\"alignnone wp-image-36779 size-full\" src=\"https:\/\/lojasosprofessoratividades.com.br\/wp-content\/uploads\/2025\/11\/Aviso-Loja-atual.jpg\" alt=\"\" width=\"446\" height=\"251\" srcset=\"https:\/\/lojasosprofessoratividades.com.br\/wp-content\/uploads\/2025\/11\/Aviso-Loja-atual.jpg 446w, https:\/\/lojasosprofessoratividades.com.br\/wp-content\/uploads\/2025\/11\/Aviso-Loja-atual-300x169.jpg 300w, https:\/\/lojasosprofessoratividades.com.br\/wp-content\/uploads\/2025\/11\/Aviso-Loja-atual-18x10.jpg 18w\" sizes=\"auto, (max-width: 446px) 100vw, 446px\" \/><\/p>","protected":false},"featured_media":37470,"comment_status":"open","ping_status":"closed","template":"","meta":[],"product_brand":[],"product_cat":[125,127,1858,216,218,193,208,205,194,195,204,215,217],"product_tag":[3542,1599,1551,2775,1177,551,1184,3543,1862,3544,1364,2068,1899,3527],"class_list":{"0":"post-37468","1":"product","2":"type-product","3":"status-publish","4":"has-post-thumbnail","6":"product_cat-4o-ano","7":"product_cat-5o-ano","8":"product_cat-arte-2","9":"product_cat-data-comemorativa-4-ano","10":"product_cat-data-comemorativa-5-ano","11":"product_cat-geografia-4-ano","12":"product_cat-geografia-5-ano","13":"product_cat-matematica-5-ano","14":"product_cat-matematica-4-ano","15":"product_cat-portugues-4-ano","16":"product_cat-portugues-5-anos","17":"product_cat-recursos-didaticos-4-ano","18":"product_cat-recursos-didaticos-5-ano","19":"product_tag-arte-educacao","20":"product_tag-atividades-4o-ano","21":"product_tag-atividades-5o-ano","22":"product_tag-atividades-bncc","23":"product_tag-carnaval-na-escola","24":"product_tag-cultura-brasileira","25":"product_tag-frevo","26":"product_tag-geografia-ensino-fundamental","27":"product_tag-leitura-de-imagem","28":"product_tag-localizacao-espacial-mapa-do-brasil","29":"product_tag-matematica-5o-ano","30":"product_tag-pintura-coletiva","31":"product_tag-projeto-interdisciplinar","32":"product_tag-romero-britto","34":"first","35":"instock","36":"downloadable","37":"virtual","38":"sold-individually","39":"purchasable","40":"product-type-simple"},"yoast_head":"<!-- This site is optimized with the Yoast SEO plugin v27.6 - https:\/\/yoast.com\/product\/yoast-seo-wordpress\/ -->\n<title>Frevo e Romero Britto \u2013 Projeto Interdisciplinar para 4\u00ba e 5\u00ba Ano\u00a0 - Loja SOS Professor Atividades<\/title>\n<meta name=\"description\" content=\"Projeto Frevo e Romero Britto para 4\u00ba e 5\u00ba ano, com atividades de portugu\u00eas, matem\u00e1tica, geografia, arte, p\u00f4ster 7x3, plano de aula e gabarito.\" \/>\n<meta name=\"robots\" content=\"index, follow, max-snippet:-1, max-image-preview:large, max-video-preview:-1\" \/>\n<link rel=\"canonical\" href=\"https:\/\/lojasosprofessoratividades.com.br\/en\/product\/frevo-e-romero-britto-projeto-interdisciplinar-para-4o-e-5o-ano\/\" \/>\n<meta property=\"og:locale\" content=\"en_US\" \/>\n<meta property=\"og:type\" content=\"article\" \/>\n<meta property=\"og:title\" content=\"Frevo e Romero Britto \u2013 Projeto Interdisciplinar para 4\u00ba e 5\u00ba Ano\u00a0 - Loja SOS Professor Atividades\" \/>\n<meta property=\"og:description\" content=\"Projeto Frevo e Romero Britto para 4\u00ba e 5\u00ba ano, com atividades de portugu\u00eas, matem\u00e1tica, geografia, arte, p\u00f4ster 7x3, plano de aula e gabarito.\" \/>\n<meta property=\"og:url\" content=\"https:\/\/lojasosprofessoratividades.com.br\/en\/product\/frevo-e-romero-britto-projeto-interdisciplinar-para-4o-e-5o-ano\/\" \/>\n<meta property=\"og:site_name\" content=\"Loja SOS Professor Atividades\" \/>\n<meta property=\"article:publisher\" content=\"https:\/\/www.facebook.com\/sosprofessoratividades\" \/>\n<meta property=\"article:modified_time\" content=\"2026-05-08T17:08:59+00:00\" \/>\n<meta property=\"og:image\" content=\"https:\/\/lojasosprofessoratividades.com.br\/wp-content\/uploads\/2026\/01\/Frevo-e-Romero-Britto1-1.jpg\" \/>\n\t<meta property=\"og:image:width\" content=\"1400\" \/>\n\t<meta property=\"og:image:height\" content=\"1213\" \/>\n\t<meta property=\"og:image:type\" content=\"image\/jpeg\" \/>\n<meta name=\"twitter:card\" content=\"summary_large_image\" \/>\n<meta name=\"twitter:label1\" content=\"Est. reading time\" \/>\n\t<meta name=\"twitter:data1\" content=\"1 minute\" \/>\n<script type=\"application\/ld+json\" class=\"yoast-schema-graph\">{\"@context\":\"https:\\\/\\\/schema.org\",\"@graph\":[{\"@type\":\"WebPage\",\"@id\":\"https:\\\/\\\/lojasosprofessoratividades.com.br\\\/produto\\\/frevo-e-romero-britto-projeto-interdisciplinar-para-4o-e-5o-ano\\\/\",\"url\":\"https:\\\/\\\/lojasosprofessoratividades.com.br\\\/produto\\\/frevo-e-romero-britto-projeto-interdisciplinar-para-4o-e-5o-ano\\\/\",\"name\":\"Frevo e Romero Britto \u2013 Projeto Interdisciplinar para 4\u00ba e 5\u00ba Ano\u00a0 - Loja SOS Professor Atividades\",\"isPartOf\":{\"@id\":\"https:\\\/\\\/lojasosprofessoratividades.com.br\\\/#website\"},\"primaryImageOfPage\":{\"@id\":\"https:\\\/\\\/lojasosprofessoratividades.com.br\\\/produto\\\/frevo-e-romero-britto-projeto-interdisciplinar-para-4o-e-5o-ano\\\/#primaryimage\"},\"image\":{\"@id\":\"https:\\\/\\\/lojasosprofessoratividades.com.br\\\/produto\\\/frevo-e-romero-britto-projeto-interdisciplinar-para-4o-e-5o-ano\\\/#primaryimage\"},\"thumbnailUrl\":\"https:\\\/\\\/lojasosprofessoratividades.com.br\\\/wp-content\\\/uploads\\\/2026\\\/01\\\/Frevo-e-Romero-Britto1-1.jpg\",\"datePublished\":\"2026-01-29T18:31:44+00:00\",\"dateModified\":\"2026-05-08T17:08:59+00:00\",\"description\":\"Projeto Frevo e Romero Britto para 4\u00ba e 5\u00ba ano, com atividades de portugu\u00eas, matem\u00e1tica, geografia, arte, p\u00f4ster 7x3, plano de aula e gabarito.\",\"breadcrumb\":{\"@id\":\"https:\\\/\\\/lojasosprofessoratividades.com.br\\\/produto\\\/frevo-e-romero-britto-projeto-interdisciplinar-para-4o-e-5o-ano\\\/#breadcrumb\"},\"inLanguage\":\"en-US\",\"potentialAction\":[{\"@type\":\"ReadAction\",\"target\":[\"https:\\\/\\\/lojasosprofessoratividades.com.br\\\/produto\\\/frevo-e-romero-britto-projeto-interdisciplinar-para-4o-e-5o-ano\\\/\"]}]},{\"@type\":\"ImageObject\",\"inLanguage\":\"en-US\",\"@id\":\"https:\\\/\\\/lojasosprofessoratividades.com.br\\\/produto\\\/frevo-e-romero-britto-projeto-interdisciplinar-para-4o-e-5o-ano\\\/#primaryimage\",\"url\":\"https:\\\/\\\/lojasosprofessoratividades.com.br\\\/wp-content\\\/uploads\\\/2026\\\/01\\\/Frevo-e-Romero-Britto1-1.jpg\",\"contentUrl\":\"https:\\\/\\\/lojasosprofessoratividades.com.br\\\/wp-content\\\/uploads\\\/2026\\\/01\\\/Frevo-e-Romero-Britto1-1.jpg\",\"width\":1400,\"height\":1213,\"caption\":\"Frevo e Romero Britto\"},{\"@type\":\"BreadcrumbList\",\"@id\":\"https:\\\/\\\/lojasosprofessoratividades.com.br\\\/produto\\\/frevo-e-romero-britto-projeto-interdisciplinar-para-4o-e-5o-ano\\\/#breadcrumb\",\"itemListElement\":[{\"@type\":\"ListItem\",\"position\":1,\"name\":\"In\u00edcio\",\"item\":\"https:\\\/\\\/lojasosprofessoratividades.com.br\\\/\"},{\"@type\":\"ListItem\",\"position\":2,\"name\":\"Loja\",\"item\":\"https:\\\/\\\/lojasosprofessoratividades.com.br\\\/loja\\\/\"},{\"@type\":\"ListItem\",\"position\":3,\"name\":\"Frevo e Romero Britto \u2013 Projeto Interdisciplinar para 4\u00ba e 5\u00ba Ano\u00a0\"}]},{\"@type\":\"WebSite\",\"@id\":\"https:\\\/\\\/lojasosprofessoratividades.com.br\\\/#website\",\"url\":\"https:\\\/\\\/lojasosprofessoratividades.com.br\\\/\",\"name\":\"Loja SOS Professor Atividades\",\"description\":\"Venda de material did\u00e1tico para o ensino fundamental\",\"publisher\":{\"@id\":\"https:\\\/\\\/lojasosprofessoratividades.com.br\\\/#organization\"},\"potentialAction\":[{\"@type\":\"SearchAction\",\"target\":{\"@type\":\"EntryPoint\",\"urlTemplate\":\"https:\\\/\\\/lojasosprofessoratividades.com.br\\\/?s={search_term_string}\"},\"query-input\":{\"@type\":\"PropertyValueSpecification\",\"valueRequired\":true,\"valueName\":\"search_term_string\"}}],\"inLanguage\":\"en-US\"},{\"@type\":\"Organization\",\"@id\":\"https:\\\/\\\/lojasosprofessoratividades.com.br\\\/#organization\",\"name\":\"Loja SOS Professor Atividades\",\"url\":\"https:\\\/\\\/lojasosprofessoratividades.com.br\\\/\",\"logo\":{\"@type\":\"ImageObject\",\"inLanguage\":\"en-US\",\"@id\":\"https:\\\/\\\/lojasosprofessoratividades.com.br\\\/#\\\/schema\\\/logo\\\/image\\\/\",\"url\":\"http:\\\/\\\/lojasosprofessoratividades.com.br\\\/wp-content\\\/uploads\\\/2022\\\/04\\\/Logo.png\",\"contentUrl\":\"http:\\\/\\\/lojasosprofessoratividades.com.br\\\/wp-content\\\/uploads\\\/2022\\\/04\\\/Logo.png\",\"width\":2000,\"height\":2000,\"caption\":\"Loja SOS Professor Atividades\"},\"image\":{\"@id\":\"https:\\\/\\\/lojasosprofessoratividades.com.br\\\/#\\\/schema\\\/logo\\\/image\\\/\"},\"sameAs\":[\"https:\\\/\\\/www.facebook.com\\\/sosprofessoratividades\",\"https:\\\/\\\/www.instagram.com\\\/sosprofessoratividades\\\/\"]}]}<\/script>\n<!-- \/ Yoast SEO plugin. -->","yoast_head_json":{"title":"Frevo e Romero Britto \u2013 Projeto Interdisciplinar para 4\u00ba e 5\u00ba Ano\u00a0 - Loja SOS Professor Atividades","description":"Projeto Frevo e Romero Britto para 4\u00ba e 5\u00ba ano, com atividades de portugu\u00eas, matem\u00e1tica, geografia, arte, p\u00f4ster 7x3, plano de aula e gabarito.","robots":{"index":"index","follow":"follow","max-snippet":"max-snippet:-1","max-image-preview":"max-image-preview:large","max-video-preview":"max-video-preview:-1"},"canonical":"https:\/\/lojasosprofessoratividades.com.br\/en\/product\/frevo-e-romero-britto-projeto-interdisciplinar-para-4o-e-5o-ano\/","og_locale":"en_US","og_type":"article","og_title":"Frevo e Romero Britto \u2013 Projeto Interdisciplinar para 4\u00ba e 5\u00ba Ano\u00a0 - Loja SOS Professor Atividades","og_description":"Projeto Frevo e Romero Britto para 4\u00ba e 5\u00ba ano, com atividades de portugu\u00eas, matem\u00e1tica, geografia, arte, p\u00f4ster 7x3, plano de aula e gabarito.","og_url":"https:\/\/lojasosprofessoratividades.com.br\/en\/product\/frevo-e-romero-britto-projeto-interdisciplinar-para-4o-e-5o-ano\/","og_site_name":"Loja SOS Professor Atividades","article_publisher":"https:\/\/www.facebook.com\/sosprofessoratividades","article_modified_time":"2026-05-08T17:08:59+00:00","og_image":[{"width":1400,"height":1213,"url":"https:\/\/lojasosprofessoratividades.com.br\/wp-content\/uploads\/2026\/01\/Frevo-e-Romero-Britto1-1.jpg","type":"image\/jpeg"}],"twitter_card":"summary_large_image","twitter_misc":{"Est. reading time":"1 minute"},"schema":{"@context":"https:\/\/schema.org","@graph":[{"@type":"WebPage","@id":"https:\/\/lojasosprofessoratividades.com.br\/produto\/frevo-e-romero-britto-projeto-interdisciplinar-para-4o-e-5o-ano\/","url":"https:\/\/lojasosprofessoratividades.com.br\/produto\/frevo-e-romero-britto-projeto-interdisciplinar-para-4o-e-5o-ano\/","name":"Frevo e Romero Britto \u2013 Projeto Interdisciplinar para 4\u00ba e 5\u00ba Ano\u00a0 - Loja SOS Professor Atividades","isPartOf":{"@id":"https:\/\/lojasosprofessoratividades.com.br\/#website"},"primaryImageOfPage":{"@id":"https:\/\/lojasosprofessoratividades.com.br\/produto\/frevo-e-romero-britto-projeto-interdisciplinar-para-4o-e-5o-ano\/#primaryimage"},"image":{"@id":"https:\/\/lojasosprofessoratividades.com.br\/produto\/frevo-e-romero-britto-projeto-interdisciplinar-para-4o-e-5o-ano\/#primaryimage"},"thumbnailUrl":"https:\/\/lojasosprofessoratividades.com.br\/wp-content\/uploads\/2026\/01\/Frevo-e-Romero-Britto1-1.jpg","datePublished":"2026-01-29T18:31:44+00:00","dateModified":"2026-05-08T17:08:59+00:00","description":"Projeto Frevo e Romero Britto para 4\u00ba e 5\u00ba ano, com atividades de portugu\u00eas, matem\u00e1tica, geografia, arte, p\u00f4ster 7x3, plano de aula e gabarito.","breadcrumb":{"@id":"https:\/\/lojasosprofessoratividades.com.br\/produto\/frevo-e-romero-britto-projeto-interdisciplinar-para-4o-e-5o-ano\/#breadcrumb"},"inLanguage":"en-US","potentialAction":[{"@type":"ReadAction","target":["https:\/\/lojasosprofessoratividades.com.br\/produto\/frevo-e-romero-britto-projeto-interdisciplinar-para-4o-e-5o-ano\/"]}]},{"@type":"ImageObject","inLanguage":"en-US","@id":"https:\/\/lojasosprofessoratividades.com.br\/produto\/frevo-e-romero-britto-projeto-interdisciplinar-para-4o-e-5o-ano\/#primaryimage","url":"https:\/\/lojasosprofessoratividades.com.br\/wp-content\/uploads\/2026\/01\/Frevo-e-Romero-Britto1-1.jpg","contentUrl":"https:\/\/lojasosprofessoratividades.com.br\/wp-content\/uploads\/2026\/01\/Frevo-e-Romero-Britto1-1.jpg","width":1400,"height":1213,"caption":"Frevo e Romero Britto"},{"@type":"BreadcrumbList","@id":"https:\/\/lojasosprofessoratividades.com.br\/produto\/frevo-e-romero-britto-projeto-interdisciplinar-para-4o-e-5o-ano\/#breadcrumb","itemListElement":[{"@type":"ListItem","position":1,"name":"In\u00edcio","item":"https:\/\/lojasosprofessoratividades.com.br\/"},{"@type":"ListItem","position":2,"name":"Loja","item":"https:\/\/lojasosprofessoratividades.com.br\/loja\/"},{"@type":"ListItem","position":3,"name":"Frevo e Romero Britto \u2013 Projeto Interdisciplinar para 4\u00ba e 5\u00ba Ano\u00a0"}]},{"@type":"WebSite","@id":"https:\/\/lojasosprofessoratividades.com.br\/#website","url":"https:\/\/lojasosprofessoratividades.com.br\/","name":"Loja SOS Professor Atividades","description":"Venda de material did\u00e1tico para o ensino fundamental","publisher":{"@id":"https:\/\/lojasosprofessoratividades.com.br\/#organization"},"potentialAction":[{"@type":"SearchAction","target":{"@type":"EntryPoint","urlTemplate":"https:\/\/lojasosprofessoratividades.com.br\/?s={search_term_string}"},"query-input":{"@type":"PropertyValueSpecification","valueRequired":true,"valueName":"search_term_string"}}],"inLanguage":"en-US"},{"@type":"Organization","@id":"https:\/\/lojasosprofessoratividades.com.br\/#organization","name":"Loja SOS Professor Atividades","url":"https:\/\/lojasosprofessoratividades.com.br\/","logo":{"@type":"ImageObject","inLanguage":"en-US","@id":"https:\/\/lojasosprofessoratividades.com.br\/#\/schema\/logo\/image\/","url":"http:\/\/lojasosprofessoratividades.com.br\/wp-content\/uploads\/2022\/04\/Logo.png","contentUrl":"http:\/\/lojasosprofessoratividades.com.br\/wp-content\/uploads\/2022\/04\/Logo.png","width":2000,"height":2000,"caption":"Loja SOS Professor Atividades"},"image":{"@id":"https:\/\/lojasosprofessoratividades.com.br\/#\/schema\/logo\/image\/"},"sameAs":["https:\/\/www.facebook.com\/sosprofessoratividades","https:\/\/www.instagram.com\/sosprofessoratividades\/"]}]}},"_links":{"self":[{"href":"https:\/\/lojasosprofessoratividades.com.br\/en\/wp-json\/wp\/v2\/product\/37468","targetHints":{"allow":["GET"]}}],"collection":[{"href":"https:\/\/lojasosprofessoratividades.com.br\/en\/wp-json\/wp\/v2\/product"}],"about":[{"href":"https:\/\/lojasosprofessoratividades.com.br\/en\/wp-json\/wp\/v2\/types\/product"}],"replies":[{"embeddable":true,"href":"https:\/\/lojasosprofessoratividades.com.br\/en\/wp-json\/wp\/v2\/comments?post=37468"}],"wp:featuredmedia":[{"embeddable":true,"href":"https:\/\/lojasosprofessoratividades.com.br\/en\/wp-json\/wp\/v2\/media\/37470"}],"wp:attachment":[{"href":"https:\/\/lojasosprofessoratividades.com.br\/en\/wp-json\/wp\/v2\/media?parent=37468"}],"wp:term":[{"taxonomy":"product_brand","embeddable":true,"href":"https:\/\/lojasosprofessoratividades.com.br\/en\/wp-json\/wp\/v2\/product_brand?post=37468"},{"taxonomy":"product_cat","embeddable":true,"href":"https:\/\/lojasosprofessoratividades.com.br\/en\/wp-json\/wp\/v2\/product_cat?post=37468"},{"taxonomy":"product_tag","embeddable":true,"href":"https:\/\/lojasosprofessoratividades.com.br\/en\/wp-json\/wp\/v2\/product_tag?post=37468"}],"curies":[{"name":"wp","href":"https:\/\/api.w.org\/{rel}","templated":true}]}}