{"id":37678,"date":"2026-02-10T10:06:34","date_gmt":"2026-02-10T13:06:34","guid":{"rendered":"https:\/\/lojasosprofessoratividades.com.br\/?post_type=product&#038;p=37678"},"modified":"2026-05-08T14:09:31","modified_gmt":"2026-05-08T17:09:31","slug":"frida-kahlo-atividades-de-arte-e-leitura-4o-e-5o-ano","status":"publish","type":"product","link":"https:\/\/lojasosprofessoratividades.com.br\/en\/product\/frida-kahlo-atividades-de-arte-e-leitura-4o-e-5o-ano\/","title":{"rendered":"Frida Kahlo \u2013 Atividades de Arte e Leitura | 4\u00ba e 5\u00ba ano"},"content":{"rendered":"","protected":false},"excerpt":{"rendered":"<p data-start=\"165\" data-end=\"269\"><strong data-start=\"165\" data-end=\"269\">Material (n\u00e3o edit\u00e1vel) completo para trabalhar biografia, interpreta\u00e7\u00e3o e produ\u00e7\u00e3o art\u00edstica no Ensino Fundamental<\/strong><\/p>\n<p data-start=\"271\" data-end=\"531\">Encante seus alunos com a hist\u00f3ria de <strong data-start=\"309\" data-end=\"324\">Frida Kahlo<\/strong>, importante pintora mexicana reconhecida por seus autorretratos e obras inspiradas na cultura do M\u00e9xico, marcadas por elementos autobiogr\u00e1ficos e identidade cultural.<\/p>\n<h2 data-start=\"758\" data-end=\"778\">O que voc\u00ea recebe<\/h2>\n<ul data-start=\"779\" data-end=\"1065\">\n<li data-start=\"779\" data-end=\"822\">\n<p data-start=\"781\" data-end=\"822\">Texto biogr\u00e1fico adaptado para crian\u00e7as<\/p>\n<\/li>\n<li data-start=\"823\" data-end=\"863\">\n<p data-start=\"825\" data-end=\"863\">Quest\u00f5es de interpreta\u00e7\u00e3o e reflex\u00e3o<\/p>\n<\/li>\n<li data-start=\"864\" data-end=\"905\">\n<p data-start=\"866\" data-end=\"905\">Linha do tempo da vida de Frida Kahlo<\/p>\n<\/li>\n<li data-start=\"906\" data-end=\"958\">\n<p data-start=\"908\" data-end=\"958\">Atividade art\u00edstica de releitura de autorretrato<\/p>\n<\/li>\n<li data-start=\"959\" data-end=\"1016\">\n<p data-start=\"961\" data-end=\"1016\">Proposta interdisciplinar de Arte + L\u00edngua Portuguesa<\/p>\n<\/li>\n<li data-start=\"1017\" data-end=\"1065\">\n<p data-start=\"1019\" data-end=\"1065\">Material pronto para imprimir e usar em sala<\/p>\n<\/li>\n<li data-start=\"1017\" data-end=\"1065\">Gabarito<\/li>\n<\/ul>\n<p data-start=\"1067\" data-end=\"1358\">Ideal para trabalhar <strong data-start=\"1088\" data-end=\"1147\">arte, cultura mexicana, identidade, emo\u00e7\u00f5es e supera\u00e7\u00e3o<\/strong>, temas presentes na trajet\u00f3ria da artista.<\/p>\n<h3 data-start=\"1594\" data-end=\"1607\">Indica\u00e7\u00e3o<\/h3>\n<p data-start=\"1608\" data-end=\"1758\">\u2714 4\u00ba e 5\u00ba ano do Ensino Fundamental<br data-start=\"1643\" data-end=\"1646\" \/>\u2714 Aulas de Arte, L\u00edngua Portuguesa e projetos interdisciplinares<br data-start=\"1710\" data-end=\"1713\" \/>\u2714 Uso em sala, tarefa ou sequ\u00eancia did\u00e1tica<\/p>\n<h3>N\u00e3o enviamos por e-mail, a entrega \u00e9 via link para download.\u00a0<img decoding=\"async\" class=\"emoji\" role=\"img\" draggable=\"false\" src=\"https:\/\/s.w.org\/images\/core\/emoji\/17.0.2\/svg\/1f447.svg\" alt=\"\ud83d\udc47\" \/><\/h3>\n<p><img loading=\"lazy\" decoding=\"async\" class=\"alignnone wp-image-36779 size-full\" src=\"https:\/\/lojasosprofessoratividades.com.br\/wp-content\/uploads\/2025\/11\/Aviso-Loja-atual.jpg\" alt=\"\" width=\"446\" height=\"251\" srcset=\"https:\/\/lojasosprofessoratividades.com.br\/wp-content\/uploads\/2025\/11\/Aviso-Loja-atual.jpg 446w, https:\/\/lojasosprofessoratividades.com.br\/wp-content\/uploads\/2025\/11\/Aviso-Loja-atual-300x169.jpg 300w, https:\/\/lojasosprofessoratividades.com.br\/wp-content\/uploads\/2025\/11\/Aviso-Loja-atual-18x10.jpg 18w\" sizes=\"auto, (max-width: 446px) 100vw, 446px\" \/><\/p>","protected":false},"featured_media":37680,"comment_status":"open","ping_status":"closed","template":"","meta":[],"product_brand":[],"product_cat":[125,127,1858,216,218,195,204],"product_tag":[3548,2008,3549,3552,3447,3546,3547,3545,3550,3554,3551,3553],"class_list":{"0":"post-37678","1":"product","2":"type-product","3":"status-publish","4":"has-post-thumbnail","6":"product_cat-4o-ano","7":"product_cat-5o-ano","8":"product_cat-arte-2","9":"product_cat-data-comemorativa-4-ano","10":"product_cat-data-comemorativa-5-ano","11":"product_cat-portugues-4-ano","12":"product_cat-portugues-5-anos","13":"product_tag-atividade-de-arte-ensino-fundamental","14":"product_tag-atividades-prontas-para-imprimir","15":"product_tag-biografia-frida-kahlo-para-criancas","16":"product_tag-cultura-mexicana-atividades","17":"product_tag-ensino-fundamental-anos-iniciais","18":"product_tag-frida-kahlo-4o-ano","19":"product_tag-frida-kahlo-5o-ano","20":"product_tag-frida-kahlo-atividades","21":"product_tag-interpretacao-de-texto-arte","22":"product_tag-projeto-de-arte-escolar","23":"product_tag-releitura-artistica-frida-kahlo","24":"product_tag-sequencia-didatica-arte","26":"first","27":"instock","28":"downloadable","29":"virtual","30":"sold-individually","31":"purchasable","32":"product-type-simple"},"yoast_head":"<!-- This site is optimized with the Yoast SEO plugin v27.6 - https:\/\/yoast.com\/product\/yoast-seo-wordpress\/ -->\n<title>Frida Kahlo \u2013 Atividades de Arte e Leitura | 4\u00ba e 5\u00ba ano - Loja SOS Professor Atividades<\/title>\n<meta name=\"description\" content=\"Atividades sobre Frida Kahlo para 4\u00ba e 5\u00ba ano, com biografia, interpreta\u00e7\u00e3o, linha do tempo e releitura art\u00edstica. Material pronto para imprimir.\" \/>\n<meta name=\"robots\" content=\"index, follow, max-snippet:-1, max-image-preview:large, max-video-preview:-1\" \/>\n<link rel=\"canonical\" href=\"https:\/\/lojasosprofessoratividades.com.br\/en\/product\/frida-kahlo-atividades-de-arte-e-leitura-4o-e-5o-ano\/\" \/>\n<meta property=\"og:locale\" content=\"en_US\" \/>\n<meta property=\"og:type\" content=\"article\" \/>\n<meta property=\"og:title\" content=\"Frida Kahlo \u2013 Atividades de Arte e Leitura | 4\u00ba e 5\u00ba ano - Loja SOS Professor Atividades\" \/>\n<meta property=\"og:description\" content=\"Atividades sobre Frida Kahlo para 4\u00ba e 5\u00ba ano, com biografia, interpreta\u00e7\u00e3o, linha do tempo e releitura art\u00edstica. Material pronto para imprimir.\" \/>\n<meta property=\"og:url\" content=\"https:\/\/lojasosprofessoratividades.com.br\/en\/product\/frida-kahlo-atividades-de-arte-e-leitura-4o-e-5o-ano\/\" \/>\n<meta property=\"og:site_name\" content=\"Loja SOS Professor Atividades\" \/>\n<meta property=\"article:publisher\" content=\"https:\/\/www.facebook.com\/sosprofessoratividades\" \/>\n<meta property=\"article:modified_time\" content=\"2026-05-08T17:09:31+00:00\" \/>\n<meta property=\"og:image\" content=\"https:\/\/lojasosprofessoratividades.com.br\/wp-content\/uploads\/2026\/02\/Frida-Kahlo-\u2013-Atividades-de-Arte-e-Leitura-2.jpg\" \/>\n\t<meta property=\"og:image:width\" content=\"800\" \/>\n\t<meta property=\"og:image:height\" content=\"693\" \/>\n\t<meta property=\"og:image:type\" content=\"image\/jpeg\" \/>\n<meta name=\"twitter:card\" content=\"summary_large_image\" \/>\n<meta name=\"twitter:label1\" content=\"Est. reading time\" \/>\n\t<meta name=\"twitter:data1\" content=\"1 minute\" \/>\n<script type=\"application\/ld+json\" class=\"yoast-schema-graph\">{\"@context\":\"https:\\\/\\\/schema.org\",\"@graph\":[{\"@type\":\"WebPage\",\"@id\":\"https:\\\/\\\/lojasosprofessoratividades.com.br\\\/produto\\\/frida-kahlo-atividades-de-arte-e-leitura-4o-e-5o-ano\\\/\",\"url\":\"https:\\\/\\\/lojasosprofessoratividades.com.br\\\/produto\\\/frida-kahlo-atividades-de-arte-e-leitura-4o-e-5o-ano\\\/\",\"name\":\"Frida Kahlo \u2013 Atividades de Arte e Leitura | 4\u00ba e 5\u00ba ano - Loja SOS Professor Atividades\",\"isPartOf\":{\"@id\":\"https:\\\/\\\/lojasosprofessoratividades.com.br\\\/#website\"},\"primaryImageOfPage\":{\"@id\":\"https:\\\/\\\/lojasosprofessoratividades.com.br\\\/produto\\\/frida-kahlo-atividades-de-arte-e-leitura-4o-e-5o-ano\\\/#primaryimage\"},\"image\":{\"@id\":\"https:\\\/\\\/lojasosprofessoratividades.com.br\\\/produto\\\/frida-kahlo-atividades-de-arte-e-leitura-4o-e-5o-ano\\\/#primaryimage\"},\"thumbnailUrl\":\"https:\\\/\\\/lojasosprofessoratividades.com.br\\\/wp-content\\\/uploads\\\/2026\\\/02\\\/Frida-Kahlo-\u2013-Atividades-de-Arte-e-Leitura-2.jpg\",\"datePublished\":\"2026-02-10T13:06:34+00:00\",\"dateModified\":\"2026-05-08T17:09:31+00:00\",\"description\":\"Atividades sobre Frida Kahlo para 4\u00ba e 5\u00ba ano, com biografia, interpreta\u00e7\u00e3o, linha do tempo e releitura art\u00edstica. Material pronto para imprimir.\",\"breadcrumb\":{\"@id\":\"https:\\\/\\\/lojasosprofessoratividades.com.br\\\/produto\\\/frida-kahlo-atividades-de-arte-e-leitura-4o-e-5o-ano\\\/#breadcrumb\"},\"inLanguage\":\"en-US\",\"potentialAction\":[{\"@type\":\"ReadAction\",\"target\":[\"https:\\\/\\\/lojasosprofessoratividades.com.br\\\/produto\\\/frida-kahlo-atividades-de-arte-e-leitura-4o-e-5o-ano\\\/\"]}]},{\"@type\":\"ImageObject\",\"inLanguage\":\"en-US\",\"@id\":\"https:\\\/\\\/lojasosprofessoratividades.com.br\\\/produto\\\/frida-kahlo-atividades-de-arte-e-leitura-4o-e-5o-ano\\\/#primaryimage\",\"url\":\"https:\\\/\\\/lojasosprofessoratividades.com.br\\\/wp-content\\\/uploads\\\/2026\\\/02\\\/Frida-Kahlo-\u2013-Atividades-de-Arte-e-Leitura-2.jpg\",\"contentUrl\":\"https:\\\/\\\/lojasosprofessoratividades.com.br\\\/wp-content\\\/uploads\\\/2026\\\/02\\\/Frida-Kahlo-\u2013-Atividades-de-Arte-e-Leitura-2.jpg\",\"width\":800,\"height\":693,\"caption\":\"Frida Kahlo \u2013 Atividades de Arte e Leitura\"},{\"@type\":\"BreadcrumbList\",\"@id\":\"https:\\\/\\\/lojasosprofessoratividades.com.br\\\/produto\\\/frida-kahlo-atividades-de-arte-e-leitura-4o-e-5o-ano\\\/#breadcrumb\",\"itemListElement\":[{\"@type\":\"ListItem\",\"position\":1,\"name\":\"In\u00edcio\",\"item\":\"https:\\\/\\\/lojasosprofessoratividades.com.br\\\/\"},{\"@type\":\"ListItem\",\"position\":2,\"name\":\"Loja\",\"item\":\"https:\\\/\\\/lojasosprofessoratividades.com.br\\\/loja\\\/\"},{\"@type\":\"ListItem\",\"position\":3,\"name\":\"Frida Kahlo \u2013 Atividades de Arte e Leitura | 4\u00ba e 5\u00ba ano\"}]},{\"@type\":\"WebSite\",\"@id\":\"https:\\\/\\\/lojasosprofessoratividades.com.br\\\/#website\",\"url\":\"https:\\\/\\\/lojasosprofessoratividades.com.br\\\/\",\"name\":\"Loja SOS Professor Atividades\",\"description\":\"Venda de material did\u00e1tico para o ensino fundamental\",\"publisher\":{\"@id\":\"https:\\\/\\\/lojasosprofessoratividades.com.br\\\/#organization\"},\"potentialAction\":[{\"@type\":\"SearchAction\",\"target\":{\"@type\":\"EntryPoint\",\"urlTemplate\":\"https:\\\/\\\/lojasosprofessoratividades.com.br\\\/?s={search_term_string}\"},\"query-input\":{\"@type\":\"PropertyValueSpecification\",\"valueRequired\":true,\"valueName\":\"search_term_string\"}}],\"inLanguage\":\"en-US\"},{\"@type\":\"Organization\",\"@id\":\"https:\\\/\\\/lojasosprofessoratividades.com.br\\\/#organization\",\"name\":\"Loja SOS Professor Atividades\",\"url\":\"https:\\\/\\\/lojasosprofessoratividades.com.br\\\/\",\"logo\":{\"@type\":\"ImageObject\",\"inLanguage\":\"en-US\",\"@id\":\"https:\\\/\\\/lojasosprofessoratividades.com.br\\\/#\\\/schema\\\/logo\\\/image\\\/\",\"url\":\"http:\\\/\\\/lojasosprofessoratividades.com.br\\\/wp-content\\\/uploads\\\/2022\\\/04\\\/Logo.png\",\"contentUrl\":\"http:\\\/\\\/lojasosprofessoratividades.com.br\\\/wp-content\\\/uploads\\\/2022\\\/04\\\/Logo.png\",\"width\":2000,\"height\":2000,\"caption\":\"Loja SOS Professor Atividades\"},\"image\":{\"@id\":\"https:\\\/\\\/lojasosprofessoratividades.com.br\\\/#\\\/schema\\\/logo\\\/image\\\/\"},\"sameAs\":[\"https:\\\/\\\/www.facebook.com\\\/sosprofessoratividades\",\"https:\\\/\\\/www.instagram.com\\\/sosprofessoratividades\\\/\"]}]}<\/script>\n<!-- \/ Yoast SEO plugin. -->","yoast_head_json":{"title":"Frida Kahlo \u2013 Atividades de Arte e Leitura | 4\u00ba e 5\u00ba ano - Loja SOS Professor Atividades","description":"Atividades sobre Frida Kahlo para 4\u00ba e 5\u00ba ano, com biografia, interpreta\u00e7\u00e3o, linha do tempo e releitura art\u00edstica. Material pronto para imprimir.","robots":{"index":"index","follow":"follow","max-snippet":"max-snippet:-1","max-image-preview":"max-image-preview:large","max-video-preview":"max-video-preview:-1"},"canonical":"https:\/\/lojasosprofessoratividades.com.br\/en\/product\/frida-kahlo-atividades-de-arte-e-leitura-4o-e-5o-ano\/","og_locale":"en_US","og_type":"article","og_title":"Frida Kahlo \u2013 Atividades de Arte e Leitura | 4\u00ba e 5\u00ba ano - Loja SOS Professor Atividades","og_description":"Atividades sobre Frida Kahlo para 4\u00ba e 5\u00ba ano, com biografia, interpreta\u00e7\u00e3o, linha do tempo e releitura art\u00edstica. Material pronto para imprimir.","og_url":"https:\/\/lojasosprofessoratividades.com.br\/en\/product\/frida-kahlo-atividades-de-arte-e-leitura-4o-e-5o-ano\/","og_site_name":"Loja SOS Professor Atividades","article_publisher":"https:\/\/www.facebook.com\/sosprofessoratividades","article_modified_time":"2026-05-08T17:09:31+00:00","og_image":[{"width":800,"height":693,"url":"https:\/\/lojasosprofessoratividades.com.br\/wp-content\/uploads\/2026\/02\/Frida-Kahlo-\u2013-Atividades-de-Arte-e-Leitura-2.jpg","type":"image\/jpeg"}],"twitter_card":"summary_large_image","twitter_misc":{"Est. reading time":"1 minute"},"schema":{"@context":"https:\/\/schema.org","@graph":[{"@type":"WebPage","@id":"https:\/\/lojasosprofessoratividades.com.br\/produto\/frida-kahlo-atividades-de-arte-e-leitura-4o-e-5o-ano\/","url":"https:\/\/lojasosprofessoratividades.com.br\/produto\/frida-kahlo-atividades-de-arte-e-leitura-4o-e-5o-ano\/","name":"Frida Kahlo \u2013 Atividades de Arte e Leitura | 4\u00ba e 5\u00ba ano - Loja SOS Professor Atividades","isPartOf":{"@id":"https:\/\/lojasosprofessoratividades.com.br\/#website"},"primaryImageOfPage":{"@id":"https:\/\/lojasosprofessoratividades.com.br\/produto\/frida-kahlo-atividades-de-arte-e-leitura-4o-e-5o-ano\/#primaryimage"},"image":{"@id":"https:\/\/lojasosprofessoratividades.com.br\/produto\/frida-kahlo-atividades-de-arte-e-leitura-4o-e-5o-ano\/#primaryimage"},"thumbnailUrl":"https:\/\/lojasosprofessoratividades.com.br\/wp-content\/uploads\/2026\/02\/Frida-Kahlo-\u2013-Atividades-de-Arte-e-Leitura-2.jpg","datePublished":"2026-02-10T13:06:34+00:00","dateModified":"2026-05-08T17:09:31+00:00","description":"Atividades sobre Frida Kahlo para 4\u00ba e 5\u00ba ano, com biografia, interpreta\u00e7\u00e3o, linha do tempo e releitura art\u00edstica. Material pronto para imprimir.","breadcrumb":{"@id":"https:\/\/lojasosprofessoratividades.com.br\/produto\/frida-kahlo-atividades-de-arte-e-leitura-4o-e-5o-ano\/#breadcrumb"},"inLanguage":"en-US","potentialAction":[{"@type":"ReadAction","target":["https:\/\/lojasosprofessoratividades.com.br\/produto\/frida-kahlo-atividades-de-arte-e-leitura-4o-e-5o-ano\/"]}]},{"@type":"ImageObject","inLanguage":"en-US","@id":"https:\/\/lojasosprofessoratividades.com.br\/produto\/frida-kahlo-atividades-de-arte-e-leitura-4o-e-5o-ano\/#primaryimage","url":"https:\/\/lojasosprofessoratividades.com.br\/wp-content\/uploads\/2026\/02\/Frida-Kahlo-\u2013-Atividades-de-Arte-e-Leitura-2.jpg","contentUrl":"https:\/\/lojasosprofessoratividades.com.br\/wp-content\/uploads\/2026\/02\/Frida-Kahlo-\u2013-Atividades-de-Arte-e-Leitura-2.jpg","width":800,"height":693,"caption":"Frida Kahlo \u2013 Atividades de Arte e Leitura"},{"@type":"BreadcrumbList","@id":"https:\/\/lojasosprofessoratividades.com.br\/produto\/frida-kahlo-atividades-de-arte-e-leitura-4o-e-5o-ano\/#breadcrumb","itemListElement":[{"@type":"ListItem","position":1,"name":"In\u00edcio","item":"https:\/\/lojasosprofessoratividades.com.br\/"},{"@type":"ListItem","position":2,"name":"Loja","item":"https:\/\/lojasosprofessoratividades.com.br\/loja\/"},{"@type":"ListItem","position":3,"name":"Frida Kahlo \u2013 Atividades de Arte e Leitura | 4\u00ba e 5\u00ba ano"}]},{"@type":"WebSite","@id":"https:\/\/lojasosprofessoratividades.com.br\/#website","url":"https:\/\/lojasosprofessoratividades.com.br\/","name":"Loja SOS Professor Atividades","description":"Venda de material did\u00e1tico para o ensino fundamental","publisher":{"@id":"https:\/\/lojasosprofessoratividades.com.br\/#organization"},"potentialAction":[{"@type":"SearchAction","target":{"@type":"EntryPoint","urlTemplate":"https:\/\/lojasosprofessoratividades.com.br\/?s={search_term_string}"},"query-input":{"@type":"PropertyValueSpecification","valueRequired":true,"valueName":"search_term_string"}}],"inLanguage":"en-US"},{"@type":"Organization","@id":"https:\/\/lojasosprofessoratividades.com.br\/#organization","name":"Loja SOS Professor Atividades","url":"https:\/\/lojasosprofessoratividades.com.br\/","logo":{"@type":"ImageObject","inLanguage":"en-US","@id":"https:\/\/lojasosprofessoratividades.com.br\/#\/schema\/logo\/image\/","url":"http:\/\/lojasosprofessoratividades.com.br\/wp-content\/uploads\/2022\/04\/Logo.png","contentUrl":"http:\/\/lojasosprofessoratividades.com.br\/wp-content\/uploads\/2022\/04\/Logo.png","width":2000,"height":2000,"caption":"Loja SOS Professor Atividades"},"image":{"@id":"https:\/\/lojasosprofessoratividades.com.br\/#\/schema\/logo\/image\/"},"sameAs":["https:\/\/www.facebook.com\/sosprofessoratividades","https:\/\/www.instagram.com\/sosprofessoratividades\/"]}]}},"_links":{"self":[{"href":"https:\/\/lojasosprofessoratividades.com.br\/en\/wp-json\/wp\/v2\/product\/37678","targetHints":{"allow":["GET"]}}],"collection":[{"href":"https:\/\/lojasosprofessoratividades.com.br\/en\/wp-json\/wp\/v2\/product"}],"about":[{"href":"https:\/\/lojasosprofessoratividades.com.br\/en\/wp-json\/wp\/v2\/types\/product"}],"replies":[{"embeddable":true,"href":"https:\/\/lojasosprofessoratividades.com.br\/en\/wp-json\/wp\/v2\/comments?post=37678"}],"wp:featuredmedia":[{"embeddable":true,"href":"https:\/\/lojasosprofessoratividades.com.br\/en\/wp-json\/wp\/v2\/media\/37680"}],"wp:attachment":[{"href":"https:\/\/lojasosprofessoratividades.com.br\/en\/wp-json\/wp\/v2\/media?parent=37678"}],"wp:term":[{"taxonomy":"product_brand","embeddable":true,"href":"https:\/\/lojasosprofessoratividades.com.br\/en\/wp-json\/wp\/v2\/product_brand?post=37678"},{"taxonomy":"product_cat","embeddable":true,"href":"https:\/\/lojasosprofessoratividades.com.br\/en\/wp-json\/wp\/v2\/product_cat?post=37678"},{"taxonomy":"product_tag","embeddable":true,"href":"https:\/\/lojasosprofessoratividades.com.br\/en\/wp-json\/wp\/v2\/product_tag?post=37678"}],"curies":[{"name":"wp","href":"https:\/\/api.w.org\/{rel}","templated":true}]}}