{"id":37717,"date":"2026-02-18T09:20:44","date_gmt":"2026-02-18T12:20:44","guid":{"rendered":"https:\/\/lojasosprofessoratividades.com.br\/?post_type=product&#038;p=37717"},"modified":"2026-02-25T08:15:06","modified_gmt":"2026-02-25T11:15:06","slug":"historia-do-circo-atividades-pedagogicas-para-4o-e-5o-ano","status":"publish","type":"product","link":"https:\/\/lojasosprofessoratividades.com.br\/en\/product\/historia-do-circo-atividades-pedagogicas-para-4o-e-5o-ano\/","title":{"rendered":"Hist\u00f3ria do Circo \u2013 Atividades Pedag\u00f3gicas para 4\u00ba e 5\u00ba Ano"},"content":{"rendered":"","protected":false},"excerpt":{"rendered":"<p data-start=\"55\" data-end=\"467\">Este <strong data-start=\"219\" data-end=\"257\">arquivo pedag\u00f3gico completo em PDF<\/strong> foi desenvolvido para facilitar o planejamento do professor, promover aprendizagem significativa e integrar <strong data-start=\"366\" data-end=\"414\">leitura, interpreta\u00e7\u00e3o e an\u00e1lise lingu\u00edstica<\/strong> em uma proposta pronta para aplicar em sala de aula.<\/p>\n<h4 data-start=\"474\" data-end=\"515\">\u00a0O que voc\u00ea encontrar\u00e1 no material<\/h4>\n<ul data-start=\"516\" data-end=\"1084\">\n<li data-start=\"516\" data-end=\"593\">\n<p data-start=\"518\" data-end=\"593\"><strong data-start=\"518\" data-end=\"565\">Texto informativo sobre a Hist\u00f3ria do Circo<\/strong>, adequado \u00e0 faixa et\u00e1ria.<\/p>\n<\/li>\n<li data-start=\"594\" data-end=\"676\">\n<p data-start=\"596\" data-end=\"676\"><strong data-start=\"596\" data-end=\"640\">Atividades de interpreta\u00e7\u00e3o e infer\u00eancia<\/strong>, estimulando compreens\u00e3o leitora.<\/p>\n<\/li>\n<li data-start=\"677\" data-end=\"743\">\n<p data-start=\"679\" data-end=\"743\">Propostas de <strong data-start=\"692\" data-end=\"713\">uso do dicion\u00e1rio<\/strong> e amplia\u00e7\u00e3o de vocabul\u00e1rio.<\/p>\n<\/li>\n<li data-start=\"744\" data-end=\"844\">\n<p data-start=\"746\" data-end=\"844\"><strong data-start=\"746\" data-end=\"787\">Revis\u00e3o de classifica\u00e7\u00e3o das palavras<\/strong> quanto ao <strong data-start=\"798\" data-end=\"819\">n\u00famero de s\u00edlabas<\/strong> e \u00e0 <strong data-start=\"824\" data-end=\"841\">s\u00edlaba t\u00f4nica<\/strong>.<\/p>\n<\/li>\n<li data-start=\"845\" data-end=\"918\">\n<p data-start=\"847\" data-end=\"918\"><strong data-start=\"847\" data-end=\"873\">Plano de aula completo<\/strong>, com organiza\u00e7\u00e3o clara das etapas da aula.<\/p>\n<\/li>\n<li data-start=\"919\" data-end=\"966\">\n<p data-start=\"921\" data-end=\"966\"><strong data-start=\"921\" data-end=\"933\">Gabarito<\/strong> para corre\u00e7\u00e3o r\u00e1pida e segura.<\/p>\n<\/li>\n<li data-start=\"967\" data-end=\"1084\">\n<p data-start=\"969\" data-end=\"1084\"><strong data-start=\"969\" data-end=\"989\">B\u00f4nus exclusivo:<\/strong> <strong data-start=\"990\" data-end=\"1022\">p\u00f4ster 8 x 4 para pintura coletiva<\/strong>, ideal para mural tem\u00e1tico e trabalho art\u00edstico colaborativo.<\/p>\n<\/li>\n<\/ul>\n<h4 data-start=\"1091\" data-end=\"1122\">Informa\u00e7\u00f5es importantes<\/h4>\n<ul data-start=\"1123\" data-end=\"1365\">\n<li data-start=\"1123\" data-end=\"1159\">\n<p data-start=\"1125\" data-end=\"1159\">Arquivo <strong data-start=\"1133\" data-end=\"1156\">100% digital em PDF<\/strong>.<\/p>\n<\/li>\n<li data-start=\"1160\" data-end=\"1219\">\n<p data-start=\"1162\" data-end=\"1219\"><strong data-start=\"1162\" data-end=\"1202\">Material pronto para imprimir e usar<\/strong> imediatamente.<\/p>\n<\/li>\n<li data-start=\"1220\" data-end=\"1295\">\n<p data-start=\"1222\" data-end=\"1295\"><strong data-start=\"1222\" data-end=\"1246\">Arquivo n\u00e3o edit\u00e1vel<\/strong>, preservando a formata\u00e7\u00e3o pedag\u00f3gica original.<\/p>\n<\/li>\n<li data-start=\"1296\" data-end=\"1365\">\n<p data-start=\"1298\" data-end=\"1365\">Indicado para <strong data-start=\"1312\" data-end=\"1364\">professores do 4\u00ba e 5\u00ba ano do Ensino Fundamental<\/strong>.<\/p>\n<\/li>\n<\/ul>\n<h3>N\u00e3o enviamos por e-mail, a entrega \u00e9 via link para download.\u00a0<img decoding=\"async\" class=\"emoji\" role=\"img\" draggable=\"false\" src=\"https:\/\/s.w.org\/images\/core\/emoji\/17.0.2\/svg\/1f447.svg\" alt=\"\ud83d\udc47\" \/><\/h3>\n<p>&nbsp;<\/p>\n<p><img loading=\"lazy\" decoding=\"async\" class=\"alignnone wp-image-38009 size-full\" src=\"https:\/\/lojasosprofessoratividades.com.br\/wp-content\/uploads\/2026\/02\/Como-baixar-2.jpg\" alt=\"\" width=\"446\" height=\"251\" srcset=\"https:\/\/lojasosprofessoratividades.com.br\/wp-content\/uploads\/2026\/02\/Como-baixar-2.jpg 446w, https:\/\/lojasosprofessoratividades.com.br\/wp-content\/uploads\/2026\/02\/Como-baixar-2-300x169.jpg 300w, https:\/\/lojasosprofessoratividades.com.br\/wp-content\/uploads\/2026\/02\/Como-baixar-2-18x10.jpg 18w\" sizes=\"auto, (max-width: 446px) 100vw, 446px\" \/><\/p>","protected":false},"featured_media":37719,"comment_status":"open","ping_status":"closed","template":"","meta":[],"product_brand":[],"product_cat":[125,127,216,218,195,204],"product_tag":[3562,3565,1599,1551,3561,3556,3560,3555,3564,3559,3557,3566,3558,3563],"class_list":{"0":"post-37717","1":"product","2":"type-product","3":"status-publish","4":"has-post-thumbnail","6":"product_cat-4o-ano","7":"product_cat-5o-ano","8":"product_cat-data-comemorativa-4-ano","9":"product_cat-data-comemorativa-5-ano","10":"product_cat-portugues-4-ano","11":"product_cat-portugues-5-anos","12":"product_tag-arquivo-pdf-professores","13":"product_tag-arte-circense-atividades","14":"product_tag-atividades-4o-ano","15":"product_tag-atividades-5o-ano","16":"product_tag-atividades-interdisciplinares-circo","17":"product_tag-atividades-sobre-o-circo","18":"product_tag-circo-para-colorir","19":"product_tag-historia-do-circo","20":"product_tag-leitura-e-interpretacao-circo","21":"product_tag-material-pedagogico-circo","22":"product_tag-projeto-circo-ensino-fundamental","23":"product_tag-recurso-didatico-fundamental-1","24":"product_tag-sequencia-didatica-circo","25":"product_tag-tema-circo-sala-de-aula","27":"first","28":"instock","29":"downloadable","30":"sold-individually","31":"shipping-taxable","32":"purchasable","33":"product-type-simple"},"yoast_head":"<!-- This site is optimized with the Yoast SEO plugin v27.3 - https:\/\/yoast.com\/product\/yoast-seo-wordpress\/ -->\n<title>Hist\u00f3ria do Circo \u2013 Atividades Pedag\u00f3gicas para 4\u00ba e 5\u00ba Ano - Loja SOS Professor Atividades<\/title>\n<meta name=\"description\" content=\"Material em PDF sobre a Hist\u00f3ria do Circo para 4\u00ba e 5\u00ba ano com texto, interpreta\u00e7\u00e3o, infer\u00eancia, s\u00edlaba t\u00f4nica, plano de aula, gabarito e p\u00f4ster.\" \/>\n<meta name=\"robots\" content=\"index, follow, max-snippet:-1, max-image-preview:large, max-video-preview:-1\" \/>\n<link rel=\"canonical\" href=\"https:\/\/lojasosprofessoratividades.com.br\/en\/product\/historia-do-circo-atividades-pedagogicas-para-4o-e-5o-ano\/\" \/>\n<meta property=\"og:locale\" content=\"en_US\" \/>\n<meta property=\"og:type\" content=\"article\" \/>\n<meta property=\"og:title\" content=\"Hist\u00f3ria do Circo \u2013 Atividades Pedag\u00f3gicas para 4\u00ba e 5\u00ba Ano - Loja SOS Professor Atividades\" \/>\n<meta property=\"og:description\" content=\"Material em PDF sobre a Hist\u00f3ria do Circo para 4\u00ba e 5\u00ba ano com texto, interpreta\u00e7\u00e3o, infer\u00eancia, s\u00edlaba t\u00f4nica, plano de aula, gabarito e p\u00f4ster.\" \/>\n<meta property=\"og:url\" content=\"https:\/\/lojasosprofessoratividades.com.br\/en\/product\/historia-do-circo-atividades-pedagogicas-para-4o-e-5o-ano\/\" \/>\n<meta property=\"og:site_name\" content=\"Loja SOS Professor Atividades\" \/>\n<meta property=\"article:publisher\" content=\"https:\/\/www.facebook.com\/sosprofessoratividades\" \/>\n<meta property=\"article:modified_time\" content=\"2026-02-25T11:15:06+00:00\" \/>\n<meta property=\"og:image\" content=\"https:\/\/lojasosprofessoratividades.com.br\/wp-content\/uploads\/2026\/02\/A-historia-do-circo-1.jpg\" \/>\n\t<meta property=\"og:image:width\" content=\"800\" \/>\n\t<meta property=\"og:image:height\" content=\"693\" \/>\n\t<meta property=\"og:image:type\" content=\"image\/jpeg\" \/>\n<meta name=\"twitter:card\" content=\"summary_large_image\" \/>\n<meta name=\"twitter:label1\" content=\"Est. reading time\" \/>\n\t<meta name=\"twitter:data1\" content=\"1 minute\" \/>\n<script type=\"application\/ld+json\" class=\"yoast-schema-graph\">{\"@context\":\"https:\\\/\\\/schema.org\",\"@graph\":[{\"@type\":\"WebPage\",\"@id\":\"https:\\\/\\\/lojasosprofessoratividades.com.br\\\/produto\\\/historia-do-circo-atividades-pedagogicas-para-4o-e-5o-ano\\\/\",\"url\":\"https:\\\/\\\/lojasosprofessoratividades.com.br\\\/produto\\\/historia-do-circo-atividades-pedagogicas-para-4o-e-5o-ano\\\/\",\"name\":\"Hist\u00f3ria do Circo \u2013 Atividades Pedag\u00f3gicas para 4\u00ba e 5\u00ba Ano - Loja SOS Professor Atividades\",\"isPartOf\":{\"@id\":\"https:\\\/\\\/lojasosprofessoratividades.com.br\\\/#website\"},\"primaryImageOfPage\":{\"@id\":\"https:\\\/\\\/lojasosprofessoratividades.com.br\\\/produto\\\/historia-do-circo-atividades-pedagogicas-para-4o-e-5o-ano\\\/#primaryimage\"},\"image\":{\"@id\":\"https:\\\/\\\/lojasosprofessoratividades.com.br\\\/produto\\\/historia-do-circo-atividades-pedagogicas-para-4o-e-5o-ano\\\/#primaryimage\"},\"thumbnailUrl\":\"https:\\\/\\\/lojasosprofessoratividades.com.br\\\/wp-content\\\/uploads\\\/2026\\\/02\\\/A-historia-do-circo-1.jpg\",\"datePublished\":\"2026-02-18T12:20:44+00:00\",\"dateModified\":\"2026-02-25T11:15:06+00:00\",\"description\":\"Material em PDF sobre a Hist\u00f3ria do Circo para 4\u00ba e 5\u00ba ano com texto, interpreta\u00e7\u00e3o, infer\u00eancia, s\u00edlaba t\u00f4nica, plano de aula, gabarito e p\u00f4ster.\",\"breadcrumb\":{\"@id\":\"https:\\\/\\\/lojasosprofessoratividades.com.br\\\/produto\\\/historia-do-circo-atividades-pedagogicas-para-4o-e-5o-ano\\\/#breadcrumb\"},\"inLanguage\":\"en-US\",\"potentialAction\":[{\"@type\":\"ReadAction\",\"target\":[\"https:\\\/\\\/lojasosprofessoratividades.com.br\\\/produto\\\/historia-do-circo-atividades-pedagogicas-para-4o-e-5o-ano\\\/\"]}]},{\"@type\":\"ImageObject\",\"inLanguage\":\"en-US\",\"@id\":\"https:\\\/\\\/lojasosprofessoratividades.com.br\\\/produto\\\/historia-do-circo-atividades-pedagogicas-para-4o-e-5o-ano\\\/#primaryimage\",\"url\":\"https:\\\/\\\/lojasosprofessoratividades.com.br\\\/wp-content\\\/uploads\\\/2026\\\/02\\\/A-historia-do-circo-1.jpg\",\"contentUrl\":\"https:\\\/\\\/lojasosprofessoratividades.com.br\\\/wp-content\\\/uploads\\\/2026\\\/02\\\/A-historia-do-circo-1.jpg\",\"width\":800,\"height\":693,\"caption\":\"A hist\u00f3ria do circo\"},{\"@type\":\"BreadcrumbList\",\"@id\":\"https:\\\/\\\/lojasosprofessoratividades.com.br\\\/produto\\\/historia-do-circo-atividades-pedagogicas-para-4o-e-5o-ano\\\/#breadcrumb\",\"itemListElement\":[{\"@type\":\"ListItem\",\"position\":1,\"name\":\"In\u00edcio\",\"item\":\"https:\\\/\\\/lojasosprofessoratividades.com.br\\\/\"},{\"@type\":\"ListItem\",\"position\":2,\"name\":\"Loja\",\"item\":\"https:\\\/\\\/lojasosprofessoratividades.com.br\\\/loja\\\/\"},{\"@type\":\"ListItem\",\"position\":3,\"name\":\"Hist\u00f3ria do Circo \u2013 Atividades Pedag\u00f3gicas para 4\u00ba e 5\u00ba Ano\"}]},{\"@type\":\"WebSite\",\"@id\":\"https:\\\/\\\/lojasosprofessoratividades.com.br\\\/#website\",\"url\":\"https:\\\/\\\/lojasosprofessoratividades.com.br\\\/\",\"name\":\"Loja SOS Professor Atividades\",\"description\":\"Venda de material did\u00e1tico para o ensino fundamental\",\"publisher\":{\"@id\":\"https:\\\/\\\/lojasosprofessoratividades.com.br\\\/#organization\"},\"potentialAction\":[{\"@type\":\"SearchAction\",\"target\":{\"@type\":\"EntryPoint\",\"urlTemplate\":\"https:\\\/\\\/lojasosprofessoratividades.com.br\\\/?s={search_term_string}\"},\"query-input\":{\"@type\":\"PropertyValueSpecification\",\"valueRequired\":true,\"valueName\":\"search_term_string\"}}],\"inLanguage\":\"en-US\"},{\"@type\":\"Organization\",\"@id\":\"https:\\\/\\\/lojasosprofessoratividades.com.br\\\/#organization\",\"name\":\"Loja SOS Professor Atividades\",\"url\":\"https:\\\/\\\/lojasosprofessoratividades.com.br\\\/\",\"logo\":{\"@type\":\"ImageObject\",\"inLanguage\":\"en-US\",\"@id\":\"https:\\\/\\\/lojasosprofessoratividades.com.br\\\/#\\\/schema\\\/logo\\\/image\\\/\",\"url\":\"http:\\\/\\\/lojasosprofessoratividades.com.br\\\/wp-content\\\/uploads\\\/2022\\\/04\\\/Logo.png\",\"contentUrl\":\"http:\\\/\\\/lojasosprofessoratividades.com.br\\\/wp-content\\\/uploads\\\/2022\\\/04\\\/Logo.png\",\"width\":2000,\"height\":2000,\"caption\":\"Loja SOS Professor Atividades\"},\"image\":{\"@id\":\"https:\\\/\\\/lojasosprofessoratividades.com.br\\\/#\\\/schema\\\/logo\\\/image\\\/\"},\"sameAs\":[\"https:\\\/\\\/www.facebook.com\\\/sosprofessoratividades\",\"https:\\\/\\\/www.instagram.com\\\/sosprofessoratividades\\\/\"]}]}<\/script>\n<!-- \/ Yoast SEO plugin. -->","yoast_head_json":{"title":"Hist\u00f3ria do Circo \u2013 Atividades Pedag\u00f3gicas para 4\u00ba e 5\u00ba Ano - Loja SOS Professor Atividades","description":"Material em PDF sobre a Hist\u00f3ria do Circo para 4\u00ba e 5\u00ba ano com texto, interpreta\u00e7\u00e3o, infer\u00eancia, s\u00edlaba t\u00f4nica, plano de aula, gabarito e p\u00f4ster.","robots":{"index":"index","follow":"follow","max-snippet":"max-snippet:-1","max-image-preview":"max-image-preview:large","max-video-preview":"max-video-preview:-1"},"canonical":"https:\/\/lojasosprofessoratividades.com.br\/en\/product\/historia-do-circo-atividades-pedagogicas-para-4o-e-5o-ano\/","og_locale":"en_US","og_type":"article","og_title":"Hist\u00f3ria do Circo \u2013 Atividades Pedag\u00f3gicas para 4\u00ba e 5\u00ba Ano - Loja SOS Professor Atividades","og_description":"Material em PDF sobre a Hist\u00f3ria do Circo para 4\u00ba e 5\u00ba ano com texto, interpreta\u00e7\u00e3o, infer\u00eancia, s\u00edlaba t\u00f4nica, plano de aula, gabarito e p\u00f4ster.","og_url":"https:\/\/lojasosprofessoratividades.com.br\/en\/product\/historia-do-circo-atividades-pedagogicas-para-4o-e-5o-ano\/","og_site_name":"Loja SOS Professor Atividades","article_publisher":"https:\/\/www.facebook.com\/sosprofessoratividades","article_modified_time":"2026-02-25T11:15:06+00:00","og_image":[{"width":800,"height":693,"url":"https:\/\/lojasosprofessoratividades.com.br\/wp-content\/uploads\/2026\/02\/A-historia-do-circo-1.jpg","type":"image\/jpeg"}],"twitter_card":"summary_large_image","twitter_misc":{"Est. reading time":"1 minute"},"schema":{"@context":"https:\/\/schema.org","@graph":[{"@type":"WebPage","@id":"https:\/\/lojasosprofessoratividades.com.br\/produto\/historia-do-circo-atividades-pedagogicas-para-4o-e-5o-ano\/","url":"https:\/\/lojasosprofessoratividades.com.br\/produto\/historia-do-circo-atividades-pedagogicas-para-4o-e-5o-ano\/","name":"Hist\u00f3ria do Circo \u2013 Atividades Pedag\u00f3gicas para 4\u00ba e 5\u00ba Ano - Loja SOS Professor Atividades","isPartOf":{"@id":"https:\/\/lojasosprofessoratividades.com.br\/#website"},"primaryImageOfPage":{"@id":"https:\/\/lojasosprofessoratividades.com.br\/produto\/historia-do-circo-atividades-pedagogicas-para-4o-e-5o-ano\/#primaryimage"},"image":{"@id":"https:\/\/lojasosprofessoratividades.com.br\/produto\/historia-do-circo-atividades-pedagogicas-para-4o-e-5o-ano\/#primaryimage"},"thumbnailUrl":"https:\/\/lojasosprofessoratividades.com.br\/wp-content\/uploads\/2026\/02\/A-historia-do-circo-1.jpg","datePublished":"2026-02-18T12:20:44+00:00","dateModified":"2026-02-25T11:15:06+00:00","description":"Material em PDF sobre a Hist\u00f3ria do Circo para 4\u00ba e 5\u00ba ano com texto, interpreta\u00e7\u00e3o, infer\u00eancia, s\u00edlaba t\u00f4nica, plano de aula, gabarito e p\u00f4ster.","breadcrumb":{"@id":"https:\/\/lojasosprofessoratividades.com.br\/produto\/historia-do-circo-atividades-pedagogicas-para-4o-e-5o-ano\/#breadcrumb"},"inLanguage":"en-US","potentialAction":[{"@type":"ReadAction","target":["https:\/\/lojasosprofessoratividades.com.br\/produto\/historia-do-circo-atividades-pedagogicas-para-4o-e-5o-ano\/"]}]},{"@type":"ImageObject","inLanguage":"en-US","@id":"https:\/\/lojasosprofessoratividades.com.br\/produto\/historia-do-circo-atividades-pedagogicas-para-4o-e-5o-ano\/#primaryimage","url":"https:\/\/lojasosprofessoratividades.com.br\/wp-content\/uploads\/2026\/02\/A-historia-do-circo-1.jpg","contentUrl":"https:\/\/lojasosprofessoratividades.com.br\/wp-content\/uploads\/2026\/02\/A-historia-do-circo-1.jpg","width":800,"height":693,"caption":"A hist\u00f3ria do circo"},{"@type":"BreadcrumbList","@id":"https:\/\/lojasosprofessoratividades.com.br\/produto\/historia-do-circo-atividades-pedagogicas-para-4o-e-5o-ano\/#breadcrumb","itemListElement":[{"@type":"ListItem","position":1,"name":"In\u00edcio","item":"https:\/\/lojasosprofessoratividades.com.br\/"},{"@type":"ListItem","position":2,"name":"Loja","item":"https:\/\/lojasosprofessoratividades.com.br\/loja\/"},{"@type":"ListItem","position":3,"name":"Hist\u00f3ria do Circo \u2013 Atividades Pedag\u00f3gicas para 4\u00ba e 5\u00ba Ano"}]},{"@type":"WebSite","@id":"https:\/\/lojasosprofessoratividades.com.br\/#website","url":"https:\/\/lojasosprofessoratividades.com.br\/","name":"Loja SOS Professor Atividades","description":"Venda de material did\u00e1tico para o ensino fundamental","publisher":{"@id":"https:\/\/lojasosprofessoratividades.com.br\/#organization"},"potentialAction":[{"@type":"SearchAction","target":{"@type":"EntryPoint","urlTemplate":"https:\/\/lojasosprofessoratividades.com.br\/?s={search_term_string}"},"query-input":{"@type":"PropertyValueSpecification","valueRequired":true,"valueName":"search_term_string"}}],"inLanguage":"en-US"},{"@type":"Organization","@id":"https:\/\/lojasosprofessoratividades.com.br\/#organization","name":"Loja SOS Professor Atividades","url":"https:\/\/lojasosprofessoratividades.com.br\/","logo":{"@type":"ImageObject","inLanguage":"en-US","@id":"https:\/\/lojasosprofessoratividades.com.br\/#\/schema\/logo\/image\/","url":"http:\/\/lojasosprofessoratividades.com.br\/wp-content\/uploads\/2022\/04\/Logo.png","contentUrl":"http:\/\/lojasosprofessoratividades.com.br\/wp-content\/uploads\/2022\/04\/Logo.png","width":2000,"height":2000,"caption":"Loja SOS Professor Atividades"},"image":{"@id":"https:\/\/lojasosprofessoratividades.com.br\/#\/schema\/logo\/image\/"},"sameAs":["https:\/\/www.facebook.com\/sosprofessoratividades","https:\/\/www.instagram.com\/sosprofessoratividades\/"]}]}},"_links":{"self":[{"href":"https:\/\/lojasosprofessoratividades.com.br\/en\/wp-json\/wp\/v2\/product\/37717","targetHints":{"allow":["GET"]}}],"collection":[{"href":"https:\/\/lojasosprofessoratividades.com.br\/en\/wp-json\/wp\/v2\/product"}],"about":[{"href":"https:\/\/lojasosprofessoratividades.com.br\/en\/wp-json\/wp\/v2\/types\/product"}],"replies":[{"embeddable":true,"href":"https:\/\/lojasosprofessoratividades.com.br\/en\/wp-json\/wp\/v2\/comments?post=37717"}],"wp:featuredmedia":[{"embeddable":true,"href":"https:\/\/lojasosprofessoratividades.com.br\/en\/wp-json\/wp\/v2\/media\/37719"}],"wp:attachment":[{"href":"https:\/\/lojasosprofessoratividades.com.br\/en\/wp-json\/wp\/v2\/media?parent=37717"}],"wp:term":[{"taxonomy":"product_brand","embeddable":true,"href":"https:\/\/lojasosprofessoratividades.com.br\/en\/wp-json\/wp\/v2\/product_brand?post=37717"},{"taxonomy":"product_cat","embeddable":true,"href":"https:\/\/lojasosprofessoratividades.com.br\/en\/wp-json\/wp\/v2\/product_cat?post=37717"},{"taxonomy":"product_tag","embeddable":true,"href":"https:\/\/lojasosprofessoratividades.com.br\/en\/wp-json\/wp\/v2\/product_tag?post=37717"}],"curies":[{"name":"wp","href":"https:\/\/api.w.org\/{rel}","templated":true}]}}