{"id":37762,"date":"2026-02-15T14:30:02","date_gmt":"2026-02-15T17:30:02","guid":{"rendered":"https:\/\/lojasosprofessoratividades.com.br\/?post_type=product&#038;p=37762"},"modified":"2026-02-25T08:16:34","modified_gmt":"2026-02-25T11:16:34","slug":"sistema-de-numeracao-decimal-com-material-dourado-e-fichas-escalonadas","status":"publish","type":"product","link":"https:\/\/lojasosprofessoratividades.com.br\/en\/product\/sistema-de-numeracao-decimal-com-material-dourado-e-fichas-escalonadas\/","title":{"rendered":"Sistema de Numera\u00e7\u00e3o Decimal com Material Dourado e Fichas Escalonadas"},"content":{"rendered":"","protected":false},"excerpt":{"rendered":"<p data-start=\"229\" data-end=\"552\">Material pedag\u00f3gico completo, ideal para <strong data-start=\"270\" data-end=\"332\">revisar, fixar e consolidar o Sistema de Numera\u00e7\u00e3o Decimal<\/strong> no Ensino Fundamental 1 de forma pr\u00e1tica, visual e significativa.<br data-start=\"398\" data-end=\"401\" \/>As atividades utilizam <strong data-start=\"424\" data-end=\"465\">Material Dourado e fichas escalonadas<\/strong>, facilitando a compreens\u00e3o da composi\u00e7\u00e3o, decomposi\u00e7\u00e3o, adi\u00e7\u00e3o e subtra\u00e7\u00e3o de n\u00fameros.<\/p>\n<p><strong>O que voc\u00ea encontrar\u00e1 no arquivo:<\/strong><\/p>\n<p><strong>Atividades de composi\u00e7\u00e3o e decomposi\u00e7\u00e3o<\/strong> de n\u00fameros com Material Dourado<\/p>\n<p>Exerc\u00edcios de <strong>adi\u00e7\u00e3o e subtra\u00e7\u00e3o com Material Dourado<\/strong><\/p>\n<p><strong>Fichas escalonadas<\/strong> para composi\u00e7\u00e3o e decomposi\u00e7\u00e3o de n\u00fameros<\/p>\n<p><strong>Cartaz\/folhinha conceitual<\/strong> explicando o uso do Material Dourado<\/p>\n<p><strong>Fichas escalonadas<\/strong> coloridas e vers\u00e3o para colorir<\/p>\n<p><strong>Orienta\u00e7\u00f5es<\/strong>\u00a0para o professor<\/p>\n<p><strong>Gabarito<\/strong><\/p>\n<h3 data-start=\"935\" data-end=\"963\">Informa\u00e7\u00f5es importantes:<\/h3>\n<ul data-start=\"964\" data-end=\"1089\">\n<li data-start=\"964\" data-end=\"1016\">\n<p data-start=\"966\" data-end=\"1016\">Indicado para turmas do <strong data-start=\"990\" data-end=\"1014\">Ensino Fundamental 1<\/strong><\/p>\n<\/li>\n<li data-start=\"1017\" data-end=\"1062\">\n<p data-start=\"1019\" data-end=\"1062\">Material em <strong data-start=\"1031\" data-end=\"1060\">PDF pronto para impress\u00e3o<\/strong><\/p>\n<\/li>\n<li data-start=\"1063\" data-end=\"1089\">\n<p data-start=\"1065\" data-end=\"1089\"><strong data-start=\"1065\" data-end=\"1089\">Arquivo n\u00e3o edit\u00e1vel<\/strong><\/p>\n<\/li>\n<\/ul>\n<p data-start=\"1091\" data-end=\"1208\">Recurso ideal para aulas de Matem\u00e1tica, refor\u00e7o escolar, revis\u00e3o de conte\u00fados e atividades de interven\u00e7\u00e3o pedag\u00f3gica.<\/p>\n<h3>N\u00e3o enviamos por e-mail, a entrega \u00e9 via link para download.\u00a0<img decoding=\"async\" class=\"emoji\" role=\"img\" draggable=\"false\" src=\"https:\/\/s.w.org\/images\/core\/emoji\/17.0.2\/svg\/1f447.svg\" alt=\"\ud83d\udc47\" \/><\/h3>\n<p>&nbsp;<\/p>\n<p><img loading=\"lazy\" decoding=\"async\" class=\"alignnone wp-image-38009 size-full\" src=\"https:\/\/lojasosprofessoratividades.com.br\/wp-content\/uploads\/2026\/02\/Como-baixar-2.jpg\" alt=\"\" width=\"446\" height=\"251\" srcset=\"https:\/\/lojasosprofessoratividades.com.br\/wp-content\/uploads\/2026\/02\/Como-baixar-2.jpg 446w, https:\/\/lojasosprofessoratividades.com.br\/wp-content\/uploads\/2026\/02\/Como-baixar-2-300x169.jpg 300w, https:\/\/lojasosprofessoratividades.com.br\/wp-content\/uploads\/2026\/02\/Como-baixar-2-18x10.jpg 18w\" sizes=\"auto, (max-width: 446px) 100vw, 446px\" \/><\/p>","protected":false},"featured_media":37764,"comment_status":"open","ping_status":"closed","template":"","meta":[],"product_brand":[],"product_cat":[124,125,127,194,205,188],"product_tag":[3574,1166,3576,3573,493,3572,3575,3571,1349,412],"class_list":{"0":"post-37762","1":"product","2":"type-product","3":"status-publish","4":"has-post-thumbnail","6":"product_cat-3o-ano","7":"product_cat-4o-ano","8":"product_cat-5o-ano","9":"product_cat-matematica-4-ano","10":"product_cat-matematica-5-ano","11":"product_cat-matematica-3-ano","12":"product_tag-adicao-e-subtracao","13":"product_tag-atividades-de-matematica","14":"product_tag-atividades-em-pdf","15":"product_tag-composicao-e-decomposicao","16":"product_tag-ensino-fundamental-1","17":"product_tag-fichas-escalonadas","18":"product_tag-matematica-para-imprimir","19":"product_tag-material-dourado","20":"product_tag-reforco-escolar","21":"product_tag-sistema-de-numeracao-decimal","23":"first","24":"instock","25":"downloadable","26":"sold-individually","27":"shipping-taxable","28":"purchasable","29":"product-type-simple"},"yoast_head":"<!-- This site is optimized with the Yoast SEO plugin v27.3 - https:\/\/yoast.com\/product\/yoast-seo-wordpress\/ -->\n<title>Sistema de Numera\u00e7\u00e3o Decimal com Material Dourado e Fichas Escalonadas - Loja SOS Professor Atividades<\/title>\n<meta name=\"description\" content=\"Atividades do Sistema de Numera\u00e7\u00e3o Decimal com material dourado e fichas escalonadas para revisar e fixar no Ensino Fundamental 1.\" \/>\n<meta name=\"robots\" content=\"index, follow, max-snippet:-1, max-image-preview:large, max-video-preview:-1\" \/>\n<link rel=\"canonical\" href=\"https:\/\/lojasosprofessoratividades.com.br\/en\/product\/sistema-de-numeracao-decimal-com-material-dourado-e-fichas-escalonadas\/\" \/>\n<meta property=\"og:locale\" content=\"en_US\" \/>\n<meta property=\"og:type\" content=\"article\" \/>\n<meta property=\"og:title\" content=\"Sistema de Numera\u00e7\u00e3o Decimal com Material Dourado e Fichas Escalonadas - Loja SOS Professor Atividades\" \/>\n<meta property=\"og:description\" content=\"Atividades do Sistema de Numera\u00e7\u00e3o Decimal com material dourado e fichas escalonadas para revisar e fixar no Ensino Fundamental 1.\" \/>\n<meta property=\"og:url\" content=\"https:\/\/lojasosprofessoratividades.com.br\/en\/product\/sistema-de-numeracao-decimal-com-material-dourado-e-fichas-escalonadas\/\" \/>\n<meta property=\"og:site_name\" content=\"Loja SOS Professor Atividades\" \/>\n<meta property=\"article:publisher\" content=\"https:\/\/www.facebook.com\/sosprofessoratividades\" \/>\n<meta property=\"article:modified_time\" content=\"2026-02-25T11:16:34+00:00\" \/>\n<meta property=\"og:image\" content=\"https:\/\/lojasosprofessoratividades.com.br\/wp-content\/uploads\/2026\/02\/Sistema-de-numeracao-decimal-com-1.jpg\" \/>\n\t<meta property=\"og:image:width\" content=\"800\" \/>\n\t<meta property=\"og:image:height\" content=\"693\" \/>\n\t<meta property=\"og:image:type\" content=\"image\/jpeg\" \/>\n<meta name=\"twitter:card\" content=\"summary_large_image\" \/>\n<meta name=\"twitter:label1\" content=\"Est. reading time\" \/>\n\t<meta name=\"twitter:data1\" content=\"1 minute\" \/>\n<script type=\"application\/ld+json\" class=\"yoast-schema-graph\">{\"@context\":\"https:\\\/\\\/schema.org\",\"@graph\":[{\"@type\":\"WebPage\",\"@id\":\"https:\\\/\\\/lojasosprofessoratividades.com.br\\\/produto\\\/sistema-de-numeracao-decimal-com-material-dourado-e-fichas-escalonadas\\\/\",\"url\":\"https:\\\/\\\/lojasosprofessoratividades.com.br\\\/produto\\\/sistema-de-numeracao-decimal-com-material-dourado-e-fichas-escalonadas\\\/\",\"name\":\"Sistema de Numera\u00e7\u00e3o Decimal com Material Dourado e Fichas Escalonadas - Loja SOS Professor Atividades\",\"isPartOf\":{\"@id\":\"https:\\\/\\\/lojasosprofessoratividades.com.br\\\/#website\"},\"primaryImageOfPage\":{\"@id\":\"https:\\\/\\\/lojasosprofessoratividades.com.br\\\/produto\\\/sistema-de-numeracao-decimal-com-material-dourado-e-fichas-escalonadas\\\/#primaryimage\"},\"image\":{\"@id\":\"https:\\\/\\\/lojasosprofessoratividades.com.br\\\/produto\\\/sistema-de-numeracao-decimal-com-material-dourado-e-fichas-escalonadas\\\/#primaryimage\"},\"thumbnailUrl\":\"https:\\\/\\\/lojasosprofessoratividades.com.br\\\/wp-content\\\/uploads\\\/2026\\\/02\\\/Sistema-de-numeracao-decimal-com-1.jpg\",\"datePublished\":\"2026-02-15T17:30:02+00:00\",\"dateModified\":\"2026-02-25T11:16:34+00:00\",\"description\":\"Atividades do Sistema de Numera\u00e7\u00e3o Decimal com material dourado e fichas escalonadas para revisar e fixar no Ensino Fundamental 1.\",\"breadcrumb\":{\"@id\":\"https:\\\/\\\/lojasosprofessoratividades.com.br\\\/produto\\\/sistema-de-numeracao-decimal-com-material-dourado-e-fichas-escalonadas\\\/#breadcrumb\"},\"inLanguage\":\"en-US\",\"potentialAction\":[{\"@type\":\"ReadAction\",\"target\":[\"https:\\\/\\\/lojasosprofessoratividades.com.br\\\/produto\\\/sistema-de-numeracao-decimal-com-material-dourado-e-fichas-escalonadas\\\/\"]}]},{\"@type\":\"ImageObject\",\"inLanguage\":\"en-US\",\"@id\":\"https:\\\/\\\/lojasosprofessoratividades.com.br\\\/produto\\\/sistema-de-numeracao-decimal-com-material-dourado-e-fichas-escalonadas\\\/#primaryimage\",\"url\":\"https:\\\/\\\/lojasosprofessoratividades.com.br\\\/wp-content\\\/uploads\\\/2026\\\/02\\\/Sistema-de-numeracao-decimal-com-1.jpg\",\"contentUrl\":\"https:\\\/\\\/lojasosprofessoratividades.com.br\\\/wp-content\\\/uploads\\\/2026\\\/02\\\/Sistema-de-numeracao-decimal-com-1.jpg\",\"width\":800,\"height\":693,\"caption\":\"Sistema de Numera\u00e7\u00e3o Decimal com Material Dourado e Fichas Escalonadas\"},{\"@type\":\"BreadcrumbList\",\"@id\":\"https:\\\/\\\/lojasosprofessoratividades.com.br\\\/produto\\\/sistema-de-numeracao-decimal-com-material-dourado-e-fichas-escalonadas\\\/#breadcrumb\",\"itemListElement\":[{\"@type\":\"ListItem\",\"position\":1,\"name\":\"In\u00edcio\",\"item\":\"https:\\\/\\\/lojasosprofessoratividades.com.br\\\/\"},{\"@type\":\"ListItem\",\"position\":2,\"name\":\"Loja\",\"item\":\"https:\\\/\\\/lojasosprofessoratividades.com.br\\\/loja\\\/\"},{\"@type\":\"ListItem\",\"position\":3,\"name\":\"Sistema de Numera\u00e7\u00e3o Decimal com Material Dourado e Fichas Escalonadas\"}]},{\"@type\":\"WebSite\",\"@id\":\"https:\\\/\\\/lojasosprofessoratividades.com.br\\\/#website\",\"url\":\"https:\\\/\\\/lojasosprofessoratividades.com.br\\\/\",\"name\":\"Loja SOS Professor Atividades\",\"description\":\"Venda de material did\u00e1tico para o ensino fundamental\",\"publisher\":{\"@id\":\"https:\\\/\\\/lojasosprofessoratividades.com.br\\\/#organization\"},\"potentialAction\":[{\"@type\":\"SearchAction\",\"target\":{\"@type\":\"EntryPoint\",\"urlTemplate\":\"https:\\\/\\\/lojasosprofessoratividades.com.br\\\/?s={search_term_string}\"},\"query-input\":{\"@type\":\"PropertyValueSpecification\",\"valueRequired\":true,\"valueName\":\"search_term_string\"}}],\"inLanguage\":\"en-US\"},{\"@type\":\"Organization\",\"@id\":\"https:\\\/\\\/lojasosprofessoratividades.com.br\\\/#organization\",\"name\":\"Loja SOS Professor Atividades\",\"url\":\"https:\\\/\\\/lojasosprofessoratividades.com.br\\\/\",\"logo\":{\"@type\":\"ImageObject\",\"inLanguage\":\"en-US\",\"@id\":\"https:\\\/\\\/lojasosprofessoratividades.com.br\\\/#\\\/schema\\\/logo\\\/image\\\/\",\"url\":\"http:\\\/\\\/lojasosprofessoratividades.com.br\\\/wp-content\\\/uploads\\\/2022\\\/04\\\/Logo.png\",\"contentUrl\":\"http:\\\/\\\/lojasosprofessoratividades.com.br\\\/wp-content\\\/uploads\\\/2022\\\/04\\\/Logo.png\",\"width\":2000,\"height\":2000,\"caption\":\"Loja SOS Professor Atividades\"},\"image\":{\"@id\":\"https:\\\/\\\/lojasosprofessoratividades.com.br\\\/#\\\/schema\\\/logo\\\/image\\\/\"},\"sameAs\":[\"https:\\\/\\\/www.facebook.com\\\/sosprofessoratividades\",\"https:\\\/\\\/www.instagram.com\\\/sosprofessoratividades\\\/\"]}]}<\/script>\n<!-- \/ Yoast SEO plugin. -->","yoast_head_json":{"title":"Sistema de Numera\u00e7\u00e3o Decimal com Material Dourado e Fichas Escalonadas - Loja SOS Professor Atividades","description":"Atividades do Sistema de Numera\u00e7\u00e3o Decimal com material dourado e fichas escalonadas para revisar e fixar no Ensino Fundamental 1.","robots":{"index":"index","follow":"follow","max-snippet":"max-snippet:-1","max-image-preview":"max-image-preview:large","max-video-preview":"max-video-preview:-1"},"canonical":"https:\/\/lojasosprofessoratividades.com.br\/en\/product\/sistema-de-numeracao-decimal-com-material-dourado-e-fichas-escalonadas\/","og_locale":"en_US","og_type":"article","og_title":"Sistema de Numera\u00e7\u00e3o Decimal com Material Dourado e Fichas Escalonadas - Loja SOS Professor Atividades","og_description":"Atividades do Sistema de Numera\u00e7\u00e3o Decimal com material dourado e fichas escalonadas para revisar e fixar no Ensino Fundamental 1.","og_url":"https:\/\/lojasosprofessoratividades.com.br\/en\/product\/sistema-de-numeracao-decimal-com-material-dourado-e-fichas-escalonadas\/","og_site_name":"Loja SOS Professor Atividades","article_publisher":"https:\/\/www.facebook.com\/sosprofessoratividades","article_modified_time":"2026-02-25T11:16:34+00:00","og_image":[{"width":800,"height":693,"url":"https:\/\/lojasosprofessoratividades.com.br\/wp-content\/uploads\/2026\/02\/Sistema-de-numeracao-decimal-com-1.jpg","type":"image\/jpeg"}],"twitter_card":"summary_large_image","twitter_misc":{"Est. reading time":"1 minute"},"schema":{"@context":"https:\/\/schema.org","@graph":[{"@type":"WebPage","@id":"https:\/\/lojasosprofessoratividades.com.br\/produto\/sistema-de-numeracao-decimal-com-material-dourado-e-fichas-escalonadas\/","url":"https:\/\/lojasosprofessoratividades.com.br\/produto\/sistema-de-numeracao-decimal-com-material-dourado-e-fichas-escalonadas\/","name":"Sistema de Numera\u00e7\u00e3o Decimal com Material Dourado e Fichas Escalonadas - Loja SOS Professor Atividades","isPartOf":{"@id":"https:\/\/lojasosprofessoratividades.com.br\/#website"},"primaryImageOfPage":{"@id":"https:\/\/lojasosprofessoratividades.com.br\/produto\/sistema-de-numeracao-decimal-com-material-dourado-e-fichas-escalonadas\/#primaryimage"},"image":{"@id":"https:\/\/lojasosprofessoratividades.com.br\/produto\/sistema-de-numeracao-decimal-com-material-dourado-e-fichas-escalonadas\/#primaryimage"},"thumbnailUrl":"https:\/\/lojasosprofessoratividades.com.br\/wp-content\/uploads\/2026\/02\/Sistema-de-numeracao-decimal-com-1.jpg","datePublished":"2026-02-15T17:30:02+00:00","dateModified":"2026-02-25T11:16:34+00:00","description":"Atividades do Sistema de Numera\u00e7\u00e3o Decimal com material dourado e fichas escalonadas para revisar e fixar no Ensino Fundamental 1.","breadcrumb":{"@id":"https:\/\/lojasosprofessoratividades.com.br\/produto\/sistema-de-numeracao-decimal-com-material-dourado-e-fichas-escalonadas\/#breadcrumb"},"inLanguage":"en-US","potentialAction":[{"@type":"ReadAction","target":["https:\/\/lojasosprofessoratividades.com.br\/produto\/sistema-de-numeracao-decimal-com-material-dourado-e-fichas-escalonadas\/"]}]},{"@type":"ImageObject","inLanguage":"en-US","@id":"https:\/\/lojasosprofessoratividades.com.br\/produto\/sistema-de-numeracao-decimal-com-material-dourado-e-fichas-escalonadas\/#primaryimage","url":"https:\/\/lojasosprofessoratividades.com.br\/wp-content\/uploads\/2026\/02\/Sistema-de-numeracao-decimal-com-1.jpg","contentUrl":"https:\/\/lojasosprofessoratividades.com.br\/wp-content\/uploads\/2026\/02\/Sistema-de-numeracao-decimal-com-1.jpg","width":800,"height":693,"caption":"Sistema de Numera\u00e7\u00e3o Decimal com Material Dourado e Fichas Escalonadas"},{"@type":"BreadcrumbList","@id":"https:\/\/lojasosprofessoratividades.com.br\/produto\/sistema-de-numeracao-decimal-com-material-dourado-e-fichas-escalonadas\/#breadcrumb","itemListElement":[{"@type":"ListItem","position":1,"name":"In\u00edcio","item":"https:\/\/lojasosprofessoratividades.com.br\/"},{"@type":"ListItem","position":2,"name":"Loja","item":"https:\/\/lojasosprofessoratividades.com.br\/loja\/"},{"@type":"ListItem","position":3,"name":"Sistema de Numera\u00e7\u00e3o Decimal com Material Dourado e Fichas Escalonadas"}]},{"@type":"WebSite","@id":"https:\/\/lojasosprofessoratividades.com.br\/#website","url":"https:\/\/lojasosprofessoratividades.com.br\/","name":"Loja SOS Professor Atividades","description":"Venda de material did\u00e1tico para o ensino fundamental","publisher":{"@id":"https:\/\/lojasosprofessoratividades.com.br\/#organization"},"potentialAction":[{"@type":"SearchAction","target":{"@type":"EntryPoint","urlTemplate":"https:\/\/lojasosprofessoratividades.com.br\/?s={search_term_string}"},"query-input":{"@type":"PropertyValueSpecification","valueRequired":true,"valueName":"search_term_string"}}],"inLanguage":"en-US"},{"@type":"Organization","@id":"https:\/\/lojasosprofessoratividades.com.br\/#organization","name":"Loja SOS Professor Atividades","url":"https:\/\/lojasosprofessoratividades.com.br\/","logo":{"@type":"ImageObject","inLanguage":"en-US","@id":"https:\/\/lojasosprofessoratividades.com.br\/#\/schema\/logo\/image\/","url":"http:\/\/lojasosprofessoratividades.com.br\/wp-content\/uploads\/2022\/04\/Logo.png","contentUrl":"http:\/\/lojasosprofessoratividades.com.br\/wp-content\/uploads\/2022\/04\/Logo.png","width":2000,"height":2000,"caption":"Loja SOS Professor Atividades"},"image":{"@id":"https:\/\/lojasosprofessoratividades.com.br\/#\/schema\/logo\/image\/"},"sameAs":["https:\/\/www.facebook.com\/sosprofessoratividades","https:\/\/www.instagram.com\/sosprofessoratividades\/"]}]}},"_links":{"self":[{"href":"https:\/\/lojasosprofessoratividades.com.br\/en\/wp-json\/wp\/v2\/product\/37762","targetHints":{"allow":["GET"]}}],"collection":[{"href":"https:\/\/lojasosprofessoratividades.com.br\/en\/wp-json\/wp\/v2\/product"}],"about":[{"href":"https:\/\/lojasosprofessoratividades.com.br\/en\/wp-json\/wp\/v2\/types\/product"}],"replies":[{"embeddable":true,"href":"https:\/\/lojasosprofessoratividades.com.br\/en\/wp-json\/wp\/v2\/comments?post=37762"}],"wp:featuredmedia":[{"embeddable":true,"href":"https:\/\/lojasosprofessoratividades.com.br\/en\/wp-json\/wp\/v2\/media\/37764"}],"wp:attachment":[{"href":"https:\/\/lojasosprofessoratividades.com.br\/en\/wp-json\/wp\/v2\/media?parent=37762"}],"wp:term":[{"taxonomy":"product_brand","embeddable":true,"href":"https:\/\/lojasosprofessoratividades.com.br\/en\/wp-json\/wp\/v2\/product_brand?post=37762"},{"taxonomy":"product_cat","embeddable":true,"href":"https:\/\/lojasosprofessoratividades.com.br\/en\/wp-json\/wp\/v2\/product_cat?post=37762"},{"taxonomy":"product_tag","embeddable":true,"href":"https:\/\/lojasosprofessoratividades.com.br\/en\/wp-json\/wp\/v2\/product_tag?post=37762"}],"curies":[{"name":"wp","href":"https:\/\/api.w.org\/{rel}","templated":true}]}}