{"id":37797,"date":"2026-02-18T16:27:02","date_gmt":"2026-02-18T19:27:02","guid":{"rendered":"https:\/\/lojasosprofessoratividades.com.br\/?post_type=product&#038;p=37797"},"modified":"2026-02-25T08:12:23","modified_gmt":"2026-02-25T11:12:23","slug":"sequencia-didatica-sobre-a-cientista-brasileira-tatiana-sampaio","status":"publish","type":"product","link":"https:\/\/lojasosprofessoratividades.com.br\/en\/product\/sequencia-didatica-sobre-a-cientista-brasileira-tatiana-sampaio\/","title":{"rendered":"Sequ\u00eancia Did\u00e1tica sobre a Cientista brasileira Tatiana Sampaio"},"content":{"rendered":"","protected":false},"excerpt":{"rendered":"<p data-start=\"69\" data-end=\"238\">Leve para sua sala de aula um material completo, atual e inspirador sobre a cientista brasileira <span class=\"hover:entity-accent entity-underline inline cursor-pointer align-baseline\"><span class=\"whitespace-normal\">Tatiana Coelho de Sampaio<\/span><\/span> e sua pesquisa com a polilaminina!<\/p>\n<p data-start=\"240\" data-end=\"514\"><strong data-start=\"243\" data-end=\"276\">O que voc\u00ea recebe no arquivo:<\/strong><br data-start=\"276\" data-end=\"279\" \/>\u2714 Texto informativo adaptado para 4\u00ba e 5\u00ba ano<br data-start=\"324\" data-end=\"327\" \/>\u2714 Atividades de interpreta\u00e7\u00e3o textual<br data-start=\"364\" data-end=\"367\" \/>\u2714 Ca\u00e7a-palavras com vocabul\u00e1rio cient\u00edfico<br data-start=\"409\" data-end=\"412\" \/>\u2714 Imagens ilustrativas para contextualiza\u00e7\u00e3o<br data-start=\"456\" data-end=\"459\" \/>\u2714 Plano de aula alinhado \u00e0 BNCC<br data-start=\"490\" data-end=\"493\" \/>\u2714 Gabarito completo<\/p>\n<p data-start=\"516\" data-end=\"542\">\u00a0Ideal para trabalhar:<\/p>\n<ul data-start=\"543\" data-end=\"729\">\n<li data-start=\"543\" data-end=\"576\">\n<p data-start=\"545\" data-end=\"576\">Leitura e compreens\u00e3o textual<\/p>\n<\/li>\n<li data-start=\"577\" data-end=\"609\">\n<p data-start=\"579\" data-end=\"609\">Infer\u00eancia e ideia principal<\/p>\n<\/li>\n<li data-start=\"610\" data-end=\"636\">\n<p data-start=\"612\" data-end=\"636\">Vocabul\u00e1rio cient\u00edfico<\/p>\n<\/li>\n<li data-start=\"637\" data-end=\"674\">\n<p data-start=\"639\" data-end=\"674\">Valoriza\u00e7\u00e3o da ci\u00eancia brasileira<\/p>\n<\/li>\n<li data-start=\"675\" data-end=\"729\">\n<p data-start=\"677\" data-end=\"729\">Interdisciplinaridade (L\u00edngua Portuguesa + Ci\u00eancias)<\/p>\n<\/li>\n<li data-start=\"675\" data-end=\"729\">Dia Internacional da Mulher<\/li>\n<\/ul>\n<p data-start=\"731\" data-end=\"876\">Material pronto para imprimir e aplicar!<br data-start=\"771\" data-end=\"774\" \/>Economize tempo no planejamento e ofere\u00e7a uma aula significativa, atual e envolvente para seus alunos.<\/p>\n<h3>N\u00e3o enviamos por e-mail, a entrega \u00e9 via link para download.\u00a0<img decoding=\"async\" class=\"emoji\" role=\"img\" draggable=\"false\" src=\"https:\/\/s.w.org\/images\/core\/emoji\/17.0.2\/svg\/1f447.svg\" alt=\"\ud83d\udc47\" \/><\/h3>\n<p>&nbsp;<\/p>\n<p><img loading=\"lazy\" decoding=\"async\" class=\"alignnone wp-image-38009 size-full\" src=\"https:\/\/lojasosprofessoratividades.com.br\/wp-content\/uploads\/2026\/02\/Como-baixar-2.jpg\" alt=\"\" width=\"446\" height=\"251\" srcset=\"https:\/\/lojasosprofessoratividades.com.br\/wp-content\/uploads\/2026\/02\/Como-baixar-2.jpg 446w, https:\/\/lojasosprofessoratividades.com.br\/wp-content\/uploads\/2026\/02\/Como-baixar-2-300x169.jpg 300w, https:\/\/lojasosprofessoratividades.com.br\/wp-content\/uploads\/2026\/02\/Como-baixar-2-18x10.jpg 18w\" sizes=\"auto, (max-width: 446px) 100vw, 446px\" \/><\/p>","protected":false},"featured_media":37805,"comment_status":"open","ping_status":"closed","template":"","meta":[],"product_brand":[],"product_cat":[125,127,206,196,218,204,195,215,217],"product_tag":[253,248,1650,375,792,3579,3581,3567,245,1200,3580,398,3578,342,3577],"class_list":{"0":"post-37797","1":"product","2":"type-product","3":"status-publish","4":"has-post-thumbnail","6":"product_cat-4o-ano","7":"product_cat-5o-ano","8":"product_cat-ciencias-5-ano","9":"product_cat-ciencias-4-ano","10":"product_cat-data-comemorativa-5-ano","11":"product_cat-portugues-5-anos","12":"product_cat-portugues-4-ano","13":"product_cat-recursos-didaticos-4-ano","14":"product_cat-recursos-didaticos-5-ano","15":"product_tag-4o-ano","16":"product_tag-5o-ano","17":"product_tag-atividades-de-ciencias","18":"product_tag-bncc","19":"product_tag-caca-palavras","20":"product_tag-ciencia-brasileira","21":"product_tag-cientista-brasielira","22":"product_tag-dia-internacional-da-mulher","23":"product_tag-ensino-fundamental","24":"product_tag-interpretacao-textual","25":"product_tag-mulher-cientista","26":"product_tag-plano-de-aula","27":"product_tag-polilaminina","28":"product_tag-sequencia-didatica","29":"product_tag-tatiana-sampaio","31":"first","32":"instock","33":"downloadable","34":"sold-individually","35":"shipping-taxable","36":"purchasable","37":"product-type-simple"},"yoast_head":"<!-- This site is optimized with the Yoast SEO plugin v27.3 - https:\/\/yoast.com\/product\/yoast-seo-wordpress\/ -->\n<title>Sequ\u00eancia Did\u00e1tica sobre a Cientista brasileira Tatiana Sampaio - Loja SOS Professor Atividades<\/title>\n<meta name=\"description\" content=\"Sequ\u00eancia did\u00e1tica sobre Tatiana Sampaio com texto, interpreta\u00e7\u00e3o, ca\u00e7a-palavras, plano de aula e gabarito para 4\u00ba e 5\u00ba ano alinhado \u00e0 BNCC.\" \/>\n<meta name=\"robots\" content=\"index, follow, max-snippet:-1, max-image-preview:large, max-video-preview:-1\" \/>\n<link rel=\"canonical\" href=\"https:\/\/lojasosprofessoratividades.com.br\/en\/product\/sequencia-didatica-sobre-a-cientista-brasileira-tatiana-sampaio\/\" \/>\n<meta property=\"og:locale\" content=\"en_US\" \/>\n<meta property=\"og:type\" content=\"article\" \/>\n<meta property=\"og:title\" content=\"Sequ\u00eancia Did\u00e1tica sobre a Cientista brasileira Tatiana Sampaio - Loja SOS Professor Atividades\" \/>\n<meta property=\"og:description\" content=\"Sequ\u00eancia did\u00e1tica sobre Tatiana Sampaio com texto, interpreta\u00e7\u00e3o, ca\u00e7a-palavras, plano de aula e gabarito para 4\u00ba e 5\u00ba ano alinhado \u00e0 BNCC.\" \/>\n<meta property=\"og:url\" content=\"https:\/\/lojasosprofessoratividades.com.br\/en\/product\/sequencia-didatica-sobre-a-cientista-brasileira-tatiana-sampaio\/\" \/>\n<meta property=\"og:site_name\" content=\"Loja SOS Professor Atividades\" \/>\n<meta property=\"article:publisher\" content=\"https:\/\/www.facebook.com\/sosprofessoratividades\" \/>\n<meta property=\"article:modified_time\" content=\"2026-02-25T11:12:23+00:00\" \/>\n<meta property=\"og:image\" content=\"https:\/\/lojasosprofessoratividades.com.br\/wp-content\/uploads\/2026\/02\/Tatiana-Sampaio-1.jpg\" \/>\n\t<meta property=\"og:image:width\" content=\"800\" \/>\n\t<meta property=\"og:image:height\" content=\"693\" \/>\n\t<meta property=\"og:image:type\" content=\"image\/jpeg\" \/>\n<meta name=\"twitter:card\" content=\"summary_large_image\" \/>\n<meta name=\"twitter:label1\" content=\"Est. reading time\" \/>\n\t<meta name=\"twitter:data1\" content=\"1 minute\" \/>\n<script type=\"application\/ld+json\" class=\"yoast-schema-graph\">{\"@context\":\"https:\\\/\\\/schema.org\",\"@graph\":[{\"@type\":\"WebPage\",\"@id\":\"https:\\\/\\\/lojasosprofessoratividades.com.br\\\/produto\\\/sequencia-didatica-sobre-a-cientista-brasileira-tatiana-sampaio\\\/\",\"url\":\"https:\\\/\\\/lojasosprofessoratividades.com.br\\\/produto\\\/sequencia-didatica-sobre-a-cientista-brasileira-tatiana-sampaio\\\/\",\"name\":\"Sequ\u00eancia Did\u00e1tica sobre a Cientista brasileira Tatiana Sampaio - Loja SOS Professor Atividades\",\"isPartOf\":{\"@id\":\"https:\\\/\\\/lojasosprofessoratividades.com.br\\\/#website\"},\"primaryImageOfPage\":{\"@id\":\"https:\\\/\\\/lojasosprofessoratividades.com.br\\\/produto\\\/sequencia-didatica-sobre-a-cientista-brasileira-tatiana-sampaio\\\/#primaryimage\"},\"image\":{\"@id\":\"https:\\\/\\\/lojasosprofessoratividades.com.br\\\/produto\\\/sequencia-didatica-sobre-a-cientista-brasileira-tatiana-sampaio\\\/#primaryimage\"},\"thumbnailUrl\":\"https:\\\/\\\/lojasosprofessoratividades.com.br\\\/wp-content\\\/uploads\\\/2026\\\/02\\\/Tatiana-Sampaio-1.jpg\",\"datePublished\":\"2026-02-18T19:27:02+00:00\",\"dateModified\":\"2026-02-25T11:12:23+00:00\",\"description\":\"Sequ\u00eancia did\u00e1tica sobre Tatiana Sampaio com texto, interpreta\u00e7\u00e3o, ca\u00e7a-palavras, plano de aula e gabarito para 4\u00ba e 5\u00ba ano alinhado \u00e0 BNCC.\",\"breadcrumb\":{\"@id\":\"https:\\\/\\\/lojasosprofessoratividades.com.br\\\/produto\\\/sequencia-didatica-sobre-a-cientista-brasileira-tatiana-sampaio\\\/#breadcrumb\"},\"inLanguage\":\"en-US\",\"potentialAction\":[{\"@type\":\"ReadAction\",\"target\":[\"https:\\\/\\\/lojasosprofessoratividades.com.br\\\/produto\\\/sequencia-didatica-sobre-a-cientista-brasileira-tatiana-sampaio\\\/\"]}]},{\"@type\":\"ImageObject\",\"inLanguage\":\"en-US\",\"@id\":\"https:\\\/\\\/lojasosprofessoratividades.com.br\\\/produto\\\/sequencia-didatica-sobre-a-cientista-brasileira-tatiana-sampaio\\\/#primaryimage\",\"url\":\"https:\\\/\\\/lojasosprofessoratividades.com.br\\\/wp-content\\\/uploads\\\/2026\\\/02\\\/Tatiana-Sampaio-1.jpg\",\"contentUrl\":\"https:\\\/\\\/lojasosprofessoratividades.com.br\\\/wp-content\\\/uploads\\\/2026\\\/02\\\/Tatiana-Sampaio-1.jpg\",\"width\":800,\"height\":693},{\"@type\":\"BreadcrumbList\",\"@id\":\"https:\\\/\\\/lojasosprofessoratividades.com.br\\\/produto\\\/sequencia-didatica-sobre-a-cientista-brasileira-tatiana-sampaio\\\/#breadcrumb\",\"itemListElement\":[{\"@type\":\"ListItem\",\"position\":1,\"name\":\"In\u00edcio\",\"item\":\"https:\\\/\\\/lojasosprofessoratividades.com.br\\\/\"},{\"@type\":\"ListItem\",\"position\":2,\"name\":\"Loja\",\"item\":\"https:\\\/\\\/lojasosprofessoratividades.com.br\\\/loja\\\/\"},{\"@type\":\"ListItem\",\"position\":3,\"name\":\"Sequ\u00eancia Did\u00e1tica sobre a Cientista brasileira Tatiana Sampaio\"}]},{\"@type\":\"WebSite\",\"@id\":\"https:\\\/\\\/lojasosprofessoratividades.com.br\\\/#website\",\"url\":\"https:\\\/\\\/lojasosprofessoratividades.com.br\\\/\",\"name\":\"Loja SOS Professor Atividades\",\"description\":\"Venda de material did\u00e1tico para o ensino fundamental\",\"publisher\":{\"@id\":\"https:\\\/\\\/lojasosprofessoratividades.com.br\\\/#organization\"},\"potentialAction\":[{\"@type\":\"SearchAction\",\"target\":{\"@type\":\"EntryPoint\",\"urlTemplate\":\"https:\\\/\\\/lojasosprofessoratividades.com.br\\\/?s={search_term_string}\"},\"query-input\":{\"@type\":\"PropertyValueSpecification\",\"valueRequired\":true,\"valueName\":\"search_term_string\"}}],\"inLanguage\":\"en-US\"},{\"@type\":\"Organization\",\"@id\":\"https:\\\/\\\/lojasosprofessoratividades.com.br\\\/#organization\",\"name\":\"Loja SOS Professor Atividades\",\"url\":\"https:\\\/\\\/lojasosprofessoratividades.com.br\\\/\",\"logo\":{\"@type\":\"ImageObject\",\"inLanguage\":\"en-US\",\"@id\":\"https:\\\/\\\/lojasosprofessoratividades.com.br\\\/#\\\/schema\\\/logo\\\/image\\\/\",\"url\":\"http:\\\/\\\/lojasosprofessoratividades.com.br\\\/wp-content\\\/uploads\\\/2022\\\/04\\\/Logo.png\",\"contentUrl\":\"http:\\\/\\\/lojasosprofessoratividades.com.br\\\/wp-content\\\/uploads\\\/2022\\\/04\\\/Logo.png\",\"width\":2000,\"height\":2000,\"caption\":\"Loja SOS Professor Atividades\"},\"image\":{\"@id\":\"https:\\\/\\\/lojasosprofessoratividades.com.br\\\/#\\\/schema\\\/logo\\\/image\\\/\"},\"sameAs\":[\"https:\\\/\\\/www.facebook.com\\\/sosprofessoratividades\",\"https:\\\/\\\/www.instagram.com\\\/sosprofessoratividades\\\/\"]}]}<\/script>\n<!-- \/ Yoast SEO plugin. -->","yoast_head_json":{"title":"Sequ\u00eancia Did\u00e1tica sobre a Cientista brasileira Tatiana Sampaio - Loja SOS Professor Atividades","description":"Sequ\u00eancia did\u00e1tica sobre Tatiana Sampaio com texto, interpreta\u00e7\u00e3o, ca\u00e7a-palavras, plano de aula e gabarito para 4\u00ba e 5\u00ba ano alinhado \u00e0 BNCC.","robots":{"index":"index","follow":"follow","max-snippet":"max-snippet:-1","max-image-preview":"max-image-preview:large","max-video-preview":"max-video-preview:-1"},"canonical":"https:\/\/lojasosprofessoratividades.com.br\/en\/product\/sequencia-didatica-sobre-a-cientista-brasileira-tatiana-sampaio\/","og_locale":"en_US","og_type":"article","og_title":"Sequ\u00eancia Did\u00e1tica sobre a Cientista brasileira Tatiana Sampaio - Loja SOS Professor Atividades","og_description":"Sequ\u00eancia did\u00e1tica sobre Tatiana Sampaio com texto, interpreta\u00e7\u00e3o, ca\u00e7a-palavras, plano de aula e gabarito para 4\u00ba e 5\u00ba ano alinhado \u00e0 BNCC.","og_url":"https:\/\/lojasosprofessoratividades.com.br\/en\/product\/sequencia-didatica-sobre-a-cientista-brasileira-tatiana-sampaio\/","og_site_name":"Loja SOS Professor Atividades","article_publisher":"https:\/\/www.facebook.com\/sosprofessoratividades","article_modified_time":"2026-02-25T11:12:23+00:00","og_image":[{"width":800,"height":693,"url":"https:\/\/lojasosprofessoratividades.com.br\/wp-content\/uploads\/2026\/02\/Tatiana-Sampaio-1.jpg","type":"image\/jpeg"}],"twitter_card":"summary_large_image","twitter_misc":{"Est. reading time":"1 minute"},"schema":{"@context":"https:\/\/schema.org","@graph":[{"@type":"WebPage","@id":"https:\/\/lojasosprofessoratividades.com.br\/produto\/sequencia-didatica-sobre-a-cientista-brasileira-tatiana-sampaio\/","url":"https:\/\/lojasosprofessoratividades.com.br\/produto\/sequencia-didatica-sobre-a-cientista-brasileira-tatiana-sampaio\/","name":"Sequ\u00eancia Did\u00e1tica sobre a Cientista brasileira Tatiana Sampaio - Loja SOS Professor Atividades","isPartOf":{"@id":"https:\/\/lojasosprofessoratividades.com.br\/#website"},"primaryImageOfPage":{"@id":"https:\/\/lojasosprofessoratividades.com.br\/produto\/sequencia-didatica-sobre-a-cientista-brasileira-tatiana-sampaio\/#primaryimage"},"image":{"@id":"https:\/\/lojasosprofessoratividades.com.br\/produto\/sequencia-didatica-sobre-a-cientista-brasileira-tatiana-sampaio\/#primaryimage"},"thumbnailUrl":"https:\/\/lojasosprofessoratividades.com.br\/wp-content\/uploads\/2026\/02\/Tatiana-Sampaio-1.jpg","datePublished":"2026-02-18T19:27:02+00:00","dateModified":"2026-02-25T11:12:23+00:00","description":"Sequ\u00eancia did\u00e1tica sobre Tatiana Sampaio com texto, interpreta\u00e7\u00e3o, ca\u00e7a-palavras, plano de aula e gabarito para 4\u00ba e 5\u00ba ano alinhado \u00e0 BNCC.","breadcrumb":{"@id":"https:\/\/lojasosprofessoratividades.com.br\/produto\/sequencia-didatica-sobre-a-cientista-brasileira-tatiana-sampaio\/#breadcrumb"},"inLanguage":"en-US","potentialAction":[{"@type":"ReadAction","target":["https:\/\/lojasosprofessoratividades.com.br\/produto\/sequencia-didatica-sobre-a-cientista-brasileira-tatiana-sampaio\/"]}]},{"@type":"ImageObject","inLanguage":"en-US","@id":"https:\/\/lojasosprofessoratividades.com.br\/produto\/sequencia-didatica-sobre-a-cientista-brasileira-tatiana-sampaio\/#primaryimage","url":"https:\/\/lojasosprofessoratividades.com.br\/wp-content\/uploads\/2026\/02\/Tatiana-Sampaio-1.jpg","contentUrl":"https:\/\/lojasosprofessoratividades.com.br\/wp-content\/uploads\/2026\/02\/Tatiana-Sampaio-1.jpg","width":800,"height":693},{"@type":"BreadcrumbList","@id":"https:\/\/lojasosprofessoratividades.com.br\/produto\/sequencia-didatica-sobre-a-cientista-brasileira-tatiana-sampaio\/#breadcrumb","itemListElement":[{"@type":"ListItem","position":1,"name":"In\u00edcio","item":"https:\/\/lojasosprofessoratividades.com.br\/"},{"@type":"ListItem","position":2,"name":"Loja","item":"https:\/\/lojasosprofessoratividades.com.br\/loja\/"},{"@type":"ListItem","position":3,"name":"Sequ\u00eancia Did\u00e1tica sobre a Cientista brasileira Tatiana Sampaio"}]},{"@type":"WebSite","@id":"https:\/\/lojasosprofessoratividades.com.br\/#website","url":"https:\/\/lojasosprofessoratividades.com.br\/","name":"Loja SOS Professor Atividades","description":"Venda de material did\u00e1tico para o ensino fundamental","publisher":{"@id":"https:\/\/lojasosprofessoratividades.com.br\/#organization"},"potentialAction":[{"@type":"SearchAction","target":{"@type":"EntryPoint","urlTemplate":"https:\/\/lojasosprofessoratividades.com.br\/?s={search_term_string}"},"query-input":{"@type":"PropertyValueSpecification","valueRequired":true,"valueName":"search_term_string"}}],"inLanguage":"en-US"},{"@type":"Organization","@id":"https:\/\/lojasosprofessoratividades.com.br\/#organization","name":"Loja SOS Professor Atividades","url":"https:\/\/lojasosprofessoratividades.com.br\/","logo":{"@type":"ImageObject","inLanguage":"en-US","@id":"https:\/\/lojasosprofessoratividades.com.br\/#\/schema\/logo\/image\/","url":"http:\/\/lojasosprofessoratividades.com.br\/wp-content\/uploads\/2022\/04\/Logo.png","contentUrl":"http:\/\/lojasosprofessoratividades.com.br\/wp-content\/uploads\/2022\/04\/Logo.png","width":2000,"height":2000,"caption":"Loja SOS Professor Atividades"},"image":{"@id":"https:\/\/lojasosprofessoratividades.com.br\/#\/schema\/logo\/image\/"},"sameAs":["https:\/\/www.facebook.com\/sosprofessoratividades","https:\/\/www.instagram.com\/sosprofessoratividades\/"]}]}},"_links":{"self":[{"href":"https:\/\/lojasosprofessoratividades.com.br\/en\/wp-json\/wp\/v2\/product\/37797","targetHints":{"allow":["GET"]}}],"collection":[{"href":"https:\/\/lojasosprofessoratividades.com.br\/en\/wp-json\/wp\/v2\/product"}],"about":[{"href":"https:\/\/lojasosprofessoratividades.com.br\/en\/wp-json\/wp\/v2\/types\/product"}],"replies":[{"embeddable":true,"href":"https:\/\/lojasosprofessoratividades.com.br\/en\/wp-json\/wp\/v2\/comments?post=37797"}],"wp:featuredmedia":[{"embeddable":true,"href":"https:\/\/lojasosprofessoratividades.com.br\/en\/wp-json\/wp\/v2\/media\/37805"}],"wp:attachment":[{"href":"https:\/\/lojasosprofessoratividades.com.br\/en\/wp-json\/wp\/v2\/media?parent=37797"}],"wp:term":[{"taxonomy":"product_brand","embeddable":true,"href":"https:\/\/lojasosprofessoratividades.com.br\/en\/wp-json\/wp\/v2\/product_brand?post=37797"},{"taxonomy":"product_cat","embeddable":true,"href":"https:\/\/lojasosprofessoratividades.com.br\/en\/wp-json\/wp\/v2\/product_cat?post=37797"},{"taxonomy":"product_tag","embeddable":true,"href":"https:\/\/lojasosprofessoratividades.com.br\/en\/wp-json\/wp\/v2\/product_tag?post=37797"}],"curies":[{"name":"wp","href":"https:\/\/api.w.org\/{rel}","templated":true}]}}