{"id":37894,"date":"2026-02-21T12:32:04","date_gmt":"2026-02-21T15:32:04","guid":{"rendered":"https:\/\/lojasosprofessoratividades.com.br\/?post_type=product&#038;p=37894"},"modified":"2026-02-25T08:13:50","modified_gmt":"2026-02-25T11:13:50","slug":"cientista-mariangela-hungria-3o-ano-fundamental","status":"publish","type":"product","link":"https:\/\/lojasosprofessoratividades.com.br\/en\/product\/cientista-mariangela-hungria-3o-ano-fundamental\/","title":{"rendered":"Cientista Mariangela Hungria \u2013 3\u00ba Ano Fundamental"},"content":{"rendered":"","protected":false},"excerpt":{"rendered":"<p data-start=\"91\" data-end=\"204\">Material pedag\u00f3gico pronto para aplicar em sala de aula, ideal para turmas do <strong data-start=\"169\" data-end=\"203\">3\u00ba ano do Ensino Fundamental I<\/strong>.<\/p>\n<p data-start=\"206\" data-end=\"369\">Este arquivo foi cuidadosamente elaborado para desenvolver leitura, interpreta\u00e7\u00e3o, amplia\u00e7\u00e3o de vocabul\u00e1rio e racioc\u00ednio l\u00f3gico de forma integrada e significativa.<\/p>\n<h2 data-start=\"376\" data-end=\"407\">O que cont\u00e9m no material:<\/h2>\n<p data-start=\"409\" data-end=\"767\">\u2714\ufe0f Texto informativo atual e contextualizado<br data-start=\"453\" data-end=\"456\" \/>\u2714\ufe0f Atividades de interpreta\u00e7\u00e3o textual<br data-start=\"494\" data-end=\"497\" \/>\u2714\ufe0f Uso do dicion\u00e1rio (amplia\u00e7\u00e3o de vocabul\u00e1rio)<br data-start=\"544\" data-end=\"547\" \/>\u2714\ufe0f Pesquisa dirigida sobre a <span class=\"hover:entity-accent entity-underline inline cursor-pointer align-baseline\"><span class=\"whitespace-normal\">Embrapa<\/span><\/span><br data-start=\"613\" data-end=\"616\" \/>\u2714\ufe0f Quebra-cabe\u00e7a matem\u00e1tico com as 4 opera\u00e7\u00f5es\u00a0<br data-start=\"707\" data-end=\"710\" \/>\u2714\ufe0f Plano de aula alinhado \u00e0 BNCC<br data-start=\"742\" data-end=\"745\" \/>\u2714\ufe0f Gabarito completo<\/p>\n<h2 data-start=\"1005\" data-end=\"1035\">Informa\u00e7\u00f5es importantes:<\/h2>\n<p data-start=\"1037\" data-end=\"1169\">Arquivo em PDF<br data-start=\"1054\" data-end=\"1057\" \/>Material N\u00c3O edit\u00e1vel<br data-start=\"1081\" data-end=\"1084\" \/>Pronto para imprimir e aplicar<br data-start=\"1117\" data-end=\"1120\" \/>Indicado para 3\u00ba ano do Ensino Fundamental I<\/p>\n<h3>N\u00e3o enviamos por e-mail, a entrega \u00e9 via link para download.\u00a0<img decoding=\"async\" class=\"emoji\" role=\"img\" draggable=\"false\" src=\"https:\/\/s.w.org\/images\/core\/emoji\/17.0.2\/svg\/1f447.svg\" alt=\"\ud83d\udc47\" \/><\/h3>\n<p><img loading=\"lazy\" decoding=\"async\" class=\"alignnone wp-image-38009 size-full\" src=\"https:\/\/lojasosprofessoratividades.com.br\/wp-content\/uploads\/2026\/02\/Como-baixar-2.jpg\" alt=\"\" width=\"446\" height=\"251\" srcset=\"https:\/\/lojasosprofessoratividades.com.br\/wp-content\/uploads\/2026\/02\/Como-baixar-2.jpg 446w, https:\/\/lojasosprofessoratividades.com.br\/wp-content\/uploads\/2026\/02\/Como-baixar-2-300x169.jpg 300w, https:\/\/lojasosprofessoratividades.com.br\/wp-content\/uploads\/2026\/02\/Como-baixar-2-18x10.jpg 18w\" sizes=\"auto, (max-width: 446px) 100vw, 446px\" \/><\/p>","protected":false},"featured_media":37897,"comment_status":"open","ping_status":"closed","template":"","meta":[],"product_brand":[],"product_cat":[124,190,214,188,189],"product_tag":[3582,3586,403,3567,3584,1847,3583,3587,3589,3590,3588,3585],"class_list":{"0":"post-37894","1":"product","2":"type-product","3":"status-publish","4":"has-post-thumbnail","6":"product_cat-3o-ano","7":"product_cat-ciencias-3-ano","8":"product_cat-data-comemorativa-3-ano","9":"product_cat-matematica-3-ano","10":"product_cat-portugues-3-ano","11":"product_tag-atividade-3o-ano-fundamental","12":"product_tag-atividade-interdisciplinar-3o-ano","13":"product_tag-dia-da-mulher","14":"product_tag-dia-internacional-da-mulher","15":"product_tag-embrapa-3o-ano","16":"product_tag-interpretacao-de-texto-3o-ano","17":"product_tag-mariangela-hungria-atividade","18":"product_tag-matematica-4-operacoes-3o-ano","19":"product_tag-material-pronto-para-imprimir","20":"product_tag-pdf-educativo-3o-ano","21":"product_tag-plano-de-aula-bncc-3o-ano","22":"product_tag-texto-informativo-ensino-fundamental","24":"first","25":"instock","26":"downloadable","27":"sold-individually","28":"shipping-taxable","29":"purchasable","30":"product-type-simple"},"yoast_head":"<!-- This site is optimized with the Yoast SEO plugin v27.3 - https:\/\/yoast.com\/product\/yoast-seo-wordpress\/ -->\n<title>Cientista Mariangela Hungria \u2013 3\u00ba Ano Fundamental - Loja SOS Professor Atividades<\/title>\n<meta name=\"description\" content=\"Atividade 3\u00ba ano sobre Mariangela Hungria com texto informativo, interpreta\u00e7\u00e3o, pesquisa, matem\u00e1tica, plano de aula BNCC e gabarito em PDF.\" \/>\n<meta name=\"robots\" content=\"index, follow, max-snippet:-1, max-image-preview:large, max-video-preview:-1\" \/>\n<link rel=\"canonical\" href=\"https:\/\/lojasosprofessoratividades.com.br\/en\/product\/cientista-mariangela-hungria-3o-ano-fundamental\/\" \/>\n<meta property=\"og:locale\" content=\"en_US\" \/>\n<meta property=\"og:type\" content=\"article\" \/>\n<meta property=\"og:title\" content=\"Cientista Mariangela Hungria \u2013 3\u00ba Ano Fundamental - Loja SOS Professor Atividades\" \/>\n<meta property=\"og:description\" content=\"Atividade 3\u00ba ano sobre Mariangela Hungria com texto informativo, interpreta\u00e7\u00e3o, pesquisa, matem\u00e1tica, plano de aula BNCC e gabarito em PDF.\" \/>\n<meta property=\"og:url\" content=\"https:\/\/lojasosprofessoratividades.com.br\/en\/product\/cientista-mariangela-hungria-3o-ano-fundamental\/\" \/>\n<meta property=\"og:site_name\" content=\"Loja SOS Professor Atividades\" \/>\n<meta property=\"article:publisher\" content=\"https:\/\/www.facebook.com\/sosprofessoratividades\" \/>\n<meta property=\"article:modified_time\" content=\"2026-02-25T11:13:50+00:00\" \/>\n<meta property=\"og:image\" content=\"https:\/\/lojasosprofessoratividades.com.br\/wp-content\/uploads\/2026\/02\/Mariangela-Hungria-1.jpg\" \/>\n\t<meta property=\"og:image:width\" content=\"800\" \/>\n\t<meta property=\"og:image:height\" content=\"693\" \/>\n\t<meta property=\"og:image:type\" content=\"image\/jpeg\" \/>\n<meta name=\"twitter:card\" content=\"summary_large_image\" \/>\n<meta name=\"twitter:label1\" content=\"Est. reading time\" \/>\n\t<meta name=\"twitter:data1\" content=\"1 minute\" \/>\n<script type=\"application\/ld+json\" class=\"yoast-schema-graph\">{\"@context\":\"https:\\\/\\\/schema.org\",\"@graph\":[{\"@type\":\"WebPage\",\"@id\":\"https:\\\/\\\/lojasosprofessoratividades.com.br\\\/produto\\\/cientista-mariangela-hungria-3o-ano-fundamental\\\/\",\"url\":\"https:\\\/\\\/lojasosprofessoratividades.com.br\\\/produto\\\/cientista-mariangela-hungria-3o-ano-fundamental\\\/\",\"name\":\"Cientista Mariangela Hungria \u2013 3\u00ba Ano Fundamental - Loja SOS Professor Atividades\",\"isPartOf\":{\"@id\":\"https:\\\/\\\/lojasosprofessoratividades.com.br\\\/#website\"},\"primaryImageOfPage\":{\"@id\":\"https:\\\/\\\/lojasosprofessoratividades.com.br\\\/produto\\\/cientista-mariangela-hungria-3o-ano-fundamental\\\/#primaryimage\"},\"image\":{\"@id\":\"https:\\\/\\\/lojasosprofessoratividades.com.br\\\/produto\\\/cientista-mariangela-hungria-3o-ano-fundamental\\\/#primaryimage\"},\"thumbnailUrl\":\"https:\\\/\\\/lojasosprofessoratividades.com.br\\\/wp-content\\\/uploads\\\/2026\\\/02\\\/Mariangela-Hungria-1.jpg\",\"datePublished\":\"2026-02-21T15:32:04+00:00\",\"dateModified\":\"2026-02-25T11:13:50+00:00\",\"description\":\"Atividade 3\u00ba ano sobre Mariangela Hungria com texto informativo, interpreta\u00e7\u00e3o, pesquisa, matem\u00e1tica, plano de aula BNCC e gabarito em PDF.\",\"breadcrumb\":{\"@id\":\"https:\\\/\\\/lojasosprofessoratividades.com.br\\\/produto\\\/cientista-mariangela-hungria-3o-ano-fundamental\\\/#breadcrumb\"},\"inLanguage\":\"en-US\",\"potentialAction\":[{\"@type\":\"ReadAction\",\"target\":[\"https:\\\/\\\/lojasosprofessoratividades.com.br\\\/produto\\\/cientista-mariangela-hungria-3o-ano-fundamental\\\/\"]}]},{\"@type\":\"ImageObject\",\"inLanguage\":\"en-US\",\"@id\":\"https:\\\/\\\/lojasosprofessoratividades.com.br\\\/produto\\\/cientista-mariangela-hungria-3o-ano-fundamental\\\/#primaryimage\",\"url\":\"https:\\\/\\\/lojasosprofessoratividades.com.br\\\/wp-content\\\/uploads\\\/2026\\\/02\\\/Mariangela-Hungria-1.jpg\",\"contentUrl\":\"https:\\\/\\\/lojasosprofessoratividades.com.br\\\/wp-content\\\/uploads\\\/2026\\\/02\\\/Mariangela-Hungria-1.jpg\",\"width\":800,\"height\":693,\"caption\":\"Mariangela Hungria\"},{\"@type\":\"BreadcrumbList\",\"@id\":\"https:\\\/\\\/lojasosprofessoratividades.com.br\\\/produto\\\/cientista-mariangela-hungria-3o-ano-fundamental\\\/#breadcrumb\",\"itemListElement\":[{\"@type\":\"ListItem\",\"position\":1,\"name\":\"In\u00edcio\",\"item\":\"https:\\\/\\\/lojasosprofessoratividades.com.br\\\/\"},{\"@type\":\"ListItem\",\"position\":2,\"name\":\"Loja\",\"item\":\"https:\\\/\\\/lojasosprofessoratividades.com.br\\\/loja\\\/\"},{\"@type\":\"ListItem\",\"position\":3,\"name\":\"Cientista Mariangela Hungria \u2013 3\u00ba Ano Fundamental\"}]},{\"@type\":\"WebSite\",\"@id\":\"https:\\\/\\\/lojasosprofessoratividades.com.br\\\/#website\",\"url\":\"https:\\\/\\\/lojasosprofessoratividades.com.br\\\/\",\"name\":\"Loja SOS Professor Atividades\",\"description\":\"Venda de material did\u00e1tico para o ensino fundamental\",\"publisher\":{\"@id\":\"https:\\\/\\\/lojasosprofessoratividades.com.br\\\/#organization\"},\"potentialAction\":[{\"@type\":\"SearchAction\",\"target\":{\"@type\":\"EntryPoint\",\"urlTemplate\":\"https:\\\/\\\/lojasosprofessoratividades.com.br\\\/?s={search_term_string}\"},\"query-input\":{\"@type\":\"PropertyValueSpecification\",\"valueRequired\":true,\"valueName\":\"search_term_string\"}}],\"inLanguage\":\"en-US\"},{\"@type\":\"Organization\",\"@id\":\"https:\\\/\\\/lojasosprofessoratividades.com.br\\\/#organization\",\"name\":\"Loja SOS Professor Atividades\",\"url\":\"https:\\\/\\\/lojasosprofessoratividades.com.br\\\/\",\"logo\":{\"@type\":\"ImageObject\",\"inLanguage\":\"en-US\",\"@id\":\"https:\\\/\\\/lojasosprofessoratividades.com.br\\\/#\\\/schema\\\/logo\\\/image\\\/\",\"url\":\"http:\\\/\\\/lojasosprofessoratividades.com.br\\\/wp-content\\\/uploads\\\/2022\\\/04\\\/Logo.png\",\"contentUrl\":\"http:\\\/\\\/lojasosprofessoratividades.com.br\\\/wp-content\\\/uploads\\\/2022\\\/04\\\/Logo.png\",\"width\":2000,\"height\":2000,\"caption\":\"Loja SOS Professor Atividades\"},\"image\":{\"@id\":\"https:\\\/\\\/lojasosprofessoratividades.com.br\\\/#\\\/schema\\\/logo\\\/image\\\/\"},\"sameAs\":[\"https:\\\/\\\/www.facebook.com\\\/sosprofessoratividades\",\"https:\\\/\\\/www.instagram.com\\\/sosprofessoratividades\\\/\"]}]}<\/script>\n<!-- \/ Yoast SEO plugin. -->","yoast_head_json":{"title":"Cientista Mariangela Hungria \u2013 3\u00ba Ano Fundamental - Loja SOS Professor Atividades","description":"Atividade 3\u00ba ano sobre Mariangela Hungria com texto informativo, interpreta\u00e7\u00e3o, pesquisa, matem\u00e1tica, plano de aula BNCC e gabarito em PDF.","robots":{"index":"index","follow":"follow","max-snippet":"max-snippet:-1","max-image-preview":"max-image-preview:large","max-video-preview":"max-video-preview:-1"},"canonical":"https:\/\/lojasosprofessoratividades.com.br\/en\/product\/cientista-mariangela-hungria-3o-ano-fundamental\/","og_locale":"en_US","og_type":"article","og_title":"Cientista Mariangela Hungria \u2013 3\u00ba Ano Fundamental - Loja SOS Professor Atividades","og_description":"Atividade 3\u00ba ano sobre Mariangela Hungria com texto informativo, interpreta\u00e7\u00e3o, pesquisa, matem\u00e1tica, plano de aula BNCC e gabarito em PDF.","og_url":"https:\/\/lojasosprofessoratividades.com.br\/en\/product\/cientista-mariangela-hungria-3o-ano-fundamental\/","og_site_name":"Loja SOS Professor Atividades","article_publisher":"https:\/\/www.facebook.com\/sosprofessoratividades","article_modified_time":"2026-02-25T11:13:50+00:00","og_image":[{"width":800,"height":693,"url":"https:\/\/lojasosprofessoratividades.com.br\/wp-content\/uploads\/2026\/02\/Mariangela-Hungria-1.jpg","type":"image\/jpeg"}],"twitter_card":"summary_large_image","twitter_misc":{"Est. reading time":"1 minute"},"schema":{"@context":"https:\/\/schema.org","@graph":[{"@type":"WebPage","@id":"https:\/\/lojasosprofessoratividades.com.br\/produto\/cientista-mariangela-hungria-3o-ano-fundamental\/","url":"https:\/\/lojasosprofessoratividades.com.br\/produto\/cientista-mariangela-hungria-3o-ano-fundamental\/","name":"Cientista Mariangela Hungria \u2013 3\u00ba Ano Fundamental - Loja SOS Professor Atividades","isPartOf":{"@id":"https:\/\/lojasosprofessoratividades.com.br\/#website"},"primaryImageOfPage":{"@id":"https:\/\/lojasosprofessoratividades.com.br\/produto\/cientista-mariangela-hungria-3o-ano-fundamental\/#primaryimage"},"image":{"@id":"https:\/\/lojasosprofessoratividades.com.br\/produto\/cientista-mariangela-hungria-3o-ano-fundamental\/#primaryimage"},"thumbnailUrl":"https:\/\/lojasosprofessoratividades.com.br\/wp-content\/uploads\/2026\/02\/Mariangela-Hungria-1.jpg","datePublished":"2026-02-21T15:32:04+00:00","dateModified":"2026-02-25T11:13:50+00:00","description":"Atividade 3\u00ba ano sobre Mariangela Hungria com texto informativo, interpreta\u00e7\u00e3o, pesquisa, matem\u00e1tica, plano de aula BNCC e gabarito em PDF.","breadcrumb":{"@id":"https:\/\/lojasosprofessoratividades.com.br\/produto\/cientista-mariangela-hungria-3o-ano-fundamental\/#breadcrumb"},"inLanguage":"en-US","potentialAction":[{"@type":"ReadAction","target":["https:\/\/lojasosprofessoratividades.com.br\/produto\/cientista-mariangela-hungria-3o-ano-fundamental\/"]}]},{"@type":"ImageObject","inLanguage":"en-US","@id":"https:\/\/lojasosprofessoratividades.com.br\/produto\/cientista-mariangela-hungria-3o-ano-fundamental\/#primaryimage","url":"https:\/\/lojasosprofessoratividades.com.br\/wp-content\/uploads\/2026\/02\/Mariangela-Hungria-1.jpg","contentUrl":"https:\/\/lojasosprofessoratividades.com.br\/wp-content\/uploads\/2026\/02\/Mariangela-Hungria-1.jpg","width":800,"height":693,"caption":"Mariangela Hungria"},{"@type":"BreadcrumbList","@id":"https:\/\/lojasosprofessoratividades.com.br\/produto\/cientista-mariangela-hungria-3o-ano-fundamental\/#breadcrumb","itemListElement":[{"@type":"ListItem","position":1,"name":"In\u00edcio","item":"https:\/\/lojasosprofessoratividades.com.br\/"},{"@type":"ListItem","position":2,"name":"Loja","item":"https:\/\/lojasosprofessoratividades.com.br\/loja\/"},{"@type":"ListItem","position":3,"name":"Cientista Mariangela Hungria \u2013 3\u00ba Ano Fundamental"}]},{"@type":"WebSite","@id":"https:\/\/lojasosprofessoratividades.com.br\/#website","url":"https:\/\/lojasosprofessoratividades.com.br\/","name":"Loja SOS Professor Atividades","description":"Venda de material did\u00e1tico para o ensino fundamental","publisher":{"@id":"https:\/\/lojasosprofessoratividades.com.br\/#organization"},"potentialAction":[{"@type":"SearchAction","target":{"@type":"EntryPoint","urlTemplate":"https:\/\/lojasosprofessoratividades.com.br\/?s={search_term_string}"},"query-input":{"@type":"PropertyValueSpecification","valueRequired":true,"valueName":"search_term_string"}}],"inLanguage":"en-US"},{"@type":"Organization","@id":"https:\/\/lojasosprofessoratividades.com.br\/#organization","name":"Loja SOS Professor Atividades","url":"https:\/\/lojasosprofessoratividades.com.br\/","logo":{"@type":"ImageObject","inLanguage":"en-US","@id":"https:\/\/lojasosprofessoratividades.com.br\/#\/schema\/logo\/image\/","url":"http:\/\/lojasosprofessoratividades.com.br\/wp-content\/uploads\/2022\/04\/Logo.png","contentUrl":"http:\/\/lojasosprofessoratividades.com.br\/wp-content\/uploads\/2022\/04\/Logo.png","width":2000,"height":2000,"caption":"Loja SOS Professor Atividades"},"image":{"@id":"https:\/\/lojasosprofessoratividades.com.br\/#\/schema\/logo\/image\/"},"sameAs":["https:\/\/www.facebook.com\/sosprofessoratividades","https:\/\/www.instagram.com\/sosprofessoratividades\/"]}]}},"_links":{"self":[{"href":"https:\/\/lojasosprofessoratividades.com.br\/en\/wp-json\/wp\/v2\/product\/37894","targetHints":{"allow":["GET"]}}],"collection":[{"href":"https:\/\/lojasosprofessoratividades.com.br\/en\/wp-json\/wp\/v2\/product"}],"about":[{"href":"https:\/\/lojasosprofessoratividades.com.br\/en\/wp-json\/wp\/v2\/types\/product"}],"replies":[{"embeddable":true,"href":"https:\/\/lojasosprofessoratividades.com.br\/en\/wp-json\/wp\/v2\/comments?post=37894"}],"wp:featuredmedia":[{"embeddable":true,"href":"https:\/\/lojasosprofessoratividades.com.br\/en\/wp-json\/wp\/v2\/media\/37897"}],"wp:attachment":[{"href":"https:\/\/lojasosprofessoratividades.com.br\/en\/wp-json\/wp\/v2\/media?parent=37894"}],"wp:term":[{"taxonomy":"product_brand","embeddable":true,"href":"https:\/\/lojasosprofessoratividades.com.br\/en\/wp-json\/wp\/v2\/product_brand?post=37894"},{"taxonomy":"product_cat","embeddable":true,"href":"https:\/\/lojasosprofessoratividades.com.br\/en\/wp-json\/wp\/v2\/product_cat?post=37894"},{"taxonomy":"product_tag","embeddable":true,"href":"https:\/\/lojasosprofessoratividades.com.br\/en\/wp-json\/wp\/v2\/product_tag?post=37894"}],"curies":[{"name":"wp","href":"https:\/\/api.w.org\/{rel}","templated":true}]}}