{"id":37907,"date":"2026-02-21T20:44:48","date_gmt":"2026-02-21T23:44:48","guid":{"rendered":"https:\/\/lojasosprofessoratividades.com.br\/?post_type=product&#038;p=37907"},"modified":"2026-02-25T08:10:40","modified_gmt":"2026-02-25T11:10:40","slug":"folder-tatiana-sampaio-3o-ao-5o-ano","status":"publish","type":"product","link":"https:\/\/lojasosprofessoratividades.com.br\/en\/product\/folder-tatiana-sampaio-3o-ao-5o-ano\/","title":{"rendered":"Folder Tatiana Sampaio | 3\u00ba ao 5\u00ba Ano"},"content":{"rendered":"","protected":false},"excerpt":{"rendered":"<p data-start=\"47\" data-end=\"204\">Leve para sua sala de aula a hist\u00f3ria inspiradora de uma <strong data-start=\"104\" data-end=\"135\">mulher cientista brasileira<\/strong> que contribui para a ci\u00eancia com pesquisas sobre regenera\u00e7\u00e3o neural.<\/p>\n<p data-start=\"206\" data-end=\"355\">Este material foi desenvolvido para turmas do <strong data-start=\"252\" data-end=\"268\">3\u00ba ao 5\u00ba ano<\/strong>, com linguagem acess\u00edvel e atividades que estimulam leitura, interpreta\u00e7\u00e3o e reflex\u00e3o.<\/p>\n<h3 data-start=\"357\" data-end=\"416\">O que voc\u00ea encontrar\u00e1 no arquivo (PDF n\u00e3o edit\u00e1vel):<\/h3>\n<p data-start=\"417\" data-end=\"531\">\u2714 Texto informativo<br data-start=\"436\" data-end=\"439\" \/>\u2714 Atividades de interpreta\u00e7\u00e3o textual<br data-start=\"476\" data-end=\"479\" \/>\u2714 Ca\u00e7a-palavras<br data-start=\"494\" data-end=\"497\" \/>\u2714 Produ\u00e7\u00e3o de texto<br data-start=\"516\" data-end=\"519\" \/>\u2714 Gabarito<\/p>\n<p data-start=\"533\" data-end=\"563\">Dispon\u00edvel em duas vers\u00f5es:<\/p>\n<ul data-start=\"564\" data-end=\"593\">\n<li data-start=\"564\" data-end=\"576\">\n<p data-start=\"566\" data-end=\"576\">Colorida<\/p>\n<\/li>\n<li data-start=\"577\" data-end=\"593\">\n<p data-start=\"579\" data-end=\"593\">Para colorir<\/p>\n<\/li>\n<\/ul>\n<p data-start=\"793\" data-end=\"862\">Inspire seus alunos com conhecimento, ci\u00eancia e representatividade!<\/p>\n<h3>N\u00e3o enviamos por e-mail, a entrega \u00e9 via link para download.\u00a0<img decoding=\"async\" class=\"emoji\" role=\"img\" draggable=\"false\" src=\"https:\/\/s.w.org\/images\/core\/emoji\/17.0.2\/svg\/1f447.svg\" alt=\"\ud83d\udc47\" \/><\/h3>\n<p>&nbsp;<\/p>\n<p><img loading=\"lazy\" decoding=\"async\" class=\"alignnone wp-image-38009 size-full\" src=\"https:\/\/lojasosprofessoratividades.com.br\/wp-content\/uploads\/2026\/02\/Como-baixar-2.jpg\" alt=\"\" width=\"446\" height=\"251\" srcset=\"https:\/\/lojasosprofessoratividades.com.br\/wp-content\/uploads\/2026\/02\/Como-baixar-2.jpg 446w, https:\/\/lojasosprofessoratividades.com.br\/wp-content\/uploads\/2026\/02\/Como-baixar-2-300x169.jpg 300w, https:\/\/lojasosprofessoratividades.com.br\/wp-content\/uploads\/2026\/02\/Como-baixar-2-18x10.jpg 18w\" sizes=\"auto, (max-width: 446px) 100vw, 446px\" \/><\/p>","protected":false},"featured_media":37909,"comment_status":"open","ping_status":"closed","template":"","meta":[],"product_brand":[],"product_cat":[124,125,127,206,190,196,214,216,218,195,204,189],"product_tag":[274,253,248,2775,3047,792,403,3567,3591,250,3580,338,342,3577],"class_list":{"0":"post-37907","1":"product","2":"type-product","3":"status-publish","4":"has-post-thumbnail","6":"product_cat-3o-ano","7":"product_cat-4o-ano","8":"product_cat-5o-ano","9":"product_cat-ciencias-5-ano","10":"product_cat-ciencias-3-ano","11":"product_cat-ciencias-4-ano","12":"product_cat-data-comemorativa-3-ano","13":"product_cat-data-comemorativa-4-ano","14":"product_cat-data-comemorativa-5-ano","15":"product_cat-portugues-4-ano","16":"product_cat-portugues-5-anos","17":"product_cat-portugues-3-ano","18":"product_tag-3o-ano","19":"product_tag-4o-ano","20":"product_tag-5o-ano","21":"product_tag-atividades-bncc","22":"product_tag-atividades-ensino-fundamental-1","23":"product_tag-caca-palavras","24":"product_tag-dia-da-mulher","25":"product_tag-dia-internacional-da-mulher","26":"product_tag-folder-pedagogico","27":"product_tag-interpretacao-de-texto","28":"product_tag-mulher-cientista","29":"product_tag-producao-textual","30":"product_tag-sequencia-didatica","31":"product_tag-tatiana-sampaio","33":"first","34":"instock","35":"downloadable","36":"sold-individually","37":"shipping-taxable","38":"purchasable","39":"product-type-simple"},"yoast_head":"<!-- This site is optimized with the Yoast SEO plugin v27.3 - https:\/\/yoast.com\/product\/yoast-seo-wordpress\/ -->\n<title>Folder Tatiana Sampaio | 3\u00ba ao 5\u00ba Ano - Loja SOS Professor Atividades<\/title>\n<meta name=\"description\" content=\"Folder Tatiana Sampaio para 3\u00ba ao 5\u00ba ano com texto informativo, interpreta\u00e7\u00e3o, ca\u00e7a-palavras, produ\u00e7\u00e3o textual e gabarito. Vers\u00e3o colorida e para colorir.\" \/>\n<meta name=\"robots\" content=\"index, follow, max-snippet:-1, max-image-preview:large, max-video-preview:-1\" \/>\n<link rel=\"canonical\" href=\"https:\/\/lojasosprofessoratividades.com.br\/en\/product\/folder-tatiana-sampaio-3o-ao-5o-ano\/\" \/>\n<meta property=\"og:locale\" content=\"en_US\" \/>\n<meta property=\"og:type\" content=\"article\" \/>\n<meta property=\"og:title\" content=\"Folder Tatiana Sampaio | 3\u00ba ao 5\u00ba Ano - Loja SOS Professor Atividades\" \/>\n<meta property=\"og:description\" content=\"Folder Tatiana Sampaio para 3\u00ba ao 5\u00ba ano com texto informativo, interpreta\u00e7\u00e3o, ca\u00e7a-palavras, produ\u00e7\u00e3o textual e gabarito. Vers\u00e3o colorida e para colorir.\" \/>\n<meta property=\"og:url\" content=\"https:\/\/lojasosprofessoratividades.com.br\/en\/product\/folder-tatiana-sampaio-3o-ao-5o-ano\/\" \/>\n<meta property=\"og:site_name\" content=\"Loja SOS Professor Atividades\" \/>\n<meta property=\"article:publisher\" content=\"https:\/\/www.facebook.com\/sosprofessoratividades\" \/>\n<meta property=\"article:modified_time\" content=\"2026-02-25T11:10:40+00:00\" \/>\n<meta property=\"og:image\" content=\"https:\/\/lojasosprofessoratividades.com.br\/wp-content\/uploads\/2026\/02\/Tatiana-Sampaio-Folder-1.jpg\" \/>\n\t<meta property=\"og:image:width\" content=\"800\" \/>\n\t<meta property=\"og:image:height\" content=\"693\" \/>\n\t<meta property=\"og:image:type\" content=\"image\/jpeg\" \/>\n<meta name=\"twitter:card\" content=\"summary_large_image\" \/>\n<meta name=\"twitter:label1\" content=\"Est. reading time\" \/>\n\t<meta name=\"twitter:data1\" content=\"1 minute\" \/>\n<script type=\"application\/ld+json\" class=\"yoast-schema-graph\">{\"@context\":\"https:\\\/\\\/schema.org\",\"@graph\":[{\"@type\":\"WebPage\",\"@id\":\"https:\\\/\\\/lojasosprofessoratividades.com.br\\\/produto\\\/folder-tatiana-sampaio-3o-ao-5o-ano\\\/\",\"url\":\"https:\\\/\\\/lojasosprofessoratividades.com.br\\\/produto\\\/folder-tatiana-sampaio-3o-ao-5o-ano\\\/\",\"name\":\"Folder Tatiana Sampaio | 3\u00ba ao 5\u00ba Ano - Loja SOS Professor Atividades\",\"isPartOf\":{\"@id\":\"https:\\\/\\\/lojasosprofessoratividades.com.br\\\/#website\"},\"primaryImageOfPage\":{\"@id\":\"https:\\\/\\\/lojasosprofessoratividades.com.br\\\/produto\\\/folder-tatiana-sampaio-3o-ao-5o-ano\\\/#primaryimage\"},\"image\":{\"@id\":\"https:\\\/\\\/lojasosprofessoratividades.com.br\\\/produto\\\/folder-tatiana-sampaio-3o-ao-5o-ano\\\/#primaryimage\"},\"thumbnailUrl\":\"https:\\\/\\\/lojasosprofessoratividades.com.br\\\/wp-content\\\/uploads\\\/2026\\\/02\\\/Tatiana-Sampaio-Folder-1.jpg\",\"datePublished\":\"2026-02-21T23:44:48+00:00\",\"dateModified\":\"2026-02-25T11:10:40+00:00\",\"description\":\"Folder Tatiana Sampaio para 3\u00ba ao 5\u00ba ano com texto informativo, interpreta\u00e7\u00e3o, ca\u00e7a-palavras, produ\u00e7\u00e3o textual e gabarito. Vers\u00e3o colorida e para colorir.\",\"breadcrumb\":{\"@id\":\"https:\\\/\\\/lojasosprofessoratividades.com.br\\\/produto\\\/folder-tatiana-sampaio-3o-ao-5o-ano\\\/#breadcrumb\"},\"inLanguage\":\"en-US\",\"potentialAction\":[{\"@type\":\"ReadAction\",\"target\":[\"https:\\\/\\\/lojasosprofessoratividades.com.br\\\/produto\\\/folder-tatiana-sampaio-3o-ao-5o-ano\\\/\"]}]},{\"@type\":\"ImageObject\",\"inLanguage\":\"en-US\",\"@id\":\"https:\\\/\\\/lojasosprofessoratividades.com.br\\\/produto\\\/folder-tatiana-sampaio-3o-ao-5o-ano\\\/#primaryimage\",\"url\":\"https:\\\/\\\/lojasosprofessoratividades.com.br\\\/wp-content\\\/uploads\\\/2026\\\/02\\\/Tatiana-Sampaio-Folder-1.jpg\",\"contentUrl\":\"https:\\\/\\\/lojasosprofessoratividades.com.br\\\/wp-content\\\/uploads\\\/2026\\\/02\\\/Tatiana-Sampaio-Folder-1.jpg\",\"width\":800,\"height\":693},{\"@type\":\"BreadcrumbList\",\"@id\":\"https:\\\/\\\/lojasosprofessoratividades.com.br\\\/produto\\\/folder-tatiana-sampaio-3o-ao-5o-ano\\\/#breadcrumb\",\"itemListElement\":[{\"@type\":\"ListItem\",\"position\":1,\"name\":\"In\u00edcio\",\"item\":\"https:\\\/\\\/lojasosprofessoratividades.com.br\\\/\"},{\"@type\":\"ListItem\",\"position\":2,\"name\":\"Loja\",\"item\":\"https:\\\/\\\/lojasosprofessoratividades.com.br\\\/loja\\\/\"},{\"@type\":\"ListItem\",\"position\":3,\"name\":\"Folder Tatiana Sampaio | 3\u00ba ao 5\u00ba Ano\"}]},{\"@type\":\"WebSite\",\"@id\":\"https:\\\/\\\/lojasosprofessoratividades.com.br\\\/#website\",\"url\":\"https:\\\/\\\/lojasosprofessoratividades.com.br\\\/\",\"name\":\"Loja SOS Professor Atividades\",\"description\":\"Venda de material did\u00e1tico para o ensino fundamental\",\"publisher\":{\"@id\":\"https:\\\/\\\/lojasosprofessoratividades.com.br\\\/#organization\"},\"potentialAction\":[{\"@type\":\"SearchAction\",\"target\":{\"@type\":\"EntryPoint\",\"urlTemplate\":\"https:\\\/\\\/lojasosprofessoratividades.com.br\\\/?s={search_term_string}\"},\"query-input\":{\"@type\":\"PropertyValueSpecification\",\"valueRequired\":true,\"valueName\":\"search_term_string\"}}],\"inLanguage\":\"en-US\"},{\"@type\":\"Organization\",\"@id\":\"https:\\\/\\\/lojasosprofessoratividades.com.br\\\/#organization\",\"name\":\"Loja SOS Professor Atividades\",\"url\":\"https:\\\/\\\/lojasosprofessoratividades.com.br\\\/\",\"logo\":{\"@type\":\"ImageObject\",\"inLanguage\":\"en-US\",\"@id\":\"https:\\\/\\\/lojasosprofessoratividades.com.br\\\/#\\\/schema\\\/logo\\\/image\\\/\",\"url\":\"http:\\\/\\\/lojasosprofessoratividades.com.br\\\/wp-content\\\/uploads\\\/2022\\\/04\\\/Logo.png\",\"contentUrl\":\"http:\\\/\\\/lojasosprofessoratividades.com.br\\\/wp-content\\\/uploads\\\/2022\\\/04\\\/Logo.png\",\"width\":2000,\"height\":2000,\"caption\":\"Loja SOS Professor Atividades\"},\"image\":{\"@id\":\"https:\\\/\\\/lojasosprofessoratividades.com.br\\\/#\\\/schema\\\/logo\\\/image\\\/\"},\"sameAs\":[\"https:\\\/\\\/www.facebook.com\\\/sosprofessoratividades\",\"https:\\\/\\\/www.instagram.com\\\/sosprofessoratividades\\\/\"]}]}<\/script>\n<!-- \/ Yoast SEO plugin. -->","yoast_head_json":{"title":"Folder Tatiana Sampaio | 3\u00ba ao 5\u00ba Ano - Loja SOS Professor Atividades","description":"Folder Tatiana Sampaio para 3\u00ba ao 5\u00ba ano com texto informativo, interpreta\u00e7\u00e3o, ca\u00e7a-palavras, produ\u00e7\u00e3o textual e gabarito. Vers\u00e3o colorida e para colorir.","robots":{"index":"index","follow":"follow","max-snippet":"max-snippet:-1","max-image-preview":"max-image-preview:large","max-video-preview":"max-video-preview:-1"},"canonical":"https:\/\/lojasosprofessoratividades.com.br\/en\/product\/folder-tatiana-sampaio-3o-ao-5o-ano\/","og_locale":"en_US","og_type":"article","og_title":"Folder Tatiana Sampaio | 3\u00ba ao 5\u00ba Ano - Loja SOS Professor Atividades","og_description":"Folder Tatiana Sampaio para 3\u00ba ao 5\u00ba ano com texto informativo, interpreta\u00e7\u00e3o, ca\u00e7a-palavras, produ\u00e7\u00e3o textual e gabarito. Vers\u00e3o colorida e para colorir.","og_url":"https:\/\/lojasosprofessoratividades.com.br\/en\/product\/folder-tatiana-sampaio-3o-ao-5o-ano\/","og_site_name":"Loja SOS Professor Atividades","article_publisher":"https:\/\/www.facebook.com\/sosprofessoratividades","article_modified_time":"2026-02-25T11:10:40+00:00","og_image":[{"width":800,"height":693,"url":"https:\/\/lojasosprofessoratividades.com.br\/wp-content\/uploads\/2026\/02\/Tatiana-Sampaio-Folder-1.jpg","type":"image\/jpeg"}],"twitter_card":"summary_large_image","twitter_misc":{"Est. reading time":"1 minute"},"schema":{"@context":"https:\/\/schema.org","@graph":[{"@type":"WebPage","@id":"https:\/\/lojasosprofessoratividades.com.br\/produto\/folder-tatiana-sampaio-3o-ao-5o-ano\/","url":"https:\/\/lojasosprofessoratividades.com.br\/produto\/folder-tatiana-sampaio-3o-ao-5o-ano\/","name":"Folder Tatiana Sampaio | 3\u00ba ao 5\u00ba Ano - Loja SOS Professor Atividades","isPartOf":{"@id":"https:\/\/lojasosprofessoratividades.com.br\/#website"},"primaryImageOfPage":{"@id":"https:\/\/lojasosprofessoratividades.com.br\/produto\/folder-tatiana-sampaio-3o-ao-5o-ano\/#primaryimage"},"image":{"@id":"https:\/\/lojasosprofessoratividades.com.br\/produto\/folder-tatiana-sampaio-3o-ao-5o-ano\/#primaryimage"},"thumbnailUrl":"https:\/\/lojasosprofessoratividades.com.br\/wp-content\/uploads\/2026\/02\/Tatiana-Sampaio-Folder-1.jpg","datePublished":"2026-02-21T23:44:48+00:00","dateModified":"2026-02-25T11:10:40+00:00","description":"Folder Tatiana Sampaio para 3\u00ba ao 5\u00ba ano com texto informativo, interpreta\u00e7\u00e3o, ca\u00e7a-palavras, produ\u00e7\u00e3o textual e gabarito. Vers\u00e3o colorida e para colorir.","breadcrumb":{"@id":"https:\/\/lojasosprofessoratividades.com.br\/produto\/folder-tatiana-sampaio-3o-ao-5o-ano\/#breadcrumb"},"inLanguage":"en-US","potentialAction":[{"@type":"ReadAction","target":["https:\/\/lojasosprofessoratividades.com.br\/produto\/folder-tatiana-sampaio-3o-ao-5o-ano\/"]}]},{"@type":"ImageObject","inLanguage":"en-US","@id":"https:\/\/lojasosprofessoratividades.com.br\/produto\/folder-tatiana-sampaio-3o-ao-5o-ano\/#primaryimage","url":"https:\/\/lojasosprofessoratividades.com.br\/wp-content\/uploads\/2026\/02\/Tatiana-Sampaio-Folder-1.jpg","contentUrl":"https:\/\/lojasosprofessoratividades.com.br\/wp-content\/uploads\/2026\/02\/Tatiana-Sampaio-Folder-1.jpg","width":800,"height":693},{"@type":"BreadcrumbList","@id":"https:\/\/lojasosprofessoratividades.com.br\/produto\/folder-tatiana-sampaio-3o-ao-5o-ano\/#breadcrumb","itemListElement":[{"@type":"ListItem","position":1,"name":"In\u00edcio","item":"https:\/\/lojasosprofessoratividades.com.br\/"},{"@type":"ListItem","position":2,"name":"Loja","item":"https:\/\/lojasosprofessoratividades.com.br\/loja\/"},{"@type":"ListItem","position":3,"name":"Folder Tatiana Sampaio | 3\u00ba ao 5\u00ba Ano"}]},{"@type":"WebSite","@id":"https:\/\/lojasosprofessoratividades.com.br\/#website","url":"https:\/\/lojasosprofessoratividades.com.br\/","name":"Loja SOS Professor Atividades","description":"Venda de material did\u00e1tico para o ensino fundamental","publisher":{"@id":"https:\/\/lojasosprofessoratividades.com.br\/#organization"},"potentialAction":[{"@type":"SearchAction","target":{"@type":"EntryPoint","urlTemplate":"https:\/\/lojasosprofessoratividades.com.br\/?s={search_term_string}"},"query-input":{"@type":"PropertyValueSpecification","valueRequired":true,"valueName":"search_term_string"}}],"inLanguage":"en-US"},{"@type":"Organization","@id":"https:\/\/lojasosprofessoratividades.com.br\/#organization","name":"Loja SOS Professor Atividades","url":"https:\/\/lojasosprofessoratividades.com.br\/","logo":{"@type":"ImageObject","inLanguage":"en-US","@id":"https:\/\/lojasosprofessoratividades.com.br\/#\/schema\/logo\/image\/","url":"http:\/\/lojasosprofessoratividades.com.br\/wp-content\/uploads\/2022\/04\/Logo.png","contentUrl":"http:\/\/lojasosprofessoratividades.com.br\/wp-content\/uploads\/2022\/04\/Logo.png","width":2000,"height":2000,"caption":"Loja SOS Professor Atividades"},"image":{"@id":"https:\/\/lojasosprofessoratividades.com.br\/#\/schema\/logo\/image\/"},"sameAs":["https:\/\/www.facebook.com\/sosprofessoratividades","https:\/\/www.instagram.com\/sosprofessoratividades\/"]}]}},"_links":{"self":[{"href":"https:\/\/lojasosprofessoratividades.com.br\/en\/wp-json\/wp\/v2\/product\/37907","targetHints":{"allow":["GET"]}}],"collection":[{"href":"https:\/\/lojasosprofessoratividades.com.br\/en\/wp-json\/wp\/v2\/product"}],"about":[{"href":"https:\/\/lojasosprofessoratividades.com.br\/en\/wp-json\/wp\/v2\/types\/product"}],"replies":[{"embeddable":true,"href":"https:\/\/lojasosprofessoratividades.com.br\/en\/wp-json\/wp\/v2\/comments?post=37907"}],"wp:featuredmedia":[{"embeddable":true,"href":"https:\/\/lojasosprofessoratividades.com.br\/en\/wp-json\/wp\/v2\/media\/37909"}],"wp:attachment":[{"href":"https:\/\/lojasosprofessoratividades.com.br\/en\/wp-json\/wp\/v2\/media?parent=37907"}],"wp:term":[{"taxonomy":"product_brand","embeddable":true,"href":"https:\/\/lojasosprofessoratividades.com.br\/en\/wp-json\/wp\/v2\/product_brand?post=37907"},{"taxonomy":"product_cat","embeddable":true,"href":"https:\/\/lojasosprofessoratividades.com.br\/en\/wp-json\/wp\/v2\/product_cat?post=37907"},{"taxonomy":"product_tag","embeddable":true,"href":"https:\/\/lojasosprofessoratividades.com.br\/en\/wp-json\/wp\/v2\/product_tag?post=37907"}],"curies":[{"name":"wp","href":"https:\/\/api.w.org\/{rel}","templated":true}]}}