{"id":37963,"date":"2026-02-23T17:43:32","date_gmt":"2026-02-23T20:43:32","guid":{"rendered":"https:\/\/lojasosprofessoratividades.com.br\/?post_type=product&#038;p=37963"},"modified":"2026-03-01T20:35:35","modified_gmt":"2026-03-01T23:35:35","slug":"elementos-da-narrativa-cartaz","status":"publish","type":"product","link":"https:\/\/lojasosprofessoratividades.com.br\/en\/product\/elementos-da-narrativa-cartaz\/","title":{"rendered":"Elementos da narrativa &#8211; Cartaz"},"content":{"rendered":"","protected":false},"excerpt":{"rendered":"<p data-start=\"82\" data-end=\"350\">Material pedag\u00f3gico ideal para trabalhar <strong data-start=\"123\" data-end=\"163\">g\u00eaneros textuais e produ\u00e7\u00e3o de texto<\/strong> no Ensino Fundamental. O cartaz <strong data-start=\"196\" data-end=\"222\">Elementos da Narrativa<\/strong> apresenta de forma clara e visual os principais componentes do texto narrativo: narrador, fatos, personagens, espa\u00e7o e tempo.<\/p>\n<p data-start=\"352\" data-end=\"470\">Perfeito para aulas de L\u00edngua Portuguesa nas turmas do 3\u00ba ao 5\u00ba ano, refor\u00e7ando habilidades de leitura, interpreta\u00e7\u00e3o e escrita.<\/p>\n<p data-start=\"472\" data-end=\"683\"><strong data-start=\"475\" data-end=\"514\">O que voc\u00ea recebe (arquivo em PDF):<\/strong><br data-start=\"514\" data-end=\"517\" \/>\u2714\ufe0f Cartaz tamanho p\u00f4ster 3&#215;3 (para montar e ampliar na sala de aula)<br data-start=\"585\" data-end=\"588\" \/>\u2714\ufe0f Vers\u00e3o em folhas A4 colorida<br data-start=\"619\" data-end=\"622\" \/>\u2714\ufe0f Vers\u00e3o em preto e branco para colorir e colar no caderno<\/p>\n<p data-start=\"685\" data-end=\"792\">Ideal para decorar a sala, organizar o conte\u00fado e servir como apoio visual durante as aulas de narrativa.<\/p>\n<p data-start=\"794\" data-end=\"880\">Baixe agora o seu arquivo gratuito e deixe suas aulas mais visuais e organizadas!<\/p>\n<h3>N\u00e3o enviamos por e-mail, a entrega \u00e9 via link para download.\u00a0<img decoding=\"async\" class=\"emoji\" role=\"img\" draggable=\"false\" src=\"https:\/\/s.w.org\/images\/core\/emoji\/17.0.2\/svg\/1f447.svg\" alt=\"\ud83d\udc47\" \/><\/h3>\n<p><img loading=\"lazy\" decoding=\"async\" class=\"alignnone wp-image-37966\" src=\"https:\/\/lojasosprofessoratividades.com.br\/wp-content\/uploads\/2026\/02\/Aviso-loja-1024x576.png\" alt=\"\" width=\"455\" height=\"256\" srcset=\"https:\/\/lojasosprofessoratividades.com.br\/wp-content\/uploads\/2026\/02\/Aviso-loja-1024x576.png 1024w, https:\/\/lojasosprofessoratividades.com.br\/wp-content\/uploads\/2026\/02\/Aviso-loja-300x169.png 300w, https:\/\/lojasosprofessoratividades.com.br\/wp-content\/uploads\/2026\/02\/Aviso-loja-768x432.png 768w, https:\/\/lojasosprofessoratividades.com.br\/wp-content\/uploads\/2026\/02\/Aviso-loja-1536x864.png 1536w, https:\/\/lojasosprofessoratividades.com.br\/wp-content\/uploads\/2026\/02\/Aviso-loja-18x10.png 18w, https:\/\/lojasosprofessoratividades.com.br\/wp-content\/uploads\/2026\/02\/Aviso-loja-600x338.png 600w, https:\/\/lojasosprofessoratividades.com.br\/wp-content\/uploads\/2026\/02\/Aviso-loja.png 1784w\" sizes=\"auto, (max-width: 455px) 100vw, 455px\" \/><\/p>","protected":false},"featured_media":37967,"comment_status":"open","ping_status":"closed","template":"","meta":[],"product_brand":[],"product_cat":[124,125,127,215,217,213],"product_tag":[274,253,248,928,3593,3596,3592,245,3595,1319,3392,3141,251,228,606,3594],"class_list":{"0":"post-37963","1":"product","2":"type-product","3":"status-publish","4":"has-post-thumbnail","6":"product_cat-3o-ano","7":"product_cat-4o-ano","8":"product_cat-5o-ano","9":"product_cat-recursos-didaticos-4-ano","10":"product_cat-recursos-didaticos-5-ano","11":"product_cat-recursos-didaticos-3-ano","12":"product_tag-3o-ano","13":"product_tag-4o-ano","14":"product_tag-5o-ano","15":"product_tag-atividade-para-colorir","16":"product_tag-cartaz-elementos-da-narrativa","17":"product_tag-cartaz-pedagogico","18":"product_tag-elementos-da-narrativa","19":"product_tag-ensino-fundamental","20":"product_tag-genero-narrativo","21":"product_tag-lingua-portuguesa","22":"product_tag-material-para-imprimir","23":"product_tag-poster-escolar","24":"product_tag-producao-de-texto","25":"product_tag-recurso-didatico","26":"product_tag-sala-de-aula","27":"product_tag-texto-narrativo","29":"first","30":"instock","31":"downloadable","32":"sold-individually","33":"shipping-taxable","34":"purchasable","35":"product-type-simple"},"yoast_head":"<!-- This site is optimized with the Yoast SEO plugin v27.3 - https:\/\/yoast.com\/product\/yoast-seo-wordpress\/ -->\n<title>Elementos da narrativa - Cartaz - Loja SOS Professor Atividades<\/title>\n<meta name=\"description\" content=\"Cartaz Elementos da Narrativa gratuito para imprimir. Vers\u00e3o p\u00f4ster 3x3, colorida e para colorir. Ideal para turmas do 3\u00ba ao 5\u00ba ano. Material de Portugu\u00eas.\" \/>\n<meta name=\"robots\" content=\"index, follow, max-snippet:-1, max-image-preview:large, max-video-preview:-1\" \/>\n<link rel=\"canonical\" href=\"https:\/\/lojasosprofessoratividades.com.br\/en\/product\/elementos-da-narrativa-cartaz\/\" \/>\n<meta property=\"og:locale\" content=\"en_US\" \/>\n<meta property=\"og:type\" content=\"article\" \/>\n<meta property=\"og:title\" content=\"Elementos da narrativa - Cartaz - Loja SOS Professor Atividades\" \/>\n<meta property=\"og:description\" content=\"Cartaz Elementos da Narrativa gratuito para imprimir. Vers\u00e3o p\u00f4ster 3x3, colorida e para colorir. Ideal para turmas do 3\u00ba ao 5\u00ba ano. Material de Portugu\u00eas.\" \/>\n<meta property=\"og:url\" content=\"https:\/\/lojasosprofessoratividades.com.br\/en\/product\/elementos-da-narrativa-cartaz\/\" \/>\n<meta property=\"og:site_name\" content=\"Loja SOS Professor Atividades\" \/>\n<meta property=\"article:publisher\" content=\"https:\/\/www.facebook.com\/sosprofessoratividades\" \/>\n<meta property=\"article:modified_time\" content=\"2026-03-01T23:35:35+00:00\" \/>\n<meta property=\"og:image\" content=\"https:\/\/lojasosprofessoratividades.com.br\/wp-content\/uploads\/2026\/02\/Elementos-da-narrativa-Cartaz-1.jpg\" \/>\n\t<meta property=\"og:image:width\" content=\"800\" \/>\n\t<meta property=\"og:image:height\" content=\"693\" \/>\n\t<meta property=\"og:image:type\" content=\"image\/jpeg\" \/>\n<meta name=\"twitter:card\" content=\"summary_large_image\" \/>\n<meta name=\"twitter:label1\" content=\"Est. reading time\" \/>\n\t<meta name=\"twitter:data1\" content=\"1 minute\" \/>\n<script type=\"application\/ld+json\" class=\"yoast-schema-graph\">{\"@context\":\"https:\\\/\\\/schema.org\",\"@graph\":[{\"@type\":\"WebPage\",\"@id\":\"https:\\\/\\\/lojasosprofessoratividades.com.br\\\/produto\\\/elementos-da-narrativa-cartaz\\\/\",\"url\":\"https:\\\/\\\/lojasosprofessoratividades.com.br\\\/produto\\\/elementos-da-narrativa-cartaz\\\/\",\"name\":\"Elementos da narrativa - Cartaz - Loja SOS Professor Atividades\",\"isPartOf\":{\"@id\":\"https:\\\/\\\/lojasosprofessoratividades.com.br\\\/#website\"},\"primaryImageOfPage\":{\"@id\":\"https:\\\/\\\/lojasosprofessoratividades.com.br\\\/produto\\\/elementos-da-narrativa-cartaz\\\/#primaryimage\"},\"image\":{\"@id\":\"https:\\\/\\\/lojasosprofessoratividades.com.br\\\/produto\\\/elementos-da-narrativa-cartaz\\\/#primaryimage\"},\"thumbnailUrl\":\"https:\\\/\\\/lojasosprofessoratividades.com.br\\\/wp-content\\\/uploads\\\/2026\\\/02\\\/Elementos-da-narrativa-Cartaz-1.jpg\",\"datePublished\":\"2026-02-23T20:43:32+00:00\",\"dateModified\":\"2026-03-01T23:35:35+00:00\",\"description\":\"Cartaz Elementos da Narrativa gratuito para imprimir. Vers\u00e3o p\u00f4ster 3x3, colorida e para colorir. Ideal para turmas do 3\u00ba ao 5\u00ba ano. Material de Portugu\u00eas.\",\"breadcrumb\":{\"@id\":\"https:\\\/\\\/lojasosprofessoratividades.com.br\\\/produto\\\/elementos-da-narrativa-cartaz\\\/#breadcrumb\"},\"inLanguage\":\"en-US\",\"potentialAction\":[{\"@type\":\"ReadAction\",\"target\":[\"https:\\\/\\\/lojasosprofessoratividades.com.br\\\/produto\\\/elementos-da-narrativa-cartaz\\\/\"]}]},{\"@type\":\"ImageObject\",\"inLanguage\":\"en-US\",\"@id\":\"https:\\\/\\\/lojasosprofessoratividades.com.br\\\/produto\\\/elementos-da-narrativa-cartaz\\\/#primaryimage\",\"url\":\"https:\\\/\\\/lojasosprofessoratividades.com.br\\\/wp-content\\\/uploads\\\/2026\\\/02\\\/Elementos-da-narrativa-Cartaz-1.jpg\",\"contentUrl\":\"https:\\\/\\\/lojasosprofessoratividades.com.br\\\/wp-content\\\/uploads\\\/2026\\\/02\\\/Elementos-da-narrativa-Cartaz-1.jpg\",\"width\":800,\"height\":693,\"caption\":\"Elementos da narrativa Cartaz\"},{\"@type\":\"BreadcrumbList\",\"@id\":\"https:\\\/\\\/lojasosprofessoratividades.com.br\\\/produto\\\/elementos-da-narrativa-cartaz\\\/#breadcrumb\",\"itemListElement\":[{\"@type\":\"ListItem\",\"position\":1,\"name\":\"In\u00edcio\",\"item\":\"https:\\\/\\\/lojasosprofessoratividades.com.br\\\/\"},{\"@type\":\"ListItem\",\"position\":2,\"name\":\"Loja\",\"item\":\"https:\\\/\\\/lojasosprofessoratividades.com.br\\\/loja\\\/\"},{\"@type\":\"ListItem\",\"position\":3,\"name\":\"Elementos da narrativa &#8211; Cartaz\"}]},{\"@type\":\"WebSite\",\"@id\":\"https:\\\/\\\/lojasosprofessoratividades.com.br\\\/#website\",\"url\":\"https:\\\/\\\/lojasosprofessoratividades.com.br\\\/\",\"name\":\"Loja SOS Professor Atividades\",\"description\":\"Venda de material did\u00e1tico para o ensino fundamental\",\"publisher\":{\"@id\":\"https:\\\/\\\/lojasosprofessoratividades.com.br\\\/#organization\"},\"potentialAction\":[{\"@type\":\"SearchAction\",\"target\":{\"@type\":\"EntryPoint\",\"urlTemplate\":\"https:\\\/\\\/lojasosprofessoratividades.com.br\\\/?s={search_term_string}\"},\"query-input\":{\"@type\":\"PropertyValueSpecification\",\"valueRequired\":true,\"valueName\":\"search_term_string\"}}],\"inLanguage\":\"en-US\"},{\"@type\":\"Organization\",\"@id\":\"https:\\\/\\\/lojasosprofessoratividades.com.br\\\/#organization\",\"name\":\"Loja SOS Professor Atividades\",\"url\":\"https:\\\/\\\/lojasosprofessoratividades.com.br\\\/\",\"logo\":{\"@type\":\"ImageObject\",\"inLanguage\":\"en-US\",\"@id\":\"https:\\\/\\\/lojasosprofessoratividades.com.br\\\/#\\\/schema\\\/logo\\\/image\\\/\",\"url\":\"http:\\\/\\\/lojasosprofessoratividades.com.br\\\/wp-content\\\/uploads\\\/2022\\\/04\\\/Logo.png\",\"contentUrl\":\"http:\\\/\\\/lojasosprofessoratividades.com.br\\\/wp-content\\\/uploads\\\/2022\\\/04\\\/Logo.png\",\"width\":2000,\"height\":2000,\"caption\":\"Loja SOS Professor Atividades\"},\"image\":{\"@id\":\"https:\\\/\\\/lojasosprofessoratividades.com.br\\\/#\\\/schema\\\/logo\\\/image\\\/\"},\"sameAs\":[\"https:\\\/\\\/www.facebook.com\\\/sosprofessoratividades\",\"https:\\\/\\\/www.instagram.com\\\/sosprofessoratividades\\\/\"]}]}<\/script>\n<!-- \/ Yoast SEO plugin. -->","yoast_head_json":{"title":"Elementos da narrativa - Cartaz - Loja SOS Professor Atividades","description":"Cartaz Elementos da Narrativa gratuito para imprimir. Vers\u00e3o p\u00f4ster 3x3, colorida e para colorir. Ideal para turmas do 3\u00ba ao 5\u00ba ano. Material de Portugu\u00eas.","robots":{"index":"index","follow":"follow","max-snippet":"max-snippet:-1","max-image-preview":"max-image-preview:large","max-video-preview":"max-video-preview:-1"},"canonical":"https:\/\/lojasosprofessoratividades.com.br\/en\/product\/elementos-da-narrativa-cartaz\/","og_locale":"en_US","og_type":"article","og_title":"Elementos da narrativa - Cartaz - Loja SOS Professor Atividades","og_description":"Cartaz Elementos da Narrativa gratuito para imprimir. Vers\u00e3o p\u00f4ster 3x3, colorida e para colorir. Ideal para turmas do 3\u00ba ao 5\u00ba ano. Material de Portugu\u00eas.","og_url":"https:\/\/lojasosprofessoratividades.com.br\/en\/product\/elementos-da-narrativa-cartaz\/","og_site_name":"Loja SOS Professor Atividades","article_publisher":"https:\/\/www.facebook.com\/sosprofessoratividades","article_modified_time":"2026-03-01T23:35:35+00:00","og_image":[{"width":800,"height":693,"url":"https:\/\/lojasosprofessoratividades.com.br\/wp-content\/uploads\/2026\/02\/Elementos-da-narrativa-Cartaz-1.jpg","type":"image\/jpeg"}],"twitter_card":"summary_large_image","twitter_misc":{"Est. reading time":"1 minute"},"schema":{"@context":"https:\/\/schema.org","@graph":[{"@type":"WebPage","@id":"https:\/\/lojasosprofessoratividades.com.br\/produto\/elementos-da-narrativa-cartaz\/","url":"https:\/\/lojasosprofessoratividades.com.br\/produto\/elementos-da-narrativa-cartaz\/","name":"Elementos da narrativa - Cartaz - Loja SOS Professor Atividades","isPartOf":{"@id":"https:\/\/lojasosprofessoratividades.com.br\/#website"},"primaryImageOfPage":{"@id":"https:\/\/lojasosprofessoratividades.com.br\/produto\/elementos-da-narrativa-cartaz\/#primaryimage"},"image":{"@id":"https:\/\/lojasosprofessoratividades.com.br\/produto\/elementos-da-narrativa-cartaz\/#primaryimage"},"thumbnailUrl":"https:\/\/lojasosprofessoratividades.com.br\/wp-content\/uploads\/2026\/02\/Elementos-da-narrativa-Cartaz-1.jpg","datePublished":"2026-02-23T20:43:32+00:00","dateModified":"2026-03-01T23:35:35+00:00","description":"Cartaz Elementos da Narrativa gratuito para imprimir. Vers\u00e3o p\u00f4ster 3x3, colorida e para colorir. Ideal para turmas do 3\u00ba ao 5\u00ba ano. Material de Portugu\u00eas.","breadcrumb":{"@id":"https:\/\/lojasosprofessoratividades.com.br\/produto\/elementos-da-narrativa-cartaz\/#breadcrumb"},"inLanguage":"en-US","potentialAction":[{"@type":"ReadAction","target":["https:\/\/lojasosprofessoratividades.com.br\/produto\/elementos-da-narrativa-cartaz\/"]}]},{"@type":"ImageObject","inLanguage":"en-US","@id":"https:\/\/lojasosprofessoratividades.com.br\/produto\/elementos-da-narrativa-cartaz\/#primaryimage","url":"https:\/\/lojasosprofessoratividades.com.br\/wp-content\/uploads\/2026\/02\/Elementos-da-narrativa-Cartaz-1.jpg","contentUrl":"https:\/\/lojasosprofessoratividades.com.br\/wp-content\/uploads\/2026\/02\/Elementos-da-narrativa-Cartaz-1.jpg","width":800,"height":693,"caption":"Elementos da narrativa Cartaz"},{"@type":"BreadcrumbList","@id":"https:\/\/lojasosprofessoratividades.com.br\/produto\/elementos-da-narrativa-cartaz\/#breadcrumb","itemListElement":[{"@type":"ListItem","position":1,"name":"In\u00edcio","item":"https:\/\/lojasosprofessoratividades.com.br\/"},{"@type":"ListItem","position":2,"name":"Loja","item":"https:\/\/lojasosprofessoratividades.com.br\/loja\/"},{"@type":"ListItem","position":3,"name":"Elementos da narrativa &#8211; Cartaz"}]},{"@type":"WebSite","@id":"https:\/\/lojasosprofessoratividades.com.br\/#website","url":"https:\/\/lojasosprofessoratividades.com.br\/","name":"Loja SOS Professor Atividades","description":"Venda de material did\u00e1tico para o ensino fundamental","publisher":{"@id":"https:\/\/lojasosprofessoratividades.com.br\/#organization"},"potentialAction":[{"@type":"SearchAction","target":{"@type":"EntryPoint","urlTemplate":"https:\/\/lojasosprofessoratividades.com.br\/?s={search_term_string}"},"query-input":{"@type":"PropertyValueSpecification","valueRequired":true,"valueName":"search_term_string"}}],"inLanguage":"en-US"},{"@type":"Organization","@id":"https:\/\/lojasosprofessoratividades.com.br\/#organization","name":"Loja SOS Professor Atividades","url":"https:\/\/lojasosprofessoratividades.com.br\/","logo":{"@type":"ImageObject","inLanguage":"en-US","@id":"https:\/\/lojasosprofessoratividades.com.br\/#\/schema\/logo\/image\/","url":"http:\/\/lojasosprofessoratividades.com.br\/wp-content\/uploads\/2022\/04\/Logo.png","contentUrl":"http:\/\/lojasosprofessoratividades.com.br\/wp-content\/uploads\/2022\/04\/Logo.png","width":2000,"height":2000,"caption":"Loja SOS Professor Atividades"},"image":{"@id":"https:\/\/lojasosprofessoratividades.com.br\/#\/schema\/logo\/image\/"},"sameAs":["https:\/\/www.facebook.com\/sosprofessoratividades","https:\/\/www.instagram.com\/sosprofessoratividades\/"]}]}},"_links":{"self":[{"href":"https:\/\/lojasosprofessoratividades.com.br\/en\/wp-json\/wp\/v2\/product\/37963","targetHints":{"allow":["GET"]}}],"collection":[{"href":"https:\/\/lojasosprofessoratividades.com.br\/en\/wp-json\/wp\/v2\/product"}],"about":[{"href":"https:\/\/lojasosprofessoratividades.com.br\/en\/wp-json\/wp\/v2\/types\/product"}],"replies":[{"embeddable":true,"href":"https:\/\/lojasosprofessoratividades.com.br\/en\/wp-json\/wp\/v2\/comments?post=37963"}],"wp:featuredmedia":[{"embeddable":true,"href":"https:\/\/lojasosprofessoratividades.com.br\/en\/wp-json\/wp\/v2\/media\/37967"}],"wp:attachment":[{"href":"https:\/\/lojasosprofessoratividades.com.br\/en\/wp-json\/wp\/v2\/media?parent=37963"}],"wp:term":[{"taxonomy":"product_brand","embeddable":true,"href":"https:\/\/lojasosprofessoratividades.com.br\/en\/wp-json\/wp\/v2\/product_brand?post=37963"},{"taxonomy":"product_cat","embeddable":true,"href":"https:\/\/lojasosprofessoratividades.com.br\/en\/wp-json\/wp\/v2\/product_cat?post=37963"},{"taxonomy":"product_tag","embeddable":true,"href":"https:\/\/lojasosprofessoratividades.com.br\/en\/wp-json\/wp\/v2\/product_tag?post=37963"}],"curies":[{"name":"wp","href":"https:\/\/api.w.org\/{rel}","templated":true}]}}