{"id":38192,"date":"2026-03-06T13:41:00","date_gmt":"2026-03-06T16:41:00","guid":{"rendered":"https:\/\/lojasosprofessoratividades.com.br\/?post_type=product&#038;p=38192"},"modified":"2026-03-06T13:41:00","modified_gmt":"2026-03-06T16:41:00","slug":"dia-da-escola-poster-colorido-e-para-colorir","status":"publish","type":"product","link":"https:\/\/lojasosprofessoratividades.com.br\/en\/product\/dia-da-escola-poster-colorido-e-para-colorir\/","title":{"rendered":"Dia da Escola \u2013 P\u00f4ster (Colorido e para Colorir)"},"content":{"rendered":"","protected":false},"excerpt":{"rendered":"<p>Celebre o Dia da Escola (15 de mar\u00e7o) com um material visual encantador para decorar a sala de aula e envolver os alunos! Este arquivo foi criado especialmente para turmas do Ensino Fundamental, com ilustra\u00e7\u00e3o alegre que valoriza o ambiente escolar.<\/p>\n<p>O que voc\u00ea recebe:<\/p>\n<p>\u2705 Imagem em tamanho A4 pronta para amplia\u00e7\u00e3o personalizada<\/p>\n<p>\u2705 P\u00f4ster ampliado no formato 4&#215;4 folhas (ideal para montar um cartaz grande na parede)<\/p>\n<p>\u2705 Vers\u00e3o colorida para decora\u00e7\u00e3o imediata<\/p>\n<p>\u2705 Vers\u00e3o para colorir, perfeita para atividade com os alunos<\/p>\n<p>Formato do arquivo:<br \/>\n\ud83d\udcc4 PDF em alta qualidade para impress\u00e3o.<\/p>\n<p>Perfeito para professores que desejam decorar a sala e trabalhar o significado da escola de forma l\u00fadica e participativa.<\/p>\n<h3>N\u00e3o enviamos por e-mail, a entrega \u00e9 via link para download.\u00a0<img decoding=\"async\" class=\"emoji\" role=\"img\" draggable=\"false\" src=\"https:\/\/s.w.org\/images\/core\/emoji\/16.0.1\/svg\/1f447.svg\" alt=\"\ud83d\udc47\" \/><\/h3>\n<p><img loading=\"lazy\" decoding=\"async\" class=\"alignnone wp-image-38009 size-full\" src=\"https:\/\/lojasosprofessoratividades.com.br\/wp-content\/uploads\/2026\/02\/Como-baixar-2.jpg\" alt=\"\" width=\"446\" height=\"251\" srcset=\"https:\/\/lojasosprofessoratividades.com.br\/wp-content\/uploads\/2026\/02\/Como-baixar-2.jpg 446w, https:\/\/lojasosprofessoratividades.com.br\/wp-content\/uploads\/2026\/02\/Como-baixar-2-300x169.jpg 300w, https:\/\/lojasosprofessoratividades.com.br\/wp-content\/uploads\/2026\/02\/Como-baixar-2-18x10.jpg 18w\" sizes=\"auto, (max-width: 446px) 100vw, 446px\" \/><\/p>","protected":false},"featured_media":38193,"comment_status":"open","ping_status":"closed","template":"","meta":[],"product_brand":[],"product_cat":[122,123,124,125,127,1858,214],"product_tag":[697,3611,928,616,662,724,440,245,633,643,387,3610],"class_list":{"0":"post-38192","1":"product","2":"type-product","3":"status-publish","4":"has-post-thumbnail","6":"product_cat-1o-ano","7":"product_cat-2o-ano","8":"product_cat-3o-ano","9":"product_cat-4o-ano","10":"product_cat-5o-ano","11":"product_cat-arte-2","12":"product_cat-data-comemorativa-3-ano","13":"product_tag-arquivo-para-imprimir","14":"product_tag-atividade-dia-da-escola","15":"product_tag-atividade-para-colorir","16":"product_tag-atividades-escolares","17":"product_tag-cartaz-escolar","18":"product_tag-decoracao-sala-de-aula","19":"product_tag-dia-da-escola","20":"product_tag-ensino-fundamental","21":"product_tag-escola","22":"product_tag-material-pedagogico","23":"product_tag-mural-escolar","24":"product_tag-poster-dia-da-escola","26":"first","27":"instock","28":"downloadable","29":"sold-individually","30":"shipping-taxable","31":"purchasable","32":"product-type-simple"},"yoast_head":"<!-- This site is optimized with the Yoast SEO plugin v27.4 - https:\/\/yoast.com\/product\/yoast-seo-wordpress\/ -->\n<title>Dia da Escola \u2013 P\u00f4ster (Colorido e para Colorir) - Loja SOS Professor Atividades<\/title>\n<meta name=\"description\" content=\"P\u00f4ster Dia da Escola com imagem A4 para amplia\u00e7\u00e3o e vers\u00e3o 4x4. Arquivo em PDF colorido e para colorir, ideal para atividades e decora\u00e7\u00e3o escolar.\" \/>\n<meta name=\"robots\" content=\"index, follow, max-snippet:-1, max-image-preview:large, max-video-preview:-1\" \/>\n<link rel=\"canonical\" href=\"https:\/\/lojasosprofessoratividades.com.br\/en\/product\/dia-da-escola-poster-colorido-e-para-colorir\/\" \/>\n<meta property=\"og:locale\" content=\"en_US\" \/>\n<meta property=\"og:type\" content=\"article\" \/>\n<meta property=\"og:title\" content=\"Dia da Escola \u2013 P\u00f4ster (Colorido e para Colorir) - Loja SOS Professor Atividades\" \/>\n<meta property=\"og:description\" content=\"P\u00f4ster Dia da Escola com imagem A4 para amplia\u00e7\u00e3o e vers\u00e3o 4x4. Arquivo em PDF colorido e para colorir, ideal para atividades e decora\u00e7\u00e3o escolar.\" \/>\n<meta property=\"og:url\" content=\"https:\/\/lojasosprofessoratividades.com.br\/en\/product\/dia-da-escola-poster-colorido-e-para-colorir\/\" \/>\n<meta property=\"og:site_name\" content=\"Loja SOS Professor Atividades\" \/>\n<meta property=\"article:publisher\" content=\"https:\/\/www.facebook.com\/sosprofessoratividades\" \/>\n<meta property=\"og:image\" content=\"https:\/\/lojasosprofessoratividades.com.br\/wp-content\/uploads\/2026\/03\/Dia-da-Escola-1.jpg\" \/>\n\t<meta property=\"og:image:width\" content=\"800\" \/>\n\t<meta property=\"og:image:height\" content=\"693\" \/>\n\t<meta property=\"og:image:type\" content=\"image\/jpeg\" \/>\n<meta name=\"twitter:card\" content=\"summary_large_image\" \/>\n<meta name=\"twitter:label1\" content=\"Est. reading time\" \/>\n\t<meta name=\"twitter:data1\" content=\"1 minute\" \/>\n<script type=\"application\/ld+json\" class=\"yoast-schema-graph\">{\"@context\":\"https:\\\/\\\/schema.org\",\"@graph\":[{\"@type\":\"WebPage\",\"@id\":\"https:\\\/\\\/lojasosprofessoratividades.com.br\\\/produto\\\/dia-da-escola-poster-colorido-e-para-colorir\\\/\",\"url\":\"https:\\\/\\\/lojasosprofessoratividades.com.br\\\/produto\\\/dia-da-escola-poster-colorido-e-para-colorir\\\/\",\"name\":\"Dia da Escola \u2013 P\u00f4ster (Colorido e para Colorir) - Loja SOS Professor Atividades\",\"isPartOf\":{\"@id\":\"https:\\\/\\\/lojasosprofessoratividades.com.br\\\/#website\"},\"primaryImageOfPage\":{\"@id\":\"https:\\\/\\\/lojasosprofessoratividades.com.br\\\/produto\\\/dia-da-escola-poster-colorido-e-para-colorir\\\/#primaryimage\"},\"image\":{\"@id\":\"https:\\\/\\\/lojasosprofessoratividades.com.br\\\/produto\\\/dia-da-escola-poster-colorido-e-para-colorir\\\/#primaryimage\"},\"thumbnailUrl\":\"https:\\\/\\\/lojasosprofessoratividades.com.br\\\/wp-content\\\/uploads\\\/2026\\\/03\\\/Dia-da-Escola-1.jpg\",\"datePublished\":\"2026-03-06T16:41:00+00:00\",\"description\":\"P\u00f4ster Dia da Escola com imagem A4 para amplia\u00e7\u00e3o e vers\u00e3o 4x4. Arquivo em PDF colorido e para colorir, ideal para atividades e decora\u00e7\u00e3o escolar.\",\"breadcrumb\":{\"@id\":\"https:\\\/\\\/lojasosprofessoratividades.com.br\\\/produto\\\/dia-da-escola-poster-colorido-e-para-colorir\\\/#breadcrumb\"},\"inLanguage\":\"en-US\",\"potentialAction\":[{\"@type\":\"ReadAction\",\"target\":[\"https:\\\/\\\/lojasosprofessoratividades.com.br\\\/produto\\\/dia-da-escola-poster-colorido-e-para-colorir\\\/\"]}]},{\"@type\":\"ImageObject\",\"inLanguage\":\"en-US\",\"@id\":\"https:\\\/\\\/lojasosprofessoratividades.com.br\\\/produto\\\/dia-da-escola-poster-colorido-e-para-colorir\\\/#primaryimage\",\"url\":\"https:\\\/\\\/lojasosprofessoratividades.com.br\\\/wp-content\\\/uploads\\\/2026\\\/03\\\/Dia-da-Escola-1.jpg\",\"contentUrl\":\"https:\\\/\\\/lojasosprofessoratividades.com.br\\\/wp-content\\\/uploads\\\/2026\\\/03\\\/Dia-da-Escola-1.jpg\",\"width\":800,\"height\":693},{\"@type\":\"BreadcrumbList\",\"@id\":\"https:\\\/\\\/lojasosprofessoratividades.com.br\\\/produto\\\/dia-da-escola-poster-colorido-e-para-colorir\\\/#breadcrumb\",\"itemListElement\":[{\"@type\":\"ListItem\",\"position\":1,\"name\":\"In\u00edcio\",\"item\":\"https:\\\/\\\/lojasosprofessoratividades.com.br\\\/\"},{\"@type\":\"ListItem\",\"position\":2,\"name\":\"Loja\",\"item\":\"https:\\\/\\\/lojasosprofessoratividades.com.br\\\/loja\\\/\"},{\"@type\":\"ListItem\",\"position\":3,\"name\":\"Dia da Escola \u2013 P\u00f4ster (Colorido e para Colorir)\"}]},{\"@type\":\"WebSite\",\"@id\":\"https:\\\/\\\/lojasosprofessoratividades.com.br\\\/#website\",\"url\":\"https:\\\/\\\/lojasosprofessoratividades.com.br\\\/\",\"name\":\"Loja SOS Professor Atividades\",\"description\":\"Venda de material did\u00e1tico para o ensino fundamental\",\"publisher\":{\"@id\":\"https:\\\/\\\/lojasosprofessoratividades.com.br\\\/#organization\"},\"potentialAction\":[{\"@type\":\"SearchAction\",\"target\":{\"@type\":\"EntryPoint\",\"urlTemplate\":\"https:\\\/\\\/lojasosprofessoratividades.com.br\\\/?s={search_term_string}\"},\"query-input\":{\"@type\":\"PropertyValueSpecification\",\"valueRequired\":true,\"valueName\":\"search_term_string\"}}],\"inLanguage\":\"en-US\"},{\"@type\":\"Organization\",\"@id\":\"https:\\\/\\\/lojasosprofessoratividades.com.br\\\/#organization\",\"name\":\"Loja SOS Professor Atividades\",\"url\":\"https:\\\/\\\/lojasosprofessoratividades.com.br\\\/\",\"logo\":{\"@type\":\"ImageObject\",\"inLanguage\":\"en-US\",\"@id\":\"https:\\\/\\\/lojasosprofessoratividades.com.br\\\/#\\\/schema\\\/logo\\\/image\\\/\",\"url\":\"http:\\\/\\\/lojasosprofessoratividades.com.br\\\/wp-content\\\/uploads\\\/2022\\\/04\\\/Logo.png\",\"contentUrl\":\"http:\\\/\\\/lojasosprofessoratividades.com.br\\\/wp-content\\\/uploads\\\/2022\\\/04\\\/Logo.png\",\"width\":2000,\"height\":2000,\"caption\":\"Loja SOS Professor Atividades\"},\"image\":{\"@id\":\"https:\\\/\\\/lojasosprofessoratividades.com.br\\\/#\\\/schema\\\/logo\\\/image\\\/\"},\"sameAs\":[\"https:\\\/\\\/www.facebook.com\\\/sosprofessoratividades\",\"https:\\\/\\\/www.instagram.com\\\/sosprofessoratividades\\\/\"]}]}<\/script>\n<!-- \/ Yoast SEO plugin. -->","yoast_head_json":{"title":"Dia da Escola \u2013 P\u00f4ster (Colorido e para Colorir) - Loja SOS Professor Atividades","description":"P\u00f4ster Dia da Escola com imagem A4 para amplia\u00e7\u00e3o e vers\u00e3o 4x4. Arquivo em PDF colorido e para colorir, ideal para atividades e decora\u00e7\u00e3o escolar.","robots":{"index":"index","follow":"follow","max-snippet":"max-snippet:-1","max-image-preview":"max-image-preview:large","max-video-preview":"max-video-preview:-1"},"canonical":"https:\/\/lojasosprofessoratividades.com.br\/en\/product\/dia-da-escola-poster-colorido-e-para-colorir\/","og_locale":"en_US","og_type":"article","og_title":"Dia da Escola \u2013 P\u00f4ster (Colorido e para Colorir) - Loja SOS Professor Atividades","og_description":"P\u00f4ster Dia da Escola com imagem A4 para amplia\u00e7\u00e3o e vers\u00e3o 4x4. Arquivo em PDF colorido e para colorir, ideal para atividades e decora\u00e7\u00e3o escolar.","og_url":"https:\/\/lojasosprofessoratividades.com.br\/en\/product\/dia-da-escola-poster-colorido-e-para-colorir\/","og_site_name":"Loja SOS Professor Atividades","article_publisher":"https:\/\/www.facebook.com\/sosprofessoratividades","og_image":[{"width":800,"height":693,"url":"https:\/\/lojasosprofessoratividades.com.br\/wp-content\/uploads\/2026\/03\/Dia-da-Escola-1.jpg","type":"image\/jpeg"}],"twitter_card":"summary_large_image","twitter_misc":{"Est. reading time":"1 minute"},"schema":{"@context":"https:\/\/schema.org","@graph":[{"@type":"WebPage","@id":"https:\/\/lojasosprofessoratividades.com.br\/produto\/dia-da-escola-poster-colorido-e-para-colorir\/","url":"https:\/\/lojasosprofessoratividades.com.br\/produto\/dia-da-escola-poster-colorido-e-para-colorir\/","name":"Dia da Escola \u2013 P\u00f4ster (Colorido e para Colorir) - Loja SOS Professor Atividades","isPartOf":{"@id":"https:\/\/lojasosprofessoratividades.com.br\/#website"},"primaryImageOfPage":{"@id":"https:\/\/lojasosprofessoratividades.com.br\/produto\/dia-da-escola-poster-colorido-e-para-colorir\/#primaryimage"},"image":{"@id":"https:\/\/lojasosprofessoratividades.com.br\/produto\/dia-da-escola-poster-colorido-e-para-colorir\/#primaryimage"},"thumbnailUrl":"https:\/\/lojasosprofessoratividades.com.br\/wp-content\/uploads\/2026\/03\/Dia-da-Escola-1.jpg","datePublished":"2026-03-06T16:41:00+00:00","description":"P\u00f4ster Dia da Escola com imagem A4 para amplia\u00e7\u00e3o e vers\u00e3o 4x4. Arquivo em PDF colorido e para colorir, ideal para atividades e decora\u00e7\u00e3o escolar.","breadcrumb":{"@id":"https:\/\/lojasosprofessoratividades.com.br\/produto\/dia-da-escola-poster-colorido-e-para-colorir\/#breadcrumb"},"inLanguage":"en-US","potentialAction":[{"@type":"ReadAction","target":["https:\/\/lojasosprofessoratividades.com.br\/produto\/dia-da-escola-poster-colorido-e-para-colorir\/"]}]},{"@type":"ImageObject","inLanguage":"en-US","@id":"https:\/\/lojasosprofessoratividades.com.br\/produto\/dia-da-escola-poster-colorido-e-para-colorir\/#primaryimage","url":"https:\/\/lojasosprofessoratividades.com.br\/wp-content\/uploads\/2026\/03\/Dia-da-Escola-1.jpg","contentUrl":"https:\/\/lojasosprofessoratividades.com.br\/wp-content\/uploads\/2026\/03\/Dia-da-Escola-1.jpg","width":800,"height":693},{"@type":"BreadcrumbList","@id":"https:\/\/lojasosprofessoratividades.com.br\/produto\/dia-da-escola-poster-colorido-e-para-colorir\/#breadcrumb","itemListElement":[{"@type":"ListItem","position":1,"name":"In\u00edcio","item":"https:\/\/lojasosprofessoratividades.com.br\/"},{"@type":"ListItem","position":2,"name":"Loja","item":"https:\/\/lojasosprofessoratividades.com.br\/loja\/"},{"@type":"ListItem","position":3,"name":"Dia da Escola \u2013 P\u00f4ster (Colorido e para Colorir)"}]},{"@type":"WebSite","@id":"https:\/\/lojasosprofessoratividades.com.br\/#website","url":"https:\/\/lojasosprofessoratividades.com.br\/","name":"Loja SOS Professor Atividades","description":"Venda de material did\u00e1tico para o ensino fundamental","publisher":{"@id":"https:\/\/lojasosprofessoratividades.com.br\/#organization"},"potentialAction":[{"@type":"SearchAction","target":{"@type":"EntryPoint","urlTemplate":"https:\/\/lojasosprofessoratividades.com.br\/?s={search_term_string}"},"query-input":{"@type":"PropertyValueSpecification","valueRequired":true,"valueName":"search_term_string"}}],"inLanguage":"en-US"},{"@type":"Organization","@id":"https:\/\/lojasosprofessoratividades.com.br\/#organization","name":"Loja SOS Professor Atividades","url":"https:\/\/lojasosprofessoratividades.com.br\/","logo":{"@type":"ImageObject","inLanguage":"en-US","@id":"https:\/\/lojasosprofessoratividades.com.br\/#\/schema\/logo\/image\/","url":"http:\/\/lojasosprofessoratividades.com.br\/wp-content\/uploads\/2022\/04\/Logo.png","contentUrl":"http:\/\/lojasosprofessoratividades.com.br\/wp-content\/uploads\/2022\/04\/Logo.png","width":2000,"height":2000,"caption":"Loja SOS Professor Atividades"},"image":{"@id":"https:\/\/lojasosprofessoratividades.com.br\/#\/schema\/logo\/image\/"},"sameAs":["https:\/\/www.facebook.com\/sosprofessoratividades","https:\/\/www.instagram.com\/sosprofessoratividades\/"]}]}},"_links":{"self":[{"href":"https:\/\/lojasosprofessoratividades.com.br\/en\/wp-json\/wp\/v2\/product\/38192","targetHints":{"allow":["GET"]}}],"collection":[{"href":"https:\/\/lojasosprofessoratividades.com.br\/en\/wp-json\/wp\/v2\/product"}],"about":[{"href":"https:\/\/lojasosprofessoratividades.com.br\/en\/wp-json\/wp\/v2\/types\/product"}],"replies":[{"embeddable":true,"href":"https:\/\/lojasosprofessoratividades.com.br\/en\/wp-json\/wp\/v2\/comments?post=38192"}],"wp:featuredmedia":[{"embeddable":true,"href":"https:\/\/lojasosprofessoratividades.com.br\/en\/wp-json\/wp\/v2\/media\/38193"}],"wp:attachment":[{"href":"https:\/\/lojasosprofessoratividades.com.br\/en\/wp-json\/wp\/v2\/media?parent=38192"}],"wp:term":[{"taxonomy":"product_brand","embeddable":true,"href":"https:\/\/lojasosprofessoratividades.com.br\/en\/wp-json\/wp\/v2\/product_brand?post=38192"},{"taxonomy":"product_cat","embeddable":true,"href":"https:\/\/lojasosprofessoratividades.com.br\/en\/wp-json\/wp\/v2\/product_cat?post=38192"},{"taxonomy":"product_tag","embeddable":true,"href":"https:\/\/lojasosprofessoratividades.com.br\/en\/wp-json\/wp\/v2\/product_tag?post=38192"}],"curies":[{"name":"wp","href":"https:\/\/api.w.org\/{rel}","templated":true}]}}