{"id":38243,"date":"2026-03-11T00:17:53","date_gmt":"2026-03-11T03:17:53","guid":{"rendered":"https:\/\/lojasosprofessoratividades.com.br\/?post_type=product&#038;p=38243"},"modified":"2026-03-11T18:39:56","modified_gmt":"2026-03-11T21:39:56","slug":"numeros-romanos-atividades-e-poster-educativo","status":"publish","type":"product","link":"https:\/\/lojasosprofessoratividades.com.br\/en\/product\/numeros-romanos-atividades-e-poster-educativo\/","title":{"rendered":"N\u00fameros Romanos \u2013 Atividades e P\u00f4ster Educativo"},"content":{"rendered":"","protected":false},"excerpt":{"rendered":"<p data-start=\"875\" data-end=\"1072\">Este <strong data-start=\"880\" data-end=\"907\">material pedag\u00f3gico <\/strong>foi desenvolvido para apoiar professores do Ensino Fundamental no trabalho com <strong data-start=\"987\" data-end=\"1041\">leitura, escrita e compreens\u00e3o dos n\u00fameros romanos<\/strong> de maneira clara e envolvente.<\/p>\n<p data-start=\"1074\" data-end=\"1194\">O material combina <strong data-start=\"1093\" data-end=\"1154\">atividades pr\u00e1ticas, recurso visual e proposta interativa<\/strong>, facilitando a aprendizagem dos alunos.<\/p>\n<p data-start=\"1196\" data-end=\"1297\">Ideal para trabalhar conte\u00fados de <strong data-start=\"1230\" data-end=\"1267\">Matem\u00e1tica e Hist\u00f3ria dos n\u00fameros<\/strong> em turmas do <strong data-start=\"1281\" data-end=\"1296\">4\u00ba e 5\u00ba ano<\/strong>.<\/p>\n<p data-start=\"1196\" data-end=\"1297\">Arquivo em PDF <em><strong>n\u00e3o<\/strong><\/em> edit\u00e1vel.<\/p>\n<h3 data-section-id=\"1ow84mf\" data-start=\"1304\" data-end=\"1342\">O que voc\u00ea encontrar\u00e1 neste material<\/h3>\n<p data-start=\"1344\" data-end=\"1665\">\u2714 <strong data-start=\"1346\" data-end=\"1399\">Atividade de leitura e escrita de n\u00fameros romanos<\/strong><br data-start=\"1399\" data-end=\"1402\" \/>\u2714 <strong data-start=\"1404\" data-end=\"1449\">Atividade interativa de recorte e colagem<\/strong><br data-start=\"1449\" data-end=\"1452\" \/>\u2714 <strong data-start=\"1454\" data-end=\"1479\">P\u00f4ster conceitual 2&#215;2<\/strong> com explica\u00e7\u00e3o dos n\u00fameros romanos<br data-start=\"1514\" data-end=\"1517\" \/>\u2714 <strong data-start=\"1519\" data-end=\"1548\">Vers\u00e3o colorida do p\u00f4ster<\/strong><br data-start=\"1548\" data-end=\"1551\" \/>\u2714 <strong data-start=\"1553\" data-end=\"1586\">Vers\u00e3o do p\u00f4ster para colorir<\/strong><br data-start=\"1586\" data-end=\"1589\" \/>\u2714 <strong data-start=\"1591\" data-end=\"1634\">Folhinha para colar no caderno do aluno<\/strong><br data-start=\"1634\" data-end=\"1637\" \/>\u2714 <strong data-start=\"1639\" data-end=\"1665\">Gabarito para corre\u00e7\u00e3o<\/strong><\/p>\n<h3>N\u00e3o enviamos por e-mail, a entrega \u00e9 via link para download.\u00a0<img decoding=\"async\" class=\"emoji\" role=\"img\" draggable=\"false\" src=\"https:\/\/s.w.org\/images\/core\/emoji\/16.0.1\/svg\/1f447.svg\" alt=\"\ud83d\udc47\" \/><\/h3>\n<p data-start=\"1344\" data-end=\"1665\"><img loading=\"lazy\" decoding=\"async\" class=\"alignnone wp-image-38009 size-full\" src=\"https:\/\/lojasosprofessoratividades.com.br\/wp-content\/uploads\/2026\/02\/Como-baixar-2.jpg\" alt=\"\" width=\"446\" height=\"251\" srcset=\"https:\/\/lojasosprofessoratividades.com.br\/wp-content\/uploads\/2026\/02\/Como-baixar-2.jpg 446w, https:\/\/lojasosprofessoratividades.com.br\/wp-content\/uploads\/2026\/02\/Como-baixar-2-300x169.jpg 300w, https:\/\/lojasosprofessoratividades.com.br\/wp-content\/uploads\/2026\/02\/Como-baixar-2-18x10.jpg 18w\" sizes=\"auto, (max-width: 446px) 100vw, 446px\" \/><\/p>","protected":false},"featured_media":38258,"comment_status":"open","ping_status":"closed","template":"","meta":[],"product_brand":[],"product_cat":[125,127,194,205,215,217],"product_tag":[3619,3616,3615,3613,3622,2008,2916,3624,3620,1330,3623,3617,3618,3621,3614],"class_list":{"0":"post-38243","1":"product","2":"type-product","3":"status-publish","4":"has-post-thumbnail","6":"product_cat-4o-ano","7":"product_cat-5o-ano","8":"product_cat-matematica-4-ano","9":"product_cat-matematica-5-ano","10":"product_cat-recursos-didaticos-4-ano","11":"product_cat-recursos-didaticos-5-ano","12":"product_tag-atividade-interativa-matematica","13":"product_tag-atividade-matematica-4o-ano","14":"product_tag-atividade-matematica-5o-ano","15":"product_tag-atividade-numeros-romanos","16":"product_tag-atividades-de-matematica-para-professores","17":"product_tag-atividades-prontas-para-imprimir","18":"product_tag-matematica-ensino-fundamental","19":"product_tag-matematica-fundamental-1","20":"product_tag-material-pedagogico-matematica","21":"product_tag-numeros-romanos","22":"product_tag-numeros-romanos-atividade-escolar","23":"product_tag-numeros-romanos-para-imprimir","24":"product_tag-poster-numeros-romanos","25":"product_tag-recurso-didatico-matematica","26":"product_tag-sistema-de-numeracao-romano","28":"first","29":"instock","30":"downloadable","31":"sold-individually","32":"shipping-taxable","33":"purchasable","34":"product-type-simple"},"yoast_head":"<!-- This site is optimized with the Yoast SEO plugin v27.5 - https:\/\/yoast.com\/product\/yoast-seo-wordpress\/ -->\n<title>N\u00fameros Romanos \u2013 Atividades e P\u00f4ster Educativo - Loja SOS Professor Atividades<\/title>\n<meta name=\"description\" content=\"Atividades de n\u00fameros romanos para o Ensino Fundamental: leitura, escrita, atividade interativa, p\u00f4ster 2x2 colorido e para colorir, folhinha e gabarito.\" \/>\n<meta name=\"robots\" content=\"index, follow, max-snippet:-1, max-image-preview:large, max-video-preview:-1\" \/>\n<link rel=\"canonical\" href=\"https:\/\/lojasosprofessoratividades.com.br\/en\/product\/numeros-romanos-atividades-e-poster-educativo\/\" \/>\n<meta property=\"og:locale\" content=\"en_US\" \/>\n<meta property=\"og:type\" content=\"article\" \/>\n<meta property=\"og:title\" content=\"N\u00fameros Romanos \u2013 Atividades e P\u00f4ster Educativo - Loja SOS Professor Atividades\" \/>\n<meta property=\"og:description\" content=\"Atividades de n\u00fameros romanos para o Ensino Fundamental: leitura, escrita, atividade interativa, p\u00f4ster 2x2 colorido e para colorir, folhinha e gabarito.\" \/>\n<meta property=\"og:url\" content=\"https:\/\/lojasosprofessoratividades.com.br\/en\/product\/numeros-romanos-atividades-e-poster-educativo\/\" \/>\n<meta property=\"og:site_name\" content=\"Loja SOS Professor Atividades\" \/>\n<meta property=\"article:publisher\" content=\"https:\/\/www.facebook.com\/sosprofessoratividades\" \/>\n<meta property=\"article:modified_time\" content=\"2026-03-11T21:39:56+00:00\" \/>\n<meta property=\"og:image\" content=\"https:\/\/lojasosprofessoratividades.com.br\/wp-content\/uploads\/2026\/03\/Numeros-Romanos-Atividades-e-Poster-Educativo.jpg\" \/>\n\t<meta property=\"og:image:width\" content=\"800\" \/>\n\t<meta property=\"og:image:height\" content=\"693\" \/>\n\t<meta property=\"og:image:type\" content=\"image\/jpeg\" \/>\n<meta name=\"twitter:card\" content=\"summary_large_image\" \/>\n<meta name=\"twitter:label1\" content=\"Est. reading time\" \/>\n\t<meta name=\"twitter:data1\" content=\"1 minute\" \/>\n<script type=\"application\/ld+json\" class=\"yoast-schema-graph\">{\"@context\":\"https:\\\/\\\/schema.org\",\"@graph\":[{\"@type\":\"WebPage\",\"@id\":\"https:\\\/\\\/lojasosprofessoratividades.com.br\\\/produto\\\/numeros-romanos-atividades-e-poster-educativo\\\/\",\"url\":\"https:\\\/\\\/lojasosprofessoratividades.com.br\\\/produto\\\/numeros-romanos-atividades-e-poster-educativo\\\/\",\"name\":\"N\u00fameros Romanos \u2013 Atividades e P\u00f4ster Educativo - Loja SOS Professor Atividades\",\"isPartOf\":{\"@id\":\"https:\\\/\\\/lojasosprofessoratividades.com.br\\\/#website\"},\"primaryImageOfPage\":{\"@id\":\"https:\\\/\\\/lojasosprofessoratividades.com.br\\\/produto\\\/numeros-romanos-atividades-e-poster-educativo\\\/#primaryimage\"},\"image\":{\"@id\":\"https:\\\/\\\/lojasosprofessoratividades.com.br\\\/produto\\\/numeros-romanos-atividades-e-poster-educativo\\\/#primaryimage\"},\"thumbnailUrl\":\"https:\\\/\\\/lojasosprofessoratividades.com.br\\\/wp-content\\\/uploads\\\/2026\\\/03\\\/Numeros-Romanos-Atividades-e-Poster-Educativo.jpg\",\"datePublished\":\"2026-03-11T03:17:53+00:00\",\"dateModified\":\"2026-03-11T21:39:56+00:00\",\"description\":\"Atividades de n\u00fameros romanos para o Ensino Fundamental: leitura, escrita, atividade interativa, p\u00f4ster 2x2 colorido e para colorir, folhinha e gabarito.\",\"breadcrumb\":{\"@id\":\"https:\\\/\\\/lojasosprofessoratividades.com.br\\\/produto\\\/numeros-romanos-atividades-e-poster-educativo\\\/#breadcrumb\"},\"inLanguage\":\"en-US\",\"potentialAction\":[{\"@type\":\"ReadAction\",\"target\":[\"https:\\\/\\\/lojasosprofessoratividades.com.br\\\/produto\\\/numeros-romanos-atividades-e-poster-educativo\\\/\"]}]},{\"@type\":\"ImageObject\",\"inLanguage\":\"en-US\",\"@id\":\"https:\\\/\\\/lojasosprofessoratividades.com.br\\\/produto\\\/numeros-romanos-atividades-e-poster-educativo\\\/#primaryimage\",\"url\":\"https:\\\/\\\/lojasosprofessoratividades.com.br\\\/wp-content\\\/uploads\\\/2026\\\/03\\\/Numeros-Romanos-Atividades-e-Poster-Educativo.jpg\",\"contentUrl\":\"https:\\\/\\\/lojasosprofessoratividades.com.br\\\/wp-content\\\/uploads\\\/2026\\\/03\\\/Numeros-Romanos-Atividades-e-Poster-Educativo.jpg\",\"width\":800,\"height\":693,\"caption\":\"N\u00fameros Romanos Atividades e P\u00f4ster Educativo\"},{\"@type\":\"BreadcrumbList\",\"@id\":\"https:\\\/\\\/lojasosprofessoratividades.com.br\\\/produto\\\/numeros-romanos-atividades-e-poster-educativo\\\/#breadcrumb\",\"itemListElement\":[{\"@type\":\"ListItem\",\"position\":1,\"name\":\"In\u00edcio\",\"item\":\"https:\\\/\\\/lojasosprofessoratividades.com.br\\\/\"},{\"@type\":\"ListItem\",\"position\":2,\"name\":\"Loja\",\"item\":\"https:\\\/\\\/lojasosprofessoratividades.com.br\\\/loja\\\/\"},{\"@type\":\"ListItem\",\"position\":3,\"name\":\"N\u00fameros Romanos \u2013 Atividades e P\u00f4ster Educativo\"}]},{\"@type\":\"WebSite\",\"@id\":\"https:\\\/\\\/lojasosprofessoratividades.com.br\\\/#website\",\"url\":\"https:\\\/\\\/lojasosprofessoratividades.com.br\\\/\",\"name\":\"Loja SOS Professor Atividades\",\"description\":\"Venda de material did\u00e1tico para o ensino fundamental\",\"publisher\":{\"@id\":\"https:\\\/\\\/lojasosprofessoratividades.com.br\\\/#organization\"},\"potentialAction\":[{\"@type\":\"SearchAction\",\"target\":{\"@type\":\"EntryPoint\",\"urlTemplate\":\"https:\\\/\\\/lojasosprofessoratividades.com.br\\\/?s={search_term_string}\"},\"query-input\":{\"@type\":\"PropertyValueSpecification\",\"valueRequired\":true,\"valueName\":\"search_term_string\"}}],\"inLanguage\":\"en-US\"},{\"@type\":\"Organization\",\"@id\":\"https:\\\/\\\/lojasosprofessoratividades.com.br\\\/#organization\",\"name\":\"Loja SOS Professor Atividades\",\"url\":\"https:\\\/\\\/lojasosprofessoratividades.com.br\\\/\",\"logo\":{\"@type\":\"ImageObject\",\"inLanguage\":\"en-US\",\"@id\":\"https:\\\/\\\/lojasosprofessoratividades.com.br\\\/#\\\/schema\\\/logo\\\/image\\\/\",\"url\":\"http:\\\/\\\/lojasosprofessoratividades.com.br\\\/wp-content\\\/uploads\\\/2022\\\/04\\\/Logo.png\",\"contentUrl\":\"http:\\\/\\\/lojasosprofessoratividades.com.br\\\/wp-content\\\/uploads\\\/2022\\\/04\\\/Logo.png\",\"width\":2000,\"height\":2000,\"caption\":\"Loja SOS Professor Atividades\"},\"image\":{\"@id\":\"https:\\\/\\\/lojasosprofessoratividades.com.br\\\/#\\\/schema\\\/logo\\\/image\\\/\"},\"sameAs\":[\"https:\\\/\\\/www.facebook.com\\\/sosprofessoratividades\",\"https:\\\/\\\/www.instagram.com\\\/sosprofessoratividades\\\/\"]}]}<\/script>\n<!-- \/ Yoast SEO plugin. -->","yoast_head_json":{"title":"N\u00fameros Romanos \u2013 Atividades e P\u00f4ster Educativo - Loja SOS Professor Atividades","description":"Atividades de n\u00fameros romanos para o Ensino Fundamental: leitura, escrita, atividade interativa, p\u00f4ster 2x2 colorido e para colorir, folhinha e gabarito.","robots":{"index":"index","follow":"follow","max-snippet":"max-snippet:-1","max-image-preview":"max-image-preview:large","max-video-preview":"max-video-preview:-1"},"canonical":"https:\/\/lojasosprofessoratividades.com.br\/en\/product\/numeros-romanos-atividades-e-poster-educativo\/","og_locale":"en_US","og_type":"article","og_title":"N\u00fameros Romanos \u2013 Atividades e P\u00f4ster Educativo - Loja SOS Professor Atividades","og_description":"Atividades de n\u00fameros romanos para o Ensino Fundamental: leitura, escrita, atividade interativa, p\u00f4ster 2x2 colorido e para colorir, folhinha e gabarito.","og_url":"https:\/\/lojasosprofessoratividades.com.br\/en\/product\/numeros-romanos-atividades-e-poster-educativo\/","og_site_name":"Loja SOS Professor Atividades","article_publisher":"https:\/\/www.facebook.com\/sosprofessoratividades","article_modified_time":"2026-03-11T21:39:56+00:00","og_image":[{"width":800,"height":693,"url":"https:\/\/lojasosprofessoratividades.com.br\/wp-content\/uploads\/2026\/03\/Numeros-Romanos-Atividades-e-Poster-Educativo.jpg","type":"image\/jpeg"}],"twitter_card":"summary_large_image","twitter_misc":{"Est. reading time":"1 minute"},"schema":{"@context":"https:\/\/schema.org","@graph":[{"@type":"WebPage","@id":"https:\/\/lojasosprofessoratividades.com.br\/produto\/numeros-romanos-atividades-e-poster-educativo\/","url":"https:\/\/lojasosprofessoratividades.com.br\/produto\/numeros-romanos-atividades-e-poster-educativo\/","name":"N\u00fameros Romanos \u2013 Atividades e P\u00f4ster Educativo - Loja SOS Professor Atividades","isPartOf":{"@id":"https:\/\/lojasosprofessoratividades.com.br\/#website"},"primaryImageOfPage":{"@id":"https:\/\/lojasosprofessoratividades.com.br\/produto\/numeros-romanos-atividades-e-poster-educativo\/#primaryimage"},"image":{"@id":"https:\/\/lojasosprofessoratividades.com.br\/produto\/numeros-romanos-atividades-e-poster-educativo\/#primaryimage"},"thumbnailUrl":"https:\/\/lojasosprofessoratividades.com.br\/wp-content\/uploads\/2026\/03\/Numeros-Romanos-Atividades-e-Poster-Educativo.jpg","datePublished":"2026-03-11T03:17:53+00:00","dateModified":"2026-03-11T21:39:56+00:00","description":"Atividades de n\u00fameros romanos para o Ensino Fundamental: leitura, escrita, atividade interativa, p\u00f4ster 2x2 colorido e para colorir, folhinha e gabarito.","breadcrumb":{"@id":"https:\/\/lojasosprofessoratividades.com.br\/produto\/numeros-romanos-atividades-e-poster-educativo\/#breadcrumb"},"inLanguage":"en-US","potentialAction":[{"@type":"ReadAction","target":["https:\/\/lojasosprofessoratividades.com.br\/produto\/numeros-romanos-atividades-e-poster-educativo\/"]}]},{"@type":"ImageObject","inLanguage":"en-US","@id":"https:\/\/lojasosprofessoratividades.com.br\/produto\/numeros-romanos-atividades-e-poster-educativo\/#primaryimage","url":"https:\/\/lojasosprofessoratividades.com.br\/wp-content\/uploads\/2026\/03\/Numeros-Romanos-Atividades-e-Poster-Educativo.jpg","contentUrl":"https:\/\/lojasosprofessoratividades.com.br\/wp-content\/uploads\/2026\/03\/Numeros-Romanos-Atividades-e-Poster-Educativo.jpg","width":800,"height":693,"caption":"N\u00fameros Romanos Atividades e P\u00f4ster Educativo"},{"@type":"BreadcrumbList","@id":"https:\/\/lojasosprofessoratividades.com.br\/produto\/numeros-romanos-atividades-e-poster-educativo\/#breadcrumb","itemListElement":[{"@type":"ListItem","position":1,"name":"In\u00edcio","item":"https:\/\/lojasosprofessoratividades.com.br\/"},{"@type":"ListItem","position":2,"name":"Loja","item":"https:\/\/lojasosprofessoratividades.com.br\/loja\/"},{"@type":"ListItem","position":3,"name":"N\u00fameros Romanos \u2013 Atividades e P\u00f4ster Educativo"}]},{"@type":"WebSite","@id":"https:\/\/lojasosprofessoratividades.com.br\/#website","url":"https:\/\/lojasosprofessoratividades.com.br\/","name":"Loja SOS Professor Atividades","description":"Venda de material did\u00e1tico para o ensino fundamental","publisher":{"@id":"https:\/\/lojasosprofessoratividades.com.br\/#organization"},"potentialAction":[{"@type":"SearchAction","target":{"@type":"EntryPoint","urlTemplate":"https:\/\/lojasosprofessoratividades.com.br\/?s={search_term_string}"},"query-input":{"@type":"PropertyValueSpecification","valueRequired":true,"valueName":"search_term_string"}}],"inLanguage":"en-US"},{"@type":"Organization","@id":"https:\/\/lojasosprofessoratividades.com.br\/#organization","name":"Loja SOS Professor Atividades","url":"https:\/\/lojasosprofessoratividades.com.br\/","logo":{"@type":"ImageObject","inLanguage":"en-US","@id":"https:\/\/lojasosprofessoratividades.com.br\/#\/schema\/logo\/image\/","url":"http:\/\/lojasosprofessoratividades.com.br\/wp-content\/uploads\/2022\/04\/Logo.png","contentUrl":"http:\/\/lojasosprofessoratividades.com.br\/wp-content\/uploads\/2022\/04\/Logo.png","width":2000,"height":2000,"caption":"Loja SOS Professor Atividades"},"image":{"@id":"https:\/\/lojasosprofessoratividades.com.br\/#\/schema\/logo\/image\/"},"sameAs":["https:\/\/www.facebook.com\/sosprofessoratividades","https:\/\/www.instagram.com\/sosprofessoratividades\/"]}]}},"_links":{"self":[{"href":"https:\/\/lojasosprofessoratividades.com.br\/en\/wp-json\/wp\/v2\/product\/38243","targetHints":{"allow":["GET"]}}],"collection":[{"href":"https:\/\/lojasosprofessoratividades.com.br\/en\/wp-json\/wp\/v2\/product"}],"about":[{"href":"https:\/\/lojasosprofessoratividades.com.br\/en\/wp-json\/wp\/v2\/types\/product"}],"replies":[{"embeddable":true,"href":"https:\/\/lojasosprofessoratividades.com.br\/en\/wp-json\/wp\/v2\/comments?post=38243"}],"wp:featuredmedia":[{"embeddable":true,"href":"https:\/\/lojasosprofessoratividades.com.br\/en\/wp-json\/wp\/v2\/media\/38258"}],"wp:attachment":[{"href":"https:\/\/lojasosprofessoratividades.com.br\/en\/wp-json\/wp\/v2\/media?parent=38243"}],"wp:term":[{"taxonomy":"product_brand","embeddable":true,"href":"https:\/\/lojasosprofessoratividades.com.br\/en\/wp-json\/wp\/v2\/product_brand?post=38243"},{"taxonomy":"product_cat","embeddable":true,"href":"https:\/\/lojasosprofessoratividades.com.br\/en\/wp-json\/wp\/v2\/product_cat?post=38243"},{"taxonomy":"product_tag","embeddable":true,"href":"https:\/\/lojasosprofessoratividades.com.br\/en\/wp-json\/wp\/v2\/product_tag?post=38243"}],"curies":[{"name":"wp","href":"https:\/\/api.w.org\/{rel}","templated":true}]}}